{"id":263625,"date":"2016-04-29T13:45:49","date_gmt":"2016-04-29T10:45:49","guid":{"rendered":"https:\/\/sharks.ee\/vunder_2019\/lv\/product\/veidosanas-masa-das-idea-mix-100g\/"},"modified":"2016-04-29T13:45:49","modified_gmt":"2016-04-29T10:45:49","slug":"veidosanas-masa-das-idea-mix-100g","status":"publish","type":"product","link":"https:\/\/hobstop.ee\/lv\/produkts\/veidosanas-masa-das-idea-mix-100g\/","title":{"rendered":"Veido\u0161anas masa DAS Idea Mix 100g"},"content":{"rendered":"<p>Das Idea Mix ir uz miner\u0101lb\u0101zes marmora m\u0101ls, kas sakalst gaisa ietekm\u0113. Var izmantot kop\u0101 ar balto vai terakotas DAS m\u0101lu, \u013caujot izveidot dabiskus un vienreiz\u0113jus efektus. Se\u0161os intens\u012bvos to\u0146os, kas atg\u0101dina dab\u0101 eso\u0161\u0101s marmora un akme\u0146u nokr\u0101sas, veidojot skaistas, vienkr\u0101sainas un daudzkr\u0101sainas st\u012bgas terakotas un balt\u0101 DAS m\u0101l\u0101. Dermatolo\u0123iski p\u0101rbaud\u012bts un nesatur glut\u0113nu. Viegli nomazg\u0101jams ar ziep\u0113m un siltu \u016bdeni no rok\u0101m; no liel\u0101k\u0101s da\u013cas audumu izmazg\u0101jams ve\u013cas ma\u0161\u012bn\u0101 pie 40\u00b0C. Iepakojum\u0101 ir 100g m\u0101la, ilustr\u0113ta instrukcija (ang\u013cu val.) un herm\u0113tisks trauks produkta svaiguma saglab\u0101\u0161anai p\u0113c atv\u0113r\u0161anas.<\/p>\n","protected":false},"excerpt":{"rendered":"<p>Das Idea Mix ir uz miner\u0101lb\u0101zes marmora m\u0101ls, kas sakalst gaisa ietekm\u0113. Var izmantot kop\u0101 ar balto vai terakotas DAS m\u0101lu, \u013caujot izveidot dabiskus un vienreiz\u0113jus efektus. Se\u0161os intens\u012bvos to\u0146os, kas atg\u0101dina dab\u0101 eso\u0161\u0101s marmora un akme\u0146u nokr\u0101sas, veidojot skaistas, vienkr\u0101sainas un daudzkr\u0101sainas st\u012bgas terakotas un balt\u0101 DAS m\u0101l\u0101. Dermatolo\u0123iski p\u0101rbaud\u012bts un nesatur glut\u0113nu. Viegli nomazg\u0101jams ar ziep\u0113m un siltu \u016bdeni no rok\u0101m; no liel\u0101k\u0101s da\u013cas audumu izmazg\u0101jams ve\u013cas ma\u0161\u012bn\u0101 pie 40\u00b0C. Iepakojum\u0101 ir 100g m\u0101la, ilustr\u0113ta instrukcija (ang\u013cu val.) un herm\u0113tisks trauks produkta svaiguma saglab\u0101\u0161anai p\u0113c atv\u0113r\u0161anas.<\/p>\n","protected":false},"featured_media":263661,"comment_status":"closed","ping_status":"closed","template":"","meta":{"_acf_changed":false,"ep_exclude_from_search":false},"product_cat":[18191,17918,20086],"product_tag":[],"class_list":{"0":"post-263625","1":"product","2":"type-product","3":"status-publish","4":"has-post-thumbnail","6":"product_cat-mali-2","7":"product_cat-preces-hobijiem","8":"product_cat-veidosanas-masas-un-piederumi-2","10":"first","11":"instock","12":"taxable","13":"shipping-taxable","14":"purchasable","15":"product-type-simple"},"acf":[],"yoast_head":"<!-- This site is optimized with the Yoast SEO plugin v24.1 - https:\/\/yoast.com\/wordpress\/plugins\/seo\/ -->\n<title>Veido\u0161anas masa DAS Idea Mix 100g &#8211; Skizze<\/title>\n<meta name=\"robots\" content=\"noindex, follow, max-snippet:-1, max-image-preview:large, max-video-preview:-1\" \/>\n<meta property=\"og:locale\" content=\"lv_LV\" \/>\n<meta property=\"og:type\" content=\"article\" \/>\n<meta property=\"og:title\" content=\"Veido\u0161anas masa DAS Idea Mix 100g &#8211; Skizze\" \/>\n<meta property=\"og:description\" content=\"Das Idea Mix ir uz miner\u0101lb\u0101zes marmora m\u0101ls, kas sakalst gaisa ietekm\u0113. Var izmantot kop\u0101 ar balto vai terakotas DAS m\u0101lu, \u013caujot izveidot dabiskus un vienreiz\u0113jus efektus. Se\u0161os intens\u012bvos to\u0146os, kas atg\u0101dina dab\u0101 eso\u0161\u0101s marmora un akme\u0146u nokr\u0101sas, veidojot skaistas, vienkr\u0101sainas un daudzkr\u0101sainas st\u012bgas terakotas un balt\u0101 DAS m\u0101l\u0101. Dermatolo\u0123iski p\u0101rbaud\u012bts un nesatur glut\u0113nu. Viegli nomazg\u0101jams ar ziep\u0113m un siltu \u016bdeni no rok\u0101m; no liel\u0101k\u0101s da\u013cas audumu izmazg\u0101jams ve\u013cas ma\u0161\u012bn\u0101 pie 40\u00b0C. Iepakojum\u0101 ir 100g m\u0101la, ilustr\u0113ta instrukcija (ang\u013cu val.) un herm\u0113tisks trauks produkta svaiguma saglab\u0101\u0161anai p\u0113c atv\u0113r\u0161anas.\" \/>\n<meta property=\"og:url\" content=\"https:\/\/hobstop.ee\/lv\/produkts\/veidosanas-masa-das-idea-mix-100g\/\" \/>\n<meta property=\"og:site_name\" content=\"Skizze\" \/>\n<meta property=\"article:publisher\" content=\"http:\/\/www.facebook.com\/VunderSkizze\" \/>\n<meta property=\"og:image\" content=\"https:\/\/hobstop.ee\/media\/4284.jpg\" \/>\n\t<meta property=\"og:image:width\" content=\"1024\" \/>\n\t<meta property=\"og:image:height\" content=\"768\" \/>\n\t<meta property=\"og:image:type\" content=\"image\/jpeg\" \/>\n<meta name=\"twitter:card\" content=\"summary_large_image\" \/>\n<meta name=\"twitter:label1\" content=\"Est. reading time\" \/>\n\t<meta name=\"twitter:data1\" content=\"1 min\u016b\u0161u\" \/>\n<script type=\"application\/ld+json\" class=\"yoast-schema-graph\">{\"@context\":\"https:\/\/schema.org\",\"@graph\":[{\"@type\":\"WebPage\",\"@id\":\"https:\/\/hobstop.ee\/lv\/produkts\/veidosanas-masa-das-idea-mix-100g\/\",\"url\":\"https:\/\/hobstop.ee\/lv\/produkts\/veidosanas-masa-das-idea-mix-100g\/\",\"name\":\"Veido\u0161anas masa DAS Idea Mix 100g &#8211; Skizze\",\"isPartOf\":{\"@id\":\"https:\/\/hobstop.ee\/lv\/#website\"},\"primaryImageOfPage\":{\"@id\":\"https:\/\/hobstop.ee\/lv\/produkts\/veidosanas-masa-das-idea-mix-100g\/#primaryimage\"},\"image\":{\"@id\":\"https:\/\/hobstop.ee\/lv\/produkts\/veidosanas-masa-das-idea-mix-100g\/#primaryimage\"},\"thumbnailUrl\":\"https:\/\/hobstop.ee\/media\/4284.jpg\",\"datePublished\":\"2016-04-29T10:45:49+00:00\",\"dateModified\":\"2016-04-29T10:45:49+00:00\",\"breadcrumb\":{\"@id\":\"https:\/\/hobstop.ee\/lv\/produkts\/veidosanas-masa-das-idea-mix-100g\/#breadcrumb\"},\"inLanguage\":\"lv-LV\",\"potentialAction\":[{\"@type\":\"ReadAction\",\"target\":[\"https:\/\/hobstop.ee\/lv\/produkts\/veidosanas-masa-das-idea-mix-100g\/\"]}]},{\"@type\":\"ImageObject\",\"inLanguage\":\"lv-LV\",\"@id\":\"https:\/\/hobstop.ee\/lv\/produkts\/veidosanas-masa-das-idea-mix-100g\/#primaryimage\",\"url\":\"https:\/\/hobstop.ee\/media\/4284.jpg\",\"contentUrl\":\"https:\/\/hobstop.ee\/media\/4284.jpg\",\"width\":1024,\"height\":768},{\"@type\":\"BreadcrumbList\",\"@id\":\"https:\/\/hobstop.ee\/lv\/produkts\/veidosanas-masa-das-idea-mix-100g\/#breadcrumb\",\"itemListElement\":[{\"@type\":\"ListItem\",\"position\":1,\"name\":\"Avaleht\",\"item\":\"https:\/\/www.hobstop.ee\/lv\/\"},{\"@type\":\"ListItem\",\"position\":2,\"name\":\"Veikals\",\"item\":\"https:\/\/www.hobstop.ee\/lv\/veikals\/\"},{\"@type\":\"ListItem\",\"position\":3,\"name\":\"Veido\u0161anas masa DAS Idea Mix 100g\"}]},{\"@type\":\"WebSite\",\"@id\":\"https:\/\/hobstop.ee\/lv\/#website\",\"url\":\"https:\/\/hobstop.ee\/lv\/\",\"name\":\"Skizze\",\"description\":\"M\u0101kslas, hobiju un skolas preces\",\"publisher\":{\"@id\":\"https:\/\/hobstop.ee\/lv\/#organization\"},\"potentialAction\":[{\"@type\":\"SearchAction\",\"target\":{\"@type\":\"EntryPoint\",\"urlTemplate\":\"https:\/\/hobstop.ee\/lv\/?s={search_term_string}\"},\"query-input\":{\"@type\":\"PropertyValueSpecification\",\"valueRequired\":true,\"valueName\":\"search_term_string\"}}],\"inLanguage\":\"lv-LV\"},{\"@type\":\"Organization\",\"@id\":\"https:\/\/hobstop.ee\/lv\/#organization\",\"name\":\"Vunder AS\",\"url\":\"https:\/\/hobstop.ee\/lv\/\",\"logo\":{\"@type\":\"ImageObject\",\"inLanguage\":\"lv-LV\",\"@id\":\"https:\/\/hobstop.ee\/lv\/#\/schema\/logo\/image\/\",\"url\":\"https:\/\/hobstop.ee\/media\/vunder-logo.png\",\"contentUrl\":\"https:\/\/hobstop.ee\/media\/vunder-logo.png\",\"width\":127,\"height\":55,\"caption\":\"Vunder AS\"},\"image\":{\"@id\":\"https:\/\/hobstop.ee\/lv\/#\/schema\/logo\/image\/\"},\"sameAs\":[\"http:\/\/www.facebook.com\/VunderSkizze\"]}]}<\/script>\n<!-- \/ Yoast SEO plugin. -->","yoast_head_json":{"title":"Veido\u0161anas masa DAS Idea Mix 100g &#8211; Skizze","robots":{"index":"noindex","follow":"follow","max-snippet":"max-snippet:-1","max-image-preview":"max-image-preview:large","max-video-preview":"max-video-preview:-1"},"og_locale":"lv_LV","og_type":"article","og_title":"Veido\u0161anas masa DAS Idea Mix 100g &#8211; Skizze","og_description":"Das Idea Mix ir uz miner\u0101lb\u0101zes marmora m\u0101ls, kas sakalst gaisa ietekm\u0113. Var izmantot kop\u0101 ar balto vai terakotas DAS m\u0101lu, \u013caujot izveidot dabiskus un vienreiz\u0113jus efektus. Se\u0161os intens\u012bvos to\u0146os, kas atg\u0101dina dab\u0101 eso\u0161\u0101s marmora un akme\u0146u nokr\u0101sas, veidojot skaistas, vienkr\u0101sainas un daudzkr\u0101sainas st\u012bgas terakotas un balt\u0101 DAS m\u0101l\u0101. Dermatolo\u0123iski p\u0101rbaud\u012bts un nesatur glut\u0113nu. Viegli nomazg\u0101jams ar ziep\u0113m un siltu \u016bdeni no rok\u0101m; no liel\u0101k\u0101s da\u013cas audumu izmazg\u0101jams ve\u013cas ma\u0161\u012bn\u0101 pie 40\u00b0C. Iepakojum\u0101 ir 100g m\u0101la, ilustr\u0113ta instrukcija (ang\u013cu val.) un herm\u0113tisks trauks produkta svaiguma saglab\u0101\u0161anai p\u0113c atv\u0113r\u0161anas.","og_url":"https:\/\/hobstop.ee\/lv\/produkts\/veidosanas-masa-das-idea-mix-100g\/","og_site_name":"Skizze","article_publisher":"http:\/\/www.facebook.com\/VunderSkizze","og_image":[{"width":1024,"height":768,"url":"https:\/\/hobstop.ee\/media\/4284.jpg","type":"image\/jpeg"}],"twitter_card":"summary_large_image","twitter_misc":{"Est. reading time":"1 min\u016b\u0161u"},"schema":{"@context":"https:\/\/schema.org","@graph":[{"@type":"WebPage","@id":"https:\/\/hobstop.ee\/lv\/produkts\/veidosanas-masa-das-idea-mix-100g\/","url":"https:\/\/hobstop.ee\/lv\/produkts\/veidosanas-masa-das-idea-mix-100g\/","name":"Veido\u0161anas masa DAS Idea Mix 100g &#8211; Skizze","isPartOf":{"@id":"https:\/\/hobstop.ee\/lv\/#website"},"primaryImageOfPage":{"@id":"https:\/\/hobstop.ee\/lv\/produkts\/veidosanas-masa-das-idea-mix-100g\/#primaryimage"},"image":{"@id":"https:\/\/hobstop.ee\/lv\/produkts\/veidosanas-masa-das-idea-mix-100g\/#primaryimage"},"thumbnailUrl":"https:\/\/hobstop.ee\/media\/4284.jpg","datePublished":"2016-04-29T10:45:49+00:00","dateModified":"2016-04-29T10:45:49+00:00","breadcrumb":{"@id":"https:\/\/hobstop.ee\/lv\/produkts\/veidosanas-masa-das-idea-mix-100g\/#breadcrumb"},"inLanguage":"lv-LV","potentialAction":[{"@type":"ReadAction","target":["https:\/\/hobstop.ee\/lv\/produkts\/veidosanas-masa-das-idea-mix-100g\/"]}]},{"@type":"ImageObject","inLanguage":"lv-LV","@id":"https:\/\/hobstop.ee\/lv\/produkts\/veidosanas-masa-das-idea-mix-100g\/#primaryimage","url":"https:\/\/hobstop.ee\/media\/4284.jpg","contentUrl":"https:\/\/hobstop.ee\/media\/4284.jpg","width":1024,"height":768},{"@type":"BreadcrumbList","@id":"https:\/\/hobstop.ee\/lv\/produkts\/veidosanas-masa-das-idea-mix-100g\/#breadcrumb","itemListElement":[{"@type":"ListItem","position":1,"name":"Avaleht","item":"https:\/\/www.hobstop.ee\/lv\/"},{"@type":"ListItem","position":2,"name":"Veikals","item":"https:\/\/www.hobstop.ee\/lv\/veikals\/"},{"@type":"ListItem","position":3,"name":"Veido\u0161anas masa DAS Idea Mix 100g"}]},{"@type":"WebSite","@id":"https:\/\/hobstop.ee\/lv\/#website","url":"https:\/\/hobstop.ee\/lv\/","name":"Skizze","description":"M\u0101kslas, hobiju un skolas preces","publisher":{"@id":"https:\/\/hobstop.ee\/lv\/#organization"},"potentialAction":[{"@type":"SearchAction","target":{"@type":"EntryPoint","urlTemplate":"https:\/\/hobstop.ee\/lv\/?s={search_term_string}"},"query-input":{"@type":"PropertyValueSpecification","valueRequired":true,"valueName":"search_term_string"}}],"inLanguage":"lv-LV"},{"@type":"Organization","@id":"https:\/\/hobstop.ee\/lv\/#organization","name":"Vunder AS","url":"https:\/\/hobstop.ee\/lv\/","logo":{"@type":"ImageObject","inLanguage":"lv-LV","@id":"https:\/\/hobstop.ee\/lv\/#\/schema\/logo\/image\/","url":"https:\/\/hobstop.ee\/media\/vunder-logo.png","contentUrl":"https:\/\/hobstop.ee\/media\/vunder-logo.png","width":127,"height":55,"caption":"Vunder AS"},"image":{"@id":"https:\/\/hobstop.ee\/lv\/#\/schema\/logo\/image\/"},"sameAs":["http:\/\/www.facebook.com\/VunderSkizze"]}]}},"_links":{"self":[{"href":"https:\/\/hobstop.ee\/lv\/wp-json\/wp\/v2\/product\/263625","targetHints":{"allow":["GET"]}}],"collection":[{"href":"https:\/\/hobstop.ee\/lv\/wp-json\/wp\/v2\/product"}],"about":[{"href":"https:\/\/hobstop.ee\/lv\/wp-json\/wp\/v2\/types\/product"}],"replies":[{"embeddable":true,"href":"https:\/\/hobstop.ee\/lv\/wp-json\/wp\/v2\/comments?post=263625"}],"wp:featuredmedia":[{"embeddable":true,"href":"https:\/\/hobstop.ee\/lv\/wp-json\/wp\/v2\/media\/263661"}],"wp:attachment":[{"href":"https:\/\/hobstop.ee\/lv\/wp-json\/wp\/v2\/media?parent=263625"}],"wp:term":[{"taxonomy":"product_cat","embeddable":true,"href":"https:\/\/hobstop.ee\/lv\/wp-json\/wp\/v2\/product_cat?post=263625"},{"taxonomy":"product_tag","embeddable":true,"href":"https:\/\/hobstop.ee\/lv\/wp-json\/wp\/v2\/product_tag?post=263625"}],"curies":[{"name":"wp","href":"https:\/\/api.w.org\/{rel}","templated":true}]}}