{"id":263774,"date":"2016-05-03T13:41:34","date_gmt":"2016-05-03T10:41:34","guid":{"rendered":"https:\/\/sharks.ee\/vunder_2019\/lv\/product\/washi-limlente-mt-tadanori-yokoo\/"},"modified":"2016-05-03T13:41:34","modified_gmt":"2016-05-03T10:41:34","slug":"washi-limlente-mt-tadanori-yokoo","status":"publish","type":"product","link":"https:\/\/hobstop.ee\/lv\/produkts\/washi-limlente-mt-tadanori-yokoo\/","title":{"rendered":"Washi l\u012bmlente mt Tadanori Yokoo"},"content":{"rendered":"<p>Jap\u0101n\u0101 rad\u012bt\u0101 Washi l\u012bmlente ir piem\u0113rota visda\u017e\u0101d\u0101ko priek\u0161metu dekor\u0113\u0161anai \u2013 s\u0101kot no k\u0101rb\u0101m un atkl\u0101tn\u0113m l\u012bdz pat traukiem un m\u0113bel\u0113m.  To var lietot uz da\u017e\u0101d\u0101m virsm\u0101m, piem., uz pap\u012bra, koka, met\u0101la, porcel\u0101na, stikla u.c. L\u012bmlentes r\u016bpniecisk\u0101s ra\u017eo\u0161anas process nodro\u0161ina \u012bpa\u0161i labu kvalit\u0101ti un iztur\u012bbu apvienojum\u0101 ar izcili pl\u0101nu formu. Lieliski l\u012bpo\u0161o lenti var vajadz\u012bbas gad\u012bjum\u0101 viegli no\u0146emt no virsmas, neatst\u0101jot l\u012bmes p\u0113das. 1995. gad\u0101 vi\u0146am pie\u0161\u0137\u012bra Mainichi m\u0101kslas godalgu, 2001. gad\u0101 &#8211; Purpura lentas meda\u013cu, 2008. gad\u0101 &#8211; 36. Izumi-Kyoka rakstniec\u012bbas godalgu (par st\u0101stiem \u201eZil\u0101 zeme\u201c), 2011. gad\u0101 &#8211;  Uzleco\u0161\u0101s Saules R\u012bkojuma Zelta staru rozeti, k\u0101 ar\u012b v\u0113l taj\u0101 pa\u0161\u0101 gad\u0101 v\u0113l vienu Asahi godalgu un 2014. gad\u0101 Yamana godalgu no rekl\u0101mas m\u0101ksliniekiem.<br \/>\nTadanori Yokoo dzimis Hyogo prefekt\u016br\u0101 1936. gad\u0101. 1972. gad\u0101 notika vi\u0146a person\u0101lizst\u0101de \u0145ujorkas Modern\u0101s m\u0101kslas muzej\u0101 (MoMA). Kop\u0161 t\u0101 laika vi\u0146\u0161 ir starptautiska v\u0113riena m\u0101kslinieks, kura darbi biju\u0161i izst\u0101d\u012bti daudzu pils\u0113tu bienn\u0101l\u0113s, k\u0101 piem\u0113ram, Par\u012bz\u0113, Ven\u0113cij\u0101 un Sanpaulu, un kura person\u0101lizst\u0101des r\u012bkotas daudzos muzejos \u0101rpus Jap\u0101nas, piem\u0113ram, Amsterdam\u0101 Stedelijk Museum un Par\u012bz\u0113 Fondation Cartier pour l\u2019art contemporain.<\/p>\n","protected":false},"excerpt":{"rendered":"<p>Jap\u0101n\u0101 rad\u012bt\u0101 Washi l\u012bmlente ir piem\u0113rota visda\u017e\u0101d\u0101ko priek\u0161metu dekor\u0113\u0161anai \u2013 s\u0101kot no k\u0101rb\u0101m un atkl\u0101tn\u0113m l\u012bdz pat traukiem un m\u0113bel\u0113m. To var lietot uz da\u017e\u0101d\u0101m virsm\u0101m, piem., uz pap\u012bra, koka, met\u0101la, porcel\u0101na, stikla u.c. L\u012bmlentes r\u016bpniecisk\u0101s ra\u017eo\u0161anas process nodro\u0161ina \u012bpa\u0161i labu kvalit\u0101ti un iztur\u012bbu apvienojum\u0101 ar izcili pl\u0101nu formu. Lieliski l\u012bpo\u0161o lenti var vajadz\u012bbas gad\u012bjum\u0101 viegli no\u0146emt no virsmas, neatst\u0101jot l\u012bmes p\u0113das. 1995. gad\u0101 vi\u0146am pie\u0161\u0137\u012bra Mainichi m\u0101kslas godalgu, 2001. gad\u0101 &#8211; Purpura lentas meda\u013cu, 2008. gad\u0101 &#8211; 36. Izumi-Kyoka rakstniec\u012bbas godalgu (par st\u0101stiem \u201eZil\u0101 zeme\u201c), 2011. gad\u0101 &#8211; Uzleco\u0161\u0101s Saules R\u012bkojuma Zelta staru rozeti, k\u0101 ar\u012b v\u0113l taj\u0101 pa\u0161\u0101 gad\u0101 v\u0113l vienu Asahi godalgu un 2014. gad\u0101 Yamana godalgu no rekl\u0101mas m\u0101ksliniekiem. Tadanori Yokoo dzimis Hyogo prefekt\u016br\u0101 1936. gad\u0101. 1972. gad\u0101 notika vi\u0146a person\u0101lizst\u0101de \u0145ujorkas Modern\u0101s m\u0101kslas muzej\u0101 (MoMA). Kop\u0161 t\u0101 laika vi\u0146\u0161 ir starptautiska v\u0113riena m\u0101kslinieks, kura darbi biju\u0161i izst\u0101d\u012bti daudzu pils\u0113tu bienn\u0101l\u0113s, k\u0101 piem\u0113ram, Par\u012bz\u0113, Ven\u0113cij\u0101 un Sanpaulu, un kura person\u0101lizst\u0101des r\u012bkotas daudzos muzejos \u0101rpus Jap\u0101nas, piem\u0113ram, Amsterdam\u0101 Stedelijk Museum un Par\u012bz\u0113 Fondation Cartier pour l\u2019art contemporain.<\/p>\n","protected":false},"featured_media":263806,"comment_status":"closed","ping_status":"closed","template":"","meta":{"_acf_changed":false,"ep_exclude_from_search":false},"product_cat":[17968,17918,18598],"product_tag":[],"class_list":{"0":"post-263774","1":"product","2":"type-product","3":"status-publish","4":"has-post-thumbnail","6":"product_cat-citi-piederumi","7":"product_cat-preces-hobijiem","8":"product_cat-washi-limlentes","10":"first","11":"instock","12":"taxable","13":"shipping-taxable","14":"product-type-simple"},"acf":[],"yoast_head":"<!-- This site is optimized with the Yoast SEO plugin v24.1 - https:\/\/yoast.com\/wordpress\/plugins\/seo\/ -->\n<title>Washi l\u012bmlente mt Tadanori Yokoo &#8211; Skizze<\/title>\n<meta name=\"robots\" content=\"noindex, follow, max-snippet:-1, max-image-preview:large, max-video-preview:-1\" \/>\n<meta property=\"og:locale\" content=\"lv_LV\" \/>\n<meta property=\"og:type\" content=\"article\" \/>\n<meta property=\"og:title\" content=\"Washi l\u012bmlente mt Tadanori Yokoo &#8211; Skizze\" \/>\n<meta property=\"og:description\" content=\"Jap\u0101n\u0101 rad\u012bt\u0101 Washi l\u012bmlente ir piem\u0113rota visda\u017e\u0101d\u0101ko priek\u0161metu dekor\u0113\u0161anai \u2013 s\u0101kot no k\u0101rb\u0101m un atkl\u0101tn\u0113m l\u012bdz pat traukiem un m\u0113bel\u0113m. To var lietot uz da\u017e\u0101d\u0101m virsm\u0101m, piem., uz pap\u012bra, koka, met\u0101la, porcel\u0101na, stikla u.c. L\u012bmlentes r\u016bpniecisk\u0101s ra\u017eo\u0161anas process nodro\u0161ina \u012bpa\u0161i labu kvalit\u0101ti un iztur\u012bbu apvienojum\u0101 ar izcili pl\u0101nu formu. Lieliski l\u012bpo\u0161o lenti var vajadz\u012bbas gad\u012bjum\u0101 viegli no\u0146emt no virsmas, neatst\u0101jot l\u012bmes p\u0113das. 1995. gad\u0101 vi\u0146am pie\u0161\u0137\u012bra Mainichi m\u0101kslas godalgu, 2001. gad\u0101 &#8211; Purpura lentas meda\u013cu, 2008. gad\u0101 &#8211; 36. Izumi-Kyoka rakstniec\u012bbas godalgu (par st\u0101stiem \u201eZil\u0101 zeme\u201c), 2011. gad\u0101 &#8211; Uzleco\u0161\u0101s Saules R\u012bkojuma Zelta staru rozeti, k\u0101 ar\u012b v\u0113l taj\u0101 pa\u0161\u0101 gad\u0101 v\u0113l vienu Asahi godalgu un 2014. gad\u0101 Yamana godalgu no rekl\u0101mas m\u0101ksliniekiem. Tadanori Yokoo dzimis Hyogo prefekt\u016br\u0101 1936. gad\u0101. 1972. gad\u0101 notika vi\u0146a person\u0101lizst\u0101de \u0145ujorkas Modern\u0101s m\u0101kslas muzej\u0101 (MoMA). Kop\u0161 t\u0101 laika vi\u0146\u0161 ir starptautiska v\u0113riena m\u0101kslinieks, kura darbi biju\u0161i izst\u0101d\u012bti daudzu pils\u0113tu bienn\u0101l\u0113s, k\u0101 piem\u0113ram, Par\u012bz\u0113, Ven\u0113cij\u0101 un Sanpaulu, un kura person\u0101lizst\u0101des r\u012bkotas daudzos muzejos \u0101rpus Jap\u0101nas, piem\u0113ram, Amsterdam\u0101 Stedelijk Museum un Par\u012bz\u0113 Fondation Cartier pour l\u2019art contemporain.\" \/>\n<meta property=\"og:url\" content=\"https:\/\/hobstop.ee\/lv\/produkts\/washi-limlente-mt-tadanori-yokoo\/\" \/>\n<meta property=\"og:site_name\" content=\"Skizze\" \/>\n<meta property=\"article:publisher\" content=\"http:\/\/www.facebook.com\/VunderSkizze\" \/>\n<meta property=\"og:image\" content=\"https:\/\/hobstop.ee\/media\/4278.jpg\" \/>\n\t<meta property=\"og:image:width\" content=\"1024\" \/>\n\t<meta property=\"og:image:height\" content=\"768\" \/>\n\t<meta property=\"og:image:type\" content=\"image\/jpeg\" \/>\n<meta name=\"twitter:card\" content=\"summary_large_image\" \/>\n<meta name=\"twitter:label1\" content=\"Est. reading time\" \/>\n\t<meta name=\"twitter:data1\" content=\"1 min\u016b\u0161u\" \/>\n<script type=\"application\/ld+json\" class=\"yoast-schema-graph\">{\"@context\":\"https:\/\/schema.org\",\"@graph\":[{\"@type\":\"WebPage\",\"@id\":\"https:\/\/hobstop.ee\/lv\/produkts\/washi-limlente-mt-tadanori-yokoo\/\",\"url\":\"https:\/\/hobstop.ee\/lv\/produkts\/washi-limlente-mt-tadanori-yokoo\/\",\"name\":\"Washi l\u012bmlente mt Tadanori Yokoo &#8211; Skizze\",\"isPartOf\":{\"@id\":\"https:\/\/hobstop.ee\/lv\/#website\"},\"primaryImageOfPage\":{\"@id\":\"https:\/\/hobstop.ee\/lv\/produkts\/washi-limlente-mt-tadanori-yokoo\/#primaryimage\"},\"image\":{\"@id\":\"https:\/\/hobstop.ee\/lv\/produkts\/washi-limlente-mt-tadanori-yokoo\/#primaryimage\"},\"thumbnailUrl\":\"https:\/\/hobstop.ee\/media\/4278.jpg\",\"datePublished\":\"2016-05-03T10:41:34+00:00\",\"dateModified\":\"2016-05-03T10:41:34+00:00\",\"breadcrumb\":{\"@id\":\"https:\/\/hobstop.ee\/lv\/produkts\/washi-limlente-mt-tadanori-yokoo\/#breadcrumb\"},\"inLanguage\":\"lv-LV\",\"potentialAction\":[{\"@type\":\"ReadAction\",\"target\":[\"https:\/\/hobstop.ee\/lv\/produkts\/washi-limlente-mt-tadanori-yokoo\/\"]}]},{\"@type\":\"ImageObject\",\"inLanguage\":\"lv-LV\",\"@id\":\"https:\/\/hobstop.ee\/lv\/produkts\/washi-limlente-mt-tadanori-yokoo\/#primaryimage\",\"url\":\"https:\/\/hobstop.ee\/media\/4278.jpg\",\"contentUrl\":\"https:\/\/hobstop.ee\/media\/4278.jpg\",\"width\":1024,\"height\":768},{\"@type\":\"BreadcrumbList\",\"@id\":\"https:\/\/hobstop.ee\/lv\/produkts\/washi-limlente-mt-tadanori-yokoo\/#breadcrumb\",\"itemListElement\":[{\"@type\":\"ListItem\",\"position\":1,\"name\":\"Avaleht\",\"item\":\"https:\/\/hobstop.ee\/lv\/\"},{\"@type\":\"ListItem\",\"position\":2,\"name\":\"Veikals\",\"item\":\"https:\/\/hobstop.ee\/lv\/veikals\/\"},{\"@type\":\"ListItem\",\"position\":3,\"name\":\"Washi l\u012bmlente mt Tadanori Yokoo\"}]},{\"@type\":\"WebSite\",\"@id\":\"https:\/\/hobstop.ee\/lv\/#website\",\"url\":\"https:\/\/hobstop.ee\/lv\/\",\"name\":\"Skizze\",\"description\":\"M\u0101kslas, hobiju un skolas preces\",\"publisher\":{\"@id\":\"https:\/\/hobstop.ee\/lv\/#organization\"},\"potentialAction\":[{\"@type\":\"SearchAction\",\"target\":{\"@type\":\"EntryPoint\",\"urlTemplate\":\"https:\/\/hobstop.ee\/lv\/?s={search_term_string}\"},\"query-input\":{\"@type\":\"PropertyValueSpecification\",\"valueRequired\":true,\"valueName\":\"search_term_string\"}}],\"inLanguage\":\"lv-LV\"},{\"@type\":\"Organization\",\"@id\":\"https:\/\/hobstop.ee\/lv\/#organization\",\"name\":\"Vunder AS\",\"url\":\"https:\/\/hobstop.ee\/lv\/\",\"logo\":{\"@type\":\"ImageObject\",\"inLanguage\":\"lv-LV\",\"@id\":\"https:\/\/hobstop.ee\/lv\/#\/schema\/logo\/image\/\",\"url\":\"https:\/\/hobstop.ee\/media\/vunder-logo.png\",\"contentUrl\":\"https:\/\/hobstop.ee\/media\/vunder-logo.png\",\"width\":127,\"height\":55,\"caption\":\"Vunder AS\"},\"image\":{\"@id\":\"https:\/\/hobstop.ee\/lv\/#\/schema\/logo\/image\/\"},\"sameAs\":[\"http:\/\/www.facebook.com\/VunderSkizze\"]}]}<\/script>\n<!-- \/ Yoast SEO plugin. -->","yoast_head_json":{"title":"Washi l\u012bmlente mt Tadanori Yokoo &#8211; Skizze","robots":{"index":"noindex","follow":"follow","max-snippet":"max-snippet:-1","max-image-preview":"max-image-preview:large","max-video-preview":"max-video-preview:-1"},"og_locale":"lv_LV","og_type":"article","og_title":"Washi l\u012bmlente mt Tadanori Yokoo &#8211; Skizze","og_description":"Jap\u0101n\u0101 rad\u012bt\u0101 Washi l\u012bmlente ir piem\u0113rota visda\u017e\u0101d\u0101ko priek\u0161metu dekor\u0113\u0161anai \u2013 s\u0101kot no k\u0101rb\u0101m un atkl\u0101tn\u0113m l\u012bdz pat traukiem un m\u0113bel\u0113m. To var lietot uz da\u017e\u0101d\u0101m virsm\u0101m, piem., uz pap\u012bra, koka, met\u0101la, porcel\u0101na, stikla u.c. L\u012bmlentes r\u016bpniecisk\u0101s ra\u017eo\u0161anas process nodro\u0161ina \u012bpa\u0161i labu kvalit\u0101ti un iztur\u012bbu apvienojum\u0101 ar izcili pl\u0101nu formu. Lieliski l\u012bpo\u0161o lenti var vajadz\u012bbas gad\u012bjum\u0101 viegli no\u0146emt no virsmas, neatst\u0101jot l\u012bmes p\u0113das. 1995. gad\u0101 vi\u0146am pie\u0161\u0137\u012bra Mainichi m\u0101kslas godalgu, 2001. gad\u0101 &#8211; Purpura lentas meda\u013cu, 2008. gad\u0101 &#8211; 36. Izumi-Kyoka rakstniec\u012bbas godalgu (par st\u0101stiem \u201eZil\u0101 zeme\u201c), 2011. gad\u0101 &#8211; Uzleco\u0161\u0101s Saules R\u012bkojuma Zelta staru rozeti, k\u0101 ar\u012b v\u0113l taj\u0101 pa\u0161\u0101 gad\u0101 v\u0113l vienu Asahi godalgu un 2014. gad\u0101 Yamana godalgu no rekl\u0101mas m\u0101ksliniekiem. Tadanori Yokoo dzimis Hyogo prefekt\u016br\u0101 1936. gad\u0101. 1972. gad\u0101 notika vi\u0146a person\u0101lizst\u0101de \u0145ujorkas Modern\u0101s m\u0101kslas muzej\u0101 (MoMA). Kop\u0161 t\u0101 laika vi\u0146\u0161 ir starptautiska v\u0113riena m\u0101kslinieks, kura darbi biju\u0161i izst\u0101d\u012bti daudzu pils\u0113tu bienn\u0101l\u0113s, k\u0101 piem\u0113ram, Par\u012bz\u0113, Ven\u0113cij\u0101 un Sanpaulu, un kura person\u0101lizst\u0101des r\u012bkotas daudzos muzejos \u0101rpus Jap\u0101nas, piem\u0113ram, Amsterdam\u0101 Stedelijk Museum un Par\u012bz\u0113 Fondation Cartier pour l\u2019art contemporain.","og_url":"https:\/\/hobstop.ee\/lv\/produkts\/washi-limlente-mt-tadanori-yokoo\/","og_site_name":"Skizze","article_publisher":"http:\/\/www.facebook.com\/VunderSkizze","og_image":[{"width":1024,"height":768,"url":"https:\/\/hobstop.ee\/media\/4278.jpg","type":"image\/jpeg"}],"twitter_card":"summary_large_image","twitter_misc":{"Est. reading time":"1 min\u016b\u0161u"},"schema":{"@context":"https:\/\/schema.org","@graph":[{"@type":"WebPage","@id":"https:\/\/hobstop.ee\/lv\/produkts\/washi-limlente-mt-tadanori-yokoo\/","url":"https:\/\/hobstop.ee\/lv\/produkts\/washi-limlente-mt-tadanori-yokoo\/","name":"Washi l\u012bmlente mt Tadanori Yokoo &#8211; Skizze","isPartOf":{"@id":"https:\/\/hobstop.ee\/lv\/#website"},"primaryImageOfPage":{"@id":"https:\/\/hobstop.ee\/lv\/produkts\/washi-limlente-mt-tadanori-yokoo\/#primaryimage"},"image":{"@id":"https:\/\/hobstop.ee\/lv\/produkts\/washi-limlente-mt-tadanori-yokoo\/#primaryimage"},"thumbnailUrl":"https:\/\/hobstop.ee\/media\/4278.jpg","datePublished":"2016-05-03T10:41:34+00:00","dateModified":"2016-05-03T10:41:34+00:00","breadcrumb":{"@id":"https:\/\/hobstop.ee\/lv\/produkts\/washi-limlente-mt-tadanori-yokoo\/#breadcrumb"},"inLanguage":"lv-LV","potentialAction":[{"@type":"ReadAction","target":["https:\/\/hobstop.ee\/lv\/produkts\/washi-limlente-mt-tadanori-yokoo\/"]}]},{"@type":"ImageObject","inLanguage":"lv-LV","@id":"https:\/\/hobstop.ee\/lv\/produkts\/washi-limlente-mt-tadanori-yokoo\/#primaryimage","url":"https:\/\/hobstop.ee\/media\/4278.jpg","contentUrl":"https:\/\/hobstop.ee\/media\/4278.jpg","width":1024,"height":768},{"@type":"BreadcrumbList","@id":"https:\/\/hobstop.ee\/lv\/produkts\/washi-limlente-mt-tadanori-yokoo\/#breadcrumb","itemListElement":[{"@type":"ListItem","position":1,"name":"Avaleht","item":"https:\/\/hobstop.ee\/lv\/"},{"@type":"ListItem","position":2,"name":"Veikals","item":"https:\/\/hobstop.ee\/lv\/veikals\/"},{"@type":"ListItem","position":3,"name":"Washi l\u012bmlente mt Tadanori Yokoo"}]},{"@type":"WebSite","@id":"https:\/\/hobstop.ee\/lv\/#website","url":"https:\/\/hobstop.ee\/lv\/","name":"Skizze","description":"M\u0101kslas, hobiju un skolas preces","publisher":{"@id":"https:\/\/hobstop.ee\/lv\/#organization"},"potentialAction":[{"@type":"SearchAction","target":{"@type":"EntryPoint","urlTemplate":"https:\/\/hobstop.ee\/lv\/?s={search_term_string}"},"query-input":{"@type":"PropertyValueSpecification","valueRequired":true,"valueName":"search_term_string"}}],"inLanguage":"lv-LV"},{"@type":"Organization","@id":"https:\/\/hobstop.ee\/lv\/#organization","name":"Vunder AS","url":"https:\/\/hobstop.ee\/lv\/","logo":{"@type":"ImageObject","inLanguage":"lv-LV","@id":"https:\/\/hobstop.ee\/lv\/#\/schema\/logo\/image\/","url":"https:\/\/hobstop.ee\/media\/vunder-logo.png","contentUrl":"https:\/\/hobstop.ee\/media\/vunder-logo.png","width":127,"height":55,"caption":"Vunder AS"},"image":{"@id":"https:\/\/hobstop.ee\/lv\/#\/schema\/logo\/image\/"},"sameAs":["http:\/\/www.facebook.com\/VunderSkizze"]}]}},"_links":{"self":[{"href":"https:\/\/hobstop.ee\/lv\/wp-json\/wp\/v2\/product\/263774","targetHints":{"allow":["GET"]}}],"collection":[{"href":"https:\/\/hobstop.ee\/lv\/wp-json\/wp\/v2\/product"}],"about":[{"href":"https:\/\/hobstop.ee\/lv\/wp-json\/wp\/v2\/types\/product"}],"replies":[{"embeddable":true,"href":"https:\/\/hobstop.ee\/lv\/wp-json\/wp\/v2\/comments?post=263774"}],"wp:featuredmedia":[{"embeddable":true,"href":"https:\/\/hobstop.ee\/lv\/wp-json\/wp\/v2\/media\/263806"}],"wp:attachment":[{"href":"https:\/\/hobstop.ee\/lv\/wp-json\/wp\/v2\/media?parent=263774"}],"wp:term":[{"taxonomy":"product_cat","embeddable":true,"href":"https:\/\/hobstop.ee\/lv\/wp-json\/wp\/v2\/product_cat?post=263774"},{"taxonomy":"product_tag","embeddable":true,"href":"https:\/\/hobstop.ee\/lv\/wp-json\/wp\/v2\/product_tag?post=263774"}],"curies":[{"name":"wp","href":"https:\/\/api.w.org\/{rel}","templated":true}]}}