{"id":263778,"date":"2016-05-03T13:41:35","date_gmt":"2016-05-03T10:41:35","guid":{"rendered":"https:\/\/sharks.ee\/vunder_2019\/lv\/product\/washi-limlente-mt-mizumaru-anzai\/"},"modified":"2016-05-03T13:41:35","modified_gmt":"2016-05-03T10:41:35","slug":"washi-limlente-mt-mizumaru-anzai","status":"publish","type":"product","link":"https:\/\/hobstop.ee\/lv\/produkts\/washi-limlente-mt-mizumaru-anzai\/","title":{"rendered":"Washi l\u012bmlente mt Mizumaru Anzai"},"content":{"rendered":"<p>Jap\u0101n\u0101 rad\u012bt\u0101 Washi l\u012bmlente ir piem\u0113rota visda\u017e\u0101d\u0101ko priek\u0161metu dekor\u0113\u0161anai \u2013 s\u0101kot no k\u0101rb\u0101m un atkl\u0101tn\u0113m l\u012bdz pat traukiem un m\u0113bel\u0113m.  To var lietot uz da\u017e\u0101d\u0101m virsm\u0101m, piem., uz pap\u012bra, koka, met\u0101la, porcel\u0101na, stikla u.c. L\u012bmlentes r\u016bpniecisk\u0101s ra\u017eo\u0161anas process nodro\u0161ina \u012bpa\u0161i labu kvalit\u0101ti un iztur\u012bbu apvienojum\u0101 ar izcili pl\u0101nu formu.  Lieliski l\u012bpo\u0161o lenti var vajadz\u012bbas gad\u012bjum\u0101 viegli no\u0146emt no virsmas, neatst\u0101jot l\u012bmes p\u0113das.<br \/>\nIlustrators Mizumaru Anzai dzimis 1942. gad\u0101 Tokij\u0101, Jap\u0101n\u0101. Vi\u0146\u0161 pabeidza Nihonas Augstskolas M\u0101kslas koled\u017eas T\u0113lot\u0101jm\u0101kslas noda\u013cu. P\u0113c darba Dentsu rekl\u0101mas biroj\u0101 un \u0145ujork\u0101 un Heibon\u0161\u0101 eso\u0161aj\u0101 dizaina studij\u0101 ADAC k\u0101 m\u0101kslinieciskais vad\u012bt\u0101js vi\u0146\u0161 turpin\u0101ja darboties k\u0101 \u0101r\u0161tata dizaineris. Vi\u0146\u0161 ir ieguvis Asahi rekl\u0101mas balvu, Mainichi rekl\u0101mas dizaina godalgu, JAGDA izst\u0101des 1987. gad\u0101 m\u0101kslinieku godalgu un 1988. gad\u0101 Kinema Jumpo las\u012bt\u0101ju godalgu. Vi\u0146\u0161 ir rad\u012bjis daudz bil\u017eu gr\u0101matu un komiksus, sarakst\u012bjis esejas un rom\u0101nus. Vi\u0146\u0161 darbojies Tokijas Ilustratoru savien\u012bb\u0101 (TIS), Jap\u0101nas grafisko dizaineru asoci\u0101cij\u0101 (JAGDA), Jap\u0101nas Rakstnieku savien\u012bb\u0101, Jap\u0101nas PEN klub\u0101, k\u0101 ar\u012b bijis Jap\u0101nas Snowdome asoci\u0101cijas Curried Rice asoci\u0101cijas prezidents.<\/p>\n","protected":false},"excerpt":{"rendered":"<p>Jap\u0101n\u0101 rad\u012bt\u0101 Washi l\u012bmlente ir piem\u0113rota visda\u017e\u0101d\u0101ko priek\u0161metu dekor\u0113\u0161anai \u2013 s\u0101kot no k\u0101rb\u0101m un atkl\u0101tn\u0113m l\u012bdz pat traukiem un m\u0113bel\u0113m. To var lietot uz da\u017e\u0101d\u0101m virsm\u0101m, piem., uz pap\u012bra, koka, met\u0101la, porcel\u0101na, stikla u.c. L\u012bmlentes r\u016bpniecisk\u0101s ra\u017eo\u0161anas process nodro\u0161ina \u012bpa\u0161i labu kvalit\u0101ti un iztur\u012bbu apvienojum\u0101 ar izcili pl\u0101nu formu. Lieliski l\u012bpo\u0161o lenti var vajadz\u012bbas gad\u012bjum\u0101 viegli no\u0146emt no virsmas, neatst\u0101jot l\u012bmes p\u0113das. Ilustrators Mizumaru Anzai dzimis 1942. gad\u0101 Tokij\u0101, Jap\u0101n\u0101. Vi\u0146\u0161 pabeidza Nihonas Augstskolas M\u0101kslas koled\u017eas T\u0113lot\u0101jm\u0101kslas noda\u013cu. P\u0113c darba Dentsu rekl\u0101mas biroj\u0101 un \u0145ujork\u0101 un Heibon\u0161\u0101 eso\u0161aj\u0101 dizaina studij\u0101 ADAC k\u0101 m\u0101kslinieciskais vad\u012bt\u0101js vi\u0146\u0161 turpin\u0101ja darboties k\u0101 \u0101r\u0161tata dizaineris. Vi\u0146\u0161 ir ieguvis Asahi rekl\u0101mas balvu, Mainichi rekl\u0101mas dizaina godalgu, JAGDA izst\u0101des 1987. gad\u0101 m\u0101kslinieku godalgu un 1988. gad\u0101 Kinema Jumpo las\u012bt\u0101ju godalgu. Vi\u0146\u0161 ir rad\u012bjis daudz bil\u017eu gr\u0101matu un komiksus, sarakst\u012bjis esejas un rom\u0101nus. Vi\u0146\u0161 darbojies Tokijas Ilustratoru savien\u012bb\u0101 (TIS), Jap\u0101nas grafisko dizaineru asoci\u0101cij\u0101 (JAGDA), Jap\u0101nas Rakstnieku savien\u012bb\u0101, Jap\u0101nas PEN klub\u0101, k\u0101 ar\u012b bijis Jap\u0101nas Snowdome asoci\u0101cijas Curried Rice asoci\u0101cijas prezidents.<\/p>\n","protected":false},"featured_media":263810,"comment_status":"closed","ping_status":"closed","template":"","meta":{"_acf_changed":false,"ep_exclude_from_search":false},"product_cat":[17968,17918,18598],"product_tag":[],"class_list":{"0":"post-263778","1":"product","2":"type-product","3":"status-publish","4":"has-post-thumbnail","6":"product_cat-citi-piederumi","7":"product_cat-preces-hobijiem","8":"product_cat-washi-limlentes","10":"first","11":"instock","12":"taxable","13":"shipping-taxable","14":"product-type-simple"},"acf":[],"yoast_head":"<!-- This site is optimized with the Yoast SEO plugin v24.1 - https:\/\/yoast.com\/wordpress\/plugins\/seo\/ -->\n<title>Washi l\u012bmlente mt Mizumaru Anzai  &#8211; Skizze<\/title>\n<meta name=\"robots\" content=\"noindex, follow, max-snippet:-1, max-image-preview:large, max-video-preview:-1\" \/>\n<meta property=\"og:locale\" content=\"lv_LV\" \/>\n<meta property=\"og:type\" content=\"article\" \/>\n<meta property=\"og:title\" content=\"Washi l\u012bmlente mt Mizumaru Anzai  &#8211; Skizze\" \/>\n<meta property=\"og:description\" content=\"Jap\u0101n\u0101 rad\u012bt\u0101 Washi l\u012bmlente ir piem\u0113rota visda\u017e\u0101d\u0101ko priek\u0161metu dekor\u0113\u0161anai \u2013 s\u0101kot no k\u0101rb\u0101m un atkl\u0101tn\u0113m l\u012bdz pat traukiem un m\u0113bel\u0113m. To var lietot uz da\u017e\u0101d\u0101m virsm\u0101m, piem., uz pap\u012bra, koka, met\u0101la, porcel\u0101na, stikla u.c. L\u012bmlentes r\u016bpniecisk\u0101s ra\u017eo\u0161anas process nodro\u0161ina \u012bpa\u0161i labu kvalit\u0101ti un iztur\u012bbu apvienojum\u0101 ar izcili pl\u0101nu formu. Lieliski l\u012bpo\u0161o lenti var vajadz\u012bbas gad\u012bjum\u0101 viegli no\u0146emt no virsmas, neatst\u0101jot l\u012bmes p\u0113das. Ilustrators Mizumaru Anzai dzimis 1942. gad\u0101 Tokij\u0101, Jap\u0101n\u0101. Vi\u0146\u0161 pabeidza Nihonas Augstskolas M\u0101kslas koled\u017eas T\u0113lot\u0101jm\u0101kslas noda\u013cu. P\u0113c darba Dentsu rekl\u0101mas biroj\u0101 un \u0145ujork\u0101 un Heibon\u0161\u0101 eso\u0161aj\u0101 dizaina studij\u0101 ADAC k\u0101 m\u0101kslinieciskais vad\u012bt\u0101js vi\u0146\u0161 turpin\u0101ja darboties k\u0101 \u0101r\u0161tata dizaineris. Vi\u0146\u0161 ir ieguvis Asahi rekl\u0101mas balvu, Mainichi rekl\u0101mas dizaina godalgu, JAGDA izst\u0101des 1987. gad\u0101 m\u0101kslinieku godalgu un 1988. gad\u0101 Kinema Jumpo las\u012bt\u0101ju godalgu. Vi\u0146\u0161 ir rad\u012bjis daudz bil\u017eu gr\u0101matu un komiksus, sarakst\u012bjis esejas un rom\u0101nus. Vi\u0146\u0161 darbojies Tokijas Ilustratoru savien\u012bb\u0101 (TIS), Jap\u0101nas grafisko dizaineru asoci\u0101cij\u0101 (JAGDA), Jap\u0101nas Rakstnieku savien\u012bb\u0101, Jap\u0101nas PEN klub\u0101, k\u0101 ar\u012b bijis Jap\u0101nas Snowdome asoci\u0101cijas Curried Rice asoci\u0101cijas prezidents.\" \/>\n<meta property=\"og:url\" content=\"https:\/\/hobstop.ee\/lv\/produkts\/washi-limlente-mt-mizumaru-anzai\/\" \/>\n<meta property=\"og:site_name\" content=\"Skizze\" \/>\n<meta property=\"article:publisher\" content=\"http:\/\/www.facebook.com\/VunderSkizze\" \/>\n<meta property=\"og:image\" content=\"https:\/\/hobstop.ee\/media\/4279.jpg\" \/>\n\t<meta property=\"og:image:width\" content=\"1024\" \/>\n\t<meta property=\"og:image:height\" content=\"768\" \/>\n\t<meta property=\"og:image:type\" content=\"image\/jpeg\" \/>\n<meta name=\"twitter:card\" content=\"summary_large_image\" \/>\n<meta name=\"twitter:label1\" content=\"Est. reading time\" \/>\n\t<meta name=\"twitter:data1\" content=\"1 min\u016b\u0161u\" \/>\n<script type=\"application\/ld+json\" class=\"yoast-schema-graph\">{\"@context\":\"https:\/\/schema.org\",\"@graph\":[{\"@type\":\"WebPage\",\"@id\":\"https:\/\/hobstop.ee\/lv\/produkts\/washi-limlente-mt-mizumaru-anzai\/\",\"url\":\"https:\/\/hobstop.ee\/lv\/produkts\/washi-limlente-mt-mizumaru-anzai\/\",\"name\":\"Washi l\u012bmlente mt Mizumaru Anzai &#8211; Skizze\",\"isPartOf\":{\"@id\":\"https:\/\/hobstop.ee\/lv\/#website\"},\"primaryImageOfPage\":{\"@id\":\"https:\/\/hobstop.ee\/lv\/produkts\/washi-limlente-mt-mizumaru-anzai\/#primaryimage\"},\"image\":{\"@id\":\"https:\/\/hobstop.ee\/lv\/produkts\/washi-limlente-mt-mizumaru-anzai\/#primaryimage\"},\"thumbnailUrl\":\"https:\/\/hobstop.ee\/media\/4279.jpg\",\"datePublished\":\"2016-05-03T10:41:35+00:00\",\"dateModified\":\"2016-05-03T10:41:35+00:00\",\"breadcrumb\":{\"@id\":\"https:\/\/hobstop.ee\/lv\/produkts\/washi-limlente-mt-mizumaru-anzai\/#breadcrumb\"},\"inLanguage\":\"lv-LV\",\"potentialAction\":[{\"@type\":\"ReadAction\",\"target\":[\"https:\/\/hobstop.ee\/lv\/produkts\/washi-limlente-mt-mizumaru-anzai\/\"]}]},{\"@type\":\"ImageObject\",\"inLanguage\":\"lv-LV\",\"@id\":\"https:\/\/hobstop.ee\/lv\/produkts\/washi-limlente-mt-mizumaru-anzai\/#primaryimage\",\"url\":\"https:\/\/hobstop.ee\/media\/4279.jpg\",\"contentUrl\":\"https:\/\/hobstop.ee\/media\/4279.jpg\",\"width\":1024,\"height\":768},{\"@type\":\"BreadcrumbList\",\"@id\":\"https:\/\/hobstop.ee\/lv\/produkts\/washi-limlente-mt-mizumaru-anzai\/#breadcrumb\",\"itemListElement\":[{\"@type\":\"ListItem\",\"position\":1,\"name\":\"Avaleht\",\"item\":\"https:\/\/www.hobstop.ee\/lv\/\"},{\"@type\":\"ListItem\",\"position\":2,\"name\":\"Veikals\",\"item\":\"https:\/\/www.hobstop.ee\/lv\/veikals\/\"},{\"@type\":\"ListItem\",\"position\":3,\"name\":\"Washi l\u012bmlente mt Mizumaru Anzai\"}]},{\"@type\":\"WebSite\",\"@id\":\"https:\/\/hobstop.ee\/lv\/#website\",\"url\":\"https:\/\/hobstop.ee\/lv\/\",\"name\":\"Skizze\",\"description\":\"M\u0101kslas, hobiju un skolas preces\",\"publisher\":{\"@id\":\"https:\/\/hobstop.ee\/lv\/#organization\"},\"potentialAction\":[{\"@type\":\"SearchAction\",\"target\":{\"@type\":\"EntryPoint\",\"urlTemplate\":\"https:\/\/hobstop.ee\/lv\/?s={search_term_string}\"},\"query-input\":{\"@type\":\"PropertyValueSpecification\",\"valueRequired\":true,\"valueName\":\"search_term_string\"}}],\"inLanguage\":\"lv-LV\"},{\"@type\":\"Organization\",\"@id\":\"https:\/\/hobstop.ee\/lv\/#organization\",\"name\":\"Vunder AS\",\"url\":\"https:\/\/hobstop.ee\/lv\/\",\"logo\":{\"@type\":\"ImageObject\",\"inLanguage\":\"lv-LV\",\"@id\":\"https:\/\/hobstop.ee\/lv\/#\/schema\/logo\/image\/\",\"url\":\"https:\/\/hobstop.ee\/media\/vunder-logo.png\",\"contentUrl\":\"https:\/\/hobstop.ee\/media\/vunder-logo.png\",\"width\":127,\"height\":55,\"caption\":\"Vunder AS\"},\"image\":{\"@id\":\"https:\/\/hobstop.ee\/lv\/#\/schema\/logo\/image\/\"},\"sameAs\":[\"http:\/\/www.facebook.com\/VunderSkizze\"]}]}<\/script>\n<!-- \/ Yoast SEO plugin. -->","yoast_head_json":{"title":"Washi l\u012bmlente mt Mizumaru Anzai  &#8211; Skizze","robots":{"index":"noindex","follow":"follow","max-snippet":"max-snippet:-1","max-image-preview":"max-image-preview:large","max-video-preview":"max-video-preview:-1"},"og_locale":"lv_LV","og_type":"article","og_title":"Washi l\u012bmlente mt Mizumaru Anzai  &#8211; Skizze","og_description":"Jap\u0101n\u0101 rad\u012bt\u0101 Washi l\u012bmlente ir piem\u0113rota visda\u017e\u0101d\u0101ko priek\u0161metu dekor\u0113\u0161anai \u2013 s\u0101kot no k\u0101rb\u0101m un atkl\u0101tn\u0113m l\u012bdz pat traukiem un m\u0113bel\u0113m. To var lietot uz da\u017e\u0101d\u0101m virsm\u0101m, piem., uz pap\u012bra, koka, met\u0101la, porcel\u0101na, stikla u.c. L\u012bmlentes r\u016bpniecisk\u0101s ra\u017eo\u0161anas process nodro\u0161ina \u012bpa\u0161i labu kvalit\u0101ti un iztur\u012bbu apvienojum\u0101 ar izcili pl\u0101nu formu. Lieliski l\u012bpo\u0161o lenti var vajadz\u012bbas gad\u012bjum\u0101 viegli no\u0146emt no virsmas, neatst\u0101jot l\u012bmes p\u0113das. Ilustrators Mizumaru Anzai dzimis 1942. gad\u0101 Tokij\u0101, Jap\u0101n\u0101. Vi\u0146\u0161 pabeidza Nihonas Augstskolas M\u0101kslas koled\u017eas T\u0113lot\u0101jm\u0101kslas noda\u013cu. P\u0113c darba Dentsu rekl\u0101mas biroj\u0101 un \u0145ujork\u0101 un Heibon\u0161\u0101 eso\u0161aj\u0101 dizaina studij\u0101 ADAC k\u0101 m\u0101kslinieciskais vad\u012bt\u0101js vi\u0146\u0161 turpin\u0101ja darboties k\u0101 \u0101r\u0161tata dizaineris. Vi\u0146\u0161 ir ieguvis Asahi rekl\u0101mas balvu, Mainichi rekl\u0101mas dizaina godalgu, JAGDA izst\u0101des 1987. gad\u0101 m\u0101kslinieku godalgu un 1988. gad\u0101 Kinema Jumpo las\u012bt\u0101ju godalgu. Vi\u0146\u0161 ir rad\u012bjis daudz bil\u017eu gr\u0101matu un komiksus, sarakst\u012bjis esejas un rom\u0101nus. Vi\u0146\u0161 darbojies Tokijas Ilustratoru savien\u012bb\u0101 (TIS), Jap\u0101nas grafisko dizaineru asoci\u0101cij\u0101 (JAGDA), Jap\u0101nas Rakstnieku savien\u012bb\u0101, Jap\u0101nas PEN klub\u0101, k\u0101 ar\u012b bijis Jap\u0101nas Snowdome asoci\u0101cijas Curried Rice asoci\u0101cijas prezidents.","og_url":"https:\/\/hobstop.ee\/lv\/produkts\/washi-limlente-mt-mizumaru-anzai\/","og_site_name":"Skizze","article_publisher":"http:\/\/www.facebook.com\/VunderSkizze","og_image":[{"width":1024,"height":768,"url":"https:\/\/hobstop.ee\/media\/4279.jpg","type":"image\/jpeg"}],"twitter_card":"summary_large_image","twitter_misc":{"Est. reading time":"1 min\u016b\u0161u"},"schema":{"@context":"https:\/\/schema.org","@graph":[{"@type":"WebPage","@id":"https:\/\/hobstop.ee\/lv\/produkts\/washi-limlente-mt-mizumaru-anzai\/","url":"https:\/\/hobstop.ee\/lv\/produkts\/washi-limlente-mt-mizumaru-anzai\/","name":"Washi l\u012bmlente mt Mizumaru Anzai &#8211; Skizze","isPartOf":{"@id":"https:\/\/hobstop.ee\/lv\/#website"},"primaryImageOfPage":{"@id":"https:\/\/hobstop.ee\/lv\/produkts\/washi-limlente-mt-mizumaru-anzai\/#primaryimage"},"image":{"@id":"https:\/\/hobstop.ee\/lv\/produkts\/washi-limlente-mt-mizumaru-anzai\/#primaryimage"},"thumbnailUrl":"https:\/\/hobstop.ee\/media\/4279.jpg","datePublished":"2016-05-03T10:41:35+00:00","dateModified":"2016-05-03T10:41:35+00:00","breadcrumb":{"@id":"https:\/\/hobstop.ee\/lv\/produkts\/washi-limlente-mt-mizumaru-anzai\/#breadcrumb"},"inLanguage":"lv-LV","potentialAction":[{"@type":"ReadAction","target":["https:\/\/hobstop.ee\/lv\/produkts\/washi-limlente-mt-mizumaru-anzai\/"]}]},{"@type":"ImageObject","inLanguage":"lv-LV","@id":"https:\/\/hobstop.ee\/lv\/produkts\/washi-limlente-mt-mizumaru-anzai\/#primaryimage","url":"https:\/\/hobstop.ee\/media\/4279.jpg","contentUrl":"https:\/\/hobstop.ee\/media\/4279.jpg","width":1024,"height":768},{"@type":"BreadcrumbList","@id":"https:\/\/hobstop.ee\/lv\/produkts\/washi-limlente-mt-mizumaru-anzai\/#breadcrumb","itemListElement":[{"@type":"ListItem","position":1,"name":"Avaleht","item":"https:\/\/www.hobstop.ee\/lv\/"},{"@type":"ListItem","position":2,"name":"Veikals","item":"https:\/\/www.hobstop.ee\/lv\/veikals\/"},{"@type":"ListItem","position":3,"name":"Washi l\u012bmlente mt Mizumaru Anzai"}]},{"@type":"WebSite","@id":"https:\/\/hobstop.ee\/lv\/#website","url":"https:\/\/hobstop.ee\/lv\/","name":"Skizze","description":"M\u0101kslas, hobiju un skolas preces","publisher":{"@id":"https:\/\/hobstop.ee\/lv\/#organization"},"potentialAction":[{"@type":"SearchAction","target":{"@type":"EntryPoint","urlTemplate":"https:\/\/hobstop.ee\/lv\/?s={search_term_string}"},"query-input":{"@type":"PropertyValueSpecification","valueRequired":true,"valueName":"search_term_string"}}],"inLanguage":"lv-LV"},{"@type":"Organization","@id":"https:\/\/hobstop.ee\/lv\/#organization","name":"Vunder AS","url":"https:\/\/hobstop.ee\/lv\/","logo":{"@type":"ImageObject","inLanguage":"lv-LV","@id":"https:\/\/hobstop.ee\/lv\/#\/schema\/logo\/image\/","url":"https:\/\/hobstop.ee\/media\/vunder-logo.png","contentUrl":"https:\/\/hobstop.ee\/media\/vunder-logo.png","width":127,"height":55,"caption":"Vunder AS"},"image":{"@id":"https:\/\/hobstop.ee\/lv\/#\/schema\/logo\/image\/"},"sameAs":["http:\/\/www.facebook.com\/VunderSkizze"]}]}},"_links":{"self":[{"href":"https:\/\/hobstop.ee\/lv\/wp-json\/wp\/v2\/product\/263778","targetHints":{"allow":["GET"]}}],"collection":[{"href":"https:\/\/hobstop.ee\/lv\/wp-json\/wp\/v2\/product"}],"about":[{"href":"https:\/\/hobstop.ee\/lv\/wp-json\/wp\/v2\/types\/product"}],"replies":[{"embeddable":true,"href":"https:\/\/hobstop.ee\/lv\/wp-json\/wp\/v2\/comments?post=263778"}],"wp:featuredmedia":[{"embeddable":true,"href":"https:\/\/hobstop.ee\/lv\/wp-json\/wp\/v2\/media\/263810"}],"wp:attachment":[{"href":"https:\/\/hobstop.ee\/lv\/wp-json\/wp\/v2\/media?parent=263778"}],"wp:term":[{"taxonomy":"product_cat","embeddable":true,"href":"https:\/\/hobstop.ee\/lv\/wp-json\/wp\/v2\/product_cat?post=263778"},{"taxonomy":"product_tag","embeddable":true,"href":"https:\/\/hobstop.ee\/lv\/wp-json\/wp\/v2\/product_tag?post=263778"}],"curies":[{"name":"wp","href":"https:\/\/api.w.org\/{rel}","templated":true}]}}