{"id":264273,"date":"2016-05-06T15:28:15","date_gmt":"2016-05-06T12:28:15","guid":{"rendered":"https:\/\/sharks.ee\/vunder_2019\/lv\/product\/washi-limlente-mt-alain-gree\/"},"modified":"2016-05-06T15:28:15","modified_gmt":"2016-05-06T12:28:15","slug":"washi-limlente-mt-alain-gree","status":"publish","type":"product","link":"https:\/\/hobstop.ee\/lv\/produkts\/washi-limlente-mt-alain-gree\/","title":{"rendered":"Washi l\u012bmlente mt Alain Gree"},"content":{"rendered":"<p>Jap\u0101n\u0101 rad\u012bt\u0101 Washi l\u012bmlente ir piem\u0113rota visda\u017e\u0101d\u0101ko priek\u0161metu dekor\u0113\u0161anai \u2013 s\u0101kot no k\u0101rb\u0101m un atkl\u0101tn\u0113m l\u012bdz pat traukiem un m\u0113bel\u0113m.  To var lietot uz da\u017e\u0101d\u0101m virsm\u0101m, piem., uz pap\u012bra, koka, met\u0101la, porcel\u0101na, stikla u.c. L\u012bmlentes r\u016bpniecisk\u0101s ra\u017eo\u0161anas process nodro\u0161ina \u012bpa\u0161i labu kvalit\u0101ti un iztur\u012bbu apvienojum\u0101 ar izcili pl\u0101nu formu.  Lieliski l\u012bpo\u0161o lenti var vajadz\u012bbas gad\u012bjum\u0101 viegli no\u0146emt no virsmas, neatst\u0101jot l\u012bmes p\u0113das.<br \/>\nAlain Gr\u00e9e ir fran\u010du bil\u017eu gr\u0101matu veidot\u0101js un ilustrators, kas piedzima Par\u012bzes priek\u0161pils\u0113t\u0101 Eaubonn\u0101 1936. gada 21. j\u016blij\u0101. P\u0113c Par\u012bzes Lieti\u0161\u0137\u0101s m\u0101kslas vidusskolas grafikas noda\u013cas pabeig\u0161anas vi\u0146\u0161 iest\u0101j\u0101s Par\u012bzes T\u0113lot\u0101jm\u0101kslas skol\u0101. P\u0113c \u0161\u012bs skolas pabeig\u0161anas vi\u0146\u0161 uzs\u0101ka veidot b\u0113rniem \u201ejautras m\u0101c\u012bbu gr\u0101matas\u201c, kas tolaik Francij\u0101 nebija \u012bpa\u0161i izplat\u012btas. \u0160obr\u012bd vi\u0146\u0161 ir vado\u0161ais grafiskais dizaineris, k\u0101 ar\u012b druk\u0101to izdevumu, tai skait\u0101 rekl\u0101mu redaktors.<\/p>\n","protected":false},"excerpt":{"rendered":"<p>Jap\u0101n\u0101 rad\u012bt\u0101 Washi l\u012bmlente ir piem\u0113rota visda\u017e\u0101d\u0101ko priek\u0161metu dekor\u0113\u0161anai \u2013 s\u0101kot no k\u0101rb\u0101m un atkl\u0101tn\u0113m l\u012bdz pat traukiem un m\u0113bel\u0113m. To var lietot uz da\u017e\u0101d\u0101m virsm\u0101m, piem., uz pap\u012bra, koka, met\u0101la, porcel\u0101na, stikla u.c. L\u012bmlentes r\u016bpniecisk\u0101s ra\u017eo\u0161anas process nodro\u0161ina \u012bpa\u0161i labu kvalit\u0101ti un iztur\u012bbu apvienojum\u0101 ar izcili pl\u0101nu formu. Lieliski l\u012bpo\u0161o lenti var vajadz\u012bbas gad\u012bjum\u0101 viegli no\u0146emt no virsmas, neatst\u0101jot l\u012bmes p\u0113das. Alain Gr\u00e9e ir fran\u010du bil\u017eu gr\u0101matu veidot\u0101js un ilustrators, kas piedzima Par\u012bzes priek\u0161pils\u0113t\u0101 Eaubonn\u0101 1936. gada 21. j\u016blij\u0101. P\u0113c Par\u012bzes Lieti\u0161\u0137\u0101s m\u0101kslas vidusskolas grafikas noda\u013cas pabeig\u0161anas vi\u0146\u0161 iest\u0101j\u0101s Par\u012bzes T\u0113lot\u0101jm\u0101kslas skol\u0101. P\u0113c \u0161\u012bs skolas pabeig\u0161anas vi\u0146\u0161 uzs\u0101ka veidot b\u0113rniem \u201ejautras m\u0101c\u012bbu gr\u0101matas\u201c, kas tolaik Francij\u0101 nebija \u012bpa\u0161i izplat\u012btas. \u0160obr\u012bd vi\u0146\u0161 ir vado\u0161ais grafiskais dizaineris, k\u0101 ar\u012b druk\u0101to izdevumu, tai skait\u0101 rekl\u0101mu redaktors.<\/p>\n","protected":false},"featured_media":264321,"comment_status":"closed","ping_status":"closed","template":"","meta":{"_acf_changed":false,"ep_exclude_from_search":false},"product_cat":[17968,17918,18598],"product_tag":[],"class_list":{"0":"post-264273","1":"product","2":"type-product","3":"status-publish","4":"has-post-thumbnail","6":"product_cat-citi-piederumi","7":"product_cat-preces-hobijiem","8":"product_cat-washi-limlentes","10":"first","11":"instock","12":"taxable","13":"shipping-taxable","14":"purchasable","15":"product-type-simple"},"acf":[],"yoast_head":"<!-- This site is optimized with the Yoast SEO plugin v24.1 - https:\/\/yoast.com\/wordpress\/plugins\/seo\/ -->\n<title>Washi l\u012bmlente mt Alain Gree &#8211; Skizze<\/title>\n<meta name=\"robots\" content=\"noindex, follow, max-snippet:-1, max-image-preview:large, max-video-preview:-1\" \/>\n<meta property=\"og:locale\" content=\"lv_LV\" \/>\n<meta property=\"og:type\" content=\"article\" \/>\n<meta property=\"og:title\" content=\"Washi l\u012bmlente mt Alain Gree &#8211; Skizze\" \/>\n<meta property=\"og:description\" content=\"Jap\u0101n\u0101 rad\u012bt\u0101 Washi l\u012bmlente ir piem\u0113rota visda\u017e\u0101d\u0101ko priek\u0161metu dekor\u0113\u0161anai \u2013 s\u0101kot no k\u0101rb\u0101m un atkl\u0101tn\u0113m l\u012bdz pat traukiem un m\u0113bel\u0113m. To var lietot uz da\u017e\u0101d\u0101m virsm\u0101m, piem., uz pap\u012bra, koka, met\u0101la, porcel\u0101na, stikla u.c. L\u012bmlentes r\u016bpniecisk\u0101s ra\u017eo\u0161anas process nodro\u0161ina \u012bpa\u0161i labu kvalit\u0101ti un iztur\u012bbu apvienojum\u0101 ar izcili pl\u0101nu formu. Lieliski l\u012bpo\u0161o lenti var vajadz\u012bbas gad\u012bjum\u0101 viegli no\u0146emt no virsmas, neatst\u0101jot l\u012bmes p\u0113das. Alain Gr\u00e9e ir fran\u010du bil\u017eu gr\u0101matu veidot\u0101js un ilustrators, kas piedzima Par\u012bzes priek\u0161pils\u0113t\u0101 Eaubonn\u0101 1936. gada 21. j\u016blij\u0101. P\u0113c Par\u012bzes Lieti\u0161\u0137\u0101s m\u0101kslas vidusskolas grafikas noda\u013cas pabeig\u0161anas vi\u0146\u0161 iest\u0101j\u0101s Par\u012bzes T\u0113lot\u0101jm\u0101kslas skol\u0101. P\u0113c \u0161\u012bs skolas pabeig\u0161anas vi\u0146\u0161 uzs\u0101ka veidot b\u0113rniem \u201ejautras m\u0101c\u012bbu gr\u0101matas\u201c, kas tolaik Francij\u0101 nebija \u012bpa\u0161i izplat\u012btas. \u0160obr\u012bd vi\u0146\u0161 ir vado\u0161ais grafiskais dizaineris, k\u0101 ar\u012b druk\u0101to izdevumu, tai skait\u0101 rekl\u0101mu redaktors.\" \/>\n<meta property=\"og:url\" content=\"https:\/\/hobstop.ee\/lv\/produkts\/washi-limlente-mt-alain-gree\/\" \/>\n<meta property=\"og:site_name\" content=\"Skizze\" \/>\n<meta property=\"article:publisher\" content=\"http:\/\/www.facebook.com\/VunderSkizze\" \/>\n<meta property=\"og:image\" content=\"https:\/\/www.hobstop.ee\/media\/4049.jpg\" \/>\n\t<meta property=\"og:image:width\" content=\"1024\" \/>\n\t<meta property=\"og:image:height\" content=\"768\" \/>\n\t<meta property=\"og:image:type\" content=\"image\/jpeg\" \/>\n<meta name=\"twitter:card\" content=\"summary_large_image\" \/>\n<meta name=\"twitter:label1\" content=\"Est. reading time\" \/>\n\t<meta name=\"twitter:data1\" content=\"1 min\u016b\u0161u\" \/>\n<script type=\"application\/ld+json\" class=\"yoast-schema-graph\">{\"@context\":\"https:\/\/schema.org\",\"@graph\":[{\"@type\":\"WebPage\",\"@id\":\"https:\/\/hobstop.ee\/lv\/produkts\/washi-limlente-mt-alain-gree\/\",\"url\":\"https:\/\/hobstop.ee\/lv\/produkts\/washi-limlente-mt-alain-gree\/\",\"name\":\"Washi l\u012bmlente mt Alain Gree &#8211; Skizze\",\"isPartOf\":{\"@id\":\"https:\/\/hobstop.ee\/lv\/#website\"},\"primaryImageOfPage\":{\"@id\":\"https:\/\/hobstop.ee\/lv\/produkts\/washi-limlente-mt-alain-gree\/#primaryimage\"},\"image\":{\"@id\":\"https:\/\/hobstop.ee\/lv\/produkts\/washi-limlente-mt-alain-gree\/#primaryimage\"},\"thumbnailUrl\":\"https:\/\/hobstop.ee\/media\/4049.jpg\",\"datePublished\":\"2016-05-06T12:28:15+00:00\",\"dateModified\":\"2016-05-06T12:28:15+00:00\",\"breadcrumb\":{\"@id\":\"https:\/\/hobstop.ee\/lv\/produkts\/washi-limlente-mt-alain-gree\/#breadcrumb\"},\"inLanguage\":\"lv-LV\",\"potentialAction\":[{\"@type\":\"ReadAction\",\"target\":[\"https:\/\/hobstop.ee\/lv\/produkts\/washi-limlente-mt-alain-gree\/\"]}]},{\"@type\":\"ImageObject\",\"inLanguage\":\"lv-LV\",\"@id\":\"https:\/\/hobstop.ee\/lv\/produkts\/washi-limlente-mt-alain-gree\/#primaryimage\",\"url\":\"https:\/\/hobstop.ee\/media\/4049.jpg\",\"contentUrl\":\"https:\/\/hobstop.ee\/media\/4049.jpg\",\"width\":1024,\"height\":768},{\"@type\":\"BreadcrumbList\",\"@id\":\"https:\/\/hobstop.ee\/lv\/produkts\/washi-limlente-mt-alain-gree\/#breadcrumb\",\"itemListElement\":[{\"@type\":\"ListItem\",\"position\":1,\"name\":\"Avaleht\",\"item\":\"https:\/\/www.hobstop.ee\/lv\/\"},{\"@type\":\"ListItem\",\"position\":2,\"name\":\"Veikals\",\"item\":\"https:\/\/www.hobstop.ee\/lv\/veikals\/\"},{\"@type\":\"ListItem\",\"position\":3,\"name\":\"Washi l\u012bmlente mt Alain Gree\"}]},{\"@type\":\"WebSite\",\"@id\":\"https:\/\/hobstop.ee\/lv\/#website\",\"url\":\"https:\/\/hobstop.ee\/lv\/\",\"name\":\"Skizze\",\"description\":\"M\u0101kslas, hobiju un skolas preces\",\"publisher\":{\"@id\":\"https:\/\/hobstop.ee\/lv\/#organization\"},\"potentialAction\":[{\"@type\":\"SearchAction\",\"target\":{\"@type\":\"EntryPoint\",\"urlTemplate\":\"https:\/\/hobstop.ee\/lv\/?s={search_term_string}\"},\"query-input\":{\"@type\":\"PropertyValueSpecification\",\"valueRequired\":true,\"valueName\":\"search_term_string\"}}],\"inLanguage\":\"lv-LV\"},{\"@type\":\"Organization\",\"@id\":\"https:\/\/hobstop.ee\/lv\/#organization\",\"name\":\"Vunder AS\",\"url\":\"https:\/\/hobstop.ee\/lv\/\",\"logo\":{\"@type\":\"ImageObject\",\"inLanguage\":\"lv-LV\",\"@id\":\"https:\/\/hobstop.ee\/lv\/#\/schema\/logo\/image\/\",\"url\":\"https:\/\/hobstop.ee\/media\/vunder-logo.png\",\"contentUrl\":\"https:\/\/hobstop.ee\/media\/vunder-logo.png\",\"width\":127,\"height\":55,\"caption\":\"Vunder AS\"},\"image\":{\"@id\":\"https:\/\/hobstop.ee\/lv\/#\/schema\/logo\/image\/\"},\"sameAs\":[\"http:\/\/www.facebook.com\/VunderSkizze\"]}]}<\/script>\n<!-- \/ Yoast SEO plugin. -->","yoast_head_json":{"title":"Washi l\u012bmlente mt Alain Gree &#8211; Skizze","robots":{"index":"noindex","follow":"follow","max-snippet":"max-snippet:-1","max-image-preview":"max-image-preview:large","max-video-preview":"max-video-preview:-1"},"og_locale":"lv_LV","og_type":"article","og_title":"Washi l\u012bmlente mt Alain Gree &#8211; Skizze","og_description":"Jap\u0101n\u0101 rad\u012bt\u0101 Washi l\u012bmlente ir piem\u0113rota visda\u017e\u0101d\u0101ko priek\u0161metu dekor\u0113\u0161anai \u2013 s\u0101kot no k\u0101rb\u0101m un atkl\u0101tn\u0113m l\u012bdz pat traukiem un m\u0113bel\u0113m. To var lietot uz da\u017e\u0101d\u0101m virsm\u0101m, piem., uz pap\u012bra, koka, met\u0101la, porcel\u0101na, stikla u.c. L\u012bmlentes r\u016bpniecisk\u0101s ra\u017eo\u0161anas process nodro\u0161ina \u012bpa\u0161i labu kvalit\u0101ti un iztur\u012bbu apvienojum\u0101 ar izcili pl\u0101nu formu. Lieliski l\u012bpo\u0161o lenti var vajadz\u012bbas gad\u012bjum\u0101 viegli no\u0146emt no virsmas, neatst\u0101jot l\u012bmes p\u0113das. Alain Gr\u00e9e ir fran\u010du bil\u017eu gr\u0101matu veidot\u0101js un ilustrators, kas piedzima Par\u012bzes priek\u0161pils\u0113t\u0101 Eaubonn\u0101 1936. gada 21. j\u016blij\u0101. P\u0113c Par\u012bzes Lieti\u0161\u0137\u0101s m\u0101kslas vidusskolas grafikas noda\u013cas pabeig\u0161anas vi\u0146\u0161 iest\u0101j\u0101s Par\u012bzes T\u0113lot\u0101jm\u0101kslas skol\u0101. P\u0113c \u0161\u012bs skolas pabeig\u0161anas vi\u0146\u0161 uzs\u0101ka veidot b\u0113rniem \u201ejautras m\u0101c\u012bbu gr\u0101matas\u201c, kas tolaik Francij\u0101 nebija \u012bpa\u0161i izplat\u012btas. \u0160obr\u012bd vi\u0146\u0161 ir vado\u0161ais grafiskais dizaineris, k\u0101 ar\u012b druk\u0101to izdevumu, tai skait\u0101 rekl\u0101mu redaktors.","og_url":"https:\/\/hobstop.ee\/lv\/produkts\/washi-limlente-mt-alain-gree\/","og_site_name":"Skizze","article_publisher":"http:\/\/www.facebook.com\/VunderSkizze","og_image":[{"width":1024,"height":768,"url":"https:\/\/www.hobstop.ee\/media\/4049.jpg","type":"image\/jpeg"}],"twitter_card":"summary_large_image","twitter_misc":{"Est. reading time":"1 min\u016b\u0161u"},"schema":{"@context":"https:\/\/schema.org","@graph":[{"@type":"WebPage","@id":"https:\/\/hobstop.ee\/lv\/produkts\/washi-limlente-mt-alain-gree\/","url":"https:\/\/hobstop.ee\/lv\/produkts\/washi-limlente-mt-alain-gree\/","name":"Washi l\u012bmlente mt Alain Gree &#8211; Skizze","isPartOf":{"@id":"https:\/\/hobstop.ee\/lv\/#website"},"primaryImageOfPage":{"@id":"https:\/\/hobstop.ee\/lv\/produkts\/washi-limlente-mt-alain-gree\/#primaryimage"},"image":{"@id":"https:\/\/hobstop.ee\/lv\/produkts\/washi-limlente-mt-alain-gree\/#primaryimage"},"thumbnailUrl":"https:\/\/hobstop.ee\/media\/4049.jpg","datePublished":"2016-05-06T12:28:15+00:00","dateModified":"2016-05-06T12:28:15+00:00","breadcrumb":{"@id":"https:\/\/hobstop.ee\/lv\/produkts\/washi-limlente-mt-alain-gree\/#breadcrumb"},"inLanguage":"lv-LV","potentialAction":[{"@type":"ReadAction","target":["https:\/\/hobstop.ee\/lv\/produkts\/washi-limlente-mt-alain-gree\/"]}]},{"@type":"ImageObject","inLanguage":"lv-LV","@id":"https:\/\/hobstop.ee\/lv\/produkts\/washi-limlente-mt-alain-gree\/#primaryimage","url":"https:\/\/hobstop.ee\/media\/4049.jpg","contentUrl":"https:\/\/hobstop.ee\/media\/4049.jpg","width":1024,"height":768},{"@type":"BreadcrumbList","@id":"https:\/\/hobstop.ee\/lv\/produkts\/washi-limlente-mt-alain-gree\/#breadcrumb","itemListElement":[{"@type":"ListItem","position":1,"name":"Avaleht","item":"https:\/\/www.hobstop.ee\/lv\/"},{"@type":"ListItem","position":2,"name":"Veikals","item":"https:\/\/www.hobstop.ee\/lv\/veikals\/"},{"@type":"ListItem","position":3,"name":"Washi l\u012bmlente mt Alain Gree"}]},{"@type":"WebSite","@id":"https:\/\/hobstop.ee\/lv\/#website","url":"https:\/\/hobstop.ee\/lv\/","name":"Skizze","description":"M\u0101kslas, hobiju un skolas preces","publisher":{"@id":"https:\/\/hobstop.ee\/lv\/#organization"},"potentialAction":[{"@type":"SearchAction","target":{"@type":"EntryPoint","urlTemplate":"https:\/\/hobstop.ee\/lv\/?s={search_term_string}"},"query-input":{"@type":"PropertyValueSpecification","valueRequired":true,"valueName":"search_term_string"}}],"inLanguage":"lv-LV"},{"@type":"Organization","@id":"https:\/\/hobstop.ee\/lv\/#organization","name":"Vunder AS","url":"https:\/\/hobstop.ee\/lv\/","logo":{"@type":"ImageObject","inLanguage":"lv-LV","@id":"https:\/\/hobstop.ee\/lv\/#\/schema\/logo\/image\/","url":"https:\/\/hobstop.ee\/media\/vunder-logo.png","contentUrl":"https:\/\/hobstop.ee\/media\/vunder-logo.png","width":127,"height":55,"caption":"Vunder AS"},"image":{"@id":"https:\/\/hobstop.ee\/lv\/#\/schema\/logo\/image\/"},"sameAs":["http:\/\/www.facebook.com\/VunderSkizze"]}]}},"_links":{"self":[{"href":"https:\/\/hobstop.ee\/lv\/wp-json\/wp\/v2\/product\/264273","targetHints":{"allow":["GET"]}}],"collection":[{"href":"https:\/\/hobstop.ee\/lv\/wp-json\/wp\/v2\/product"}],"about":[{"href":"https:\/\/hobstop.ee\/lv\/wp-json\/wp\/v2\/types\/product"}],"replies":[{"embeddable":true,"href":"https:\/\/hobstop.ee\/lv\/wp-json\/wp\/v2\/comments?post=264273"}],"wp:featuredmedia":[{"embeddable":true,"href":"https:\/\/hobstop.ee\/lv\/wp-json\/wp\/v2\/media\/264321"}],"wp:attachment":[{"href":"https:\/\/hobstop.ee\/lv\/wp-json\/wp\/v2\/media?parent=264273"}],"wp:term":[{"taxonomy":"product_cat","embeddable":true,"href":"https:\/\/hobstop.ee\/lv\/wp-json\/wp\/v2\/product_cat?post=264273"},{"taxonomy":"product_tag","embeddable":true,"href":"https:\/\/hobstop.ee\/lv\/wp-json\/wp\/v2\/product_tag?post=264273"}],"curies":[{"name":"wp","href":"https:\/\/api.w.org\/{rel}","templated":true}]}}