{"id":264797,"date":"2016-05-13T11:15:35","date_gmt":"2016-05-13T08:15:35","guid":{"rendered":"https:\/\/sharks.ee\/vunder_2019\/lv\/product\/korka-lenta-rayher\/"},"modified":"2016-05-13T11:15:35","modified_gmt":"2016-05-13T08:15:35","slug":"korka-lenta-rayher","status":"publish","type":"product","link":"https:\/\/hobstop.ee\/lv\/produkts\/korka-lenta-rayher\/","title":{"rendered":"Kor\u0137a lenta Rayher"},"content":{"rendered":"<p>Dab\u012bgi un ilgtsp\u0113j\u012bgi materi\u0101li ir \u013coti aktu\u0101las m\u016bsdienu dz\u012bvesstila un modes sast\u0101vda\u013cas. Kor\u0137is ir perfekts materi\u0101ls rado\u0161iem dekor\u0113jumiem, praktisk\u0101m liet\u0101m vai piederumiem! Tas ir lielisks taustei, m\u012bksts un vienlaikus gluds, k\u0101 ar\u012b rada \u012bpa\u0161u saj\u016btu. Kor\u0137is ir dab\u012bgs materi\u0101ls, nesatur \u0137\u012bmiskas vai sint\u0113tiskas vielas. Kor\u0137is atgr\u016b\u017e \u016bdeni un net\u012brumus, to var otreiz\u0113ji p\u0101rstr\u0101d\u0101t un biolo\u0123iski sadal\u0101s.<br \/>\nNo aproces l\u012bdz atsl\u0113gu piekari\u0146am, no gredzena l\u012bdz auskaram &#8211; t\u0101s ir tikai da\u017eas iesp\u0113jas, k\u0101 izmantot kor\u0137a materi\u0101lu apvienojum\u0101 ar da\u017e\u0101diem rotaslietu piederumiem.<\/p>\n","protected":false},"excerpt":{"rendered":"<p>Dab\u012bgi un ilgtsp\u0113j\u012bgi materi\u0101li ir \u013coti aktu\u0101las m\u016bsdienu dz\u012bvesstila un modes sast\u0101vda\u013cas. Kor\u0137is ir perfekts materi\u0101ls rado\u0161iem dekor\u0113jumiem, praktisk\u0101m liet\u0101m vai piederumiem! Tas ir lielisks taustei, m\u012bksts un vienlaikus gluds, k\u0101 ar\u012b rada \u012bpa\u0161u saj\u016btu. Kor\u0137is ir dab\u012bgs materi\u0101ls, nesatur \u0137\u012bmiskas vai sint\u0113tiskas vielas. Kor\u0137is atgr\u016b\u017e \u016bdeni un net\u012brumus, to var otreiz\u0113ji p\u0101rstr\u0101d\u0101t un biolo\u0123iski sadal\u0101s. No aproces l\u012bdz atsl\u0113gu piekari\u0146am, no gredzena l\u012bdz auskaram &#8211; t\u0101s ir tikai da\u017eas iesp\u0113jas, k\u0101 izmantot kor\u0137a materi\u0101lu apvienojum\u0101 ar da\u017e\u0101diem rotaslietu piederumiem.<\/p>\n","protected":false},"featured_media":311396,"comment_status":"closed","ping_status":"closed","template":"","meta":{"_acf_changed":false,"ep_exclude_from_search":false},"product_cat":[18286,17918,19760],"product_tag":[],"class_list":{"0":"post-264797","1":"product","2":"type-product","3":"status-publish","4":"has-post-thumbnail","6":"product_cat-lentas-un-snores-2","7":"product_cat-preces-hobijiem","8":"product_cat-rokdarbi","10":"first","11":"instock","12":"taxable","13":"shipping-taxable","14":"purchasable","15":"product-type-simple"},"acf":[],"yoast_head":"<!-- This site is optimized with the Yoast SEO plugin v24.1 - https:\/\/yoast.com\/wordpress\/plugins\/seo\/ -->\n<title>Kor\u0137a lenta Rayher &#8211; Skizze<\/title>\n<meta name=\"robots\" content=\"noindex, follow, max-snippet:-1, max-image-preview:large, max-video-preview:-1\" \/>\n<meta property=\"og:locale\" content=\"lv_LV\" \/>\n<meta property=\"og:type\" content=\"article\" \/>\n<meta property=\"og:title\" content=\"Kor\u0137a lenta Rayher &#8211; Skizze\" \/>\n<meta property=\"og:description\" content=\"Dab\u012bgi un ilgtsp\u0113j\u012bgi materi\u0101li ir \u013coti aktu\u0101las m\u016bsdienu dz\u012bvesstila un modes sast\u0101vda\u013cas. Kor\u0137is ir perfekts materi\u0101ls rado\u0161iem dekor\u0113jumiem, praktisk\u0101m liet\u0101m vai piederumiem! Tas ir lielisks taustei, m\u012bksts un vienlaikus gluds, k\u0101 ar\u012b rada \u012bpa\u0161u saj\u016btu. Kor\u0137is ir dab\u012bgs materi\u0101ls, nesatur \u0137\u012bmiskas vai sint\u0113tiskas vielas. Kor\u0137is atgr\u016b\u017e \u016bdeni un net\u012brumus, to var otreiz\u0113ji p\u0101rstr\u0101d\u0101t un biolo\u0123iski sadal\u0101s. No aproces l\u012bdz atsl\u0113gu piekari\u0146am, no gredzena l\u012bdz auskaram &#8211; t\u0101s ir tikai da\u017eas iesp\u0113jas, k\u0101 izmantot kor\u0137a materi\u0101lu apvienojum\u0101 ar da\u017e\u0101diem rotaslietu piederumiem.\" \/>\n<meta property=\"og:url\" content=\"https:\/\/hobstop.ee\/lv\/produkts\/korka-lenta-rayher\/\" \/>\n<meta property=\"og:site_name\" content=\"Skizze\" \/>\n<meta property=\"article:publisher\" content=\"http:\/\/www.facebook.com\/VunderSkizze\" \/>\n<meta property=\"og:image\" content=\"https:\/\/hobstop.ee\/media\/4204.jpg\" \/>\n\t<meta property=\"og:image:width\" content=\"1024\" \/>\n\t<meta property=\"og:image:height\" content=\"768\" \/>\n\t<meta property=\"og:image:type\" content=\"image\/jpeg\" \/>\n<meta name=\"twitter:card\" content=\"summary_large_image\" \/>\n<meta name=\"twitter:label1\" content=\"Est. reading time\" \/>\n\t<meta name=\"twitter:data1\" content=\"1 min\u016b\u0161u\" \/>\n<script type=\"application\/ld+json\" class=\"yoast-schema-graph\">{\"@context\":\"https:\/\/schema.org\",\"@graph\":[{\"@type\":\"WebPage\",\"@id\":\"https:\/\/hobstop.ee\/lv\/produkts\/korka-lenta-rayher\/\",\"url\":\"https:\/\/hobstop.ee\/lv\/produkts\/korka-lenta-rayher\/\",\"name\":\"Kor\u0137a lenta Rayher &#8211; Skizze\",\"isPartOf\":{\"@id\":\"https:\/\/www.hobstop.ee\/lv\/#website\"},\"primaryImageOfPage\":{\"@id\":\"https:\/\/hobstop.ee\/lv\/produkts\/korka-lenta-rayher\/#primaryimage\"},\"image\":{\"@id\":\"https:\/\/hobstop.ee\/lv\/produkts\/korka-lenta-rayher\/#primaryimage\"},\"thumbnailUrl\":\"https:\/\/hobstop.ee\/media\/4204.jpg\",\"datePublished\":\"2016-05-13T08:15:35+00:00\",\"dateModified\":\"2016-05-13T08:15:35+00:00\",\"breadcrumb\":{\"@id\":\"https:\/\/hobstop.ee\/lv\/produkts\/korka-lenta-rayher\/#breadcrumb\"},\"inLanguage\":\"lv-LV\",\"potentialAction\":[{\"@type\":\"ReadAction\",\"target\":[\"https:\/\/hobstop.ee\/lv\/produkts\/korka-lenta-rayher\/\"]}]},{\"@type\":\"ImageObject\",\"inLanguage\":\"lv-LV\",\"@id\":\"https:\/\/hobstop.ee\/lv\/produkts\/korka-lenta-rayher\/#primaryimage\",\"url\":\"https:\/\/hobstop.ee\/media\/4204.jpg\",\"contentUrl\":\"https:\/\/hobstop.ee\/media\/4204.jpg\",\"width\":1024,\"height\":768},{\"@type\":\"BreadcrumbList\",\"@id\":\"https:\/\/hobstop.ee\/lv\/produkts\/korka-lenta-rayher\/#breadcrumb\",\"itemListElement\":[{\"@type\":\"ListItem\",\"position\":1,\"name\":\"Avaleht\",\"item\":\"https:\/\/www.hobstop.ee\/lv\/\"},{\"@type\":\"ListItem\",\"position\":2,\"name\":\"Veikals\",\"item\":\"https:\/\/www.hobstop.ee\/lv\/veikals\/\"},{\"@type\":\"ListItem\",\"position\":3,\"name\":\"Kor\u0137a lenta Rayher\"}]},{\"@type\":\"WebSite\",\"@id\":\"https:\/\/www.hobstop.ee\/lv\/#website\",\"url\":\"https:\/\/www.hobstop.ee\/lv\/\",\"name\":\"Skizze\",\"description\":\"M\u0101kslas, hobiju un skolas preces\",\"publisher\":{\"@id\":\"https:\/\/www.hobstop.ee\/lv\/#organization\"},\"potentialAction\":[{\"@type\":\"SearchAction\",\"target\":{\"@type\":\"EntryPoint\",\"urlTemplate\":\"https:\/\/www.hobstop.ee\/lv\/?s={search_term_string}\"},\"query-input\":{\"@type\":\"PropertyValueSpecification\",\"valueRequired\":true,\"valueName\":\"search_term_string\"}}],\"inLanguage\":\"lv-LV\"},{\"@type\":\"Organization\",\"@id\":\"https:\/\/www.hobstop.ee\/lv\/#organization\",\"name\":\"Vunder AS\",\"url\":\"https:\/\/www.hobstop.ee\/lv\/\",\"logo\":{\"@type\":\"ImageObject\",\"inLanguage\":\"lv-LV\",\"@id\":\"https:\/\/www.hobstop.ee\/lv\/#\/schema\/logo\/image\/\",\"url\":\"https:\/\/hobstop.ee\/media\/vunder-logo.png\",\"contentUrl\":\"https:\/\/hobstop.ee\/media\/vunder-logo.png\",\"width\":127,\"height\":55,\"caption\":\"Vunder AS\"},\"image\":{\"@id\":\"https:\/\/www.hobstop.ee\/lv\/#\/schema\/logo\/image\/\"},\"sameAs\":[\"http:\/\/www.facebook.com\/VunderSkizze\"]}]}<\/script>\n<!-- \/ Yoast SEO plugin. -->","yoast_head_json":{"title":"Kor\u0137a lenta Rayher &#8211; Skizze","robots":{"index":"noindex","follow":"follow","max-snippet":"max-snippet:-1","max-image-preview":"max-image-preview:large","max-video-preview":"max-video-preview:-1"},"og_locale":"lv_LV","og_type":"article","og_title":"Kor\u0137a lenta Rayher &#8211; Skizze","og_description":"Dab\u012bgi un ilgtsp\u0113j\u012bgi materi\u0101li ir \u013coti aktu\u0101las m\u016bsdienu dz\u012bvesstila un modes sast\u0101vda\u013cas. Kor\u0137is ir perfekts materi\u0101ls rado\u0161iem dekor\u0113jumiem, praktisk\u0101m liet\u0101m vai piederumiem! Tas ir lielisks taustei, m\u012bksts un vienlaikus gluds, k\u0101 ar\u012b rada \u012bpa\u0161u saj\u016btu. Kor\u0137is ir dab\u012bgs materi\u0101ls, nesatur \u0137\u012bmiskas vai sint\u0113tiskas vielas. Kor\u0137is atgr\u016b\u017e \u016bdeni un net\u012brumus, to var otreiz\u0113ji p\u0101rstr\u0101d\u0101t un biolo\u0123iski sadal\u0101s. No aproces l\u012bdz atsl\u0113gu piekari\u0146am, no gredzena l\u012bdz auskaram &#8211; t\u0101s ir tikai da\u017eas iesp\u0113jas, k\u0101 izmantot kor\u0137a materi\u0101lu apvienojum\u0101 ar da\u017e\u0101diem rotaslietu piederumiem.","og_url":"https:\/\/hobstop.ee\/lv\/produkts\/korka-lenta-rayher\/","og_site_name":"Skizze","article_publisher":"http:\/\/www.facebook.com\/VunderSkizze","og_image":[{"width":1024,"height":768,"url":"https:\/\/hobstop.ee\/media\/4204.jpg","type":"image\/jpeg"}],"twitter_card":"summary_large_image","twitter_misc":{"Est. reading time":"1 min\u016b\u0161u"},"schema":{"@context":"https:\/\/schema.org","@graph":[{"@type":"WebPage","@id":"https:\/\/hobstop.ee\/lv\/produkts\/korka-lenta-rayher\/","url":"https:\/\/hobstop.ee\/lv\/produkts\/korka-lenta-rayher\/","name":"Kor\u0137a lenta Rayher &#8211; Skizze","isPartOf":{"@id":"https:\/\/www.hobstop.ee\/lv\/#website"},"primaryImageOfPage":{"@id":"https:\/\/hobstop.ee\/lv\/produkts\/korka-lenta-rayher\/#primaryimage"},"image":{"@id":"https:\/\/hobstop.ee\/lv\/produkts\/korka-lenta-rayher\/#primaryimage"},"thumbnailUrl":"https:\/\/hobstop.ee\/media\/4204.jpg","datePublished":"2016-05-13T08:15:35+00:00","dateModified":"2016-05-13T08:15:35+00:00","breadcrumb":{"@id":"https:\/\/hobstop.ee\/lv\/produkts\/korka-lenta-rayher\/#breadcrumb"},"inLanguage":"lv-LV","potentialAction":[{"@type":"ReadAction","target":["https:\/\/hobstop.ee\/lv\/produkts\/korka-lenta-rayher\/"]}]},{"@type":"ImageObject","inLanguage":"lv-LV","@id":"https:\/\/hobstop.ee\/lv\/produkts\/korka-lenta-rayher\/#primaryimage","url":"https:\/\/hobstop.ee\/media\/4204.jpg","contentUrl":"https:\/\/hobstop.ee\/media\/4204.jpg","width":1024,"height":768},{"@type":"BreadcrumbList","@id":"https:\/\/hobstop.ee\/lv\/produkts\/korka-lenta-rayher\/#breadcrumb","itemListElement":[{"@type":"ListItem","position":1,"name":"Avaleht","item":"https:\/\/www.hobstop.ee\/lv\/"},{"@type":"ListItem","position":2,"name":"Veikals","item":"https:\/\/www.hobstop.ee\/lv\/veikals\/"},{"@type":"ListItem","position":3,"name":"Kor\u0137a lenta Rayher"}]},{"@type":"WebSite","@id":"https:\/\/www.hobstop.ee\/lv\/#website","url":"https:\/\/www.hobstop.ee\/lv\/","name":"Skizze","description":"M\u0101kslas, hobiju un skolas preces","publisher":{"@id":"https:\/\/www.hobstop.ee\/lv\/#organization"},"potentialAction":[{"@type":"SearchAction","target":{"@type":"EntryPoint","urlTemplate":"https:\/\/www.hobstop.ee\/lv\/?s={search_term_string}"},"query-input":{"@type":"PropertyValueSpecification","valueRequired":true,"valueName":"search_term_string"}}],"inLanguage":"lv-LV"},{"@type":"Organization","@id":"https:\/\/www.hobstop.ee\/lv\/#organization","name":"Vunder AS","url":"https:\/\/www.hobstop.ee\/lv\/","logo":{"@type":"ImageObject","inLanguage":"lv-LV","@id":"https:\/\/www.hobstop.ee\/lv\/#\/schema\/logo\/image\/","url":"https:\/\/hobstop.ee\/media\/vunder-logo.png","contentUrl":"https:\/\/hobstop.ee\/media\/vunder-logo.png","width":127,"height":55,"caption":"Vunder AS"},"image":{"@id":"https:\/\/www.hobstop.ee\/lv\/#\/schema\/logo\/image\/"},"sameAs":["http:\/\/www.facebook.com\/VunderSkizze"]}]}},"_links":{"self":[{"href":"https:\/\/hobstop.ee\/lv\/wp-json\/wp\/v2\/product\/264797","targetHints":{"allow":["GET"]}}],"collection":[{"href":"https:\/\/hobstop.ee\/lv\/wp-json\/wp\/v2\/product"}],"about":[{"href":"https:\/\/hobstop.ee\/lv\/wp-json\/wp\/v2\/types\/product"}],"replies":[{"embeddable":true,"href":"https:\/\/hobstop.ee\/lv\/wp-json\/wp\/v2\/comments?post=264797"}],"wp:featuredmedia":[{"embeddable":true,"href":"https:\/\/hobstop.ee\/lv\/wp-json\/wp\/v2\/media\/311396"}],"wp:attachment":[{"href":"https:\/\/hobstop.ee\/lv\/wp-json\/wp\/v2\/media?parent=264797"}],"wp:term":[{"taxonomy":"product_cat","embeddable":true,"href":"https:\/\/hobstop.ee\/lv\/wp-json\/wp\/v2\/product_cat?post=264797"},{"taxonomy":"product_tag","embeddable":true,"href":"https:\/\/hobstop.ee\/lv\/wp-json\/wp\/v2\/product_tag?post=264797"}],"curies":[{"name":"wp","href":"https:\/\/api.w.org\/{rel}","templated":true}]}}