{"id":264809,"date":"2016-05-13T11:15:38","date_gmt":"2016-05-13T08:15:38","guid":{"rendered":"https:\/\/sharks.ee\/vunder_2019\/lv\/product\/rokdarbu-cements-rayher-atvilktnu-rokturi-6gab-komplekts\/"},"modified":"2016-05-13T11:15:38","modified_gmt":"2016-05-13T08:15:38","slug":"rokdarbu-cements-rayher-atvilktnu-rokturi-6gab-komplekts","status":"publish","type":"product","link":"https:\/\/hobstop.ee\/lv\/produkts\/rokdarbu-cements-rayher-atvilktnu-rokturi-6gab-komplekts\/","title":{"rendered":"Rokdarbu cements Rayher atvilkt\u0146u rokt\u016bri 6gab. komplekts"},"content":{"rendered":"<p>Viegli izveidojami dekorat\u012bvie elementi no rado\u0161\u0101 betona pulvera. Raupjais un \u0161obr\u012bd tik aktu\u0101lais cements padara vienk\u0101r\u0161as lietas par pievilc\u012bgiem rot\u0101jumiem. Sajauc pulveri ar \u016bdeni un izveido nepiecie\u0161amaj\u0101 form\u0101! Rayher rado\u0161ais cements ir iztur\u012bgs da\u017e\u0101dos laika apst\u0101k\u013cos, ar\u012b m\u012bnus gr\u0101dos.<\/p>\n<p>Komplekt\u0101 ietilpst:<br \/>\nRotaslietu cements 200g<br \/>\nForma lie\u0161anai, rot\u0101jumu rokturi ar 6 form\u0101m<br \/>\n6 stiprin\u0101jumi (starplikas, skr\u016bves, uzgrie\u017e\u0146i)<br \/>\n6 p\u0113rles ar lieliem caurumiem<br \/>\nSmil\u0161pap\u012brs<br \/>\nRokdarbu koks<br \/>\nInstrukcija (ang\u013cu valod\u0101)<\/p>\n","protected":false},"excerpt":{"rendered":"<p>Viegli izveidojami dekorat\u012bvie elementi no rado\u0161\u0101 betona pulvera. Raupjais un \u0161obr\u012bd tik aktu\u0101lais cements padara vienk\u0101r\u0161as lietas par pievilc\u012bgiem rot\u0101jumiem. Sajauc pulveri ar \u016bdeni un izveido nepiecie\u0161amaj\u0101 form\u0101! Rayher rado\u0161ais cements ir iztur\u012bgs da\u017e\u0101dos laika apst\u0101k\u013cos, ar\u012b m\u012bnus gr\u0101dos. Komplekt\u0101 ietilpst: Rotaslietu cements 200g Forma lie\u0161anai, rot\u0101jumu rokturi ar 6 form\u0101m 6 stiprin\u0101jumi (starplikas, skr\u016bves, uzgrie\u017e\u0146i) 6 p\u0113rles ar lieliem caurumiem Smil\u0161pap\u012brs Rokdarbu koks Instrukcija (ang\u013cu valod\u0101)<\/p>\n","protected":false},"featured_media":264961,"comment_status":"closed","ping_status":"closed","template":"","meta":{"_acf_changed":false,"ep_exclude_from_search":false},"product_cat":[20089,17918,20086],"product_tag":[],"class_list":{"0":"post-264809","1":"product","2":"type-product","3":"status-publish","4":"has-post-thumbnail","6":"product_cat-cements-radosiem-darbiem","7":"product_cat-preces-hobijiem","8":"product_cat-veidosanas-masas-un-piederumi-2","10":"first","11":"instock","12":"taxable","13":"shipping-taxable","14":"purchasable","15":"product-type-simple"},"acf":[],"yoast_head":"<!-- This site is optimized with the Yoast SEO plugin v24.1 - https:\/\/yoast.com\/wordpress\/plugins\/seo\/ -->\n<title>Rokdarbu cements Rayher atvilkt\u0146u rokt\u016bri 6gab. komplekts &#8211; Skizze<\/title>\n<meta name=\"robots\" content=\"noindex, follow, max-snippet:-1, max-image-preview:large, max-video-preview:-1\" \/>\n<meta property=\"og:locale\" content=\"lv_LV\" \/>\n<meta property=\"og:type\" content=\"article\" \/>\n<meta property=\"og:title\" content=\"Rokdarbu cements Rayher atvilkt\u0146u rokt\u016bri 6gab. komplekts &#8211; Skizze\" \/>\n<meta property=\"og:description\" content=\"Viegli izveidojami dekorat\u012bvie elementi no rado\u0161\u0101 betona pulvera. Raupjais un \u0161obr\u012bd tik aktu\u0101lais cements padara vienk\u0101r\u0161as lietas par pievilc\u012bgiem rot\u0101jumiem. Sajauc pulveri ar \u016bdeni un izveido nepiecie\u0161amaj\u0101 form\u0101! Rayher rado\u0161ais cements ir iztur\u012bgs da\u017e\u0101dos laika apst\u0101k\u013cos, ar\u012b m\u012bnus gr\u0101dos. Komplekt\u0101 ietilpst: Rotaslietu cements 200g Forma lie\u0161anai, rot\u0101jumu rokturi ar 6 form\u0101m 6 stiprin\u0101jumi (starplikas, skr\u016bves, uzgrie\u017e\u0146i) 6 p\u0113rles ar lieliem caurumiem Smil\u0161pap\u012brs Rokdarbu koks Instrukcija (ang\u013cu valod\u0101)\" \/>\n<meta property=\"og:url\" content=\"https:\/\/hobstop.ee\/lv\/produkts\/rokdarbu-cements-rayher-atvilktnu-rokturi-6gab-komplekts\/\" \/>\n<meta property=\"og:site_name\" content=\"Skizze\" \/>\n<meta property=\"article:publisher\" content=\"http:\/\/www.facebook.com\/VunderSkizze\" \/>\n<meta property=\"og:image\" content=\"https:\/\/hobstop.ee\/media\/4226.jpg\" \/>\n\t<meta property=\"og:image:width\" content=\"1024\" \/>\n\t<meta property=\"og:image:height\" content=\"768\" \/>\n\t<meta property=\"og:image:type\" content=\"image\/jpeg\" \/>\n<meta name=\"twitter:card\" content=\"summary_large_image\" \/>\n<script type=\"application\/ld+json\" class=\"yoast-schema-graph\">{\"@context\":\"https:\/\/schema.org\",\"@graph\":[{\"@type\":\"WebPage\",\"@id\":\"https:\/\/hobstop.ee\/lv\/produkts\/rokdarbu-cements-rayher-atvilktnu-rokturi-6gab-komplekts\/\",\"url\":\"https:\/\/hobstop.ee\/lv\/produkts\/rokdarbu-cements-rayher-atvilktnu-rokturi-6gab-komplekts\/\",\"name\":\"Rokdarbu cements Rayher atvilkt\u0146u rokt\u016bri 6gab. komplekts &#8211; Skizze\",\"isPartOf\":{\"@id\":\"https:\/\/hobstop.ee\/lv\/#website\"},\"primaryImageOfPage\":{\"@id\":\"https:\/\/hobstop.ee\/lv\/produkts\/rokdarbu-cements-rayher-atvilktnu-rokturi-6gab-komplekts\/#primaryimage\"},\"image\":{\"@id\":\"https:\/\/hobstop.ee\/lv\/produkts\/rokdarbu-cements-rayher-atvilktnu-rokturi-6gab-komplekts\/#primaryimage\"},\"thumbnailUrl\":\"https:\/\/hobstop.ee\/media\/4226.jpg\",\"datePublished\":\"2016-05-13T08:15:38+00:00\",\"dateModified\":\"2016-05-13T08:15:38+00:00\",\"breadcrumb\":{\"@id\":\"https:\/\/hobstop.ee\/lv\/produkts\/rokdarbu-cements-rayher-atvilktnu-rokturi-6gab-komplekts\/#breadcrumb\"},\"inLanguage\":\"lv-LV\",\"potentialAction\":[{\"@type\":\"ReadAction\",\"target\":[\"https:\/\/hobstop.ee\/lv\/produkts\/rokdarbu-cements-rayher-atvilktnu-rokturi-6gab-komplekts\/\"]}]},{\"@type\":\"ImageObject\",\"inLanguage\":\"lv-LV\",\"@id\":\"https:\/\/hobstop.ee\/lv\/produkts\/rokdarbu-cements-rayher-atvilktnu-rokturi-6gab-komplekts\/#primaryimage\",\"url\":\"https:\/\/hobstop.ee\/media\/4226.jpg\",\"contentUrl\":\"https:\/\/hobstop.ee\/media\/4226.jpg\",\"width\":1024,\"height\":768},{\"@type\":\"BreadcrumbList\",\"@id\":\"https:\/\/hobstop.ee\/lv\/produkts\/rokdarbu-cements-rayher-atvilktnu-rokturi-6gab-komplekts\/#breadcrumb\",\"itemListElement\":[{\"@type\":\"ListItem\",\"position\":1,\"name\":\"Avaleht\",\"item\":\"https:\/\/hobstop.ee\/lv\/\"},{\"@type\":\"ListItem\",\"position\":2,\"name\":\"Veikals\",\"item\":\"https:\/\/hobstop.ee\/lv\/veikals\/\"},{\"@type\":\"ListItem\",\"position\":3,\"name\":\"Rokdarbu cements Rayher atvilkt\u0146u rokt\u016bri 6gab. komplekts\"}]},{\"@type\":\"WebSite\",\"@id\":\"https:\/\/hobstop.ee\/lv\/#website\",\"url\":\"https:\/\/hobstop.ee\/lv\/\",\"name\":\"Skizze\",\"description\":\"M\u0101kslas, hobiju un skolas preces\",\"publisher\":{\"@id\":\"https:\/\/hobstop.ee\/lv\/#organization\"},\"potentialAction\":[{\"@type\":\"SearchAction\",\"target\":{\"@type\":\"EntryPoint\",\"urlTemplate\":\"https:\/\/hobstop.ee\/lv\/?s={search_term_string}\"},\"query-input\":{\"@type\":\"PropertyValueSpecification\",\"valueRequired\":true,\"valueName\":\"search_term_string\"}}],\"inLanguage\":\"lv-LV\"},{\"@type\":\"Organization\",\"@id\":\"https:\/\/hobstop.ee\/lv\/#organization\",\"name\":\"Vunder AS\",\"url\":\"https:\/\/hobstop.ee\/lv\/\",\"logo\":{\"@type\":\"ImageObject\",\"inLanguage\":\"lv-LV\",\"@id\":\"https:\/\/hobstop.ee\/lv\/#\/schema\/logo\/image\/\",\"url\":\"https:\/\/hobstop.ee\/media\/vunder-logo.png\",\"contentUrl\":\"https:\/\/hobstop.ee\/media\/vunder-logo.png\",\"width\":127,\"height\":55,\"caption\":\"Vunder AS\"},\"image\":{\"@id\":\"https:\/\/hobstop.ee\/lv\/#\/schema\/logo\/image\/\"},\"sameAs\":[\"http:\/\/www.facebook.com\/VunderSkizze\"]}]}<\/script>\n<!-- \/ Yoast SEO plugin. -->","yoast_head_json":{"title":"Rokdarbu cements Rayher atvilkt\u0146u rokt\u016bri 6gab. komplekts &#8211; Skizze","robots":{"index":"noindex","follow":"follow","max-snippet":"max-snippet:-1","max-image-preview":"max-image-preview:large","max-video-preview":"max-video-preview:-1"},"og_locale":"lv_LV","og_type":"article","og_title":"Rokdarbu cements Rayher atvilkt\u0146u rokt\u016bri 6gab. komplekts &#8211; Skizze","og_description":"Viegli izveidojami dekorat\u012bvie elementi no rado\u0161\u0101 betona pulvera. Raupjais un \u0161obr\u012bd tik aktu\u0101lais cements padara vienk\u0101r\u0161as lietas par pievilc\u012bgiem rot\u0101jumiem. Sajauc pulveri ar \u016bdeni un izveido nepiecie\u0161amaj\u0101 form\u0101! Rayher rado\u0161ais cements ir iztur\u012bgs da\u017e\u0101dos laika apst\u0101k\u013cos, ar\u012b m\u012bnus gr\u0101dos. Komplekt\u0101 ietilpst: Rotaslietu cements 200g Forma lie\u0161anai, rot\u0101jumu rokturi ar 6 form\u0101m 6 stiprin\u0101jumi (starplikas, skr\u016bves, uzgrie\u017e\u0146i) 6 p\u0113rles ar lieliem caurumiem Smil\u0161pap\u012brs Rokdarbu koks Instrukcija (ang\u013cu valod\u0101)","og_url":"https:\/\/hobstop.ee\/lv\/produkts\/rokdarbu-cements-rayher-atvilktnu-rokturi-6gab-komplekts\/","og_site_name":"Skizze","article_publisher":"http:\/\/www.facebook.com\/VunderSkizze","og_image":[{"width":1024,"height":768,"url":"https:\/\/hobstop.ee\/media\/4226.jpg","type":"image\/jpeg"}],"twitter_card":"summary_large_image","schema":{"@context":"https:\/\/schema.org","@graph":[{"@type":"WebPage","@id":"https:\/\/hobstop.ee\/lv\/produkts\/rokdarbu-cements-rayher-atvilktnu-rokturi-6gab-komplekts\/","url":"https:\/\/hobstop.ee\/lv\/produkts\/rokdarbu-cements-rayher-atvilktnu-rokturi-6gab-komplekts\/","name":"Rokdarbu cements Rayher atvilkt\u0146u rokt\u016bri 6gab. komplekts &#8211; Skizze","isPartOf":{"@id":"https:\/\/hobstop.ee\/lv\/#website"},"primaryImageOfPage":{"@id":"https:\/\/hobstop.ee\/lv\/produkts\/rokdarbu-cements-rayher-atvilktnu-rokturi-6gab-komplekts\/#primaryimage"},"image":{"@id":"https:\/\/hobstop.ee\/lv\/produkts\/rokdarbu-cements-rayher-atvilktnu-rokturi-6gab-komplekts\/#primaryimage"},"thumbnailUrl":"https:\/\/hobstop.ee\/media\/4226.jpg","datePublished":"2016-05-13T08:15:38+00:00","dateModified":"2016-05-13T08:15:38+00:00","breadcrumb":{"@id":"https:\/\/hobstop.ee\/lv\/produkts\/rokdarbu-cements-rayher-atvilktnu-rokturi-6gab-komplekts\/#breadcrumb"},"inLanguage":"lv-LV","potentialAction":[{"@type":"ReadAction","target":["https:\/\/hobstop.ee\/lv\/produkts\/rokdarbu-cements-rayher-atvilktnu-rokturi-6gab-komplekts\/"]}]},{"@type":"ImageObject","inLanguage":"lv-LV","@id":"https:\/\/hobstop.ee\/lv\/produkts\/rokdarbu-cements-rayher-atvilktnu-rokturi-6gab-komplekts\/#primaryimage","url":"https:\/\/hobstop.ee\/media\/4226.jpg","contentUrl":"https:\/\/hobstop.ee\/media\/4226.jpg","width":1024,"height":768},{"@type":"BreadcrumbList","@id":"https:\/\/hobstop.ee\/lv\/produkts\/rokdarbu-cements-rayher-atvilktnu-rokturi-6gab-komplekts\/#breadcrumb","itemListElement":[{"@type":"ListItem","position":1,"name":"Avaleht","item":"https:\/\/hobstop.ee\/lv\/"},{"@type":"ListItem","position":2,"name":"Veikals","item":"https:\/\/hobstop.ee\/lv\/veikals\/"},{"@type":"ListItem","position":3,"name":"Rokdarbu cements Rayher atvilkt\u0146u rokt\u016bri 6gab. komplekts"}]},{"@type":"WebSite","@id":"https:\/\/hobstop.ee\/lv\/#website","url":"https:\/\/hobstop.ee\/lv\/","name":"Skizze","description":"M\u0101kslas, hobiju un skolas preces","publisher":{"@id":"https:\/\/hobstop.ee\/lv\/#organization"},"potentialAction":[{"@type":"SearchAction","target":{"@type":"EntryPoint","urlTemplate":"https:\/\/hobstop.ee\/lv\/?s={search_term_string}"},"query-input":{"@type":"PropertyValueSpecification","valueRequired":true,"valueName":"search_term_string"}}],"inLanguage":"lv-LV"},{"@type":"Organization","@id":"https:\/\/hobstop.ee\/lv\/#organization","name":"Vunder AS","url":"https:\/\/hobstop.ee\/lv\/","logo":{"@type":"ImageObject","inLanguage":"lv-LV","@id":"https:\/\/hobstop.ee\/lv\/#\/schema\/logo\/image\/","url":"https:\/\/hobstop.ee\/media\/vunder-logo.png","contentUrl":"https:\/\/hobstop.ee\/media\/vunder-logo.png","width":127,"height":55,"caption":"Vunder AS"},"image":{"@id":"https:\/\/hobstop.ee\/lv\/#\/schema\/logo\/image\/"},"sameAs":["http:\/\/www.facebook.com\/VunderSkizze"]}]}},"_links":{"self":[{"href":"https:\/\/hobstop.ee\/lv\/wp-json\/wp\/v2\/product\/264809","targetHints":{"allow":["GET"]}}],"collection":[{"href":"https:\/\/hobstop.ee\/lv\/wp-json\/wp\/v2\/product"}],"about":[{"href":"https:\/\/hobstop.ee\/lv\/wp-json\/wp\/v2\/types\/product"}],"replies":[{"embeddable":true,"href":"https:\/\/hobstop.ee\/lv\/wp-json\/wp\/v2\/comments?post=264809"}],"wp:featuredmedia":[{"embeddable":true,"href":"https:\/\/hobstop.ee\/lv\/wp-json\/wp\/v2\/media\/264961"}],"wp:attachment":[{"href":"https:\/\/hobstop.ee\/lv\/wp-json\/wp\/v2\/media?parent=264809"}],"wp:term":[{"taxonomy":"product_cat","embeddable":true,"href":"https:\/\/hobstop.ee\/lv\/wp-json\/wp\/v2\/product_cat?post=264809"},{"taxonomy":"product_tag","embeddable":true,"href":"https:\/\/hobstop.ee\/lv\/wp-json\/wp\/v2\/product_tag?post=264809"}],"curies":[{"name":"wp","href":"https:\/\/api.w.org\/{rel}","templated":true}]}}