{"id":264813,"date":"2016-05-13T11:15:39","date_gmt":"2016-05-13T08:15:39","guid":{"rendered":"https:\/\/sharks.ee\/vunder_2019\/lv\/product\/tattoo-snazaroo\/"},"modified":"2016-05-13T11:15:39","modified_gmt":"2016-05-13T08:15:39","slug":"tattoo-snazaroo","status":"publish","type":"product","link":"https:\/\/hobstop.ee\/lv\/produkts\/tattoo-snazaroo\/","title":{"rendered":"Tattoo Snazaroo"},"content":{"rendered":"<p>Pagaidu tetov\u0113jumi ir jautra atrakcija un lieliski izskat\u0101s! Snazaroo pagaidu tetov\u0113jumi ir ar fantastiskiem z\u012bm\u0113jumiem, piem\u0113roti gan z\u0113niem, gan meiten\u0113m. Tos ir viegli un \u0101tri uzkl\u0101t: novietot uz b\u0113rna \u0101das, samitrin\u0101t ar mitru audumu, pagaid\u012bt 60 sekundes, no\u0146emt aizsargpap\u012bru un \u013caujies z\u012bm\u0113juma valdzin\u0101jumam! B\u0113rni tiks gal\u0101 ar \u0161o uzdevumu ar\u012b pa\u0161i! To var nomazg\u0101t ar \u016bdeni un ziep\u0113m, kad rota\u013cu laiks ir beidzies. Lieliski piem\u0113rots da\u017e\u0101diem sv\u0113tkiem vai ar\u012b ikdienas rota\u013c\u0101m.<\/p>\n","protected":false},"excerpt":{"rendered":"<p>Pagaidu tetov\u0113jumi ir jautra atrakcija un lieliski izskat\u0101s! Snazaroo pagaidu tetov\u0113jumi ir ar fantastiskiem z\u012bm\u0113jumiem, piem\u0113roti gan z\u0113niem, gan meiten\u0113m. Tos ir viegli un \u0101tri uzkl\u0101t: novietot uz b\u0113rna \u0101das, samitrin\u0101t ar mitru audumu, pagaid\u012bt 60 sekundes, no\u0146emt aizsargpap\u012bru un \u013caujies z\u012bm\u0113juma valdzin\u0101jumam! B\u0113rni tiks gal\u0101 ar \u0161o uzdevumu ar\u012b pa\u0161i! To var nomazg\u0101t ar \u016bdeni un ziep\u0113m, kad rota\u013cu laiks ir beidzies. Lieliski piem\u0113rots da\u017e\u0101diem sv\u0113tkiem vai ar\u012b ikdienas rota\u013c\u0101m.<\/p>\n","protected":false},"featured_media":264965,"comment_status":"closed","ping_status":"closed","template":"","meta":{"_acf_changed":false,"ep_exclude_from_search":false},"product_cat":[18967,18928,17918],"product_tag":[],"class_list":{"0":"post-264813","1":"product","2":"type-product","3":"status-publish","4":"has-post-thumbnail","6":"product_cat-dazadi-7","7":"product_cat-krasas-kermena-apgleznosanai","8":"product_cat-preces-hobijiem","10":"first","11":"instock","12":"taxable","13":"shipping-taxable","14":"purchasable","15":"product-type-simple"},"acf":[],"yoast_head":"<!-- This site is optimized with the Yoast SEO plugin v24.1 - https:\/\/yoast.com\/wordpress\/plugins\/seo\/ -->\n<title>Tattoo Snazaroo &#8211; Skizze<\/title>\n<meta name=\"robots\" content=\"noindex, follow, max-snippet:-1, max-image-preview:large, max-video-preview:-1\" \/>\n<meta property=\"og:locale\" content=\"lv_LV\" \/>\n<meta property=\"og:type\" content=\"article\" \/>\n<meta property=\"og:title\" content=\"Tattoo Snazaroo &#8211; Skizze\" \/>\n<meta property=\"og:description\" content=\"Pagaidu tetov\u0113jumi ir jautra atrakcija un lieliski izskat\u0101s! Snazaroo pagaidu tetov\u0113jumi ir ar fantastiskiem z\u012bm\u0113jumiem, piem\u0113roti gan z\u0113niem, gan meiten\u0113m. Tos ir viegli un \u0101tri uzkl\u0101t: novietot uz b\u0113rna \u0101das, samitrin\u0101t ar mitru audumu, pagaid\u012bt 60 sekundes, no\u0146emt aizsargpap\u012bru un \u013caujies z\u012bm\u0113juma valdzin\u0101jumam! B\u0113rni tiks gal\u0101 ar \u0161o uzdevumu ar\u012b pa\u0161i! To var nomazg\u0101t ar \u016bdeni un ziep\u0113m, kad rota\u013cu laiks ir beidzies. Lieliski piem\u0113rots da\u017e\u0101diem sv\u0113tkiem vai ar\u012b ikdienas rota\u013c\u0101m.\" \/>\n<meta property=\"og:url\" content=\"https:\/\/hobstop.ee\/lv\/produkts\/tattoo-snazaroo\/\" \/>\n<meta property=\"og:site_name\" content=\"Skizze\" \/>\n<meta property=\"article:publisher\" content=\"http:\/\/www.facebook.com\/VunderSkizze\" \/>\n<meta property=\"og:image\" content=\"https:\/\/hobstop.ee\/media\/4285.jpg\" \/>\n\t<meta property=\"og:image:width\" content=\"1024\" \/>\n\t<meta property=\"og:image:height\" content=\"768\" \/>\n\t<meta property=\"og:image:type\" content=\"image\/jpeg\" \/>\n<meta name=\"twitter:card\" content=\"summary_large_image\" \/>\n<script type=\"application\/ld+json\" class=\"yoast-schema-graph\">{\"@context\":\"https:\/\/schema.org\",\"@graph\":[{\"@type\":\"WebPage\",\"@id\":\"https:\/\/hobstop.ee\/lv\/produkts\/tattoo-snazaroo\/\",\"url\":\"https:\/\/hobstop.ee\/lv\/produkts\/tattoo-snazaroo\/\",\"name\":\"Tattoo Snazaroo &#8211; Skizze\",\"isPartOf\":{\"@id\":\"https:\/\/hobstop.ee\/lv\/#website\"},\"primaryImageOfPage\":{\"@id\":\"https:\/\/hobstop.ee\/lv\/produkts\/tattoo-snazaroo\/#primaryimage\"},\"image\":{\"@id\":\"https:\/\/hobstop.ee\/lv\/produkts\/tattoo-snazaroo\/#primaryimage\"},\"thumbnailUrl\":\"https:\/\/hobstop.ee\/media\/4285.jpg\",\"datePublished\":\"2016-05-13T08:15:39+00:00\",\"dateModified\":\"2016-05-13T08:15:39+00:00\",\"breadcrumb\":{\"@id\":\"https:\/\/hobstop.ee\/lv\/produkts\/tattoo-snazaroo\/#breadcrumb\"},\"inLanguage\":\"lv-LV\",\"potentialAction\":[{\"@type\":\"ReadAction\",\"target\":[\"https:\/\/hobstop.ee\/lv\/produkts\/tattoo-snazaroo\/\"]}]},{\"@type\":\"ImageObject\",\"inLanguage\":\"lv-LV\",\"@id\":\"https:\/\/hobstop.ee\/lv\/produkts\/tattoo-snazaroo\/#primaryimage\",\"url\":\"https:\/\/hobstop.ee\/media\/4285.jpg\",\"contentUrl\":\"https:\/\/hobstop.ee\/media\/4285.jpg\",\"width\":1024,\"height\":768},{\"@type\":\"BreadcrumbList\",\"@id\":\"https:\/\/hobstop.ee\/lv\/produkts\/tattoo-snazaroo\/#breadcrumb\",\"itemListElement\":[{\"@type\":\"ListItem\",\"position\":1,\"name\":\"Avaleht\",\"item\":\"https:\/\/hobstop.ee\/lv\/\"},{\"@type\":\"ListItem\",\"position\":2,\"name\":\"Veikals\",\"item\":\"https:\/\/hobstop.ee\/lv\/veikals\/\"},{\"@type\":\"ListItem\",\"position\":3,\"name\":\"Tattoo Snazaroo\"}]},{\"@type\":\"WebSite\",\"@id\":\"https:\/\/hobstop.ee\/lv\/#website\",\"url\":\"https:\/\/hobstop.ee\/lv\/\",\"name\":\"Skizze\",\"description\":\"M\u0101kslas, hobiju un skolas preces\",\"publisher\":{\"@id\":\"https:\/\/hobstop.ee\/lv\/#organization\"},\"potentialAction\":[{\"@type\":\"SearchAction\",\"target\":{\"@type\":\"EntryPoint\",\"urlTemplate\":\"https:\/\/hobstop.ee\/lv\/?s={search_term_string}\"},\"query-input\":{\"@type\":\"PropertyValueSpecification\",\"valueRequired\":true,\"valueName\":\"search_term_string\"}}],\"inLanguage\":\"lv-LV\"},{\"@type\":\"Organization\",\"@id\":\"https:\/\/hobstop.ee\/lv\/#organization\",\"name\":\"Vunder AS\",\"url\":\"https:\/\/hobstop.ee\/lv\/\",\"logo\":{\"@type\":\"ImageObject\",\"inLanguage\":\"lv-LV\",\"@id\":\"https:\/\/hobstop.ee\/lv\/#\/schema\/logo\/image\/\",\"url\":\"https:\/\/hobstop.ee\/media\/vunder-logo.png\",\"contentUrl\":\"https:\/\/hobstop.ee\/media\/vunder-logo.png\",\"width\":127,\"height\":55,\"caption\":\"Vunder AS\"},\"image\":{\"@id\":\"https:\/\/hobstop.ee\/lv\/#\/schema\/logo\/image\/\"},\"sameAs\":[\"http:\/\/www.facebook.com\/VunderSkizze\"]}]}<\/script>\n<!-- \/ Yoast SEO plugin. -->","yoast_head_json":{"title":"Tattoo Snazaroo &#8211; Skizze","robots":{"index":"noindex","follow":"follow","max-snippet":"max-snippet:-1","max-image-preview":"max-image-preview:large","max-video-preview":"max-video-preview:-1"},"og_locale":"lv_LV","og_type":"article","og_title":"Tattoo Snazaroo &#8211; Skizze","og_description":"Pagaidu tetov\u0113jumi ir jautra atrakcija un lieliski izskat\u0101s! Snazaroo pagaidu tetov\u0113jumi ir ar fantastiskiem z\u012bm\u0113jumiem, piem\u0113roti gan z\u0113niem, gan meiten\u0113m. Tos ir viegli un \u0101tri uzkl\u0101t: novietot uz b\u0113rna \u0101das, samitrin\u0101t ar mitru audumu, pagaid\u012bt 60 sekundes, no\u0146emt aizsargpap\u012bru un \u013caujies z\u012bm\u0113juma valdzin\u0101jumam! B\u0113rni tiks gal\u0101 ar \u0161o uzdevumu ar\u012b pa\u0161i! To var nomazg\u0101t ar \u016bdeni un ziep\u0113m, kad rota\u013cu laiks ir beidzies. Lieliski piem\u0113rots da\u017e\u0101diem sv\u0113tkiem vai ar\u012b ikdienas rota\u013c\u0101m.","og_url":"https:\/\/hobstop.ee\/lv\/produkts\/tattoo-snazaroo\/","og_site_name":"Skizze","article_publisher":"http:\/\/www.facebook.com\/VunderSkizze","og_image":[{"width":1024,"height":768,"url":"https:\/\/hobstop.ee\/media\/4285.jpg","type":"image\/jpeg"}],"twitter_card":"summary_large_image","schema":{"@context":"https:\/\/schema.org","@graph":[{"@type":"WebPage","@id":"https:\/\/hobstop.ee\/lv\/produkts\/tattoo-snazaroo\/","url":"https:\/\/hobstop.ee\/lv\/produkts\/tattoo-snazaroo\/","name":"Tattoo Snazaroo &#8211; Skizze","isPartOf":{"@id":"https:\/\/hobstop.ee\/lv\/#website"},"primaryImageOfPage":{"@id":"https:\/\/hobstop.ee\/lv\/produkts\/tattoo-snazaroo\/#primaryimage"},"image":{"@id":"https:\/\/hobstop.ee\/lv\/produkts\/tattoo-snazaroo\/#primaryimage"},"thumbnailUrl":"https:\/\/hobstop.ee\/media\/4285.jpg","datePublished":"2016-05-13T08:15:39+00:00","dateModified":"2016-05-13T08:15:39+00:00","breadcrumb":{"@id":"https:\/\/hobstop.ee\/lv\/produkts\/tattoo-snazaroo\/#breadcrumb"},"inLanguage":"lv-LV","potentialAction":[{"@type":"ReadAction","target":["https:\/\/hobstop.ee\/lv\/produkts\/tattoo-snazaroo\/"]}]},{"@type":"ImageObject","inLanguage":"lv-LV","@id":"https:\/\/hobstop.ee\/lv\/produkts\/tattoo-snazaroo\/#primaryimage","url":"https:\/\/hobstop.ee\/media\/4285.jpg","contentUrl":"https:\/\/hobstop.ee\/media\/4285.jpg","width":1024,"height":768},{"@type":"BreadcrumbList","@id":"https:\/\/hobstop.ee\/lv\/produkts\/tattoo-snazaroo\/#breadcrumb","itemListElement":[{"@type":"ListItem","position":1,"name":"Avaleht","item":"https:\/\/hobstop.ee\/lv\/"},{"@type":"ListItem","position":2,"name":"Veikals","item":"https:\/\/hobstop.ee\/lv\/veikals\/"},{"@type":"ListItem","position":3,"name":"Tattoo Snazaroo"}]},{"@type":"WebSite","@id":"https:\/\/hobstop.ee\/lv\/#website","url":"https:\/\/hobstop.ee\/lv\/","name":"Skizze","description":"M\u0101kslas, hobiju un skolas preces","publisher":{"@id":"https:\/\/hobstop.ee\/lv\/#organization"},"potentialAction":[{"@type":"SearchAction","target":{"@type":"EntryPoint","urlTemplate":"https:\/\/hobstop.ee\/lv\/?s={search_term_string}"},"query-input":{"@type":"PropertyValueSpecification","valueRequired":true,"valueName":"search_term_string"}}],"inLanguage":"lv-LV"},{"@type":"Organization","@id":"https:\/\/hobstop.ee\/lv\/#organization","name":"Vunder AS","url":"https:\/\/hobstop.ee\/lv\/","logo":{"@type":"ImageObject","inLanguage":"lv-LV","@id":"https:\/\/hobstop.ee\/lv\/#\/schema\/logo\/image\/","url":"https:\/\/hobstop.ee\/media\/vunder-logo.png","contentUrl":"https:\/\/hobstop.ee\/media\/vunder-logo.png","width":127,"height":55,"caption":"Vunder AS"},"image":{"@id":"https:\/\/hobstop.ee\/lv\/#\/schema\/logo\/image\/"},"sameAs":["http:\/\/www.facebook.com\/VunderSkizze"]}]}},"_links":{"self":[{"href":"https:\/\/hobstop.ee\/lv\/wp-json\/wp\/v2\/product\/264813","targetHints":{"allow":["GET"]}}],"collection":[{"href":"https:\/\/hobstop.ee\/lv\/wp-json\/wp\/v2\/product"}],"about":[{"href":"https:\/\/hobstop.ee\/lv\/wp-json\/wp\/v2\/types\/product"}],"replies":[{"embeddable":true,"href":"https:\/\/hobstop.ee\/lv\/wp-json\/wp\/v2\/comments?post=264813"}],"wp:featuredmedia":[{"embeddable":true,"href":"https:\/\/hobstop.ee\/lv\/wp-json\/wp\/v2\/media\/264965"}],"wp:attachment":[{"href":"https:\/\/hobstop.ee\/lv\/wp-json\/wp\/v2\/media?parent=264813"}],"wp:term":[{"taxonomy":"product_cat","embeddable":true,"href":"https:\/\/hobstop.ee\/lv\/wp-json\/wp\/v2\/product_cat?post=264813"},{"taxonomy":"product_tag","embeddable":true,"href":"https:\/\/hobstop.ee\/lv\/wp-json\/wp\/v2\/product_tag?post=264813"}],"curies":[{"name":"wp","href":"https:\/\/api.w.org\/{rel}","templated":true}]}}