{"id":265775,"date":"2015-06-01T15:25:34","date_gmt":"2015-09-13T13:35:30","guid":{"rendered":"https:\/\/sharks.ee\/vunder_2019\/lv\/product\/porcelana-krasa-schjerning-6g\/"},"modified":"2016-05-13T16:42:09","modified_gmt":"2016-05-13T13:42:09","slug":"porcelana-krasa-schjerning-6g","status":"publish","type":"product","link":"https:\/\/hobstop.ee\/lv\/produkts\/porcelana-krasa-schjerning-6g\/","title":{"rendered":"Porcel\u0101na kr\u0101sa Schjerning 6g"},"content":{"rendered":"<p>Schjrening porcel\u0101na kr\u0101sas ir pasaul\u0113 pla\u0161i zin\u0101mas d\u0113\u013c to sp\u012bduma, mirdzuma un augst\u0101s kvalit\u0101tes. Kr\u0101sas graudainums ir izteikti smalks, t\u0101d\u0113\u013c t\u0101s ir vienk\u0101r\u0161i sajaukt ar e\u013c\u013c\u0101m un medijiem. T\u0101s ir caursp\u012bd\u012bgas glaz\u016brveida kr\u0101sas un ir j\u0101uzkl\u0101j pl\u0101n\u0101 sl\u0101n\u012b. Parasti ir pietiekams viens sl\u0101nis un dedzin\u0101\u0161ana. Da\u017ereiz kr\u0101su var papildin\u0101t ar diviem kl\u0101jumiem un t\u016bl\u012bt apdedzin\u0101t. Visas kr\u0101sas ir savstarp\u0113ji sajaucamas.<br \/>\nDedzin\u0101\u0161ana: Kr\u0101sas att\u012bst\u0101s temperat\u016br\u0101 no 750\u00b0C l\u012bdz 820\u00b0C (\u012bpa\u0161i t\u0101s, kas ir uz zelta b\u0101zes, piem\u0113ram, purpura un violetie to\u0146i). Vid\u0113jo temperat\u016bru piem\u0113rot 820\u00b0C. Da\u017ei to\u0146i satur kadmiju (2059, 2082, 2083, 2086). Tos ieteicams dedzin\u0101t augst\u0101kais 780\u00b0C, vislab\u0101k 740\u00b0C. Tas noz\u012bm\u0113 vienreiz apdedzin\u0101t citus to\u0146us, tad uzkl\u0101t kadmija kr\u0101sas un apdedzin\u0101t v\u0113lreiz. Ja v\u0113laties dedzin\u0101t kadmija kr\u0101sas vienlaikus ar cit\u0101m kr\u0101s\u0101m, kl\u0101jiet t\u0101s biez\u0101k\u0101 sl\u0101n\u012b vai divos sl\u0101\u0146os, pa vidam no\u017e\u0101v\u0113jot, lai neizsm\u0113r\u0113tu apak\u0161\u0113jo sl\u0101ni.<\/p>\n","protected":false},"excerpt":{"rendered":"<p>Schjrening porcel\u0101na kr\u0101sas ir pasaul\u0113 pla\u0161i zin\u0101mas d\u0113\u013c to sp\u012bduma, mirdzuma un augst\u0101s kvalit\u0101tes. Kr\u0101sas graudainums ir izteikti smalks, t\u0101d\u0113\u013c t\u0101s ir vienk\u0101r\u0161i sajaukt ar e\u013c\u013c\u0101m un medijiem. T\u0101s ir caursp\u012bd\u012bgas glaz\u016brveida kr\u0101sas un ir j\u0101uzkl\u0101j pl\u0101n\u0101 sl\u0101n\u012b. Parasti ir pietiekams viens sl\u0101nis un dedzin\u0101\u0161ana. Da\u017ereiz kr\u0101su var papildin\u0101t ar diviem kl\u0101jumiem un t\u016bl\u012bt apdedzin\u0101t. Visas kr\u0101sas ir savstarp\u0113ji sajaucamas. Dedzin\u0101\u0161ana: Kr\u0101sas att\u012bst\u0101s temperat\u016br\u0101 no 750\u00b0C l\u012bdz 820\u00b0C (\u012bpa\u0161i t\u0101s, kas ir uz zelta b\u0101zes, piem\u0113ram, purpura un violetie to\u0146i). Vid\u0113jo temperat\u016bru piem\u0113rot 820\u00b0C. Da\u017ei to\u0146i satur kadmiju (2059, 2082, 2083, 2086). Tos ieteicams dedzin\u0101t augst\u0101kais 780\u00b0C, vislab\u0101k 740\u00b0C. Tas noz\u012bm\u0113 vienreiz apdedzin\u0101t citus to\u0146us, tad uzkl\u0101t kadmija kr\u0101sas un apdedzin\u0101t v\u0113lreiz. Ja v\u0113laties dedzin\u0101t kadmija kr\u0101sas vienlaikus ar cit\u0101m kr\u0101s\u0101m, kl\u0101jiet t\u0101s biez\u0101k\u0101 sl\u0101n\u012b vai divos sl\u0101\u0146os, pa vidam no\u017e\u0101v\u0113jot, lai neizsm\u0113r\u0113tu apak\u0161\u0113jo sl\u0101ni.<\/p>\n","protected":false},"featured_media":222311,"comment_status":"closed","ping_status":"closed","template":"","meta":{"_acf_changed":false,"ep_exclude_from_search":false},"product_cat":[17962,18243,17918],"product_tag":[],"class_list":{"0":"post-265775","1":"product","2":"type-product","3":"status-publish","4":"has-post-thumbnail","6":"product_cat-karsejamas-krasas","7":"product_cat-porcelana-krasas","8":"product_cat-preces-hobijiem","10":"first","11":"instock","12":"sale","13":"taxable","14":"shipping-taxable","15":"purchasable","16":"product-type-variable"},"acf":[],"yoast_head":"<!-- This site is optimized with the Yoast SEO plugin v24.1 - https:\/\/yoast.com\/wordpress\/plugins\/seo\/ -->\n<title>Porcel\u0101na kr\u0101sa Schjerning 6g &#8211; Skizze<\/title>\n<meta name=\"robots\" content=\"noindex, follow, max-snippet:-1, max-image-preview:large, max-video-preview:-1\" \/>\n<meta property=\"og:locale\" content=\"lv_LV\" \/>\n<meta property=\"og:type\" content=\"article\" \/>\n<meta property=\"og:title\" content=\"Porcel\u0101na kr\u0101sa Schjerning 6g &#8211; Skizze\" \/>\n<meta property=\"og:description\" content=\"Schjrening porcel\u0101na kr\u0101sas ir pasaul\u0113 pla\u0161i zin\u0101mas d\u0113\u013c to sp\u012bduma, mirdzuma un augst\u0101s kvalit\u0101tes. Kr\u0101sas graudainums ir izteikti smalks, t\u0101d\u0113\u013c t\u0101s ir vienk\u0101r\u0161i sajaukt ar e\u013c\u013c\u0101m un medijiem. T\u0101s ir caursp\u012bd\u012bgas glaz\u016brveida kr\u0101sas un ir j\u0101uzkl\u0101j pl\u0101n\u0101 sl\u0101n\u012b. Parasti ir pietiekams viens sl\u0101nis un dedzin\u0101\u0161ana. Da\u017ereiz kr\u0101su var papildin\u0101t ar diviem kl\u0101jumiem un t\u016bl\u012bt apdedzin\u0101t. Visas kr\u0101sas ir savstarp\u0113ji sajaucamas. Dedzin\u0101\u0161ana: Kr\u0101sas att\u012bst\u0101s temperat\u016br\u0101 no 750\u00b0C l\u012bdz 820\u00b0C (\u012bpa\u0161i t\u0101s, kas ir uz zelta b\u0101zes, piem\u0113ram, purpura un violetie to\u0146i). Vid\u0113jo temperat\u016bru piem\u0113rot 820\u00b0C. Da\u017ei to\u0146i satur kadmiju (2059, 2082, 2083, 2086). Tos ieteicams dedzin\u0101t augst\u0101kais 780\u00b0C, vislab\u0101k 740\u00b0C. Tas noz\u012bm\u0113 vienreiz apdedzin\u0101t citus to\u0146us, tad uzkl\u0101t kadmija kr\u0101sas un apdedzin\u0101t v\u0113lreiz. Ja v\u0113laties dedzin\u0101t kadmija kr\u0101sas vienlaikus ar cit\u0101m kr\u0101s\u0101m, kl\u0101jiet t\u0101s biez\u0101k\u0101 sl\u0101n\u012b vai divos sl\u0101\u0146os, pa vidam no\u017e\u0101v\u0113jot, lai neizsm\u0113r\u0113tu apak\u0161\u0113jo sl\u0101ni.\" \/>\n<meta property=\"og:url\" content=\"https:\/\/hobstop.ee\/lv\/produkts\/porcelana-krasa-schjerning-6g\/\" \/>\n<meta property=\"og:site_name\" content=\"Skizze\" \/>\n<meta property=\"article:publisher\" content=\"http:\/\/www.facebook.com\/VunderSkizze\" \/>\n<meta property=\"article:modified_time\" content=\"2016-05-13T13:42:09+00:00\" \/>\n<meta property=\"og:image\" content=\"https:\/\/hobstop.ee\/media\/1510.jpg\" \/>\n\t<meta property=\"og:image:width\" content=\"1024\" \/>\n\t<meta property=\"og:image:height\" content=\"768\" \/>\n\t<meta property=\"og:image:type\" content=\"image\/jpeg\" \/>\n<meta name=\"twitter:card\" content=\"summary_large_image\" \/>\n<meta name=\"twitter:label1\" content=\"Est. reading time\" \/>\n\t<meta name=\"twitter:data1\" content=\"1 min\u016b\u0161u\" \/>\n<script type=\"application\/ld+json\" class=\"yoast-schema-graph\">{\"@context\":\"https:\/\/schema.org\",\"@graph\":[{\"@type\":\"WebPage\",\"@id\":\"https:\/\/hobstop.ee\/lv\/produkts\/porcelana-krasa-schjerning-6g\/\",\"url\":\"https:\/\/hobstop.ee\/lv\/produkts\/porcelana-krasa-schjerning-6g\/\",\"name\":\"Porcel\u0101na kr\u0101sa Schjerning 6g &#8211; Skizze\",\"isPartOf\":{\"@id\":\"https:\/\/hobstop.ee\/lv\/#website\"},\"primaryImageOfPage\":{\"@id\":\"https:\/\/hobstop.ee\/lv\/produkts\/porcelana-krasa-schjerning-6g\/#primaryimage\"},\"image\":{\"@id\":\"https:\/\/hobstop.ee\/lv\/produkts\/porcelana-krasa-schjerning-6g\/#primaryimage\"},\"thumbnailUrl\":\"https:\/\/hobstop.ee\/media\/1510.jpg\",\"datePublished\":\"2015-09-13T13:35:30+00:00\",\"dateModified\":\"2016-05-13T13:42:09+00:00\",\"breadcrumb\":{\"@id\":\"https:\/\/hobstop.ee\/lv\/produkts\/porcelana-krasa-schjerning-6g\/#breadcrumb\"},\"inLanguage\":\"lv-LV\",\"potentialAction\":[{\"@type\":\"ReadAction\",\"target\":[\"https:\/\/hobstop.ee\/lv\/produkts\/porcelana-krasa-schjerning-6g\/\"]}]},{\"@type\":\"ImageObject\",\"inLanguage\":\"lv-LV\",\"@id\":\"https:\/\/hobstop.ee\/lv\/produkts\/porcelana-krasa-schjerning-6g\/#primaryimage\",\"url\":\"https:\/\/hobstop.ee\/media\/1510.jpg\",\"contentUrl\":\"https:\/\/hobstop.ee\/media\/1510.jpg\",\"width\":1024,\"height\":768},{\"@type\":\"BreadcrumbList\",\"@id\":\"https:\/\/hobstop.ee\/lv\/produkts\/porcelana-krasa-schjerning-6g\/#breadcrumb\",\"itemListElement\":[{\"@type\":\"ListItem\",\"position\":1,\"name\":\"Avaleht\",\"item\":\"https:\/\/www.hobstop.ee\/lv\/\"},{\"@type\":\"ListItem\",\"position\":2,\"name\":\"Veikals\",\"item\":\"https:\/\/www.hobstop.ee\/lv\/veikals\/\"},{\"@type\":\"ListItem\",\"position\":3,\"name\":\"Porcel\u0101na kr\u0101sa Schjerning 6g\"}]},{\"@type\":\"WebSite\",\"@id\":\"https:\/\/hobstop.ee\/lv\/#website\",\"url\":\"https:\/\/hobstop.ee\/lv\/\",\"name\":\"Skizze\",\"description\":\"M\u0101kslas, hobiju un skolas preces\",\"publisher\":{\"@id\":\"https:\/\/hobstop.ee\/lv\/#organization\"},\"potentialAction\":[{\"@type\":\"SearchAction\",\"target\":{\"@type\":\"EntryPoint\",\"urlTemplate\":\"https:\/\/hobstop.ee\/lv\/?s={search_term_string}\"},\"query-input\":{\"@type\":\"PropertyValueSpecification\",\"valueRequired\":true,\"valueName\":\"search_term_string\"}}],\"inLanguage\":\"lv-LV\"},{\"@type\":\"Organization\",\"@id\":\"https:\/\/hobstop.ee\/lv\/#organization\",\"name\":\"Vunder AS\",\"url\":\"https:\/\/hobstop.ee\/lv\/\",\"logo\":{\"@type\":\"ImageObject\",\"inLanguage\":\"lv-LV\",\"@id\":\"https:\/\/hobstop.ee\/lv\/#\/schema\/logo\/image\/\",\"url\":\"https:\/\/hobstop.ee\/media\/vunder-logo.png\",\"contentUrl\":\"https:\/\/hobstop.ee\/media\/vunder-logo.png\",\"width\":127,\"height\":55,\"caption\":\"Vunder AS\"},\"image\":{\"@id\":\"https:\/\/hobstop.ee\/lv\/#\/schema\/logo\/image\/\"},\"sameAs\":[\"http:\/\/www.facebook.com\/VunderSkizze\"]}]}<\/script>\n<!-- \/ Yoast SEO plugin. -->","yoast_head_json":{"title":"Porcel\u0101na kr\u0101sa Schjerning 6g &#8211; Skizze","robots":{"index":"noindex","follow":"follow","max-snippet":"max-snippet:-1","max-image-preview":"max-image-preview:large","max-video-preview":"max-video-preview:-1"},"og_locale":"lv_LV","og_type":"article","og_title":"Porcel\u0101na kr\u0101sa Schjerning 6g &#8211; Skizze","og_description":"Schjrening porcel\u0101na kr\u0101sas ir pasaul\u0113 pla\u0161i zin\u0101mas d\u0113\u013c to sp\u012bduma, mirdzuma un augst\u0101s kvalit\u0101tes. Kr\u0101sas graudainums ir izteikti smalks, t\u0101d\u0113\u013c t\u0101s ir vienk\u0101r\u0161i sajaukt ar e\u013c\u013c\u0101m un medijiem. T\u0101s ir caursp\u012bd\u012bgas glaz\u016brveida kr\u0101sas un ir j\u0101uzkl\u0101j pl\u0101n\u0101 sl\u0101n\u012b. Parasti ir pietiekams viens sl\u0101nis un dedzin\u0101\u0161ana. Da\u017ereiz kr\u0101su var papildin\u0101t ar diviem kl\u0101jumiem un t\u016bl\u012bt apdedzin\u0101t. Visas kr\u0101sas ir savstarp\u0113ji sajaucamas. Dedzin\u0101\u0161ana: Kr\u0101sas att\u012bst\u0101s temperat\u016br\u0101 no 750\u00b0C l\u012bdz 820\u00b0C (\u012bpa\u0161i t\u0101s, kas ir uz zelta b\u0101zes, piem\u0113ram, purpura un violetie to\u0146i). Vid\u0113jo temperat\u016bru piem\u0113rot 820\u00b0C. Da\u017ei to\u0146i satur kadmiju (2059, 2082, 2083, 2086). Tos ieteicams dedzin\u0101t augst\u0101kais 780\u00b0C, vislab\u0101k 740\u00b0C. Tas noz\u012bm\u0113 vienreiz apdedzin\u0101t citus to\u0146us, tad uzkl\u0101t kadmija kr\u0101sas un apdedzin\u0101t v\u0113lreiz. Ja v\u0113laties dedzin\u0101t kadmija kr\u0101sas vienlaikus ar cit\u0101m kr\u0101s\u0101m, kl\u0101jiet t\u0101s biez\u0101k\u0101 sl\u0101n\u012b vai divos sl\u0101\u0146os, pa vidam no\u017e\u0101v\u0113jot, lai neizsm\u0113r\u0113tu apak\u0161\u0113jo sl\u0101ni.","og_url":"https:\/\/hobstop.ee\/lv\/produkts\/porcelana-krasa-schjerning-6g\/","og_site_name":"Skizze","article_publisher":"http:\/\/www.facebook.com\/VunderSkizze","article_modified_time":"2016-05-13T13:42:09+00:00","og_image":[{"width":1024,"height":768,"url":"https:\/\/hobstop.ee\/media\/1510.jpg","type":"image\/jpeg"}],"twitter_card":"summary_large_image","twitter_misc":{"Est. reading time":"1 min\u016b\u0161u"},"schema":{"@context":"https:\/\/schema.org","@graph":[{"@type":"WebPage","@id":"https:\/\/hobstop.ee\/lv\/produkts\/porcelana-krasa-schjerning-6g\/","url":"https:\/\/hobstop.ee\/lv\/produkts\/porcelana-krasa-schjerning-6g\/","name":"Porcel\u0101na kr\u0101sa Schjerning 6g &#8211; Skizze","isPartOf":{"@id":"https:\/\/hobstop.ee\/lv\/#website"},"primaryImageOfPage":{"@id":"https:\/\/hobstop.ee\/lv\/produkts\/porcelana-krasa-schjerning-6g\/#primaryimage"},"image":{"@id":"https:\/\/hobstop.ee\/lv\/produkts\/porcelana-krasa-schjerning-6g\/#primaryimage"},"thumbnailUrl":"https:\/\/hobstop.ee\/media\/1510.jpg","datePublished":"2015-09-13T13:35:30+00:00","dateModified":"2016-05-13T13:42:09+00:00","breadcrumb":{"@id":"https:\/\/hobstop.ee\/lv\/produkts\/porcelana-krasa-schjerning-6g\/#breadcrumb"},"inLanguage":"lv-LV","potentialAction":[{"@type":"ReadAction","target":["https:\/\/hobstop.ee\/lv\/produkts\/porcelana-krasa-schjerning-6g\/"]}]},{"@type":"ImageObject","inLanguage":"lv-LV","@id":"https:\/\/hobstop.ee\/lv\/produkts\/porcelana-krasa-schjerning-6g\/#primaryimage","url":"https:\/\/hobstop.ee\/media\/1510.jpg","contentUrl":"https:\/\/hobstop.ee\/media\/1510.jpg","width":1024,"height":768},{"@type":"BreadcrumbList","@id":"https:\/\/hobstop.ee\/lv\/produkts\/porcelana-krasa-schjerning-6g\/#breadcrumb","itemListElement":[{"@type":"ListItem","position":1,"name":"Avaleht","item":"https:\/\/www.hobstop.ee\/lv\/"},{"@type":"ListItem","position":2,"name":"Veikals","item":"https:\/\/www.hobstop.ee\/lv\/veikals\/"},{"@type":"ListItem","position":3,"name":"Porcel\u0101na kr\u0101sa Schjerning 6g"}]},{"@type":"WebSite","@id":"https:\/\/hobstop.ee\/lv\/#website","url":"https:\/\/hobstop.ee\/lv\/","name":"Skizze","description":"M\u0101kslas, hobiju un skolas preces","publisher":{"@id":"https:\/\/hobstop.ee\/lv\/#organization"},"potentialAction":[{"@type":"SearchAction","target":{"@type":"EntryPoint","urlTemplate":"https:\/\/hobstop.ee\/lv\/?s={search_term_string}"},"query-input":{"@type":"PropertyValueSpecification","valueRequired":true,"valueName":"search_term_string"}}],"inLanguage":"lv-LV"},{"@type":"Organization","@id":"https:\/\/hobstop.ee\/lv\/#organization","name":"Vunder AS","url":"https:\/\/hobstop.ee\/lv\/","logo":{"@type":"ImageObject","inLanguage":"lv-LV","@id":"https:\/\/hobstop.ee\/lv\/#\/schema\/logo\/image\/","url":"https:\/\/hobstop.ee\/media\/vunder-logo.png","contentUrl":"https:\/\/hobstop.ee\/media\/vunder-logo.png","width":127,"height":55,"caption":"Vunder AS"},"image":{"@id":"https:\/\/hobstop.ee\/lv\/#\/schema\/logo\/image\/"},"sameAs":["http:\/\/www.facebook.com\/VunderSkizze"]}]}},"_links":{"self":[{"href":"https:\/\/hobstop.ee\/lv\/wp-json\/wp\/v2\/product\/265775","targetHints":{"allow":["GET"]}}],"collection":[{"href":"https:\/\/hobstop.ee\/lv\/wp-json\/wp\/v2\/product"}],"about":[{"href":"https:\/\/hobstop.ee\/lv\/wp-json\/wp\/v2\/types\/product"}],"replies":[{"embeddable":true,"href":"https:\/\/hobstop.ee\/lv\/wp-json\/wp\/v2\/comments?post=265775"}],"wp:featuredmedia":[{"embeddable":true,"href":"https:\/\/hobstop.ee\/lv\/wp-json\/wp\/v2\/media\/222311"}],"wp:attachment":[{"href":"https:\/\/hobstop.ee\/lv\/wp-json\/wp\/v2\/media?parent=265775"}],"wp:term":[{"taxonomy":"product_cat","embeddable":true,"href":"https:\/\/hobstop.ee\/lv\/wp-json\/wp\/v2\/product_cat?post=265775"},{"taxonomy":"product_tag","embeddable":true,"href":"https:\/\/hobstop.ee\/lv\/wp-json\/wp\/v2\/product_tag?post=265775"}],"curies":[{"name":"wp","href":"https:\/\/api.w.org\/{rel}","templated":true}]}}