{"id":265906,"date":"2014-12-08T23:49:29","date_gmt":"2015-09-13T13:36:25","guid":{"rendered":"https:\/\/sharks.ee\/vunder_2019\/lv\/product\/zimulu-asinamais-maped-colorpeps\/"},"modified":"2016-05-13T16:51:05","modified_gmt":"2016-05-13T13:51:05","slug":"zimulu-asinamais-maped-colorpeps","status":"publish","type":"product","link":"https:\/\/hobstop.ee\/lv\/produkts\/zimulu-asinamais-maped-colorpeps\/","title":{"rendered":"Z\u012bmu\u013cu asin\u0101mais Maped Color&#8217;Peps"},"content":{"rendered":"<p>Color&#8217;Peps z\u012bmu\u013cu asin\u0101mais ir \u012bpa\u0161i piem\u0113rots kr\u0101sainiem z\u012bmu\u013ciem &#8211; nogludina un noapa\u013co kodoli\u0146u, k\u0101 ar\u012b neatst\u0101j paliekas uz pap\u012bra. Noapa\u013codais gals ir ide\u0101li piem\u0113rots kr\u0101so\u0161anai un izcel\u0161anai. Aizsargv\u0101ci\u0146\u0161 ir \u012bpa\u0161i atjaut\u012bgi veidots, jo aizsarg\u0101 kodoli\u0146u no l\u016b\u0161anas un nenosm\u0113r\u0113 pen\u0101li. \u012as\u0101k sakot, tas ir z\u012bmu\u013cu asin\u0101mais, bez k\u0101 nevar iztikt kr\u0101so\u0161an\u0101!<\/p>\n","protected":false},"excerpt":{"rendered":"<p>Color&#8217;Peps z\u012bmu\u013cu asin\u0101mais ir \u012bpa\u0161i piem\u0113rots kr\u0101sainiem z\u012bmu\u013ciem &#8211; nogludina un noapa\u013co kodoli\u0146u, k\u0101 ar\u012b neatst\u0101j paliekas uz pap\u012bra. Noapa\u013codais gals ir ide\u0101li piem\u0113rots kr\u0101so\u0161anai un izcel\u0161anai. Aizsargv\u0101ci\u0146\u0161 ir \u012bpa\u0161i atjaut\u012bgi veidots, jo aizsarg\u0101 kodoli\u0146u no l\u016b\u0161anas un nenosm\u0113r\u0113 pen\u0101li. \u012as\u0101k sakot, tas ir z\u012bmu\u013cu asin\u0101mais, bez k\u0101 nevar iztikt kr\u0101so\u0161an\u0101!<\/p>\n","protected":false},"featured_media":354463,"comment_status":"closed","ping_status":"closed","template":"","meta":{"_acf_changed":false,"ep_exclude_from_search":false},"product_cat":[17916,18633,18136],"product_tag":[],"class_list":{"0":"post-265906","1":"product","2":"type-product","3":"status-publish","4":"has-post-thumbnail","6":"product_cat-preces-skolai","7":"product_cat-zimesanas-piederumi-2","8":"product_cat-zimulu-asinamie","10":"first","11":"instock","12":"taxable","13":"shipping-taxable","14":"purchasable","15":"product-type-variable"},"acf":[],"yoast_head":"<!-- This site is optimized with the Yoast SEO plugin v24.1 - https:\/\/yoast.com\/wordpress\/plugins\/seo\/ -->\n<title>Z\u012bmu\u013cu asin\u0101mais Maped Color&#039;Peps &#8211; Skizze<\/title>\n<meta name=\"robots\" content=\"noindex, follow, max-snippet:-1, max-image-preview:large, max-video-preview:-1\" \/>\n<meta property=\"og:locale\" content=\"lv_LV\" \/>\n<meta property=\"og:type\" content=\"article\" \/>\n<meta property=\"og:title\" content=\"Z\u012bmu\u013cu asin\u0101mais Maped Color&#039;Peps &#8211; Skizze\" \/>\n<meta property=\"og:description\" content=\"Color&#8217;Peps z\u012bmu\u013cu asin\u0101mais ir \u012bpa\u0161i piem\u0113rots kr\u0101sainiem z\u012bmu\u013ciem &#8211; nogludina un noapa\u013co kodoli\u0146u, k\u0101 ar\u012b neatst\u0101j paliekas uz pap\u012bra. Noapa\u013codais gals ir ide\u0101li piem\u0113rots kr\u0101so\u0161anai un izcel\u0161anai. Aizsargv\u0101ci\u0146\u0161 ir \u012bpa\u0161i atjaut\u012bgi veidots, jo aizsarg\u0101 kodoli\u0146u no l\u016b\u0161anas un nenosm\u0113r\u0113 pen\u0101li. \u012as\u0101k sakot, tas ir z\u012bmu\u013cu asin\u0101mais, bez k\u0101 nevar iztikt kr\u0101so\u0161an\u0101!\" \/>\n<meta property=\"og:url\" content=\"https:\/\/hobstop.ee\/lv\/produkts\/zimulu-asinamais-maped-colorpeps\/\" \/>\n<meta property=\"og:site_name\" content=\"Skizze\" \/>\n<meta property=\"article:publisher\" content=\"http:\/\/www.facebook.com\/VunderSkizze\" \/>\n<meta property=\"article:modified_time\" content=\"2016-05-13T13:51:05+00:00\" \/>\n<meta property=\"og:image\" content=\"https:\/\/hobstop.ee\/media\/3866.jpg\" \/>\n\t<meta property=\"og:image:width\" content=\"1024\" \/>\n\t<meta property=\"og:image:height\" content=\"768\" \/>\n\t<meta property=\"og:image:type\" content=\"image\/jpeg\" \/>\n<meta name=\"twitter:card\" content=\"summary_large_image\" \/>\n<script type=\"application\/ld+json\" class=\"yoast-schema-graph\">{\"@context\":\"https:\/\/schema.org\",\"@graph\":[{\"@type\":\"WebPage\",\"@id\":\"https:\/\/hobstop.ee\/lv\/produkts\/zimulu-asinamais-maped-colorpeps\/\",\"url\":\"https:\/\/hobstop.ee\/lv\/produkts\/zimulu-asinamais-maped-colorpeps\/\",\"name\":\"Z\u012bmu\u013cu asin\u0101mais Maped Color'Peps &#8211; Skizze\",\"isPartOf\":{\"@id\":\"https:\/\/hobstop.ee\/lv\/#website\"},\"primaryImageOfPage\":{\"@id\":\"https:\/\/hobstop.ee\/lv\/produkts\/zimulu-asinamais-maped-colorpeps\/#primaryimage\"},\"image\":{\"@id\":\"https:\/\/hobstop.ee\/lv\/produkts\/zimulu-asinamais-maped-colorpeps\/#primaryimage\"},\"thumbnailUrl\":\"https:\/\/hobstop.ee\/media\/3866.jpg\",\"datePublished\":\"2015-09-13T13:36:25+00:00\",\"dateModified\":\"2016-05-13T13:51:05+00:00\",\"breadcrumb\":{\"@id\":\"https:\/\/hobstop.ee\/lv\/produkts\/zimulu-asinamais-maped-colorpeps\/#breadcrumb\"},\"inLanguage\":\"lv-LV\",\"potentialAction\":[{\"@type\":\"ReadAction\",\"target\":[\"https:\/\/hobstop.ee\/lv\/produkts\/zimulu-asinamais-maped-colorpeps\/\"]}]},{\"@type\":\"ImageObject\",\"inLanguage\":\"lv-LV\",\"@id\":\"https:\/\/hobstop.ee\/lv\/produkts\/zimulu-asinamais-maped-colorpeps\/#primaryimage\",\"url\":\"https:\/\/hobstop.ee\/media\/3866.jpg\",\"contentUrl\":\"https:\/\/hobstop.ee\/media\/3866.jpg\",\"width\":1024,\"height\":768},{\"@type\":\"BreadcrumbList\",\"@id\":\"https:\/\/hobstop.ee\/lv\/produkts\/zimulu-asinamais-maped-colorpeps\/#breadcrumb\",\"itemListElement\":[{\"@type\":\"ListItem\",\"position\":1,\"name\":\"Avaleht\",\"item\":\"https:\/\/www.hobstop.ee\/lv\/\"},{\"@type\":\"ListItem\",\"position\":2,\"name\":\"Veikals\",\"item\":\"https:\/\/www.hobstop.ee\/lv\/veikals\/\"},{\"@type\":\"ListItem\",\"position\":3,\"name\":\"Z\u012bmu\u013cu asin\u0101mais Maped Color&#8217;Peps\"}]},{\"@type\":\"WebSite\",\"@id\":\"https:\/\/hobstop.ee\/lv\/#website\",\"url\":\"https:\/\/hobstop.ee\/lv\/\",\"name\":\"Skizze\",\"description\":\"M\u0101kslas, hobiju un skolas preces\",\"publisher\":{\"@id\":\"https:\/\/hobstop.ee\/lv\/#organization\"},\"potentialAction\":[{\"@type\":\"SearchAction\",\"target\":{\"@type\":\"EntryPoint\",\"urlTemplate\":\"https:\/\/hobstop.ee\/lv\/?s={search_term_string}\"},\"query-input\":{\"@type\":\"PropertyValueSpecification\",\"valueRequired\":true,\"valueName\":\"search_term_string\"}}],\"inLanguage\":\"lv-LV\"},{\"@type\":\"Organization\",\"@id\":\"https:\/\/hobstop.ee\/lv\/#organization\",\"name\":\"Vunder AS\",\"url\":\"https:\/\/hobstop.ee\/lv\/\",\"logo\":{\"@type\":\"ImageObject\",\"inLanguage\":\"lv-LV\",\"@id\":\"https:\/\/hobstop.ee\/lv\/#\/schema\/logo\/image\/\",\"url\":\"https:\/\/hobstop.ee\/media\/vunder-logo.png\",\"contentUrl\":\"https:\/\/hobstop.ee\/media\/vunder-logo.png\",\"width\":127,\"height\":55,\"caption\":\"Vunder AS\"},\"image\":{\"@id\":\"https:\/\/hobstop.ee\/lv\/#\/schema\/logo\/image\/\"},\"sameAs\":[\"http:\/\/www.facebook.com\/VunderSkizze\"]}]}<\/script>\n<!-- \/ Yoast SEO plugin. -->","yoast_head_json":{"title":"Z\u012bmu\u013cu asin\u0101mais Maped Color'Peps &#8211; Skizze","robots":{"index":"noindex","follow":"follow","max-snippet":"max-snippet:-1","max-image-preview":"max-image-preview:large","max-video-preview":"max-video-preview:-1"},"og_locale":"lv_LV","og_type":"article","og_title":"Z\u012bmu\u013cu asin\u0101mais Maped Color'Peps &#8211; Skizze","og_description":"Color&#8217;Peps z\u012bmu\u013cu asin\u0101mais ir \u012bpa\u0161i piem\u0113rots kr\u0101sainiem z\u012bmu\u013ciem &#8211; nogludina un noapa\u013co kodoli\u0146u, k\u0101 ar\u012b neatst\u0101j paliekas uz pap\u012bra. Noapa\u013codais gals ir ide\u0101li piem\u0113rots kr\u0101so\u0161anai un izcel\u0161anai. Aizsargv\u0101ci\u0146\u0161 ir \u012bpa\u0161i atjaut\u012bgi veidots, jo aizsarg\u0101 kodoli\u0146u no l\u016b\u0161anas un nenosm\u0113r\u0113 pen\u0101li. \u012as\u0101k sakot, tas ir z\u012bmu\u013cu asin\u0101mais, bez k\u0101 nevar iztikt kr\u0101so\u0161an\u0101!","og_url":"https:\/\/hobstop.ee\/lv\/produkts\/zimulu-asinamais-maped-colorpeps\/","og_site_name":"Skizze","article_publisher":"http:\/\/www.facebook.com\/VunderSkizze","article_modified_time":"2016-05-13T13:51:05+00:00","og_image":[{"width":1024,"height":768,"url":"https:\/\/hobstop.ee\/media\/3866.jpg","type":"image\/jpeg"}],"twitter_card":"summary_large_image","schema":{"@context":"https:\/\/schema.org","@graph":[{"@type":"WebPage","@id":"https:\/\/hobstop.ee\/lv\/produkts\/zimulu-asinamais-maped-colorpeps\/","url":"https:\/\/hobstop.ee\/lv\/produkts\/zimulu-asinamais-maped-colorpeps\/","name":"Z\u012bmu\u013cu asin\u0101mais Maped Color'Peps &#8211; Skizze","isPartOf":{"@id":"https:\/\/hobstop.ee\/lv\/#website"},"primaryImageOfPage":{"@id":"https:\/\/hobstop.ee\/lv\/produkts\/zimulu-asinamais-maped-colorpeps\/#primaryimage"},"image":{"@id":"https:\/\/hobstop.ee\/lv\/produkts\/zimulu-asinamais-maped-colorpeps\/#primaryimage"},"thumbnailUrl":"https:\/\/hobstop.ee\/media\/3866.jpg","datePublished":"2015-09-13T13:36:25+00:00","dateModified":"2016-05-13T13:51:05+00:00","breadcrumb":{"@id":"https:\/\/hobstop.ee\/lv\/produkts\/zimulu-asinamais-maped-colorpeps\/#breadcrumb"},"inLanguage":"lv-LV","potentialAction":[{"@type":"ReadAction","target":["https:\/\/hobstop.ee\/lv\/produkts\/zimulu-asinamais-maped-colorpeps\/"]}]},{"@type":"ImageObject","inLanguage":"lv-LV","@id":"https:\/\/hobstop.ee\/lv\/produkts\/zimulu-asinamais-maped-colorpeps\/#primaryimage","url":"https:\/\/hobstop.ee\/media\/3866.jpg","contentUrl":"https:\/\/hobstop.ee\/media\/3866.jpg","width":1024,"height":768},{"@type":"BreadcrumbList","@id":"https:\/\/hobstop.ee\/lv\/produkts\/zimulu-asinamais-maped-colorpeps\/#breadcrumb","itemListElement":[{"@type":"ListItem","position":1,"name":"Avaleht","item":"https:\/\/www.hobstop.ee\/lv\/"},{"@type":"ListItem","position":2,"name":"Veikals","item":"https:\/\/www.hobstop.ee\/lv\/veikals\/"},{"@type":"ListItem","position":3,"name":"Z\u012bmu\u013cu asin\u0101mais Maped Color&#8217;Peps"}]},{"@type":"WebSite","@id":"https:\/\/hobstop.ee\/lv\/#website","url":"https:\/\/hobstop.ee\/lv\/","name":"Skizze","description":"M\u0101kslas, hobiju un skolas preces","publisher":{"@id":"https:\/\/hobstop.ee\/lv\/#organization"},"potentialAction":[{"@type":"SearchAction","target":{"@type":"EntryPoint","urlTemplate":"https:\/\/hobstop.ee\/lv\/?s={search_term_string}"},"query-input":{"@type":"PropertyValueSpecification","valueRequired":true,"valueName":"search_term_string"}}],"inLanguage":"lv-LV"},{"@type":"Organization","@id":"https:\/\/hobstop.ee\/lv\/#organization","name":"Vunder AS","url":"https:\/\/hobstop.ee\/lv\/","logo":{"@type":"ImageObject","inLanguage":"lv-LV","@id":"https:\/\/hobstop.ee\/lv\/#\/schema\/logo\/image\/","url":"https:\/\/hobstop.ee\/media\/vunder-logo.png","contentUrl":"https:\/\/hobstop.ee\/media\/vunder-logo.png","width":127,"height":55,"caption":"Vunder AS"},"image":{"@id":"https:\/\/hobstop.ee\/lv\/#\/schema\/logo\/image\/"},"sameAs":["http:\/\/www.facebook.com\/VunderSkizze"]}]}},"_links":{"self":[{"href":"https:\/\/hobstop.ee\/lv\/wp-json\/wp\/v2\/product\/265906","targetHints":{"allow":["GET"]}}],"collection":[{"href":"https:\/\/hobstop.ee\/lv\/wp-json\/wp\/v2\/product"}],"about":[{"href":"https:\/\/hobstop.ee\/lv\/wp-json\/wp\/v2\/types\/product"}],"replies":[{"embeddable":true,"href":"https:\/\/hobstop.ee\/lv\/wp-json\/wp\/v2\/comments?post=265906"}],"wp:featuredmedia":[{"embeddable":true,"href":"https:\/\/hobstop.ee\/lv\/wp-json\/wp\/v2\/media\/354463"}],"wp:attachment":[{"href":"https:\/\/hobstop.ee\/lv\/wp-json\/wp\/v2\/media?parent=265906"}],"wp:term":[{"taxonomy":"product_cat","embeddable":true,"href":"https:\/\/hobstop.ee\/lv\/wp-json\/wp\/v2\/product_cat?post=265906"},{"taxonomy":"product_tag","embeddable":true,"href":"https:\/\/hobstop.ee\/lv\/wp-json\/wp\/v2\/product_tag?post=265906"}],"curies":[{"name":"wp","href":"https:\/\/api.w.org\/{rel}","templated":true}]}}