{"id":265941,"date":"2016-05-16T15:08:41","date_gmt":"2016-05-16T12:08:41","guid":{"rendered":"https:\/\/sharks.ee\/vunder_2019\/lv\/product\/kristala-akmentins-swarovski-flat-back-hotfix-curvey-2540-12x9-5mm\/"},"modified":"2016-05-16T15:08:41","modified_gmt":"2016-05-16T12:08:41","slug":"kristala-akmentins-swarovski-flat-back-hotfix-curvey-2540-12x9-5mm","status":"publish","type":"product","link":"https:\/\/hobstop.ee\/lv\/produkts\/kristala-akmentins-swarovski-flat-back-hotfix-curvey-2540-12x9-5mm\/","title":{"rendered":"Krist\u0101la akmenti\u0146\u0161 Swarovski Flat Back Hotfix curvey 2540 12&#215;9.5mm"},"content":{"rendered":"<p>Swarovski Flat Backs Hotfix plakanos krist\u0101lus var viegli piegludin\u0101t uz t\u0101diem materi\u0101liem k\u0101 vilna, kokvilna, lins, viskoze, likra, alkantara, z\u012bds, sint\u0113tika un d\u017eins, k\u0101 ar\u012b daudziem citiem. Uz plakan\u0101s krist\u0101la virsmas ir karstum\u0101 izk\u016bsto\u0161a l\u012bme, kas tiek aktiviz\u0113ta ar karstumu un t\u0101d\u0113j\u0101di piel\u012bp izmantojamam materi\u0101lam. Krisrt\u0101li ir iztur\u012bgi mazg\u0101\u0161anas laik\u0101, t\u0101d\u0113\u013c tos var izmantot rot\u0101jot ap\u0123\u0113rbu, somas, apavus un citus priek\u0161metus. Z\u012bmols CREATE YOUR STYLE with SWAROVSKI ELEMENTS garant\u0113 augst\u0101ko Austrijas krist\u0101lu kvalit\u0101ti!<\/p>\n","protected":false},"excerpt":{"rendered":"<p>Swarovski Flat Backs Hotfix plakanos krist\u0101lus var viegli piegludin\u0101t uz t\u0101diem materi\u0101liem k\u0101 vilna, kokvilna, lins, viskoze, likra, alkantara, z\u012bds, sint\u0113tika un d\u017eins, k\u0101 ar\u012b daudziem citiem. Uz plakan\u0101s krist\u0101la virsmas ir karstum\u0101 izk\u016bsto\u0161a l\u012bme, kas tiek aktiviz\u0113ta ar karstumu un t\u0101d\u0113j\u0101di piel\u012bp izmantojamam materi\u0101lam. Krisrt\u0101li ir iztur\u012bgi mazg\u0101\u0161anas laik\u0101, t\u0101d\u0113\u013c tos var izmantot rot\u0101jot ap\u0123\u0113rbu, somas, apavus un citus priek\u0161metus. Z\u012bmols CREATE YOUR STYLE with SWAROVSKI ELEMENTS garant\u0113 augst\u0101ko Austrijas krist\u0101lu kvalit\u0101ti!<\/p>\n","protected":false},"featured_media":266157,"comment_status":"closed","ping_status":"closed","template":"","meta":{"_acf_changed":false,"ep_exclude_from_search":false},"product_cat":[20138,17918,17956],"product_tag":[],"class_list":{"0":"post-265941","1":"product","2":"type-product","3":"status-publish","4":"has-post-thumbnail","6":"product_cat-kristali-2","7":"product_cat-preces-hobijiem","8":"product_cat-tekstilam","10":"first","11":"instock","12":"taxable","13":"shipping-taxable","14":"purchasable","15":"product-type-simple"},"acf":[],"yoast_head":"<!-- This site is optimized with the Yoast SEO plugin v24.1 - https:\/\/yoast.com\/wordpress\/plugins\/seo\/ -->\n<title>Krist\u0101la akmenti\u0146\u0161 Swarovski Flat Back Hotfix curvey 2540 12x9.5mm &#8211; Skizze<\/title>\n<meta name=\"robots\" content=\"noindex, follow, max-snippet:-1, max-image-preview:large, max-video-preview:-1\" \/>\n<meta property=\"og:locale\" content=\"lv_LV\" \/>\n<meta property=\"og:type\" content=\"article\" \/>\n<meta property=\"og:title\" content=\"Krist\u0101la akmenti\u0146\u0161 Swarovski Flat Back Hotfix curvey 2540 12x9.5mm &#8211; Skizze\" \/>\n<meta property=\"og:description\" content=\"Swarovski Flat Backs Hotfix plakanos krist\u0101lus var viegli piegludin\u0101t uz t\u0101diem materi\u0101liem k\u0101 vilna, kokvilna, lins, viskoze, likra, alkantara, z\u012bds, sint\u0113tika un d\u017eins, k\u0101 ar\u012b daudziem citiem. Uz plakan\u0101s krist\u0101la virsmas ir karstum\u0101 izk\u016bsto\u0161a l\u012bme, kas tiek aktiviz\u0113ta ar karstumu un t\u0101d\u0113j\u0101di piel\u012bp izmantojamam materi\u0101lam. Krisrt\u0101li ir iztur\u012bgi mazg\u0101\u0161anas laik\u0101, t\u0101d\u0113\u013c tos var izmantot rot\u0101jot ap\u0123\u0113rbu, somas, apavus un citus priek\u0161metus. Z\u012bmols CREATE YOUR STYLE with SWAROVSKI ELEMENTS garant\u0113 augst\u0101ko Austrijas krist\u0101lu kvalit\u0101ti!\" \/>\n<meta property=\"og:url\" content=\"https:\/\/hobstop.ee\/lv\/produkts\/kristala-akmentins-swarovski-flat-back-hotfix-curvey-2540-12x9-5mm\/\" \/>\n<meta property=\"og:site_name\" content=\"Skizze\" \/>\n<meta property=\"article:publisher\" content=\"http:\/\/www.facebook.com\/VunderSkizze\" \/>\n<meta property=\"og:image\" content=\"https:\/\/hobstop.ee\/media\/4296.jpg\" \/>\n\t<meta property=\"og:image:width\" content=\"1024\" \/>\n\t<meta property=\"og:image:height\" content=\"768\" \/>\n\t<meta property=\"og:image:type\" content=\"image\/jpeg\" \/>\n<meta name=\"twitter:card\" content=\"summary_large_image\" \/>\n<meta name=\"twitter:label1\" content=\"Est. reading time\" \/>\n\t<meta name=\"twitter:data1\" content=\"1 min\u016b\u0161u\" \/>\n<script type=\"application\/ld+json\" class=\"yoast-schema-graph\">{\"@context\":\"https:\/\/schema.org\",\"@graph\":[{\"@type\":\"WebPage\",\"@id\":\"https:\/\/hobstop.ee\/lv\/produkts\/kristala-akmentins-swarovski-flat-back-hotfix-curvey-2540-12x9-5mm\/\",\"url\":\"https:\/\/hobstop.ee\/lv\/produkts\/kristala-akmentins-swarovski-flat-back-hotfix-curvey-2540-12x9-5mm\/\",\"name\":\"Krist\u0101la akmenti\u0146\u0161 Swarovski Flat Back Hotfix curvey 2540 12x9.5mm &#8211; Skizze\",\"isPartOf\":{\"@id\":\"https:\/\/hobstop.ee\/lv\/#website\"},\"primaryImageOfPage\":{\"@id\":\"https:\/\/hobstop.ee\/lv\/produkts\/kristala-akmentins-swarovski-flat-back-hotfix-curvey-2540-12x9-5mm\/#primaryimage\"},\"image\":{\"@id\":\"https:\/\/hobstop.ee\/lv\/produkts\/kristala-akmentins-swarovski-flat-back-hotfix-curvey-2540-12x9-5mm\/#primaryimage\"},\"thumbnailUrl\":\"https:\/\/hobstop.ee\/media\/4296.jpg\",\"datePublished\":\"2016-05-16T12:08:41+00:00\",\"dateModified\":\"2016-05-16T12:08:41+00:00\",\"breadcrumb\":{\"@id\":\"https:\/\/hobstop.ee\/lv\/produkts\/kristala-akmentins-swarovski-flat-back-hotfix-curvey-2540-12x9-5mm\/#breadcrumb\"},\"inLanguage\":\"lv-LV\",\"potentialAction\":[{\"@type\":\"ReadAction\",\"target\":[\"https:\/\/hobstop.ee\/lv\/produkts\/kristala-akmentins-swarovski-flat-back-hotfix-curvey-2540-12x9-5mm\/\"]}]},{\"@type\":\"ImageObject\",\"inLanguage\":\"lv-LV\",\"@id\":\"https:\/\/hobstop.ee\/lv\/produkts\/kristala-akmentins-swarovski-flat-back-hotfix-curvey-2540-12x9-5mm\/#primaryimage\",\"url\":\"https:\/\/hobstop.ee\/media\/4296.jpg\",\"contentUrl\":\"https:\/\/hobstop.ee\/media\/4296.jpg\",\"width\":1024,\"height\":768},{\"@type\":\"BreadcrumbList\",\"@id\":\"https:\/\/hobstop.ee\/lv\/produkts\/kristala-akmentins-swarovski-flat-back-hotfix-curvey-2540-12x9-5mm\/#breadcrumb\",\"itemListElement\":[{\"@type\":\"ListItem\",\"position\":1,\"name\":\"Avaleht\",\"item\":\"https:\/\/hobstop.ee\/lv\/\"},{\"@type\":\"ListItem\",\"position\":2,\"name\":\"Veikals\",\"item\":\"https:\/\/hobstop.ee\/lv\/veikals\/\"},{\"@type\":\"ListItem\",\"position\":3,\"name\":\"Krist\u0101la akmenti\u0146\u0161 Swarovski Flat Back Hotfix curvey 2540 12&#215;9.5mm\"}]},{\"@type\":\"WebSite\",\"@id\":\"https:\/\/hobstop.ee\/lv\/#website\",\"url\":\"https:\/\/hobstop.ee\/lv\/\",\"name\":\"Skizze\",\"description\":\"M\u0101kslas, hobiju un skolas preces\",\"publisher\":{\"@id\":\"https:\/\/hobstop.ee\/lv\/#organization\"},\"potentialAction\":[{\"@type\":\"SearchAction\",\"target\":{\"@type\":\"EntryPoint\",\"urlTemplate\":\"https:\/\/hobstop.ee\/lv\/?s={search_term_string}\"},\"query-input\":{\"@type\":\"PropertyValueSpecification\",\"valueRequired\":true,\"valueName\":\"search_term_string\"}}],\"inLanguage\":\"lv-LV\"},{\"@type\":\"Organization\",\"@id\":\"https:\/\/hobstop.ee\/lv\/#organization\",\"name\":\"Vunder AS\",\"url\":\"https:\/\/hobstop.ee\/lv\/\",\"logo\":{\"@type\":\"ImageObject\",\"inLanguage\":\"lv-LV\",\"@id\":\"https:\/\/hobstop.ee\/lv\/#\/schema\/logo\/image\/\",\"url\":\"https:\/\/hobstop.ee\/media\/vunder-logo.png\",\"contentUrl\":\"https:\/\/hobstop.ee\/media\/vunder-logo.png\",\"width\":127,\"height\":55,\"caption\":\"Vunder AS\"},\"image\":{\"@id\":\"https:\/\/hobstop.ee\/lv\/#\/schema\/logo\/image\/\"},\"sameAs\":[\"http:\/\/www.facebook.com\/VunderSkizze\"]}]}<\/script>\n<!-- \/ Yoast SEO plugin. -->","yoast_head_json":{"title":"Krist\u0101la akmenti\u0146\u0161 Swarovski Flat Back Hotfix curvey 2540 12x9.5mm &#8211; Skizze","robots":{"index":"noindex","follow":"follow","max-snippet":"max-snippet:-1","max-image-preview":"max-image-preview:large","max-video-preview":"max-video-preview:-1"},"og_locale":"lv_LV","og_type":"article","og_title":"Krist\u0101la akmenti\u0146\u0161 Swarovski Flat Back Hotfix curvey 2540 12x9.5mm &#8211; Skizze","og_description":"Swarovski Flat Backs Hotfix plakanos krist\u0101lus var viegli piegludin\u0101t uz t\u0101diem materi\u0101liem k\u0101 vilna, kokvilna, lins, viskoze, likra, alkantara, z\u012bds, sint\u0113tika un d\u017eins, k\u0101 ar\u012b daudziem citiem. Uz plakan\u0101s krist\u0101la virsmas ir karstum\u0101 izk\u016bsto\u0161a l\u012bme, kas tiek aktiviz\u0113ta ar karstumu un t\u0101d\u0113j\u0101di piel\u012bp izmantojamam materi\u0101lam. Krisrt\u0101li ir iztur\u012bgi mazg\u0101\u0161anas laik\u0101, t\u0101d\u0113\u013c tos var izmantot rot\u0101jot ap\u0123\u0113rbu, somas, apavus un citus priek\u0161metus. Z\u012bmols CREATE YOUR STYLE with SWAROVSKI ELEMENTS garant\u0113 augst\u0101ko Austrijas krist\u0101lu kvalit\u0101ti!","og_url":"https:\/\/hobstop.ee\/lv\/produkts\/kristala-akmentins-swarovski-flat-back-hotfix-curvey-2540-12x9-5mm\/","og_site_name":"Skizze","article_publisher":"http:\/\/www.facebook.com\/VunderSkizze","og_image":[{"width":1024,"height":768,"url":"https:\/\/hobstop.ee\/media\/4296.jpg","type":"image\/jpeg"}],"twitter_card":"summary_large_image","twitter_misc":{"Est. reading time":"1 min\u016b\u0161u"},"schema":{"@context":"https:\/\/schema.org","@graph":[{"@type":"WebPage","@id":"https:\/\/hobstop.ee\/lv\/produkts\/kristala-akmentins-swarovski-flat-back-hotfix-curvey-2540-12x9-5mm\/","url":"https:\/\/hobstop.ee\/lv\/produkts\/kristala-akmentins-swarovski-flat-back-hotfix-curvey-2540-12x9-5mm\/","name":"Krist\u0101la akmenti\u0146\u0161 Swarovski Flat Back Hotfix curvey 2540 12x9.5mm &#8211; Skizze","isPartOf":{"@id":"https:\/\/hobstop.ee\/lv\/#website"},"primaryImageOfPage":{"@id":"https:\/\/hobstop.ee\/lv\/produkts\/kristala-akmentins-swarovski-flat-back-hotfix-curvey-2540-12x9-5mm\/#primaryimage"},"image":{"@id":"https:\/\/hobstop.ee\/lv\/produkts\/kristala-akmentins-swarovski-flat-back-hotfix-curvey-2540-12x9-5mm\/#primaryimage"},"thumbnailUrl":"https:\/\/hobstop.ee\/media\/4296.jpg","datePublished":"2016-05-16T12:08:41+00:00","dateModified":"2016-05-16T12:08:41+00:00","breadcrumb":{"@id":"https:\/\/hobstop.ee\/lv\/produkts\/kristala-akmentins-swarovski-flat-back-hotfix-curvey-2540-12x9-5mm\/#breadcrumb"},"inLanguage":"lv-LV","potentialAction":[{"@type":"ReadAction","target":["https:\/\/hobstop.ee\/lv\/produkts\/kristala-akmentins-swarovski-flat-back-hotfix-curvey-2540-12x9-5mm\/"]}]},{"@type":"ImageObject","inLanguage":"lv-LV","@id":"https:\/\/hobstop.ee\/lv\/produkts\/kristala-akmentins-swarovski-flat-back-hotfix-curvey-2540-12x9-5mm\/#primaryimage","url":"https:\/\/hobstop.ee\/media\/4296.jpg","contentUrl":"https:\/\/hobstop.ee\/media\/4296.jpg","width":1024,"height":768},{"@type":"BreadcrumbList","@id":"https:\/\/hobstop.ee\/lv\/produkts\/kristala-akmentins-swarovski-flat-back-hotfix-curvey-2540-12x9-5mm\/#breadcrumb","itemListElement":[{"@type":"ListItem","position":1,"name":"Avaleht","item":"https:\/\/hobstop.ee\/lv\/"},{"@type":"ListItem","position":2,"name":"Veikals","item":"https:\/\/hobstop.ee\/lv\/veikals\/"},{"@type":"ListItem","position":3,"name":"Krist\u0101la akmenti\u0146\u0161 Swarovski Flat Back Hotfix curvey 2540 12&#215;9.5mm"}]},{"@type":"WebSite","@id":"https:\/\/hobstop.ee\/lv\/#website","url":"https:\/\/hobstop.ee\/lv\/","name":"Skizze","description":"M\u0101kslas, hobiju un skolas preces","publisher":{"@id":"https:\/\/hobstop.ee\/lv\/#organization"},"potentialAction":[{"@type":"SearchAction","target":{"@type":"EntryPoint","urlTemplate":"https:\/\/hobstop.ee\/lv\/?s={search_term_string}"},"query-input":{"@type":"PropertyValueSpecification","valueRequired":true,"valueName":"search_term_string"}}],"inLanguage":"lv-LV"},{"@type":"Organization","@id":"https:\/\/hobstop.ee\/lv\/#organization","name":"Vunder AS","url":"https:\/\/hobstop.ee\/lv\/","logo":{"@type":"ImageObject","inLanguage":"lv-LV","@id":"https:\/\/hobstop.ee\/lv\/#\/schema\/logo\/image\/","url":"https:\/\/hobstop.ee\/media\/vunder-logo.png","contentUrl":"https:\/\/hobstop.ee\/media\/vunder-logo.png","width":127,"height":55,"caption":"Vunder AS"},"image":{"@id":"https:\/\/hobstop.ee\/lv\/#\/schema\/logo\/image\/"},"sameAs":["http:\/\/www.facebook.com\/VunderSkizze"]}]}},"_links":{"self":[{"href":"https:\/\/hobstop.ee\/lv\/wp-json\/wp\/v2\/product\/265941","targetHints":{"allow":["GET"]}}],"collection":[{"href":"https:\/\/hobstop.ee\/lv\/wp-json\/wp\/v2\/product"}],"about":[{"href":"https:\/\/hobstop.ee\/lv\/wp-json\/wp\/v2\/types\/product"}],"replies":[{"embeddable":true,"href":"https:\/\/hobstop.ee\/lv\/wp-json\/wp\/v2\/comments?post=265941"}],"wp:featuredmedia":[{"embeddable":true,"href":"https:\/\/hobstop.ee\/lv\/wp-json\/wp\/v2\/media\/266157"}],"wp:attachment":[{"href":"https:\/\/hobstop.ee\/lv\/wp-json\/wp\/v2\/media?parent=265941"}],"wp:term":[{"taxonomy":"product_cat","embeddable":true,"href":"https:\/\/hobstop.ee\/lv\/wp-json\/wp\/v2\/product_cat?post=265941"},{"taxonomy":"product_tag","embeddable":true,"href":"https:\/\/hobstop.ee\/lv\/wp-json\/wp\/v2\/product_tag?post=265941"}],"curies":[{"name":"wp","href":"https:\/\/api.w.org\/{rel}","templated":true}]}}