{"id":265969,"date":"2016-05-16T15:08:48","date_gmt":"2016-05-16T12:08:48","guid":{"rendered":"https:\/\/sharks.ee\/vunder_2019\/lv\/product\/kristala-akmentins-swarovski-flat-back-no-hotfix-taurins-2858-9x6-5mm\/"},"modified":"2016-05-16T15:08:48","modified_gmt":"2016-05-16T12:08:48","slug":"kristala-akmentins-swarovski-flat-back-no-hotfix-taurins-2858-9x6-5mm","status":"publish","type":"product","link":"https:\/\/hobstop.ee\/lv\/produkts\/kristala-akmentins-swarovski-flat-back-no-hotfix-taurins-2858-9x6-5mm\/","title":{"rendered":"Krist\u0101la akmenti\u0146\u0161 Swarovski Flat Back No Hotfix tauri\u0146\u0161 2858 9&#215;6.5mm"},"content":{"rendered":"<p>Flat Backs No Hotfix plakanos krist\u0101lus var vienk\u0101r\u0161i piestiprin\u0101t pie da\u017e\u0101diem materi\u0101liem, kurus nevar gludin\u0101t. Tie ir notur\u012bgi un da\u017e\u0101di, t\u0101d\u0113\u013c ar tiem var izgreznot pulkste\u0146us, da\u017e\u0101dus aksesu\u0101rus, bil\u017eu r\u0101mjus, somas, elektronikas ier\u012bces, atmi\u0146u gr\u0101matas, pildspalvas un z\u012bmu\u013cus, nagus utt. Z\u012bmols CREATE YOUR STYLE with SWAROVSKI ELEMENTS garant\u0113 augst\u0101ko Austrijas krist\u0101lu kvalit\u0101ti!<\/p>\n","protected":false},"excerpt":{"rendered":"<p>Flat Backs No Hotfix plakanos krist\u0101lus var vienk\u0101r\u0161i piestiprin\u0101t pie da\u017e\u0101diem materi\u0101liem, kurus nevar gludin\u0101t. Tie ir notur\u012bgi un da\u017e\u0101di, t\u0101d\u0113\u013c ar tiem var izgreznot pulkste\u0146us, da\u017e\u0101dus aksesu\u0101rus, bil\u017eu r\u0101mjus, somas, elektronikas ier\u012bces, atmi\u0146u gr\u0101matas, pildspalvas un z\u012bmu\u013cus, nagus utt. Z\u012bmols CREATE YOUR STYLE with SWAROVSKI ELEMENTS garant\u0113 augst\u0101ko Austrijas krist\u0101lu kvalit\u0101ti!<\/p>\n","protected":false},"featured_media":266185,"comment_status":"closed","ping_status":"closed","template":"","meta":{"_acf_changed":false,"ep_exclude_from_search":false},"product_cat":[17968,18982,17918],"product_tag":[],"class_list":{"0":"post-265969","1":"product","2":"type-product","3":"status-publish","4":"has-post-thumbnail","6":"product_cat-citi-piederumi","7":"product_cat-dazadi-23","8":"product_cat-preces-hobijiem","10":"first","11":"outofstock","12":"taxable","13":"shipping-taxable","14":"product-type-simple"},"acf":[],"yoast_head":"<!-- This site is optimized with the Yoast SEO plugin v24.1 - https:\/\/yoast.com\/wordpress\/plugins\/seo\/ -->\n<title>Krist\u0101la akmenti\u0146\u0161 Swarovski Flat Back No Hotfix tauri\u0146\u0161 2858 9x6.5mm &#8211; Skizze<\/title>\n<meta name=\"robots\" content=\"noindex, follow, max-snippet:-1, max-image-preview:large, max-video-preview:-1\" \/>\n<meta property=\"og:locale\" content=\"lv_LV\" \/>\n<meta property=\"og:type\" content=\"article\" \/>\n<meta property=\"og:title\" content=\"Krist\u0101la akmenti\u0146\u0161 Swarovski Flat Back No Hotfix tauri\u0146\u0161 2858 9x6.5mm &#8211; Skizze\" \/>\n<meta property=\"og:description\" content=\"Flat Backs No Hotfix plakanos krist\u0101lus var vienk\u0101r\u0161i piestiprin\u0101t pie da\u017e\u0101diem materi\u0101liem, kurus nevar gludin\u0101t. Tie ir notur\u012bgi un da\u017e\u0101di, t\u0101d\u0113\u013c ar tiem var izgreznot pulkste\u0146us, da\u017e\u0101dus aksesu\u0101rus, bil\u017eu r\u0101mjus, somas, elektronikas ier\u012bces, atmi\u0146u gr\u0101matas, pildspalvas un z\u012bmu\u013cus, nagus utt. Z\u012bmols CREATE YOUR STYLE with SWAROVSKI ELEMENTS garant\u0113 augst\u0101ko Austrijas krist\u0101lu kvalit\u0101ti!\" \/>\n<meta property=\"og:url\" content=\"https:\/\/hobstop.ee\/lv\/produkts\/kristala-akmentins-swarovski-flat-back-no-hotfix-taurins-2858-9x6-5mm\/\" \/>\n<meta property=\"og:site_name\" content=\"Skizze\" \/>\n<meta property=\"article:publisher\" content=\"http:\/\/www.facebook.com\/VunderSkizze\" \/>\n<meta property=\"og:image\" content=\"https:\/\/hobstop.ee\/media\/4303.jpg\" \/>\n\t<meta property=\"og:image:width\" content=\"1024\" \/>\n\t<meta property=\"og:image:height\" content=\"768\" \/>\n\t<meta property=\"og:image:type\" content=\"image\/jpeg\" \/>\n<meta name=\"twitter:card\" content=\"summary_large_image\" \/>\n<script type=\"application\/ld+json\" class=\"yoast-schema-graph\">{\"@context\":\"https:\/\/schema.org\",\"@graph\":[{\"@type\":\"WebPage\",\"@id\":\"https:\/\/hobstop.ee\/lv\/produkts\/kristala-akmentins-swarovski-flat-back-no-hotfix-taurins-2858-9x6-5mm\/\",\"url\":\"https:\/\/hobstop.ee\/lv\/produkts\/kristala-akmentins-swarovski-flat-back-no-hotfix-taurins-2858-9x6-5mm\/\",\"name\":\"Krist\u0101la akmenti\u0146\u0161 Swarovski Flat Back No Hotfix tauri\u0146\u0161 2858 9x6.5mm &#8211; Skizze\",\"isPartOf\":{\"@id\":\"https:\/\/hobstop.ee\/lv\/#website\"},\"primaryImageOfPage\":{\"@id\":\"https:\/\/hobstop.ee\/lv\/produkts\/kristala-akmentins-swarovski-flat-back-no-hotfix-taurins-2858-9x6-5mm\/#primaryimage\"},\"image\":{\"@id\":\"https:\/\/hobstop.ee\/lv\/produkts\/kristala-akmentins-swarovski-flat-back-no-hotfix-taurins-2858-9x6-5mm\/#primaryimage\"},\"thumbnailUrl\":\"https:\/\/hobstop.ee\/media\/4303.jpg\",\"datePublished\":\"2016-05-16T12:08:48+00:00\",\"dateModified\":\"2016-05-16T12:08:48+00:00\",\"breadcrumb\":{\"@id\":\"https:\/\/hobstop.ee\/lv\/produkts\/kristala-akmentins-swarovski-flat-back-no-hotfix-taurins-2858-9x6-5mm\/#breadcrumb\"},\"inLanguage\":\"lv-LV\",\"potentialAction\":[{\"@type\":\"ReadAction\",\"target\":[\"https:\/\/hobstop.ee\/lv\/produkts\/kristala-akmentins-swarovski-flat-back-no-hotfix-taurins-2858-9x6-5mm\/\"]}]},{\"@type\":\"ImageObject\",\"inLanguage\":\"lv-LV\",\"@id\":\"https:\/\/hobstop.ee\/lv\/produkts\/kristala-akmentins-swarovski-flat-back-no-hotfix-taurins-2858-9x6-5mm\/#primaryimage\",\"url\":\"https:\/\/hobstop.ee\/media\/4303.jpg\",\"contentUrl\":\"https:\/\/hobstop.ee\/media\/4303.jpg\",\"width\":1024,\"height\":768},{\"@type\":\"BreadcrumbList\",\"@id\":\"https:\/\/hobstop.ee\/lv\/produkts\/kristala-akmentins-swarovski-flat-back-no-hotfix-taurins-2858-9x6-5mm\/#breadcrumb\",\"itemListElement\":[{\"@type\":\"ListItem\",\"position\":1,\"name\":\"Avaleht\",\"item\":\"https:\/\/www.hobstop.ee\/lv\/\"},{\"@type\":\"ListItem\",\"position\":2,\"name\":\"Veikals\",\"item\":\"https:\/\/www.hobstop.ee\/lv\/veikals\/\"},{\"@type\":\"ListItem\",\"position\":3,\"name\":\"Krist\u0101la akmenti\u0146\u0161 Swarovski Flat Back No Hotfix tauri\u0146\u0161 2858 9&#215;6.5mm\"}]},{\"@type\":\"WebSite\",\"@id\":\"https:\/\/hobstop.ee\/lv\/#website\",\"url\":\"https:\/\/hobstop.ee\/lv\/\",\"name\":\"Skizze\",\"description\":\"M\u0101kslas, hobiju un skolas preces\",\"publisher\":{\"@id\":\"https:\/\/hobstop.ee\/lv\/#organization\"},\"potentialAction\":[{\"@type\":\"SearchAction\",\"target\":{\"@type\":\"EntryPoint\",\"urlTemplate\":\"https:\/\/hobstop.ee\/lv\/?s={search_term_string}\"},\"query-input\":{\"@type\":\"PropertyValueSpecification\",\"valueRequired\":true,\"valueName\":\"search_term_string\"}}],\"inLanguage\":\"lv-LV\"},{\"@type\":\"Organization\",\"@id\":\"https:\/\/hobstop.ee\/lv\/#organization\",\"name\":\"Vunder AS\",\"url\":\"https:\/\/hobstop.ee\/lv\/\",\"logo\":{\"@type\":\"ImageObject\",\"inLanguage\":\"lv-LV\",\"@id\":\"https:\/\/hobstop.ee\/lv\/#\/schema\/logo\/image\/\",\"url\":\"https:\/\/hobstop.ee\/media\/vunder-logo.png\",\"contentUrl\":\"https:\/\/hobstop.ee\/media\/vunder-logo.png\",\"width\":127,\"height\":55,\"caption\":\"Vunder AS\"},\"image\":{\"@id\":\"https:\/\/hobstop.ee\/lv\/#\/schema\/logo\/image\/\"},\"sameAs\":[\"http:\/\/www.facebook.com\/VunderSkizze\"]}]}<\/script>\n<!-- \/ Yoast SEO plugin. -->","yoast_head_json":{"title":"Krist\u0101la akmenti\u0146\u0161 Swarovski Flat Back No Hotfix tauri\u0146\u0161 2858 9x6.5mm &#8211; Skizze","robots":{"index":"noindex","follow":"follow","max-snippet":"max-snippet:-1","max-image-preview":"max-image-preview:large","max-video-preview":"max-video-preview:-1"},"og_locale":"lv_LV","og_type":"article","og_title":"Krist\u0101la akmenti\u0146\u0161 Swarovski Flat Back No Hotfix tauri\u0146\u0161 2858 9x6.5mm &#8211; Skizze","og_description":"Flat Backs No Hotfix plakanos krist\u0101lus var vienk\u0101r\u0161i piestiprin\u0101t pie da\u017e\u0101diem materi\u0101liem, kurus nevar gludin\u0101t. Tie ir notur\u012bgi un da\u017e\u0101di, t\u0101d\u0113\u013c ar tiem var izgreznot pulkste\u0146us, da\u017e\u0101dus aksesu\u0101rus, bil\u017eu r\u0101mjus, somas, elektronikas ier\u012bces, atmi\u0146u gr\u0101matas, pildspalvas un z\u012bmu\u013cus, nagus utt. Z\u012bmols CREATE YOUR STYLE with SWAROVSKI ELEMENTS garant\u0113 augst\u0101ko Austrijas krist\u0101lu kvalit\u0101ti!","og_url":"https:\/\/hobstop.ee\/lv\/produkts\/kristala-akmentins-swarovski-flat-back-no-hotfix-taurins-2858-9x6-5mm\/","og_site_name":"Skizze","article_publisher":"http:\/\/www.facebook.com\/VunderSkizze","og_image":[{"width":1024,"height":768,"url":"https:\/\/hobstop.ee\/media\/4303.jpg","type":"image\/jpeg"}],"twitter_card":"summary_large_image","schema":{"@context":"https:\/\/schema.org","@graph":[{"@type":"WebPage","@id":"https:\/\/hobstop.ee\/lv\/produkts\/kristala-akmentins-swarovski-flat-back-no-hotfix-taurins-2858-9x6-5mm\/","url":"https:\/\/hobstop.ee\/lv\/produkts\/kristala-akmentins-swarovski-flat-back-no-hotfix-taurins-2858-9x6-5mm\/","name":"Krist\u0101la akmenti\u0146\u0161 Swarovski Flat Back No Hotfix tauri\u0146\u0161 2858 9x6.5mm &#8211; Skizze","isPartOf":{"@id":"https:\/\/hobstop.ee\/lv\/#website"},"primaryImageOfPage":{"@id":"https:\/\/hobstop.ee\/lv\/produkts\/kristala-akmentins-swarovski-flat-back-no-hotfix-taurins-2858-9x6-5mm\/#primaryimage"},"image":{"@id":"https:\/\/hobstop.ee\/lv\/produkts\/kristala-akmentins-swarovski-flat-back-no-hotfix-taurins-2858-9x6-5mm\/#primaryimage"},"thumbnailUrl":"https:\/\/hobstop.ee\/media\/4303.jpg","datePublished":"2016-05-16T12:08:48+00:00","dateModified":"2016-05-16T12:08:48+00:00","breadcrumb":{"@id":"https:\/\/hobstop.ee\/lv\/produkts\/kristala-akmentins-swarovski-flat-back-no-hotfix-taurins-2858-9x6-5mm\/#breadcrumb"},"inLanguage":"lv-LV","potentialAction":[{"@type":"ReadAction","target":["https:\/\/hobstop.ee\/lv\/produkts\/kristala-akmentins-swarovski-flat-back-no-hotfix-taurins-2858-9x6-5mm\/"]}]},{"@type":"ImageObject","inLanguage":"lv-LV","@id":"https:\/\/hobstop.ee\/lv\/produkts\/kristala-akmentins-swarovski-flat-back-no-hotfix-taurins-2858-9x6-5mm\/#primaryimage","url":"https:\/\/hobstop.ee\/media\/4303.jpg","contentUrl":"https:\/\/hobstop.ee\/media\/4303.jpg","width":1024,"height":768},{"@type":"BreadcrumbList","@id":"https:\/\/hobstop.ee\/lv\/produkts\/kristala-akmentins-swarovski-flat-back-no-hotfix-taurins-2858-9x6-5mm\/#breadcrumb","itemListElement":[{"@type":"ListItem","position":1,"name":"Avaleht","item":"https:\/\/www.hobstop.ee\/lv\/"},{"@type":"ListItem","position":2,"name":"Veikals","item":"https:\/\/www.hobstop.ee\/lv\/veikals\/"},{"@type":"ListItem","position":3,"name":"Krist\u0101la akmenti\u0146\u0161 Swarovski Flat Back No Hotfix tauri\u0146\u0161 2858 9&#215;6.5mm"}]},{"@type":"WebSite","@id":"https:\/\/hobstop.ee\/lv\/#website","url":"https:\/\/hobstop.ee\/lv\/","name":"Skizze","description":"M\u0101kslas, hobiju un skolas preces","publisher":{"@id":"https:\/\/hobstop.ee\/lv\/#organization"},"potentialAction":[{"@type":"SearchAction","target":{"@type":"EntryPoint","urlTemplate":"https:\/\/hobstop.ee\/lv\/?s={search_term_string}"},"query-input":{"@type":"PropertyValueSpecification","valueRequired":true,"valueName":"search_term_string"}}],"inLanguage":"lv-LV"},{"@type":"Organization","@id":"https:\/\/hobstop.ee\/lv\/#organization","name":"Vunder AS","url":"https:\/\/hobstop.ee\/lv\/","logo":{"@type":"ImageObject","inLanguage":"lv-LV","@id":"https:\/\/hobstop.ee\/lv\/#\/schema\/logo\/image\/","url":"https:\/\/hobstop.ee\/media\/vunder-logo.png","contentUrl":"https:\/\/hobstop.ee\/media\/vunder-logo.png","width":127,"height":55,"caption":"Vunder AS"},"image":{"@id":"https:\/\/hobstop.ee\/lv\/#\/schema\/logo\/image\/"},"sameAs":["http:\/\/www.facebook.com\/VunderSkizze"]}]}},"_links":{"self":[{"href":"https:\/\/hobstop.ee\/lv\/wp-json\/wp\/v2\/product\/265969","targetHints":{"allow":["GET"]}}],"collection":[{"href":"https:\/\/hobstop.ee\/lv\/wp-json\/wp\/v2\/product"}],"about":[{"href":"https:\/\/hobstop.ee\/lv\/wp-json\/wp\/v2\/types\/product"}],"replies":[{"embeddable":true,"href":"https:\/\/hobstop.ee\/lv\/wp-json\/wp\/v2\/comments?post=265969"}],"wp:featuredmedia":[{"embeddable":true,"href":"https:\/\/hobstop.ee\/lv\/wp-json\/wp\/v2\/media\/266185"}],"wp:attachment":[{"href":"https:\/\/hobstop.ee\/lv\/wp-json\/wp\/v2\/media?parent=265969"}],"wp:term":[{"taxonomy":"product_cat","embeddable":true,"href":"https:\/\/hobstop.ee\/lv\/wp-json\/wp\/v2\/product_cat?post=265969"},{"taxonomy":"product_tag","embeddable":true,"href":"https:\/\/hobstop.ee\/lv\/wp-json\/wp\/v2\/product_tag?post=265969"}],"curies":[{"name":"wp","href":"https:\/\/api.w.org\/{rel}","templated":true}]}}