{"id":266803,"date":"2016-05-23T11:37:27","date_gmt":"2016-05-23T08:37:27","guid":{"rendered":"https:\/\/sharks.ee\/vunder_2019\/lv\/product\/instruments-kniezu-spiesanai-fiskars\/"},"modified":"2016-05-23T11:37:27","modified_gmt":"2016-05-23T08:37:27","slug":"instruments-kniezu-spiesanai-fiskars","status":"publish","type":"product","link":"https:\/\/hobstop.ee\/lv\/produkts\/instruments-kniezu-spiesanai-fiskars\/","title":{"rendered":"Instruments knie\u017eu spie\u0161anai Fiskars"},"content":{"rendered":"<p>Izdur caurumus un nostiprini met\u0101la ri\u0146\u0137\u012b\u0161us \u0101tri un vienk\u0101r\u0161i ar viena instrumenta pal\u012bdz\u012bbu, nav nepiecie\u0161ams atsevi\u0161\u0137s \u0101murs. Turot aiz vienas malas, pavelc otru, un atspere paveiks p\u0101r\u0113jo darbu. Ieb\u016bv\u0113t\u0101 atspere ir pietiekami jaud\u012bga, lai izdurtos cauri biezam kartonam, audumam un ievietotu met\u0101la ri\u0146\u0137\u012b\u0161us. Viena puse izveido caurumu, otra &#8211; ievieto ri\u0146\u0137\u012b\u0161us. Darba r\u012bks ir tik sp\u0113c\u012bgs, ka darba virsma ir j\u0101aizsarg\u0101 ar specializ\u0113tu paliktni.<\/p>\n","protected":false},"excerpt":{"rendered":"<p>Izdur caurumus un nostiprini met\u0101la ri\u0146\u0137\u012b\u0161us \u0101tri un vienk\u0101r\u0161i ar viena instrumenta pal\u012bdz\u012bbu, nav nepiecie\u0161ams atsevi\u0161\u0137s \u0101murs. Turot aiz vienas malas, pavelc otru, un atspere paveiks p\u0101r\u0113jo darbu. Ieb\u016bv\u0113t\u0101 atspere ir pietiekami jaud\u012bga, lai izdurtos cauri biezam kartonam, audumam un ievietotu met\u0101la ri\u0146\u0137\u012b\u0161us. Viena puse izveido caurumu, otra &#8211; ievieto ri\u0146\u0137\u012b\u0161us. Darba r\u012bks ir tik sp\u0113c\u012bgs, ka darba virsma ir j\u0101aizsarg\u0101 ar specializ\u0113tu paliktni.<\/p>\n","protected":false},"featured_media":266871,"comment_status":"closed","ping_status":"closed","template":"","meta":{"_acf_changed":false,"ep_exclude_from_search":false},"product_cat":[20045,19838,17918],"product_tag":[],"class_list":{"0":"post-266803","1":"product","2":"type-product","3":"status-publish","4":"has-post-thumbnail","6":"product_cat-darbariki-4","7":"product_cat-papirmaksla","8":"product_cat-preces-hobijiem","10":"first","11":"outofstock","12":"taxable","13":"shipping-taxable","14":"purchasable","15":"product-type-simple"},"acf":[],"yoast_head":"<!-- This site is optimized with the Yoast SEO plugin v24.1 - https:\/\/yoast.com\/wordpress\/plugins\/seo\/ -->\n<title>Instruments knie\u017eu spie\u0161anai Fiskars &#8211; Skizze<\/title>\n<meta name=\"robots\" content=\"noindex, follow, max-snippet:-1, max-image-preview:large, max-video-preview:-1\" \/>\n<meta property=\"og:locale\" content=\"lv_LV\" \/>\n<meta property=\"og:type\" content=\"article\" \/>\n<meta property=\"og:title\" content=\"Instruments knie\u017eu spie\u0161anai Fiskars &#8211; Skizze\" \/>\n<meta property=\"og:description\" content=\"Izdur caurumus un nostiprini met\u0101la ri\u0146\u0137\u012b\u0161us \u0101tri un vienk\u0101r\u0161i ar viena instrumenta pal\u012bdz\u012bbu, nav nepiecie\u0161ams atsevi\u0161\u0137s \u0101murs. Turot aiz vienas malas, pavelc otru, un atspere paveiks p\u0101r\u0113jo darbu. Ieb\u016bv\u0113t\u0101 atspere ir pietiekami jaud\u012bga, lai izdurtos cauri biezam kartonam, audumam un ievietotu met\u0101la ri\u0146\u0137\u012b\u0161us. Viena puse izveido caurumu, otra &#8211; ievieto ri\u0146\u0137\u012b\u0161us. Darba r\u012bks ir tik sp\u0113c\u012bgs, ka darba virsma ir j\u0101aizsarg\u0101 ar specializ\u0113tu paliktni.\" \/>\n<meta property=\"og:url\" content=\"https:\/\/hobstop.ee\/lv\/produkts\/instruments-kniezu-spiesanai-fiskars\/\" \/>\n<meta property=\"og:site_name\" content=\"Skizze\" \/>\n<meta property=\"article:publisher\" content=\"http:\/\/www.facebook.com\/VunderSkizze\" \/>\n<meta property=\"og:image\" content=\"https:\/\/hobstop.ee\/media\/4332.jpg\" \/>\n\t<meta property=\"og:image:width\" content=\"1024\" \/>\n\t<meta property=\"og:image:height\" content=\"768\" \/>\n\t<meta property=\"og:image:type\" content=\"image\/jpeg\" \/>\n<meta name=\"twitter:card\" content=\"summary_large_image\" \/>\n<script type=\"application\/ld+json\" class=\"yoast-schema-graph\">{\"@context\":\"https:\/\/schema.org\",\"@graph\":[{\"@type\":\"WebPage\",\"@id\":\"https:\/\/hobstop.ee\/lv\/produkts\/instruments-kniezu-spiesanai-fiskars\/\",\"url\":\"https:\/\/hobstop.ee\/lv\/produkts\/instruments-kniezu-spiesanai-fiskars\/\",\"name\":\"Instruments knie\u017eu spie\u0161anai Fiskars &#8211; Skizze\",\"isPartOf\":{\"@id\":\"https:\/\/hobstop.ee\/lv\/#website\"},\"primaryImageOfPage\":{\"@id\":\"https:\/\/hobstop.ee\/lv\/produkts\/instruments-kniezu-spiesanai-fiskars\/#primaryimage\"},\"image\":{\"@id\":\"https:\/\/hobstop.ee\/lv\/produkts\/instruments-kniezu-spiesanai-fiskars\/#primaryimage\"},\"thumbnailUrl\":\"https:\/\/hobstop.ee\/media\/4332.jpg\",\"datePublished\":\"2016-05-23T08:37:27+00:00\",\"dateModified\":\"2016-05-23T08:37:27+00:00\",\"breadcrumb\":{\"@id\":\"https:\/\/hobstop.ee\/lv\/produkts\/instruments-kniezu-spiesanai-fiskars\/#breadcrumb\"},\"inLanguage\":\"lv-LV\",\"potentialAction\":[{\"@type\":\"ReadAction\",\"target\":[\"https:\/\/hobstop.ee\/lv\/produkts\/instruments-kniezu-spiesanai-fiskars\/\"]}]},{\"@type\":\"ImageObject\",\"inLanguage\":\"lv-LV\",\"@id\":\"https:\/\/hobstop.ee\/lv\/produkts\/instruments-kniezu-spiesanai-fiskars\/#primaryimage\",\"url\":\"https:\/\/hobstop.ee\/media\/4332.jpg\",\"contentUrl\":\"https:\/\/hobstop.ee\/media\/4332.jpg\",\"width\":1024,\"height\":768},{\"@type\":\"BreadcrumbList\",\"@id\":\"https:\/\/hobstop.ee\/lv\/produkts\/instruments-kniezu-spiesanai-fiskars\/#breadcrumb\",\"itemListElement\":[{\"@type\":\"ListItem\",\"position\":1,\"name\":\"Avaleht\",\"item\":\"https:\/\/hobstop.ee\/lv\/\"},{\"@type\":\"ListItem\",\"position\":2,\"name\":\"Veikals\",\"item\":\"https:\/\/hobstop.ee\/lv\/veikals\/\"},{\"@type\":\"ListItem\",\"position\":3,\"name\":\"Instruments knie\u017eu spie\u0161anai Fiskars\"}]},{\"@type\":\"WebSite\",\"@id\":\"https:\/\/hobstop.ee\/lv\/#website\",\"url\":\"https:\/\/hobstop.ee\/lv\/\",\"name\":\"Skizze\",\"description\":\"M\u0101kslas, hobiju un skolas preces\",\"publisher\":{\"@id\":\"https:\/\/hobstop.ee\/lv\/#organization\"},\"potentialAction\":[{\"@type\":\"SearchAction\",\"target\":{\"@type\":\"EntryPoint\",\"urlTemplate\":\"https:\/\/hobstop.ee\/lv\/?s={search_term_string}\"},\"query-input\":{\"@type\":\"PropertyValueSpecification\",\"valueRequired\":true,\"valueName\":\"search_term_string\"}}],\"inLanguage\":\"lv-LV\"},{\"@type\":\"Organization\",\"@id\":\"https:\/\/hobstop.ee\/lv\/#organization\",\"name\":\"Vunder AS\",\"url\":\"https:\/\/hobstop.ee\/lv\/\",\"logo\":{\"@type\":\"ImageObject\",\"inLanguage\":\"lv-LV\",\"@id\":\"https:\/\/hobstop.ee\/lv\/#\/schema\/logo\/image\/\",\"url\":\"https:\/\/hobstop.ee\/media\/vunder-logo.png\",\"contentUrl\":\"https:\/\/hobstop.ee\/media\/vunder-logo.png\",\"width\":127,\"height\":55,\"caption\":\"Vunder AS\"},\"image\":{\"@id\":\"https:\/\/hobstop.ee\/lv\/#\/schema\/logo\/image\/\"},\"sameAs\":[\"http:\/\/www.facebook.com\/VunderSkizze\"]}]}<\/script>\n<!-- \/ Yoast SEO plugin. -->","yoast_head_json":{"title":"Instruments knie\u017eu spie\u0161anai Fiskars &#8211; Skizze","robots":{"index":"noindex","follow":"follow","max-snippet":"max-snippet:-1","max-image-preview":"max-image-preview:large","max-video-preview":"max-video-preview:-1"},"og_locale":"lv_LV","og_type":"article","og_title":"Instruments knie\u017eu spie\u0161anai Fiskars &#8211; Skizze","og_description":"Izdur caurumus un nostiprini met\u0101la ri\u0146\u0137\u012b\u0161us \u0101tri un vienk\u0101r\u0161i ar viena instrumenta pal\u012bdz\u012bbu, nav nepiecie\u0161ams atsevi\u0161\u0137s \u0101murs. Turot aiz vienas malas, pavelc otru, un atspere paveiks p\u0101r\u0113jo darbu. Ieb\u016bv\u0113t\u0101 atspere ir pietiekami jaud\u012bga, lai izdurtos cauri biezam kartonam, audumam un ievietotu met\u0101la ri\u0146\u0137\u012b\u0161us. Viena puse izveido caurumu, otra &#8211; ievieto ri\u0146\u0137\u012b\u0161us. Darba r\u012bks ir tik sp\u0113c\u012bgs, ka darba virsma ir j\u0101aizsarg\u0101 ar specializ\u0113tu paliktni.","og_url":"https:\/\/hobstop.ee\/lv\/produkts\/instruments-kniezu-spiesanai-fiskars\/","og_site_name":"Skizze","article_publisher":"http:\/\/www.facebook.com\/VunderSkizze","og_image":[{"width":1024,"height":768,"url":"https:\/\/hobstop.ee\/media\/4332.jpg","type":"image\/jpeg"}],"twitter_card":"summary_large_image","schema":{"@context":"https:\/\/schema.org","@graph":[{"@type":"WebPage","@id":"https:\/\/hobstop.ee\/lv\/produkts\/instruments-kniezu-spiesanai-fiskars\/","url":"https:\/\/hobstop.ee\/lv\/produkts\/instruments-kniezu-spiesanai-fiskars\/","name":"Instruments knie\u017eu spie\u0161anai Fiskars &#8211; Skizze","isPartOf":{"@id":"https:\/\/hobstop.ee\/lv\/#website"},"primaryImageOfPage":{"@id":"https:\/\/hobstop.ee\/lv\/produkts\/instruments-kniezu-spiesanai-fiskars\/#primaryimage"},"image":{"@id":"https:\/\/hobstop.ee\/lv\/produkts\/instruments-kniezu-spiesanai-fiskars\/#primaryimage"},"thumbnailUrl":"https:\/\/hobstop.ee\/media\/4332.jpg","datePublished":"2016-05-23T08:37:27+00:00","dateModified":"2016-05-23T08:37:27+00:00","breadcrumb":{"@id":"https:\/\/hobstop.ee\/lv\/produkts\/instruments-kniezu-spiesanai-fiskars\/#breadcrumb"},"inLanguage":"lv-LV","potentialAction":[{"@type":"ReadAction","target":["https:\/\/hobstop.ee\/lv\/produkts\/instruments-kniezu-spiesanai-fiskars\/"]}]},{"@type":"ImageObject","inLanguage":"lv-LV","@id":"https:\/\/hobstop.ee\/lv\/produkts\/instruments-kniezu-spiesanai-fiskars\/#primaryimage","url":"https:\/\/hobstop.ee\/media\/4332.jpg","contentUrl":"https:\/\/hobstop.ee\/media\/4332.jpg","width":1024,"height":768},{"@type":"BreadcrumbList","@id":"https:\/\/hobstop.ee\/lv\/produkts\/instruments-kniezu-spiesanai-fiskars\/#breadcrumb","itemListElement":[{"@type":"ListItem","position":1,"name":"Avaleht","item":"https:\/\/hobstop.ee\/lv\/"},{"@type":"ListItem","position":2,"name":"Veikals","item":"https:\/\/hobstop.ee\/lv\/veikals\/"},{"@type":"ListItem","position":3,"name":"Instruments knie\u017eu spie\u0161anai Fiskars"}]},{"@type":"WebSite","@id":"https:\/\/hobstop.ee\/lv\/#website","url":"https:\/\/hobstop.ee\/lv\/","name":"Skizze","description":"M\u0101kslas, hobiju un skolas preces","publisher":{"@id":"https:\/\/hobstop.ee\/lv\/#organization"},"potentialAction":[{"@type":"SearchAction","target":{"@type":"EntryPoint","urlTemplate":"https:\/\/hobstop.ee\/lv\/?s={search_term_string}"},"query-input":{"@type":"PropertyValueSpecification","valueRequired":true,"valueName":"search_term_string"}}],"inLanguage":"lv-LV"},{"@type":"Organization","@id":"https:\/\/hobstop.ee\/lv\/#organization","name":"Vunder AS","url":"https:\/\/hobstop.ee\/lv\/","logo":{"@type":"ImageObject","inLanguage":"lv-LV","@id":"https:\/\/hobstop.ee\/lv\/#\/schema\/logo\/image\/","url":"https:\/\/hobstop.ee\/media\/vunder-logo.png","contentUrl":"https:\/\/hobstop.ee\/media\/vunder-logo.png","width":127,"height":55,"caption":"Vunder AS"},"image":{"@id":"https:\/\/hobstop.ee\/lv\/#\/schema\/logo\/image\/"},"sameAs":["http:\/\/www.facebook.com\/VunderSkizze"]}]}},"_links":{"self":[{"href":"https:\/\/hobstop.ee\/lv\/wp-json\/wp\/v2\/product\/266803","targetHints":{"allow":["GET"]}}],"collection":[{"href":"https:\/\/hobstop.ee\/lv\/wp-json\/wp\/v2\/product"}],"about":[{"href":"https:\/\/hobstop.ee\/lv\/wp-json\/wp\/v2\/types\/product"}],"replies":[{"embeddable":true,"href":"https:\/\/hobstop.ee\/lv\/wp-json\/wp\/v2\/comments?post=266803"}],"wp:featuredmedia":[{"embeddable":true,"href":"https:\/\/hobstop.ee\/lv\/wp-json\/wp\/v2\/media\/266871"}],"wp:attachment":[{"href":"https:\/\/hobstop.ee\/lv\/wp-json\/wp\/v2\/media?parent=266803"}],"wp:term":[{"taxonomy":"product_cat","embeddable":true,"href":"https:\/\/hobstop.ee\/lv\/wp-json\/wp\/v2\/product_cat?post=266803"},{"taxonomy":"product_tag","embeddable":true,"href":"https:\/\/hobstop.ee\/lv\/wp-json\/wp\/v2\/product_tag?post=266803"}],"curies":[{"name":"wp","href":"https:\/\/api.w.org\/{rel}","templated":true}]}}