{"id":266986,"date":"2016-05-25T16:08:42","date_gmt":"2016-05-25T12:08:43","guid":{"rendered":"https:\/\/sharks.ee\/vunder_2019\/lv\/product\/batikas-krasu-komplekts-tulip-one-step-tie-dye-viens-tonis\/"},"modified":"2016-05-25T15:08:43","modified_gmt":"2016-05-25T12:08:43","slug":"batikas-krasu-komplekts-tulip-one-step-tie-dye-viens-tonis","status":"publish","type":"product","link":"https:\/\/hobstop.ee\/lv\/produkts\/batikas-krasu-komplekts-tulip-one-step-tie-dye-viens-tonis\/","title":{"rendered":"Batikas kr\u0101su komplekts Tulip One-Step Tie-Dye viens tonis"},"content":{"rendered":"<p>Tulip One-Step Tie-Dye komplekts nodro\u0161ina spilgtu, skaistu kr\u0101su, vienk\u0101r\u0161i izspie\u017eot no pudeles! Komplekt\u0101 ietilpst viena spilgta kr\u0101sa, kas ir lieliski piem\u0113rota veiklai un vieglai vienlaidu kr\u0101so\u0161anai vai batikas tehnikai vien\u0101 ton\u012b. Neticami spilgt\u0101 kr\u0101sa saglab\u0101jas gl\u012bta ar\u012b p\u0113c vair\u0101k\u0101m mazg\u0101\u0161an\u0101m. Bez tam kr\u0101sa ir viegli lietojama, nav nepiecie\u0161ams audumus iepriek\u0161 samitrin\u0101t, ir tikai j\u0101pievieno \u016bdens kr\u0101sas pudel\u0113, j\u0101sakrata un var kl\u0101t uz auduma. Batika v\u0113l nekad nav bijusi tik aizraujo\u0161a un viegla!<\/p>\n<p>Komplekt\u0101 ietilpst:<br \/>\n1 pudele kr\u0101sas pulvera<br \/>\n1 p\u0101ris cimdu<br \/>\nGumijas<br \/>\nInstrukcija (ang\u013cu valod\u0101)<\/p>\n","protected":false},"excerpt":{"rendered":"<p>Tulip One-Step Tie-Dye komplekts nodro\u0161ina spilgtu, skaistu kr\u0101su, vienk\u0101r\u0161i izspie\u017eot no pudeles! Komplekt\u0101 ietilpst viena spilgta kr\u0101sa, kas ir lieliski piem\u0113rota veiklai un vieglai vienlaidu kr\u0101so\u0161anai vai batikas tehnikai vien\u0101 ton\u012b. Neticami spilgt\u0101 kr\u0101sa saglab\u0101jas gl\u012bta ar\u012b p\u0113c vair\u0101k\u0101m mazg\u0101\u0161an\u0101m. Bez tam kr\u0101sa ir viegli lietojama, nav nepiecie\u0161ams audumus iepriek\u0161 samitrin\u0101t, ir tikai j\u0101pievieno \u016bdens kr\u0101sas pudel\u0113, j\u0101sakrata un var kl\u0101t uz auduma. Batika v\u0113l nekad nav bijusi tik aizraujo\u0161a un viegla! Komplekt\u0101 ietilpst: 1 pudele kr\u0101sas pulvera 1 p\u0101ris cimdu Gumijas Instrukcija (ang\u013cu valod\u0101)<\/p>\n","protected":false},"featured_media":267765,"comment_status":"closed","ping_status":"closed","template":"","meta":{"_acf_changed":false,"ep_exclude_from_search":false},"product_cat":[18212,17918,17956],"product_tag":[],"class_list":{"0":"post-266986","1":"product","2":"type-product","3":"status-publish","4":"has-post-thumbnail","6":"product_cat-krasas-gleznosanai-uz-auduma","7":"product_cat-preces-hobijiem","8":"product_cat-tekstilam","10":"first","11":"instock","12":"taxable","13":"shipping-taxable","14":"purchasable","15":"product-type-variable"},"acf":[],"yoast_head":"<!-- This site is optimized with the Yoast SEO plugin v24.1 - https:\/\/yoast.com\/wordpress\/plugins\/seo\/ -->\n<title>Batikas kr\u0101su komplekts Tulip One-Step Tie-Dye viens tonis &#8211; Skizze<\/title>\n<meta name=\"robots\" content=\"noindex, follow, max-snippet:-1, max-image-preview:large, max-video-preview:-1\" \/>\n<meta property=\"og:locale\" content=\"lv_LV\" \/>\n<meta property=\"og:type\" content=\"article\" \/>\n<meta property=\"og:title\" content=\"Batikas kr\u0101su komplekts Tulip One-Step Tie-Dye viens tonis &#8211; Skizze\" \/>\n<meta property=\"og:description\" content=\"Tulip One-Step Tie-Dye komplekts nodro\u0161ina spilgtu, skaistu kr\u0101su, vienk\u0101r\u0161i izspie\u017eot no pudeles! Komplekt\u0101 ietilpst viena spilgta kr\u0101sa, kas ir lieliski piem\u0113rota veiklai un vieglai vienlaidu kr\u0101so\u0161anai vai batikas tehnikai vien\u0101 ton\u012b. Neticami spilgt\u0101 kr\u0101sa saglab\u0101jas gl\u012bta ar\u012b p\u0113c vair\u0101k\u0101m mazg\u0101\u0161an\u0101m. Bez tam kr\u0101sa ir viegli lietojama, nav nepiecie\u0161ams audumus iepriek\u0161 samitrin\u0101t, ir tikai j\u0101pievieno \u016bdens kr\u0101sas pudel\u0113, j\u0101sakrata un var kl\u0101t uz auduma. Batika v\u0113l nekad nav bijusi tik aizraujo\u0161a un viegla! Komplekt\u0101 ietilpst: 1 pudele kr\u0101sas pulvera 1 p\u0101ris cimdu Gumijas Instrukcija (ang\u013cu valod\u0101)\" \/>\n<meta property=\"og:url\" content=\"https:\/\/hobstop.ee\/lv\/produkts\/batikas-krasu-komplekts-tulip-one-step-tie-dye-viens-tonis\/\" \/>\n<meta property=\"og:site_name\" content=\"Skizze\" \/>\n<meta property=\"article:publisher\" content=\"http:\/\/www.facebook.com\/VunderSkizze\" \/>\n<meta property=\"og:image\" content=\"https:\/\/hobstop.ee\/media\/4291.jpg\" \/>\n\t<meta property=\"og:image:width\" content=\"1024\" \/>\n\t<meta property=\"og:image:height\" content=\"768\" \/>\n\t<meta property=\"og:image:type\" content=\"image\/jpeg\" \/>\n<meta name=\"twitter:card\" content=\"summary_large_image\" \/>\n<meta name=\"twitter:label1\" content=\"Est. reading time\" \/>\n\t<meta name=\"twitter:data1\" content=\"1 min\u016b\u0161u\" \/>\n<script type=\"application\/ld+json\" class=\"yoast-schema-graph\">{\"@context\":\"https:\/\/schema.org\",\"@graph\":[{\"@type\":\"WebPage\",\"@id\":\"https:\/\/hobstop.ee\/lv\/produkts\/batikas-krasu-komplekts-tulip-one-step-tie-dye-viens-tonis\/\",\"url\":\"https:\/\/hobstop.ee\/lv\/produkts\/batikas-krasu-komplekts-tulip-one-step-tie-dye-viens-tonis\/\",\"name\":\"Batikas kr\u0101su komplekts Tulip One-Step Tie-Dye viens tonis &#8211; Skizze\",\"isPartOf\":{\"@id\":\"https:\/\/hobstop.ee\/lv\/#website\"},\"primaryImageOfPage\":{\"@id\":\"https:\/\/hobstop.ee\/lv\/produkts\/batikas-krasu-komplekts-tulip-one-step-tie-dye-viens-tonis\/#primaryimage\"},\"image\":{\"@id\":\"https:\/\/hobstop.ee\/lv\/produkts\/batikas-krasu-komplekts-tulip-one-step-tie-dye-viens-tonis\/#primaryimage\"},\"thumbnailUrl\":\"https:\/\/hobstop.ee\/media\/4291.jpg\",\"datePublished\":\"2016-05-25T12:08:43+00:00\",\"dateModified\":\"2016-05-25T12:08:43+00:00\",\"breadcrumb\":{\"@id\":\"https:\/\/hobstop.ee\/lv\/produkts\/batikas-krasu-komplekts-tulip-one-step-tie-dye-viens-tonis\/#breadcrumb\"},\"inLanguage\":\"lv-LV\",\"potentialAction\":[{\"@type\":\"ReadAction\",\"target\":[\"https:\/\/hobstop.ee\/lv\/produkts\/batikas-krasu-komplekts-tulip-one-step-tie-dye-viens-tonis\/\"]}]},{\"@type\":\"ImageObject\",\"inLanguage\":\"lv-LV\",\"@id\":\"https:\/\/hobstop.ee\/lv\/produkts\/batikas-krasu-komplekts-tulip-one-step-tie-dye-viens-tonis\/#primaryimage\",\"url\":\"https:\/\/hobstop.ee\/media\/4291.jpg\",\"contentUrl\":\"https:\/\/hobstop.ee\/media\/4291.jpg\",\"width\":1024,\"height\":768},{\"@type\":\"BreadcrumbList\",\"@id\":\"https:\/\/hobstop.ee\/lv\/produkts\/batikas-krasu-komplekts-tulip-one-step-tie-dye-viens-tonis\/#breadcrumb\",\"itemListElement\":[{\"@type\":\"ListItem\",\"position\":1,\"name\":\"Avaleht\",\"item\":\"https:\/\/hobstop.ee\/lv\/\"},{\"@type\":\"ListItem\",\"position\":2,\"name\":\"Veikals\",\"item\":\"https:\/\/hobstop.ee\/lv\/veikals\/\"},{\"@type\":\"ListItem\",\"position\":3,\"name\":\"Batikas kr\u0101su komplekts Tulip One-Step Tie-Dye viens tonis\"}]},{\"@type\":\"WebSite\",\"@id\":\"https:\/\/hobstop.ee\/lv\/#website\",\"url\":\"https:\/\/hobstop.ee\/lv\/\",\"name\":\"Skizze\",\"description\":\"M\u0101kslas, hobiju un skolas preces\",\"publisher\":{\"@id\":\"https:\/\/hobstop.ee\/lv\/#organization\"},\"potentialAction\":[{\"@type\":\"SearchAction\",\"target\":{\"@type\":\"EntryPoint\",\"urlTemplate\":\"https:\/\/hobstop.ee\/lv\/?s={search_term_string}\"},\"query-input\":{\"@type\":\"PropertyValueSpecification\",\"valueRequired\":true,\"valueName\":\"search_term_string\"}}],\"inLanguage\":\"lv-LV\"},{\"@type\":\"Organization\",\"@id\":\"https:\/\/hobstop.ee\/lv\/#organization\",\"name\":\"Vunder AS\",\"url\":\"https:\/\/hobstop.ee\/lv\/\",\"logo\":{\"@type\":\"ImageObject\",\"inLanguage\":\"lv-LV\",\"@id\":\"https:\/\/hobstop.ee\/lv\/#\/schema\/logo\/image\/\",\"url\":\"https:\/\/hobstop.ee\/media\/vunder-logo.png\",\"contentUrl\":\"https:\/\/hobstop.ee\/media\/vunder-logo.png\",\"width\":127,\"height\":55,\"caption\":\"Vunder AS\"},\"image\":{\"@id\":\"https:\/\/hobstop.ee\/lv\/#\/schema\/logo\/image\/\"},\"sameAs\":[\"http:\/\/www.facebook.com\/VunderSkizze\"]}]}<\/script>\n<!-- \/ Yoast SEO plugin. -->","yoast_head_json":{"title":"Batikas kr\u0101su komplekts Tulip One-Step Tie-Dye viens tonis &#8211; Skizze","robots":{"index":"noindex","follow":"follow","max-snippet":"max-snippet:-1","max-image-preview":"max-image-preview:large","max-video-preview":"max-video-preview:-1"},"og_locale":"lv_LV","og_type":"article","og_title":"Batikas kr\u0101su komplekts Tulip One-Step Tie-Dye viens tonis &#8211; Skizze","og_description":"Tulip One-Step Tie-Dye komplekts nodro\u0161ina spilgtu, skaistu kr\u0101su, vienk\u0101r\u0161i izspie\u017eot no pudeles! Komplekt\u0101 ietilpst viena spilgta kr\u0101sa, kas ir lieliski piem\u0113rota veiklai un vieglai vienlaidu kr\u0101so\u0161anai vai batikas tehnikai vien\u0101 ton\u012b. Neticami spilgt\u0101 kr\u0101sa saglab\u0101jas gl\u012bta ar\u012b p\u0113c vair\u0101k\u0101m mazg\u0101\u0161an\u0101m. Bez tam kr\u0101sa ir viegli lietojama, nav nepiecie\u0161ams audumus iepriek\u0161 samitrin\u0101t, ir tikai j\u0101pievieno \u016bdens kr\u0101sas pudel\u0113, j\u0101sakrata un var kl\u0101t uz auduma. Batika v\u0113l nekad nav bijusi tik aizraujo\u0161a un viegla! Komplekt\u0101 ietilpst: 1 pudele kr\u0101sas pulvera 1 p\u0101ris cimdu Gumijas Instrukcija (ang\u013cu valod\u0101)","og_url":"https:\/\/hobstop.ee\/lv\/produkts\/batikas-krasu-komplekts-tulip-one-step-tie-dye-viens-tonis\/","og_site_name":"Skizze","article_publisher":"http:\/\/www.facebook.com\/VunderSkizze","og_image":[{"width":1024,"height":768,"url":"https:\/\/hobstop.ee\/media\/4291.jpg","type":"image\/jpeg"}],"twitter_card":"summary_large_image","twitter_misc":{"Est. reading time":"1 min\u016b\u0161u"},"schema":{"@context":"https:\/\/schema.org","@graph":[{"@type":"WebPage","@id":"https:\/\/hobstop.ee\/lv\/produkts\/batikas-krasu-komplekts-tulip-one-step-tie-dye-viens-tonis\/","url":"https:\/\/hobstop.ee\/lv\/produkts\/batikas-krasu-komplekts-tulip-one-step-tie-dye-viens-tonis\/","name":"Batikas kr\u0101su komplekts Tulip One-Step Tie-Dye viens tonis &#8211; Skizze","isPartOf":{"@id":"https:\/\/hobstop.ee\/lv\/#website"},"primaryImageOfPage":{"@id":"https:\/\/hobstop.ee\/lv\/produkts\/batikas-krasu-komplekts-tulip-one-step-tie-dye-viens-tonis\/#primaryimage"},"image":{"@id":"https:\/\/hobstop.ee\/lv\/produkts\/batikas-krasu-komplekts-tulip-one-step-tie-dye-viens-tonis\/#primaryimage"},"thumbnailUrl":"https:\/\/hobstop.ee\/media\/4291.jpg","datePublished":"2016-05-25T12:08:43+00:00","dateModified":"2016-05-25T12:08:43+00:00","breadcrumb":{"@id":"https:\/\/hobstop.ee\/lv\/produkts\/batikas-krasu-komplekts-tulip-one-step-tie-dye-viens-tonis\/#breadcrumb"},"inLanguage":"lv-LV","potentialAction":[{"@type":"ReadAction","target":["https:\/\/hobstop.ee\/lv\/produkts\/batikas-krasu-komplekts-tulip-one-step-tie-dye-viens-tonis\/"]}]},{"@type":"ImageObject","inLanguage":"lv-LV","@id":"https:\/\/hobstop.ee\/lv\/produkts\/batikas-krasu-komplekts-tulip-one-step-tie-dye-viens-tonis\/#primaryimage","url":"https:\/\/hobstop.ee\/media\/4291.jpg","contentUrl":"https:\/\/hobstop.ee\/media\/4291.jpg","width":1024,"height":768},{"@type":"BreadcrumbList","@id":"https:\/\/hobstop.ee\/lv\/produkts\/batikas-krasu-komplekts-tulip-one-step-tie-dye-viens-tonis\/#breadcrumb","itemListElement":[{"@type":"ListItem","position":1,"name":"Avaleht","item":"https:\/\/hobstop.ee\/lv\/"},{"@type":"ListItem","position":2,"name":"Veikals","item":"https:\/\/hobstop.ee\/lv\/veikals\/"},{"@type":"ListItem","position":3,"name":"Batikas kr\u0101su komplekts Tulip One-Step Tie-Dye viens tonis"}]},{"@type":"WebSite","@id":"https:\/\/hobstop.ee\/lv\/#website","url":"https:\/\/hobstop.ee\/lv\/","name":"Skizze","description":"M\u0101kslas, hobiju un skolas preces","publisher":{"@id":"https:\/\/hobstop.ee\/lv\/#organization"},"potentialAction":[{"@type":"SearchAction","target":{"@type":"EntryPoint","urlTemplate":"https:\/\/hobstop.ee\/lv\/?s={search_term_string}"},"query-input":{"@type":"PropertyValueSpecification","valueRequired":true,"valueName":"search_term_string"}}],"inLanguage":"lv-LV"},{"@type":"Organization","@id":"https:\/\/hobstop.ee\/lv\/#organization","name":"Vunder AS","url":"https:\/\/hobstop.ee\/lv\/","logo":{"@type":"ImageObject","inLanguage":"lv-LV","@id":"https:\/\/hobstop.ee\/lv\/#\/schema\/logo\/image\/","url":"https:\/\/hobstop.ee\/media\/vunder-logo.png","contentUrl":"https:\/\/hobstop.ee\/media\/vunder-logo.png","width":127,"height":55,"caption":"Vunder AS"},"image":{"@id":"https:\/\/hobstop.ee\/lv\/#\/schema\/logo\/image\/"},"sameAs":["http:\/\/www.facebook.com\/VunderSkizze"]}]}},"_links":{"self":[{"href":"https:\/\/hobstop.ee\/lv\/wp-json\/wp\/v2\/product\/266986","targetHints":{"allow":["GET"]}}],"collection":[{"href":"https:\/\/hobstop.ee\/lv\/wp-json\/wp\/v2\/product"}],"about":[{"href":"https:\/\/hobstop.ee\/lv\/wp-json\/wp\/v2\/types\/product"}],"replies":[{"embeddable":true,"href":"https:\/\/hobstop.ee\/lv\/wp-json\/wp\/v2\/comments?post=266986"}],"wp:featuredmedia":[{"embeddable":true,"href":"https:\/\/hobstop.ee\/lv\/wp-json\/wp\/v2\/media\/267765"}],"wp:attachment":[{"href":"https:\/\/hobstop.ee\/lv\/wp-json\/wp\/v2\/media?parent=266986"}],"wp:term":[{"taxonomy":"product_cat","embeddable":true,"href":"https:\/\/hobstop.ee\/lv\/wp-json\/wp\/v2\/product_cat?post=266986"},{"taxonomy":"product_tag","embeddable":true,"href":"https:\/\/hobstop.ee\/lv\/wp-json\/wp\/v2\/product_tag?post=266986"}],"curies":[{"name":"wp","href":"https:\/\/api.w.org\/{rel}","templated":true}]}}