{"id":266994,"date":"2016-05-25T16:08:45","date_gmt":"2016-05-25T12:08:45","guid":{"rendered":"https:\/\/sharks.ee\/vunder_2019\/lv\/product\/batikas-krasa-tulip-one-step-tie-dye\/"},"modified":"2016-05-25T15:08:45","modified_gmt":"2016-05-25T12:08:45","slug":"batikas-krasa-tulip-one-step-tie-dye","status":"publish","type":"product","link":"https:\/\/hobstop.ee\/lv\/produkts\/batikas-krasa-tulip-one-step-tie-dye\/","title":{"rendered":"Batikas kr\u0101sa Tulip One-Step Tie-Dye"},"content":{"rendered":"<p>Tulip One-Step Tie-Dye batikas kr\u0101sas uztur stilu svaigu un spilgtu ar vis\u0113rt\u0101ko dabai draudz\u012bgu auduma kr\u0101so\u0161anas tehniku. Vienk\u0101r\u0161i ieliec vienu paci\u0146u kr\u0101sas jau lietot\u0101 Tulip One-Step Tie-Dye pudel\u0113, pievieno \u016bdeni un sakrati\u2026paci\u0146a iz\u0161\u0137\u012bd\u012bs \u016bden\u012b bez p\u0113d\u0101m vienas min\u016btes laik\u0101! Vai nu tev pat\u012bk kr\u0101sot sav\u0101 darbistab\u0101 vai ir paredz\u0113ta k\u0101da grupas nodarb\u012bba, vari mier\u012bgi pa\u013cauties uz One-Step Tie-Dye batikas kr\u0101s\u0101m, kr\u0101su eksperiments b\u016bs vienk\u0101r\u0161s un \u0113rts.<\/p>\n","protected":false},"excerpt":{"rendered":"<p>Tulip One-Step Tie-Dye batikas kr\u0101sas uztur stilu svaigu un spilgtu ar vis\u0113rt\u0101ko dabai draudz\u012bgu auduma kr\u0101so\u0161anas tehniku. Vienk\u0101r\u0161i ieliec vienu paci\u0146u kr\u0101sas jau lietot\u0101 Tulip One-Step Tie-Dye pudel\u0113, pievieno \u016bdeni un sakrati\u2026paci\u0146a iz\u0161\u0137\u012bd\u012bs \u016bden\u012b bez p\u0113d\u0101m vienas min\u016btes laik\u0101! Vai nu tev pat\u012bk kr\u0101sot sav\u0101 darbistab\u0101 vai ir paredz\u0113ta k\u0101da grupas nodarb\u012bba, vari mier\u012bgi pa\u013cauties uz One-Step Tie-Dye batikas kr\u0101s\u0101m, kr\u0101su eksperiments b\u016bs vienk\u0101r\u0161s un \u0113rts.<\/p>\n","protected":false},"featured_media":267773,"comment_status":"closed","ping_status":"closed","template":"","meta":{"_acf_changed":false,"ep_exclude_from_search":false},"product_cat":[18212,17918,17956],"product_tag":[],"class_list":{"0":"post-266994","1":"product","2":"type-product","3":"status-publish","4":"has-post-thumbnail","6":"product_cat-krasas-gleznosanai-uz-auduma","7":"product_cat-preces-hobijiem","8":"product_cat-tekstilam","10":"first","11":"instock","12":"taxable","13":"shipping-taxable","14":"purchasable","15":"product-type-variable"},"acf":[],"yoast_head":"<!-- This site is optimized with the Yoast SEO plugin v24.1 - https:\/\/yoast.com\/wordpress\/plugins\/seo\/ -->\n<title>Batikas kr\u0101sa Tulip One-Step Tie-Dye &#8211; Skizze<\/title>\n<meta name=\"robots\" content=\"noindex, follow, max-snippet:-1, max-image-preview:large, max-video-preview:-1\" \/>\n<meta property=\"og:locale\" content=\"lv_LV\" \/>\n<meta property=\"og:type\" content=\"article\" \/>\n<meta property=\"og:title\" content=\"Batikas kr\u0101sa Tulip One-Step Tie-Dye &#8211; Skizze\" \/>\n<meta property=\"og:description\" content=\"Tulip One-Step Tie-Dye batikas kr\u0101sas uztur stilu svaigu un spilgtu ar vis\u0113rt\u0101ko dabai draudz\u012bgu auduma kr\u0101so\u0161anas tehniku. Vienk\u0101r\u0161i ieliec vienu paci\u0146u kr\u0101sas jau lietot\u0101 Tulip One-Step Tie-Dye pudel\u0113, pievieno \u016bdeni un sakrati\u2026paci\u0146a iz\u0161\u0137\u012bd\u012bs \u016bden\u012b bez p\u0113d\u0101m vienas min\u016btes laik\u0101! Vai nu tev pat\u012bk kr\u0101sot sav\u0101 darbistab\u0101 vai ir paredz\u0113ta k\u0101da grupas nodarb\u012bba, vari mier\u012bgi pa\u013cauties uz One-Step Tie-Dye batikas kr\u0101s\u0101m, kr\u0101su eksperiments b\u016bs vienk\u0101r\u0161s un \u0113rts.\" \/>\n<meta property=\"og:url\" content=\"https:\/\/hobstop.ee\/lv\/produkts\/batikas-krasa-tulip-one-step-tie-dye\/\" \/>\n<meta property=\"og:site_name\" content=\"Skizze\" \/>\n<meta property=\"article:publisher\" content=\"http:\/\/www.facebook.com\/VunderSkizze\" \/>\n<meta property=\"og:image\" content=\"https:\/\/hobstop.ee\/media\/4293.jpg\" \/>\n\t<meta property=\"og:image:width\" content=\"1024\" \/>\n\t<meta property=\"og:image:height\" content=\"768\" \/>\n\t<meta property=\"og:image:type\" content=\"image\/jpeg\" \/>\n<meta name=\"twitter:card\" content=\"summary_large_image\" \/>\n<script type=\"application\/ld+json\" class=\"yoast-schema-graph\">{\"@context\":\"https:\/\/schema.org\",\"@graph\":[{\"@type\":\"WebPage\",\"@id\":\"https:\/\/hobstop.ee\/lv\/produkts\/batikas-krasa-tulip-one-step-tie-dye\/\",\"url\":\"https:\/\/hobstop.ee\/lv\/produkts\/batikas-krasa-tulip-one-step-tie-dye\/\",\"name\":\"Batikas kr\u0101sa Tulip One-Step Tie-Dye &#8211; Skizze\",\"isPartOf\":{\"@id\":\"https:\/\/hobstop.ee\/lv\/#website\"},\"primaryImageOfPage\":{\"@id\":\"https:\/\/hobstop.ee\/lv\/produkts\/batikas-krasa-tulip-one-step-tie-dye\/#primaryimage\"},\"image\":{\"@id\":\"https:\/\/hobstop.ee\/lv\/produkts\/batikas-krasa-tulip-one-step-tie-dye\/#primaryimage\"},\"thumbnailUrl\":\"https:\/\/hobstop.ee\/media\/4293.jpg\",\"datePublished\":\"2016-05-25T12:08:45+00:00\",\"dateModified\":\"2016-05-25T12:08:45+00:00\",\"breadcrumb\":{\"@id\":\"https:\/\/hobstop.ee\/lv\/produkts\/batikas-krasa-tulip-one-step-tie-dye\/#breadcrumb\"},\"inLanguage\":\"lv-LV\",\"potentialAction\":[{\"@type\":\"ReadAction\",\"target\":[\"https:\/\/hobstop.ee\/lv\/produkts\/batikas-krasa-tulip-one-step-tie-dye\/\"]}]},{\"@type\":\"ImageObject\",\"inLanguage\":\"lv-LV\",\"@id\":\"https:\/\/hobstop.ee\/lv\/produkts\/batikas-krasa-tulip-one-step-tie-dye\/#primaryimage\",\"url\":\"https:\/\/hobstop.ee\/media\/4293.jpg\",\"contentUrl\":\"https:\/\/hobstop.ee\/media\/4293.jpg\",\"width\":1024,\"height\":768},{\"@type\":\"BreadcrumbList\",\"@id\":\"https:\/\/hobstop.ee\/lv\/produkts\/batikas-krasa-tulip-one-step-tie-dye\/#breadcrumb\",\"itemListElement\":[{\"@type\":\"ListItem\",\"position\":1,\"name\":\"Avaleht\",\"item\":\"https:\/\/hobstop.ee\/lv\/\"},{\"@type\":\"ListItem\",\"position\":2,\"name\":\"Veikals\",\"item\":\"https:\/\/hobstop.ee\/lv\/veikals\/\"},{\"@type\":\"ListItem\",\"position\":3,\"name\":\"Batikas kr\u0101sa Tulip One-Step Tie-Dye\"}]},{\"@type\":\"WebSite\",\"@id\":\"https:\/\/hobstop.ee\/lv\/#website\",\"url\":\"https:\/\/hobstop.ee\/lv\/\",\"name\":\"Skizze\",\"description\":\"M\u0101kslas, hobiju un skolas preces\",\"publisher\":{\"@id\":\"https:\/\/hobstop.ee\/lv\/#organization\"},\"potentialAction\":[{\"@type\":\"SearchAction\",\"target\":{\"@type\":\"EntryPoint\",\"urlTemplate\":\"https:\/\/hobstop.ee\/lv\/?s={search_term_string}\"},\"query-input\":{\"@type\":\"PropertyValueSpecification\",\"valueRequired\":true,\"valueName\":\"search_term_string\"}}],\"inLanguage\":\"lv-LV\"},{\"@type\":\"Organization\",\"@id\":\"https:\/\/hobstop.ee\/lv\/#organization\",\"name\":\"Vunder AS\",\"url\":\"https:\/\/hobstop.ee\/lv\/\",\"logo\":{\"@type\":\"ImageObject\",\"inLanguage\":\"lv-LV\",\"@id\":\"https:\/\/hobstop.ee\/lv\/#\/schema\/logo\/image\/\",\"url\":\"https:\/\/hobstop.ee\/media\/vunder-logo.png\",\"contentUrl\":\"https:\/\/hobstop.ee\/media\/vunder-logo.png\",\"width\":127,\"height\":55,\"caption\":\"Vunder AS\"},\"image\":{\"@id\":\"https:\/\/hobstop.ee\/lv\/#\/schema\/logo\/image\/\"},\"sameAs\":[\"http:\/\/www.facebook.com\/VunderSkizze\"]}]}<\/script>\n<!-- \/ Yoast SEO plugin. -->","yoast_head_json":{"title":"Batikas kr\u0101sa Tulip One-Step Tie-Dye &#8211; Skizze","robots":{"index":"noindex","follow":"follow","max-snippet":"max-snippet:-1","max-image-preview":"max-image-preview:large","max-video-preview":"max-video-preview:-1"},"og_locale":"lv_LV","og_type":"article","og_title":"Batikas kr\u0101sa Tulip One-Step Tie-Dye &#8211; Skizze","og_description":"Tulip One-Step Tie-Dye batikas kr\u0101sas uztur stilu svaigu un spilgtu ar vis\u0113rt\u0101ko dabai draudz\u012bgu auduma kr\u0101so\u0161anas tehniku. Vienk\u0101r\u0161i ieliec vienu paci\u0146u kr\u0101sas jau lietot\u0101 Tulip One-Step Tie-Dye pudel\u0113, pievieno \u016bdeni un sakrati\u2026paci\u0146a iz\u0161\u0137\u012bd\u012bs \u016bden\u012b bez p\u0113d\u0101m vienas min\u016btes laik\u0101! Vai nu tev pat\u012bk kr\u0101sot sav\u0101 darbistab\u0101 vai ir paredz\u0113ta k\u0101da grupas nodarb\u012bba, vari mier\u012bgi pa\u013cauties uz One-Step Tie-Dye batikas kr\u0101s\u0101m, kr\u0101su eksperiments b\u016bs vienk\u0101r\u0161s un \u0113rts.","og_url":"https:\/\/hobstop.ee\/lv\/produkts\/batikas-krasa-tulip-one-step-tie-dye\/","og_site_name":"Skizze","article_publisher":"http:\/\/www.facebook.com\/VunderSkizze","og_image":[{"width":1024,"height":768,"url":"https:\/\/hobstop.ee\/media\/4293.jpg","type":"image\/jpeg"}],"twitter_card":"summary_large_image","schema":{"@context":"https:\/\/schema.org","@graph":[{"@type":"WebPage","@id":"https:\/\/hobstop.ee\/lv\/produkts\/batikas-krasa-tulip-one-step-tie-dye\/","url":"https:\/\/hobstop.ee\/lv\/produkts\/batikas-krasa-tulip-one-step-tie-dye\/","name":"Batikas kr\u0101sa Tulip One-Step Tie-Dye &#8211; Skizze","isPartOf":{"@id":"https:\/\/hobstop.ee\/lv\/#website"},"primaryImageOfPage":{"@id":"https:\/\/hobstop.ee\/lv\/produkts\/batikas-krasa-tulip-one-step-tie-dye\/#primaryimage"},"image":{"@id":"https:\/\/hobstop.ee\/lv\/produkts\/batikas-krasa-tulip-one-step-tie-dye\/#primaryimage"},"thumbnailUrl":"https:\/\/hobstop.ee\/media\/4293.jpg","datePublished":"2016-05-25T12:08:45+00:00","dateModified":"2016-05-25T12:08:45+00:00","breadcrumb":{"@id":"https:\/\/hobstop.ee\/lv\/produkts\/batikas-krasa-tulip-one-step-tie-dye\/#breadcrumb"},"inLanguage":"lv-LV","potentialAction":[{"@type":"ReadAction","target":["https:\/\/hobstop.ee\/lv\/produkts\/batikas-krasa-tulip-one-step-tie-dye\/"]}]},{"@type":"ImageObject","inLanguage":"lv-LV","@id":"https:\/\/hobstop.ee\/lv\/produkts\/batikas-krasa-tulip-one-step-tie-dye\/#primaryimage","url":"https:\/\/hobstop.ee\/media\/4293.jpg","contentUrl":"https:\/\/hobstop.ee\/media\/4293.jpg","width":1024,"height":768},{"@type":"BreadcrumbList","@id":"https:\/\/hobstop.ee\/lv\/produkts\/batikas-krasa-tulip-one-step-tie-dye\/#breadcrumb","itemListElement":[{"@type":"ListItem","position":1,"name":"Avaleht","item":"https:\/\/hobstop.ee\/lv\/"},{"@type":"ListItem","position":2,"name":"Veikals","item":"https:\/\/hobstop.ee\/lv\/veikals\/"},{"@type":"ListItem","position":3,"name":"Batikas kr\u0101sa Tulip One-Step Tie-Dye"}]},{"@type":"WebSite","@id":"https:\/\/hobstop.ee\/lv\/#website","url":"https:\/\/hobstop.ee\/lv\/","name":"Skizze","description":"M\u0101kslas, hobiju un skolas preces","publisher":{"@id":"https:\/\/hobstop.ee\/lv\/#organization"},"potentialAction":[{"@type":"SearchAction","target":{"@type":"EntryPoint","urlTemplate":"https:\/\/hobstop.ee\/lv\/?s={search_term_string}"},"query-input":{"@type":"PropertyValueSpecification","valueRequired":true,"valueName":"search_term_string"}}],"inLanguage":"lv-LV"},{"@type":"Organization","@id":"https:\/\/hobstop.ee\/lv\/#organization","name":"Vunder AS","url":"https:\/\/hobstop.ee\/lv\/","logo":{"@type":"ImageObject","inLanguage":"lv-LV","@id":"https:\/\/hobstop.ee\/lv\/#\/schema\/logo\/image\/","url":"https:\/\/hobstop.ee\/media\/vunder-logo.png","contentUrl":"https:\/\/hobstop.ee\/media\/vunder-logo.png","width":127,"height":55,"caption":"Vunder AS"},"image":{"@id":"https:\/\/hobstop.ee\/lv\/#\/schema\/logo\/image\/"},"sameAs":["http:\/\/www.facebook.com\/VunderSkizze"]}]}},"_links":{"self":[{"href":"https:\/\/hobstop.ee\/lv\/wp-json\/wp\/v2\/product\/266994","targetHints":{"allow":["GET"]}}],"collection":[{"href":"https:\/\/hobstop.ee\/lv\/wp-json\/wp\/v2\/product"}],"about":[{"href":"https:\/\/hobstop.ee\/lv\/wp-json\/wp\/v2\/types\/product"}],"replies":[{"embeddable":true,"href":"https:\/\/hobstop.ee\/lv\/wp-json\/wp\/v2\/comments?post=266994"}],"wp:featuredmedia":[{"embeddable":true,"href":"https:\/\/hobstop.ee\/lv\/wp-json\/wp\/v2\/media\/267773"}],"wp:attachment":[{"href":"https:\/\/hobstop.ee\/lv\/wp-json\/wp\/v2\/media?parent=266994"}],"wp:term":[{"taxonomy":"product_cat","embeddable":true,"href":"https:\/\/hobstop.ee\/lv\/wp-json\/wp\/v2\/product_cat?post=266994"},{"taxonomy":"product_tag","embeddable":true,"href":"https:\/\/hobstop.ee\/lv\/wp-json\/wp\/v2\/product_tag?post=266994"}],"curies":[{"name":"wp","href":"https:\/\/api.w.org\/{rel}","templated":true}]}}