{"id":267058,"date":"2016-05-25T15:15:00","date_gmt":"2016-05-25T12:09:01","guid":{"rendered":"https:\/\/sharks.ee\/vunder_2019\/lv\/product\/akvarelkrasu-komplekts-sennelier-koka-kaste\/"},"modified":"2016-05-25T15:09:01","modified_gmt":"2016-05-25T12:09:01","slug":"akvarelkrasu-komplekts-sennelier-laquarelle-koka-kaste","status":"publish","type":"product","link":"https:\/\/hobstop.ee\/lv\/produkts\/akvarelkrasu-komplekts-sennelier-laquarelle-koka-kaste\/","title":{"rendered":"Akvare\u013ckr\u0101su komplekts Sennelier l&#8217;Aquarelle koka kast\u0113"},"content":{"rendered":"<p>\u0160\u012bs \u012bpa\u0161\u0101s un augst\u0101s kvalit\u0101tes akvare\u013cu kr\u0101sas pal\u012bdz\u0113s rad\u012bt jums v\u0113l ietekm\u012bg\u0101kus darbus, tie\u0161i pateicoties nokr\u0101su dz\u012bv\u012bgumam un t\u012br\u012bbai. Kr\u0101sas nevainojami sajaucas, radot pirm\u0161\u0137ir\u012bgi smalkas nokr\u0101sas. Medus piedeva L&#8217;Aquarelle Sennelier akvare\u013cos tiek izmantota ne tikai k\u0101 konservants, bet ar\u012b k\u0101 piedeva, kas pie\u0161\u0137ir kr\u0101sai iespaid\u012bgu mirdzumu un pl\u016bdenumu. Paaugstin\u0101ta medus daudzuma formula palielina kr\u0101su ilgm\u016b\u017e\u012bbu, to mirdzumu un sp\u012bdumu. Dab\u012bgo sast\u0101vda\u013cu sajaukums rada kr\u0101sas ar pl\u016bsto\u0161u, gai\u0161u tekst\u016bru un dz\u012bv\u012bgas, kr\u0101sainas nokr\u0101sas. Gumiar\u0101bikas un medus kombin\u0101cija nodro\u0161ina lielisku kl\u0101juma kvalit\u0101ti, radot pirm\u0161\u0137ir\u012bgus pludin\u0101\u0161anas efektus. B\u0101zes viela  tiek sajaukta ar pigmentiem un r\u016bp\u012bgi samalta tradicion\u0101l\u0101 veid\u0101 ar l\u0113ni rot\u0113jo\u0161\u0101m galod\u0101m, lai pasta netiktu uzkars\u0113ta. Sennelier mitrina pigmentus ar att\u012br\u012btu \u016bdeni (kas nesatur miner\u0101\u013cus) 24 stundas pirms to sajauk\u0161anas ar saistvielu. \u0160\u0101da pieeja uzlabo kr\u0101sas un saistvielas sapl\u016b\u0161anu, t\u0101d\u0113j\u0101di izce\u013cot visu kr\u0101sas skaistumu.<\/p>\n","protected":false},"excerpt":{"rendered":"<p>\u0160\u012bs \u012bpa\u0161\u0101s un augst\u0101s kvalit\u0101tes akvare\u013cu kr\u0101sas pal\u012bdz\u0113s rad\u012bt jums v\u0113l ietekm\u012bg\u0101kus darbus, tie\u0161i pateicoties nokr\u0101su dz\u012bv\u012bgumam un t\u012br\u012bbai. Kr\u0101sas nevainojami sajaucas, radot pirm\u0161\u0137ir\u012bgi smalkas nokr\u0101sas. Medus piedeva L&#8217;Aquarelle Sennelier akvare\u013cos tiek izmantota ne tikai k\u0101 konservants, bet ar\u012b k\u0101 piedeva, kas pie\u0161\u0137ir kr\u0101sai iespaid\u012bgu mirdzumu un pl\u016bdenumu. Paaugstin\u0101ta medus daudzuma formula palielina kr\u0101su ilgm\u016b\u017e\u012bbu, to mirdzumu un sp\u012bdumu. Dab\u012bgo sast\u0101vda\u013cu sajaukums rada kr\u0101sas ar pl\u016bsto\u0161u, gai\u0161u tekst\u016bru un dz\u012bv\u012bgas, kr\u0101sainas nokr\u0101sas. Gumiar\u0101bikas un medus kombin\u0101cija nodro\u0161ina lielisku kl\u0101juma kvalit\u0101ti, radot pirm\u0161\u0137ir\u012bgus pludin\u0101\u0161anas efektus. B\u0101zes viela tiek sajaukta ar pigmentiem un r\u016bp\u012bgi samalta tradicion\u0101l\u0101 veid\u0101 ar l\u0113ni rot\u0113jo\u0161\u0101m galod\u0101m, lai pasta netiktu uzkars\u0113ta. Sennelier mitrina pigmentus ar att\u012br\u012btu \u016bdeni (kas nesatur miner\u0101\u013cus) 24 stundas pirms to sajauk\u0161anas ar saistvielu. \u0160\u0101da pieeja uzlabo kr\u0101sas un saistvielas sapl\u016b\u0161anu, t\u0101d\u0113j\u0101di izce\u013cot visu kr\u0101sas skaistumu.<\/p>\n","protected":false},"featured_media":267843,"comment_status":"closed","ping_status":"closed","template":"","meta":{"_acf_changed":false,"ep_exclude_from_search":false},"product_cat":[19000,17980,16123],"product_tag":[],"class_list":{"0":"post-267058","1":"product","2":"type-product","3":"status-publish","4":"has-post-thumbnail","6":"product_cat-akvarelkrasas-2","7":"product_cat-krasas-un-gleznosanas-paligmateriali","8":"product_cat-makslas-piederumi-2","10":"first","11":"outofstock","12":"taxable","13":"shipping-taxable","14":"purchasable","15":"product-type-variable"},"acf":[],"yoast_head":"<!-- This site is optimized with the Yoast SEO plugin v24.1 - https:\/\/yoast.com\/wordpress\/plugins\/seo\/ -->\n<title>Akvare\u013ckr\u0101su komplekts Sennelier l&#039;Aquarelle koka kast\u0113 &#8211; Skizze<\/title>\n<meta name=\"robots\" content=\"noindex, follow, max-snippet:-1, max-image-preview:large, max-video-preview:-1\" \/>\n<meta property=\"og:locale\" content=\"lv_LV\" \/>\n<meta property=\"og:type\" content=\"article\" \/>\n<meta property=\"og:title\" content=\"Akvare\u013ckr\u0101su komplekts Sennelier l&#039;Aquarelle koka kast\u0113 &#8211; Skizze\" \/>\n<meta property=\"og:description\" content=\"\u0160\u012bs \u012bpa\u0161\u0101s un augst\u0101s kvalit\u0101tes akvare\u013cu kr\u0101sas pal\u012bdz\u0113s rad\u012bt jums v\u0113l ietekm\u012bg\u0101kus darbus, tie\u0161i pateicoties nokr\u0101su dz\u012bv\u012bgumam un t\u012br\u012bbai. Kr\u0101sas nevainojami sajaucas, radot pirm\u0161\u0137ir\u012bgi smalkas nokr\u0101sas. Medus piedeva L&#8217;Aquarelle Sennelier akvare\u013cos tiek izmantota ne tikai k\u0101 konservants, bet ar\u012b k\u0101 piedeva, kas pie\u0161\u0137ir kr\u0101sai iespaid\u012bgu mirdzumu un pl\u016bdenumu. Paaugstin\u0101ta medus daudzuma formula palielina kr\u0101su ilgm\u016b\u017e\u012bbu, to mirdzumu un sp\u012bdumu. Dab\u012bgo sast\u0101vda\u013cu sajaukums rada kr\u0101sas ar pl\u016bsto\u0161u, gai\u0161u tekst\u016bru un dz\u012bv\u012bgas, kr\u0101sainas nokr\u0101sas. Gumiar\u0101bikas un medus kombin\u0101cija nodro\u0161ina lielisku kl\u0101juma kvalit\u0101ti, radot pirm\u0161\u0137ir\u012bgus pludin\u0101\u0161anas efektus. B\u0101zes viela tiek sajaukta ar pigmentiem un r\u016bp\u012bgi samalta tradicion\u0101l\u0101 veid\u0101 ar l\u0113ni rot\u0113jo\u0161\u0101m galod\u0101m, lai pasta netiktu uzkars\u0113ta. Sennelier mitrina pigmentus ar att\u012br\u012btu \u016bdeni (kas nesatur miner\u0101\u013cus) 24 stundas pirms to sajauk\u0161anas ar saistvielu. \u0160\u0101da pieeja uzlabo kr\u0101sas un saistvielas sapl\u016b\u0161anu, t\u0101d\u0113j\u0101di izce\u013cot visu kr\u0101sas skaistumu.\" \/>\n<meta property=\"og:url\" content=\"https:\/\/hobstop.ee\/lv\/produkts\/akvarelkrasu-komplekts-sennelier-laquarelle-koka-kaste\/\" \/>\n<meta property=\"og:site_name\" content=\"Skizze\" \/>\n<meta property=\"article:publisher\" content=\"http:\/\/www.facebook.com\/VunderSkizze\" \/>\n<meta property=\"og:image\" content=\"https:\/\/hobstop.ee\/media\/4338.jpg\" \/>\n\t<meta property=\"og:image:width\" content=\"1024\" \/>\n\t<meta property=\"og:image:height\" content=\"768\" \/>\n\t<meta property=\"og:image:type\" content=\"image\/jpeg\" \/>\n<meta name=\"twitter:card\" content=\"summary_large_image\" \/>\n<meta name=\"twitter:label1\" content=\"Est. reading time\" \/>\n\t<meta name=\"twitter:data1\" content=\"1 min\u016b\u0161u\" \/>\n<script type=\"application\/ld+json\" class=\"yoast-schema-graph\">{\"@context\":\"https:\/\/schema.org\",\"@graph\":[{\"@type\":\"WebPage\",\"@id\":\"https:\/\/hobstop.ee\/lv\/produkts\/akvarelkrasu-komplekts-sennelier-laquarelle-koka-kaste\/\",\"url\":\"https:\/\/hobstop.ee\/lv\/produkts\/akvarelkrasu-komplekts-sennelier-laquarelle-koka-kaste\/\",\"name\":\"Akvare\u013ckr\u0101su komplekts Sennelier l'Aquarelle koka kast\u0113 &#8211; Skizze\",\"isPartOf\":{\"@id\":\"https:\/\/hobstop.ee\/lv\/#website\"},\"primaryImageOfPage\":{\"@id\":\"https:\/\/hobstop.ee\/lv\/produkts\/akvarelkrasu-komplekts-sennelier-laquarelle-koka-kaste\/#primaryimage\"},\"image\":{\"@id\":\"https:\/\/hobstop.ee\/lv\/produkts\/akvarelkrasu-komplekts-sennelier-laquarelle-koka-kaste\/#primaryimage\"},\"thumbnailUrl\":\"https:\/\/hobstop.ee\/media\/4338.jpg\",\"datePublished\":\"2016-05-25T12:09:01+00:00\",\"dateModified\":\"2016-05-25T12:09:01+00:00\",\"breadcrumb\":{\"@id\":\"https:\/\/hobstop.ee\/lv\/produkts\/akvarelkrasu-komplekts-sennelier-laquarelle-koka-kaste\/#breadcrumb\"},\"inLanguage\":\"lv-LV\",\"potentialAction\":[{\"@type\":\"ReadAction\",\"target\":[\"https:\/\/hobstop.ee\/lv\/produkts\/akvarelkrasu-komplekts-sennelier-laquarelle-koka-kaste\/\"]}]},{\"@type\":\"ImageObject\",\"inLanguage\":\"lv-LV\",\"@id\":\"https:\/\/hobstop.ee\/lv\/produkts\/akvarelkrasu-komplekts-sennelier-laquarelle-koka-kaste\/#primaryimage\",\"url\":\"https:\/\/hobstop.ee\/media\/4338.jpg\",\"contentUrl\":\"https:\/\/hobstop.ee\/media\/4338.jpg\",\"width\":1024,\"height\":768},{\"@type\":\"BreadcrumbList\",\"@id\":\"https:\/\/hobstop.ee\/lv\/produkts\/akvarelkrasu-komplekts-sennelier-laquarelle-koka-kaste\/#breadcrumb\",\"itemListElement\":[{\"@type\":\"ListItem\",\"position\":1,\"name\":\"Avaleht\",\"item\":\"https:\/\/hobstop.ee\/lv\/\"},{\"@type\":\"ListItem\",\"position\":2,\"name\":\"Veikals\",\"item\":\"https:\/\/hobstop.ee\/lv\/veikals\/\"},{\"@type\":\"ListItem\",\"position\":3,\"name\":\"Akvare\u013ckr\u0101su komplekts Sennelier l&#8217;Aquarelle koka kast\u0113\"}]},{\"@type\":\"WebSite\",\"@id\":\"https:\/\/hobstop.ee\/lv\/#website\",\"url\":\"https:\/\/hobstop.ee\/lv\/\",\"name\":\"Skizze\",\"description\":\"M\u0101kslas, hobiju un skolas preces\",\"publisher\":{\"@id\":\"https:\/\/hobstop.ee\/lv\/#organization\"},\"potentialAction\":[{\"@type\":\"SearchAction\",\"target\":{\"@type\":\"EntryPoint\",\"urlTemplate\":\"https:\/\/hobstop.ee\/lv\/?s={search_term_string}\"},\"query-input\":{\"@type\":\"PropertyValueSpecification\",\"valueRequired\":true,\"valueName\":\"search_term_string\"}}],\"inLanguage\":\"lv-LV\"},{\"@type\":\"Organization\",\"@id\":\"https:\/\/hobstop.ee\/lv\/#organization\",\"name\":\"Vunder AS\",\"url\":\"https:\/\/hobstop.ee\/lv\/\",\"logo\":{\"@type\":\"ImageObject\",\"inLanguage\":\"lv-LV\",\"@id\":\"https:\/\/hobstop.ee\/lv\/#\/schema\/logo\/image\/\",\"url\":\"https:\/\/hobstop.ee\/media\/vunder-logo.png\",\"contentUrl\":\"https:\/\/hobstop.ee\/media\/vunder-logo.png\",\"width\":127,\"height\":55,\"caption\":\"Vunder AS\"},\"image\":{\"@id\":\"https:\/\/hobstop.ee\/lv\/#\/schema\/logo\/image\/\"},\"sameAs\":[\"http:\/\/www.facebook.com\/VunderSkizze\"]}]}<\/script>\n<!-- \/ Yoast SEO plugin. -->","yoast_head_json":{"title":"Akvare\u013ckr\u0101su komplekts Sennelier l'Aquarelle koka kast\u0113 &#8211; Skizze","robots":{"index":"noindex","follow":"follow","max-snippet":"max-snippet:-1","max-image-preview":"max-image-preview:large","max-video-preview":"max-video-preview:-1"},"og_locale":"lv_LV","og_type":"article","og_title":"Akvare\u013ckr\u0101su komplekts Sennelier l'Aquarelle koka kast\u0113 &#8211; Skizze","og_description":"\u0160\u012bs \u012bpa\u0161\u0101s un augst\u0101s kvalit\u0101tes akvare\u013cu kr\u0101sas pal\u012bdz\u0113s rad\u012bt jums v\u0113l ietekm\u012bg\u0101kus darbus, tie\u0161i pateicoties nokr\u0101su dz\u012bv\u012bgumam un t\u012br\u012bbai. Kr\u0101sas nevainojami sajaucas, radot pirm\u0161\u0137ir\u012bgi smalkas nokr\u0101sas. Medus piedeva L&#8217;Aquarelle Sennelier akvare\u013cos tiek izmantota ne tikai k\u0101 konservants, bet ar\u012b k\u0101 piedeva, kas pie\u0161\u0137ir kr\u0101sai iespaid\u012bgu mirdzumu un pl\u016bdenumu. Paaugstin\u0101ta medus daudzuma formula palielina kr\u0101su ilgm\u016b\u017e\u012bbu, to mirdzumu un sp\u012bdumu. Dab\u012bgo sast\u0101vda\u013cu sajaukums rada kr\u0101sas ar pl\u016bsto\u0161u, gai\u0161u tekst\u016bru un dz\u012bv\u012bgas, kr\u0101sainas nokr\u0101sas. Gumiar\u0101bikas un medus kombin\u0101cija nodro\u0161ina lielisku kl\u0101juma kvalit\u0101ti, radot pirm\u0161\u0137ir\u012bgus pludin\u0101\u0161anas efektus. B\u0101zes viela tiek sajaukta ar pigmentiem un r\u016bp\u012bgi samalta tradicion\u0101l\u0101 veid\u0101 ar l\u0113ni rot\u0113jo\u0161\u0101m galod\u0101m, lai pasta netiktu uzkars\u0113ta. Sennelier mitrina pigmentus ar att\u012br\u012btu \u016bdeni (kas nesatur miner\u0101\u013cus) 24 stundas pirms to sajauk\u0161anas ar saistvielu. \u0160\u0101da pieeja uzlabo kr\u0101sas un saistvielas sapl\u016b\u0161anu, t\u0101d\u0113j\u0101di izce\u013cot visu kr\u0101sas skaistumu.","og_url":"https:\/\/hobstop.ee\/lv\/produkts\/akvarelkrasu-komplekts-sennelier-laquarelle-koka-kaste\/","og_site_name":"Skizze","article_publisher":"http:\/\/www.facebook.com\/VunderSkizze","og_image":[{"width":1024,"height":768,"url":"https:\/\/hobstop.ee\/media\/4338.jpg","type":"image\/jpeg"}],"twitter_card":"summary_large_image","twitter_misc":{"Est. reading time":"1 min\u016b\u0161u"},"schema":{"@context":"https:\/\/schema.org","@graph":[{"@type":"WebPage","@id":"https:\/\/hobstop.ee\/lv\/produkts\/akvarelkrasu-komplekts-sennelier-laquarelle-koka-kaste\/","url":"https:\/\/hobstop.ee\/lv\/produkts\/akvarelkrasu-komplekts-sennelier-laquarelle-koka-kaste\/","name":"Akvare\u013ckr\u0101su komplekts Sennelier l'Aquarelle koka kast\u0113 &#8211; Skizze","isPartOf":{"@id":"https:\/\/hobstop.ee\/lv\/#website"},"primaryImageOfPage":{"@id":"https:\/\/hobstop.ee\/lv\/produkts\/akvarelkrasu-komplekts-sennelier-laquarelle-koka-kaste\/#primaryimage"},"image":{"@id":"https:\/\/hobstop.ee\/lv\/produkts\/akvarelkrasu-komplekts-sennelier-laquarelle-koka-kaste\/#primaryimage"},"thumbnailUrl":"https:\/\/hobstop.ee\/media\/4338.jpg","datePublished":"2016-05-25T12:09:01+00:00","dateModified":"2016-05-25T12:09:01+00:00","breadcrumb":{"@id":"https:\/\/hobstop.ee\/lv\/produkts\/akvarelkrasu-komplekts-sennelier-laquarelle-koka-kaste\/#breadcrumb"},"inLanguage":"lv-LV","potentialAction":[{"@type":"ReadAction","target":["https:\/\/hobstop.ee\/lv\/produkts\/akvarelkrasu-komplekts-sennelier-laquarelle-koka-kaste\/"]}]},{"@type":"ImageObject","inLanguage":"lv-LV","@id":"https:\/\/hobstop.ee\/lv\/produkts\/akvarelkrasu-komplekts-sennelier-laquarelle-koka-kaste\/#primaryimage","url":"https:\/\/hobstop.ee\/media\/4338.jpg","contentUrl":"https:\/\/hobstop.ee\/media\/4338.jpg","width":1024,"height":768},{"@type":"BreadcrumbList","@id":"https:\/\/hobstop.ee\/lv\/produkts\/akvarelkrasu-komplekts-sennelier-laquarelle-koka-kaste\/#breadcrumb","itemListElement":[{"@type":"ListItem","position":1,"name":"Avaleht","item":"https:\/\/hobstop.ee\/lv\/"},{"@type":"ListItem","position":2,"name":"Veikals","item":"https:\/\/hobstop.ee\/lv\/veikals\/"},{"@type":"ListItem","position":3,"name":"Akvare\u013ckr\u0101su komplekts Sennelier l&#8217;Aquarelle koka kast\u0113"}]},{"@type":"WebSite","@id":"https:\/\/hobstop.ee\/lv\/#website","url":"https:\/\/hobstop.ee\/lv\/","name":"Skizze","description":"M\u0101kslas, hobiju un skolas preces","publisher":{"@id":"https:\/\/hobstop.ee\/lv\/#organization"},"potentialAction":[{"@type":"SearchAction","target":{"@type":"EntryPoint","urlTemplate":"https:\/\/hobstop.ee\/lv\/?s={search_term_string}"},"query-input":{"@type":"PropertyValueSpecification","valueRequired":true,"valueName":"search_term_string"}}],"inLanguage":"lv-LV"},{"@type":"Organization","@id":"https:\/\/hobstop.ee\/lv\/#organization","name":"Vunder AS","url":"https:\/\/hobstop.ee\/lv\/","logo":{"@type":"ImageObject","inLanguage":"lv-LV","@id":"https:\/\/hobstop.ee\/lv\/#\/schema\/logo\/image\/","url":"https:\/\/hobstop.ee\/media\/vunder-logo.png","contentUrl":"https:\/\/hobstop.ee\/media\/vunder-logo.png","width":127,"height":55,"caption":"Vunder AS"},"image":{"@id":"https:\/\/hobstop.ee\/lv\/#\/schema\/logo\/image\/"},"sameAs":["http:\/\/www.facebook.com\/VunderSkizze"]}]}},"_links":{"self":[{"href":"https:\/\/hobstop.ee\/lv\/wp-json\/wp\/v2\/product\/267058","targetHints":{"allow":["GET"]}}],"collection":[{"href":"https:\/\/hobstop.ee\/lv\/wp-json\/wp\/v2\/product"}],"about":[{"href":"https:\/\/hobstop.ee\/lv\/wp-json\/wp\/v2\/types\/product"}],"replies":[{"embeddable":true,"href":"https:\/\/hobstop.ee\/lv\/wp-json\/wp\/v2\/comments?post=267058"}],"wp:featuredmedia":[{"embeddable":true,"href":"https:\/\/hobstop.ee\/lv\/wp-json\/wp\/v2\/media\/267843"}],"wp:attachment":[{"href":"https:\/\/hobstop.ee\/lv\/wp-json\/wp\/v2\/media?parent=267058"}],"wp:term":[{"taxonomy":"product_cat","embeddable":true,"href":"https:\/\/hobstop.ee\/lv\/wp-json\/wp\/v2\/product_cat?post=267058"},{"taxonomy":"product_tag","embeddable":true,"href":"https:\/\/hobstop.ee\/lv\/wp-json\/wp\/v2\/product_tag?post=267058"}],"curies":[{"name":"wp","href":"https:\/\/api.w.org\/{rel}","templated":true}]}}