{"id":270371,"date":"2015-09-02T16:00:52","date_gmt":"2016-06-02T13:00:53","guid":{"rendered":"https:\/\/sharks.ee\/vunder_2019\/lv\/product\/akvarelpapirs-rulli-arches\/"},"modified":"2016-06-02T16:00:53","modified_gmt":"2016-06-02T13:00:53","slug":"akvarelpapirs-rulli-arches","status":"publish","type":"product","link":"https:\/\/hobstop.ee\/lv\/produkts\/akvarelpapirs-rulli-arches\/","title":{"rendered":"Akvare\u013cpap\u012brs rull\u012b Arches"},"content":{"rendered":"<p>Arches Watercolour ir pasaul\u0113 atz\u012bts akvare\u013cu pap\u012brs. Tas ir augstas kvalit\u0101tes, 100% kokvilnas \u0161\u0137iedru pap\u012brs. Izmantojot tradicion\u0101lo veidnes tehnolo\u0123iju, tiek ieg\u016bta harmoniska, ta\u010du daudzveid\u012bga tekst\u016bra, kas atg\u0101dina ar rok\u0101m darin\u0101tu pap\u012bru.  \u0160\u0137iedras ir izvietotas vienm\u0113r\u012bgi, nodro\u0161inot lab\u0101ku pap\u012bra stabilit\u0101ti un samazinot t\u0101 deform\u0101ciju. Pateicoties dimension\u0101lajai stabilit\u0101tei, pap\u012brs nezaud\u0113 formu ar\u012b p\u0113c samitrin\u0101\u0161anas. Unik\u0101l\u0101 \u017eelat\u012bna p\u0101rkl\u0101juma tehnolo\u0123ija, kas izmantota Arches Watercolour pap\u012bra izgatavo\u0161anai, pasarg\u0101 to no skr\u0101p\u0113jumiem un izce\u013c kr\u0101su dz\u012bv\u012bgumu.<br \/>\nIde\u0101li piem\u0113rots: akvare\u013cu tehnikai<\/p>\n","protected":false},"excerpt":{"rendered":"<p>Arches Watercolour ir pasaul\u0113 atz\u012bts akvare\u013cu pap\u012brs. Tas ir augstas kvalit\u0101tes, 100% kokvilnas \u0161\u0137iedru pap\u012brs. Izmantojot tradicion\u0101lo veidnes tehnolo\u0123iju, tiek ieg\u016bta harmoniska, ta\u010du daudzveid\u012bga tekst\u016bra, kas atg\u0101dina ar rok\u0101m darin\u0101tu pap\u012bru. \u0160\u0137iedras ir izvietotas vienm\u0113r\u012bgi, nodro\u0161inot lab\u0101ku pap\u012bra stabilit\u0101ti un samazinot t\u0101 deform\u0101ciju. Pateicoties dimension\u0101lajai stabilit\u0101tei, pap\u012brs nezaud\u0113 formu ar\u012b p\u0113c samitrin\u0101\u0161anas. Unik\u0101l\u0101 \u017eelat\u012bna p\u0101rkl\u0101juma tehnolo\u0123ija, kas izmantota Arches Watercolour pap\u012bra izgatavo\u0161anai, pasarg\u0101 to no skr\u0101p\u0113jumiem un izce\u013c kr\u0101su dz\u012bv\u012bgumu. Ide\u0101li piem\u0113rots: akvare\u013cu tehnikai<\/p>\n","protected":false},"featured_media":270511,"comment_status":"closed","ping_status":"closed","template":"","meta":{"_acf_changed":false,"ep_exclude_from_search":false},"product_cat":[19018,18943,17921],"product_tag":[],"class_list":{"0":"post-270371","1":"product","2":"type-product","3":"status-publish","4":"has-post-thumbnail","6":"product_cat-akvarelpapirs-un-bloki-2","7":"product_cat-makslas-papirs-un-kartons-2","8":"product_cat-papira-izstradajumi","10":"first","11":"instock","12":"taxable","13":"shipping-taxable","14":"purchasable","15":"product-type-variable"},"acf":[],"yoast_head":"<!-- This site is optimized with the Yoast SEO plugin v24.1 - https:\/\/yoast.com\/wordpress\/plugins\/seo\/ -->\n<title>Akvare\u013cpap\u012brs rull\u012b Arches &#8211; Skizze<\/title>\n<meta name=\"robots\" content=\"noindex, follow, max-snippet:-1, max-image-preview:large, max-video-preview:-1\" \/>\n<meta property=\"og:locale\" content=\"lv_LV\" \/>\n<meta property=\"og:type\" content=\"article\" \/>\n<meta property=\"og:title\" content=\"Akvare\u013cpap\u012brs rull\u012b Arches &#8211; Skizze\" \/>\n<meta property=\"og:description\" content=\"Arches Watercolour ir pasaul\u0113 atz\u012bts akvare\u013cu pap\u012brs. Tas ir augstas kvalit\u0101tes, 100% kokvilnas \u0161\u0137iedru pap\u012brs. Izmantojot tradicion\u0101lo veidnes tehnolo\u0123iju, tiek ieg\u016bta harmoniska, ta\u010du daudzveid\u012bga tekst\u016bra, kas atg\u0101dina ar rok\u0101m darin\u0101tu pap\u012bru. \u0160\u0137iedras ir izvietotas vienm\u0113r\u012bgi, nodro\u0161inot lab\u0101ku pap\u012bra stabilit\u0101ti un samazinot t\u0101 deform\u0101ciju. Pateicoties dimension\u0101lajai stabilit\u0101tei, pap\u012brs nezaud\u0113 formu ar\u012b p\u0113c samitrin\u0101\u0161anas. Unik\u0101l\u0101 \u017eelat\u012bna p\u0101rkl\u0101juma tehnolo\u0123ija, kas izmantota Arches Watercolour pap\u012bra izgatavo\u0161anai, pasarg\u0101 to no skr\u0101p\u0113jumiem un izce\u013c kr\u0101su dz\u012bv\u012bgumu. Ide\u0101li piem\u0113rots: akvare\u013cu tehnikai\" \/>\n<meta property=\"og:url\" content=\"https:\/\/hobstop.ee\/lv\/produkts\/akvarelpapirs-rulli-arches\/\" \/>\n<meta property=\"og:site_name\" content=\"Skizze\" \/>\n<meta property=\"article:publisher\" content=\"http:\/\/www.facebook.com\/VunderSkizze\" \/>\n<meta property=\"og:image\" content=\"https:\/\/hobstop.ee\/media\/4341.jpg\" \/>\n\t<meta property=\"og:image:width\" content=\"1024\" \/>\n\t<meta property=\"og:image:height\" content=\"768\" \/>\n\t<meta property=\"og:image:type\" content=\"image\/jpeg\" \/>\n<meta name=\"twitter:card\" content=\"summary_large_image\" \/>\n<meta name=\"twitter:label1\" content=\"Est. reading time\" \/>\n\t<meta name=\"twitter:data1\" content=\"1 min\u016b\u0161u\" \/>\n<script type=\"application\/ld+json\" class=\"yoast-schema-graph\">{\"@context\":\"https:\/\/schema.org\",\"@graph\":[{\"@type\":\"WebPage\",\"@id\":\"https:\/\/hobstop.ee\/lv\/produkts\/akvarelpapirs-rulli-arches\/\",\"url\":\"https:\/\/hobstop.ee\/lv\/produkts\/akvarelpapirs-rulli-arches\/\",\"name\":\"Akvare\u013cpap\u012brs rull\u012b Arches &#8211; Skizze\",\"isPartOf\":{\"@id\":\"https:\/\/hobstop.ee\/lv\/#website\"},\"primaryImageOfPage\":{\"@id\":\"https:\/\/hobstop.ee\/lv\/produkts\/akvarelpapirs-rulli-arches\/#primaryimage\"},\"image\":{\"@id\":\"https:\/\/hobstop.ee\/lv\/produkts\/akvarelpapirs-rulli-arches\/#primaryimage\"},\"thumbnailUrl\":\"https:\/\/hobstop.ee\/media\/4341.jpg\",\"datePublished\":\"2016-06-02T13:00:53+00:00\",\"dateModified\":\"2016-06-02T13:00:53+00:00\",\"breadcrumb\":{\"@id\":\"https:\/\/hobstop.ee\/lv\/produkts\/akvarelpapirs-rulli-arches\/#breadcrumb\"},\"inLanguage\":\"lv-LV\",\"potentialAction\":[{\"@type\":\"ReadAction\",\"target\":[\"https:\/\/hobstop.ee\/lv\/produkts\/akvarelpapirs-rulli-arches\/\"]}]},{\"@type\":\"ImageObject\",\"inLanguage\":\"lv-LV\",\"@id\":\"https:\/\/hobstop.ee\/lv\/produkts\/akvarelpapirs-rulli-arches\/#primaryimage\",\"url\":\"https:\/\/hobstop.ee\/media\/4341.jpg\",\"contentUrl\":\"https:\/\/hobstop.ee\/media\/4341.jpg\",\"width\":1024,\"height\":768},{\"@type\":\"BreadcrumbList\",\"@id\":\"https:\/\/hobstop.ee\/lv\/produkts\/akvarelpapirs-rulli-arches\/#breadcrumb\",\"itemListElement\":[{\"@type\":\"ListItem\",\"position\":1,\"name\":\"Avaleht\",\"item\":\"https:\/\/hobstop.ee\/lv\/\"},{\"@type\":\"ListItem\",\"position\":2,\"name\":\"Veikals\",\"item\":\"https:\/\/hobstop.ee\/lv\/veikals\/\"},{\"@type\":\"ListItem\",\"position\":3,\"name\":\"Akvare\u013cpap\u012brs rull\u012b Arches\"}]},{\"@type\":\"WebSite\",\"@id\":\"https:\/\/hobstop.ee\/lv\/#website\",\"url\":\"https:\/\/hobstop.ee\/lv\/\",\"name\":\"Skizze\",\"description\":\"M\u0101kslas, hobiju un skolas preces\",\"publisher\":{\"@id\":\"https:\/\/hobstop.ee\/lv\/#organization\"},\"potentialAction\":[{\"@type\":\"SearchAction\",\"target\":{\"@type\":\"EntryPoint\",\"urlTemplate\":\"https:\/\/hobstop.ee\/lv\/?s={search_term_string}\"},\"query-input\":{\"@type\":\"PropertyValueSpecification\",\"valueRequired\":true,\"valueName\":\"search_term_string\"}}],\"inLanguage\":\"lv-LV\"},{\"@type\":\"Organization\",\"@id\":\"https:\/\/hobstop.ee\/lv\/#organization\",\"name\":\"Vunder AS\",\"url\":\"https:\/\/hobstop.ee\/lv\/\",\"logo\":{\"@type\":\"ImageObject\",\"inLanguage\":\"lv-LV\",\"@id\":\"https:\/\/hobstop.ee\/lv\/#\/schema\/logo\/image\/\",\"url\":\"https:\/\/hobstop.ee\/media\/vunder-logo.png\",\"contentUrl\":\"https:\/\/hobstop.ee\/media\/vunder-logo.png\",\"width\":127,\"height\":55,\"caption\":\"Vunder AS\"},\"image\":{\"@id\":\"https:\/\/hobstop.ee\/lv\/#\/schema\/logo\/image\/\"},\"sameAs\":[\"http:\/\/www.facebook.com\/VunderSkizze\"]}]}<\/script>\n<!-- \/ Yoast SEO plugin. -->","yoast_head_json":{"title":"Akvare\u013cpap\u012brs rull\u012b Arches &#8211; Skizze","robots":{"index":"noindex","follow":"follow","max-snippet":"max-snippet:-1","max-image-preview":"max-image-preview:large","max-video-preview":"max-video-preview:-1"},"og_locale":"lv_LV","og_type":"article","og_title":"Akvare\u013cpap\u012brs rull\u012b Arches &#8211; Skizze","og_description":"Arches Watercolour ir pasaul\u0113 atz\u012bts akvare\u013cu pap\u012brs. Tas ir augstas kvalit\u0101tes, 100% kokvilnas \u0161\u0137iedru pap\u012brs. Izmantojot tradicion\u0101lo veidnes tehnolo\u0123iju, tiek ieg\u016bta harmoniska, ta\u010du daudzveid\u012bga tekst\u016bra, kas atg\u0101dina ar rok\u0101m darin\u0101tu pap\u012bru. \u0160\u0137iedras ir izvietotas vienm\u0113r\u012bgi, nodro\u0161inot lab\u0101ku pap\u012bra stabilit\u0101ti un samazinot t\u0101 deform\u0101ciju. Pateicoties dimension\u0101lajai stabilit\u0101tei, pap\u012brs nezaud\u0113 formu ar\u012b p\u0113c samitrin\u0101\u0161anas. Unik\u0101l\u0101 \u017eelat\u012bna p\u0101rkl\u0101juma tehnolo\u0123ija, kas izmantota Arches Watercolour pap\u012bra izgatavo\u0161anai, pasarg\u0101 to no skr\u0101p\u0113jumiem un izce\u013c kr\u0101su dz\u012bv\u012bgumu. Ide\u0101li piem\u0113rots: akvare\u013cu tehnikai","og_url":"https:\/\/hobstop.ee\/lv\/produkts\/akvarelpapirs-rulli-arches\/","og_site_name":"Skizze","article_publisher":"http:\/\/www.facebook.com\/VunderSkizze","og_image":[{"width":1024,"height":768,"url":"https:\/\/hobstop.ee\/media\/4341.jpg","type":"image\/jpeg"}],"twitter_card":"summary_large_image","twitter_misc":{"Est. reading time":"1 min\u016b\u0161u"},"schema":{"@context":"https:\/\/schema.org","@graph":[{"@type":"WebPage","@id":"https:\/\/hobstop.ee\/lv\/produkts\/akvarelpapirs-rulli-arches\/","url":"https:\/\/hobstop.ee\/lv\/produkts\/akvarelpapirs-rulli-arches\/","name":"Akvare\u013cpap\u012brs rull\u012b Arches &#8211; Skizze","isPartOf":{"@id":"https:\/\/hobstop.ee\/lv\/#website"},"primaryImageOfPage":{"@id":"https:\/\/hobstop.ee\/lv\/produkts\/akvarelpapirs-rulli-arches\/#primaryimage"},"image":{"@id":"https:\/\/hobstop.ee\/lv\/produkts\/akvarelpapirs-rulli-arches\/#primaryimage"},"thumbnailUrl":"https:\/\/hobstop.ee\/media\/4341.jpg","datePublished":"2016-06-02T13:00:53+00:00","dateModified":"2016-06-02T13:00:53+00:00","breadcrumb":{"@id":"https:\/\/hobstop.ee\/lv\/produkts\/akvarelpapirs-rulli-arches\/#breadcrumb"},"inLanguage":"lv-LV","potentialAction":[{"@type":"ReadAction","target":["https:\/\/hobstop.ee\/lv\/produkts\/akvarelpapirs-rulli-arches\/"]}]},{"@type":"ImageObject","inLanguage":"lv-LV","@id":"https:\/\/hobstop.ee\/lv\/produkts\/akvarelpapirs-rulli-arches\/#primaryimage","url":"https:\/\/hobstop.ee\/media\/4341.jpg","contentUrl":"https:\/\/hobstop.ee\/media\/4341.jpg","width":1024,"height":768},{"@type":"BreadcrumbList","@id":"https:\/\/hobstop.ee\/lv\/produkts\/akvarelpapirs-rulli-arches\/#breadcrumb","itemListElement":[{"@type":"ListItem","position":1,"name":"Avaleht","item":"https:\/\/hobstop.ee\/lv\/"},{"@type":"ListItem","position":2,"name":"Veikals","item":"https:\/\/hobstop.ee\/lv\/veikals\/"},{"@type":"ListItem","position":3,"name":"Akvare\u013cpap\u012brs rull\u012b Arches"}]},{"@type":"WebSite","@id":"https:\/\/hobstop.ee\/lv\/#website","url":"https:\/\/hobstop.ee\/lv\/","name":"Skizze","description":"M\u0101kslas, hobiju un skolas preces","publisher":{"@id":"https:\/\/hobstop.ee\/lv\/#organization"},"potentialAction":[{"@type":"SearchAction","target":{"@type":"EntryPoint","urlTemplate":"https:\/\/hobstop.ee\/lv\/?s={search_term_string}"},"query-input":{"@type":"PropertyValueSpecification","valueRequired":true,"valueName":"search_term_string"}}],"inLanguage":"lv-LV"},{"@type":"Organization","@id":"https:\/\/hobstop.ee\/lv\/#organization","name":"Vunder AS","url":"https:\/\/hobstop.ee\/lv\/","logo":{"@type":"ImageObject","inLanguage":"lv-LV","@id":"https:\/\/hobstop.ee\/lv\/#\/schema\/logo\/image\/","url":"https:\/\/hobstop.ee\/media\/vunder-logo.png","contentUrl":"https:\/\/hobstop.ee\/media\/vunder-logo.png","width":127,"height":55,"caption":"Vunder AS"},"image":{"@id":"https:\/\/hobstop.ee\/lv\/#\/schema\/logo\/image\/"},"sameAs":["http:\/\/www.facebook.com\/VunderSkizze"]}]}},"_links":{"self":[{"href":"https:\/\/hobstop.ee\/lv\/wp-json\/wp\/v2\/product\/270371","targetHints":{"allow":["GET"]}}],"collection":[{"href":"https:\/\/hobstop.ee\/lv\/wp-json\/wp\/v2\/product"}],"about":[{"href":"https:\/\/hobstop.ee\/lv\/wp-json\/wp\/v2\/types\/product"}],"replies":[{"embeddable":true,"href":"https:\/\/hobstop.ee\/lv\/wp-json\/wp\/v2\/comments?post=270371"}],"wp:featuredmedia":[{"embeddable":true,"href":"https:\/\/hobstop.ee\/lv\/wp-json\/wp\/v2\/media\/270511"}],"wp:attachment":[{"href":"https:\/\/hobstop.ee\/lv\/wp-json\/wp\/v2\/media?parent=270371"}],"wp:term":[{"taxonomy":"product_cat","embeddable":true,"href":"https:\/\/hobstop.ee\/lv\/wp-json\/wp\/v2\/product_cat?post=270371"},{"taxonomy":"product_tag","embeddable":true,"href":"https:\/\/hobstop.ee\/lv\/wp-json\/wp\/v2\/product_tag?post=270371"}],"curies":[{"name":"wp","href":"https:\/\/api.w.org\/{rel}","templated":true}]}}