{"id":270387,"date":"2016-06-02T16:00:58","date_gmt":"2016-06-02T13:00:58","guid":{"rendered":"https:\/\/sharks.ee\/vunder_2019\/lv\/product\/tekstila-krasu-konturs-tulip-tie-dye-resist\/"},"modified":"2016-06-02T16:00:58","modified_gmt":"2016-06-02T13:00:58","slug":"tekstila-krasu-konturs-tulip-tie-dye-resist","status":"publish","type":"product","link":"https:\/\/hobstop.ee\/lv\/produkts\/tekstila-krasu-konturs-tulip-tie-dye-resist\/","title":{"rendered":"Tekstila kr\u0101su kont\u016brs Tulip Tie-Dye Resist"},"content":{"rendered":"<p>\u0160is viegli pielietojamais l\u012bdzeklis ir \u012bpa\u0161i piem\u0113rots, lai nov\u0113rstu kr\u0101sas ies\u016bk\u0161anos audum\u0101. Vari izveidot lieliskus z\u012bm\u0113jumus kr\u0101su projektos, vienk\u0101r\u0161i uzkl\u0101jot tie\u0161i no pudeles uz auduma pirms kr\u0101so\u0161as. Var izmantot, rakstot savu v\u0101rdu, \u012bpa\u0161us izteicienus vai att\u0113lojot savu fant\u0101zijas lidojumu uz auduma. Paroc\u012bg\u0101s pudeles smailais uzgalis iev\u0113rojami atvieglo v\u0101rdu un fr\u0101\u017eu rakst\u012b\u0161anu, k\u0101 ar\u012b izsmalcin\u0101tu rakstu rad\u012b\u0161anu batikas darbos ar Tevis iecien\u012bt\u0101kaj\u0101m Tulip Fashion Dye kr\u0101s\u0101m! Nav nepiecie\u0161ams karstums\u2026Vienk\u0101r\u0161i uzkl\u0101j, nokr\u0101so, izskalo un iz\u017e\u0101v\u0113!<\/p>\n","protected":false},"excerpt":{"rendered":"<p>\u0160is viegli pielietojamais l\u012bdzeklis ir \u012bpa\u0161i piem\u0113rots, lai nov\u0113rstu kr\u0101sas ies\u016bk\u0161anos audum\u0101. Vari izveidot lieliskus z\u012bm\u0113jumus kr\u0101su projektos, vienk\u0101r\u0161i uzkl\u0101jot tie\u0161i no pudeles uz auduma pirms kr\u0101so\u0161as. Var izmantot, rakstot savu v\u0101rdu, \u012bpa\u0161us izteicienus vai att\u0113lojot savu fant\u0101zijas lidojumu uz auduma. Paroc\u012bg\u0101s pudeles smailais uzgalis iev\u0113rojami atvieglo v\u0101rdu un fr\u0101\u017eu rakst\u012b\u0161anu, k\u0101 ar\u012b izsmalcin\u0101tu rakstu rad\u012b\u0161anu batikas darbos ar Tevis iecien\u012bt\u0101kaj\u0101m Tulip Fashion Dye kr\u0101s\u0101m! Nav nepiecie\u0161ams karstums\u2026Vienk\u0101r\u0161i uzkl\u0101j, nokr\u0101so, izskalo un iz\u017e\u0101v\u0113!<\/p>\n","protected":false},"featured_media":0,"comment_status":"closed","ping_status":"closed","template":"","meta":{"_acf_changed":false,"ep_exclude_from_search":false},"product_cat":[18212,17918,17956],"product_tag":[],"class_list":{"0":"post-270387","1":"product","2":"type-product","3":"status-publish","5":"product_cat-krasas-gleznosanai-uz-auduma","6":"product_cat-preces-hobijiem","7":"product_cat-tekstilam","9":"first","10":"instock","11":"taxable","12":"shipping-taxable","13":"purchasable","14":"product-type-simple"},"acf":[],"yoast_head":"<!-- This site is optimized with the Yoast SEO plugin v24.1 - https:\/\/yoast.com\/wordpress\/plugins\/seo\/ -->\n<title>Tekstila kr\u0101su kont\u016brs Tulip Tie-Dye Resist &#8211; Skizze<\/title>\n<meta name=\"robots\" content=\"noindex, follow, max-snippet:-1, max-image-preview:large, max-video-preview:-1\" \/>\n<meta property=\"og:locale\" content=\"lv_LV\" \/>\n<meta property=\"og:type\" content=\"article\" \/>\n<meta property=\"og:title\" content=\"Tekstila kr\u0101su kont\u016brs Tulip Tie-Dye Resist &#8211; Skizze\" \/>\n<meta property=\"og:description\" content=\"\u0160is viegli pielietojamais l\u012bdzeklis ir \u012bpa\u0161i piem\u0113rots, lai nov\u0113rstu kr\u0101sas ies\u016bk\u0161anos audum\u0101. Vari izveidot lieliskus z\u012bm\u0113jumus kr\u0101su projektos, vienk\u0101r\u0161i uzkl\u0101jot tie\u0161i no pudeles uz auduma pirms kr\u0101so\u0161as. Var izmantot, rakstot savu v\u0101rdu, \u012bpa\u0161us izteicienus vai att\u0113lojot savu fant\u0101zijas lidojumu uz auduma. Paroc\u012bg\u0101s pudeles smailais uzgalis iev\u0113rojami atvieglo v\u0101rdu un fr\u0101\u017eu rakst\u012b\u0161anu, k\u0101 ar\u012b izsmalcin\u0101tu rakstu rad\u012b\u0161anu batikas darbos ar Tevis iecien\u012bt\u0101kaj\u0101m Tulip Fashion Dye kr\u0101s\u0101m! Nav nepiecie\u0161ams karstums\u2026Vienk\u0101r\u0161i uzkl\u0101j, nokr\u0101so, izskalo un iz\u017e\u0101v\u0113!\" \/>\n<meta property=\"og:url\" content=\"https:\/\/hobstop.ee\/lv\/produkts\/tekstila-krasu-konturs-tulip-tie-dye-resist\/\" \/>\n<meta property=\"og:site_name\" content=\"Skizze\" \/>\n<meta property=\"article:publisher\" content=\"http:\/\/www.facebook.com\/VunderSkizze\" \/>\n<meta name=\"twitter:card\" content=\"summary_large_image\" \/>\n<meta name=\"twitter:label1\" content=\"Est. reading time\" \/>\n\t<meta name=\"twitter:data1\" content=\"1 min\u016b\u0161u\" \/>\n<script type=\"application\/ld+json\" class=\"yoast-schema-graph\">{\"@context\":\"https:\/\/schema.org\",\"@graph\":[{\"@type\":\"WebPage\",\"@id\":\"https:\/\/hobstop.ee\/lv\/produkts\/tekstila-krasu-konturs-tulip-tie-dye-resist\/\",\"url\":\"https:\/\/hobstop.ee\/lv\/produkts\/tekstila-krasu-konturs-tulip-tie-dye-resist\/\",\"name\":\"Tekstila kr\u0101su kont\u016brs Tulip Tie-Dye Resist &#8211; Skizze\",\"isPartOf\":{\"@id\":\"https:\/\/www.hobstop.ee\/lv\/#website\"},\"datePublished\":\"2016-06-02T13:00:58+00:00\",\"dateModified\":\"2016-06-02T13:00:58+00:00\",\"breadcrumb\":{\"@id\":\"https:\/\/hobstop.ee\/lv\/produkts\/tekstila-krasu-konturs-tulip-tie-dye-resist\/#breadcrumb\"},\"inLanguage\":\"lv-LV\",\"potentialAction\":[{\"@type\":\"ReadAction\",\"target\":[\"https:\/\/hobstop.ee\/lv\/produkts\/tekstila-krasu-konturs-tulip-tie-dye-resist\/\"]}]},{\"@type\":\"BreadcrumbList\",\"@id\":\"https:\/\/hobstop.ee\/lv\/produkts\/tekstila-krasu-konturs-tulip-tie-dye-resist\/#breadcrumb\",\"itemListElement\":[{\"@type\":\"ListItem\",\"position\":1,\"name\":\"Avaleht\",\"item\":\"https:\/\/www.hobstop.ee\/lv\/\"},{\"@type\":\"ListItem\",\"position\":2,\"name\":\"Veikals\",\"item\":\"https:\/\/www.hobstop.ee\/lv\/veikals\/\"},{\"@type\":\"ListItem\",\"position\":3,\"name\":\"Tekstila kr\u0101su kont\u016brs Tulip Tie-Dye Resist\"}]},{\"@type\":\"WebSite\",\"@id\":\"https:\/\/www.hobstop.ee\/lv\/#website\",\"url\":\"https:\/\/www.hobstop.ee\/lv\/\",\"name\":\"Skizze\",\"description\":\"M\u0101kslas, hobiju un skolas preces\",\"publisher\":{\"@id\":\"https:\/\/www.hobstop.ee\/lv\/#organization\"},\"potentialAction\":[{\"@type\":\"SearchAction\",\"target\":{\"@type\":\"EntryPoint\",\"urlTemplate\":\"https:\/\/www.hobstop.ee\/lv\/?s={search_term_string}\"},\"query-input\":{\"@type\":\"PropertyValueSpecification\",\"valueRequired\":true,\"valueName\":\"search_term_string\"}}],\"inLanguage\":\"lv-LV\"},{\"@type\":\"Organization\",\"@id\":\"https:\/\/www.hobstop.ee\/lv\/#organization\",\"name\":\"Vunder AS\",\"url\":\"https:\/\/www.hobstop.ee\/lv\/\",\"logo\":{\"@type\":\"ImageObject\",\"inLanguage\":\"lv-LV\",\"@id\":\"https:\/\/www.hobstop.ee\/lv\/#\/schema\/logo\/image\/\",\"url\":\"https:\/\/hobstop.ee\/media\/vunder-logo.png\",\"contentUrl\":\"https:\/\/hobstop.ee\/media\/vunder-logo.png\",\"width\":127,\"height\":55,\"caption\":\"Vunder AS\"},\"image\":{\"@id\":\"https:\/\/www.hobstop.ee\/lv\/#\/schema\/logo\/image\/\"},\"sameAs\":[\"http:\/\/www.facebook.com\/VunderSkizze\"]}]}<\/script>\n<!-- \/ Yoast SEO plugin. -->","yoast_head_json":{"title":"Tekstila kr\u0101su kont\u016brs Tulip Tie-Dye Resist &#8211; Skizze","robots":{"index":"noindex","follow":"follow","max-snippet":"max-snippet:-1","max-image-preview":"max-image-preview:large","max-video-preview":"max-video-preview:-1"},"og_locale":"lv_LV","og_type":"article","og_title":"Tekstila kr\u0101su kont\u016brs Tulip Tie-Dye Resist &#8211; Skizze","og_description":"\u0160is viegli pielietojamais l\u012bdzeklis ir \u012bpa\u0161i piem\u0113rots, lai nov\u0113rstu kr\u0101sas ies\u016bk\u0161anos audum\u0101. Vari izveidot lieliskus z\u012bm\u0113jumus kr\u0101su projektos, vienk\u0101r\u0161i uzkl\u0101jot tie\u0161i no pudeles uz auduma pirms kr\u0101so\u0161as. Var izmantot, rakstot savu v\u0101rdu, \u012bpa\u0161us izteicienus vai att\u0113lojot savu fant\u0101zijas lidojumu uz auduma. Paroc\u012bg\u0101s pudeles smailais uzgalis iev\u0113rojami atvieglo v\u0101rdu un fr\u0101\u017eu rakst\u012b\u0161anu, k\u0101 ar\u012b izsmalcin\u0101tu rakstu rad\u012b\u0161anu batikas darbos ar Tevis iecien\u012bt\u0101kaj\u0101m Tulip Fashion Dye kr\u0101s\u0101m! Nav nepiecie\u0161ams karstums\u2026Vienk\u0101r\u0161i uzkl\u0101j, nokr\u0101so, izskalo un iz\u017e\u0101v\u0113!","og_url":"https:\/\/hobstop.ee\/lv\/produkts\/tekstila-krasu-konturs-tulip-tie-dye-resist\/","og_site_name":"Skizze","article_publisher":"http:\/\/www.facebook.com\/VunderSkizze","twitter_card":"summary_large_image","twitter_misc":{"Est. reading time":"1 min\u016b\u0161u"},"schema":{"@context":"https:\/\/schema.org","@graph":[{"@type":"WebPage","@id":"https:\/\/hobstop.ee\/lv\/produkts\/tekstila-krasu-konturs-tulip-tie-dye-resist\/","url":"https:\/\/hobstop.ee\/lv\/produkts\/tekstila-krasu-konturs-tulip-tie-dye-resist\/","name":"Tekstila kr\u0101su kont\u016brs Tulip Tie-Dye Resist &#8211; Skizze","isPartOf":{"@id":"https:\/\/www.hobstop.ee\/lv\/#website"},"datePublished":"2016-06-02T13:00:58+00:00","dateModified":"2016-06-02T13:00:58+00:00","breadcrumb":{"@id":"https:\/\/hobstop.ee\/lv\/produkts\/tekstila-krasu-konturs-tulip-tie-dye-resist\/#breadcrumb"},"inLanguage":"lv-LV","potentialAction":[{"@type":"ReadAction","target":["https:\/\/hobstop.ee\/lv\/produkts\/tekstila-krasu-konturs-tulip-tie-dye-resist\/"]}]},{"@type":"BreadcrumbList","@id":"https:\/\/hobstop.ee\/lv\/produkts\/tekstila-krasu-konturs-tulip-tie-dye-resist\/#breadcrumb","itemListElement":[{"@type":"ListItem","position":1,"name":"Avaleht","item":"https:\/\/www.hobstop.ee\/lv\/"},{"@type":"ListItem","position":2,"name":"Veikals","item":"https:\/\/www.hobstop.ee\/lv\/veikals\/"},{"@type":"ListItem","position":3,"name":"Tekstila kr\u0101su kont\u016brs Tulip Tie-Dye Resist"}]},{"@type":"WebSite","@id":"https:\/\/www.hobstop.ee\/lv\/#website","url":"https:\/\/www.hobstop.ee\/lv\/","name":"Skizze","description":"M\u0101kslas, hobiju un skolas preces","publisher":{"@id":"https:\/\/www.hobstop.ee\/lv\/#organization"},"potentialAction":[{"@type":"SearchAction","target":{"@type":"EntryPoint","urlTemplate":"https:\/\/www.hobstop.ee\/lv\/?s={search_term_string}"},"query-input":{"@type":"PropertyValueSpecification","valueRequired":true,"valueName":"search_term_string"}}],"inLanguage":"lv-LV"},{"@type":"Organization","@id":"https:\/\/www.hobstop.ee\/lv\/#organization","name":"Vunder AS","url":"https:\/\/www.hobstop.ee\/lv\/","logo":{"@type":"ImageObject","inLanguage":"lv-LV","@id":"https:\/\/www.hobstop.ee\/lv\/#\/schema\/logo\/image\/","url":"https:\/\/hobstop.ee\/media\/vunder-logo.png","contentUrl":"https:\/\/hobstop.ee\/media\/vunder-logo.png","width":127,"height":55,"caption":"Vunder AS"},"image":{"@id":"https:\/\/www.hobstop.ee\/lv\/#\/schema\/logo\/image\/"},"sameAs":["http:\/\/www.facebook.com\/VunderSkizze"]}]}},"_links":{"self":[{"href":"https:\/\/hobstop.ee\/lv\/wp-json\/wp\/v2\/product\/270387","targetHints":{"allow":["GET"]}}],"collection":[{"href":"https:\/\/hobstop.ee\/lv\/wp-json\/wp\/v2\/product"}],"about":[{"href":"https:\/\/hobstop.ee\/lv\/wp-json\/wp\/v2\/types\/product"}],"replies":[{"embeddable":true,"href":"https:\/\/hobstop.ee\/lv\/wp-json\/wp\/v2\/comments?post=270387"}],"wp:attachment":[{"href":"https:\/\/hobstop.ee\/lv\/wp-json\/wp\/v2\/media?parent=270387"}],"wp:term":[{"taxonomy":"product_cat","embeddable":true,"href":"https:\/\/hobstop.ee\/lv\/wp-json\/wp\/v2\/product_cat?post=270387"},{"taxonomy":"product_tag","embeddable":true,"href":"https:\/\/hobstop.ee\/lv\/wp-json\/wp\/v2\/product_tag?post=270387"}],"curies":[{"name":"wp","href":"https:\/\/api.w.org\/{rel}","templated":true}]}}