{"id":270391,"date":"2015-09-02T16:00:59","date_gmt":"2016-06-02T13:01:00","guid":{"rendered":"https:\/\/sharks.ee\/vunder_2019\/lv\/product\/skicu-albums-canson-art-book-mix-media\/"},"modified":"2016-06-02T16:01:00","modified_gmt":"2016-06-02T13:01:00","slug":"skicu-albums-canson-art-book-mix-media","status":"publish","type":"product","link":"https:\/\/hobstop.ee\/lv\/produkts\/skicu-albums-canson-art-book-mix-media\/","title":{"rendered":"Ski\u010du albums Canson Art Book Mix Media"},"content":{"rendered":"<p>&#8220;C&#8221; \u00e0 grain z\u012bm\u0113\u0161anas pap\u012brs ir pieejams ar\u012b ar spir\u0101li iesiet\u0101 blok\u0101. Lieliski piem\u0113rots vis\u0101m sausaj\u0101m un slapjaj\u0101m tehnik\u0101m, mar\u0137ieriem un ar\u012b l\u012bm\u0113\u0161anai. Mix Media Art Book bloks ir Canson univers\u0101lais kareivis! Bloks sast\u0101v no 40 smalki perfor\u0113t\u0101m loksn\u0113m, kas ir viegli nopl\u0113\u0161amas un ko var lietot no ab\u0101m pus\u0113m: vien\u0101 pus\u0113 ir vid\u0113ji tekstur\u0113ta virsma, otr\u0101 pus\u0113 &#8211; viegli graudaina virsma. Viegli izdz\u0113st. Ide\u0101ls pal\u012bgl\u012bdzeklis jebkurai m\u0101kslas tehnikai.<br \/>\nLieliski piem\u0113rots: z\u012bmulim, paste\u013ciem un oglei<br \/>\nPiem\u0113rots ar\u012b: akvare\u013ciem, gua\u0161ai, tintei, pildspalvai un mar\u0137ieriem<\/p>\n","protected":false},"excerpt":{"rendered":"<p>&#8220;C&#8221; \u00e0 grain z\u012bm\u0113\u0161anas pap\u012brs ir pieejams ar\u012b ar spir\u0101li iesiet\u0101 blok\u0101. Lieliski piem\u0113rots vis\u0101m sausaj\u0101m un slapjaj\u0101m tehnik\u0101m, mar\u0137ieriem un ar\u012b l\u012bm\u0113\u0161anai. Mix Media Art Book bloks ir Canson univers\u0101lais kareivis! Bloks sast\u0101v no 40 smalki perfor\u0113t\u0101m loksn\u0113m, kas ir viegli nopl\u0113\u0161amas un ko var lietot no ab\u0101m pus\u0113m: vien\u0101 pus\u0113 ir vid\u0113ji tekstur\u0113ta virsma, otr\u0101 pus\u0113 &#8211; viegli graudaina virsma. Viegli izdz\u0113st. Ide\u0101ls pal\u012bgl\u012bdzeklis jebkurai m\u0101kslas tehnikai. Lieliski piem\u0113rots: z\u012bmulim, paste\u013ciem un oglei Piem\u0113rots ar\u012b: akvare\u013ciem, gua\u0161ai, tintei, pildspalvai un mar\u0137ieriem<\/p>\n","protected":false},"featured_media":270531,"comment_status":"closed","ping_status":"closed","template":"","meta":{"_acf_changed":false,"ep_exclude_from_search":false},"product_cat":[18943,17921,19024],"product_tag":[],"class_list":{"0":"post-270391","1":"product","2":"type-product","3":"status-publish","4":"has-post-thumbnail","6":"product_cat-makslas-papirs-un-kartons-2","7":"product_cat-papira-izstradajumi","8":"product_cat-zimesanas-papirs-un-bloki-3","10":"first","11":"instock","12":"taxable","13":"shipping-taxable","14":"purchasable","15":"product-type-variable"},"acf":[],"yoast_head":"<!-- This site is optimized with the Yoast SEO plugin v24.1 - https:\/\/yoast.com\/wordpress\/plugins\/seo\/ -->\n<title>Ski\u010du albums Canson Art Book Mix Media &#8211; Skizze<\/title>\n<meta name=\"robots\" content=\"noindex, follow, max-snippet:-1, max-image-preview:large, max-video-preview:-1\" \/>\n<meta property=\"og:locale\" content=\"lv_LV\" \/>\n<meta property=\"og:type\" content=\"article\" \/>\n<meta property=\"og:title\" content=\"Ski\u010du albums Canson Art Book Mix Media &#8211; Skizze\" \/>\n<meta property=\"og:description\" content=\"&#8220;C&#8221; \u00e0 grain z\u012bm\u0113\u0161anas pap\u012brs ir pieejams ar\u012b ar spir\u0101li iesiet\u0101 blok\u0101. Lieliski piem\u0113rots vis\u0101m sausaj\u0101m un slapjaj\u0101m tehnik\u0101m, mar\u0137ieriem un ar\u012b l\u012bm\u0113\u0161anai. Mix Media Art Book bloks ir Canson univers\u0101lais kareivis! Bloks sast\u0101v no 40 smalki perfor\u0113t\u0101m loksn\u0113m, kas ir viegli nopl\u0113\u0161amas un ko var lietot no ab\u0101m pus\u0113m: vien\u0101 pus\u0113 ir vid\u0113ji tekstur\u0113ta virsma, otr\u0101 pus\u0113 &#8211; viegli graudaina virsma. Viegli izdz\u0113st. Ide\u0101ls pal\u012bgl\u012bdzeklis jebkurai m\u0101kslas tehnikai. Lieliski piem\u0113rots: z\u012bmulim, paste\u013ciem un oglei Piem\u0113rots ar\u012b: akvare\u013ciem, gua\u0161ai, tintei, pildspalvai un mar\u0137ieriem\" \/>\n<meta property=\"og:url\" content=\"https:\/\/hobstop.ee\/lv\/produkts\/skicu-albums-canson-art-book-mix-media\/\" \/>\n<meta property=\"og:site_name\" content=\"Skizze\" \/>\n<meta property=\"article:publisher\" content=\"http:\/\/www.facebook.com\/VunderSkizze\" \/>\n<meta property=\"og:image\" content=\"https:\/\/hobstop.ee\/media\/4350.jpg\" \/>\n\t<meta property=\"og:image:width\" content=\"1024\" \/>\n\t<meta property=\"og:image:height\" content=\"768\" \/>\n\t<meta property=\"og:image:type\" content=\"image\/jpeg\" \/>\n<meta name=\"twitter:card\" content=\"summary_large_image\" \/>\n<meta name=\"twitter:label1\" content=\"Est. reading time\" \/>\n\t<meta name=\"twitter:data1\" content=\"1 min\u016b\u0161u\" \/>\n<script type=\"application\/ld+json\" class=\"yoast-schema-graph\">{\"@context\":\"https:\/\/schema.org\",\"@graph\":[{\"@type\":\"WebPage\",\"@id\":\"https:\/\/hobstop.ee\/lv\/produkts\/skicu-albums-canson-art-book-mix-media\/\",\"url\":\"https:\/\/hobstop.ee\/lv\/produkts\/skicu-albums-canson-art-book-mix-media\/\",\"name\":\"Ski\u010du albums Canson Art Book Mix Media &#8211; Skizze\",\"isPartOf\":{\"@id\":\"https:\/\/hobstop.ee\/lv\/#website\"},\"primaryImageOfPage\":{\"@id\":\"https:\/\/hobstop.ee\/lv\/produkts\/skicu-albums-canson-art-book-mix-media\/#primaryimage\"},\"image\":{\"@id\":\"https:\/\/hobstop.ee\/lv\/produkts\/skicu-albums-canson-art-book-mix-media\/#primaryimage\"},\"thumbnailUrl\":\"https:\/\/hobstop.ee\/media\/4350.jpg\",\"datePublished\":\"2016-06-02T13:01:00+00:00\",\"dateModified\":\"2016-06-02T13:01:00+00:00\",\"breadcrumb\":{\"@id\":\"https:\/\/hobstop.ee\/lv\/produkts\/skicu-albums-canson-art-book-mix-media\/#breadcrumb\"},\"inLanguage\":\"lv-LV\",\"potentialAction\":[{\"@type\":\"ReadAction\",\"target\":[\"https:\/\/hobstop.ee\/lv\/produkts\/skicu-albums-canson-art-book-mix-media\/\"]}]},{\"@type\":\"ImageObject\",\"inLanguage\":\"lv-LV\",\"@id\":\"https:\/\/hobstop.ee\/lv\/produkts\/skicu-albums-canson-art-book-mix-media\/#primaryimage\",\"url\":\"https:\/\/hobstop.ee\/media\/4350.jpg\",\"contentUrl\":\"https:\/\/hobstop.ee\/media\/4350.jpg\",\"width\":1024,\"height\":768},{\"@type\":\"BreadcrumbList\",\"@id\":\"https:\/\/hobstop.ee\/lv\/produkts\/skicu-albums-canson-art-book-mix-media\/#breadcrumb\",\"itemListElement\":[{\"@type\":\"ListItem\",\"position\":1,\"name\":\"Avaleht\",\"item\":\"https:\/\/hobstop.ee\/lv\/\"},{\"@type\":\"ListItem\",\"position\":2,\"name\":\"Veikals\",\"item\":\"https:\/\/hobstop.ee\/lv\/veikals\/\"},{\"@type\":\"ListItem\",\"position\":3,\"name\":\"Ski\u010du albums Canson Art Book Mix Media\"}]},{\"@type\":\"WebSite\",\"@id\":\"https:\/\/hobstop.ee\/lv\/#website\",\"url\":\"https:\/\/hobstop.ee\/lv\/\",\"name\":\"Skizze\",\"description\":\"M\u0101kslas, hobiju un skolas preces\",\"publisher\":{\"@id\":\"https:\/\/hobstop.ee\/lv\/#organization\"},\"potentialAction\":[{\"@type\":\"SearchAction\",\"target\":{\"@type\":\"EntryPoint\",\"urlTemplate\":\"https:\/\/hobstop.ee\/lv\/?s={search_term_string}\"},\"query-input\":{\"@type\":\"PropertyValueSpecification\",\"valueRequired\":true,\"valueName\":\"search_term_string\"}}],\"inLanguage\":\"lv-LV\"},{\"@type\":\"Organization\",\"@id\":\"https:\/\/hobstop.ee\/lv\/#organization\",\"name\":\"Vunder AS\",\"url\":\"https:\/\/hobstop.ee\/lv\/\",\"logo\":{\"@type\":\"ImageObject\",\"inLanguage\":\"lv-LV\",\"@id\":\"https:\/\/hobstop.ee\/lv\/#\/schema\/logo\/image\/\",\"url\":\"https:\/\/hobstop.ee\/media\/vunder-logo.png\",\"contentUrl\":\"https:\/\/hobstop.ee\/media\/vunder-logo.png\",\"width\":127,\"height\":55,\"caption\":\"Vunder AS\"},\"image\":{\"@id\":\"https:\/\/hobstop.ee\/lv\/#\/schema\/logo\/image\/\"},\"sameAs\":[\"http:\/\/www.facebook.com\/VunderSkizze\"]}]}<\/script>\n<!-- \/ Yoast SEO plugin. -->","yoast_head_json":{"title":"Ski\u010du albums Canson Art Book Mix Media &#8211; Skizze","robots":{"index":"noindex","follow":"follow","max-snippet":"max-snippet:-1","max-image-preview":"max-image-preview:large","max-video-preview":"max-video-preview:-1"},"og_locale":"lv_LV","og_type":"article","og_title":"Ski\u010du albums Canson Art Book Mix Media &#8211; Skizze","og_description":"&#8220;C&#8221; \u00e0 grain z\u012bm\u0113\u0161anas pap\u012brs ir pieejams ar\u012b ar spir\u0101li iesiet\u0101 blok\u0101. Lieliski piem\u0113rots vis\u0101m sausaj\u0101m un slapjaj\u0101m tehnik\u0101m, mar\u0137ieriem un ar\u012b l\u012bm\u0113\u0161anai. Mix Media Art Book bloks ir Canson univers\u0101lais kareivis! Bloks sast\u0101v no 40 smalki perfor\u0113t\u0101m loksn\u0113m, kas ir viegli nopl\u0113\u0161amas un ko var lietot no ab\u0101m pus\u0113m: vien\u0101 pus\u0113 ir vid\u0113ji tekstur\u0113ta virsma, otr\u0101 pus\u0113 &#8211; viegli graudaina virsma. Viegli izdz\u0113st. Ide\u0101ls pal\u012bgl\u012bdzeklis jebkurai m\u0101kslas tehnikai. Lieliski piem\u0113rots: z\u012bmulim, paste\u013ciem un oglei Piem\u0113rots ar\u012b: akvare\u013ciem, gua\u0161ai, tintei, pildspalvai un mar\u0137ieriem","og_url":"https:\/\/hobstop.ee\/lv\/produkts\/skicu-albums-canson-art-book-mix-media\/","og_site_name":"Skizze","article_publisher":"http:\/\/www.facebook.com\/VunderSkizze","og_image":[{"width":1024,"height":768,"url":"https:\/\/hobstop.ee\/media\/4350.jpg","type":"image\/jpeg"}],"twitter_card":"summary_large_image","twitter_misc":{"Est. reading time":"1 min\u016b\u0161u"},"schema":{"@context":"https:\/\/schema.org","@graph":[{"@type":"WebPage","@id":"https:\/\/hobstop.ee\/lv\/produkts\/skicu-albums-canson-art-book-mix-media\/","url":"https:\/\/hobstop.ee\/lv\/produkts\/skicu-albums-canson-art-book-mix-media\/","name":"Ski\u010du albums Canson Art Book Mix Media &#8211; Skizze","isPartOf":{"@id":"https:\/\/hobstop.ee\/lv\/#website"},"primaryImageOfPage":{"@id":"https:\/\/hobstop.ee\/lv\/produkts\/skicu-albums-canson-art-book-mix-media\/#primaryimage"},"image":{"@id":"https:\/\/hobstop.ee\/lv\/produkts\/skicu-albums-canson-art-book-mix-media\/#primaryimage"},"thumbnailUrl":"https:\/\/hobstop.ee\/media\/4350.jpg","datePublished":"2016-06-02T13:01:00+00:00","dateModified":"2016-06-02T13:01:00+00:00","breadcrumb":{"@id":"https:\/\/hobstop.ee\/lv\/produkts\/skicu-albums-canson-art-book-mix-media\/#breadcrumb"},"inLanguage":"lv-LV","potentialAction":[{"@type":"ReadAction","target":["https:\/\/hobstop.ee\/lv\/produkts\/skicu-albums-canson-art-book-mix-media\/"]}]},{"@type":"ImageObject","inLanguage":"lv-LV","@id":"https:\/\/hobstop.ee\/lv\/produkts\/skicu-albums-canson-art-book-mix-media\/#primaryimage","url":"https:\/\/hobstop.ee\/media\/4350.jpg","contentUrl":"https:\/\/hobstop.ee\/media\/4350.jpg","width":1024,"height":768},{"@type":"BreadcrumbList","@id":"https:\/\/hobstop.ee\/lv\/produkts\/skicu-albums-canson-art-book-mix-media\/#breadcrumb","itemListElement":[{"@type":"ListItem","position":1,"name":"Avaleht","item":"https:\/\/hobstop.ee\/lv\/"},{"@type":"ListItem","position":2,"name":"Veikals","item":"https:\/\/hobstop.ee\/lv\/veikals\/"},{"@type":"ListItem","position":3,"name":"Ski\u010du albums Canson Art Book Mix Media"}]},{"@type":"WebSite","@id":"https:\/\/hobstop.ee\/lv\/#website","url":"https:\/\/hobstop.ee\/lv\/","name":"Skizze","description":"M\u0101kslas, hobiju un skolas preces","publisher":{"@id":"https:\/\/hobstop.ee\/lv\/#organization"},"potentialAction":[{"@type":"SearchAction","target":{"@type":"EntryPoint","urlTemplate":"https:\/\/hobstop.ee\/lv\/?s={search_term_string}"},"query-input":{"@type":"PropertyValueSpecification","valueRequired":true,"valueName":"search_term_string"}}],"inLanguage":"lv-LV"},{"@type":"Organization","@id":"https:\/\/hobstop.ee\/lv\/#organization","name":"Vunder AS","url":"https:\/\/hobstop.ee\/lv\/","logo":{"@type":"ImageObject","inLanguage":"lv-LV","@id":"https:\/\/hobstop.ee\/lv\/#\/schema\/logo\/image\/","url":"https:\/\/hobstop.ee\/media\/vunder-logo.png","contentUrl":"https:\/\/hobstop.ee\/media\/vunder-logo.png","width":127,"height":55,"caption":"Vunder AS"},"image":{"@id":"https:\/\/hobstop.ee\/lv\/#\/schema\/logo\/image\/"},"sameAs":["http:\/\/www.facebook.com\/VunderSkizze"]}]}},"_links":{"self":[{"href":"https:\/\/hobstop.ee\/lv\/wp-json\/wp\/v2\/product\/270391","targetHints":{"allow":["GET"]}}],"collection":[{"href":"https:\/\/hobstop.ee\/lv\/wp-json\/wp\/v2\/product"}],"about":[{"href":"https:\/\/hobstop.ee\/lv\/wp-json\/wp\/v2\/types\/product"}],"replies":[{"embeddable":true,"href":"https:\/\/hobstop.ee\/lv\/wp-json\/wp\/v2\/comments?post=270391"}],"wp:featuredmedia":[{"embeddable":true,"href":"https:\/\/hobstop.ee\/lv\/wp-json\/wp\/v2\/media\/270531"}],"wp:attachment":[{"href":"https:\/\/hobstop.ee\/lv\/wp-json\/wp\/v2\/media?parent=270391"}],"wp:term":[{"taxonomy":"product_cat","embeddable":true,"href":"https:\/\/hobstop.ee\/lv\/wp-json\/wp\/v2\/product_cat?post=270391"},{"taxonomy":"product_tag","embeddable":true,"href":"https:\/\/hobstop.ee\/lv\/wp-json\/wp\/v2\/product_tag?post=270391"}],"curies":[{"name":"wp","href":"https:\/\/api.w.org\/{rel}","templated":true}]}}