{"id":270407,"date":"2015-09-02T16:01:05","date_gmt":"2016-06-02T13:01:05","guid":{"rendered":"https:\/\/sharks.ee\/vunder_2019\/lv\/product\/skeres-maped-kidicut\/"},"modified":"2016-06-02T16:01:05","modified_gmt":"2016-06-02T13:01:05","slug":"skeres-maped-kidicut","status":"publish","type":"product","link":"https:\/\/hobstop.ee\/lv\/produkts\/skeres-maped-kidicut\/","title":{"rendered":"\u0160\u0137\u0113res Maped KidiCut"},"content":{"rendered":"<p>Ar KidiCut ikviens mazulis dro\u0161i un bez raiz\u0113m iem\u0101c\u012bsies griezt. \u012apa\u0161i veidotas grie\u0161anas procesa apguvei, ar noapa\u013cotiem galiem un stikla \u0161\u0137iedras asme\u0146iem var nogriezt tikai pap\u012bru, nevis matus vai ap\u0123\u0113rbu. K\u0101 ar\u012b KidiCut \u0161\u0137\u0113res nevada elektr\u012bbu. Piln\u012bgam sirdsmieram!<\/p>\n","protected":false},"excerpt":{"rendered":"<p>Ar KidiCut ikviens mazulis dro\u0161i un bez raiz\u0113m iem\u0101c\u012bsies griezt. \u012apa\u0161i veidotas grie\u0161anas procesa apguvei, ar noapa\u013cotiem galiem un stikla \u0161\u0137iedras asme\u0146iem var nogriezt tikai pap\u012bru, nevis matus vai ap\u0123\u0113rbu. K\u0101 ar\u012b KidiCut \u0161\u0137\u0113res nevada elektr\u012bbu. Piln\u012bgam sirdsmieram!<\/p>\n","protected":false},"featured_media":270547,"comment_status":"closed","ping_status":"closed","template":"","meta":{"_acf_changed":false,"ep_exclude_from_search":false},"product_cat":[18641,17916,18719],"product_tag":[],"class_list":{"0":"post-270407","1":"product","2":"type-product","3":"status-publish","4":"has-post-thumbnail","6":"product_cat-dazadi-3","7":"product_cat-preces-skolai","8":"product_cat-skeres-2","10":"first","11":"instock","12":"taxable","13":"shipping-taxable","14":"purchasable","15":"product-type-variable"},"acf":[],"yoast_head":"<!-- This site is optimized with the Yoast SEO plugin v24.1 - https:\/\/yoast.com\/wordpress\/plugins\/seo\/ -->\n<title>\u0160\u0137\u0113res Maped KidiCut &#8211; Skizze<\/title>\n<meta name=\"robots\" content=\"noindex, follow, max-snippet:-1, max-image-preview:large, max-video-preview:-1\" \/>\n<meta property=\"og:locale\" content=\"lv_LV\" \/>\n<meta property=\"og:type\" content=\"article\" \/>\n<meta property=\"og:title\" content=\"\u0160\u0137\u0113res Maped KidiCut &#8211; Skizze\" \/>\n<meta property=\"og:description\" content=\"Ar KidiCut ikviens mazulis dro\u0161i un bez raiz\u0113m iem\u0101c\u012bsies griezt. \u012apa\u0161i veidotas grie\u0161anas procesa apguvei, ar noapa\u013cotiem galiem un stikla \u0161\u0137iedras asme\u0146iem var nogriezt tikai pap\u012bru, nevis matus vai ap\u0123\u0113rbu. K\u0101 ar\u012b KidiCut \u0161\u0137\u0113res nevada elektr\u012bbu. Piln\u012bgam sirdsmieram!\" \/>\n<meta property=\"og:url\" content=\"https:\/\/hobstop.ee\/lv\/produkts\/skeres-maped-kidicut\/\" \/>\n<meta property=\"og:site_name\" content=\"Skizze\" \/>\n<meta property=\"article:publisher\" content=\"http:\/\/www.facebook.com\/VunderSkizze\" \/>\n<meta property=\"og:image\" content=\"https:\/\/www.hobstop.ee\/media\/4354.jpg\" \/>\n\t<meta property=\"og:image:width\" content=\"1024\" \/>\n\t<meta property=\"og:image:height\" content=\"768\" \/>\n\t<meta property=\"og:image:type\" content=\"image\/jpeg\" \/>\n<meta name=\"twitter:card\" content=\"summary_large_image\" \/>\n<script type=\"application\/ld+json\" class=\"yoast-schema-graph\">{\"@context\":\"https:\/\/schema.org\",\"@graph\":[{\"@type\":\"WebPage\",\"@id\":\"https:\/\/hobstop.ee\/lv\/produkts\/skeres-maped-kidicut\/\",\"url\":\"https:\/\/hobstop.ee\/lv\/produkts\/skeres-maped-kidicut\/\",\"name\":\"\u0160\u0137\u0113res Maped KidiCut &#8211; Skizze\",\"isPartOf\":{\"@id\":\"https:\/\/hobstop.ee\/lv\/#website\"},\"primaryImageOfPage\":{\"@id\":\"https:\/\/hobstop.ee\/lv\/produkts\/skeres-maped-kidicut\/#primaryimage\"},\"image\":{\"@id\":\"https:\/\/hobstop.ee\/lv\/produkts\/skeres-maped-kidicut\/#primaryimage\"},\"thumbnailUrl\":\"https:\/\/hobstop.ee\/media\/4354.jpg\",\"datePublished\":\"2016-06-02T13:01:05+00:00\",\"dateModified\":\"2016-06-02T13:01:05+00:00\",\"breadcrumb\":{\"@id\":\"https:\/\/hobstop.ee\/lv\/produkts\/skeres-maped-kidicut\/#breadcrumb\"},\"inLanguage\":\"lv-LV\",\"potentialAction\":[{\"@type\":\"ReadAction\",\"target\":[\"https:\/\/hobstop.ee\/lv\/produkts\/skeres-maped-kidicut\/\"]}]},{\"@type\":\"ImageObject\",\"inLanguage\":\"lv-LV\",\"@id\":\"https:\/\/hobstop.ee\/lv\/produkts\/skeres-maped-kidicut\/#primaryimage\",\"url\":\"https:\/\/hobstop.ee\/media\/4354.jpg\",\"contentUrl\":\"https:\/\/hobstop.ee\/media\/4354.jpg\",\"width\":1024,\"height\":768},{\"@type\":\"BreadcrumbList\",\"@id\":\"https:\/\/hobstop.ee\/lv\/produkts\/skeres-maped-kidicut\/#breadcrumb\",\"itemListElement\":[{\"@type\":\"ListItem\",\"position\":1,\"name\":\"Avaleht\",\"item\":\"https:\/\/www.hobstop.ee\/lv\/\"},{\"@type\":\"ListItem\",\"position\":2,\"name\":\"Veikals\",\"item\":\"https:\/\/www.hobstop.ee\/lv\/veikals\/\"},{\"@type\":\"ListItem\",\"position\":3,\"name\":\"\u0160\u0137\u0113res Maped KidiCut\"}]},{\"@type\":\"WebSite\",\"@id\":\"https:\/\/hobstop.ee\/lv\/#website\",\"url\":\"https:\/\/hobstop.ee\/lv\/\",\"name\":\"Skizze\",\"description\":\"M\u0101kslas, hobiju un skolas preces\",\"publisher\":{\"@id\":\"https:\/\/hobstop.ee\/lv\/#organization\"},\"potentialAction\":[{\"@type\":\"SearchAction\",\"target\":{\"@type\":\"EntryPoint\",\"urlTemplate\":\"https:\/\/hobstop.ee\/lv\/?s={search_term_string}\"},\"query-input\":{\"@type\":\"PropertyValueSpecification\",\"valueRequired\":true,\"valueName\":\"search_term_string\"}}],\"inLanguage\":\"lv-LV\"},{\"@type\":\"Organization\",\"@id\":\"https:\/\/hobstop.ee\/lv\/#organization\",\"name\":\"Vunder AS\",\"url\":\"https:\/\/hobstop.ee\/lv\/\",\"logo\":{\"@type\":\"ImageObject\",\"inLanguage\":\"lv-LV\",\"@id\":\"https:\/\/hobstop.ee\/lv\/#\/schema\/logo\/image\/\",\"url\":\"https:\/\/hobstop.ee\/media\/vunder-logo.png\",\"contentUrl\":\"https:\/\/hobstop.ee\/media\/vunder-logo.png\",\"width\":127,\"height\":55,\"caption\":\"Vunder AS\"},\"image\":{\"@id\":\"https:\/\/hobstop.ee\/lv\/#\/schema\/logo\/image\/\"},\"sameAs\":[\"http:\/\/www.facebook.com\/VunderSkizze\"]}]}<\/script>\n<!-- \/ Yoast SEO plugin. -->","yoast_head_json":{"title":"\u0160\u0137\u0113res Maped KidiCut &#8211; Skizze","robots":{"index":"noindex","follow":"follow","max-snippet":"max-snippet:-1","max-image-preview":"max-image-preview:large","max-video-preview":"max-video-preview:-1"},"og_locale":"lv_LV","og_type":"article","og_title":"\u0160\u0137\u0113res Maped KidiCut &#8211; Skizze","og_description":"Ar KidiCut ikviens mazulis dro\u0161i un bez raiz\u0113m iem\u0101c\u012bsies griezt. \u012apa\u0161i veidotas grie\u0161anas procesa apguvei, ar noapa\u013cotiem galiem un stikla \u0161\u0137iedras asme\u0146iem var nogriezt tikai pap\u012bru, nevis matus vai ap\u0123\u0113rbu. K\u0101 ar\u012b KidiCut \u0161\u0137\u0113res nevada elektr\u012bbu. Piln\u012bgam sirdsmieram!","og_url":"https:\/\/hobstop.ee\/lv\/produkts\/skeres-maped-kidicut\/","og_site_name":"Skizze","article_publisher":"http:\/\/www.facebook.com\/VunderSkizze","og_image":[{"width":1024,"height":768,"url":"https:\/\/www.hobstop.ee\/media\/4354.jpg","type":"image\/jpeg"}],"twitter_card":"summary_large_image","schema":{"@context":"https:\/\/schema.org","@graph":[{"@type":"WebPage","@id":"https:\/\/hobstop.ee\/lv\/produkts\/skeres-maped-kidicut\/","url":"https:\/\/hobstop.ee\/lv\/produkts\/skeres-maped-kidicut\/","name":"\u0160\u0137\u0113res Maped KidiCut &#8211; Skizze","isPartOf":{"@id":"https:\/\/hobstop.ee\/lv\/#website"},"primaryImageOfPage":{"@id":"https:\/\/hobstop.ee\/lv\/produkts\/skeres-maped-kidicut\/#primaryimage"},"image":{"@id":"https:\/\/hobstop.ee\/lv\/produkts\/skeres-maped-kidicut\/#primaryimage"},"thumbnailUrl":"https:\/\/hobstop.ee\/media\/4354.jpg","datePublished":"2016-06-02T13:01:05+00:00","dateModified":"2016-06-02T13:01:05+00:00","breadcrumb":{"@id":"https:\/\/hobstop.ee\/lv\/produkts\/skeres-maped-kidicut\/#breadcrumb"},"inLanguage":"lv-LV","potentialAction":[{"@type":"ReadAction","target":["https:\/\/hobstop.ee\/lv\/produkts\/skeres-maped-kidicut\/"]}]},{"@type":"ImageObject","inLanguage":"lv-LV","@id":"https:\/\/hobstop.ee\/lv\/produkts\/skeres-maped-kidicut\/#primaryimage","url":"https:\/\/hobstop.ee\/media\/4354.jpg","contentUrl":"https:\/\/hobstop.ee\/media\/4354.jpg","width":1024,"height":768},{"@type":"BreadcrumbList","@id":"https:\/\/hobstop.ee\/lv\/produkts\/skeres-maped-kidicut\/#breadcrumb","itemListElement":[{"@type":"ListItem","position":1,"name":"Avaleht","item":"https:\/\/www.hobstop.ee\/lv\/"},{"@type":"ListItem","position":2,"name":"Veikals","item":"https:\/\/www.hobstop.ee\/lv\/veikals\/"},{"@type":"ListItem","position":3,"name":"\u0160\u0137\u0113res Maped KidiCut"}]},{"@type":"WebSite","@id":"https:\/\/hobstop.ee\/lv\/#website","url":"https:\/\/hobstop.ee\/lv\/","name":"Skizze","description":"M\u0101kslas, hobiju un skolas preces","publisher":{"@id":"https:\/\/hobstop.ee\/lv\/#organization"},"potentialAction":[{"@type":"SearchAction","target":{"@type":"EntryPoint","urlTemplate":"https:\/\/hobstop.ee\/lv\/?s={search_term_string}"},"query-input":{"@type":"PropertyValueSpecification","valueRequired":true,"valueName":"search_term_string"}}],"inLanguage":"lv-LV"},{"@type":"Organization","@id":"https:\/\/hobstop.ee\/lv\/#organization","name":"Vunder AS","url":"https:\/\/hobstop.ee\/lv\/","logo":{"@type":"ImageObject","inLanguage":"lv-LV","@id":"https:\/\/hobstop.ee\/lv\/#\/schema\/logo\/image\/","url":"https:\/\/hobstop.ee\/media\/vunder-logo.png","contentUrl":"https:\/\/hobstop.ee\/media\/vunder-logo.png","width":127,"height":55,"caption":"Vunder AS"},"image":{"@id":"https:\/\/hobstop.ee\/lv\/#\/schema\/logo\/image\/"},"sameAs":["http:\/\/www.facebook.com\/VunderSkizze"]}]}},"_links":{"self":[{"href":"https:\/\/hobstop.ee\/lv\/wp-json\/wp\/v2\/product\/270407","targetHints":{"allow":["GET"]}}],"collection":[{"href":"https:\/\/hobstop.ee\/lv\/wp-json\/wp\/v2\/product"}],"about":[{"href":"https:\/\/hobstop.ee\/lv\/wp-json\/wp\/v2\/types\/product"}],"replies":[{"embeddable":true,"href":"https:\/\/hobstop.ee\/lv\/wp-json\/wp\/v2\/comments?post=270407"}],"wp:featuredmedia":[{"embeddable":true,"href":"https:\/\/hobstop.ee\/lv\/wp-json\/wp\/v2\/media\/270547"}],"wp:attachment":[{"href":"https:\/\/hobstop.ee\/lv\/wp-json\/wp\/v2\/media?parent=270407"}],"wp:term":[{"taxonomy":"product_cat","embeddable":true,"href":"https:\/\/hobstop.ee\/lv\/wp-json\/wp\/v2\/product_cat?post=270407"},{"taxonomy":"product_tag","embeddable":true,"href":"https:\/\/hobstop.ee\/lv\/wp-json\/wp\/v2\/product_tag?post=270407"}],"curies":[{"name":"wp","href":"https:\/\/api.w.org\/{rel}","templated":true}]}}