{"id":270761,"date":"2016-06-09T10:14:37","date_gmt":"2016-06-09T07:14:37","guid":{"rendered":"https:\/\/sharks.ee\/vunder_2019\/lv\/product\/akvarelu-krasu-medijs-sennelier-drawing-gum\/"},"modified":"2016-06-09T10:14:37","modified_gmt":"2016-06-09T07:14:37","slug":"akvarelu-krasu-medijs-sennelier-drawing-gum","status":"publish","type":"product","link":"https:\/\/hobstop.ee\/lv\/produkts\/akvarelu-krasu-medijs-sennelier-drawing-gum\/","title":{"rendered":"Akvare\u013cu kr\u0101su m\u0113dijs Sennelier Drawing-gum"},"content":{"rendered":"<p>\u0160is l\u012bdzeklis sniedz iesp\u0113ju norobe\u017eot pamata da\u013cas ekspresionisma, akvare\u013cu, tintes vai gua\u0161as uzkl\u0101\u0161anas laik\u0101. Tas ir viegli kr\u0101sots, lai to at\u0161\u0137irtu uz baltas virsmas. Kr\u0101su var uzkl\u0101t, \u013caujot l\u012bdzeklim da\u017eas min\u016btes no\u017e\u016bt. Kad kr\u0101sa ir no\u017euvusi, nolob\u012bt gumiju nost no norobe\u017eot\u0101s zonas. Vienm\u0113r veikt izm\u0113\u0123in\u0101juma testu ar gumiju uz v\u0113lam\u0101 pamata. Not\u012br\u012bt darba r\u012bkus silt\u0101 ziepj\u016bden\u012b uzreiz p\u0113c lieto\u0161anas.<\/p>\n","protected":false},"excerpt":{"rendered":"<p>\u0160is l\u012bdzeklis sniedz iesp\u0113ju norobe\u017eot pamata da\u013cas ekspresionisma, akvare\u013cu, tintes vai gua\u0161as uzkl\u0101\u0161anas laik\u0101. Tas ir viegli kr\u0101sots, lai to at\u0161\u0137irtu uz baltas virsmas. Kr\u0101su var uzkl\u0101t, \u013caujot l\u012bdzeklim da\u017eas min\u016btes no\u017e\u016bt. Kad kr\u0101sa ir no\u017euvusi, nolob\u012bt gumiju nost no norobe\u017eot\u0101s zonas. Vienm\u0113r veikt izm\u0113\u0123in\u0101juma testu ar gumiju uz v\u0113lam\u0101 pamata. Not\u012br\u012bt darba r\u012bkus silt\u0101 ziepj\u016bden\u012b uzreiz p\u0113c lieto\u0161anas.<\/p>\n","protected":false},"featured_media":270793,"comment_status":"closed","ping_status":"closed","template":"","meta":{"_acf_changed":false,"ep_exclude_from_search":false},"product_cat":[19003,17980,16123],"product_tag":[],"class_list":{"0":"post-270761","1":"product","2":"type-product","3":"status-publish","4":"has-post-thumbnail","6":"product_cat-akvarelkrasu-mediji-2","7":"product_cat-krasas-un-gleznosanas-paligmateriali","8":"product_cat-makslas-piederumi-2","10":"first","11":"outofstock","12":"taxable","13":"shipping-taxable","14":"purchasable","15":"product-type-simple"},"acf":[],"yoast_head":"<!-- This site is optimized with the Yoast SEO plugin v24.1 - https:\/\/yoast.com\/wordpress\/plugins\/seo\/ -->\n<title>Akvare\u013cu kr\u0101su m\u0113dijs Sennelier Drawing-gum &#8211; Skizze<\/title>\n<meta name=\"robots\" content=\"noindex, follow, max-snippet:-1, max-image-preview:large, max-video-preview:-1\" \/>\n<meta property=\"og:locale\" content=\"lv_LV\" \/>\n<meta property=\"og:type\" content=\"article\" \/>\n<meta property=\"og:title\" content=\"Akvare\u013cu kr\u0101su m\u0113dijs Sennelier Drawing-gum &#8211; Skizze\" \/>\n<meta property=\"og:description\" content=\"\u0160is l\u012bdzeklis sniedz iesp\u0113ju norobe\u017eot pamata da\u013cas ekspresionisma, akvare\u013cu, tintes vai gua\u0161as uzkl\u0101\u0161anas laik\u0101. Tas ir viegli kr\u0101sots, lai to at\u0161\u0137irtu uz baltas virsmas. Kr\u0101su var uzkl\u0101t, \u013caujot l\u012bdzeklim da\u017eas min\u016btes no\u017e\u016bt. Kad kr\u0101sa ir no\u017euvusi, nolob\u012bt gumiju nost no norobe\u017eot\u0101s zonas. Vienm\u0113r veikt izm\u0113\u0123in\u0101juma testu ar gumiju uz v\u0113lam\u0101 pamata. Not\u012br\u012bt darba r\u012bkus silt\u0101 ziepj\u016bden\u012b uzreiz p\u0113c lieto\u0161anas.\" \/>\n<meta property=\"og:url\" content=\"https:\/\/hobstop.ee\/lv\/produkts\/akvarelu-krasu-medijs-sennelier-drawing-gum\/\" \/>\n<meta property=\"og:site_name\" content=\"Skizze\" \/>\n<meta property=\"article:publisher\" content=\"http:\/\/www.facebook.com\/VunderSkizze\" \/>\n<meta property=\"og:image\" content=\"https:\/\/www.hobstop.ee\/media\/4327.jpg\" \/>\n\t<meta property=\"og:image:width\" content=\"1024\" \/>\n\t<meta property=\"og:image:height\" content=\"768\" \/>\n\t<meta property=\"og:image:type\" content=\"image\/jpeg\" \/>\n<meta name=\"twitter:card\" content=\"summary_large_image\" \/>\n<script type=\"application\/ld+json\" class=\"yoast-schema-graph\">{\"@context\":\"https:\/\/schema.org\",\"@graph\":[{\"@type\":\"WebPage\",\"@id\":\"https:\/\/hobstop.ee\/lv\/produkts\/akvarelu-krasu-medijs-sennelier-drawing-gum\/\",\"url\":\"https:\/\/hobstop.ee\/lv\/produkts\/akvarelu-krasu-medijs-sennelier-drawing-gum\/\",\"name\":\"Akvare\u013cu kr\u0101su m\u0113dijs Sennelier Drawing-gum &#8211; Skizze\",\"isPartOf\":{\"@id\":\"https:\/\/hobstop.ee\/lv\/#website\"},\"primaryImageOfPage\":{\"@id\":\"https:\/\/hobstop.ee\/lv\/produkts\/akvarelu-krasu-medijs-sennelier-drawing-gum\/#primaryimage\"},\"image\":{\"@id\":\"https:\/\/hobstop.ee\/lv\/produkts\/akvarelu-krasu-medijs-sennelier-drawing-gum\/#primaryimage\"},\"thumbnailUrl\":\"https:\/\/hobstop.ee\/media\/4327.jpg\",\"datePublished\":\"2016-06-09T07:14:37+00:00\",\"dateModified\":\"2016-06-09T07:14:37+00:00\",\"breadcrumb\":{\"@id\":\"https:\/\/hobstop.ee\/lv\/produkts\/akvarelu-krasu-medijs-sennelier-drawing-gum\/#breadcrumb\"},\"inLanguage\":\"lv-LV\",\"potentialAction\":[{\"@type\":\"ReadAction\",\"target\":[\"https:\/\/hobstop.ee\/lv\/produkts\/akvarelu-krasu-medijs-sennelier-drawing-gum\/\"]}]},{\"@type\":\"ImageObject\",\"inLanguage\":\"lv-LV\",\"@id\":\"https:\/\/hobstop.ee\/lv\/produkts\/akvarelu-krasu-medijs-sennelier-drawing-gum\/#primaryimage\",\"url\":\"https:\/\/hobstop.ee\/media\/4327.jpg\",\"contentUrl\":\"https:\/\/hobstop.ee\/media\/4327.jpg\",\"width\":1024,\"height\":768},{\"@type\":\"BreadcrumbList\",\"@id\":\"https:\/\/hobstop.ee\/lv\/produkts\/akvarelu-krasu-medijs-sennelier-drawing-gum\/#breadcrumb\",\"itemListElement\":[{\"@type\":\"ListItem\",\"position\":1,\"name\":\"Avaleht\",\"item\":\"https:\/\/www.hobstop.ee\/lv\/\"},{\"@type\":\"ListItem\",\"position\":2,\"name\":\"Veikals\",\"item\":\"https:\/\/www.hobstop.ee\/lv\/veikals\/\"},{\"@type\":\"ListItem\",\"position\":3,\"name\":\"Akvare\u013cu kr\u0101su m\u0113dijs Sennelier Drawing-gum\"}]},{\"@type\":\"WebSite\",\"@id\":\"https:\/\/hobstop.ee\/lv\/#website\",\"url\":\"https:\/\/hobstop.ee\/lv\/\",\"name\":\"Skizze\",\"description\":\"M\u0101kslas, hobiju un skolas preces\",\"publisher\":{\"@id\":\"https:\/\/hobstop.ee\/lv\/#organization\"},\"potentialAction\":[{\"@type\":\"SearchAction\",\"target\":{\"@type\":\"EntryPoint\",\"urlTemplate\":\"https:\/\/hobstop.ee\/lv\/?s={search_term_string}\"},\"query-input\":{\"@type\":\"PropertyValueSpecification\",\"valueRequired\":true,\"valueName\":\"search_term_string\"}}],\"inLanguage\":\"lv-LV\"},{\"@type\":\"Organization\",\"@id\":\"https:\/\/hobstop.ee\/lv\/#organization\",\"name\":\"Vunder AS\",\"url\":\"https:\/\/hobstop.ee\/lv\/\",\"logo\":{\"@type\":\"ImageObject\",\"inLanguage\":\"lv-LV\",\"@id\":\"https:\/\/hobstop.ee\/lv\/#\/schema\/logo\/image\/\",\"url\":\"https:\/\/hobstop.ee\/media\/vunder-logo.png\",\"contentUrl\":\"https:\/\/hobstop.ee\/media\/vunder-logo.png\",\"width\":127,\"height\":55,\"caption\":\"Vunder AS\"},\"image\":{\"@id\":\"https:\/\/hobstop.ee\/lv\/#\/schema\/logo\/image\/\"},\"sameAs\":[\"http:\/\/www.facebook.com\/VunderSkizze\"]}]}<\/script>\n<!-- \/ Yoast SEO plugin. -->","yoast_head_json":{"title":"Akvare\u013cu kr\u0101su m\u0113dijs Sennelier Drawing-gum &#8211; Skizze","robots":{"index":"noindex","follow":"follow","max-snippet":"max-snippet:-1","max-image-preview":"max-image-preview:large","max-video-preview":"max-video-preview:-1"},"og_locale":"lv_LV","og_type":"article","og_title":"Akvare\u013cu kr\u0101su m\u0113dijs Sennelier Drawing-gum &#8211; Skizze","og_description":"\u0160is l\u012bdzeklis sniedz iesp\u0113ju norobe\u017eot pamata da\u013cas ekspresionisma, akvare\u013cu, tintes vai gua\u0161as uzkl\u0101\u0161anas laik\u0101. Tas ir viegli kr\u0101sots, lai to at\u0161\u0137irtu uz baltas virsmas. Kr\u0101su var uzkl\u0101t, \u013caujot l\u012bdzeklim da\u017eas min\u016btes no\u017e\u016bt. Kad kr\u0101sa ir no\u017euvusi, nolob\u012bt gumiju nost no norobe\u017eot\u0101s zonas. Vienm\u0113r veikt izm\u0113\u0123in\u0101juma testu ar gumiju uz v\u0113lam\u0101 pamata. Not\u012br\u012bt darba r\u012bkus silt\u0101 ziepj\u016bden\u012b uzreiz p\u0113c lieto\u0161anas.","og_url":"https:\/\/hobstop.ee\/lv\/produkts\/akvarelu-krasu-medijs-sennelier-drawing-gum\/","og_site_name":"Skizze","article_publisher":"http:\/\/www.facebook.com\/VunderSkizze","og_image":[{"width":1024,"height":768,"url":"https:\/\/www.hobstop.ee\/media\/4327.jpg","type":"image\/jpeg"}],"twitter_card":"summary_large_image","schema":{"@context":"https:\/\/schema.org","@graph":[{"@type":"WebPage","@id":"https:\/\/hobstop.ee\/lv\/produkts\/akvarelu-krasu-medijs-sennelier-drawing-gum\/","url":"https:\/\/hobstop.ee\/lv\/produkts\/akvarelu-krasu-medijs-sennelier-drawing-gum\/","name":"Akvare\u013cu kr\u0101su m\u0113dijs Sennelier Drawing-gum &#8211; Skizze","isPartOf":{"@id":"https:\/\/hobstop.ee\/lv\/#website"},"primaryImageOfPage":{"@id":"https:\/\/hobstop.ee\/lv\/produkts\/akvarelu-krasu-medijs-sennelier-drawing-gum\/#primaryimage"},"image":{"@id":"https:\/\/hobstop.ee\/lv\/produkts\/akvarelu-krasu-medijs-sennelier-drawing-gum\/#primaryimage"},"thumbnailUrl":"https:\/\/hobstop.ee\/media\/4327.jpg","datePublished":"2016-06-09T07:14:37+00:00","dateModified":"2016-06-09T07:14:37+00:00","breadcrumb":{"@id":"https:\/\/hobstop.ee\/lv\/produkts\/akvarelu-krasu-medijs-sennelier-drawing-gum\/#breadcrumb"},"inLanguage":"lv-LV","potentialAction":[{"@type":"ReadAction","target":["https:\/\/hobstop.ee\/lv\/produkts\/akvarelu-krasu-medijs-sennelier-drawing-gum\/"]}]},{"@type":"ImageObject","inLanguage":"lv-LV","@id":"https:\/\/hobstop.ee\/lv\/produkts\/akvarelu-krasu-medijs-sennelier-drawing-gum\/#primaryimage","url":"https:\/\/hobstop.ee\/media\/4327.jpg","contentUrl":"https:\/\/hobstop.ee\/media\/4327.jpg","width":1024,"height":768},{"@type":"BreadcrumbList","@id":"https:\/\/hobstop.ee\/lv\/produkts\/akvarelu-krasu-medijs-sennelier-drawing-gum\/#breadcrumb","itemListElement":[{"@type":"ListItem","position":1,"name":"Avaleht","item":"https:\/\/www.hobstop.ee\/lv\/"},{"@type":"ListItem","position":2,"name":"Veikals","item":"https:\/\/www.hobstop.ee\/lv\/veikals\/"},{"@type":"ListItem","position":3,"name":"Akvare\u013cu kr\u0101su m\u0113dijs Sennelier Drawing-gum"}]},{"@type":"WebSite","@id":"https:\/\/hobstop.ee\/lv\/#website","url":"https:\/\/hobstop.ee\/lv\/","name":"Skizze","description":"M\u0101kslas, hobiju un skolas preces","publisher":{"@id":"https:\/\/hobstop.ee\/lv\/#organization"},"potentialAction":[{"@type":"SearchAction","target":{"@type":"EntryPoint","urlTemplate":"https:\/\/hobstop.ee\/lv\/?s={search_term_string}"},"query-input":{"@type":"PropertyValueSpecification","valueRequired":true,"valueName":"search_term_string"}}],"inLanguage":"lv-LV"},{"@type":"Organization","@id":"https:\/\/hobstop.ee\/lv\/#organization","name":"Vunder AS","url":"https:\/\/hobstop.ee\/lv\/","logo":{"@type":"ImageObject","inLanguage":"lv-LV","@id":"https:\/\/hobstop.ee\/lv\/#\/schema\/logo\/image\/","url":"https:\/\/hobstop.ee\/media\/vunder-logo.png","contentUrl":"https:\/\/hobstop.ee\/media\/vunder-logo.png","width":127,"height":55,"caption":"Vunder AS"},"image":{"@id":"https:\/\/hobstop.ee\/lv\/#\/schema\/logo\/image\/"},"sameAs":["http:\/\/www.facebook.com\/VunderSkizze"]}]}},"_links":{"self":[{"href":"https:\/\/hobstop.ee\/lv\/wp-json\/wp\/v2\/product\/270761","targetHints":{"allow":["GET"]}}],"collection":[{"href":"https:\/\/hobstop.ee\/lv\/wp-json\/wp\/v2\/product"}],"about":[{"href":"https:\/\/hobstop.ee\/lv\/wp-json\/wp\/v2\/types\/product"}],"replies":[{"embeddable":true,"href":"https:\/\/hobstop.ee\/lv\/wp-json\/wp\/v2\/comments?post=270761"}],"wp:featuredmedia":[{"embeddable":true,"href":"https:\/\/hobstop.ee\/lv\/wp-json\/wp\/v2\/media\/270793"}],"wp:attachment":[{"href":"https:\/\/hobstop.ee\/lv\/wp-json\/wp\/v2\/media?parent=270761"}],"wp:term":[{"taxonomy":"product_cat","embeddable":true,"href":"https:\/\/hobstop.ee\/lv\/wp-json\/wp\/v2\/product_cat?post=270761"},{"taxonomy":"product_tag","embeddable":true,"href":"https:\/\/hobstop.ee\/lv\/wp-json\/wp\/v2\/product_tag?post=270761"}],"curies":[{"name":"wp","href":"https:\/\/api.w.org\/{rel}","templated":true}]}}