{"id":270765,"date":"2016-06-09T10:14:38","date_gmt":"2016-06-09T07:14:38","guid":{"rendered":"https:\/\/sharks.ee\/vunder_2019\/lv\/product\/skicu-zimulu-komplekts-derwent-line-and-wash\/"},"modified":"2016-06-09T10:14:38","modified_gmt":"2016-06-09T07:14:38","slug":"skicu-zimulu-komplekts-derwent-line-and-wash","status":"publish","type":"product","link":"https:\/\/hobstop.ee\/lv\/produkts\/skicu-zimulu-komplekts-derwent-line-and-wash\/","title":{"rendered":"Ski\u010du z\u012bmu\u013cu komplekts Derwent Line and Wash"},"content":{"rendered":"<p>Derwent \u016bden\u012b \u0161\u0137\u012bsto\u0161ais ski\u010du z\u012bmulis ar platu graf\u012btu ir lieliski piem\u0113rots veikliem z\u012bm\u0113jumiem, radot aizraut\u012bgus graf\u012bta, dinamisku to\u0146u un dramatisku l\u012bniju uzplaiksn\u012bjumus. Pievieno \u016bdeni, lai maigi iz\u0161\u0137\u012bdin\u0101tu graf\u012btu l\u012bniju un pludin\u0101jumu skic\u0113s, atkl\u0101jot savu m\u0101kslu jaun\u0101, maig\u0101k\u0101 piesk\u0101rien\u0101! Iepakoti stil\u012bg\u0101, praktisk\u0101 divkl\u0101ju sudrabot\u0101 k\u0101rb\u0101.<\/p>\n<p>Komplekt\u0101 ietilpst:<br \/>\nGraf\u012bta z\u012bmu\u013ci 4B, 2B, B, HB, H un 2H<br \/>\n\u016aden\u012b \u0161\u0137\u012bsto\u0161ie ski\u010du z\u012bmu\u013ci 4B un HB<br \/>\n\u016adens ota<br \/>\nDz\u0113\u0161gumijas vairogs<br \/>\nPap\u012bra irbul\u012btis<br \/>\nAsin\u0101mais<br \/>\nPlastmasas dz\u0113\u0161gumija<\/p>\n","protected":false},"excerpt":{"rendered":"<p>Derwent \u016bden\u012b \u0161\u0137\u012bsto\u0161ais ski\u010du z\u012bmulis ar platu graf\u012btu ir lieliski piem\u0113rots veikliem z\u012bm\u0113jumiem, radot aizraut\u012bgus graf\u012bta, dinamisku to\u0146u un dramatisku l\u012bniju uzplaiksn\u012bjumus. Pievieno \u016bdeni, lai maigi iz\u0161\u0137\u012bdin\u0101tu graf\u012btu l\u012bniju un pludin\u0101jumu skic\u0113s, atkl\u0101jot savu m\u0101kslu jaun\u0101, maig\u0101k\u0101 piesk\u0101rien\u0101! Iepakoti stil\u012bg\u0101, praktisk\u0101 divkl\u0101ju sudrabot\u0101 k\u0101rb\u0101. Komplekt\u0101 ietilpst: Graf\u012bta z\u012bmu\u013ci 4B, 2B, B, HB, H un 2H \u016aden\u012b \u0161\u0137\u012bsto\u0161ie ski\u010du z\u012bmu\u013ci 4B un HB \u016adens ota Dz\u0113\u0161gumijas vairogs Pap\u012bra irbul\u012btis Asin\u0101mais Plastmasas dz\u0113\u0161gumija<\/p>\n","protected":false},"featured_media":270797,"comment_status":"closed","ping_status":"closed","template":"","meta":{"_acf_changed":false,"ep_exclude_from_search":false},"product_cat":[16123,18991,18931],"product_tag":[],"class_list":{"0":"post-270765","1":"product","2":"type-product","3":"status-publish","4":"has-post-thumbnail","6":"product_cat-makslas-piederumi-2","7":"product_cat-skicu-zimuli-2","8":"product_cat-zimesanas-piederumi-3","10":"first","11":"outofstock","12":"taxable","13":"shipping-taxable","14":"purchasable","15":"product-type-simple"},"acf":[],"yoast_head":"<!-- This site is optimized with the Yoast SEO plugin v24.1 - https:\/\/yoast.com\/wordpress\/plugins\/seo\/ -->\n<title>Ski\u010du z\u012bmu\u013cu komplekts Derwent Line and Wash &#8211; Skizze<\/title>\n<meta name=\"robots\" content=\"noindex, follow, max-snippet:-1, max-image-preview:large, max-video-preview:-1\" \/>\n<meta property=\"og:locale\" content=\"lv_LV\" \/>\n<meta property=\"og:type\" content=\"article\" \/>\n<meta property=\"og:title\" content=\"Ski\u010du z\u012bmu\u013cu komplekts Derwent Line and Wash &#8211; Skizze\" \/>\n<meta property=\"og:description\" content=\"Derwent \u016bden\u012b \u0161\u0137\u012bsto\u0161ais ski\u010du z\u012bmulis ar platu graf\u012btu ir lieliski piem\u0113rots veikliem z\u012bm\u0113jumiem, radot aizraut\u012bgus graf\u012bta, dinamisku to\u0146u un dramatisku l\u012bniju uzplaiksn\u012bjumus. Pievieno \u016bdeni, lai maigi iz\u0161\u0137\u012bdin\u0101tu graf\u012btu l\u012bniju un pludin\u0101jumu skic\u0113s, atkl\u0101jot savu m\u0101kslu jaun\u0101, maig\u0101k\u0101 piesk\u0101rien\u0101! Iepakoti stil\u012bg\u0101, praktisk\u0101 divkl\u0101ju sudrabot\u0101 k\u0101rb\u0101. Komplekt\u0101 ietilpst: Graf\u012bta z\u012bmu\u013ci 4B, 2B, B, HB, H un 2H \u016aden\u012b \u0161\u0137\u012bsto\u0161ie ski\u010du z\u012bmu\u013ci 4B un HB \u016adens ota Dz\u0113\u0161gumijas vairogs Pap\u012bra irbul\u012btis Asin\u0101mais Plastmasas dz\u0113\u0161gumija\" \/>\n<meta property=\"og:url\" content=\"https:\/\/hobstop.ee\/lv\/produkts\/skicu-zimulu-komplekts-derwent-line-and-wash\/\" \/>\n<meta property=\"og:site_name\" content=\"Skizze\" \/>\n<meta property=\"article:publisher\" content=\"http:\/\/www.facebook.com\/VunderSkizze\" \/>\n<meta property=\"og:image\" content=\"https:\/\/hobstop.ee\/media\/4340.jpg\" \/>\n\t<meta property=\"og:image:width\" content=\"1024\" \/>\n\t<meta property=\"og:image:height\" content=\"768\" \/>\n\t<meta property=\"og:image:type\" content=\"image\/jpeg\" \/>\n<meta name=\"twitter:card\" content=\"summary_large_image\" \/>\n<meta name=\"twitter:label1\" content=\"Est. reading time\" \/>\n\t<meta name=\"twitter:data1\" content=\"1 min\u016b\u0161u\" \/>\n<script type=\"application\/ld+json\" class=\"yoast-schema-graph\">{\"@context\":\"https:\/\/schema.org\",\"@graph\":[{\"@type\":\"WebPage\",\"@id\":\"https:\/\/hobstop.ee\/lv\/produkts\/skicu-zimulu-komplekts-derwent-line-and-wash\/\",\"url\":\"https:\/\/hobstop.ee\/lv\/produkts\/skicu-zimulu-komplekts-derwent-line-and-wash\/\",\"name\":\"Ski\u010du z\u012bmu\u013cu komplekts Derwent Line and Wash &#8211; Skizze\",\"isPartOf\":{\"@id\":\"https:\/\/hobstop.ee\/lv\/#website\"},\"primaryImageOfPage\":{\"@id\":\"https:\/\/hobstop.ee\/lv\/produkts\/skicu-zimulu-komplekts-derwent-line-and-wash\/#primaryimage\"},\"image\":{\"@id\":\"https:\/\/hobstop.ee\/lv\/produkts\/skicu-zimulu-komplekts-derwent-line-and-wash\/#primaryimage\"},\"thumbnailUrl\":\"https:\/\/hobstop.ee\/media\/4340.jpg\",\"datePublished\":\"2016-06-09T07:14:38+00:00\",\"dateModified\":\"2016-06-09T07:14:38+00:00\",\"breadcrumb\":{\"@id\":\"https:\/\/hobstop.ee\/lv\/produkts\/skicu-zimulu-komplekts-derwent-line-and-wash\/#breadcrumb\"},\"inLanguage\":\"lv-LV\",\"potentialAction\":[{\"@type\":\"ReadAction\",\"target\":[\"https:\/\/hobstop.ee\/lv\/produkts\/skicu-zimulu-komplekts-derwent-line-and-wash\/\"]}]},{\"@type\":\"ImageObject\",\"inLanguage\":\"lv-LV\",\"@id\":\"https:\/\/hobstop.ee\/lv\/produkts\/skicu-zimulu-komplekts-derwent-line-and-wash\/#primaryimage\",\"url\":\"https:\/\/hobstop.ee\/media\/4340.jpg\",\"contentUrl\":\"https:\/\/hobstop.ee\/media\/4340.jpg\",\"width\":1024,\"height\":768},{\"@type\":\"BreadcrumbList\",\"@id\":\"https:\/\/hobstop.ee\/lv\/produkts\/skicu-zimulu-komplekts-derwent-line-and-wash\/#breadcrumb\",\"itemListElement\":[{\"@type\":\"ListItem\",\"position\":1,\"name\":\"Avaleht\",\"item\":\"https:\/\/hobstop.ee\/lv\/\"},{\"@type\":\"ListItem\",\"position\":2,\"name\":\"Veikals\",\"item\":\"https:\/\/hobstop.ee\/lv\/veikals\/\"},{\"@type\":\"ListItem\",\"position\":3,\"name\":\"Ski\u010du z\u012bmu\u013cu komplekts Derwent Line and Wash\"}]},{\"@type\":\"WebSite\",\"@id\":\"https:\/\/hobstop.ee\/lv\/#website\",\"url\":\"https:\/\/hobstop.ee\/lv\/\",\"name\":\"Skizze\",\"description\":\"M\u0101kslas, hobiju un skolas preces\",\"publisher\":{\"@id\":\"https:\/\/hobstop.ee\/lv\/#organization\"},\"potentialAction\":[{\"@type\":\"SearchAction\",\"target\":{\"@type\":\"EntryPoint\",\"urlTemplate\":\"https:\/\/hobstop.ee\/lv\/?s={search_term_string}\"},\"query-input\":{\"@type\":\"PropertyValueSpecification\",\"valueRequired\":true,\"valueName\":\"search_term_string\"}}],\"inLanguage\":\"lv-LV\"},{\"@type\":\"Organization\",\"@id\":\"https:\/\/hobstop.ee\/lv\/#organization\",\"name\":\"Vunder AS\",\"url\":\"https:\/\/hobstop.ee\/lv\/\",\"logo\":{\"@type\":\"ImageObject\",\"inLanguage\":\"lv-LV\",\"@id\":\"https:\/\/hobstop.ee\/lv\/#\/schema\/logo\/image\/\",\"url\":\"https:\/\/hobstop.ee\/media\/vunder-logo.png\",\"contentUrl\":\"https:\/\/hobstop.ee\/media\/vunder-logo.png\",\"width\":127,\"height\":55,\"caption\":\"Vunder AS\"},\"image\":{\"@id\":\"https:\/\/hobstop.ee\/lv\/#\/schema\/logo\/image\/\"},\"sameAs\":[\"http:\/\/www.facebook.com\/VunderSkizze\"]}]}<\/script>\n<!-- \/ Yoast SEO plugin. -->","yoast_head_json":{"title":"Ski\u010du z\u012bmu\u013cu komplekts Derwent Line and Wash &#8211; Skizze","robots":{"index":"noindex","follow":"follow","max-snippet":"max-snippet:-1","max-image-preview":"max-image-preview:large","max-video-preview":"max-video-preview:-1"},"og_locale":"lv_LV","og_type":"article","og_title":"Ski\u010du z\u012bmu\u013cu komplekts Derwent Line and Wash &#8211; Skizze","og_description":"Derwent \u016bden\u012b \u0161\u0137\u012bsto\u0161ais ski\u010du z\u012bmulis ar platu graf\u012btu ir lieliski piem\u0113rots veikliem z\u012bm\u0113jumiem, radot aizraut\u012bgus graf\u012bta, dinamisku to\u0146u un dramatisku l\u012bniju uzplaiksn\u012bjumus. Pievieno \u016bdeni, lai maigi iz\u0161\u0137\u012bdin\u0101tu graf\u012btu l\u012bniju un pludin\u0101jumu skic\u0113s, atkl\u0101jot savu m\u0101kslu jaun\u0101, maig\u0101k\u0101 piesk\u0101rien\u0101! Iepakoti stil\u012bg\u0101, praktisk\u0101 divkl\u0101ju sudrabot\u0101 k\u0101rb\u0101. Komplekt\u0101 ietilpst: Graf\u012bta z\u012bmu\u013ci 4B, 2B, B, HB, H un 2H \u016aden\u012b \u0161\u0137\u012bsto\u0161ie ski\u010du z\u012bmu\u013ci 4B un HB \u016adens ota Dz\u0113\u0161gumijas vairogs Pap\u012bra irbul\u012btis Asin\u0101mais Plastmasas dz\u0113\u0161gumija","og_url":"https:\/\/hobstop.ee\/lv\/produkts\/skicu-zimulu-komplekts-derwent-line-and-wash\/","og_site_name":"Skizze","article_publisher":"http:\/\/www.facebook.com\/VunderSkizze","og_image":[{"width":1024,"height":768,"url":"https:\/\/hobstop.ee\/media\/4340.jpg","type":"image\/jpeg"}],"twitter_card":"summary_large_image","twitter_misc":{"Est. reading time":"1 min\u016b\u0161u"},"schema":{"@context":"https:\/\/schema.org","@graph":[{"@type":"WebPage","@id":"https:\/\/hobstop.ee\/lv\/produkts\/skicu-zimulu-komplekts-derwent-line-and-wash\/","url":"https:\/\/hobstop.ee\/lv\/produkts\/skicu-zimulu-komplekts-derwent-line-and-wash\/","name":"Ski\u010du z\u012bmu\u013cu komplekts Derwent Line and Wash &#8211; Skizze","isPartOf":{"@id":"https:\/\/hobstop.ee\/lv\/#website"},"primaryImageOfPage":{"@id":"https:\/\/hobstop.ee\/lv\/produkts\/skicu-zimulu-komplekts-derwent-line-and-wash\/#primaryimage"},"image":{"@id":"https:\/\/hobstop.ee\/lv\/produkts\/skicu-zimulu-komplekts-derwent-line-and-wash\/#primaryimage"},"thumbnailUrl":"https:\/\/hobstop.ee\/media\/4340.jpg","datePublished":"2016-06-09T07:14:38+00:00","dateModified":"2016-06-09T07:14:38+00:00","breadcrumb":{"@id":"https:\/\/hobstop.ee\/lv\/produkts\/skicu-zimulu-komplekts-derwent-line-and-wash\/#breadcrumb"},"inLanguage":"lv-LV","potentialAction":[{"@type":"ReadAction","target":["https:\/\/hobstop.ee\/lv\/produkts\/skicu-zimulu-komplekts-derwent-line-and-wash\/"]}]},{"@type":"ImageObject","inLanguage":"lv-LV","@id":"https:\/\/hobstop.ee\/lv\/produkts\/skicu-zimulu-komplekts-derwent-line-and-wash\/#primaryimage","url":"https:\/\/hobstop.ee\/media\/4340.jpg","contentUrl":"https:\/\/hobstop.ee\/media\/4340.jpg","width":1024,"height":768},{"@type":"BreadcrumbList","@id":"https:\/\/hobstop.ee\/lv\/produkts\/skicu-zimulu-komplekts-derwent-line-and-wash\/#breadcrumb","itemListElement":[{"@type":"ListItem","position":1,"name":"Avaleht","item":"https:\/\/hobstop.ee\/lv\/"},{"@type":"ListItem","position":2,"name":"Veikals","item":"https:\/\/hobstop.ee\/lv\/veikals\/"},{"@type":"ListItem","position":3,"name":"Ski\u010du z\u012bmu\u013cu komplekts Derwent Line and Wash"}]},{"@type":"WebSite","@id":"https:\/\/hobstop.ee\/lv\/#website","url":"https:\/\/hobstop.ee\/lv\/","name":"Skizze","description":"M\u0101kslas, hobiju un skolas preces","publisher":{"@id":"https:\/\/hobstop.ee\/lv\/#organization"},"potentialAction":[{"@type":"SearchAction","target":{"@type":"EntryPoint","urlTemplate":"https:\/\/hobstop.ee\/lv\/?s={search_term_string}"},"query-input":{"@type":"PropertyValueSpecification","valueRequired":true,"valueName":"search_term_string"}}],"inLanguage":"lv-LV"},{"@type":"Organization","@id":"https:\/\/hobstop.ee\/lv\/#organization","name":"Vunder AS","url":"https:\/\/hobstop.ee\/lv\/","logo":{"@type":"ImageObject","inLanguage":"lv-LV","@id":"https:\/\/hobstop.ee\/lv\/#\/schema\/logo\/image\/","url":"https:\/\/hobstop.ee\/media\/vunder-logo.png","contentUrl":"https:\/\/hobstop.ee\/media\/vunder-logo.png","width":127,"height":55,"caption":"Vunder AS"},"image":{"@id":"https:\/\/hobstop.ee\/lv\/#\/schema\/logo\/image\/"},"sameAs":["http:\/\/www.facebook.com\/VunderSkizze"]}]}},"_links":{"self":[{"href":"https:\/\/hobstop.ee\/lv\/wp-json\/wp\/v2\/product\/270765","targetHints":{"allow":["GET"]}}],"collection":[{"href":"https:\/\/hobstop.ee\/lv\/wp-json\/wp\/v2\/product"}],"about":[{"href":"https:\/\/hobstop.ee\/lv\/wp-json\/wp\/v2\/types\/product"}],"replies":[{"embeddable":true,"href":"https:\/\/hobstop.ee\/lv\/wp-json\/wp\/v2\/comments?post=270765"}],"wp:featuredmedia":[{"embeddable":true,"href":"https:\/\/hobstop.ee\/lv\/wp-json\/wp\/v2\/media\/270797"}],"wp:attachment":[{"href":"https:\/\/hobstop.ee\/lv\/wp-json\/wp\/v2\/media?parent=270765"}],"wp:term":[{"taxonomy":"product_cat","embeddable":true,"href":"https:\/\/hobstop.ee\/lv\/wp-json\/wp\/v2\/product_cat?post=270765"},{"taxonomy":"product_tag","embeddable":true,"href":"https:\/\/hobstop.ee\/lv\/wp-json\/wp\/v2\/product_tag?post=270765"}],"curies":[{"name":"wp","href":"https:\/\/api.w.org\/{rel}","templated":true}]}}