{"id":271741,"date":"2015-09-04T10:56:46","date_gmt":"2016-08-04T07:56:47","guid":{"rendered":"https:\/\/sharks.ee\/vunder_2019\/lv\/product\/spalvaskats-pilot-parallel-pen\/"},"modified":"2016-08-04T10:56:47","modified_gmt":"2016-08-04T07:56:47","slug":"spalvaskats-pilot-parallel-pen","status":"publish","type":"product","link":"https:\/\/hobstop.ee\/lv\/produkts\/spalvaskats-pilot-parallel-pen\/","title":{"rendered":"Spalvask\u0101ts Pilot Parallel Pen"},"content":{"rendered":"<p>Kaligr\u0101fijas m\u0101ksla ir pieejama visiem! Pilot Parallel Pen ir pirmais spalvask\u0101ts, kas nodro\u0161ina vienk\u0101r\u0161u pieeju gan biez\u0101ku, gan ar\u012b pl\u0101n\u0101ku triepienu veido\u0161an\u0101. Parallel Structure sast\u0101v no div\u0101m paral\u0113l\u0101m pl\u0101ksn\u0113m, \u013caujot rakst\u012bt\u0101jam veidot daudz as\u0101kas l\u012bnijas, sal\u012bdzinot ar citiem kaligr\u0101fijas rakst\u0101mpiederumiem.  T\u0101pat ar to ir iesp\u0113jams rad\u012bt kr\u0101su p\u0101rejas jeb grad\u0101ciju, proti, ar vienu spalvask\u0101ta spalvu izmantot divas da\u017e\u0101das kr\u0101sas.<\/p>\n","protected":false},"excerpt":{"rendered":"<p>Kaligr\u0101fijas m\u0101ksla ir pieejama visiem! Pilot Parallel Pen ir pirmais spalvask\u0101ts, kas nodro\u0161ina vienk\u0101r\u0161u pieeju gan biez\u0101ku, gan ar\u012b pl\u0101n\u0101ku triepienu veido\u0161an\u0101. Parallel Structure sast\u0101v no div\u0101m paral\u0113l\u0101m pl\u0101ksn\u0113m, \u013caujot rakst\u012bt\u0101jam veidot daudz as\u0101kas l\u012bnijas, sal\u012bdzinot ar citiem kaligr\u0101fijas rakst\u0101mpiederumiem. T\u0101pat ar to ir iesp\u0113jams rad\u012bt kr\u0101su p\u0101rejas jeb grad\u0101ciju, proti, ar vienu spalvask\u0101ta spalvu izmantot divas da\u017e\u0101das kr\u0101sas.<\/p>\n","protected":false},"featured_media":271881,"comment_status":"closed","ping_status":"closed","template":"","meta":{"_acf_changed":false,"ep_exclude_from_search":false},"product_cat":[17975,16123,18339],"product_tag":[],"class_list":{"0":"post-271741","1":"product","2":"type-product","3":"status-publish","4":"has-post-thumbnail","6":"product_cat-kaligrafijas-piederumi","7":"product_cat-makslas-piederumi-2","8":"product_cat-spalvaskati-ar-baloninu","10":"first","11":"outofstock","12":"taxable","13":"shipping-taxable","14":"purchasable","15":"product-type-variable"},"acf":[],"yoast_head":"<!-- This site is optimized with the Yoast SEO plugin v24.1 - https:\/\/yoast.com\/wordpress\/plugins\/seo\/ -->\n<title>Spalvask\u0101ts Pilot Parallel Pen &#8211; Skizze<\/title>\n<meta name=\"robots\" content=\"noindex, follow, max-snippet:-1, max-image-preview:large, max-video-preview:-1\" \/>\n<meta property=\"og:locale\" content=\"lv_LV\" \/>\n<meta property=\"og:type\" content=\"article\" \/>\n<meta property=\"og:title\" content=\"Spalvask\u0101ts Pilot Parallel Pen &#8211; Skizze\" \/>\n<meta property=\"og:description\" content=\"Kaligr\u0101fijas m\u0101ksla ir pieejama visiem! Pilot Parallel Pen ir pirmais spalvask\u0101ts, kas nodro\u0161ina vienk\u0101r\u0161u pieeju gan biez\u0101ku, gan ar\u012b pl\u0101n\u0101ku triepienu veido\u0161an\u0101. Parallel Structure sast\u0101v no div\u0101m paral\u0113l\u0101m pl\u0101ksn\u0113m, \u013caujot rakst\u012bt\u0101jam veidot daudz as\u0101kas l\u012bnijas, sal\u012bdzinot ar citiem kaligr\u0101fijas rakst\u0101mpiederumiem. T\u0101pat ar to ir iesp\u0113jams rad\u012bt kr\u0101su p\u0101rejas jeb grad\u0101ciju, proti, ar vienu spalvask\u0101ta spalvu izmantot divas da\u017e\u0101das kr\u0101sas.\" \/>\n<meta property=\"og:url\" content=\"https:\/\/hobstop.ee\/lv\/produkts\/spalvaskats-pilot-parallel-pen\/\" \/>\n<meta property=\"og:site_name\" content=\"Skizze\" \/>\n<meta property=\"article:publisher\" content=\"http:\/\/www.facebook.com\/VunderSkizze\" \/>\n<meta property=\"og:image\" content=\"https:\/\/www.hobstop.ee\/media\/3475.jpg\" \/>\n\t<meta property=\"og:image:width\" content=\"1024\" \/>\n\t<meta property=\"og:image:height\" content=\"768\" \/>\n\t<meta property=\"og:image:type\" content=\"image\/jpeg\" \/>\n<meta name=\"twitter:card\" content=\"summary_large_image\" \/>\n<script type=\"application\/ld+json\" class=\"yoast-schema-graph\">{\"@context\":\"https:\/\/schema.org\",\"@graph\":[{\"@type\":\"WebPage\",\"@id\":\"https:\/\/hobstop.ee\/lv\/produkts\/spalvaskats-pilot-parallel-pen\/\",\"url\":\"https:\/\/hobstop.ee\/lv\/produkts\/spalvaskats-pilot-parallel-pen\/\",\"name\":\"Spalvask\u0101ts Pilot Parallel Pen &#8211; Skizze\",\"isPartOf\":{\"@id\":\"https:\/\/hobstop.ee\/lv\/#website\"},\"primaryImageOfPage\":{\"@id\":\"https:\/\/hobstop.ee\/lv\/produkts\/spalvaskats-pilot-parallel-pen\/#primaryimage\"},\"image\":{\"@id\":\"https:\/\/hobstop.ee\/lv\/produkts\/spalvaskats-pilot-parallel-pen\/#primaryimage\"},\"thumbnailUrl\":\"https:\/\/hobstop.ee\/media\/3475.jpg\",\"datePublished\":\"2016-08-04T07:56:47+00:00\",\"dateModified\":\"2016-08-04T07:56:47+00:00\",\"breadcrumb\":{\"@id\":\"https:\/\/hobstop.ee\/lv\/produkts\/spalvaskats-pilot-parallel-pen\/#breadcrumb\"},\"inLanguage\":\"lv-LV\",\"potentialAction\":[{\"@type\":\"ReadAction\",\"target\":[\"https:\/\/hobstop.ee\/lv\/produkts\/spalvaskats-pilot-parallel-pen\/\"]}]},{\"@type\":\"ImageObject\",\"inLanguage\":\"lv-LV\",\"@id\":\"https:\/\/hobstop.ee\/lv\/produkts\/spalvaskats-pilot-parallel-pen\/#primaryimage\",\"url\":\"https:\/\/hobstop.ee\/media\/3475.jpg\",\"contentUrl\":\"https:\/\/hobstop.ee\/media\/3475.jpg\",\"width\":1024,\"height\":768},{\"@type\":\"BreadcrumbList\",\"@id\":\"https:\/\/hobstop.ee\/lv\/produkts\/spalvaskats-pilot-parallel-pen\/#breadcrumb\",\"itemListElement\":[{\"@type\":\"ListItem\",\"position\":1,\"name\":\"Avaleht\",\"item\":\"https:\/\/www.hobstop.ee\/lv\/\"},{\"@type\":\"ListItem\",\"position\":2,\"name\":\"Veikals\",\"item\":\"https:\/\/www.hobstop.ee\/lv\/veikals\/\"},{\"@type\":\"ListItem\",\"position\":3,\"name\":\"Spalvask\u0101ts Pilot Parallel Pen\"}]},{\"@type\":\"WebSite\",\"@id\":\"https:\/\/hobstop.ee\/lv\/#website\",\"url\":\"https:\/\/hobstop.ee\/lv\/\",\"name\":\"Skizze\",\"description\":\"M\u0101kslas, hobiju un skolas preces\",\"publisher\":{\"@id\":\"https:\/\/hobstop.ee\/lv\/#organization\"},\"potentialAction\":[{\"@type\":\"SearchAction\",\"target\":{\"@type\":\"EntryPoint\",\"urlTemplate\":\"https:\/\/hobstop.ee\/lv\/?s={search_term_string}\"},\"query-input\":{\"@type\":\"PropertyValueSpecification\",\"valueRequired\":true,\"valueName\":\"search_term_string\"}}],\"inLanguage\":\"lv-LV\"},{\"@type\":\"Organization\",\"@id\":\"https:\/\/hobstop.ee\/lv\/#organization\",\"name\":\"Vunder AS\",\"url\":\"https:\/\/hobstop.ee\/lv\/\",\"logo\":{\"@type\":\"ImageObject\",\"inLanguage\":\"lv-LV\",\"@id\":\"https:\/\/hobstop.ee\/lv\/#\/schema\/logo\/image\/\",\"url\":\"https:\/\/hobstop.ee\/media\/vunder-logo.png\",\"contentUrl\":\"https:\/\/hobstop.ee\/media\/vunder-logo.png\",\"width\":127,\"height\":55,\"caption\":\"Vunder AS\"},\"image\":{\"@id\":\"https:\/\/hobstop.ee\/lv\/#\/schema\/logo\/image\/\"},\"sameAs\":[\"http:\/\/www.facebook.com\/VunderSkizze\"]}]}<\/script>\n<!-- \/ Yoast SEO plugin. -->","yoast_head_json":{"title":"Spalvask\u0101ts Pilot Parallel Pen &#8211; Skizze","robots":{"index":"noindex","follow":"follow","max-snippet":"max-snippet:-1","max-image-preview":"max-image-preview:large","max-video-preview":"max-video-preview:-1"},"og_locale":"lv_LV","og_type":"article","og_title":"Spalvask\u0101ts Pilot Parallel Pen &#8211; Skizze","og_description":"Kaligr\u0101fijas m\u0101ksla ir pieejama visiem! Pilot Parallel Pen ir pirmais spalvask\u0101ts, kas nodro\u0161ina vienk\u0101r\u0161u pieeju gan biez\u0101ku, gan ar\u012b pl\u0101n\u0101ku triepienu veido\u0161an\u0101. Parallel Structure sast\u0101v no div\u0101m paral\u0113l\u0101m pl\u0101ksn\u0113m, \u013caujot rakst\u012bt\u0101jam veidot daudz as\u0101kas l\u012bnijas, sal\u012bdzinot ar citiem kaligr\u0101fijas rakst\u0101mpiederumiem. T\u0101pat ar to ir iesp\u0113jams rad\u012bt kr\u0101su p\u0101rejas jeb grad\u0101ciju, proti, ar vienu spalvask\u0101ta spalvu izmantot divas da\u017e\u0101das kr\u0101sas.","og_url":"https:\/\/hobstop.ee\/lv\/produkts\/spalvaskats-pilot-parallel-pen\/","og_site_name":"Skizze","article_publisher":"http:\/\/www.facebook.com\/VunderSkizze","og_image":[{"width":1024,"height":768,"url":"https:\/\/www.hobstop.ee\/media\/3475.jpg","type":"image\/jpeg"}],"twitter_card":"summary_large_image","schema":{"@context":"https:\/\/schema.org","@graph":[{"@type":"WebPage","@id":"https:\/\/hobstop.ee\/lv\/produkts\/spalvaskats-pilot-parallel-pen\/","url":"https:\/\/hobstop.ee\/lv\/produkts\/spalvaskats-pilot-parallel-pen\/","name":"Spalvask\u0101ts Pilot Parallel Pen &#8211; Skizze","isPartOf":{"@id":"https:\/\/hobstop.ee\/lv\/#website"},"primaryImageOfPage":{"@id":"https:\/\/hobstop.ee\/lv\/produkts\/spalvaskats-pilot-parallel-pen\/#primaryimage"},"image":{"@id":"https:\/\/hobstop.ee\/lv\/produkts\/spalvaskats-pilot-parallel-pen\/#primaryimage"},"thumbnailUrl":"https:\/\/hobstop.ee\/media\/3475.jpg","datePublished":"2016-08-04T07:56:47+00:00","dateModified":"2016-08-04T07:56:47+00:00","breadcrumb":{"@id":"https:\/\/hobstop.ee\/lv\/produkts\/spalvaskats-pilot-parallel-pen\/#breadcrumb"},"inLanguage":"lv-LV","potentialAction":[{"@type":"ReadAction","target":["https:\/\/hobstop.ee\/lv\/produkts\/spalvaskats-pilot-parallel-pen\/"]}]},{"@type":"ImageObject","inLanguage":"lv-LV","@id":"https:\/\/hobstop.ee\/lv\/produkts\/spalvaskats-pilot-parallel-pen\/#primaryimage","url":"https:\/\/hobstop.ee\/media\/3475.jpg","contentUrl":"https:\/\/hobstop.ee\/media\/3475.jpg","width":1024,"height":768},{"@type":"BreadcrumbList","@id":"https:\/\/hobstop.ee\/lv\/produkts\/spalvaskats-pilot-parallel-pen\/#breadcrumb","itemListElement":[{"@type":"ListItem","position":1,"name":"Avaleht","item":"https:\/\/www.hobstop.ee\/lv\/"},{"@type":"ListItem","position":2,"name":"Veikals","item":"https:\/\/www.hobstop.ee\/lv\/veikals\/"},{"@type":"ListItem","position":3,"name":"Spalvask\u0101ts Pilot Parallel Pen"}]},{"@type":"WebSite","@id":"https:\/\/hobstop.ee\/lv\/#website","url":"https:\/\/hobstop.ee\/lv\/","name":"Skizze","description":"M\u0101kslas, hobiju un skolas preces","publisher":{"@id":"https:\/\/hobstop.ee\/lv\/#organization"},"potentialAction":[{"@type":"SearchAction","target":{"@type":"EntryPoint","urlTemplate":"https:\/\/hobstop.ee\/lv\/?s={search_term_string}"},"query-input":{"@type":"PropertyValueSpecification","valueRequired":true,"valueName":"search_term_string"}}],"inLanguage":"lv-LV"},{"@type":"Organization","@id":"https:\/\/hobstop.ee\/lv\/#organization","name":"Vunder AS","url":"https:\/\/hobstop.ee\/lv\/","logo":{"@type":"ImageObject","inLanguage":"lv-LV","@id":"https:\/\/hobstop.ee\/lv\/#\/schema\/logo\/image\/","url":"https:\/\/hobstop.ee\/media\/vunder-logo.png","contentUrl":"https:\/\/hobstop.ee\/media\/vunder-logo.png","width":127,"height":55,"caption":"Vunder AS"},"image":{"@id":"https:\/\/hobstop.ee\/lv\/#\/schema\/logo\/image\/"},"sameAs":["http:\/\/www.facebook.com\/VunderSkizze"]}]}},"_links":{"self":[{"href":"https:\/\/hobstop.ee\/lv\/wp-json\/wp\/v2\/product\/271741","targetHints":{"allow":["GET"]}}],"collection":[{"href":"https:\/\/hobstop.ee\/lv\/wp-json\/wp\/v2\/product"}],"about":[{"href":"https:\/\/hobstop.ee\/lv\/wp-json\/wp\/v2\/types\/product"}],"replies":[{"embeddable":true,"href":"https:\/\/hobstop.ee\/lv\/wp-json\/wp\/v2\/comments?post=271741"}],"wp:featuredmedia":[{"embeddable":true,"href":"https:\/\/hobstop.ee\/lv\/wp-json\/wp\/v2\/media\/271881"}],"wp:attachment":[{"href":"https:\/\/hobstop.ee\/lv\/wp-json\/wp\/v2\/media?parent=271741"}],"wp:term":[{"taxonomy":"product_cat","embeddable":true,"href":"https:\/\/hobstop.ee\/lv\/wp-json\/wp\/v2\/product_cat?post=271741"},{"taxonomy":"product_tag","embeddable":true,"href":"https:\/\/hobstop.ee\/lv\/wp-json\/wp\/v2\/product_tag?post=271741"}],"curies":[{"name":"wp","href":"https:\/\/api.w.org\/{rel}","templated":true}]}}