{"id":271749,"date":"2016-08-04T10:56:49","date_gmt":"2016-08-04T07:56:49","guid":{"rendered":"https:\/\/sharks.ee\/vunder_2019\/lv\/product\/otu-komplekts-raphael-campus-watercolour\/"},"modified":"2016-08-04T10:56:49","modified_gmt":"2016-08-04T07:56:49","slug":"otu-komplekts-raphael-campus-watercolour","status":"publish","type":"product","link":"https:\/\/hobstop.ee\/lv\/produkts\/otu-komplekts-raphael-campus-watercolour\/","title":{"rendered":"Otu komplekts Raphael Campus Watercolour"},"content":{"rendered":"<p>Raphael Campus kolekcijas oti\u0146as ir piem\u0113rotas studentiem, ies\u0101c\u0113jiem vai m\u0101ksliniekiem, kuri mekl\u0113t kvalitat\u012bvas oti\u0146as zem\u0101k\u0101 cenu klas\u0113. Oti\u0146as ar \u012bsu k\u0101tu un sint\u0113tiskiem sariem ir lieliski piem\u0113rotas izmanto\u0161anai ar akrila, gua\u0161as, tempera, akvare\u013ca kr\u0101s\u0101m, k\u0101 ar\u012b citiem hobijiem.<br \/>\nGlezno\u0161anas tehnika: univers\u0101l\u0101 (akrils, akvarelis, tekstils, z\u012bds uc.)<\/p>\n","protected":false},"excerpt":{"rendered":"<p>Raphael Campus kolekcijas oti\u0146as ir piem\u0113rotas studentiem, ies\u0101c\u0113jiem vai m\u0101ksliniekiem, kuri mekl\u0113t kvalitat\u012bvas oti\u0146as zem\u0101k\u0101 cenu klas\u0113. Oti\u0146as ar \u012bsu k\u0101tu un sint\u0113tiskiem sariem ir lieliski piem\u0113rotas izmanto\u0161anai ar akrila, gua\u0161as, tempera, akvare\u013ca kr\u0101s\u0101m, k\u0101 ar\u012b citiem hobijiem. Glezno\u0161anas tehnika: univers\u0101l\u0101 (akrils, akvarelis, tekstils, z\u012bds uc.)<\/p>\n","protected":false},"featured_media":271889,"comment_status":"closed","ping_status":"closed","template":"","meta":{"_acf_changed":false,"ep_exclude_from_search":false},"product_cat":[16123,18650,18608],"product_tag":[],"class_list":{"0":"post-271749","1":"product","2":"type-product","3":"status-publish","4":"has-post-thumbnail","6":"product_cat-makslas-piederumi-2","7":"product_cat-otas-un-piederumi","8":"product_cat-sintetiskas-otas-2","10":"first","11":"outofstock","12":"taxable","13":"shipping-taxable","14":"purchasable","15":"product-type-simple"},"acf":[],"yoast_head":"<!-- This site is optimized with the Yoast SEO plugin v24.1 - https:\/\/yoast.com\/wordpress\/plugins\/seo\/ -->\n<title>Otu komplekts Raphael Campus Watercolour &#8211; Skizze<\/title>\n<meta name=\"robots\" content=\"noindex, follow, max-snippet:-1, max-image-preview:large, max-video-preview:-1\" \/>\n<meta property=\"og:locale\" content=\"lv_LV\" \/>\n<meta property=\"og:type\" content=\"article\" \/>\n<meta property=\"og:title\" content=\"Otu komplekts Raphael Campus Watercolour &#8211; Skizze\" \/>\n<meta property=\"og:description\" content=\"Raphael Campus kolekcijas oti\u0146as ir piem\u0113rotas studentiem, ies\u0101c\u0113jiem vai m\u0101ksliniekiem, kuri mekl\u0113t kvalitat\u012bvas oti\u0146as zem\u0101k\u0101 cenu klas\u0113. Oti\u0146as ar \u012bsu k\u0101tu un sint\u0113tiskiem sariem ir lieliski piem\u0113rotas izmanto\u0161anai ar akrila, gua\u0161as, tempera, akvare\u013ca kr\u0101s\u0101m, k\u0101 ar\u012b citiem hobijiem. Glezno\u0161anas tehnika: univers\u0101l\u0101 (akrils, akvarelis, tekstils, z\u012bds uc.)\" \/>\n<meta property=\"og:url\" content=\"https:\/\/hobstop.ee\/lv\/produkts\/otu-komplekts-raphael-campus-watercolour\/\" \/>\n<meta property=\"og:site_name\" content=\"Skizze\" \/>\n<meta property=\"article:publisher\" content=\"http:\/\/www.facebook.com\/VunderSkizze\" \/>\n<meta property=\"og:image\" content=\"https:\/\/hobstop.ee\/media\/4170.jpg\" \/>\n\t<meta property=\"og:image:width\" content=\"1024\" \/>\n\t<meta property=\"og:image:height\" content=\"768\" \/>\n\t<meta property=\"og:image:type\" content=\"image\/jpeg\" \/>\n<meta name=\"twitter:card\" content=\"summary_large_image\" \/>\n<script type=\"application\/ld+json\" class=\"yoast-schema-graph\">{\"@context\":\"https:\/\/schema.org\",\"@graph\":[{\"@type\":\"WebPage\",\"@id\":\"https:\/\/hobstop.ee\/lv\/produkts\/otu-komplekts-raphael-campus-watercolour\/\",\"url\":\"https:\/\/hobstop.ee\/lv\/produkts\/otu-komplekts-raphael-campus-watercolour\/\",\"name\":\"Otu komplekts Raphael Campus Watercolour &#8211; Skizze\",\"isPartOf\":{\"@id\":\"https:\/\/hobstop.ee\/lv\/#website\"},\"primaryImageOfPage\":{\"@id\":\"https:\/\/hobstop.ee\/lv\/produkts\/otu-komplekts-raphael-campus-watercolour\/#primaryimage\"},\"image\":{\"@id\":\"https:\/\/hobstop.ee\/lv\/produkts\/otu-komplekts-raphael-campus-watercolour\/#primaryimage\"},\"thumbnailUrl\":\"https:\/\/hobstop.ee\/media\/4170.jpg\",\"datePublished\":\"2016-08-04T07:56:49+00:00\",\"dateModified\":\"2016-08-04T07:56:49+00:00\",\"breadcrumb\":{\"@id\":\"https:\/\/hobstop.ee\/lv\/produkts\/otu-komplekts-raphael-campus-watercolour\/#breadcrumb\"},\"inLanguage\":\"lv-LV\",\"potentialAction\":[{\"@type\":\"ReadAction\",\"target\":[\"https:\/\/hobstop.ee\/lv\/produkts\/otu-komplekts-raphael-campus-watercolour\/\"]}]},{\"@type\":\"ImageObject\",\"inLanguage\":\"lv-LV\",\"@id\":\"https:\/\/hobstop.ee\/lv\/produkts\/otu-komplekts-raphael-campus-watercolour\/#primaryimage\",\"url\":\"https:\/\/hobstop.ee\/media\/4170.jpg\",\"contentUrl\":\"https:\/\/hobstop.ee\/media\/4170.jpg\",\"width\":1024,\"height\":768},{\"@type\":\"BreadcrumbList\",\"@id\":\"https:\/\/hobstop.ee\/lv\/produkts\/otu-komplekts-raphael-campus-watercolour\/#breadcrumb\",\"itemListElement\":[{\"@type\":\"ListItem\",\"position\":1,\"name\":\"Avaleht\",\"item\":\"https:\/\/hobstop.ee\/lv\/\"},{\"@type\":\"ListItem\",\"position\":2,\"name\":\"Veikals\",\"item\":\"https:\/\/hobstop.ee\/lv\/veikals\/\"},{\"@type\":\"ListItem\",\"position\":3,\"name\":\"Otu komplekts Raphael Campus Watercolour\"}]},{\"@type\":\"WebSite\",\"@id\":\"https:\/\/hobstop.ee\/lv\/#website\",\"url\":\"https:\/\/hobstop.ee\/lv\/\",\"name\":\"Skizze\",\"description\":\"M\u0101kslas, hobiju un skolas preces\",\"publisher\":{\"@id\":\"https:\/\/hobstop.ee\/lv\/#organization\"},\"potentialAction\":[{\"@type\":\"SearchAction\",\"target\":{\"@type\":\"EntryPoint\",\"urlTemplate\":\"https:\/\/hobstop.ee\/lv\/?s={search_term_string}\"},\"query-input\":{\"@type\":\"PropertyValueSpecification\",\"valueRequired\":true,\"valueName\":\"search_term_string\"}}],\"inLanguage\":\"lv-LV\"},{\"@type\":\"Organization\",\"@id\":\"https:\/\/hobstop.ee\/lv\/#organization\",\"name\":\"Vunder AS\",\"url\":\"https:\/\/hobstop.ee\/lv\/\",\"logo\":{\"@type\":\"ImageObject\",\"inLanguage\":\"lv-LV\",\"@id\":\"https:\/\/hobstop.ee\/lv\/#\/schema\/logo\/image\/\",\"url\":\"https:\/\/hobstop.ee\/media\/vunder-logo.png\",\"contentUrl\":\"https:\/\/hobstop.ee\/media\/vunder-logo.png\",\"width\":127,\"height\":55,\"caption\":\"Vunder AS\"},\"image\":{\"@id\":\"https:\/\/hobstop.ee\/lv\/#\/schema\/logo\/image\/\"},\"sameAs\":[\"http:\/\/www.facebook.com\/VunderSkizze\"]}]}<\/script>\n<!-- \/ Yoast SEO plugin. -->","yoast_head_json":{"title":"Otu komplekts Raphael Campus Watercolour &#8211; Skizze","robots":{"index":"noindex","follow":"follow","max-snippet":"max-snippet:-1","max-image-preview":"max-image-preview:large","max-video-preview":"max-video-preview:-1"},"og_locale":"lv_LV","og_type":"article","og_title":"Otu komplekts Raphael Campus Watercolour &#8211; Skizze","og_description":"Raphael Campus kolekcijas oti\u0146as ir piem\u0113rotas studentiem, ies\u0101c\u0113jiem vai m\u0101ksliniekiem, kuri mekl\u0113t kvalitat\u012bvas oti\u0146as zem\u0101k\u0101 cenu klas\u0113. Oti\u0146as ar \u012bsu k\u0101tu un sint\u0113tiskiem sariem ir lieliski piem\u0113rotas izmanto\u0161anai ar akrila, gua\u0161as, tempera, akvare\u013ca kr\u0101s\u0101m, k\u0101 ar\u012b citiem hobijiem. Glezno\u0161anas tehnika: univers\u0101l\u0101 (akrils, akvarelis, tekstils, z\u012bds uc.)","og_url":"https:\/\/hobstop.ee\/lv\/produkts\/otu-komplekts-raphael-campus-watercolour\/","og_site_name":"Skizze","article_publisher":"http:\/\/www.facebook.com\/VunderSkizze","og_image":[{"width":1024,"height":768,"url":"https:\/\/hobstop.ee\/media\/4170.jpg","type":"image\/jpeg"}],"twitter_card":"summary_large_image","schema":{"@context":"https:\/\/schema.org","@graph":[{"@type":"WebPage","@id":"https:\/\/hobstop.ee\/lv\/produkts\/otu-komplekts-raphael-campus-watercolour\/","url":"https:\/\/hobstop.ee\/lv\/produkts\/otu-komplekts-raphael-campus-watercolour\/","name":"Otu komplekts Raphael Campus Watercolour &#8211; Skizze","isPartOf":{"@id":"https:\/\/hobstop.ee\/lv\/#website"},"primaryImageOfPage":{"@id":"https:\/\/hobstop.ee\/lv\/produkts\/otu-komplekts-raphael-campus-watercolour\/#primaryimage"},"image":{"@id":"https:\/\/hobstop.ee\/lv\/produkts\/otu-komplekts-raphael-campus-watercolour\/#primaryimage"},"thumbnailUrl":"https:\/\/hobstop.ee\/media\/4170.jpg","datePublished":"2016-08-04T07:56:49+00:00","dateModified":"2016-08-04T07:56:49+00:00","breadcrumb":{"@id":"https:\/\/hobstop.ee\/lv\/produkts\/otu-komplekts-raphael-campus-watercolour\/#breadcrumb"},"inLanguage":"lv-LV","potentialAction":[{"@type":"ReadAction","target":["https:\/\/hobstop.ee\/lv\/produkts\/otu-komplekts-raphael-campus-watercolour\/"]}]},{"@type":"ImageObject","inLanguage":"lv-LV","@id":"https:\/\/hobstop.ee\/lv\/produkts\/otu-komplekts-raphael-campus-watercolour\/#primaryimage","url":"https:\/\/hobstop.ee\/media\/4170.jpg","contentUrl":"https:\/\/hobstop.ee\/media\/4170.jpg","width":1024,"height":768},{"@type":"BreadcrumbList","@id":"https:\/\/hobstop.ee\/lv\/produkts\/otu-komplekts-raphael-campus-watercolour\/#breadcrumb","itemListElement":[{"@type":"ListItem","position":1,"name":"Avaleht","item":"https:\/\/hobstop.ee\/lv\/"},{"@type":"ListItem","position":2,"name":"Veikals","item":"https:\/\/hobstop.ee\/lv\/veikals\/"},{"@type":"ListItem","position":3,"name":"Otu komplekts Raphael Campus Watercolour"}]},{"@type":"WebSite","@id":"https:\/\/hobstop.ee\/lv\/#website","url":"https:\/\/hobstop.ee\/lv\/","name":"Skizze","description":"M\u0101kslas, hobiju un skolas preces","publisher":{"@id":"https:\/\/hobstop.ee\/lv\/#organization"},"potentialAction":[{"@type":"SearchAction","target":{"@type":"EntryPoint","urlTemplate":"https:\/\/hobstop.ee\/lv\/?s={search_term_string}"},"query-input":{"@type":"PropertyValueSpecification","valueRequired":true,"valueName":"search_term_string"}}],"inLanguage":"lv-LV"},{"@type":"Organization","@id":"https:\/\/hobstop.ee\/lv\/#organization","name":"Vunder AS","url":"https:\/\/hobstop.ee\/lv\/","logo":{"@type":"ImageObject","inLanguage":"lv-LV","@id":"https:\/\/hobstop.ee\/lv\/#\/schema\/logo\/image\/","url":"https:\/\/hobstop.ee\/media\/vunder-logo.png","contentUrl":"https:\/\/hobstop.ee\/media\/vunder-logo.png","width":127,"height":55,"caption":"Vunder AS"},"image":{"@id":"https:\/\/hobstop.ee\/lv\/#\/schema\/logo\/image\/"},"sameAs":["http:\/\/www.facebook.com\/VunderSkizze"]}]}},"_links":{"self":[{"href":"https:\/\/hobstop.ee\/lv\/wp-json\/wp\/v2\/product\/271749","targetHints":{"allow":["GET"]}}],"collection":[{"href":"https:\/\/hobstop.ee\/lv\/wp-json\/wp\/v2\/product"}],"about":[{"href":"https:\/\/hobstop.ee\/lv\/wp-json\/wp\/v2\/types\/product"}],"replies":[{"embeddable":true,"href":"https:\/\/hobstop.ee\/lv\/wp-json\/wp\/v2\/comments?post=271749"}],"wp:featuredmedia":[{"embeddable":true,"href":"https:\/\/hobstop.ee\/lv\/wp-json\/wp\/v2\/media\/271889"}],"wp:attachment":[{"href":"https:\/\/hobstop.ee\/lv\/wp-json\/wp\/v2\/media?parent=271749"}],"wp:term":[{"taxonomy":"product_cat","embeddable":true,"href":"https:\/\/hobstop.ee\/lv\/wp-json\/wp\/v2\/product_cat?post=271749"},{"taxonomy":"product_tag","embeddable":true,"href":"https:\/\/hobstop.ee\/lv\/wp-json\/wp\/v2\/product_tag?post=271749"}],"curies":[{"name":"wp","href":"https:\/\/api.w.org\/{rel}","templated":true}]}}