{"id":271761,"date":"2016-08-04T10:56:52","date_gmt":"2016-08-04T07:56:52","guid":{"rendered":"https:\/\/sharks.ee\/vunder_2019\/lv\/product\/paliktnis-zimesanai-mabef-ma60\/"},"modified":"2016-08-04T10:56:52","modified_gmt":"2016-08-04T07:56:52","slug":"paliktnis-zimesanai-mabef-ma60","status":"publish","type":"product","link":"https:\/\/hobstop.ee\/lv\/produkts\/paliktnis-zimesanai-mabef-ma60\/","title":{"rendered":"Paliktnis z\u012bm\u0113\u0161anai Mabef M\/A60"},"content":{"rendered":"<p>Mabef paliktni z\u012bm\u0113\u0161anai var izmantot gan studij\u0101, gan ar\u012b br\u012bv\u0101 dab\u0101. Izgatavots no ECO \u0161\u0137iedru koka, kas nodro\u0161ina lielu iztur\u012bbu, taj\u0101 pa\u0161\u0101 laik\u0101 nelielu svaru. Ar pap\u012bra klip\u0161u un gumijas lentas pal\u012bdz\u012bbu z\u012bm\u0113\u0161anas, glezno\u0161anas un p\u0101rn\u0113s\u0101\u0161anas laik\u0101 darbs atrodas stingri sav\u0101 viet\u0101.<\/p>\n","protected":false},"excerpt":{"rendered":"<p>Mabef paliktni z\u012bm\u0113\u0161anai var izmantot gan studij\u0101, gan ar\u012b br\u012bv\u0101 dab\u0101. Izgatavots no ECO \u0161\u0137iedru koka, kas nodro\u0161ina lielu iztur\u012bbu, taj\u0101 pa\u0161\u0101 laik\u0101 nelielu svaru. Ar pap\u012bra klip\u0161u un gumijas lentas pal\u012bdz\u012bbu z\u012bm\u0113\u0161anas, glezno\u0161anas un p\u0101rn\u0113s\u0101\u0161anas laik\u0101 darbs atrodas stingri sav\u0101 viet\u0101.<\/p>\n","protected":false},"featured_media":271901,"comment_status":"closed","ping_status":"closed","template":"","meta":{"_acf_changed":false,"ep_exclude_from_search":false},"product_cat":[18754,16123,18931],"product_tag":[],"class_list":{"0":"post-271761","1":"product","2":"type-product","3":"status-publish","4":"has-post-thumbnail","6":"product_cat-dazadi-26","7":"product_cat-makslas-piederumi-2","8":"product_cat-zimesanas-piederumi-3","10":"first","11":"instock","12":"taxable","13":"shipping-taxable","14":"purchasable","15":"product-type-simple"},"acf":[],"yoast_head":"<!-- This site is optimized with the Yoast SEO plugin v24.1 - https:\/\/yoast.com\/wordpress\/plugins\/seo\/ -->\n<title>Paliktnis z\u012bm\u0113\u0161anai Mabef M\/A60 &#8211; Skizze<\/title>\n<meta name=\"robots\" content=\"noindex, follow, max-snippet:-1, max-image-preview:large, max-video-preview:-1\" \/>\n<meta property=\"og:locale\" content=\"lv_LV\" \/>\n<meta property=\"og:type\" content=\"article\" \/>\n<meta property=\"og:title\" content=\"Paliktnis z\u012bm\u0113\u0161anai Mabef M\/A60 &#8211; Skizze\" \/>\n<meta property=\"og:description\" content=\"Mabef paliktni z\u012bm\u0113\u0161anai var izmantot gan studij\u0101, gan ar\u012b br\u012bv\u0101 dab\u0101. Izgatavots no ECO \u0161\u0137iedru koka, kas nodro\u0161ina lielu iztur\u012bbu, taj\u0101 pa\u0161\u0101 laik\u0101 nelielu svaru. Ar pap\u012bra klip\u0161u un gumijas lentas pal\u012bdz\u012bbu z\u012bm\u0113\u0161anas, glezno\u0161anas un p\u0101rn\u0113s\u0101\u0161anas laik\u0101 darbs atrodas stingri sav\u0101 viet\u0101.\" \/>\n<meta property=\"og:url\" content=\"https:\/\/hobstop.ee\/lv\/produkts\/paliktnis-zimesanai-mabef-ma60\/\" \/>\n<meta property=\"og:site_name\" content=\"Skizze\" \/>\n<meta property=\"article:publisher\" content=\"http:\/\/www.facebook.com\/VunderSkizze\" \/>\n<meta property=\"og:image\" content=\"https:\/\/hobstop.ee\/media\/4290.jpg\" \/>\n\t<meta property=\"og:image:width\" content=\"1024\" \/>\n\t<meta property=\"og:image:height\" content=\"768\" \/>\n\t<meta property=\"og:image:type\" content=\"image\/jpeg\" \/>\n<meta name=\"twitter:card\" content=\"summary_large_image\" \/>\n<script type=\"application\/ld+json\" class=\"yoast-schema-graph\">{\"@context\":\"https:\/\/schema.org\",\"@graph\":[{\"@type\":\"WebPage\",\"@id\":\"https:\/\/hobstop.ee\/lv\/produkts\/paliktnis-zimesanai-mabef-ma60\/\",\"url\":\"https:\/\/hobstop.ee\/lv\/produkts\/paliktnis-zimesanai-mabef-ma60\/\",\"name\":\"Paliktnis z\u012bm\u0113\u0161anai Mabef M\/A60 &#8211; Skizze\",\"isPartOf\":{\"@id\":\"https:\/\/hobstop.ee\/lv\/#website\"},\"primaryImageOfPage\":{\"@id\":\"https:\/\/hobstop.ee\/lv\/produkts\/paliktnis-zimesanai-mabef-ma60\/#primaryimage\"},\"image\":{\"@id\":\"https:\/\/hobstop.ee\/lv\/produkts\/paliktnis-zimesanai-mabef-ma60\/#primaryimage\"},\"thumbnailUrl\":\"https:\/\/hobstop.ee\/media\/4290.jpg\",\"datePublished\":\"2016-08-04T07:56:52+00:00\",\"dateModified\":\"2016-08-04T07:56:52+00:00\",\"breadcrumb\":{\"@id\":\"https:\/\/hobstop.ee\/lv\/produkts\/paliktnis-zimesanai-mabef-ma60\/#breadcrumb\"},\"inLanguage\":\"lv-LV\",\"potentialAction\":[{\"@type\":\"ReadAction\",\"target\":[\"https:\/\/hobstop.ee\/lv\/produkts\/paliktnis-zimesanai-mabef-ma60\/\"]}]},{\"@type\":\"ImageObject\",\"inLanguage\":\"lv-LV\",\"@id\":\"https:\/\/hobstop.ee\/lv\/produkts\/paliktnis-zimesanai-mabef-ma60\/#primaryimage\",\"url\":\"https:\/\/hobstop.ee\/media\/4290.jpg\",\"contentUrl\":\"https:\/\/hobstop.ee\/media\/4290.jpg\",\"width\":1024,\"height\":768},{\"@type\":\"BreadcrumbList\",\"@id\":\"https:\/\/hobstop.ee\/lv\/produkts\/paliktnis-zimesanai-mabef-ma60\/#breadcrumb\",\"itemListElement\":[{\"@type\":\"ListItem\",\"position\":1,\"name\":\"Avaleht\",\"item\":\"https:\/\/hobstop.ee\/lv\/\"},{\"@type\":\"ListItem\",\"position\":2,\"name\":\"Veikals\",\"item\":\"https:\/\/hobstop.ee\/lv\/veikals\/\"},{\"@type\":\"ListItem\",\"position\":3,\"name\":\"Paliktnis z\u012bm\u0113\u0161anai Mabef M\/A60\"}]},{\"@type\":\"WebSite\",\"@id\":\"https:\/\/hobstop.ee\/lv\/#website\",\"url\":\"https:\/\/hobstop.ee\/lv\/\",\"name\":\"Skizze\",\"description\":\"M\u0101kslas, hobiju un skolas preces\",\"publisher\":{\"@id\":\"https:\/\/hobstop.ee\/lv\/#organization\"},\"potentialAction\":[{\"@type\":\"SearchAction\",\"target\":{\"@type\":\"EntryPoint\",\"urlTemplate\":\"https:\/\/hobstop.ee\/lv\/?s={search_term_string}\"},\"query-input\":{\"@type\":\"PropertyValueSpecification\",\"valueRequired\":true,\"valueName\":\"search_term_string\"}}],\"inLanguage\":\"lv-LV\"},{\"@type\":\"Organization\",\"@id\":\"https:\/\/hobstop.ee\/lv\/#organization\",\"name\":\"Vunder AS\",\"url\":\"https:\/\/hobstop.ee\/lv\/\",\"logo\":{\"@type\":\"ImageObject\",\"inLanguage\":\"lv-LV\",\"@id\":\"https:\/\/hobstop.ee\/lv\/#\/schema\/logo\/image\/\",\"url\":\"https:\/\/hobstop.ee\/media\/vunder-logo.png\",\"contentUrl\":\"https:\/\/hobstop.ee\/media\/vunder-logo.png\",\"width\":127,\"height\":55,\"caption\":\"Vunder AS\"},\"image\":{\"@id\":\"https:\/\/hobstop.ee\/lv\/#\/schema\/logo\/image\/\"},\"sameAs\":[\"http:\/\/www.facebook.com\/VunderSkizze\"]}]}<\/script>\n<!-- \/ Yoast SEO plugin. -->","yoast_head_json":{"title":"Paliktnis z\u012bm\u0113\u0161anai Mabef M\/A60 &#8211; Skizze","robots":{"index":"noindex","follow":"follow","max-snippet":"max-snippet:-1","max-image-preview":"max-image-preview:large","max-video-preview":"max-video-preview:-1"},"og_locale":"lv_LV","og_type":"article","og_title":"Paliktnis z\u012bm\u0113\u0161anai Mabef M\/A60 &#8211; Skizze","og_description":"Mabef paliktni z\u012bm\u0113\u0161anai var izmantot gan studij\u0101, gan ar\u012b br\u012bv\u0101 dab\u0101. Izgatavots no ECO \u0161\u0137iedru koka, kas nodro\u0161ina lielu iztur\u012bbu, taj\u0101 pa\u0161\u0101 laik\u0101 nelielu svaru. Ar pap\u012bra klip\u0161u un gumijas lentas pal\u012bdz\u012bbu z\u012bm\u0113\u0161anas, glezno\u0161anas un p\u0101rn\u0113s\u0101\u0161anas laik\u0101 darbs atrodas stingri sav\u0101 viet\u0101.","og_url":"https:\/\/hobstop.ee\/lv\/produkts\/paliktnis-zimesanai-mabef-ma60\/","og_site_name":"Skizze","article_publisher":"http:\/\/www.facebook.com\/VunderSkizze","og_image":[{"width":1024,"height":768,"url":"https:\/\/hobstop.ee\/media\/4290.jpg","type":"image\/jpeg"}],"twitter_card":"summary_large_image","schema":{"@context":"https:\/\/schema.org","@graph":[{"@type":"WebPage","@id":"https:\/\/hobstop.ee\/lv\/produkts\/paliktnis-zimesanai-mabef-ma60\/","url":"https:\/\/hobstop.ee\/lv\/produkts\/paliktnis-zimesanai-mabef-ma60\/","name":"Paliktnis z\u012bm\u0113\u0161anai Mabef M\/A60 &#8211; Skizze","isPartOf":{"@id":"https:\/\/hobstop.ee\/lv\/#website"},"primaryImageOfPage":{"@id":"https:\/\/hobstop.ee\/lv\/produkts\/paliktnis-zimesanai-mabef-ma60\/#primaryimage"},"image":{"@id":"https:\/\/hobstop.ee\/lv\/produkts\/paliktnis-zimesanai-mabef-ma60\/#primaryimage"},"thumbnailUrl":"https:\/\/hobstop.ee\/media\/4290.jpg","datePublished":"2016-08-04T07:56:52+00:00","dateModified":"2016-08-04T07:56:52+00:00","breadcrumb":{"@id":"https:\/\/hobstop.ee\/lv\/produkts\/paliktnis-zimesanai-mabef-ma60\/#breadcrumb"},"inLanguage":"lv-LV","potentialAction":[{"@type":"ReadAction","target":["https:\/\/hobstop.ee\/lv\/produkts\/paliktnis-zimesanai-mabef-ma60\/"]}]},{"@type":"ImageObject","inLanguage":"lv-LV","@id":"https:\/\/hobstop.ee\/lv\/produkts\/paliktnis-zimesanai-mabef-ma60\/#primaryimage","url":"https:\/\/hobstop.ee\/media\/4290.jpg","contentUrl":"https:\/\/hobstop.ee\/media\/4290.jpg","width":1024,"height":768},{"@type":"BreadcrumbList","@id":"https:\/\/hobstop.ee\/lv\/produkts\/paliktnis-zimesanai-mabef-ma60\/#breadcrumb","itemListElement":[{"@type":"ListItem","position":1,"name":"Avaleht","item":"https:\/\/hobstop.ee\/lv\/"},{"@type":"ListItem","position":2,"name":"Veikals","item":"https:\/\/hobstop.ee\/lv\/veikals\/"},{"@type":"ListItem","position":3,"name":"Paliktnis z\u012bm\u0113\u0161anai Mabef M\/A60"}]},{"@type":"WebSite","@id":"https:\/\/hobstop.ee\/lv\/#website","url":"https:\/\/hobstop.ee\/lv\/","name":"Skizze","description":"M\u0101kslas, hobiju un skolas preces","publisher":{"@id":"https:\/\/hobstop.ee\/lv\/#organization"},"potentialAction":[{"@type":"SearchAction","target":{"@type":"EntryPoint","urlTemplate":"https:\/\/hobstop.ee\/lv\/?s={search_term_string}"},"query-input":{"@type":"PropertyValueSpecification","valueRequired":true,"valueName":"search_term_string"}}],"inLanguage":"lv-LV"},{"@type":"Organization","@id":"https:\/\/hobstop.ee\/lv\/#organization","name":"Vunder AS","url":"https:\/\/hobstop.ee\/lv\/","logo":{"@type":"ImageObject","inLanguage":"lv-LV","@id":"https:\/\/hobstop.ee\/lv\/#\/schema\/logo\/image\/","url":"https:\/\/hobstop.ee\/media\/vunder-logo.png","contentUrl":"https:\/\/hobstop.ee\/media\/vunder-logo.png","width":127,"height":55,"caption":"Vunder AS"},"image":{"@id":"https:\/\/hobstop.ee\/lv\/#\/schema\/logo\/image\/"},"sameAs":["http:\/\/www.facebook.com\/VunderSkizze"]}]}},"_links":{"self":[{"href":"https:\/\/hobstop.ee\/lv\/wp-json\/wp\/v2\/product\/271761","targetHints":{"allow":["GET"]}}],"collection":[{"href":"https:\/\/hobstop.ee\/lv\/wp-json\/wp\/v2\/product"}],"about":[{"href":"https:\/\/hobstop.ee\/lv\/wp-json\/wp\/v2\/types\/product"}],"replies":[{"embeddable":true,"href":"https:\/\/hobstop.ee\/lv\/wp-json\/wp\/v2\/comments?post=271761"}],"wp:featuredmedia":[{"embeddable":true,"href":"https:\/\/hobstop.ee\/lv\/wp-json\/wp\/v2\/media\/271901"}],"wp:attachment":[{"href":"https:\/\/hobstop.ee\/lv\/wp-json\/wp\/v2\/media?parent=271761"}],"wp:term":[{"taxonomy":"product_cat","embeddable":true,"href":"https:\/\/hobstop.ee\/lv\/wp-json\/wp\/v2\/product_cat?post=271761"},{"taxonomy":"product_tag","embeddable":true,"href":"https:\/\/hobstop.ee\/lv\/wp-json\/wp\/v2\/product_tag?post=271761"}],"curies":[{"name":"wp","href":"https:\/\/api.w.org\/{rel}","templated":true}]}}