{"id":271765,"date":"2016-08-04T10:56:53","date_gmt":"2016-08-04T07:56:53","guid":{"rendered":"https:\/\/sharks.ee\/vunder_2019\/lv\/product\/markieris-tekstilam-tulip-brush-tip\/"},"modified":"2016-08-04T10:56:53","modified_gmt":"2016-08-04T07:56:53","slug":"markieris-tekstilam-tulip-brush-tip","status":"publish","type":"product","link":"https:\/\/hobstop.ee\/lv\/produkts\/markieris-tekstilam-tulip-brush-tip\/","title":{"rendered":"Mar\u0137ieris tekstilam Tulip Brush-Tip"},"content":{"rendered":"<p>Tulip auduma mar\u0137ieri ar sav\u0101m intens\u012bvaj\u0101m, spilgtaj\u0101m kr\u0101s\u0101m \u013caus va\u013cu tavai rado\u0161ajai m\u016bzai! Vai nu z\u012bm\u0113jot, d\u016bdlojot vai kr\u0101sojot, vari dro\u0161i pa\u013cauties uz \u0161iem viegli lietojamiem, netoksiskajiem auduma mar\u0137ieriem ilgnotur\u012bgam kr\u0101sojumam atbilsto\u0161os to\u0146os. Uzga\u013ci ir lieliski piem\u0113roti d\u016bdlo\u0161anai, \u0161abloniem un drosm\u012bgiem akcentiem uz auduma. No\u017e\u016bstot tinte k\u013c\u016bst notur\u012bga, nav nepiecie\u0161ams karstums, k\u0101 ar\u012b kr\u0101sas saglab\u0101jas spilgtas ar\u012b p\u0113c vair\u0101kk\u0101rt\u0113jas mazg\u0101\u0161anas.<\/p>\n","protected":false},"excerpt":{"rendered":"<p>Tulip auduma mar\u0137ieri ar sav\u0101m intens\u012bvaj\u0101m, spilgtaj\u0101m kr\u0101s\u0101m \u013caus va\u013cu tavai rado\u0161ajai m\u016bzai! Vai nu z\u012bm\u0113jot, d\u016bdlojot vai kr\u0101sojot, vari dro\u0161i pa\u013cauties uz \u0161iem viegli lietojamiem, netoksiskajiem auduma mar\u0137ieriem ilgnotur\u012bgam kr\u0101sojumam atbilsto\u0161os to\u0146os. Uzga\u013ci ir lieliski piem\u0113roti d\u016bdlo\u0161anai, \u0161abloniem un drosm\u012bgiem akcentiem uz auduma. No\u017e\u016bstot tinte k\u013c\u016bst notur\u012bga, nav nepiecie\u0161ams karstums, k\u0101 ar\u012b kr\u0101sas saglab\u0101jas spilgtas ar\u012b p\u0113c vair\u0101kk\u0101rt\u0113jas mazg\u0101\u0161anas.<\/p>\n","protected":false},"featured_media":271905,"comment_status":"closed","ping_status":"closed","template":"","meta":{"_acf_changed":false,"ep_exclude_from_search":false},"product_cat":[18215,17918,17956],"product_tag":[],"class_list":{"0":"post-271765","1":"product","2":"type-product","3":"status-publish","4":"has-post-thumbnail","6":"product_cat-auduma-markeri","7":"product_cat-preces-hobijiem","8":"product_cat-tekstilam","10":"first","11":"outofstock","12":"taxable","13":"shipping-taxable","14":"purchasable","15":"product-type-simple"},"acf":[],"yoast_head":"<!-- This site is optimized with the Yoast SEO plugin v24.1 - https:\/\/yoast.com\/wordpress\/plugins\/seo\/ -->\n<title>Mar\u0137ieris tekstilam Tulip Brush-Tip &#8211; Skizze<\/title>\n<meta name=\"robots\" content=\"noindex, follow, max-snippet:-1, max-image-preview:large, max-video-preview:-1\" \/>\n<meta property=\"og:locale\" content=\"lv_LV\" \/>\n<meta property=\"og:type\" content=\"article\" \/>\n<meta property=\"og:title\" content=\"Mar\u0137ieris tekstilam Tulip Brush-Tip &#8211; Skizze\" \/>\n<meta property=\"og:description\" content=\"Tulip auduma mar\u0137ieri ar sav\u0101m intens\u012bvaj\u0101m, spilgtaj\u0101m kr\u0101s\u0101m \u013caus va\u013cu tavai rado\u0161ajai m\u016bzai! Vai nu z\u012bm\u0113jot, d\u016bdlojot vai kr\u0101sojot, vari dro\u0161i pa\u013cauties uz \u0161iem viegli lietojamiem, netoksiskajiem auduma mar\u0137ieriem ilgnotur\u012bgam kr\u0101sojumam atbilsto\u0161os to\u0146os. Uzga\u013ci ir lieliski piem\u0113roti d\u016bdlo\u0161anai, \u0161abloniem un drosm\u012bgiem akcentiem uz auduma. No\u017e\u016bstot tinte k\u013c\u016bst notur\u012bga, nav nepiecie\u0161ams karstums, k\u0101 ar\u012b kr\u0101sas saglab\u0101jas spilgtas ar\u012b p\u0113c vair\u0101kk\u0101rt\u0113jas mazg\u0101\u0161anas.\" \/>\n<meta property=\"og:url\" content=\"https:\/\/hobstop.ee\/lv\/produkts\/markieris-tekstilam-tulip-brush-tip\/\" \/>\n<meta property=\"og:site_name\" content=\"Skizze\" \/>\n<meta property=\"article:publisher\" content=\"http:\/\/www.facebook.com\/VunderSkizze\" \/>\n<meta property=\"og:image\" content=\"https:\/\/hobstop.ee\/media\/4294.jpg\" \/>\n\t<meta property=\"og:image:width\" content=\"1024\" \/>\n\t<meta property=\"og:image:height\" content=\"768\" \/>\n\t<meta property=\"og:image:type\" content=\"image\/jpeg\" \/>\n<meta name=\"twitter:card\" content=\"summary_large_image\" \/>\n<script type=\"application\/ld+json\" class=\"yoast-schema-graph\">{\"@context\":\"https:\/\/schema.org\",\"@graph\":[{\"@type\":\"WebPage\",\"@id\":\"https:\/\/hobstop.ee\/lv\/produkts\/markieris-tekstilam-tulip-brush-tip\/\",\"url\":\"https:\/\/hobstop.ee\/lv\/produkts\/markieris-tekstilam-tulip-brush-tip\/\",\"name\":\"Mar\u0137ieris tekstilam Tulip Brush-Tip &#8211; Skizze\",\"isPartOf\":{\"@id\":\"https:\/\/hobstop.ee\/lv\/#website\"},\"primaryImageOfPage\":{\"@id\":\"https:\/\/hobstop.ee\/lv\/produkts\/markieris-tekstilam-tulip-brush-tip\/#primaryimage\"},\"image\":{\"@id\":\"https:\/\/hobstop.ee\/lv\/produkts\/markieris-tekstilam-tulip-brush-tip\/#primaryimage\"},\"thumbnailUrl\":\"https:\/\/hobstop.ee\/media\/4294.jpg\",\"datePublished\":\"2016-08-04T07:56:53+00:00\",\"dateModified\":\"2016-08-04T07:56:53+00:00\",\"breadcrumb\":{\"@id\":\"https:\/\/hobstop.ee\/lv\/produkts\/markieris-tekstilam-tulip-brush-tip\/#breadcrumb\"},\"inLanguage\":\"lv-LV\",\"potentialAction\":[{\"@type\":\"ReadAction\",\"target\":[\"https:\/\/hobstop.ee\/lv\/produkts\/markieris-tekstilam-tulip-brush-tip\/\"]}]},{\"@type\":\"ImageObject\",\"inLanguage\":\"lv-LV\",\"@id\":\"https:\/\/hobstop.ee\/lv\/produkts\/markieris-tekstilam-tulip-brush-tip\/#primaryimage\",\"url\":\"https:\/\/hobstop.ee\/media\/4294.jpg\",\"contentUrl\":\"https:\/\/hobstop.ee\/media\/4294.jpg\",\"width\":1024,\"height\":768},{\"@type\":\"BreadcrumbList\",\"@id\":\"https:\/\/hobstop.ee\/lv\/produkts\/markieris-tekstilam-tulip-brush-tip\/#breadcrumb\",\"itemListElement\":[{\"@type\":\"ListItem\",\"position\":1,\"name\":\"Avaleht\",\"item\":\"https:\/\/hobstop.ee\/lv\/\"},{\"@type\":\"ListItem\",\"position\":2,\"name\":\"Veikals\",\"item\":\"https:\/\/hobstop.ee\/lv\/veikals\/\"},{\"@type\":\"ListItem\",\"position\":3,\"name\":\"Mar\u0137ieris tekstilam Tulip Brush-Tip\"}]},{\"@type\":\"WebSite\",\"@id\":\"https:\/\/hobstop.ee\/lv\/#website\",\"url\":\"https:\/\/hobstop.ee\/lv\/\",\"name\":\"Skizze\",\"description\":\"M\u0101kslas, hobiju un skolas preces\",\"publisher\":{\"@id\":\"https:\/\/hobstop.ee\/lv\/#organization\"},\"potentialAction\":[{\"@type\":\"SearchAction\",\"target\":{\"@type\":\"EntryPoint\",\"urlTemplate\":\"https:\/\/hobstop.ee\/lv\/?s={search_term_string}\"},\"query-input\":{\"@type\":\"PropertyValueSpecification\",\"valueRequired\":true,\"valueName\":\"search_term_string\"}}],\"inLanguage\":\"lv-LV\"},{\"@type\":\"Organization\",\"@id\":\"https:\/\/hobstop.ee\/lv\/#organization\",\"name\":\"Vunder AS\",\"url\":\"https:\/\/hobstop.ee\/lv\/\",\"logo\":{\"@type\":\"ImageObject\",\"inLanguage\":\"lv-LV\",\"@id\":\"https:\/\/hobstop.ee\/lv\/#\/schema\/logo\/image\/\",\"url\":\"https:\/\/hobstop.ee\/media\/vunder-logo.png\",\"contentUrl\":\"https:\/\/hobstop.ee\/media\/vunder-logo.png\",\"width\":127,\"height\":55,\"caption\":\"Vunder AS\"},\"image\":{\"@id\":\"https:\/\/hobstop.ee\/lv\/#\/schema\/logo\/image\/\"},\"sameAs\":[\"http:\/\/www.facebook.com\/VunderSkizze\"]}]}<\/script>\n<!-- \/ Yoast SEO plugin. -->","yoast_head_json":{"title":"Mar\u0137ieris tekstilam Tulip Brush-Tip &#8211; Skizze","robots":{"index":"noindex","follow":"follow","max-snippet":"max-snippet:-1","max-image-preview":"max-image-preview:large","max-video-preview":"max-video-preview:-1"},"og_locale":"lv_LV","og_type":"article","og_title":"Mar\u0137ieris tekstilam Tulip Brush-Tip &#8211; Skizze","og_description":"Tulip auduma mar\u0137ieri ar sav\u0101m intens\u012bvaj\u0101m, spilgtaj\u0101m kr\u0101s\u0101m \u013caus va\u013cu tavai rado\u0161ajai m\u016bzai! Vai nu z\u012bm\u0113jot, d\u016bdlojot vai kr\u0101sojot, vari dro\u0161i pa\u013cauties uz \u0161iem viegli lietojamiem, netoksiskajiem auduma mar\u0137ieriem ilgnotur\u012bgam kr\u0101sojumam atbilsto\u0161os to\u0146os. Uzga\u013ci ir lieliski piem\u0113roti d\u016bdlo\u0161anai, \u0161abloniem un drosm\u012bgiem akcentiem uz auduma. No\u017e\u016bstot tinte k\u013c\u016bst notur\u012bga, nav nepiecie\u0161ams karstums, k\u0101 ar\u012b kr\u0101sas saglab\u0101jas spilgtas ar\u012b p\u0113c vair\u0101kk\u0101rt\u0113jas mazg\u0101\u0161anas.","og_url":"https:\/\/hobstop.ee\/lv\/produkts\/markieris-tekstilam-tulip-brush-tip\/","og_site_name":"Skizze","article_publisher":"http:\/\/www.facebook.com\/VunderSkizze","og_image":[{"width":1024,"height":768,"url":"https:\/\/hobstop.ee\/media\/4294.jpg","type":"image\/jpeg"}],"twitter_card":"summary_large_image","schema":{"@context":"https:\/\/schema.org","@graph":[{"@type":"WebPage","@id":"https:\/\/hobstop.ee\/lv\/produkts\/markieris-tekstilam-tulip-brush-tip\/","url":"https:\/\/hobstop.ee\/lv\/produkts\/markieris-tekstilam-tulip-brush-tip\/","name":"Mar\u0137ieris tekstilam Tulip Brush-Tip &#8211; Skizze","isPartOf":{"@id":"https:\/\/hobstop.ee\/lv\/#website"},"primaryImageOfPage":{"@id":"https:\/\/hobstop.ee\/lv\/produkts\/markieris-tekstilam-tulip-brush-tip\/#primaryimage"},"image":{"@id":"https:\/\/hobstop.ee\/lv\/produkts\/markieris-tekstilam-tulip-brush-tip\/#primaryimage"},"thumbnailUrl":"https:\/\/hobstop.ee\/media\/4294.jpg","datePublished":"2016-08-04T07:56:53+00:00","dateModified":"2016-08-04T07:56:53+00:00","breadcrumb":{"@id":"https:\/\/hobstop.ee\/lv\/produkts\/markieris-tekstilam-tulip-brush-tip\/#breadcrumb"},"inLanguage":"lv-LV","potentialAction":[{"@type":"ReadAction","target":["https:\/\/hobstop.ee\/lv\/produkts\/markieris-tekstilam-tulip-brush-tip\/"]}]},{"@type":"ImageObject","inLanguage":"lv-LV","@id":"https:\/\/hobstop.ee\/lv\/produkts\/markieris-tekstilam-tulip-brush-tip\/#primaryimage","url":"https:\/\/hobstop.ee\/media\/4294.jpg","contentUrl":"https:\/\/hobstop.ee\/media\/4294.jpg","width":1024,"height":768},{"@type":"BreadcrumbList","@id":"https:\/\/hobstop.ee\/lv\/produkts\/markieris-tekstilam-tulip-brush-tip\/#breadcrumb","itemListElement":[{"@type":"ListItem","position":1,"name":"Avaleht","item":"https:\/\/hobstop.ee\/lv\/"},{"@type":"ListItem","position":2,"name":"Veikals","item":"https:\/\/hobstop.ee\/lv\/veikals\/"},{"@type":"ListItem","position":3,"name":"Mar\u0137ieris tekstilam Tulip Brush-Tip"}]},{"@type":"WebSite","@id":"https:\/\/hobstop.ee\/lv\/#website","url":"https:\/\/hobstop.ee\/lv\/","name":"Skizze","description":"M\u0101kslas, hobiju un skolas preces","publisher":{"@id":"https:\/\/hobstop.ee\/lv\/#organization"},"potentialAction":[{"@type":"SearchAction","target":{"@type":"EntryPoint","urlTemplate":"https:\/\/hobstop.ee\/lv\/?s={search_term_string}"},"query-input":{"@type":"PropertyValueSpecification","valueRequired":true,"valueName":"search_term_string"}}],"inLanguage":"lv-LV"},{"@type":"Organization","@id":"https:\/\/hobstop.ee\/lv\/#organization","name":"Vunder AS","url":"https:\/\/hobstop.ee\/lv\/","logo":{"@type":"ImageObject","inLanguage":"lv-LV","@id":"https:\/\/hobstop.ee\/lv\/#\/schema\/logo\/image\/","url":"https:\/\/hobstop.ee\/media\/vunder-logo.png","contentUrl":"https:\/\/hobstop.ee\/media\/vunder-logo.png","width":127,"height":55,"caption":"Vunder AS"},"image":{"@id":"https:\/\/hobstop.ee\/lv\/#\/schema\/logo\/image\/"},"sameAs":["http:\/\/www.facebook.com\/VunderSkizze"]}]}},"_links":{"self":[{"href":"https:\/\/hobstop.ee\/lv\/wp-json\/wp\/v2\/product\/271765","targetHints":{"allow":["GET"]}}],"collection":[{"href":"https:\/\/hobstop.ee\/lv\/wp-json\/wp\/v2\/product"}],"about":[{"href":"https:\/\/hobstop.ee\/lv\/wp-json\/wp\/v2\/types\/product"}],"replies":[{"embeddable":true,"href":"https:\/\/hobstop.ee\/lv\/wp-json\/wp\/v2\/comments?post=271765"}],"wp:featuredmedia":[{"embeddable":true,"href":"https:\/\/hobstop.ee\/lv\/wp-json\/wp\/v2\/media\/271905"}],"wp:attachment":[{"href":"https:\/\/hobstop.ee\/lv\/wp-json\/wp\/v2\/media?parent=271765"}],"wp:term":[{"taxonomy":"product_cat","embeddable":true,"href":"https:\/\/hobstop.ee\/lv\/wp-json\/wp\/v2\/product_cat?post=271765"},{"taxonomy":"product_tag","embeddable":true,"href":"https:\/\/hobstop.ee\/lv\/wp-json\/wp\/v2\/product_tag?post=271765"}],"curies":[{"name":"wp","href":"https:\/\/api.w.org\/{rel}","templated":true}]}}