{"id":271769,"date":"2016-08-04T10:56:54","date_gmt":"2016-08-04T07:56:54","guid":{"rendered":"https:\/\/sharks.ee\/vunder_2019\/lv\/product\/akvarelkrasu-kubinu-komplekts-campus-travel-box\/"},"modified":"2016-08-04T10:56:54","modified_gmt":"2016-08-04T07:56:54","slug":"akvarelkrasu-kubinu-12-komplekts-campus-travel-box","status":"publish","type":"product","link":"https:\/\/hobstop.ee\/lv\/produkts\/akvarelkrasu-kubinu-12-komplekts-campus-travel-box\/","title":{"rendered":"Akvare\u013ckr\u0101su kubi\u0146u 1\/2 komplekts Campus Travel Box"},"content":{"rendered":"<p>Raphael Campus Travel Box akvare\u013ckr\u0101su kubi\u0146u komplekts ir lieliska, neliela, kompakta k\u0101rba, kas sast\u0101v no 10 studentiem piem\u0113rotas kvalit\u0101tes akvare\u013ckr\u0101su kubi\u0146iem un stingru aizdari. Ar paleti no 12 nodal\u012bjumiem kr\u0101su jauk\u0161anai un kabatas izm\u0113ra oti\u0146u j\u016bs variet s\u0101kt gleznot nekav\u0113joties! Turiet to \u0113rti rok\u0101s glezno\u0161anas laik\u0101 un ielieciet to som\u0101 vai jakas kabat\u0101 &#8211; \u0113rti p\u0101rn\u0113s\u0101t!<\/p>\n","protected":false},"excerpt":{"rendered":"<p>Raphael Campus Travel Box akvare\u013ckr\u0101su kubi\u0146u komplekts ir lieliska, neliela, kompakta k\u0101rba, kas sast\u0101v no 10 studentiem piem\u0113rotas kvalit\u0101tes akvare\u013ckr\u0101su kubi\u0146iem un stingru aizdari. Ar paleti no 12 nodal\u012bjumiem kr\u0101su jauk\u0161anai un kabatas izm\u0113ra oti\u0146u j\u016bs variet s\u0101kt gleznot nekav\u0113joties! Turiet to \u0113rti rok\u0101s glezno\u0161anas laik\u0101 un ielieciet to som\u0101 vai jakas kabat\u0101 &#8211; \u0113rti p\u0101rn\u0113s\u0101t!<\/p>\n","protected":false},"featured_media":271909,"comment_status":"closed","ping_status":"closed","template":"","meta":{"_acf_changed":false,"ep_exclude_from_search":false},"product_cat":[19000,17980,16123],"product_tag":[],"class_list":{"0":"post-271769","1":"product","2":"type-product","3":"status-publish","4":"has-post-thumbnail","6":"product_cat-akvarelkrasas-2","7":"product_cat-krasas-un-gleznosanas-paligmateriali","8":"product_cat-makslas-piederumi-2","10":"first","11":"instock","12":"taxable","13":"shipping-taxable","14":"purchasable","15":"product-type-simple"},"acf":[],"yoast_head":"<!-- This site is optimized with the Yoast SEO plugin v24.1 - https:\/\/yoast.com\/wordpress\/plugins\/seo\/ -->\n<title>Akvare\u013ckr\u0101su kubi\u0146u 1\/2 komplekts Campus Travel Box &#8211; Skizze<\/title>\n<meta name=\"robots\" content=\"noindex, follow, max-snippet:-1, max-image-preview:large, max-video-preview:-1\" \/>\n<meta property=\"og:locale\" content=\"lv_LV\" \/>\n<meta property=\"og:type\" content=\"article\" \/>\n<meta property=\"og:title\" content=\"Akvare\u013ckr\u0101su kubi\u0146u 1\/2 komplekts Campus Travel Box &#8211; Skizze\" \/>\n<meta property=\"og:description\" content=\"Raphael Campus Travel Box akvare\u013ckr\u0101su kubi\u0146u komplekts ir lieliska, neliela, kompakta k\u0101rba, kas sast\u0101v no 10 studentiem piem\u0113rotas kvalit\u0101tes akvare\u013ckr\u0101su kubi\u0146iem un stingru aizdari. Ar paleti no 12 nodal\u012bjumiem kr\u0101su jauk\u0161anai un kabatas izm\u0113ra oti\u0146u j\u016bs variet s\u0101kt gleznot nekav\u0113joties! Turiet to \u0113rti rok\u0101s glezno\u0161anas laik\u0101 un ielieciet to som\u0101 vai jakas kabat\u0101 &#8211; \u0113rti p\u0101rn\u0113s\u0101t!\" \/>\n<meta property=\"og:url\" content=\"https:\/\/hobstop.ee\/lv\/produkts\/akvarelkrasu-kubinu-12-komplekts-campus-travel-box\/\" \/>\n<meta property=\"og:site_name\" content=\"Skizze\" \/>\n<meta property=\"article:publisher\" content=\"http:\/\/www.facebook.com\/VunderSkizze\" \/>\n<meta property=\"og:image\" content=\"https:\/\/hobstop.ee\/media\/4326.jpg\" \/>\n\t<meta property=\"og:image:width\" content=\"1024\" \/>\n\t<meta property=\"og:image:height\" content=\"768\" \/>\n\t<meta property=\"og:image:type\" content=\"image\/jpeg\" \/>\n<meta name=\"twitter:card\" content=\"summary_large_image\" \/>\n<script type=\"application\/ld+json\" class=\"yoast-schema-graph\">{\"@context\":\"https:\/\/schema.org\",\"@graph\":[{\"@type\":\"WebPage\",\"@id\":\"https:\/\/hobstop.ee\/lv\/produkts\/akvarelkrasu-kubinu-12-komplekts-campus-travel-box\/\",\"url\":\"https:\/\/hobstop.ee\/lv\/produkts\/akvarelkrasu-kubinu-12-komplekts-campus-travel-box\/\",\"name\":\"Akvare\u013ckr\u0101su kubi\u0146u 1\/2 komplekts Campus Travel Box &#8211; Skizze\",\"isPartOf\":{\"@id\":\"https:\/\/hobstop.ee\/lv\/#website\"},\"primaryImageOfPage\":{\"@id\":\"https:\/\/hobstop.ee\/lv\/produkts\/akvarelkrasu-kubinu-12-komplekts-campus-travel-box\/#primaryimage\"},\"image\":{\"@id\":\"https:\/\/hobstop.ee\/lv\/produkts\/akvarelkrasu-kubinu-12-komplekts-campus-travel-box\/#primaryimage\"},\"thumbnailUrl\":\"https:\/\/hobstop.ee\/media\/4326.jpg\",\"datePublished\":\"2016-08-04T07:56:54+00:00\",\"dateModified\":\"2016-08-04T07:56:54+00:00\",\"breadcrumb\":{\"@id\":\"https:\/\/hobstop.ee\/lv\/produkts\/akvarelkrasu-kubinu-12-komplekts-campus-travel-box\/#breadcrumb\"},\"inLanguage\":\"lv-LV\",\"potentialAction\":[{\"@type\":\"ReadAction\",\"target\":[\"https:\/\/hobstop.ee\/lv\/produkts\/akvarelkrasu-kubinu-12-komplekts-campus-travel-box\/\"]}]},{\"@type\":\"ImageObject\",\"inLanguage\":\"lv-LV\",\"@id\":\"https:\/\/hobstop.ee\/lv\/produkts\/akvarelkrasu-kubinu-12-komplekts-campus-travel-box\/#primaryimage\",\"url\":\"https:\/\/hobstop.ee\/media\/4326.jpg\",\"contentUrl\":\"https:\/\/hobstop.ee\/media\/4326.jpg\",\"width\":1024,\"height\":768},{\"@type\":\"BreadcrumbList\",\"@id\":\"https:\/\/hobstop.ee\/lv\/produkts\/akvarelkrasu-kubinu-12-komplekts-campus-travel-box\/#breadcrumb\",\"itemListElement\":[{\"@type\":\"ListItem\",\"position\":1,\"name\":\"Avaleht\",\"item\":\"https:\/\/hobstop.ee\/lv\/\"},{\"@type\":\"ListItem\",\"position\":2,\"name\":\"Veikals\",\"item\":\"https:\/\/hobstop.ee\/lv\/veikals\/\"},{\"@type\":\"ListItem\",\"position\":3,\"name\":\"Akvare\u013ckr\u0101su kubi\u0146u 1\/2 komplekts Campus Travel Box\"}]},{\"@type\":\"WebSite\",\"@id\":\"https:\/\/hobstop.ee\/lv\/#website\",\"url\":\"https:\/\/hobstop.ee\/lv\/\",\"name\":\"Skizze\",\"description\":\"M\u0101kslas, hobiju un skolas preces\",\"publisher\":{\"@id\":\"https:\/\/hobstop.ee\/lv\/#organization\"},\"potentialAction\":[{\"@type\":\"SearchAction\",\"target\":{\"@type\":\"EntryPoint\",\"urlTemplate\":\"https:\/\/hobstop.ee\/lv\/?s={search_term_string}\"},\"query-input\":{\"@type\":\"PropertyValueSpecification\",\"valueRequired\":true,\"valueName\":\"search_term_string\"}}],\"inLanguage\":\"lv-LV\"},{\"@type\":\"Organization\",\"@id\":\"https:\/\/hobstop.ee\/lv\/#organization\",\"name\":\"Vunder AS\",\"url\":\"https:\/\/hobstop.ee\/lv\/\",\"logo\":{\"@type\":\"ImageObject\",\"inLanguage\":\"lv-LV\",\"@id\":\"https:\/\/hobstop.ee\/lv\/#\/schema\/logo\/image\/\",\"url\":\"https:\/\/hobstop.ee\/media\/vunder-logo.png\",\"contentUrl\":\"https:\/\/hobstop.ee\/media\/vunder-logo.png\",\"width\":127,\"height\":55,\"caption\":\"Vunder AS\"},\"image\":{\"@id\":\"https:\/\/hobstop.ee\/lv\/#\/schema\/logo\/image\/\"},\"sameAs\":[\"http:\/\/www.facebook.com\/VunderSkizze\"]}]}<\/script>\n<!-- \/ Yoast SEO plugin. -->","yoast_head_json":{"title":"Akvare\u013ckr\u0101su kubi\u0146u 1\/2 komplekts Campus Travel Box &#8211; Skizze","robots":{"index":"noindex","follow":"follow","max-snippet":"max-snippet:-1","max-image-preview":"max-image-preview:large","max-video-preview":"max-video-preview:-1"},"og_locale":"lv_LV","og_type":"article","og_title":"Akvare\u013ckr\u0101su kubi\u0146u 1\/2 komplekts Campus Travel Box &#8211; Skizze","og_description":"Raphael Campus Travel Box akvare\u013ckr\u0101su kubi\u0146u komplekts ir lieliska, neliela, kompakta k\u0101rba, kas sast\u0101v no 10 studentiem piem\u0113rotas kvalit\u0101tes akvare\u013ckr\u0101su kubi\u0146iem un stingru aizdari. Ar paleti no 12 nodal\u012bjumiem kr\u0101su jauk\u0161anai un kabatas izm\u0113ra oti\u0146u j\u016bs variet s\u0101kt gleznot nekav\u0113joties! Turiet to \u0113rti rok\u0101s glezno\u0161anas laik\u0101 un ielieciet to som\u0101 vai jakas kabat\u0101 &#8211; \u0113rti p\u0101rn\u0113s\u0101t!","og_url":"https:\/\/hobstop.ee\/lv\/produkts\/akvarelkrasu-kubinu-12-komplekts-campus-travel-box\/","og_site_name":"Skizze","article_publisher":"http:\/\/www.facebook.com\/VunderSkizze","og_image":[{"width":1024,"height":768,"url":"https:\/\/hobstop.ee\/media\/4326.jpg","type":"image\/jpeg"}],"twitter_card":"summary_large_image","schema":{"@context":"https:\/\/schema.org","@graph":[{"@type":"WebPage","@id":"https:\/\/hobstop.ee\/lv\/produkts\/akvarelkrasu-kubinu-12-komplekts-campus-travel-box\/","url":"https:\/\/hobstop.ee\/lv\/produkts\/akvarelkrasu-kubinu-12-komplekts-campus-travel-box\/","name":"Akvare\u013ckr\u0101su kubi\u0146u 1\/2 komplekts Campus Travel Box &#8211; Skizze","isPartOf":{"@id":"https:\/\/hobstop.ee\/lv\/#website"},"primaryImageOfPage":{"@id":"https:\/\/hobstop.ee\/lv\/produkts\/akvarelkrasu-kubinu-12-komplekts-campus-travel-box\/#primaryimage"},"image":{"@id":"https:\/\/hobstop.ee\/lv\/produkts\/akvarelkrasu-kubinu-12-komplekts-campus-travel-box\/#primaryimage"},"thumbnailUrl":"https:\/\/hobstop.ee\/media\/4326.jpg","datePublished":"2016-08-04T07:56:54+00:00","dateModified":"2016-08-04T07:56:54+00:00","breadcrumb":{"@id":"https:\/\/hobstop.ee\/lv\/produkts\/akvarelkrasu-kubinu-12-komplekts-campus-travel-box\/#breadcrumb"},"inLanguage":"lv-LV","potentialAction":[{"@type":"ReadAction","target":["https:\/\/hobstop.ee\/lv\/produkts\/akvarelkrasu-kubinu-12-komplekts-campus-travel-box\/"]}]},{"@type":"ImageObject","inLanguage":"lv-LV","@id":"https:\/\/hobstop.ee\/lv\/produkts\/akvarelkrasu-kubinu-12-komplekts-campus-travel-box\/#primaryimage","url":"https:\/\/hobstop.ee\/media\/4326.jpg","contentUrl":"https:\/\/hobstop.ee\/media\/4326.jpg","width":1024,"height":768},{"@type":"BreadcrumbList","@id":"https:\/\/hobstop.ee\/lv\/produkts\/akvarelkrasu-kubinu-12-komplekts-campus-travel-box\/#breadcrumb","itemListElement":[{"@type":"ListItem","position":1,"name":"Avaleht","item":"https:\/\/hobstop.ee\/lv\/"},{"@type":"ListItem","position":2,"name":"Veikals","item":"https:\/\/hobstop.ee\/lv\/veikals\/"},{"@type":"ListItem","position":3,"name":"Akvare\u013ckr\u0101su kubi\u0146u 1\/2 komplekts Campus Travel Box"}]},{"@type":"WebSite","@id":"https:\/\/hobstop.ee\/lv\/#website","url":"https:\/\/hobstop.ee\/lv\/","name":"Skizze","description":"M\u0101kslas, hobiju un skolas preces","publisher":{"@id":"https:\/\/hobstop.ee\/lv\/#organization"},"potentialAction":[{"@type":"SearchAction","target":{"@type":"EntryPoint","urlTemplate":"https:\/\/hobstop.ee\/lv\/?s={search_term_string}"},"query-input":{"@type":"PropertyValueSpecification","valueRequired":true,"valueName":"search_term_string"}}],"inLanguage":"lv-LV"},{"@type":"Organization","@id":"https:\/\/hobstop.ee\/lv\/#organization","name":"Vunder AS","url":"https:\/\/hobstop.ee\/lv\/","logo":{"@type":"ImageObject","inLanguage":"lv-LV","@id":"https:\/\/hobstop.ee\/lv\/#\/schema\/logo\/image\/","url":"https:\/\/hobstop.ee\/media\/vunder-logo.png","contentUrl":"https:\/\/hobstop.ee\/media\/vunder-logo.png","width":127,"height":55,"caption":"Vunder AS"},"image":{"@id":"https:\/\/hobstop.ee\/lv\/#\/schema\/logo\/image\/"},"sameAs":["http:\/\/www.facebook.com\/VunderSkizze"]}]}},"_links":{"self":[{"href":"https:\/\/hobstop.ee\/lv\/wp-json\/wp\/v2\/product\/271769","targetHints":{"allow":["GET"]}}],"collection":[{"href":"https:\/\/hobstop.ee\/lv\/wp-json\/wp\/v2\/product"}],"about":[{"href":"https:\/\/hobstop.ee\/lv\/wp-json\/wp\/v2\/types\/product"}],"replies":[{"embeddable":true,"href":"https:\/\/hobstop.ee\/lv\/wp-json\/wp\/v2\/comments?post=271769"}],"wp:featuredmedia":[{"embeddable":true,"href":"https:\/\/hobstop.ee\/lv\/wp-json\/wp\/v2\/media\/271909"}],"wp:attachment":[{"href":"https:\/\/hobstop.ee\/lv\/wp-json\/wp\/v2\/media?parent=271769"}],"wp:term":[{"taxonomy":"product_cat","embeddable":true,"href":"https:\/\/hobstop.ee\/lv\/wp-json\/wp\/v2\/product_cat?post=271769"},{"taxonomy":"product_tag","embeddable":true,"href":"https:\/\/hobstop.ee\/lv\/wp-json\/wp\/v2\/product_tag?post=271769"}],"curies":[{"name":"wp","href":"https:\/\/api.w.org\/{rel}","templated":true}]}}