{"id":271777,"date":"2016-08-04T10:56:56","date_gmt":"2016-08-04T07:56:56","guid":{"rendered":"https:\/\/sharks.ee\/vunder_2019\/lv\/product\/kinas-kaligrafijas-komplekts-manuscript\/"},"modified":"2016-08-04T10:56:56","modified_gmt":"2016-08-04T07:56:56","slug":"kinas-kaligrafijas-komplekts-manuscript","status":"publish","type":"product","link":"https:\/\/hobstop.ee\/lv\/produkts\/kinas-kaligrafijas-komplekts-manuscript\/","title":{"rendered":"\u0136\u012bnas kaligr\u0101fijas komplekts Manuscript"},"content":{"rendered":"<p>\u0160aj\u0101 k\u0101rb\u0101 sen\u0101 kaligr\u0101fijas m\u0101ksla tiekas ar m\u016bsdien\u012bgo.<\/p>\n<p>Komplekt\u0101 ietilpst:<br \/>\nDivas otas (lieto un mazo)<br \/>\nTu\u0161u (18 ml, melna)<br \/>\nMazo spiedogu komplektu: melns rokturis un spiedoga vasks (zelta)<br \/>\nBukletu ar instrukciju par oti\u0146u izmanto\u0161anu.<\/p>\n","protected":false},"excerpt":{"rendered":"<p>\u0160aj\u0101 k\u0101rb\u0101 sen\u0101 kaligr\u0101fijas m\u0101ksla tiekas ar m\u016bsdien\u012bgo. Komplekt\u0101 ietilpst: Divas otas (lieto un mazo) Tu\u0161u (18 ml, melna) Mazo spiedogu komplektu: melns rokturis un spiedoga vasks (zelta) Bukletu ar instrukciju par oti\u0146u izmanto\u0161anu.<\/p>\n","protected":false},"featured_media":0,"comment_status":"closed","ping_status":"closed","template":"","meta":{"_acf_changed":false,"ep_exclude_from_search":false},"product_cat":[18330,17975,16123],"product_tag":[],"class_list":{"0":"post-271777","1":"product","2":"type-product","3":"status-publish","5":"product_cat-davanu-komplekti","6":"product_cat-kaligrafijas-piederumi","7":"product_cat-makslas-piederumi-2","9":"first","10":"outofstock","11":"taxable","12":"shipping-taxable","13":"purchasable","14":"product-type-simple"},"acf":[],"yoast_head":"<!-- This site is optimized with the Yoast SEO plugin v24.1 - https:\/\/yoast.com\/wordpress\/plugins\/seo\/ -->\n<title>\u0136\u012bnas kaligr\u0101fijas komplekts Manuscript &#8211; Skizze<\/title>\n<meta name=\"robots\" content=\"noindex, follow, max-snippet:-1, max-image-preview:large, max-video-preview:-1\" \/>\n<meta property=\"og:locale\" content=\"lv_LV\" \/>\n<meta property=\"og:type\" content=\"article\" \/>\n<meta property=\"og:title\" content=\"\u0136\u012bnas kaligr\u0101fijas komplekts Manuscript &#8211; Skizze\" \/>\n<meta property=\"og:description\" content=\"\u0160aj\u0101 k\u0101rb\u0101 sen\u0101 kaligr\u0101fijas m\u0101ksla tiekas ar m\u016bsdien\u012bgo. Komplekt\u0101 ietilpst: Divas otas (lieto un mazo) Tu\u0161u (18 ml, melna) Mazo spiedogu komplektu: melns rokturis un spiedoga vasks (zelta) Bukletu ar instrukciju par oti\u0146u izmanto\u0161anu.\" \/>\n<meta property=\"og:url\" content=\"https:\/\/hobstop.ee\/lv\/produkts\/kinas-kaligrafijas-komplekts-manuscript\/\" \/>\n<meta property=\"og:site_name\" content=\"Skizze\" \/>\n<meta property=\"article:publisher\" content=\"http:\/\/www.facebook.com\/VunderSkizze\" \/>\n<meta name=\"twitter:card\" content=\"summary_large_image\" \/>\n<script type=\"application\/ld+json\" class=\"yoast-schema-graph\">{\"@context\":\"https:\/\/schema.org\",\"@graph\":[{\"@type\":\"WebPage\",\"@id\":\"https:\/\/hobstop.ee\/lv\/produkts\/kinas-kaligrafijas-komplekts-manuscript\/\",\"url\":\"https:\/\/hobstop.ee\/lv\/produkts\/kinas-kaligrafijas-komplekts-manuscript\/\",\"name\":\"\u0136\u012bnas kaligr\u0101fijas komplekts Manuscript &#8211; Skizze\",\"isPartOf\":{\"@id\":\"https:\/\/hobstop.ee\/lv\/#website\"},\"datePublished\":\"2016-08-04T07:56:56+00:00\",\"dateModified\":\"2016-08-04T07:56:56+00:00\",\"breadcrumb\":{\"@id\":\"https:\/\/hobstop.ee\/lv\/produkts\/kinas-kaligrafijas-komplekts-manuscript\/#breadcrumb\"},\"inLanguage\":\"lv-LV\",\"potentialAction\":[{\"@type\":\"ReadAction\",\"target\":[\"https:\/\/hobstop.ee\/lv\/produkts\/kinas-kaligrafijas-komplekts-manuscript\/\"]}]},{\"@type\":\"BreadcrumbList\",\"@id\":\"https:\/\/hobstop.ee\/lv\/produkts\/kinas-kaligrafijas-komplekts-manuscript\/#breadcrumb\",\"itemListElement\":[{\"@type\":\"ListItem\",\"position\":1,\"name\":\"Avaleht\",\"item\":\"https:\/\/hobstop.ee\/lv\/\"},{\"@type\":\"ListItem\",\"position\":2,\"name\":\"Veikals\",\"item\":\"https:\/\/hobstop.ee\/lv\/veikals\/\"},{\"@type\":\"ListItem\",\"position\":3,\"name\":\"\u0136\u012bnas kaligr\u0101fijas komplekts Manuscript\"}]},{\"@type\":\"WebSite\",\"@id\":\"https:\/\/hobstop.ee\/lv\/#website\",\"url\":\"https:\/\/hobstop.ee\/lv\/\",\"name\":\"Skizze\",\"description\":\"M\u0101kslas, hobiju un skolas preces\",\"publisher\":{\"@id\":\"https:\/\/hobstop.ee\/lv\/#organization\"},\"potentialAction\":[{\"@type\":\"SearchAction\",\"target\":{\"@type\":\"EntryPoint\",\"urlTemplate\":\"https:\/\/hobstop.ee\/lv\/?s={search_term_string}\"},\"query-input\":{\"@type\":\"PropertyValueSpecification\",\"valueRequired\":true,\"valueName\":\"search_term_string\"}}],\"inLanguage\":\"lv-LV\"},{\"@type\":\"Organization\",\"@id\":\"https:\/\/hobstop.ee\/lv\/#organization\",\"name\":\"Vunder AS\",\"url\":\"https:\/\/hobstop.ee\/lv\/\",\"logo\":{\"@type\":\"ImageObject\",\"inLanguage\":\"lv-LV\",\"@id\":\"https:\/\/hobstop.ee\/lv\/#\/schema\/logo\/image\/\",\"url\":\"https:\/\/hobstop.ee\/media\/vunder-logo.png\",\"contentUrl\":\"https:\/\/hobstop.ee\/media\/vunder-logo.png\",\"width\":127,\"height\":55,\"caption\":\"Vunder AS\"},\"image\":{\"@id\":\"https:\/\/hobstop.ee\/lv\/#\/schema\/logo\/image\/\"},\"sameAs\":[\"http:\/\/www.facebook.com\/VunderSkizze\"]}]}<\/script>\n<!-- \/ Yoast SEO plugin. -->","yoast_head_json":{"title":"\u0136\u012bnas kaligr\u0101fijas komplekts Manuscript &#8211; Skizze","robots":{"index":"noindex","follow":"follow","max-snippet":"max-snippet:-1","max-image-preview":"max-image-preview:large","max-video-preview":"max-video-preview:-1"},"og_locale":"lv_LV","og_type":"article","og_title":"\u0136\u012bnas kaligr\u0101fijas komplekts Manuscript &#8211; Skizze","og_description":"\u0160aj\u0101 k\u0101rb\u0101 sen\u0101 kaligr\u0101fijas m\u0101ksla tiekas ar m\u016bsdien\u012bgo. Komplekt\u0101 ietilpst: Divas otas (lieto un mazo) Tu\u0161u (18 ml, melna) Mazo spiedogu komplektu: melns rokturis un spiedoga vasks (zelta) Bukletu ar instrukciju par oti\u0146u izmanto\u0161anu.","og_url":"https:\/\/hobstop.ee\/lv\/produkts\/kinas-kaligrafijas-komplekts-manuscript\/","og_site_name":"Skizze","article_publisher":"http:\/\/www.facebook.com\/VunderSkizze","twitter_card":"summary_large_image","schema":{"@context":"https:\/\/schema.org","@graph":[{"@type":"WebPage","@id":"https:\/\/hobstop.ee\/lv\/produkts\/kinas-kaligrafijas-komplekts-manuscript\/","url":"https:\/\/hobstop.ee\/lv\/produkts\/kinas-kaligrafijas-komplekts-manuscript\/","name":"\u0136\u012bnas kaligr\u0101fijas komplekts Manuscript &#8211; Skizze","isPartOf":{"@id":"https:\/\/hobstop.ee\/lv\/#website"},"datePublished":"2016-08-04T07:56:56+00:00","dateModified":"2016-08-04T07:56:56+00:00","breadcrumb":{"@id":"https:\/\/hobstop.ee\/lv\/produkts\/kinas-kaligrafijas-komplekts-manuscript\/#breadcrumb"},"inLanguage":"lv-LV","potentialAction":[{"@type":"ReadAction","target":["https:\/\/hobstop.ee\/lv\/produkts\/kinas-kaligrafijas-komplekts-manuscript\/"]}]},{"@type":"BreadcrumbList","@id":"https:\/\/hobstop.ee\/lv\/produkts\/kinas-kaligrafijas-komplekts-manuscript\/#breadcrumb","itemListElement":[{"@type":"ListItem","position":1,"name":"Avaleht","item":"https:\/\/hobstop.ee\/lv\/"},{"@type":"ListItem","position":2,"name":"Veikals","item":"https:\/\/hobstop.ee\/lv\/veikals\/"},{"@type":"ListItem","position":3,"name":"\u0136\u012bnas kaligr\u0101fijas komplekts Manuscript"}]},{"@type":"WebSite","@id":"https:\/\/hobstop.ee\/lv\/#website","url":"https:\/\/hobstop.ee\/lv\/","name":"Skizze","description":"M\u0101kslas, hobiju un skolas preces","publisher":{"@id":"https:\/\/hobstop.ee\/lv\/#organization"},"potentialAction":[{"@type":"SearchAction","target":{"@type":"EntryPoint","urlTemplate":"https:\/\/hobstop.ee\/lv\/?s={search_term_string}"},"query-input":{"@type":"PropertyValueSpecification","valueRequired":true,"valueName":"search_term_string"}}],"inLanguage":"lv-LV"},{"@type":"Organization","@id":"https:\/\/hobstop.ee\/lv\/#organization","name":"Vunder AS","url":"https:\/\/hobstop.ee\/lv\/","logo":{"@type":"ImageObject","inLanguage":"lv-LV","@id":"https:\/\/hobstop.ee\/lv\/#\/schema\/logo\/image\/","url":"https:\/\/hobstop.ee\/media\/vunder-logo.png","contentUrl":"https:\/\/hobstop.ee\/media\/vunder-logo.png","width":127,"height":55,"caption":"Vunder AS"},"image":{"@id":"https:\/\/hobstop.ee\/lv\/#\/schema\/logo\/image\/"},"sameAs":["http:\/\/www.facebook.com\/VunderSkizze"]}]}},"_links":{"self":[{"href":"https:\/\/hobstop.ee\/lv\/wp-json\/wp\/v2\/product\/271777","targetHints":{"allow":["GET"]}}],"collection":[{"href":"https:\/\/hobstop.ee\/lv\/wp-json\/wp\/v2\/product"}],"about":[{"href":"https:\/\/hobstop.ee\/lv\/wp-json\/wp\/v2\/types\/product"}],"replies":[{"embeddable":true,"href":"https:\/\/hobstop.ee\/lv\/wp-json\/wp\/v2\/comments?post=271777"}],"wp:attachment":[{"href":"https:\/\/hobstop.ee\/lv\/wp-json\/wp\/v2\/media?parent=271777"}],"wp:term":[{"taxonomy":"product_cat","embeddable":true,"href":"https:\/\/hobstop.ee\/lv\/wp-json\/wp\/v2\/product_cat?post=271777"},{"taxonomy":"product_tag","embeddable":true,"href":"https:\/\/hobstop.ee\/lv\/wp-json\/wp\/v2\/product_tag?post=271777"}],"curies":[{"name":"wp","href":"https:\/\/api.w.org\/{rel}","templated":true}]}}