{"id":271793,"date":"2015-09-04T10:57:02","date_gmt":"2016-08-04T07:57:02","guid":{"rendered":"https:\/\/sharks.ee\/vunder_2019\/lv\/product\/kruze-simone\/"},"modified":"2016-08-04T10:57:02","modified_gmt":"2016-08-04T07:57:02","slug":"kruze-simone","status":"publish","type":"product","link":"https:\/\/hobstop.ee\/lv\/produkts\/kruze-simone\/","title":{"rendered":"Kr\u016bze Simone"},"content":{"rendered":"<p>Skaists porcel\u0101ns visos laikos  nor\u0101d\u012bja uz \u012bpa\u0161nieka labo reput\u0101ciju un bag\u0101t\u012bbu &#8211; porcel\u0101na trauki ir eleganti, viegli un iztur\u012bgi. Porcel\u0101ns tiek gatavots no \u012bpa\u0161as masas, kas nodro\u0161ina tam  lieto\u0161anas ilgumu un siltumiztur\u012bbu. Balto porcel\u0101nu var lieliski dekor\u0113t, padarot savus porcel\u0101na traukus \u012bpa\u0161us un neatk\u0101rtojamus.<\/p>\n","protected":false},"excerpt":{"rendered":"<p>Skaists porcel\u0101ns visos laikos nor\u0101d\u012bja uz \u012bpa\u0161nieka labo reput\u0101ciju un bag\u0101t\u012bbu &#8211; porcel\u0101na trauki ir eleganti, viegli un iztur\u012bgi. Porcel\u0101ns tiek gatavots no \u012bpa\u0161as masas, kas nodro\u0161ina tam lieto\u0161anas ilgumu un siltumiztur\u012bbu. Balto porcel\u0101nu var lieliski dekor\u0113t, padarot savus porcel\u0101na traukus \u012bpa\u0161us un neatk\u0101rtojamus.<\/p>\n","protected":false},"featured_media":271933,"comment_status":"closed","ping_status":"closed","template":"","meta":{"_acf_changed":false,"ep_exclude_from_search":false},"product_cat":[18308,17918,17971],"product_tag":[],"class_list":{"0":"post-271793","1":"product","2":"type-product","3":"status-publish","4":"has-post-thumbnail","6":"product_cat-porcelans","7":"product_cat-preces-hobijiem","8":"product_cat-sagataves","10":"first","11":"outofstock","12":"taxable","13":"shipping-taxable","14":"purchasable","15":"product-type-variable"},"acf":[],"yoast_head":"<!-- This site is optimized with the Yoast SEO plugin v24.1 - https:\/\/yoast.com\/wordpress\/plugins\/seo\/ -->\n<title>Kr\u016bze Simone &#8211; Skizze<\/title>\n<meta name=\"robots\" content=\"noindex, follow, max-snippet:-1, max-image-preview:large, max-video-preview:-1\" \/>\n<meta property=\"og:locale\" content=\"lv_LV\" \/>\n<meta property=\"og:type\" content=\"article\" \/>\n<meta property=\"og:title\" content=\"Kr\u016bze Simone &#8211; Skizze\" \/>\n<meta property=\"og:description\" content=\"Skaists porcel\u0101ns visos laikos nor\u0101d\u012bja uz \u012bpa\u0161nieka labo reput\u0101ciju un bag\u0101t\u012bbu &#8211; porcel\u0101na trauki ir eleganti, viegli un iztur\u012bgi. Porcel\u0101ns tiek gatavots no \u012bpa\u0161as masas, kas nodro\u0161ina tam lieto\u0161anas ilgumu un siltumiztur\u012bbu. Balto porcel\u0101nu var lieliski dekor\u0113t, padarot savus porcel\u0101na traukus \u012bpa\u0161us un neatk\u0101rtojamus.\" \/>\n<meta property=\"og:url\" content=\"https:\/\/hobstop.ee\/lv\/produkts\/kruze-simone\/\" \/>\n<meta property=\"og:site_name\" content=\"Skizze\" \/>\n<meta property=\"article:publisher\" content=\"http:\/\/www.facebook.com\/VunderSkizze\" \/>\n<meta property=\"og:image\" content=\"https:\/\/www.hobstop.ee\/media\/4360.jpg\" \/>\n\t<meta property=\"og:image:width\" content=\"1024\" \/>\n\t<meta property=\"og:image:height\" content=\"768\" \/>\n\t<meta property=\"og:image:type\" content=\"image\/jpeg\" \/>\n<meta name=\"twitter:card\" content=\"summary_large_image\" \/>\n<script type=\"application\/ld+json\" class=\"yoast-schema-graph\">{\"@context\":\"https:\/\/schema.org\",\"@graph\":[{\"@type\":\"WebPage\",\"@id\":\"https:\/\/hobstop.ee\/lv\/produkts\/kruze-simone\/\",\"url\":\"https:\/\/hobstop.ee\/lv\/produkts\/kruze-simone\/\",\"name\":\"Kr\u016bze Simone &#8211; Skizze\",\"isPartOf\":{\"@id\":\"https:\/\/hobstop.ee\/lv\/#website\"},\"primaryImageOfPage\":{\"@id\":\"https:\/\/hobstop.ee\/lv\/produkts\/kruze-simone\/#primaryimage\"},\"image\":{\"@id\":\"https:\/\/hobstop.ee\/lv\/produkts\/kruze-simone\/#primaryimage\"},\"thumbnailUrl\":\"https:\/\/hobstop.ee\/media\/4360.jpg\",\"datePublished\":\"2016-08-04T07:57:02+00:00\",\"dateModified\":\"2016-08-04T07:57:02+00:00\",\"breadcrumb\":{\"@id\":\"https:\/\/hobstop.ee\/lv\/produkts\/kruze-simone\/#breadcrumb\"},\"inLanguage\":\"lv-LV\",\"potentialAction\":[{\"@type\":\"ReadAction\",\"target\":[\"https:\/\/hobstop.ee\/lv\/produkts\/kruze-simone\/\"]}]},{\"@type\":\"ImageObject\",\"inLanguage\":\"lv-LV\",\"@id\":\"https:\/\/hobstop.ee\/lv\/produkts\/kruze-simone\/#primaryimage\",\"url\":\"https:\/\/hobstop.ee\/media\/4360.jpg\",\"contentUrl\":\"https:\/\/hobstop.ee\/media\/4360.jpg\",\"width\":1024,\"height\":768},{\"@type\":\"BreadcrumbList\",\"@id\":\"https:\/\/hobstop.ee\/lv\/produkts\/kruze-simone\/#breadcrumb\",\"itemListElement\":[{\"@type\":\"ListItem\",\"position\":1,\"name\":\"Avaleht\",\"item\":\"https:\/\/www.hobstop.ee\/lv\/\"},{\"@type\":\"ListItem\",\"position\":2,\"name\":\"Veikals\",\"item\":\"https:\/\/www.hobstop.ee\/lv\/veikals\/\"},{\"@type\":\"ListItem\",\"position\":3,\"name\":\"Kr\u016bze Simone\"}]},{\"@type\":\"WebSite\",\"@id\":\"https:\/\/hobstop.ee\/lv\/#website\",\"url\":\"https:\/\/hobstop.ee\/lv\/\",\"name\":\"Skizze\",\"description\":\"M\u0101kslas, hobiju un skolas preces\",\"publisher\":{\"@id\":\"https:\/\/hobstop.ee\/lv\/#organization\"},\"potentialAction\":[{\"@type\":\"SearchAction\",\"target\":{\"@type\":\"EntryPoint\",\"urlTemplate\":\"https:\/\/hobstop.ee\/lv\/?s={search_term_string}\"},\"query-input\":{\"@type\":\"PropertyValueSpecification\",\"valueRequired\":true,\"valueName\":\"search_term_string\"}}],\"inLanguage\":\"lv-LV\"},{\"@type\":\"Organization\",\"@id\":\"https:\/\/hobstop.ee\/lv\/#organization\",\"name\":\"Vunder AS\",\"url\":\"https:\/\/hobstop.ee\/lv\/\",\"logo\":{\"@type\":\"ImageObject\",\"inLanguage\":\"lv-LV\",\"@id\":\"https:\/\/hobstop.ee\/lv\/#\/schema\/logo\/image\/\",\"url\":\"https:\/\/hobstop.ee\/media\/vunder-logo.png\",\"contentUrl\":\"https:\/\/hobstop.ee\/media\/vunder-logo.png\",\"width\":127,\"height\":55,\"caption\":\"Vunder AS\"},\"image\":{\"@id\":\"https:\/\/hobstop.ee\/lv\/#\/schema\/logo\/image\/\"},\"sameAs\":[\"http:\/\/www.facebook.com\/VunderSkizze\"]}]}<\/script>\n<!-- \/ Yoast SEO plugin. -->","yoast_head_json":{"title":"Kr\u016bze Simone &#8211; Skizze","robots":{"index":"noindex","follow":"follow","max-snippet":"max-snippet:-1","max-image-preview":"max-image-preview:large","max-video-preview":"max-video-preview:-1"},"og_locale":"lv_LV","og_type":"article","og_title":"Kr\u016bze Simone &#8211; Skizze","og_description":"Skaists porcel\u0101ns visos laikos nor\u0101d\u012bja uz \u012bpa\u0161nieka labo reput\u0101ciju un bag\u0101t\u012bbu &#8211; porcel\u0101na trauki ir eleganti, viegli un iztur\u012bgi. Porcel\u0101ns tiek gatavots no \u012bpa\u0161as masas, kas nodro\u0161ina tam lieto\u0161anas ilgumu un siltumiztur\u012bbu. Balto porcel\u0101nu var lieliski dekor\u0113t, padarot savus porcel\u0101na traukus \u012bpa\u0161us un neatk\u0101rtojamus.","og_url":"https:\/\/hobstop.ee\/lv\/produkts\/kruze-simone\/","og_site_name":"Skizze","article_publisher":"http:\/\/www.facebook.com\/VunderSkizze","og_image":[{"width":1024,"height":768,"url":"https:\/\/www.hobstop.ee\/media\/4360.jpg","type":"image\/jpeg"}],"twitter_card":"summary_large_image","schema":{"@context":"https:\/\/schema.org","@graph":[{"@type":"WebPage","@id":"https:\/\/hobstop.ee\/lv\/produkts\/kruze-simone\/","url":"https:\/\/hobstop.ee\/lv\/produkts\/kruze-simone\/","name":"Kr\u016bze Simone &#8211; Skizze","isPartOf":{"@id":"https:\/\/hobstop.ee\/lv\/#website"},"primaryImageOfPage":{"@id":"https:\/\/hobstop.ee\/lv\/produkts\/kruze-simone\/#primaryimage"},"image":{"@id":"https:\/\/hobstop.ee\/lv\/produkts\/kruze-simone\/#primaryimage"},"thumbnailUrl":"https:\/\/hobstop.ee\/media\/4360.jpg","datePublished":"2016-08-04T07:57:02+00:00","dateModified":"2016-08-04T07:57:02+00:00","breadcrumb":{"@id":"https:\/\/hobstop.ee\/lv\/produkts\/kruze-simone\/#breadcrumb"},"inLanguage":"lv-LV","potentialAction":[{"@type":"ReadAction","target":["https:\/\/hobstop.ee\/lv\/produkts\/kruze-simone\/"]}]},{"@type":"ImageObject","inLanguage":"lv-LV","@id":"https:\/\/hobstop.ee\/lv\/produkts\/kruze-simone\/#primaryimage","url":"https:\/\/hobstop.ee\/media\/4360.jpg","contentUrl":"https:\/\/hobstop.ee\/media\/4360.jpg","width":1024,"height":768},{"@type":"BreadcrumbList","@id":"https:\/\/hobstop.ee\/lv\/produkts\/kruze-simone\/#breadcrumb","itemListElement":[{"@type":"ListItem","position":1,"name":"Avaleht","item":"https:\/\/www.hobstop.ee\/lv\/"},{"@type":"ListItem","position":2,"name":"Veikals","item":"https:\/\/www.hobstop.ee\/lv\/veikals\/"},{"@type":"ListItem","position":3,"name":"Kr\u016bze Simone"}]},{"@type":"WebSite","@id":"https:\/\/hobstop.ee\/lv\/#website","url":"https:\/\/hobstop.ee\/lv\/","name":"Skizze","description":"M\u0101kslas, hobiju un skolas preces","publisher":{"@id":"https:\/\/hobstop.ee\/lv\/#organization"},"potentialAction":[{"@type":"SearchAction","target":{"@type":"EntryPoint","urlTemplate":"https:\/\/hobstop.ee\/lv\/?s={search_term_string}"},"query-input":{"@type":"PropertyValueSpecification","valueRequired":true,"valueName":"search_term_string"}}],"inLanguage":"lv-LV"},{"@type":"Organization","@id":"https:\/\/hobstop.ee\/lv\/#organization","name":"Vunder AS","url":"https:\/\/hobstop.ee\/lv\/","logo":{"@type":"ImageObject","inLanguage":"lv-LV","@id":"https:\/\/hobstop.ee\/lv\/#\/schema\/logo\/image\/","url":"https:\/\/hobstop.ee\/media\/vunder-logo.png","contentUrl":"https:\/\/hobstop.ee\/media\/vunder-logo.png","width":127,"height":55,"caption":"Vunder AS"},"image":{"@id":"https:\/\/hobstop.ee\/lv\/#\/schema\/logo\/image\/"},"sameAs":["http:\/\/www.facebook.com\/VunderSkizze"]}]}},"_links":{"self":[{"href":"https:\/\/hobstop.ee\/lv\/wp-json\/wp\/v2\/product\/271793","targetHints":{"allow":["GET"]}}],"collection":[{"href":"https:\/\/hobstop.ee\/lv\/wp-json\/wp\/v2\/product"}],"about":[{"href":"https:\/\/hobstop.ee\/lv\/wp-json\/wp\/v2\/types\/product"}],"replies":[{"embeddable":true,"href":"https:\/\/hobstop.ee\/lv\/wp-json\/wp\/v2\/comments?post=271793"}],"wp:featuredmedia":[{"embeddable":true,"href":"https:\/\/hobstop.ee\/lv\/wp-json\/wp\/v2\/media\/271933"}],"wp:attachment":[{"href":"https:\/\/hobstop.ee\/lv\/wp-json\/wp\/v2\/media?parent=271793"}],"wp:term":[{"taxonomy":"product_cat","embeddable":true,"href":"https:\/\/hobstop.ee\/lv\/wp-json\/wp\/v2\/product_cat?post=271793"},{"taxonomy":"product_tag","embeddable":true,"href":"https:\/\/hobstop.ee\/lv\/wp-json\/wp\/v2\/product_tag?post=271793"}],"curies":[{"name":"wp","href":"https:\/\/api.w.org\/{rel}","templated":true}]}}