{"id":271821,"date":"2016-08-04T10:57:15","date_gmt":"2016-08-04T07:57:15","guid":{"rendered":"https:\/\/sharks.ee\/vunder_2019\/lv\/product\/akrila-krasu-komplekts-raphael-campus\/"},"modified":"2016-08-04T10:57:15","modified_gmt":"2016-08-04T07:57:15","slug":"akrila-krasu-komplekts-raphael-campus","status":"publish","type":"product","link":"https:\/\/hobstop.ee\/lv\/produkts\/akrila-krasu-komplekts-raphael-campus\/","title":{"rendered":"Akrila kr\u0101su komplekts Raphael Campus"},"content":{"rendered":"<p>Spilgta, intens\u012bva akrila kr\u0101sa, kas no\u017e\u016bstot veido mat\u0113tu gala rezult\u0101tu. Bag\u0101t\u012bga e\u013c\u013cas kr\u0101sai l\u012bdz\u012bga tekst\u016bra &#8211; ne p\u0101r\u0101k \u0161\u0137idra, ne p\u0101r\u0101k bieza. Lieliski kl\u0101j un nokr\u0101so virsmu, pateicoties augstas kvalit\u0101tes un koncentr\u0101cijas pigmentiem. No\u017e\u016bstot veido \u016bdens iztur\u012bgu nedzelt\u0113jo\u0161u, ne\u0161\u0137\u012bdo\u0161u pl\u0113v\u012bti. Kr\u0101sas ir necaursp\u012bd\u012bgas un gaismas notur\u012bgas.<\/p>\n","protected":false},"excerpt":{"rendered":"<p>Spilgta, intens\u012bva akrila kr\u0101sa, kas no\u017e\u016bstot veido mat\u0113tu gala rezult\u0101tu. Bag\u0101t\u012bga e\u013c\u013cas kr\u0101sai l\u012bdz\u012bga tekst\u016bra &#8211; ne p\u0101r\u0101k \u0161\u0137idra, ne p\u0101r\u0101k bieza. Lieliski kl\u0101j un nokr\u0101so virsmu, pateicoties augstas kvalit\u0101tes un koncentr\u0101cijas pigmentiem. No\u017e\u016bstot veido \u016bdens iztur\u012bgu nedzelt\u0113jo\u0161u, ne\u0161\u0137\u012bdo\u0161u pl\u0113v\u012bti. Kr\u0101sas ir necaursp\u012bd\u012bgas un gaismas notur\u012bgas.<\/p>\n","protected":false},"featured_media":271961,"comment_status":"closed","ping_status":"closed","template":"","meta":{"_acf_changed":false,"ep_exclude_from_search":false},"product_cat":[18994,17980,16123],"product_tag":[],"class_list":{"0":"post-271821","1":"product","2":"type-product","3":"status-publish","4":"has-post-thumbnail","6":"product_cat-akrila-krasas","7":"product_cat-krasas-un-gleznosanas-paligmateriali","8":"product_cat-makslas-piederumi-2","10":"first","11":"instock","12":"taxable","13":"shipping-taxable","14":"purchasable","15":"product-type-simple"},"acf":[],"yoast_head":"<!-- This site is optimized with the Yoast SEO plugin v24.1 - https:\/\/yoast.com\/wordpress\/plugins\/seo\/ -->\n<title>Akrila kr\u0101su komplekts Raphael Campus &#8211; Skizze<\/title>\n<meta name=\"robots\" content=\"noindex, follow, max-snippet:-1, max-image-preview:large, max-video-preview:-1\" \/>\n<meta property=\"og:locale\" content=\"lv_LV\" \/>\n<meta property=\"og:type\" content=\"article\" \/>\n<meta property=\"og:title\" content=\"Akrila kr\u0101su komplekts Raphael Campus &#8211; Skizze\" \/>\n<meta property=\"og:description\" content=\"Spilgta, intens\u012bva akrila kr\u0101sa, kas no\u017e\u016bstot veido mat\u0113tu gala rezult\u0101tu. Bag\u0101t\u012bga e\u013c\u013cas kr\u0101sai l\u012bdz\u012bga tekst\u016bra &#8211; ne p\u0101r\u0101k \u0161\u0137idra, ne p\u0101r\u0101k bieza. Lieliski kl\u0101j un nokr\u0101so virsmu, pateicoties augstas kvalit\u0101tes un koncentr\u0101cijas pigmentiem. No\u017e\u016bstot veido \u016bdens iztur\u012bgu nedzelt\u0113jo\u0161u, ne\u0161\u0137\u012bdo\u0161u pl\u0113v\u012bti. Kr\u0101sas ir necaursp\u012bd\u012bgas un gaismas notur\u012bgas.\" \/>\n<meta property=\"og:url\" content=\"https:\/\/hobstop.ee\/lv\/produkts\/akrila-krasu-komplekts-raphael-campus\/\" \/>\n<meta property=\"og:site_name\" content=\"Skizze\" \/>\n<meta property=\"article:publisher\" content=\"http:\/\/www.facebook.com\/VunderSkizze\" \/>\n<meta property=\"og:image\" content=\"https:\/\/hobstop.ee\/media\/4367.jpg\" \/>\n\t<meta property=\"og:image:width\" content=\"1024\" \/>\n\t<meta property=\"og:image:height\" content=\"768\" \/>\n\t<meta property=\"og:image:type\" content=\"image\/jpeg\" \/>\n<meta name=\"twitter:card\" content=\"summary_large_image\" \/>\n<script type=\"application\/ld+json\" class=\"yoast-schema-graph\">{\"@context\":\"https:\/\/schema.org\",\"@graph\":[{\"@type\":\"WebPage\",\"@id\":\"https:\/\/hobstop.ee\/lv\/produkts\/akrila-krasu-komplekts-raphael-campus\/\",\"url\":\"https:\/\/hobstop.ee\/lv\/produkts\/akrila-krasu-komplekts-raphael-campus\/\",\"name\":\"Akrila kr\u0101su komplekts Raphael Campus &#8211; Skizze\",\"isPartOf\":{\"@id\":\"https:\/\/hobstop.ee\/lv\/#website\"},\"primaryImageOfPage\":{\"@id\":\"https:\/\/hobstop.ee\/lv\/produkts\/akrila-krasu-komplekts-raphael-campus\/#primaryimage\"},\"image\":{\"@id\":\"https:\/\/hobstop.ee\/lv\/produkts\/akrila-krasu-komplekts-raphael-campus\/#primaryimage\"},\"thumbnailUrl\":\"https:\/\/hobstop.ee\/media\/4367.jpg\",\"datePublished\":\"2016-08-04T07:57:15+00:00\",\"dateModified\":\"2016-08-04T07:57:15+00:00\",\"breadcrumb\":{\"@id\":\"https:\/\/hobstop.ee\/lv\/produkts\/akrila-krasu-komplekts-raphael-campus\/#breadcrumb\"},\"inLanguage\":\"lv-LV\",\"potentialAction\":[{\"@type\":\"ReadAction\",\"target\":[\"https:\/\/hobstop.ee\/lv\/produkts\/akrila-krasu-komplekts-raphael-campus\/\"]}]},{\"@type\":\"ImageObject\",\"inLanguage\":\"lv-LV\",\"@id\":\"https:\/\/hobstop.ee\/lv\/produkts\/akrila-krasu-komplekts-raphael-campus\/#primaryimage\",\"url\":\"https:\/\/hobstop.ee\/media\/4367.jpg\",\"contentUrl\":\"https:\/\/hobstop.ee\/media\/4367.jpg\",\"width\":1024,\"height\":768},{\"@type\":\"BreadcrumbList\",\"@id\":\"https:\/\/hobstop.ee\/lv\/produkts\/akrila-krasu-komplekts-raphael-campus\/#breadcrumb\",\"itemListElement\":[{\"@type\":\"ListItem\",\"position\":1,\"name\":\"Avaleht\",\"item\":\"https:\/\/www.hobstop.ee\/lv\/\"},{\"@type\":\"ListItem\",\"position\":2,\"name\":\"Veikals\",\"item\":\"https:\/\/www.hobstop.ee\/lv\/veikals\/\"},{\"@type\":\"ListItem\",\"position\":3,\"name\":\"Akrila kr\u0101su komplekts Raphael Campus\"}]},{\"@type\":\"WebSite\",\"@id\":\"https:\/\/hobstop.ee\/lv\/#website\",\"url\":\"https:\/\/hobstop.ee\/lv\/\",\"name\":\"Skizze\",\"description\":\"M\u0101kslas, hobiju un skolas preces\",\"publisher\":{\"@id\":\"https:\/\/hobstop.ee\/lv\/#organization\"},\"potentialAction\":[{\"@type\":\"SearchAction\",\"target\":{\"@type\":\"EntryPoint\",\"urlTemplate\":\"https:\/\/hobstop.ee\/lv\/?s={search_term_string}\"},\"query-input\":{\"@type\":\"PropertyValueSpecification\",\"valueRequired\":true,\"valueName\":\"search_term_string\"}}],\"inLanguage\":\"lv-LV\"},{\"@type\":\"Organization\",\"@id\":\"https:\/\/hobstop.ee\/lv\/#organization\",\"name\":\"Vunder AS\",\"url\":\"https:\/\/hobstop.ee\/lv\/\",\"logo\":{\"@type\":\"ImageObject\",\"inLanguage\":\"lv-LV\",\"@id\":\"https:\/\/hobstop.ee\/lv\/#\/schema\/logo\/image\/\",\"url\":\"https:\/\/hobstop.ee\/media\/vunder-logo.png\",\"contentUrl\":\"https:\/\/hobstop.ee\/media\/vunder-logo.png\",\"width\":127,\"height\":55,\"caption\":\"Vunder AS\"},\"image\":{\"@id\":\"https:\/\/hobstop.ee\/lv\/#\/schema\/logo\/image\/\"},\"sameAs\":[\"http:\/\/www.facebook.com\/VunderSkizze\"]}]}<\/script>\n<!-- \/ Yoast SEO plugin. -->","yoast_head_json":{"title":"Akrila kr\u0101su komplekts Raphael Campus &#8211; Skizze","robots":{"index":"noindex","follow":"follow","max-snippet":"max-snippet:-1","max-image-preview":"max-image-preview:large","max-video-preview":"max-video-preview:-1"},"og_locale":"lv_LV","og_type":"article","og_title":"Akrila kr\u0101su komplekts Raphael Campus &#8211; Skizze","og_description":"Spilgta, intens\u012bva akrila kr\u0101sa, kas no\u017e\u016bstot veido mat\u0113tu gala rezult\u0101tu. Bag\u0101t\u012bga e\u013c\u013cas kr\u0101sai l\u012bdz\u012bga tekst\u016bra &#8211; ne p\u0101r\u0101k \u0161\u0137idra, ne p\u0101r\u0101k bieza. Lieliski kl\u0101j un nokr\u0101so virsmu, pateicoties augstas kvalit\u0101tes un koncentr\u0101cijas pigmentiem. No\u017e\u016bstot veido \u016bdens iztur\u012bgu nedzelt\u0113jo\u0161u, ne\u0161\u0137\u012bdo\u0161u pl\u0113v\u012bti. Kr\u0101sas ir necaursp\u012bd\u012bgas un gaismas notur\u012bgas.","og_url":"https:\/\/hobstop.ee\/lv\/produkts\/akrila-krasu-komplekts-raphael-campus\/","og_site_name":"Skizze","article_publisher":"http:\/\/www.facebook.com\/VunderSkizze","og_image":[{"width":1024,"height":768,"url":"https:\/\/hobstop.ee\/media\/4367.jpg","type":"image\/jpeg"}],"twitter_card":"summary_large_image","schema":{"@context":"https:\/\/schema.org","@graph":[{"@type":"WebPage","@id":"https:\/\/hobstop.ee\/lv\/produkts\/akrila-krasu-komplekts-raphael-campus\/","url":"https:\/\/hobstop.ee\/lv\/produkts\/akrila-krasu-komplekts-raphael-campus\/","name":"Akrila kr\u0101su komplekts Raphael Campus &#8211; Skizze","isPartOf":{"@id":"https:\/\/hobstop.ee\/lv\/#website"},"primaryImageOfPage":{"@id":"https:\/\/hobstop.ee\/lv\/produkts\/akrila-krasu-komplekts-raphael-campus\/#primaryimage"},"image":{"@id":"https:\/\/hobstop.ee\/lv\/produkts\/akrila-krasu-komplekts-raphael-campus\/#primaryimage"},"thumbnailUrl":"https:\/\/hobstop.ee\/media\/4367.jpg","datePublished":"2016-08-04T07:57:15+00:00","dateModified":"2016-08-04T07:57:15+00:00","breadcrumb":{"@id":"https:\/\/hobstop.ee\/lv\/produkts\/akrila-krasu-komplekts-raphael-campus\/#breadcrumb"},"inLanguage":"lv-LV","potentialAction":[{"@type":"ReadAction","target":["https:\/\/hobstop.ee\/lv\/produkts\/akrila-krasu-komplekts-raphael-campus\/"]}]},{"@type":"ImageObject","inLanguage":"lv-LV","@id":"https:\/\/hobstop.ee\/lv\/produkts\/akrila-krasu-komplekts-raphael-campus\/#primaryimage","url":"https:\/\/hobstop.ee\/media\/4367.jpg","contentUrl":"https:\/\/hobstop.ee\/media\/4367.jpg","width":1024,"height":768},{"@type":"BreadcrumbList","@id":"https:\/\/hobstop.ee\/lv\/produkts\/akrila-krasu-komplekts-raphael-campus\/#breadcrumb","itemListElement":[{"@type":"ListItem","position":1,"name":"Avaleht","item":"https:\/\/www.hobstop.ee\/lv\/"},{"@type":"ListItem","position":2,"name":"Veikals","item":"https:\/\/www.hobstop.ee\/lv\/veikals\/"},{"@type":"ListItem","position":3,"name":"Akrila kr\u0101su komplekts Raphael Campus"}]},{"@type":"WebSite","@id":"https:\/\/hobstop.ee\/lv\/#website","url":"https:\/\/hobstop.ee\/lv\/","name":"Skizze","description":"M\u0101kslas, hobiju un skolas preces","publisher":{"@id":"https:\/\/hobstop.ee\/lv\/#organization"},"potentialAction":[{"@type":"SearchAction","target":{"@type":"EntryPoint","urlTemplate":"https:\/\/hobstop.ee\/lv\/?s={search_term_string}"},"query-input":{"@type":"PropertyValueSpecification","valueRequired":true,"valueName":"search_term_string"}}],"inLanguage":"lv-LV"},{"@type":"Organization","@id":"https:\/\/hobstop.ee\/lv\/#organization","name":"Vunder AS","url":"https:\/\/hobstop.ee\/lv\/","logo":{"@type":"ImageObject","inLanguage":"lv-LV","@id":"https:\/\/hobstop.ee\/lv\/#\/schema\/logo\/image\/","url":"https:\/\/hobstop.ee\/media\/vunder-logo.png","contentUrl":"https:\/\/hobstop.ee\/media\/vunder-logo.png","width":127,"height":55,"caption":"Vunder AS"},"image":{"@id":"https:\/\/hobstop.ee\/lv\/#\/schema\/logo\/image\/"},"sameAs":["http:\/\/www.facebook.com\/VunderSkizze"]}]}},"_links":{"self":[{"href":"https:\/\/hobstop.ee\/lv\/wp-json\/wp\/v2\/product\/271821","targetHints":{"allow":["GET"]}}],"collection":[{"href":"https:\/\/hobstop.ee\/lv\/wp-json\/wp\/v2\/product"}],"about":[{"href":"https:\/\/hobstop.ee\/lv\/wp-json\/wp\/v2\/types\/product"}],"replies":[{"embeddable":true,"href":"https:\/\/hobstop.ee\/lv\/wp-json\/wp\/v2\/comments?post=271821"}],"wp:featuredmedia":[{"embeddable":true,"href":"https:\/\/hobstop.ee\/lv\/wp-json\/wp\/v2\/media\/271961"}],"wp:attachment":[{"href":"https:\/\/hobstop.ee\/lv\/wp-json\/wp\/v2\/media?parent=271821"}],"wp:term":[{"taxonomy":"product_cat","embeddable":true,"href":"https:\/\/hobstop.ee\/lv\/wp-json\/wp\/v2\/product_cat?post=271821"},{"taxonomy":"product_tag","embeddable":true,"href":"https:\/\/hobstop.ee\/lv\/wp-json\/wp\/v2\/product_tag?post=271821"}],"curies":[{"name":"wp","href":"https:\/\/api.w.org\/{rel}","templated":true}]}}