{"id":271825,"date":"2015-09-04T10:57:16","date_gmt":"2016-08-04T07:57:16","guid":{"rendered":"https:\/\/sharks.ee\/vunder_2019\/lv\/product\/molberts-lb-sisley\/"},"modified":"2016-08-04T10:57:16","modified_gmt":"2016-08-04T07:57:16","slug":"molberts-lb-sisley","status":"publish","type":"product","link":"https:\/\/hobstop.ee\/lv\/produkts\/molberts-lb-sisley\/","title":{"rendered":"Molberts L&#038;B Sisley"},"content":{"rendered":"<p>Lefranc&#038;bourgeois Sisley ir neliels galda molberts ar \u010detriem main\u0101miem le\u0146\u0137iem veiksm\u012bg\u0101kai darbu izpildei un lab\u0101k\u0101m gaismas piel\u0101go\u0161anas iesp\u0113j\u0101m. Viegli salok\u0101ms \u0113rtai uzglab\u0101\u0161anai un transport\u0113\u0161anai. Izgatavots no \u012bsta, e\u013c\u013cota di\u017eskab\u0101r\u017ea. Regul\u0113jums audekla augstums &#8211; maksim\u0101lais augstums 46cm.<\/p>\n","protected":false},"excerpt":{"rendered":"<p>Lefranc&#038;bourgeois Sisley ir neliels galda molberts ar \u010detriem main\u0101miem le\u0146\u0137iem veiksm\u012bg\u0101kai darbu izpildei un lab\u0101k\u0101m gaismas piel\u0101go\u0161anas iesp\u0113j\u0101m. Viegli salok\u0101ms \u0113rtai uzglab\u0101\u0161anai un transport\u0113\u0161anai. Izgatavots no \u012bsta, e\u013c\u013cota di\u017eskab\u0101r\u017ea. Regul\u0113jums audekla augstums &#8211; maksim\u0101lais augstums 46cm.<\/p>\n","protected":false},"featured_media":0,"comment_status":"closed","ping_status":"closed","template":"","meta":{"_acf_changed":false,"ep_exclude_from_search":false},"product_cat":[18376,16123,18934],"product_tag":[],"class_list":{"0":"post-271825","1":"product","2":"type-product","3":"status-publish","5":"product_cat-galda-molberti","6":"product_cat-makslas-piederumi-2","7":"product_cat-molberti-2","9":"first","10":"outofstock","11":"sale","12":"taxable","13":"shipping-taxable","14":"purchasable","15":"product-type-variable"},"acf":[],"yoast_head":"<!-- This site is optimized with the Yoast SEO plugin v24.1 - https:\/\/yoast.com\/wordpress\/plugins\/seo\/ -->\n<title>Molberts L&amp;B Sisley &#8211; Skizze<\/title>\n<meta name=\"robots\" content=\"noindex, follow, max-snippet:-1, max-image-preview:large, max-video-preview:-1\" \/>\n<meta property=\"og:locale\" content=\"lv_LV\" \/>\n<meta property=\"og:type\" content=\"article\" \/>\n<meta property=\"og:title\" content=\"Molberts L&amp;B Sisley &#8211; Skizze\" \/>\n<meta property=\"og:description\" content=\"Lefranc&#038;bourgeois Sisley ir neliels galda molberts ar \u010detriem main\u0101miem le\u0146\u0137iem veiksm\u012bg\u0101kai darbu izpildei un lab\u0101k\u0101m gaismas piel\u0101go\u0161anas iesp\u0113j\u0101m. Viegli salok\u0101ms \u0113rtai uzglab\u0101\u0161anai un transport\u0113\u0161anai. Izgatavots no \u012bsta, e\u013c\u013cota di\u017eskab\u0101r\u017ea. Regul\u0113jums audekla augstums &#8211; maksim\u0101lais augstums 46cm.\" \/>\n<meta property=\"og:url\" content=\"https:\/\/hobstop.ee\/lv\/produkts\/molberts-lb-sisley\/\" \/>\n<meta property=\"og:site_name\" content=\"Skizze\" \/>\n<meta property=\"article:publisher\" content=\"http:\/\/www.facebook.com\/VunderSkizze\" \/>\n<meta name=\"twitter:card\" content=\"summary_large_image\" \/>\n<script type=\"application\/ld+json\" class=\"yoast-schema-graph\">{\"@context\":\"https:\/\/schema.org\",\"@graph\":[{\"@type\":\"WebPage\",\"@id\":\"https:\/\/hobstop.ee\/lv\/produkts\/molberts-lb-sisley\/\",\"url\":\"https:\/\/hobstop.ee\/lv\/produkts\/molberts-lb-sisley\/\",\"name\":\"Molberts L&B Sisley &#8211; Skizze\",\"isPartOf\":{\"@id\":\"https:\/\/hobstop.ee\/lv\/#website\"},\"datePublished\":\"2016-08-04T07:57:16+00:00\",\"dateModified\":\"2016-08-04T07:57:16+00:00\",\"breadcrumb\":{\"@id\":\"https:\/\/hobstop.ee\/lv\/produkts\/molberts-lb-sisley\/#breadcrumb\"},\"inLanguage\":\"lv-LV\",\"potentialAction\":[{\"@type\":\"ReadAction\",\"target\":[\"https:\/\/hobstop.ee\/lv\/produkts\/molberts-lb-sisley\/\"]}]},{\"@type\":\"BreadcrumbList\",\"@id\":\"https:\/\/hobstop.ee\/lv\/produkts\/molberts-lb-sisley\/#breadcrumb\",\"itemListElement\":[{\"@type\":\"ListItem\",\"position\":1,\"name\":\"Avaleht\",\"item\":\"https:\/\/www.hobstop.ee\/lv\/\"},{\"@type\":\"ListItem\",\"position\":2,\"name\":\"Veikals\",\"item\":\"https:\/\/www.hobstop.ee\/lv\/veikals\/\"},{\"@type\":\"ListItem\",\"position\":3,\"name\":\"Molberts L&#038;B Sisley\"}]},{\"@type\":\"WebSite\",\"@id\":\"https:\/\/hobstop.ee\/lv\/#website\",\"url\":\"https:\/\/hobstop.ee\/lv\/\",\"name\":\"Skizze\",\"description\":\"M\u0101kslas, hobiju un skolas preces\",\"publisher\":{\"@id\":\"https:\/\/hobstop.ee\/lv\/#organization\"},\"potentialAction\":[{\"@type\":\"SearchAction\",\"target\":{\"@type\":\"EntryPoint\",\"urlTemplate\":\"https:\/\/hobstop.ee\/lv\/?s={search_term_string}\"},\"query-input\":{\"@type\":\"PropertyValueSpecification\",\"valueRequired\":true,\"valueName\":\"search_term_string\"}}],\"inLanguage\":\"lv-LV\"},{\"@type\":\"Organization\",\"@id\":\"https:\/\/hobstop.ee\/lv\/#organization\",\"name\":\"Vunder AS\",\"url\":\"https:\/\/hobstop.ee\/lv\/\",\"logo\":{\"@type\":\"ImageObject\",\"inLanguage\":\"lv-LV\",\"@id\":\"https:\/\/hobstop.ee\/lv\/#\/schema\/logo\/image\/\",\"url\":\"https:\/\/hobstop.ee\/media\/vunder-logo.png\",\"contentUrl\":\"https:\/\/hobstop.ee\/media\/vunder-logo.png\",\"width\":127,\"height\":55,\"caption\":\"Vunder AS\"},\"image\":{\"@id\":\"https:\/\/hobstop.ee\/lv\/#\/schema\/logo\/image\/\"},\"sameAs\":[\"http:\/\/www.facebook.com\/VunderSkizze\"]}]}<\/script>\n<!-- \/ Yoast SEO plugin. -->","yoast_head_json":{"title":"Molberts L&B Sisley &#8211; Skizze","robots":{"index":"noindex","follow":"follow","max-snippet":"max-snippet:-1","max-image-preview":"max-image-preview:large","max-video-preview":"max-video-preview:-1"},"og_locale":"lv_LV","og_type":"article","og_title":"Molberts L&B Sisley &#8211; Skizze","og_description":"Lefranc&#038;bourgeois Sisley ir neliels galda molberts ar \u010detriem main\u0101miem le\u0146\u0137iem veiksm\u012bg\u0101kai darbu izpildei un lab\u0101k\u0101m gaismas piel\u0101go\u0161anas iesp\u0113j\u0101m. Viegli salok\u0101ms \u0113rtai uzglab\u0101\u0161anai un transport\u0113\u0161anai. Izgatavots no \u012bsta, e\u013c\u013cota di\u017eskab\u0101r\u017ea. Regul\u0113jums audekla augstums &#8211; maksim\u0101lais augstums 46cm.","og_url":"https:\/\/hobstop.ee\/lv\/produkts\/molberts-lb-sisley\/","og_site_name":"Skizze","article_publisher":"http:\/\/www.facebook.com\/VunderSkizze","twitter_card":"summary_large_image","schema":{"@context":"https:\/\/schema.org","@graph":[{"@type":"WebPage","@id":"https:\/\/hobstop.ee\/lv\/produkts\/molberts-lb-sisley\/","url":"https:\/\/hobstop.ee\/lv\/produkts\/molberts-lb-sisley\/","name":"Molberts L&B Sisley &#8211; Skizze","isPartOf":{"@id":"https:\/\/hobstop.ee\/lv\/#website"},"datePublished":"2016-08-04T07:57:16+00:00","dateModified":"2016-08-04T07:57:16+00:00","breadcrumb":{"@id":"https:\/\/hobstop.ee\/lv\/produkts\/molberts-lb-sisley\/#breadcrumb"},"inLanguage":"lv-LV","potentialAction":[{"@type":"ReadAction","target":["https:\/\/hobstop.ee\/lv\/produkts\/molberts-lb-sisley\/"]}]},{"@type":"BreadcrumbList","@id":"https:\/\/hobstop.ee\/lv\/produkts\/molberts-lb-sisley\/#breadcrumb","itemListElement":[{"@type":"ListItem","position":1,"name":"Avaleht","item":"https:\/\/www.hobstop.ee\/lv\/"},{"@type":"ListItem","position":2,"name":"Veikals","item":"https:\/\/www.hobstop.ee\/lv\/veikals\/"},{"@type":"ListItem","position":3,"name":"Molberts L&#038;B Sisley"}]},{"@type":"WebSite","@id":"https:\/\/hobstop.ee\/lv\/#website","url":"https:\/\/hobstop.ee\/lv\/","name":"Skizze","description":"M\u0101kslas, hobiju un skolas preces","publisher":{"@id":"https:\/\/hobstop.ee\/lv\/#organization"},"potentialAction":[{"@type":"SearchAction","target":{"@type":"EntryPoint","urlTemplate":"https:\/\/hobstop.ee\/lv\/?s={search_term_string}"},"query-input":{"@type":"PropertyValueSpecification","valueRequired":true,"valueName":"search_term_string"}}],"inLanguage":"lv-LV"},{"@type":"Organization","@id":"https:\/\/hobstop.ee\/lv\/#organization","name":"Vunder AS","url":"https:\/\/hobstop.ee\/lv\/","logo":{"@type":"ImageObject","inLanguage":"lv-LV","@id":"https:\/\/hobstop.ee\/lv\/#\/schema\/logo\/image\/","url":"https:\/\/hobstop.ee\/media\/vunder-logo.png","contentUrl":"https:\/\/hobstop.ee\/media\/vunder-logo.png","width":127,"height":55,"caption":"Vunder AS"},"image":{"@id":"https:\/\/hobstop.ee\/lv\/#\/schema\/logo\/image\/"},"sameAs":["http:\/\/www.facebook.com\/VunderSkizze"]}]}},"_links":{"self":[{"href":"https:\/\/hobstop.ee\/lv\/wp-json\/wp\/v2\/product\/271825","targetHints":{"allow":["GET"]}}],"collection":[{"href":"https:\/\/hobstop.ee\/lv\/wp-json\/wp\/v2\/product"}],"about":[{"href":"https:\/\/hobstop.ee\/lv\/wp-json\/wp\/v2\/types\/product"}],"replies":[{"embeddable":true,"href":"https:\/\/hobstop.ee\/lv\/wp-json\/wp\/v2\/comments?post=271825"}],"wp:attachment":[{"href":"https:\/\/hobstop.ee\/lv\/wp-json\/wp\/v2\/media?parent=271825"}],"wp:term":[{"taxonomy":"product_cat","embeddable":true,"href":"https:\/\/hobstop.ee\/lv\/wp-json\/wp\/v2\/product_cat?post=271825"},{"taxonomy":"product_tag","embeddable":true,"href":"https:\/\/hobstop.ee\/lv\/wp-json\/wp\/v2\/product_tag?post=271825"}],"curies":[{"name":"wp","href":"https:\/\/api.w.org\/{rel}","templated":true}]}}