{"id":272479,"date":"2016-08-04T11:34:32","date_gmt":"2016-08-04T08:34:32","guid":{"rendered":"https:\/\/sharks.ee\/vunder_2019\/lv\/product\/akrila-krasa-abstract-uzgali\/"},"modified":"2016-08-04T11:34:32","modified_gmt":"2016-08-04T08:34:32","slug":"akrila-krasa-abstract-uzgali","status":"publish","type":"product","link":"https:\/\/hobstop.ee\/lv\/produkts\/akrila-krasa-abstract-uzgali\/","title":{"rendered":"Akrila kr\u0101sa Abstract uzga\u013ci"},"content":{"rendered":"<p>\u013baujiet va\u013cu fant\u0101zijai un rado\u0161ajai izt\u0113lei. \u012apa\u0161i veidoti, izmanto\u0161anai ar Sennelier Abstract kr\u0101su iepakojumiem. Uzst\u0101diet to uz Abstract akrila kr\u0101sas iepakojuma, lai rad\u012btu da\u017e\u0101dus efektus, ieskaitot pl\u0101nas, izteiktas, vi\u013c\u0146ainas un dubultl\u012bnijas.<\/p>\n","protected":false},"excerpt":{"rendered":"<p>\u013baujiet va\u013cu fant\u0101zijai un rado\u0161ajai izt\u0113lei. \u012apa\u0161i veidoti, izmanto\u0161anai ar Sennelier Abstract kr\u0101su iepakojumiem. Uzst\u0101diet to uz Abstract akrila kr\u0101sas iepakojuma, lai rad\u012btu da\u017e\u0101dus efektus, ieskaitot pl\u0101nas, izteiktas, vi\u013c\u0146ainas un dubultl\u012bnijas.<\/p>\n","protected":false},"featured_media":272519,"comment_status":"closed","ping_status":"closed","template":"","meta":{"_acf_changed":false,"ep_exclude_from_search":false},"product_cat":[18761,17980,16123],"product_tag":[],"class_list":{"0":"post-272479","1":"product","2":"type-product","3":"status-publish","4":"has-post-thumbnail","6":"product_cat-dazadi-30","7":"product_cat-krasas-un-gleznosanas-paligmateriali","8":"product_cat-makslas-piederumi-2","10":"first","11":"instock","12":"taxable","13":"shipping-taxable","14":"purchasable","15":"product-type-simple"},"acf":[],"yoast_head":"<!-- This site is optimized with the Yoast SEO plugin v24.1 - https:\/\/yoast.com\/wordpress\/plugins\/seo\/ -->\n<title>Akrila kr\u0101sa Abstract uzga\u013ci &#8211; Skizze<\/title>\n<meta name=\"robots\" content=\"noindex, follow, max-snippet:-1, max-image-preview:large, max-video-preview:-1\" \/>\n<meta property=\"og:locale\" content=\"lv_LV\" \/>\n<meta property=\"og:type\" content=\"article\" \/>\n<meta property=\"og:title\" content=\"Akrila kr\u0101sa Abstract uzga\u013ci &#8211; Skizze\" \/>\n<meta property=\"og:description\" content=\"\u013baujiet va\u013cu fant\u0101zijai un rado\u0161ajai izt\u0113lei. \u012apa\u0161i veidoti, izmanto\u0161anai ar Sennelier Abstract kr\u0101su iepakojumiem. Uzst\u0101diet to uz Abstract akrila kr\u0101sas iepakojuma, lai rad\u012btu da\u017e\u0101dus efektus, ieskaitot pl\u0101nas, izteiktas, vi\u013c\u0146ainas un dubultl\u012bnijas.\" \/>\n<meta property=\"og:url\" content=\"https:\/\/hobstop.ee\/lv\/produkts\/akrila-krasa-abstract-uzgali\/\" \/>\n<meta property=\"og:site_name\" content=\"Skizze\" \/>\n<meta property=\"article:publisher\" content=\"http:\/\/www.facebook.com\/VunderSkizze\" \/>\n<meta property=\"og:image\" content=\"https:\/\/hobstop.ee\/media\/4368.jpg\" \/>\n\t<meta property=\"og:image:width\" content=\"1024\" \/>\n\t<meta property=\"og:image:height\" content=\"768\" \/>\n\t<meta property=\"og:image:type\" content=\"image\/jpeg\" \/>\n<meta name=\"twitter:card\" content=\"summary_large_image\" \/>\n<script type=\"application\/ld+json\" class=\"yoast-schema-graph\">{\"@context\":\"https:\/\/schema.org\",\"@graph\":[{\"@type\":\"WebPage\",\"@id\":\"https:\/\/hobstop.ee\/lv\/produkts\/akrila-krasa-abstract-uzgali\/\",\"url\":\"https:\/\/hobstop.ee\/lv\/produkts\/akrila-krasa-abstract-uzgali\/\",\"name\":\"Akrila kr\u0101sa Abstract uzga\u013ci &#8211; Skizze\",\"isPartOf\":{\"@id\":\"https:\/\/hobstop.ee\/lv\/#website\"},\"primaryImageOfPage\":{\"@id\":\"https:\/\/hobstop.ee\/lv\/produkts\/akrila-krasa-abstract-uzgali\/#primaryimage\"},\"image\":{\"@id\":\"https:\/\/hobstop.ee\/lv\/produkts\/akrila-krasa-abstract-uzgali\/#primaryimage\"},\"thumbnailUrl\":\"https:\/\/hobstop.ee\/media\/4368.jpg\",\"datePublished\":\"2016-08-04T08:34:32+00:00\",\"dateModified\":\"2016-08-04T08:34:32+00:00\",\"breadcrumb\":{\"@id\":\"https:\/\/hobstop.ee\/lv\/produkts\/akrila-krasa-abstract-uzgali\/#breadcrumb\"},\"inLanguage\":\"lv-LV\",\"potentialAction\":[{\"@type\":\"ReadAction\",\"target\":[\"https:\/\/hobstop.ee\/lv\/produkts\/akrila-krasa-abstract-uzgali\/\"]}]},{\"@type\":\"ImageObject\",\"inLanguage\":\"lv-LV\",\"@id\":\"https:\/\/hobstop.ee\/lv\/produkts\/akrila-krasa-abstract-uzgali\/#primaryimage\",\"url\":\"https:\/\/hobstop.ee\/media\/4368.jpg\",\"contentUrl\":\"https:\/\/hobstop.ee\/media\/4368.jpg\",\"width\":1024,\"height\":768},{\"@type\":\"BreadcrumbList\",\"@id\":\"https:\/\/hobstop.ee\/lv\/produkts\/akrila-krasa-abstract-uzgali\/#breadcrumb\",\"itemListElement\":[{\"@type\":\"ListItem\",\"position\":1,\"name\":\"Avaleht\",\"item\":\"https:\/\/www.hobstop.ee\/lv\/\"},{\"@type\":\"ListItem\",\"position\":2,\"name\":\"Veikals\",\"item\":\"https:\/\/www.hobstop.ee\/lv\/veikals\/\"},{\"@type\":\"ListItem\",\"position\":3,\"name\":\"Akrila kr\u0101sa Abstract uzga\u013ci\"}]},{\"@type\":\"WebSite\",\"@id\":\"https:\/\/hobstop.ee\/lv\/#website\",\"url\":\"https:\/\/hobstop.ee\/lv\/\",\"name\":\"Skizze\",\"description\":\"M\u0101kslas, hobiju un skolas preces\",\"publisher\":{\"@id\":\"https:\/\/hobstop.ee\/lv\/#organization\"},\"potentialAction\":[{\"@type\":\"SearchAction\",\"target\":{\"@type\":\"EntryPoint\",\"urlTemplate\":\"https:\/\/hobstop.ee\/lv\/?s={search_term_string}\"},\"query-input\":{\"@type\":\"PropertyValueSpecification\",\"valueRequired\":true,\"valueName\":\"search_term_string\"}}],\"inLanguage\":\"lv-LV\"},{\"@type\":\"Organization\",\"@id\":\"https:\/\/hobstop.ee\/lv\/#organization\",\"name\":\"Vunder AS\",\"url\":\"https:\/\/hobstop.ee\/lv\/\",\"logo\":{\"@type\":\"ImageObject\",\"inLanguage\":\"lv-LV\",\"@id\":\"https:\/\/hobstop.ee\/lv\/#\/schema\/logo\/image\/\",\"url\":\"https:\/\/hobstop.ee\/media\/vunder-logo.png\",\"contentUrl\":\"https:\/\/hobstop.ee\/media\/vunder-logo.png\",\"width\":127,\"height\":55,\"caption\":\"Vunder AS\"},\"image\":{\"@id\":\"https:\/\/hobstop.ee\/lv\/#\/schema\/logo\/image\/\"},\"sameAs\":[\"http:\/\/www.facebook.com\/VunderSkizze\"]}]}<\/script>\n<!-- \/ Yoast SEO plugin. -->","yoast_head_json":{"title":"Akrila kr\u0101sa Abstract uzga\u013ci &#8211; Skizze","robots":{"index":"noindex","follow":"follow","max-snippet":"max-snippet:-1","max-image-preview":"max-image-preview:large","max-video-preview":"max-video-preview:-1"},"og_locale":"lv_LV","og_type":"article","og_title":"Akrila kr\u0101sa Abstract uzga\u013ci &#8211; Skizze","og_description":"\u013baujiet va\u013cu fant\u0101zijai un rado\u0161ajai izt\u0113lei. \u012apa\u0161i veidoti, izmanto\u0161anai ar Sennelier Abstract kr\u0101su iepakojumiem. Uzst\u0101diet to uz Abstract akrila kr\u0101sas iepakojuma, lai rad\u012btu da\u017e\u0101dus efektus, ieskaitot pl\u0101nas, izteiktas, vi\u013c\u0146ainas un dubultl\u012bnijas.","og_url":"https:\/\/hobstop.ee\/lv\/produkts\/akrila-krasa-abstract-uzgali\/","og_site_name":"Skizze","article_publisher":"http:\/\/www.facebook.com\/VunderSkizze","og_image":[{"width":1024,"height":768,"url":"https:\/\/hobstop.ee\/media\/4368.jpg","type":"image\/jpeg"}],"twitter_card":"summary_large_image","schema":{"@context":"https:\/\/schema.org","@graph":[{"@type":"WebPage","@id":"https:\/\/hobstop.ee\/lv\/produkts\/akrila-krasa-abstract-uzgali\/","url":"https:\/\/hobstop.ee\/lv\/produkts\/akrila-krasa-abstract-uzgali\/","name":"Akrila kr\u0101sa Abstract uzga\u013ci &#8211; Skizze","isPartOf":{"@id":"https:\/\/hobstop.ee\/lv\/#website"},"primaryImageOfPage":{"@id":"https:\/\/hobstop.ee\/lv\/produkts\/akrila-krasa-abstract-uzgali\/#primaryimage"},"image":{"@id":"https:\/\/hobstop.ee\/lv\/produkts\/akrila-krasa-abstract-uzgali\/#primaryimage"},"thumbnailUrl":"https:\/\/hobstop.ee\/media\/4368.jpg","datePublished":"2016-08-04T08:34:32+00:00","dateModified":"2016-08-04T08:34:32+00:00","breadcrumb":{"@id":"https:\/\/hobstop.ee\/lv\/produkts\/akrila-krasa-abstract-uzgali\/#breadcrumb"},"inLanguage":"lv-LV","potentialAction":[{"@type":"ReadAction","target":["https:\/\/hobstop.ee\/lv\/produkts\/akrila-krasa-abstract-uzgali\/"]}]},{"@type":"ImageObject","inLanguage":"lv-LV","@id":"https:\/\/hobstop.ee\/lv\/produkts\/akrila-krasa-abstract-uzgali\/#primaryimage","url":"https:\/\/hobstop.ee\/media\/4368.jpg","contentUrl":"https:\/\/hobstop.ee\/media\/4368.jpg","width":1024,"height":768},{"@type":"BreadcrumbList","@id":"https:\/\/hobstop.ee\/lv\/produkts\/akrila-krasa-abstract-uzgali\/#breadcrumb","itemListElement":[{"@type":"ListItem","position":1,"name":"Avaleht","item":"https:\/\/www.hobstop.ee\/lv\/"},{"@type":"ListItem","position":2,"name":"Veikals","item":"https:\/\/www.hobstop.ee\/lv\/veikals\/"},{"@type":"ListItem","position":3,"name":"Akrila kr\u0101sa Abstract uzga\u013ci"}]},{"@type":"WebSite","@id":"https:\/\/hobstop.ee\/lv\/#website","url":"https:\/\/hobstop.ee\/lv\/","name":"Skizze","description":"M\u0101kslas, hobiju un skolas preces","publisher":{"@id":"https:\/\/hobstop.ee\/lv\/#organization"},"potentialAction":[{"@type":"SearchAction","target":{"@type":"EntryPoint","urlTemplate":"https:\/\/hobstop.ee\/lv\/?s={search_term_string}"},"query-input":{"@type":"PropertyValueSpecification","valueRequired":true,"valueName":"search_term_string"}}],"inLanguage":"lv-LV"},{"@type":"Organization","@id":"https:\/\/hobstop.ee\/lv\/#organization","name":"Vunder AS","url":"https:\/\/hobstop.ee\/lv\/","logo":{"@type":"ImageObject","inLanguage":"lv-LV","@id":"https:\/\/hobstop.ee\/lv\/#\/schema\/logo\/image\/","url":"https:\/\/hobstop.ee\/media\/vunder-logo.png","contentUrl":"https:\/\/hobstop.ee\/media\/vunder-logo.png","width":127,"height":55,"caption":"Vunder AS"},"image":{"@id":"https:\/\/hobstop.ee\/lv\/#\/schema\/logo\/image\/"},"sameAs":["http:\/\/www.facebook.com\/VunderSkizze"]}]}},"_links":{"self":[{"href":"https:\/\/hobstop.ee\/lv\/wp-json\/wp\/v2\/product\/272479","targetHints":{"allow":["GET"]}}],"collection":[{"href":"https:\/\/hobstop.ee\/lv\/wp-json\/wp\/v2\/product"}],"about":[{"href":"https:\/\/hobstop.ee\/lv\/wp-json\/wp\/v2\/types\/product"}],"replies":[{"embeddable":true,"href":"https:\/\/hobstop.ee\/lv\/wp-json\/wp\/v2\/comments?post=272479"}],"wp:featuredmedia":[{"embeddable":true,"href":"https:\/\/hobstop.ee\/lv\/wp-json\/wp\/v2\/media\/272519"}],"wp:attachment":[{"href":"https:\/\/hobstop.ee\/lv\/wp-json\/wp\/v2\/media?parent=272479"}],"wp:term":[{"taxonomy":"product_cat","embeddable":true,"href":"https:\/\/hobstop.ee\/lv\/wp-json\/wp\/v2\/product_cat?post=272479"},{"taxonomy":"product_tag","embeddable":true,"href":"https:\/\/hobstop.ee\/lv\/wp-json\/wp\/v2\/product_tag?post=272479"}],"curies":[{"name":"wp","href":"https:\/\/api.w.org\/{rel}","templated":true}]}}