{"id":272483,"date":"2016-08-04T11:34:33","date_gmt":"2016-08-04T08:34:33","guid":{"rendered":"https:\/\/sharks.ee\/vunder_2019\/lv\/product\/grunts-raphael-campus-gesso\/"},"modified":"2016-08-04T11:34:33","modified_gmt":"2016-08-04T08:34:33","slug":"grunts-raphael-campus-gesso","status":"publish","type":"product","link":"https:\/\/hobstop.ee\/lv\/produkts\/grunts-raphael-campus-gesso\/","title":{"rendered":"Grunts Raphael Campus Gesso"},"content":{"rendered":"<p>Augstas kvalit\u0101tes balta akrila b\u0101zes kr\u0101sa un grunts. Uzkl\u0101t uz att\u012br\u012btas no taukiem virsmas, piem\u0113ram, audekla, koka vai pap\u012bra. Var ton\u0113t ar akrila kr\u0101s\u0101m, lai rad\u012btu kr\u0101sainu gesso. Kad grunts ir no\u017euvusi, t\u0101 saglab\u0101 savu elast\u012bbu un uzlabo akrila kr\u0101su sl\u0101\u0146u sa\u0137eres \u012bpa\u0161\u012bbas. To var izmantot, lai sagatavotu pamatni, glezno\u0161anai ar e\u013c\u013cu \u2013 \u0161aj\u0101 gad\u012bjum\u0101 materi\u0101ls ir j\u0101uzkl\u0101j divas reizes.<\/p>\n","protected":false},"excerpt":{"rendered":"<p>Augstas kvalit\u0101tes balta akrila b\u0101zes kr\u0101sa un grunts. Uzkl\u0101t uz att\u012br\u012btas no taukiem virsmas, piem\u0113ram, audekla, koka vai pap\u012bra. Var ton\u0113t ar akrila kr\u0101s\u0101m, lai rad\u012btu kr\u0101sainu gesso. Kad grunts ir no\u017euvusi, t\u0101 saglab\u0101 savu elast\u012bbu un uzlabo akrila kr\u0101su sl\u0101\u0146u sa\u0137eres \u012bpa\u0161\u012bbas. To var izmantot, lai sagatavotu pamatni, glezno\u0161anai ar e\u013c\u013cu \u2013 \u0161aj\u0101 gad\u012bjum\u0101 materi\u0101ls ir j\u0101uzkl\u0101j divas reizes.<\/p>\n","protected":false},"featured_media":272523,"comment_status":"closed","ping_status":"closed","template":"","meta":{"_acf_changed":false,"ep_exclude_from_search":false},"product_cat":[18356,17980,16123],"product_tag":[],"class_list":{"0":"post-272483","1":"product","2":"type-product","3":"status-publish","4":"has-post-thumbnail","6":"product_cat-gruntis","7":"product_cat-krasas-un-gleznosanas-paligmateriali","8":"product_cat-makslas-piederumi-2","10":"first","11":"outofstock","12":"taxable","13":"shipping-taxable","14":"purchasable","15":"product-type-simple"},"acf":[],"yoast_head":"<!-- This site is optimized with the Yoast SEO plugin v24.1 - https:\/\/yoast.com\/wordpress\/plugins\/seo\/ -->\n<title>Grunts Raphael Campus Gesso &#8211; Skizze<\/title>\n<meta name=\"robots\" content=\"noindex, follow, max-snippet:-1, max-image-preview:large, max-video-preview:-1\" \/>\n<meta property=\"og:locale\" content=\"lv_LV\" \/>\n<meta property=\"og:type\" content=\"article\" \/>\n<meta property=\"og:title\" content=\"Grunts Raphael Campus Gesso &#8211; Skizze\" \/>\n<meta property=\"og:description\" content=\"Augstas kvalit\u0101tes balta akrila b\u0101zes kr\u0101sa un grunts. Uzkl\u0101t uz att\u012br\u012btas no taukiem virsmas, piem\u0113ram, audekla, koka vai pap\u012bra. Var ton\u0113t ar akrila kr\u0101s\u0101m, lai rad\u012btu kr\u0101sainu gesso. Kad grunts ir no\u017euvusi, t\u0101 saglab\u0101 savu elast\u012bbu un uzlabo akrila kr\u0101su sl\u0101\u0146u sa\u0137eres \u012bpa\u0161\u012bbas. To var izmantot, lai sagatavotu pamatni, glezno\u0161anai ar e\u013c\u013cu \u2013 \u0161aj\u0101 gad\u012bjum\u0101 materi\u0101ls ir j\u0101uzkl\u0101j divas reizes.\" \/>\n<meta property=\"og:url\" content=\"https:\/\/hobstop.ee\/lv\/produkts\/grunts-raphael-campus-gesso\/\" \/>\n<meta property=\"og:site_name\" content=\"Skizze\" \/>\n<meta property=\"article:publisher\" content=\"http:\/\/www.facebook.com\/VunderSkizze\" \/>\n<meta property=\"og:image\" content=\"https:\/\/hobstop.ee\/media\/4369.jpg\" \/>\n\t<meta property=\"og:image:width\" content=\"1024\" \/>\n\t<meta property=\"og:image:height\" content=\"768\" \/>\n\t<meta property=\"og:image:type\" content=\"image\/jpeg\" \/>\n<meta name=\"twitter:card\" content=\"summary_large_image\" \/>\n<script type=\"application\/ld+json\" class=\"yoast-schema-graph\">{\"@context\":\"https:\/\/schema.org\",\"@graph\":[{\"@type\":\"WebPage\",\"@id\":\"https:\/\/hobstop.ee\/lv\/produkts\/grunts-raphael-campus-gesso\/\",\"url\":\"https:\/\/hobstop.ee\/lv\/produkts\/grunts-raphael-campus-gesso\/\",\"name\":\"Grunts Raphael Campus Gesso &#8211; Skizze\",\"isPartOf\":{\"@id\":\"https:\/\/hobstop.ee\/lv\/#website\"},\"primaryImageOfPage\":{\"@id\":\"https:\/\/hobstop.ee\/lv\/produkts\/grunts-raphael-campus-gesso\/#primaryimage\"},\"image\":{\"@id\":\"https:\/\/hobstop.ee\/lv\/produkts\/grunts-raphael-campus-gesso\/#primaryimage\"},\"thumbnailUrl\":\"https:\/\/hobstop.ee\/media\/4369.jpg\",\"datePublished\":\"2016-08-04T08:34:33+00:00\",\"dateModified\":\"2016-08-04T08:34:33+00:00\",\"breadcrumb\":{\"@id\":\"https:\/\/hobstop.ee\/lv\/produkts\/grunts-raphael-campus-gesso\/#breadcrumb\"},\"inLanguage\":\"lv-LV\",\"potentialAction\":[{\"@type\":\"ReadAction\",\"target\":[\"https:\/\/hobstop.ee\/lv\/produkts\/grunts-raphael-campus-gesso\/\"]}]},{\"@type\":\"ImageObject\",\"inLanguage\":\"lv-LV\",\"@id\":\"https:\/\/hobstop.ee\/lv\/produkts\/grunts-raphael-campus-gesso\/#primaryimage\",\"url\":\"https:\/\/hobstop.ee\/media\/4369.jpg\",\"contentUrl\":\"https:\/\/hobstop.ee\/media\/4369.jpg\",\"width\":1024,\"height\":768},{\"@type\":\"BreadcrumbList\",\"@id\":\"https:\/\/hobstop.ee\/lv\/produkts\/grunts-raphael-campus-gesso\/#breadcrumb\",\"itemListElement\":[{\"@type\":\"ListItem\",\"position\":1,\"name\":\"Avaleht\",\"item\":\"https:\/\/www.hobstop.ee\/lv\/\"},{\"@type\":\"ListItem\",\"position\":2,\"name\":\"Veikals\",\"item\":\"https:\/\/www.hobstop.ee\/lv\/veikals\/\"},{\"@type\":\"ListItem\",\"position\":3,\"name\":\"Grunts Raphael Campus Gesso\"}]},{\"@type\":\"WebSite\",\"@id\":\"https:\/\/hobstop.ee\/lv\/#website\",\"url\":\"https:\/\/hobstop.ee\/lv\/\",\"name\":\"Skizze\",\"description\":\"M\u0101kslas, hobiju un skolas preces\",\"publisher\":{\"@id\":\"https:\/\/hobstop.ee\/lv\/#organization\"},\"potentialAction\":[{\"@type\":\"SearchAction\",\"target\":{\"@type\":\"EntryPoint\",\"urlTemplate\":\"https:\/\/hobstop.ee\/lv\/?s={search_term_string}\"},\"query-input\":{\"@type\":\"PropertyValueSpecification\",\"valueRequired\":true,\"valueName\":\"search_term_string\"}}],\"inLanguage\":\"lv-LV\"},{\"@type\":\"Organization\",\"@id\":\"https:\/\/hobstop.ee\/lv\/#organization\",\"name\":\"Vunder AS\",\"url\":\"https:\/\/hobstop.ee\/lv\/\",\"logo\":{\"@type\":\"ImageObject\",\"inLanguage\":\"lv-LV\",\"@id\":\"https:\/\/hobstop.ee\/lv\/#\/schema\/logo\/image\/\",\"url\":\"https:\/\/hobstop.ee\/media\/vunder-logo.png\",\"contentUrl\":\"https:\/\/hobstop.ee\/media\/vunder-logo.png\",\"width\":127,\"height\":55,\"caption\":\"Vunder AS\"},\"image\":{\"@id\":\"https:\/\/hobstop.ee\/lv\/#\/schema\/logo\/image\/\"},\"sameAs\":[\"http:\/\/www.facebook.com\/VunderSkizze\"]}]}<\/script>\n<!-- \/ Yoast SEO plugin. -->","yoast_head_json":{"title":"Grunts Raphael Campus Gesso &#8211; Skizze","robots":{"index":"noindex","follow":"follow","max-snippet":"max-snippet:-1","max-image-preview":"max-image-preview:large","max-video-preview":"max-video-preview:-1"},"og_locale":"lv_LV","og_type":"article","og_title":"Grunts Raphael Campus Gesso &#8211; Skizze","og_description":"Augstas kvalit\u0101tes balta akrila b\u0101zes kr\u0101sa un grunts. Uzkl\u0101t uz att\u012br\u012btas no taukiem virsmas, piem\u0113ram, audekla, koka vai pap\u012bra. Var ton\u0113t ar akrila kr\u0101s\u0101m, lai rad\u012btu kr\u0101sainu gesso. Kad grunts ir no\u017euvusi, t\u0101 saglab\u0101 savu elast\u012bbu un uzlabo akrila kr\u0101su sl\u0101\u0146u sa\u0137eres \u012bpa\u0161\u012bbas. To var izmantot, lai sagatavotu pamatni, glezno\u0161anai ar e\u013c\u013cu \u2013 \u0161aj\u0101 gad\u012bjum\u0101 materi\u0101ls ir j\u0101uzkl\u0101j divas reizes.","og_url":"https:\/\/hobstop.ee\/lv\/produkts\/grunts-raphael-campus-gesso\/","og_site_name":"Skizze","article_publisher":"http:\/\/www.facebook.com\/VunderSkizze","og_image":[{"width":1024,"height":768,"url":"https:\/\/hobstop.ee\/media\/4369.jpg","type":"image\/jpeg"}],"twitter_card":"summary_large_image","schema":{"@context":"https:\/\/schema.org","@graph":[{"@type":"WebPage","@id":"https:\/\/hobstop.ee\/lv\/produkts\/grunts-raphael-campus-gesso\/","url":"https:\/\/hobstop.ee\/lv\/produkts\/grunts-raphael-campus-gesso\/","name":"Grunts Raphael Campus Gesso &#8211; Skizze","isPartOf":{"@id":"https:\/\/hobstop.ee\/lv\/#website"},"primaryImageOfPage":{"@id":"https:\/\/hobstop.ee\/lv\/produkts\/grunts-raphael-campus-gesso\/#primaryimage"},"image":{"@id":"https:\/\/hobstop.ee\/lv\/produkts\/grunts-raphael-campus-gesso\/#primaryimage"},"thumbnailUrl":"https:\/\/hobstop.ee\/media\/4369.jpg","datePublished":"2016-08-04T08:34:33+00:00","dateModified":"2016-08-04T08:34:33+00:00","breadcrumb":{"@id":"https:\/\/hobstop.ee\/lv\/produkts\/grunts-raphael-campus-gesso\/#breadcrumb"},"inLanguage":"lv-LV","potentialAction":[{"@type":"ReadAction","target":["https:\/\/hobstop.ee\/lv\/produkts\/grunts-raphael-campus-gesso\/"]}]},{"@type":"ImageObject","inLanguage":"lv-LV","@id":"https:\/\/hobstop.ee\/lv\/produkts\/grunts-raphael-campus-gesso\/#primaryimage","url":"https:\/\/hobstop.ee\/media\/4369.jpg","contentUrl":"https:\/\/hobstop.ee\/media\/4369.jpg","width":1024,"height":768},{"@type":"BreadcrumbList","@id":"https:\/\/hobstop.ee\/lv\/produkts\/grunts-raphael-campus-gesso\/#breadcrumb","itemListElement":[{"@type":"ListItem","position":1,"name":"Avaleht","item":"https:\/\/www.hobstop.ee\/lv\/"},{"@type":"ListItem","position":2,"name":"Veikals","item":"https:\/\/www.hobstop.ee\/lv\/veikals\/"},{"@type":"ListItem","position":3,"name":"Grunts Raphael Campus Gesso"}]},{"@type":"WebSite","@id":"https:\/\/hobstop.ee\/lv\/#website","url":"https:\/\/hobstop.ee\/lv\/","name":"Skizze","description":"M\u0101kslas, hobiju un skolas preces","publisher":{"@id":"https:\/\/hobstop.ee\/lv\/#organization"},"potentialAction":[{"@type":"SearchAction","target":{"@type":"EntryPoint","urlTemplate":"https:\/\/hobstop.ee\/lv\/?s={search_term_string}"},"query-input":{"@type":"PropertyValueSpecification","valueRequired":true,"valueName":"search_term_string"}}],"inLanguage":"lv-LV"},{"@type":"Organization","@id":"https:\/\/hobstop.ee\/lv\/#organization","name":"Vunder AS","url":"https:\/\/hobstop.ee\/lv\/","logo":{"@type":"ImageObject","inLanguage":"lv-LV","@id":"https:\/\/hobstop.ee\/lv\/#\/schema\/logo\/image\/","url":"https:\/\/hobstop.ee\/media\/vunder-logo.png","contentUrl":"https:\/\/hobstop.ee\/media\/vunder-logo.png","width":127,"height":55,"caption":"Vunder AS"},"image":{"@id":"https:\/\/hobstop.ee\/lv\/#\/schema\/logo\/image\/"},"sameAs":["http:\/\/www.facebook.com\/VunderSkizze"]}]}},"_links":{"self":[{"href":"https:\/\/hobstop.ee\/lv\/wp-json\/wp\/v2\/product\/272483","targetHints":{"allow":["GET"]}}],"collection":[{"href":"https:\/\/hobstop.ee\/lv\/wp-json\/wp\/v2\/product"}],"about":[{"href":"https:\/\/hobstop.ee\/lv\/wp-json\/wp\/v2\/types\/product"}],"replies":[{"embeddable":true,"href":"https:\/\/hobstop.ee\/lv\/wp-json\/wp\/v2\/comments?post=272483"}],"wp:featuredmedia":[{"embeddable":true,"href":"https:\/\/hobstop.ee\/lv\/wp-json\/wp\/v2\/media\/272523"}],"wp:attachment":[{"href":"https:\/\/hobstop.ee\/lv\/wp-json\/wp\/v2\/media?parent=272483"}],"wp:term":[{"taxonomy":"product_cat","embeddable":true,"href":"https:\/\/hobstop.ee\/lv\/wp-json\/wp\/v2\/product_cat?post=272483"},{"taxonomy":"product_tag","embeddable":true,"href":"https:\/\/hobstop.ee\/lv\/wp-json\/wp\/v2\/product_tag?post=272483"}],"curies":[{"name":"wp","href":"https:\/\/api.w.org\/{rel}","templated":true}]}}