{"id":272495,"date":"2016-08-04T11:34:36","date_gmt":"2016-08-04T08:34:36","guid":{"rendered":"https:\/\/sharks.ee\/vunder_2019\/lv\/product\/zimulu-asinamais-maped-croc-croc-innovation\/"},"modified":"2016-08-04T11:34:36","modified_gmt":"2016-08-04T08:34:36","slug":"zimulu-asinamais-maped-croc-croc-innovation","status":"publish","type":"product","link":"https:\/\/hobstop.ee\/lv\/produkts\/zimulu-asinamais-maped-croc-croc-innovation\/","title":{"rendered":"Z\u012bmu\u013cu asin\u0101mais Maped Croc Croc Innovation"},"content":{"rendered":"<p>Croc Croc Innovation \u2013 za\u0137\u0113ns, kur\u0161 m\u012bl z\u012bmu\u013cus! Iepaz\u012bstiet z\u012bmu\u013cu asin\u0101mo za\u0137a form\u0101, lai iem\u0101c\u012btos, k\u0101 tas darbojas. T\u0101 zobi\u0146i kust\u0101s tad, kad z\u012bmulis tiek griezts pareizaj\u0101 virzien\u0101. Croc Croc Innovation&#8230; prieks, kuru v\u0101rdos nevar aprakst\u012bt!<\/p>\n","protected":false},"excerpt":{"rendered":"<p>Croc Croc Innovation \u2013 za\u0137\u0113ns, kur\u0161 m\u012bl z\u012bmu\u013cus! Iepaz\u012bstiet z\u012bmu\u013cu asin\u0101mo za\u0137a form\u0101, lai iem\u0101c\u012btos, k\u0101 tas darbojas. T\u0101 zobi\u0146i kust\u0101s tad, kad z\u012bmulis tiek griezts pareizaj\u0101 virzien\u0101. Croc Croc Innovation&#8230; prieks, kuru v\u0101rdos nevar aprakst\u012bt!<\/p>\n","protected":false},"featured_media":354475,"comment_status":"closed","ping_status":"closed","template":"","meta":{"_acf_changed":false,"ep_exclude_from_search":false},"product_cat":[17916,18633,18136],"product_tag":[],"class_list":{"0":"post-272495","1":"product","2":"type-product","3":"status-publish","4":"has-post-thumbnail","6":"product_cat-preces-skolai","7":"product_cat-zimesanas-piederumi-2","8":"product_cat-zimulu-asinamie","10":"first","11":"instock","12":"taxable","13":"shipping-taxable","14":"purchasable","15":"product-type-simple"},"acf":[],"yoast_head":"<!-- This site is optimized with the Yoast SEO plugin v24.1 - https:\/\/yoast.com\/wordpress\/plugins\/seo\/ -->\n<title>Z\u012bmu\u013cu asin\u0101mais Maped Croc Croc Innovation &#8211; Skizze<\/title>\n<meta name=\"robots\" content=\"noindex, follow, max-snippet:-1, max-image-preview:large, max-video-preview:-1\" \/>\n<meta property=\"og:locale\" content=\"lv_LV\" \/>\n<meta property=\"og:type\" content=\"article\" \/>\n<meta property=\"og:title\" content=\"Z\u012bmu\u013cu asin\u0101mais Maped Croc Croc Innovation &#8211; Skizze\" \/>\n<meta property=\"og:description\" content=\"Croc Croc Innovation \u2013 za\u0137\u0113ns, kur\u0161 m\u012bl z\u012bmu\u013cus! Iepaz\u012bstiet z\u012bmu\u013cu asin\u0101mo za\u0137a form\u0101, lai iem\u0101c\u012btos, k\u0101 tas darbojas. T\u0101 zobi\u0146i kust\u0101s tad, kad z\u012bmulis tiek griezts pareizaj\u0101 virzien\u0101. Croc Croc Innovation&#8230; prieks, kuru v\u0101rdos nevar aprakst\u012bt!\" \/>\n<meta property=\"og:url\" content=\"https:\/\/hobstop.ee\/lv\/produkts\/zimulu-asinamais-maped-croc-croc-innovation\/\" \/>\n<meta property=\"og:site_name\" content=\"Skizze\" \/>\n<meta property=\"article:publisher\" content=\"http:\/\/www.facebook.com\/VunderSkizze\" \/>\n<meta property=\"og:image\" content=\"https:\/\/hobstop.ee\/media\/4373.jpg\" \/>\n\t<meta property=\"og:image:width\" content=\"1024\" \/>\n\t<meta property=\"og:image:height\" content=\"768\" \/>\n\t<meta property=\"og:image:type\" content=\"image\/jpeg\" \/>\n<meta name=\"twitter:card\" content=\"summary_large_image\" \/>\n<script type=\"application\/ld+json\" class=\"yoast-schema-graph\">{\"@context\":\"https:\/\/schema.org\",\"@graph\":[{\"@type\":\"WebPage\",\"@id\":\"https:\/\/hobstop.ee\/lv\/produkts\/zimulu-asinamais-maped-croc-croc-innovation\/\",\"url\":\"https:\/\/hobstop.ee\/lv\/produkts\/zimulu-asinamais-maped-croc-croc-innovation\/\",\"name\":\"Z\u012bmu\u013cu asin\u0101mais Maped Croc Croc Innovation &#8211; Skizze\",\"isPartOf\":{\"@id\":\"https:\/\/hobstop.ee\/lv\/#website\"},\"primaryImageOfPage\":{\"@id\":\"https:\/\/hobstop.ee\/lv\/produkts\/zimulu-asinamais-maped-croc-croc-innovation\/#primaryimage\"},\"image\":{\"@id\":\"https:\/\/hobstop.ee\/lv\/produkts\/zimulu-asinamais-maped-croc-croc-innovation\/#primaryimage\"},\"thumbnailUrl\":\"https:\/\/hobstop.ee\/media\/4373.jpg\",\"datePublished\":\"2016-08-04T08:34:36+00:00\",\"dateModified\":\"2016-08-04T08:34:36+00:00\",\"breadcrumb\":{\"@id\":\"https:\/\/hobstop.ee\/lv\/produkts\/zimulu-asinamais-maped-croc-croc-innovation\/#breadcrumb\"},\"inLanguage\":\"lv-LV\",\"potentialAction\":[{\"@type\":\"ReadAction\",\"target\":[\"https:\/\/hobstop.ee\/lv\/produkts\/zimulu-asinamais-maped-croc-croc-innovation\/\"]}]},{\"@type\":\"ImageObject\",\"inLanguage\":\"lv-LV\",\"@id\":\"https:\/\/hobstop.ee\/lv\/produkts\/zimulu-asinamais-maped-croc-croc-innovation\/#primaryimage\",\"url\":\"https:\/\/hobstop.ee\/media\/4373.jpg\",\"contentUrl\":\"https:\/\/hobstop.ee\/media\/4373.jpg\",\"width\":1024,\"height\":768},{\"@type\":\"BreadcrumbList\",\"@id\":\"https:\/\/hobstop.ee\/lv\/produkts\/zimulu-asinamais-maped-croc-croc-innovation\/#breadcrumb\",\"itemListElement\":[{\"@type\":\"ListItem\",\"position\":1,\"name\":\"Avaleht\",\"item\":\"https:\/\/hobstop.ee\/lv\/\"},{\"@type\":\"ListItem\",\"position\":2,\"name\":\"Veikals\",\"item\":\"https:\/\/hobstop.ee\/lv\/veikals\/\"},{\"@type\":\"ListItem\",\"position\":3,\"name\":\"Z\u012bmu\u013cu asin\u0101mais Maped Croc Croc Innovation\"}]},{\"@type\":\"WebSite\",\"@id\":\"https:\/\/hobstop.ee\/lv\/#website\",\"url\":\"https:\/\/hobstop.ee\/lv\/\",\"name\":\"Skizze\",\"description\":\"M\u0101kslas, hobiju un skolas preces\",\"publisher\":{\"@id\":\"https:\/\/hobstop.ee\/lv\/#organization\"},\"potentialAction\":[{\"@type\":\"SearchAction\",\"target\":{\"@type\":\"EntryPoint\",\"urlTemplate\":\"https:\/\/hobstop.ee\/lv\/?s={search_term_string}\"},\"query-input\":{\"@type\":\"PropertyValueSpecification\",\"valueRequired\":true,\"valueName\":\"search_term_string\"}}],\"inLanguage\":\"lv-LV\"},{\"@type\":\"Organization\",\"@id\":\"https:\/\/hobstop.ee\/lv\/#organization\",\"name\":\"Vunder AS\",\"url\":\"https:\/\/hobstop.ee\/lv\/\",\"logo\":{\"@type\":\"ImageObject\",\"inLanguage\":\"lv-LV\",\"@id\":\"https:\/\/hobstop.ee\/lv\/#\/schema\/logo\/image\/\",\"url\":\"https:\/\/hobstop.ee\/media\/vunder-logo.png\",\"contentUrl\":\"https:\/\/hobstop.ee\/media\/vunder-logo.png\",\"width\":127,\"height\":55,\"caption\":\"Vunder AS\"},\"image\":{\"@id\":\"https:\/\/hobstop.ee\/lv\/#\/schema\/logo\/image\/\"},\"sameAs\":[\"http:\/\/www.facebook.com\/VunderSkizze\"]}]}<\/script>\n<!-- \/ Yoast SEO plugin. -->","yoast_head_json":{"title":"Z\u012bmu\u013cu asin\u0101mais Maped Croc Croc Innovation &#8211; Skizze","robots":{"index":"noindex","follow":"follow","max-snippet":"max-snippet:-1","max-image-preview":"max-image-preview:large","max-video-preview":"max-video-preview:-1"},"og_locale":"lv_LV","og_type":"article","og_title":"Z\u012bmu\u013cu asin\u0101mais Maped Croc Croc Innovation &#8211; Skizze","og_description":"Croc Croc Innovation \u2013 za\u0137\u0113ns, kur\u0161 m\u012bl z\u012bmu\u013cus! Iepaz\u012bstiet z\u012bmu\u013cu asin\u0101mo za\u0137a form\u0101, lai iem\u0101c\u012btos, k\u0101 tas darbojas. T\u0101 zobi\u0146i kust\u0101s tad, kad z\u012bmulis tiek griezts pareizaj\u0101 virzien\u0101. Croc Croc Innovation&#8230; prieks, kuru v\u0101rdos nevar aprakst\u012bt!","og_url":"https:\/\/hobstop.ee\/lv\/produkts\/zimulu-asinamais-maped-croc-croc-innovation\/","og_site_name":"Skizze","article_publisher":"http:\/\/www.facebook.com\/VunderSkizze","og_image":[{"width":1024,"height":768,"url":"https:\/\/hobstop.ee\/media\/4373.jpg","type":"image\/jpeg"}],"twitter_card":"summary_large_image","schema":{"@context":"https:\/\/schema.org","@graph":[{"@type":"WebPage","@id":"https:\/\/hobstop.ee\/lv\/produkts\/zimulu-asinamais-maped-croc-croc-innovation\/","url":"https:\/\/hobstop.ee\/lv\/produkts\/zimulu-asinamais-maped-croc-croc-innovation\/","name":"Z\u012bmu\u013cu asin\u0101mais Maped Croc Croc Innovation &#8211; Skizze","isPartOf":{"@id":"https:\/\/hobstop.ee\/lv\/#website"},"primaryImageOfPage":{"@id":"https:\/\/hobstop.ee\/lv\/produkts\/zimulu-asinamais-maped-croc-croc-innovation\/#primaryimage"},"image":{"@id":"https:\/\/hobstop.ee\/lv\/produkts\/zimulu-asinamais-maped-croc-croc-innovation\/#primaryimage"},"thumbnailUrl":"https:\/\/hobstop.ee\/media\/4373.jpg","datePublished":"2016-08-04T08:34:36+00:00","dateModified":"2016-08-04T08:34:36+00:00","breadcrumb":{"@id":"https:\/\/hobstop.ee\/lv\/produkts\/zimulu-asinamais-maped-croc-croc-innovation\/#breadcrumb"},"inLanguage":"lv-LV","potentialAction":[{"@type":"ReadAction","target":["https:\/\/hobstop.ee\/lv\/produkts\/zimulu-asinamais-maped-croc-croc-innovation\/"]}]},{"@type":"ImageObject","inLanguage":"lv-LV","@id":"https:\/\/hobstop.ee\/lv\/produkts\/zimulu-asinamais-maped-croc-croc-innovation\/#primaryimage","url":"https:\/\/hobstop.ee\/media\/4373.jpg","contentUrl":"https:\/\/hobstop.ee\/media\/4373.jpg","width":1024,"height":768},{"@type":"BreadcrumbList","@id":"https:\/\/hobstop.ee\/lv\/produkts\/zimulu-asinamais-maped-croc-croc-innovation\/#breadcrumb","itemListElement":[{"@type":"ListItem","position":1,"name":"Avaleht","item":"https:\/\/hobstop.ee\/lv\/"},{"@type":"ListItem","position":2,"name":"Veikals","item":"https:\/\/hobstop.ee\/lv\/veikals\/"},{"@type":"ListItem","position":3,"name":"Z\u012bmu\u013cu asin\u0101mais Maped Croc Croc Innovation"}]},{"@type":"WebSite","@id":"https:\/\/hobstop.ee\/lv\/#website","url":"https:\/\/hobstop.ee\/lv\/","name":"Skizze","description":"M\u0101kslas, hobiju un skolas preces","publisher":{"@id":"https:\/\/hobstop.ee\/lv\/#organization"},"potentialAction":[{"@type":"SearchAction","target":{"@type":"EntryPoint","urlTemplate":"https:\/\/hobstop.ee\/lv\/?s={search_term_string}"},"query-input":{"@type":"PropertyValueSpecification","valueRequired":true,"valueName":"search_term_string"}}],"inLanguage":"lv-LV"},{"@type":"Organization","@id":"https:\/\/hobstop.ee\/lv\/#organization","name":"Vunder AS","url":"https:\/\/hobstop.ee\/lv\/","logo":{"@type":"ImageObject","inLanguage":"lv-LV","@id":"https:\/\/hobstop.ee\/lv\/#\/schema\/logo\/image\/","url":"https:\/\/hobstop.ee\/media\/vunder-logo.png","contentUrl":"https:\/\/hobstop.ee\/media\/vunder-logo.png","width":127,"height":55,"caption":"Vunder AS"},"image":{"@id":"https:\/\/hobstop.ee\/lv\/#\/schema\/logo\/image\/"},"sameAs":["http:\/\/www.facebook.com\/VunderSkizze"]}]}},"_links":{"self":[{"href":"https:\/\/hobstop.ee\/lv\/wp-json\/wp\/v2\/product\/272495","targetHints":{"allow":["GET"]}}],"collection":[{"href":"https:\/\/hobstop.ee\/lv\/wp-json\/wp\/v2\/product"}],"about":[{"href":"https:\/\/hobstop.ee\/lv\/wp-json\/wp\/v2\/types\/product"}],"replies":[{"embeddable":true,"href":"https:\/\/hobstop.ee\/lv\/wp-json\/wp\/v2\/comments?post=272495"}],"wp:featuredmedia":[{"embeddable":true,"href":"https:\/\/hobstop.ee\/lv\/wp-json\/wp\/v2\/media\/354475"}],"wp:attachment":[{"href":"https:\/\/hobstop.ee\/lv\/wp-json\/wp\/v2\/media?parent=272495"}],"wp:term":[{"taxonomy":"product_cat","embeddable":true,"href":"https:\/\/hobstop.ee\/lv\/wp-json\/wp\/v2\/product_cat?post=272495"},{"taxonomy":"product_tag","embeddable":true,"href":"https:\/\/hobstop.ee\/lv\/wp-json\/wp\/v2\/product_tag?post=272495"}],"curies":[{"name":"wp","href":"https:\/\/api.w.org\/{rel}","templated":true}]}}