{"id":272635,"date":"2015-09-05T14:45:25","date_gmt":"2016-08-05T11:45:26","guid":{"rendered":"https:\/\/sharks.ee\/vunder_2019\/lv\/product\/tinte-iespieddarbiem-grunts-charbonnel-ultraflex\/"},"modified":"2016-08-05T14:45:26","modified_gmt":"2016-08-05T11:45:26","slug":"tinte-iespieddarbiem-grunts-charbonnel-ultraflex","status":"publish","type":"product","link":"https:\/\/hobstop.ee\/lv\/produkts\/tinte-iespieddarbiem-grunts-charbonnel-ultraflex\/","title":{"rendered":"Tinte iespieddarbiem grunts Charbonnel Ultraflex"},"content":{"rendered":"<p>Uzkl\u0101jiet aukstu Charbonnel \u0161\u0137idro tinti iespieddarbiem-grunts laku Ultraflex uz virsmas ar smalku oti\u0146u vai instrumentu, kas paredz\u0113ts virsmas p\u0101rkl\u0101\u0161anai, vai ar\u012b lejiet to tie\u0161i virs\u016b uz sl\u012bpi novietotas virsmas. Pateicoties t\u0101s caursp\u012bd\u012bbai, t\u0101 ir ide\u0101li piem\u0113rota otrreiz\u0113jai p\u0101rkl\u0101\u0161anai un atk\u0101rtotu darbu veik\u0161anai.<\/p>\n","protected":false},"excerpt":{"rendered":"<p>Uzkl\u0101jiet aukstu Charbonnel \u0161\u0137idro tinti iespieddarbiem-grunts laku Ultraflex uz virsmas ar smalku oti\u0146u vai instrumentu, kas paredz\u0113ts virsmas p\u0101rkl\u0101\u0161anai, vai ar\u012b lejiet to tie\u0161i virs\u016b uz sl\u012bpi novietotas virsmas. Pateicoties t\u0101s caursp\u012bd\u012bbai, t\u0101 ir ide\u0101li piem\u0113rota otrreiz\u0113jai p\u0101rkl\u0101\u0161anai un atk\u0101rtotu darbu veik\u0161anai.<\/p>\n","protected":false},"featured_media":272647,"comment_status":"closed","ping_status":"closed","template":"","meta":{"_acf_changed":false,"ep_exclude_from_search":false},"product_cat":[18648,18317,16123],"product_tag":[],"class_list":{"0":"post-272635","1":"product","2":"type-product","3":"status-publish","4":"has-post-thumbnail","6":"product_cat-grafika","7":"product_cat-kodinasanas-krasas-un-lakas","8":"product_cat-makslas-piederumi-2","10":"first","11":"outofstock","12":"taxable","13":"shipping-taxable","14":"purchasable","15":"product-type-variable"},"acf":[],"yoast_head":"<!-- This site is optimized with the Yoast SEO plugin v24.1 - https:\/\/yoast.com\/wordpress\/plugins\/seo\/ -->\n<title>Tinte iespieddarbiem grunts Charbonnel Ultraflex &#8211; Skizze<\/title>\n<meta name=\"robots\" content=\"noindex, follow, max-snippet:-1, max-image-preview:large, max-video-preview:-1\" \/>\n<meta property=\"og:locale\" content=\"lv_LV\" \/>\n<meta property=\"og:type\" content=\"article\" \/>\n<meta property=\"og:title\" content=\"Tinte iespieddarbiem grunts Charbonnel Ultraflex &#8211; Skizze\" \/>\n<meta property=\"og:description\" content=\"Uzkl\u0101jiet aukstu Charbonnel \u0161\u0137idro tinti iespieddarbiem-grunts laku Ultraflex uz virsmas ar smalku oti\u0146u vai instrumentu, kas paredz\u0113ts virsmas p\u0101rkl\u0101\u0161anai, vai ar\u012b lejiet to tie\u0161i virs\u016b uz sl\u012bpi novietotas virsmas. Pateicoties t\u0101s caursp\u012bd\u012bbai, t\u0101 ir ide\u0101li piem\u0113rota otrreiz\u0113jai p\u0101rkl\u0101\u0161anai un atk\u0101rtotu darbu veik\u0161anai.\" \/>\n<meta property=\"og:url\" content=\"https:\/\/hobstop.ee\/lv\/produkts\/tinte-iespieddarbiem-grunts-charbonnel-ultraflex\/\" \/>\n<meta property=\"og:site_name\" content=\"Skizze\" \/>\n<meta property=\"article:publisher\" content=\"http:\/\/www.facebook.com\/VunderSkizze\" \/>\n<meta property=\"og:image\" content=\"https:\/\/hobstop.ee\/media\/4381.jpg\" \/>\n\t<meta property=\"og:image:width\" content=\"1024\" \/>\n\t<meta property=\"og:image:height\" content=\"768\" \/>\n\t<meta property=\"og:image:type\" content=\"image\/jpeg\" \/>\n<meta name=\"twitter:card\" content=\"summary_large_image\" \/>\n<script type=\"application\/ld+json\" class=\"yoast-schema-graph\">{\"@context\":\"https:\/\/schema.org\",\"@graph\":[{\"@type\":\"WebPage\",\"@id\":\"https:\/\/hobstop.ee\/lv\/produkts\/tinte-iespieddarbiem-grunts-charbonnel-ultraflex\/\",\"url\":\"https:\/\/hobstop.ee\/lv\/produkts\/tinte-iespieddarbiem-grunts-charbonnel-ultraflex\/\",\"name\":\"Tinte iespieddarbiem grunts Charbonnel Ultraflex &#8211; Skizze\",\"isPartOf\":{\"@id\":\"https:\/\/hobstop.ee\/lv\/#website\"},\"primaryImageOfPage\":{\"@id\":\"https:\/\/hobstop.ee\/lv\/produkts\/tinte-iespieddarbiem-grunts-charbonnel-ultraflex\/#primaryimage\"},\"image\":{\"@id\":\"https:\/\/hobstop.ee\/lv\/produkts\/tinte-iespieddarbiem-grunts-charbonnel-ultraflex\/#primaryimage\"},\"thumbnailUrl\":\"https:\/\/hobstop.ee\/media\/4381.jpg\",\"datePublished\":\"2016-08-05T11:45:26+00:00\",\"dateModified\":\"2016-08-05T11:45:26+00:00\",\"breadcrumb\":{\"@id\":\"https:\/\/hobstop.ee\/lv\/produkts\/tinte-iespieddarbiem-grunts-charbonnel-ultraflex\/#breadcrumb\"},\"inLanguage\":\"lv-LV\",\"potentialAction\":[{\"@type\":\"ReadAction\",\"target\":[\"https:\/\/hobstop.ee\/lv\/produkts\/tinte-iespieddarbiem-grunts-charbonnel-ultraflex\/\"]}]},{\"@type\":\"ImageObject\",\"inLanguage\":\"lv-LV\",\"@id\":\"https:\/\/hobstop.ee\/lv\/produkts\/tinte-iespieddarbiem-grunts-charbonnel-ultraflex\/#primaryimage\",\"url\":\"https:\/\/hobstop.ee\/media\/4381.jpg\",\"contentUrl\":\"https:\/\/hobstop.ee\/media\/4381.jpg\",\"width\":1024,\"height\":768},{\"@type\":\"BreadcrumbList\",\"@id\":\"https:\/\/hobstop.ee\/lv\/produkts\/tinte-iespieddarbiem-grunts-charbonnel-ultraflex\/#breadcrumb\",\"itemListElement\":[{\"@type\":\"ListItem\",\"position\":1,\"name\":\"Avaleht\",\"item\":\"https:\/\/hobstop.ee\/lv\/\"},{\"@type\":\"ListItem\",\"position\":2,\"name\":\"Veikals\",\"item\":\"https:\/\/hobstop.ee\/lv\/veikals\/\"},{\"@type\":\"ListItem\",\"position\":3,\"name\":\"Tinte iespieddarbiem grunts Charbonnel Ultraflex\"}]},{\"@type\":\"WebSite\",\"@id\":\"https:\/\/hobstop.ee\/lv\/#website\",\"url\":\"https:\/\/hobstop.ee\/lv\/\",\"name\":\"Skizze\",\"description\":\"M\u0101kslas, hobiju un skolas preces\",\"publisher\":{\"@id\":\"https:\/\/hobstop.ee\/lv\/#organization\"},\"potentialAction\":[{\"@type\":\"SearchAction\",\"target\":{\"@type\":\"EntryPoint\",\"urlTemplate\":\"https:\/\/hobstop.ee\/lv\/?s={search_term_string}\"},\"query-input\":{\"@type\":\"PropertyValueSpecification\",\"valueRequired\":true,\"valueName\":\"search_term_string\"}}],\"inLanguage\":\"lv-LV\"},{\"@type\":\"Organization\",\"@id\":\"https:\/\/hobstop.ee\/lv\/#organization\",\"name\":\"Vunder AS\",\"url\":\"https:\/\/hobstop.ee\/lv\/\",\"logo\":{\"@type\":\"ImageObject\",\"inLanguage\":\"lv-LV\",\"@id\":\"https:\/\/hobstop.ee\/lv\/#\/schema\/logo\/image\/\",\"url\":\"https:\/\/hobstop.ee\/media\/vunder-logo.png\",\"contentUrl\":\"https:\/\/hobstop.ee\/media\/vunder-logo.png\",\"width\":127,\"height\":55,\"caption\":\"Vunder AS\"},\"image\":{\"@id\":\"https:\/\/hobstop.ee\/lv\/#\/schema\/logo\/image\/\"},\"sameAs\":[\"http:\/\/www.facebook.com\/VunderSkizze\"]}]}<\/script>\n<!-- \/ Yoast SEO plugin. -->","yoast_head_json":{"title":"Tinte iespieddarbiem grunts Charbonnel Ultraflex &#8211; Skizze","robots":{"index":"noindex","follow":"follow","max-snippet":"max-snippet:-1","max-image-preview":"max-image-preview:large","max-video-preview":"max-video-preview:-1"},"og_locale":"lv_LV","og_type":"article","og_title":"Tinte iespieddarbiem grunts Charbonnel Ultraflex &#8211; Skizze","og_description":"Uzkl\u0101jiet aukstu Charbonnel \u0161\u0137idro tinti iespieddarbiem-grunts laku Ultraflex uz virsmas ar smalku oti\u0146u vai instrumentu, kas paredz\u0113ts virsmas p\u0101rkl\u0101\u0161anai, vai ar\u012b lejiet to tie\u0161i virs\u016b uz sl\u012bpi novietotas virsmas. Pateicoties t\u0101s caursp\u012bd\u012bbai, t\u0101 ir ide\u0101li piem\u0113rota otrreiz\u0113jai p\u0101rkl\u0101\u0161anai un atk\u0101rtotu darbu veik\u0161anai.","og_url":"https:\/\/hobstop.ee\/lv\/produkts\/tinte-iespieddarbiem-grunts-charbonnel-ultraflex\/","og_site_name":"Skizze","article_publisher":"http:\/\/www.facebook.com\/VunderSkizze","og_image":[{"width":1024,"height":768,"url":"https:\/\/hobstop.ee\/media\/4381.jpg","type":"image\/jpeg"}],"twitter_card":"summary_large_image","schema":{"@context":"https:\/\/schema.org","@graph":[{"@type":"WebPage","@id":"https:\/\/hobstop.ee\/lv\/produkts\/tinte-iespieddarbiem-grunts-charbonnel-ultraflex\/","url":"https:\/\/hobstop.ee\/lv\/produkts\/tinte-iespieddarbiem-grunts-charbonnel-ultraflex\/","name":"Tinte iespieddarbiem grunts Charbonnel Ultraflex &#8211; Skizze","isPartOf":{"@id":"https:\/\/hobstop.ee\/lv\/#website"},"primaryImageOfPage":{"@id":"https:\/\/hobstop.ee\/lv\/produkts\/tinte-iespieddarbiem-grunts-charbonnel-ultraflex\/#primaryimage"},"image":{"@id":"https:\/\/hobstop.ee\/lv\/produkts\/tinte-iespieddarbiem-grunts-charbonnel-ultraflex\/#primaryimage"},"thumbnailUrl":"https:\/\/hobstop.ee\/media\/4381.jpg","datePublished":"2016-08-05T11:45:26+00:00","dateModified":"2016-08-05T11:45:26+00:00","breadcrumb":{"@id":"https:\/\/hobstop.ee\/lv\/produkts\/tinte-iespieddarbiem-grunts-charbonnel-ultraflex\/#breadcrumb"},"inLanguage":"lv-LV","potentialAction":[{"@type":"ReadAction","target":["https:\/\/hobstop.ee\/lv\/produkts\/tinte-iespieddarbiem-grunts-charbonnel-ultraflex\/"]}]},{"@type":"ImageObject","inLanguage":"lv-LV","@id":"https:\/\/hobstop.ee\/lv\/produkts\/tinte-iespieddarbiem-grunts-charbonnel-ultraflex\/#primaryimage","url":"https:\/\/hobstop.ee\/media\/4381.jpg","contentUrl":"https:\/\/hobstop.ee\/media\/4381.jpg","width":1024,"height":768},{"@type":"BreadcrumbList","@id":"https:\/\/hobstop.ee\/lv\/produkts\/tinte-iespieddarbiem-grunts-charbonnel-ultraflex\/#breadcrumb","itemListElement":[{"@type":"ListItem","position":1,"name":"Avaleht","item":"https:\/\/hobstop.ee\/lv\/"},{"@type":"ListItem","position":2,"name":"Veikals","item":"https:\/\/hobstop.ee\/lv\/veikals\/"},{"@type":"ListItem","position":3,"name":"Tinte iespieddarbiem grunts Charbonnel Ultraflex"}]},{"@type":"WebSite","@id":"https:\/\/hobstop.ee\/lv\/#website","url":"https:\/\/hobstop.ee\/lv\/","name":"Skizze","description":"M\u0101kslas, hobiju un skolas preces","publisher":{"@id":"https:\/\/hobstop.ee\/lv\/#organization"},"potentialAction":[{"@type":"SearchAction","target":{"@type":"EntryPoint","urlTemplate":"https:\/\/hobstop.ee\/lv\/?s={search_term_string}"},"query-input":{"@type":"PropertyValueSpecification","valueRequired":true,"valueName":"search_term_string"}}],"inLanguage":"lv-LV"},{"@type":"Organization","@id":"https:\/\/hobstop.ee\/lv\/#organization","name":"Vunder AS","url":"https:\/\/hobstop.ee\/lv\/","logo":{"@type":"ImageObject","inLanguage":"lv-LV","@id":"https:\/\/hobstop.ee\/lv\/#\/schema\/logo\/image\/","url":"https:\/\/hobstop.ee\/media\/vunder-logo.png","contentUrl":"https:\/\/hobstop.ee\/media\/vunder-logo.png","width":127,"height":55,"caption":"Vunder AS"},"image":{"@id":"https:\/\/hobstop.ee\/lv\/#\/schema\/logo\/image\/"},"sameAs":["http:\/\/www.facebook.com\/VunderSkizze"]}]}},"_links":{"self":[{"href":"https:\/\/hobstop.ee\/lv\/wp-json\/wp\/v2\/product\/272635","targetHints":{"allow":["GET"]}}],"collection":[{"href":"https:\/\/hobstop.ee\/lv\/wp-json\/wp\/v2\/product"}],"about":[{"href":"https:\/\/hobstop.ee\/lv\/wp-json\/wp\/v2\/types\/product"}],"replies":[{"embeddable":true,"href":"https:\/\/hobstop.ee\/lv\/wp-json\/wp\/v2\/comments?post=272635"}],"wp:featuredmedia":[{"embeddable":true,"href":"https:\/\/hobstop.ee\/lv\/wp-json\/wp\/v2\/media\/272647"}],"wp:attachment":[{"href":"https:\/\/hobstop.ee\/lv\/wp-json\/wp\/v2\/media?parent=272635"}],"wp:term":[{"taxonomy":"product_cat","embeddable":true,"href":"https:\/\/hobstop.ee\/lv\/wp-json\/wp\/v2\/product_cat?post=272635"},{"taxonomy":"product_tag","embeddable":true,"href":"https:\/\/hobstop.ee\/lv\/wp-json\/wp\/v2\/product_tag?post=272635"}],"curies":[{"name":"wp","href":"https:\/\/api.w.org\/{rel}","templated":true}]}}