{"id":272639,"date":"2015-09-05T14:45:27","date_gmt":"2016-08-05T11:45:27","guid":{"rendered":"https:\/\/sharks.ee\/vunder_2019\/lv\/product\/skicu-zimulis-conte-a-paris-sanguine\/"},"modified":"2016-08-05T14:45:27","modified_gmt":"2016-08-05T11:45:27","slug":"skicu-zimulis-conte-a-paris-sanguine","status":"publish","type":"product","link":"https:\/\/hobstop.ee\/lv\/produkts\/skicu-zimulis-conte-a-paris-sanguine\/","title":{"rendered":"Ski\u010du z\u012bmulis Conte a Paris Sanguine"},"content":{"rendered":"<p>Conte a Paris Sanguine z\u012bmulis ir izteikt\u0101 &#8220;r\u016bsas&#8221; kr\u0101s\u0101, bet t\u0101 rad\u012bt\u0101s l\u012bnijas var viegli sapludin\u0101t. Z\u012bmulis ar asu galu rada prec\u012bzas l\u012bnijas, kr\u0101sa ir caursp\u012bd\u012bga. Ja ir veikts viegls darba uzmetums, ar \u0161\u012b z\u012bmu\u013ca pal\u012bdz\u012bbu uz pap\u012bra par\u0101d\u0101s tekst\u016bra.  Ar pusasu z\u012bmu\u013ca galu palielin\u0101s spiediens, kas rad\u012bts uz z\u012bmuli, t\u0101d\u0113j\u0101di padarot l\u012bniju kl\u0101\u0161anos un triepienus izteiksm\u012bg\u0101kus.  \u0160is z\u012bmulis tiek bie\u017ei izmantots, lai att\u0113lotu \u0137ermeni. Sare\u017e\u0123\u012bt\u0101ku darbu veik\u0161anai, Pierre Noire pasv\u012btros kontrastus, bet baltais z\u012bmulis izcels gaismu uz \u0137erme\u0146a. Ieteicams aktu att\u0113lo\u0161anai. T\u0101 kr\u0101sa lieliski pal\u012bdz izcelt \u0137erme\u0146a da\u013cas. Sajaucot kr\u0101sas, var rad\u012bt \u0113nu efektus.<\/p>\n","protected":false},"excerpt":{"rendered":"<p>Conte a Paris Sanguine z\u012bmulis ir izteikt\u0101 &#8220;r\u016bsas&#8221; kr\u0101s\u0101, bet t\u0101 rad\u012bt\u0101s l\u012bnijas var viegli sapludin\u0101t. Z\u012bmulis ar asu galu rada prec\u012bzas l\u012bnijas, kr\u0101sa ir caursp\u012bd\u012bga. Ja ir veikts viegls darba uzmetums, ar \u0161\u012b z\u012bmu\u013ca pal\u012bdz\u012bbu uz pap\u012bra par\u0101d\u0101s tekst\u016bra. Ar pusasu z\u012bmu\u013ca galu palielin\u0101s spiediens, kas rad\u012bts uz z\u012bmuli, t\u0101d\u0113j\u0101di padarot l\u012bniju kl\u0101\u0161anos un triepienus izteiksm\u012bg\u0101kus. \u0160is z\u012bmulis tiek bie\u017ei izmantots, lai att\u0113lotu \u0137ermeni. Sare\u017e\u0123\u012bt\u0101ku darbu veik\u0161anai, Pierre Noire pasv\u012btros kontrastus, bet baltais z\u012bmulis izcels gaismu uz \u0137erme\u0146a. Ieteicams aktu att\u0113lo\u0161anai. T\u0101 kr\u0101sa lieliski pal\u012bdz izcelt \u0137erme\u0146a da\u013cas. Sajaucot kr\u0101sas, var rad\u012bt \u0113nu efektus.<\/p>\n","protected":false},"featured_media":272651,"comment_status":"closed","ping_status":"closed","template":"","meta":{"_acf_changed":false,"ep_exclude_from_search":false},"product_cat":[16123,18991,18931],"product_tag":[],"class_list":{"0":"post-272639","1":"product","2":"type-product","3":"status-publish","4":"has-post-thumbnail","6":"product_cat-makslas-piederumi-2","7":"product_cat-skicu-zimuli-2","8":"product_cat-zimesanas-piederumi-3","10":"first","11":"instock","12":"taxable","13":"shipping-taxable","14":"purchasable","15":"product-type-variable"},"acf":[],"yoast_head":"<!-- This site is optimized with the Yoast SEO plugin v24.1 - https:\/\/yoast.com\/wordpress\/plugins\/seo\/ -->\n<title>Ski\u010du z\u012bmulis Conte a Paris Sanguine &#8211; Skizze<\/title>\n<meta name=\"robots\" content=\"noindex, follow, max-snippet:-1, max-image-preview:large, max-video-preview:-1\" \/>\n<meta property=\"og:locale\" content=\"lv_LV\" \/>\n<meta property=\"og:type\" content=\"article\" \/>\n<meta property=\"og:title\" content=\"Ski\u010du z\u012bmulis Conte a Paris Sanguine &#8211; Skizze\" \/>\n<meta property=\"og:description\" content=\"Conte a Paris Sanguine z\u012bmulis ir izteikt\u0101 &#8220;r\u016bsas&#8221; kr\u0101s\u0101, bet t\u0101 rad\u012bt\u0101s l\u012bnijas var viegli sapludin\u0101t. Z\u012bmulis ar asu galu rada prec\u012bzas l\u012bnijas, kr\u0101sa ir caursp\u012bd\u012bga. Ja ir veikts viegls darba uzmetums, ar \u0161\u012b z\u012bmu\u013ca pal\u012bdz\u012bbu uz pap\u012bra par\u0101d\u0101s tekst\u016bra. Ar pusasu z\u012bmu\u013ca galu palielin\u0101s spiediens, kas rad\u012bts uz z\u012bmuli, t\u0101d\u0113j\u0101di padarot l\u012bniju kl\u0101\u0161anos un triepienus izteiksm\u012bg\u0101kus. \u0160is z\u012bmulis tiek bie\u017ei izmantots, lai att\u0113lotu \u0137ermeni. Sare\u017e\u0123\u012bt\u0101ku darbu veik\u0161anai, Pierre Noire pasv\u012btros kontrastus, bet baltais z\u012bmulis izcels gaismu uz \u0137erme\u0146a. Ieteicams aktu att\u0113lo\u0161anai. T\u0101 kr\u0101sa lieliski pal\u012bdz izcelt \u0137erme\u0146a da\u013cas. Sajaucot kr\u0101sas, var rad\u012bt \u0113nu efektus.\" \/>\n<meta property=\"og:url\" content=\"https:\/\/hobstop.ee\/lv\/produkts\/skicu-zimulis-conte-a-paris-sanguine\/\" \/>\n<meta property=\"og:site_name\" content=\"Skizze\" \/>\n<meta property=\"article:publisher\" content=\"http:\/\/www.facebook.com\/VunderSkizze\" \/>\n<meta property=\"og:image\" content=\"https:\/\/hobstop.ee\/media\/4382.jpg\" \/>\n\t<meta property=\"og:image:width\" content=\"1024\" \/>\n\t<meta property=\"og:image:height\" content=\"768\" \/>\n\t<meta property=\"og:image:type\" content=\"image\/jpeg\" \/>\n<meta name=\"twitter:card\" content=\"summary_large_image\" \/>\n<meta name=\"twitter:label1\" content=\"Est. reading time\" \/>\n\t<meta name=\"twitter:data1\" content=\"1 min\u016b\u0161u\" \/>\n<script type=\"application\/ld+json\" class=\"yoast-schema-graph\">{\"@context\":\"https:\/\/schema.org\",\"@graph\":[{\"@type\":\"WebPage\",\"@id\":\"https:\/\/hobstop.ee\/lv\/produkts\/skicu-zimulis-conte-a-paris-sanguine\/\",\"url\":\"https:\/\/hobstop.ee\/lv\/produkts\/skicu-zimulis-conte-a-paris-sanguine\/\",\"name\":\"Ski\u010du z\u012bmulis Conte a Paris Sanguine &#8211; Skizze\",\"isPartOf\":{\"@id\":\"https:\/\/hobstop.ee\/lv\/#website\"},\"primaryImageOfPage\":{\"@id\":\"https:\/\/hobstop.ee\/lv\/produkts\/skicu-zimulis-conte-a-paris-sanguine\/#primaryimage\"},\"image\":{\"@id\":\"https:\/\/hobstop.ee\/lv\/produkts\/skicu-zimulis-conte-a-paris-sanguine\/#primaryimage\"},\"thumbnailUrl\":\"https:\/\/hobstop.ee\/media\/4382.jpg\",\"datePublished\":\"2016-08-05T11:45:27+00:00\",\"dateModified\":\"2016-08-05T11:45:27+00:00\",\"breadcrumb\":{\"@id\":\"https:\/\/hobstop.ee\/lv\/produkts\/skicu-zimulis-conte-a-paris-sanguine\/#breadcrumb\"},\"inLanguage\":\"lv-LV\",\"potentialAction\":[{\"@type\":\"ReadAction\",\"target\":[\"https:\/\/hobstop.ee\/lv\/produkts\/skicu-zimulis-conte-a-paris-sanguine\/\"]}]},{\"@type\":\"ImageObject\",\"inLanguage\":\"lv-LV\",\"@id\":\"https:\/\/hobstop.ee\/lv\/produkts\/skicu-zimulis-conte-a-paris-sanguine\/#primaryimage\",\"url\":\"https:\/\/hobstop.ee\/media\/4382.jpg\",\"contentUrl\":\"https:\/\/hobstop.ee\/media\/4382.jpg\",\"width\":1024,\"height\":768},{\"@type\":\"BreadcrumbList\",\"@id\":\"https:\/\/hobstop.ee\/lv\/produkts\/skicu-zimulis-conte-a-paris-sanguine\/#breadcrumb\",\"itemListElement\":[{\"@type\":\"ListItem\",\"position\":1,\"name\":\"Avaleht\",\"item\":\"https:\/\/hobstop.ee\/lv\/\"},{\"@type\":\"ListItem\",\"position\":2,\"name\":\"Veikals\",\"item\":\"https:\/\/hobstop.ee\/lv\/veikals\/\"},{\"@type\":\"ListItem\",\"position\":3,\"name\":\"Ski\u010du z\u012bmulis Conte a Paris Sanguine\"}]},{\"@type\":\"WebSite\",\"@id\":\"https:\/\/hobstop.ee\/lv\/#website\",\"url\":\"https:\/\/hobstop.ee\/lv\/\",\"name\":\"Skizze\",\"description\":\"M\u0101kslas, hobiju un skolas preces\",\"publisher\":{\"@id\":\"https:\/\/hobstop.ee\/lv\/#organization\"},\"potentialAction\":[{\"@type\":\"SearchAction\",\"target\":{\"@type\":\"EntryPoint\",\"urlTemplate\":\"https:\/\/hobstop.ee\/lv\/?s={search_term_string}\"},\"query-input\":{\"@type\":\"PropertyValueSpecification\",\"valueRequired\":true,\"valueName\":\"search_term_string\"}}],\"inLanguage\":\"lv-LV\"},{\"@type\":\"Organization\",\"@id\":\"https:\/\/hobstop.ee\/lv\/#organization\",\"name\":\"Vunder AS\",\"url\":\"https:\/\/hobstop.ee\/lv\/\",\"logo\":{\"@type\":\"ImageObject\",\"inLanguage\":\"lv-LV\",\"@id\":\"https:\/\/hobstop.ee\/lv\/#\/schema\/logo\/image\/\",\"url\":\"https:\/\/hobstop.ee\/media\/vunder-logo.png\",\"contentUrl\":\"https:\/\/hobstop.ee\/media\/vunder-logo.png\",\"width\":127,\"height\":55,\"caption\":\"Vunder AS\"},\"image\":{\"@id\":\"https:\/\/hobstop.ee\/lv\/#\/schema\/logo\/image\/\"},\"sameAs\":[\"http:\/\/www.facebook.com\/VunderSkizze\"]}]}<\/script>\n<!-- \/ Yoast SEO plugin. -->","yoast_head_json":{"title":"Ski\u010du z\u012bmulis Conte a Paris Sanguine &#8211; Skizze","robots":{"index":"noindex","follow":"follow","max-snippet":"max-snippet:-1","max-image-preview":"max-image-preview:large","max-video-preview":"max-video-preview:-1"},"og_locale":"lv_LV","og_type":"article","og_title":"Ski\u010du z\u012bmulis Conte a Paris Sanguine &#8211; Skizze","og_description":"Conte a Paris Sanguine z\u012bmulis ir izteikt\u0101 &#8220;r\u016bsas&#8221; kr\u0101s\u0101, bet t\u0101 rad\u012bt\u0101s l\u012bnijas var viegli sapludin\u0101t. Z\u012bmulis ar asu galu rada prec\u012bzas l\u012bnijas, kr\u0101sa ir caursp\u012bd\u012bga. Ja ir veikts viegls darba uzmetums, ar \u0161\u012b z\u012bmu\u013ca pal\u012bdz\u012bbu uz pap\u012bra par\u0101d\u0101s tekst\u016bra. Ar pusasu z\u012bmu\u013ca galu palielin\u0101s spiediens, kas rad\u012bts uz z\u012bmuli, t\u0101d\u0113j\u0101di padarot l\u012bniju kl\u0101\u0161anos un triepienus izteiksm\u012bg\u0101kus. \u0160is z\u012bmulis tiek bie\u017ei izmantots, lai att\u0113lotu \u0137ermeni. Sare\u017e\u0123\u012bt\u0101ku darbu veik\u0161anai, Pierre Noire pasv\u012btros kontrastus, bet baltais z\u012bmulis izcels gaismu uz \u0137erme\u0146a. Ieteicams aktu att\u0113lo\u0161anai. T\u0101 kr\u0101sa lieliski pal\u012bdz izcelt \u0137erme\u0146a da\u013cas. Sajaucot kr\u0101sas, var rad\u012bt \u0113nu efektus.","og_url":"https:\/\/hobstop.ee\/lv\/produkts\/skicu-zimulis-conte-a-paris-sanguine\/","og_site_name":"Skizze","article_publisher":"http:\/\/www.facebook.com\/VunderSkizze","og_image":[{"width":1024,"height":768,"url":"https:\/\/hobstop.ee\/media\/4382.jpg","type":"image\/jpeg"}],"twitter_card":"summary_large_image","twitter_misc":{"Est. reading time":"1 min\u016b\u0161u"},"schema":{"@context":"https:\/\/schema.org","@graph":[{"@type":"WebPage","@id":"https:\/\/hobstop.ee\/lv\/produkts\/skicu-zimulis-conte-a-paris-sanguine\/","url":"https:\/\/hobstop.ee\/lv\/produkts\/skicu-zimulis-conte-a-paris-sanguine\/","name":"Ski\u010du z\u012bmulis Conte a Paris Sanguine &#8211; Skizze","isPartOf":{"@id":"https:\/\/hobstop.ee\/lv\/#website"},"primaryImageOfPage":{"@id":"https:\/\/hobstop.ee\/lv\/produkts\/skicu-zimulis-conte-a-paris-sanguine\/#primaryimage"},"image":{"@id":"https:\/\/hobstop.ee\/lv\/produkts\/skicu-zimulis-conte-a-paris-sanguine\/#primaryimage"},"thumbnailUrl":"https:\/\/hobstop.ee\/media\/4382.jpg","datePublished":"2016-08-05T11:45:27+00:00","dateModified":"2016-08-05T11:45:27+00:00","breadcrumb":{"@id":"https:\/\/hobstop.ee\/lv\/produkts\/skicu-zimulis-conte-a-paris-sanguine\/#breadcrumb"},"inLanguage":"lv-LV","potentialAction":[{"@type":"ReadAction","target":["https:\/\/hobstop.ee\/lv\/produkts\/skicu-zimulis-conte-a-paris-sanguine\/"]}]},{"@type":"ImageObject","inLanguage":"lv-LV","@id":"https:\/\/hobstop.ee\/lv\/produkts\/skicu-zimulis-conte-a-paris-sanguine\/#primaryimage","url":"https:\/\/hobstop.ee\/media\/4382.jpg","contentUrl":"https:\/\/hobstop.ee\/media\/4382.jpg","width":1024,"height":768},{"@type":"BreadcrumbList","@id":"https:\/\/hobstop.ee\/lv\/produkts\/skicu-zimulis-conte-a-paris-sanguine\/#breadcrumb","itemListElement":[{"@type":"ListItem","position":1,"name":"Avaleht","item":"https:\/\/hobstop.ee\/lv\/"},{"@type":"ListItem","position":2,"name":"Veikals","item":"https:\/\/hobstop.ee\/lv\/veikals\/"},{"@type":"ListItem","position":3,"name":"Ski\u010du z\u012bmulis Conte a Paris Sanguine"}]},{"@type":"WebSite","@id":"https:\/\/hobstop.ee\/lv\/#website","url":"https:\/\/hobstop.ee\/lv\/","name":"Skizze","description":"M\u0101kslas, hobiju un skolas preces","publisher":{"@id":"https:\/\/hobstop.ee\/lv\/#organization"},"potentialAction":[{"@type":"SearchAction","target":{"@type":"EntryPoint","urlTemplate":"https:\/\/hobstop.ee\/lv\/?s={search_term_string}"},"query-input":{"@type":"PropertyValueSpecification","valueRequired":true,"valueName":"search_term_string"}}],"inLanguage":"lv-LV"},{"@type":"Organization","@id":"https:\/\/hobstop.ee\/lv\/#organization","name":"Vunder AS","url":"https:\/\/hobstop.ee\/lv\/","logo":{"@type":"ImageObject","inLanguage":"lv-LV","@id":"https:\/\/hobstop.ee\/lv\/#\/schema\/logo\/image\/","url":"https:\/\/hobstop.ee\/media\/vunder-logo.png","contentUrl":"https:\/\/hobstop.ee\/media\/vunder-logo.png","width":127,"height":55,"caption":"Vunder AS"},"image":{"@id":"https:\/\/hobstop.ee\/lv\/#\/schema\/logo\/image\/"},"sameAs":["http:\/\/www.facebook.com\/VunderSkizze"]}]}},"_links":{"self":[{"href":"https:\/\/hobstop.ee\/lv\/wp-json\/wp\/v2\/product\/272639","targetHints":{"allow":["GET"]}}],"collection":[{"href":"https:\/\/hobstop.ee\/lv\/wp-json\/wp\/v2\/product"}],"about":[{"href":"https:\/\/hobstop.ee\/lv\/wp-json\/wp\/v2\/types\/product"}],"replies":[{"embeddable":true,"href":"https:\/\/hobstop.ee\/lv\/wp-json\/wp\/v2\/comments?post=272639"}],"wp:featuredmedia":[{"embeddable":true,"href":"https:\/\/hobstop.ee\/lv\/wp-json\/wp\/v2\/media\/272651"}],"wp:attachment":[{"href":"https:\/\/hobstop.ee\/lv\/wp-json\/wp\/v2\/media?parent=272639"}],"wp:term":[{"taxonomy":"product_cat","embeddable":true,"href":"https:\/\/hobstop.ee\/lv\/wp-json\/wp\/v2\/product_cat?post=272639"},{"taxonomy":"product_tag","embeddable":true,"href":"https:\/\/hobstop.ee\/lv\/wp-json\/wp\/v2\/product_tag?post=272639"}],"curies":[{"name":"wp","href":"https:\/\/api.w.org\/{rel}","templated":true}]}}