{"id":272643,"date":"2015-09-05T14:45:28","date_gmt":"2016-08-05T11:45:28","guid":{"rendered":"https:\/\/sharks.ee\/vunder_2019\/lv\/product\/skicu-zimulis-conte-a-paris-sepia\/"},"modified":"2016-08-05T14:45:28","modified_gmt":"2016-08-05T11:45:28","slug":"skicu-zimulis-conte-a-paris-sepia","status":"publish","type":"product","link":"https:\/\/hobstop.ee\/lv\/produkts\/skicu-zimulis-conte-a-paris-sepia\/","title":{"rendered":"Ski\u010du z\u012bmulis Conte a Paris Sepia"},"content":{"rendered":"<p>Ar Conte a Paris Sepia ski\u010du z\u012bmuli ir viegli rad\u012bt \u0113nas, bet t\u0101 kr\u0101sa atg\u0101dina viegli dedzin\u0101tu umbru jeb br\u016bnganu pigmentu. Ar maksim\u0101li noasin\u0101tu z\u012bmu\u013ca galu iesp\u0113jams sasniegt izcili akur\u0101tu un prec\u012bzi pabeigtu darbu. Ar  pusasu z\u012bmu\u013ca galu darbs k\u013c\u016bst maz\u0101k caursp\u012bd\u012bgs, jo spiediens, kas tiek izdar\u012bts uz z\u012bmuli, palielin\u0101s. To var lietot taup\u012bgi vienu pa\u0161u, ta\u010du sare\u017e\u0123\u012bt\u0101ku darbu veik\u0161anai, to var jaukt ar\u012b ar Sanguine, White, kokogles vai Pierre Noire z\u012bmu\u013ciem. Ieteicams izmantot nepabeigt\u0101m skic\u0113m, aktiem (\u013cauj izcelt visvair\u0101k kontrast\u0113jo\u0161\u0101s \u0137erme\u0146a da\u013cas), portretiem (uzsver un izce\u013c sejas pantus) un ainav\u0101m (acumirkl\u012b pasv\u012btro koka stumbra vai m\u0101jas fas\u0101des kr\u0101su).<\/p>\n","protected":false},"excerpt":{"rendered":"<p>Ar Conte a Paris Sepia ski\u010du z\u012bmuli ir viegli rad\u012bt \u0113nas, bet t\u0101 kr\u0101sa atg\u0101dina viegli dedzin\u0101tu umbru jeb br\u016bnganu pigmentu. Ar maksim\u0101li noasin\u0101tu z\u012bmu\u013ca galu iesp\u0113jams sasniegt izcili akur\u0101tu un prec\u012bzi pabeigtu darbu. Ar pusasu z\u012bmu\u013ca galu darbs k\u013c\u016bst maz\u0101k caursp\u012bd\u012bgs, jo spiediens, kas tiek izdar\u012bts uz z\u012bmuli, palielin\u0101s. To var lietot taup\u012bgi vienu pa\u0161u, ta\u010du sare\u017e\u0123\u012bt\u0101ku darbu veik\u0161anai, to var jaukt ar\u012b ar Sanguine, White, kokogles vai Pierre Noire z\u012bmu\u013ciem. Ieteicams izmantot nepabeigt\u0101m skic\u0113m, aktiem (\u013cauj izcelt visvair\u0101k kontrast\u0113jo\u0161\u0101s \u0137erme\u0146a da\u013cas), portretiem (uzsver un izce\u013c sejas pantus) un ainav\u0101m (acumirkl\u012b pasv\u012btro koka stumbra vai m\u0101jas fas\u0101des kr\u0101su).<\/p>\n","protected":false},"featured_media":272655,"comment_status":"closed","ping_status":"closed","template":"","meta":{"_acf_changed":false,"ep_exclude_from_search":false},"product_cat":[16123,18991,18931],"product_tag":[],"class_list":{"0":"post-272643","1":"product","2":"type-product","3":"status-publish","4":"has-post-thumbnail","6":"product_cat-makslas-piederumi-2","7":"product_cat-skicu-zimuli-2","8":"product_cat-zimesanas-piederumi-3","10":"first","11":"outofstock","12":"taxable","13":"shipping-taxable","14":"purchasable","15":"product-type-variable"},"acf":[],"yoast_head":"<!-- This site is optimized with the Yoast SEO plugin v24.1 - https:\/\/yoast.com\/wordpress\/plugins\/seo\/ -->\n<title>Ski\u010du z\u012bmulis Conte a Paris Sepia &#8211; Skizze<\/title>\n<meta name=\"robots\" content=\"noindex, follow, max-snippet:-1, max-image-preview:large, max-video-preview:-1\" \/>\n<meta property=\"og:locale\" content=\"lv_LV\" \/>\n<meta property=\"og:type\" content=\"article\" \/>\n<meta property=\"og:title\" content=\"Ski\u010du z\u012bmulis Conte a Paris Sepia &#8211; Skizze\" \/>\n<meta property=\"og:description\" content=\"Ar Conte a Paris Sepia ski\u010du z\u012bmuli ir viegli rad\u012bt \u0113nas, bet t\u0101 kr\u0101sa atg\u0101dina viegli dedzin\u0101tu umbru jeb br\u016bnganu pigmentu. Ar maksim\u0101li noasin\u0101tu z\u012bmu\u013ca galu iesp\u0113jams sasniegt izcili akur\u0101tu un prec\u012bzi pabeigtu darbu. Ar pusasu z\u012bmu\u013ca galu darbs k\u013c\u016bst maz\u0101k caursp\u012bd\u012bgs, jo spiediens, kas tiek izdar\u012bts uz z\u012bmuli, palielin\u0101s. To var lietot taup\u012bgi vienu pa\u0161u, ta\u010du sare\u017e\u0123\u012bt\u0101ku darbu veik\u0161anai, to var jaukt ar\u012b ar Sanguine, White, kokogles vai Pierre Noire z\u012bmu\u013ciem. Ieteicams izmantot nepabeigt\u0101m skic\u0113m, aktiem (\u013cauj izcelt visvair\u0101k kontrast\u0113jo\u0161\u0101s \u0137erme\u0146a da\u013cas), portretiem (uzsver un izce\u013c sejas pantus) un ainav\u0101m (acumirkl\u012b pasv\u012btro koka stumbra vai m\u0101jas fas\u0101des kr\u0101su).\" \/>\n<meta property=\"og:url\" content=\"https:\/\/hobstop.ee\/lv\/produkts\/skicu-zimulis-conte-a-paris-sepia\/\" \/>\n<meta property=\"og:site_name\" content=\"Skizze\" \/>\n<meta property=\"article:publisher\" content=\"http:\/\/www.facebook.com\/VunderSkizze\" \/>\n<meta property=\"og:image\" content=\"https:\/\/hobstop.ee\/media\/4383.jpg\" \/>\n\t<meta property=\"og:image:width\" content=\"1024\" \/>\n\t<meta property=\"og:image:height\" content=\"768\" \/>\n\t<meta property=\"og:image:type\" content=\"image\/jpeg\" \/>\n<meta name=\"twitter:card\" content=\"summary_large_image\" \/>\n<meta name=\"twitter:label1\" content=\"Est. reading time\" \/>\n\t<meta name=\"twitter:data1\" content=\"1 min\u016b\u0161u\" \/>\n<script type=\"application\/ld+json\" class=\"yoast-schema-graph\">{\"@context\":\"https:\/\/schema.org\",\"@graph\":[{\"@type\":\"WebPage\",\"@id\":\"https:\/\/hobstop.ee\/lv\/produkts\/skicu-zimulis-conte-a-paris-sepia\/\",\"url\":\"https:\/\/hobstop.ee\/lv\/produkts\/skicu-zimulis-conte-a-paris-sepia\/\",\"name\":\"Ski\u010du z\u012bmulis Conte a Paris Sepia &#8211; Skizze\",\"isPartOf\":{\"@id\":\"https:\/\/hobstop.ee\/lv\/#website\"},\"primaryImageOfPage\":{\"@id\":\"https:\/\/hobstop.ee\/lv\/produkts\/skicu-zimulis-conte-a-paris-sepia\/#primaryimage\"},\"image\":{\"@id\":\"https:\/\/hobstop.ee\/lv\/produkts\/skicu-zimulis-conte-a-paris-sepia\/#primaryimage\"},\"thumbnailUrl\":\"https:\/\/hobstop.ee\/media\/4383.jpg\",\"datePublished\":\"2016-08-05T11:45:28+00:00\",\"dateModified\":\"2016-08-05T11:45:28+00:00\",\"breadcrumb\":{\"@id\":\"https:\/\/hobstop.ee\/lv\/produkts\/skicu-zimulis-conte-a-paris-sepia\/#breadcrumb\"},\"inLanguage\":\"lv-LV\",\"potentialAction\":[{\"@type\":\"ReadAction\",\"target\":[\"https:\/\/hobstop.ee\/lv\/produkts\/skicu-zimulis-conte-a-paris-sepia\/\"]}]},{\"@type\":\"ImageObject\",\"inLanguage\":\"lv-LV\",\"@id\":\"https:\/\/hobstop.ee\/lv\/produkts\/skicu-zimulis-conte-a-paris-sepia\/#primaryimage\",\"url\":\"https:\/\/hobstop.ee\/media\/4383.jpg\",\"contentUrl\":\"https:\/\/hobstop.ee\/media\/4383.jpg\",\"width\":1024,\"height\":768},{\"@type\":\"BreadcrumbList\",\"@id\":\"https:\/\/hobstop.ee\/lv\/produkts\/skicu-zimulis-conte-a-paris-sepia\/#breadcrumb\",\"itemListElement\":[{\"@type\":\"ListItem\",\"position\":1,\"name\":\"Avaleht\",\"item\":\"https:\/\/hobstop.ee\/lv\/\"},{\"@type\":\"ListItem\",\"position\":2,\"name\":\"Veikals\",\"item\":\"https:\/\/hobstop.ee\/lv\/veikals\/\"},{\"@type\":\"ListItem\",\"position\":3,\"name\":\"Ski\u010du z\u012bmulis Conte a Paris Sepia\"}]},{\"@type\":\"WebSite\",\"@id\":\"https:\/\/hobstop.ee\/lv\/#website\",\"url\":\"https:\/\/hobstop.ee\/lv\/\",\"name\":\"Skizze\",\"description\":\"M\u0101kslas, hobiju un skolas preces\",\"publisher\":{\"@id\":\"https:\/\/hobstop.ee\/lv\/#organization\"},\"potentialAction\":[{\"@type\":\"SearchAction\",\"target\":{\"@type\":\"EntryPoint\",\"urlTemplate\":\"https:\/\/hobstop.ee\/lv\/?s={search_term_string}\"},\"query-input\":{\"@type\":\"PropertyValueSpecification\",\"valueRequired\":true,\"valueName\":\"search_term_string\"}}],\"inLanguage\":\"lv-LV\"},{\"@type\":\"Organization\",\"@id\":\"https:\/\/hobstop.ee\/lv\/#organization\",\"name\":\"Vunder AS\",\"url\":\"https:\/\/hobstop.ee\/lv\/\",\"logo\":{\"@type\":\"ImageObject\",\"inLanguage\":\"lv-LV\",\"@id\":\"https:\/\/hobstop.ee\/lv\/#\/schema\/logo\/image\/\",\"url\":\"https:\/\/hobstop.ee\/media\/vunder-logo.png\",\"contentUrl\":\"https:\/\/hobstop.ee\/media\/vunder-logo.png\",\"width\":127,\"height\":55,\"caption\":\"Vunder AS\"},\"image\":{\"@id\":\"https:\/\/hobstop.ee\/lv\/#\/schema\/logo\/image\/\"},\"sameAs\":[\"http:\/\/www.facebook.com\/VunderSkizze\"]}]}<\/script>\n<!-- \/ Yoast SEO plugin. -->","yoast_head_json":{"title":"Ski\u010du z\u012bmulis Conte a Paris Sepia &#8211; Skizze","robots":{"index":"noindex","follow":"follow","max-snippet":"max-snippet:-1","max-image-preview":"max-image-preview:large","max-video-preview":"max-video-preview:-1"},"og_locale":"lv_LV","og_type":"article","og_title":"Ski\u010du z\u012bmulis Conte a Paris Sepia &#8211; Skizze","og_description":"Ar Conte a Paris Sepia ski\u010du z\u012bmuli ir viegli rad\u012bt \u0113nas, bet t\u0101 kr\u0101sa atg\u0101dina viegli dedzin\u0101tu umbru jeb br\u016bnganu pigmentu. Ar maksim\u0101li noasin\u0101tu z\u012bmu\u013ca galu iesp\u0113jams sasniegt izcili akur\u0101tu un prec\u012bzi pabeigtu darbu. Ar pusasu z\u012bmu\u013ca galu darbs k\u013c\u016bst maz\u0101k caursp\u012bd\u012bgs, jo spiediens, kas tiek izdar\u012bts uz z\u012bmuli, palielin\u0101s. To var lietot taup\u012bgi vienu pa\u0161u, ta\u010du sare\u017e\u0123\u012bt\u0101ku darbu veik\u0161anai, to var jaukt ar\u012b ar Sanguine, White, kokogles vai Pierre Noire z\u012bmu\u013ciem. Ieteicams izmantot nepabeigt\u0101m skic\u0113m, aktiem (\u013cauj izcelt visvair\u0101k kontrast\u0113jo\u0161\u0101s \u0137erme\u0146a da\u013cas), portretiem (uzsver un izce\u013c sejas pantus) un ainav\u0101m (acumirkl\u012b pasv\u012btro koka stumbra vai m\u0101jas fas\u0101des kr\u0101su).","og_url":"https:\/\/hobstop.ee\/lv\/produkts\/skicu-zimulis-conte-a-paris-sepia\/","og_site_name":"Skizze","article_publisher":"http:\/\/www.facebook.com\/VunderSkizze","og_image":[{"width":1024,"height":768,"url":"https:\/\/hobstop.ee\/media\/4383.jpg","type":"image\/jpeg"}],"twitter_card":"summary_large_image","twitter_misc":{"Est. reading time":"1 min\u016b\u0161u"},"schema":{"@context":"https:\/\/schema.org","@graph":[{"@type":"WebPage","@id":"https:\/\/hobstop.ee\/lv\/produkts\/skicu-zimulis-conte-a-paris-sepia\/","url":"https:\/\/hobstop.ee\/lv\/produkts\/skicu-zimulis-conte-a-paris-sepia\/","name":"Ski\u010du z\u012bmulis Conte a Paris Sepia &#8211; Skizze","isPartOf":{"@id":"https:\/\/hobstop.ee\/lv\/#website"},"primaryImageOfPage":{"@id":"https:\/\/hobstop.ee\/lv\/produkts\/skicu-zimulis-conte-a-paris-sepia\/#primaryimage"},"image":{"@id":"https:\/\/hobstop.ee\/lv\/produkts\/skicu-zimulis-conte-a-paris-sepia\/#primaryimage"},"thumbnailUrl":"https:\/\/hobstop.ee\/media\/4383.jpg","datePublished":"2016-08-05T11:45:28+00:00","dateModified":"2016-08-05T11:45:28+00:00","breadcrumb":{"@id":"https:\/\/hobstop.ee\/lv\/produkts\/skicu-zimulis-conte-a-paris-sepia\/#breadcrumb"},"inLanguage":"lv-LV","potentialAction":[{"@type":"ReadAction","target":["https:\/\/hobstop.ee\/lv\/produkts\/skicu-zimulis-conte-a-paris-sepia\/"]}]},{"@type":"ImageObject","inLanguage":"lv-LV","@id":"https:\/\/hobstop.ee\/lv\/produkts\/skicu-zimulis-conte-a-paris-sepia\/#primaryimage","url":"https:\/\/hobstop.ee\/media\/4383.jpg","contentUrl":"https:\/\/hobstop.ee\/media\/4383.jpg","width":1024,"height":768},{"@type":"BreadcrumbList","@id":"https:\/\/hobstop.ee\/lv\/produkts\/skicu-zimulis-conte-a-paris-sepia\/#breadcrumb","itemListElement":[{"@type":"ListItem","position":1,"name":"Avaleht","item":"https:\/\/hobstop.ee\/lv\/"},{"@type":"ListItem","position":2,"name":"Veikals","item":"https:\/\/hobstop.ee\/lv\/veikals\/"},{"@type":"ListItem","position":3,"name":"Ski\u010du z\u012bmulis Conte a Paris Sepia"}]},{"@type":"WebSite","@id":"https:\/\/hobstop.ee\/lv\/#website","url":"https:\/\/hobstop.ee\/lv\/","name":"Skizze","description":"M\u0101kslas, hobiju un skolas preces","publisher":{"@id":"https:\/\/hobstop.ee\/lv\/#organization"},"potentialAction":[{"@type":"SearchAction","target":{"@type":"EntryPoint","urlTemplate":"https:\/\/hobstop.ee\/lv\/?s={search_term_string}"},"query-input":{"@type":"PropertyValueSpecification","valueRequired":true,"valueName":"search_term_string"}}],"inLanguage":"lv-LV"},{"@type":"Organization","@id":"https:\/\/hobstop.ee\/lv\/#organization","name":"Vunder AS","url":"https:\/\/hobstop.ee\/lv\/","logo":{"@type":"ImageObject","inLanguage":"lv-LV","@id":"https:\/\/hobstop.ee\/lv\/#\/schema\/logo\/image\/","url":"https:\/\/hobstop.ee\/media\/vunder-logo.png","contentUrl":"https:\/\/hobstop.ee\/media\/vunder-logo.png","width":127,"height":55,"caption":"Vunder AS"},"image":{"@id":"https:\/\/hobstop.ee\/lv\/#\/schema\/logo\/image\/"},"sameAs":["http:\/\/www.facebook.com\/VunderSkizze"]}]}},"_links":{"self":[{"href":"https:\/\/hobstop.ee\/lv\/wp-json\/wp\/v2\/product\/272643","targetHints":{"allow":["GET"]}}],"collection":[{"href":"https:\/\/hobstop.ee\/lv\/wp-json\/wp\/v2\/product"}],"about":[{"href":"https:\/\/hobstop.ee\/lv\/wp-json\/wp\/v2\/types\/product"}],"replies":[{"embeddable":true,"href":"https:\/\/hobstop.ee\/lv\/wp-json\/wp\/v2\/comments?post=272643"}],"wp:featuredmedia":[{"embeddable":true,"href":"https:\/\/hobstop.ee\/lv\/wp-json\/wp\/v2\/media\/272655"}],"wp:attachment":[{"href":"https:\/\/hobstop.ee\/lv\/wp-json\/wp\/v2\/media?parent=272643"}],"wp:term":[{"taxonomy":"product_cat","embeddable":true,"href":"https:\/\/hobstop.ee\/lv\/wp-json\/wp\/v2\/product_cat?post=272643"},{"taxonomy":"product_tag","embeddable":true,"href":"https:\/\/hobstop.ee\/lv\/wp-json\/wp\/v2\/product_tag?post=272643"}],"curies":[{"name":"wp","href":"https:\/\/api.w.org\/{rel}","templated":true}]}}