{"id":273104,"date":"2016-08-22T14:32:59","date_gmt":"2016-08-22T11:32:59","guid":{"rendered":"https:\/\/sharks.ee\/vunder_2019\/lv\/product\/guasa-krasa-lb-education-60ml\/"},"modified":"2016-08-22T14:32:59","modified_gmt":"2016-08-22T11:32:59","slug":"guasa-krasa-lb-education-60ml","status":"publish","type":"product","link":"https:\/\/hobstop.ee\/lv\/produkts\/guasa-krasa-lb-education-60ml\/","title":{"rendered":"Gua\u0161a kr\u0101sa L&#038;B Education 60ml"},"content":{"rendered":"<p>Lefranc&#038;Bourgeois Education gua\u0161as kr\u0101sas spilgtos to\u0146os viegli kl\u0101j\u0101s. Ide\u0101li piem\u0113rotas b\u0113rniem. Kr\u0101sa ar kr\u0113mveida konsistenci. Kr\u0101sas var viegli jaukt sav\u0101 starp\u0101. Darba instrumenti un virsmas var v\u0113l\u0101k \u0113rti un viegli not\u012br\u012bt ar ziepes saturo\u0161u t\u012br\u012b\u0161anas l\u012bdzekli. Piem\u0113rots da\u017e\u0101d\u0101m virsm\u0101m: pap\u012bram, kartonam, kokam, \u0161paktelei utt.<\/p>\n","protected":false},"excerpt":{"rendered":"<p>Lefranc&#038;Bourgeois Education gua\u0161as kr\u0101sas spilgtos to\u0146os viegli kl\u0101j\u0101s. Ide\u0101li piem\u0113rotas b\u0113rniem. Kr\u0101sa ar kr\u0113mveida konsistenci. Kr\u0101sas var viegli jaukt sav\u0101 starp\u0101. Darba instrumenti un virsmas var v\u0113l\u0101k \u0113rti un viegli not\u012br\u012bt ar ziepes saturo\u0161u t\u012br\u012b\u0161anas l\u012bdzekli. Piem\u0113rots da\u017e\u0101d\u0101m virsm\u0101m: pap\u012bram, kartonam, kokam, \u0161paktelei utt.<\/p>\n","protected":false},"featured_media":0,"comment_status":"closed","ping_status":"closed","template":"","meta":{"_acf_changed":false,"ep_exclude_from_search":false},"product_cat":[18925,18958,17916],"product_tag":[],"class_list":{"0":"post-273104","1":"product","2":"type-product","3":"status-publish","5":"product_cat-gleznosanas-piederumi","6":"product_cat-guasa-krasas-2","7":"product_cat-preces-skolai","9":"first","10":"instock","11":"taxable","12":"shipping-taxable","13":"purchasable","14":"product-type-simple"},"acf":[],"yoast_head":"<!-- This site is optimized with the Yoast SEO plugin v24.1 - https:\/\/yoast.com\/wordpress\/plugins\/seo\/ -->\n<title>Gua\u0161a kr\u0101sa L&amp;B Education 60ml &#8211; Skizze<\/title>\n<meta name=\"robots\" content=\"noindex, follow, max-snippet:-1, max-image-preview:large, max-video-preview:-1\" \/>\n<meta property=\"og:locale\" content=\"lv_LV\" \/>\n<meta property=\"og:type\" content=\"article\" \/>\n<meta property=\"og:title\" content=\"Gua\u0161a kr\u0101sa L&amp;B Education 60ml &#8211; Skizze\" \/>\n<meta property=\"og:description\" content=\"Lefranc&#038;Bourgeois Education gua\u0161as kr\u0101sas spilgtos to\u0146os viegli kl\u0101j\u0101s. Ide\u0101li piem\u0113rotas b\u0113rniem. Kr\u0101sa ar kr\u0113mveida konsistenci. Kr\u0101sas var viegli jaukt sav\u0101 starp\u0101. Darba instrumenti un virsmas var v\u0113l\u0101k \u0113rti un viegli not\u012br\u012bt ar ziepes saturo\u0161u t\u012br\u012b\u0161anas l\u012bdzekli. Piem\u0113rots da\u017e\u0101d\u0101m virsm\u0101m: pap\u012bram, kartonam, kokam, \u0161paktelei utt.\" \/>\n<meta property=\"og:url\" content=\"https:\/\/hobstop.ee\/lv\/produkts\/guasa-krasa-lb-education-60ml\/\" \/>\n<meta property=\"og:site_name\" content=\"Skizze\" \/>\n<meta property=\"article:publisher\" content=\"http:\/\/www.facebook.com\/VunderSkizze\" \/>\n<meta name=\"twitter:card\" content=\"summary_large_image\" \/>\n<script type=\"application\/ld+json\" class=\"yoast-schema-graph\">{\"@context\":\"https:\/\/schema.org\",\"@graph\":[{\"@type\":\"WebPage\",\"@id\":\"https:\/\/hobstop.ee\/lv\/produkts\/guasa-krasa-lb-education-60ml\/\",\"url\":\"https:\/\/hobstop.ee\/lv\/produkts\/guasa-krasa-lb-education-60ml\/\",\"name\":\"Gua\u0161a kr\u0101sa L&B Education 60ml &#8211; Skizze\",\"isPartOf\":{\"@id\":\"https:\/\/hobstop.ee\/lv\/#website\"},\"datePublished\":\"2016-08-22T11:32:59+00:00\",\"dateModified\":\"2016-08-22T11:32:59+00:00\",\"breadcrumb\":{\"@id\":\"https:\/\/hobstop.ee\/lv\/produkts\/guasa-krasa-lb-education-60ml\/#breadcrumb\"},\"inLanguage\":\"lv-LV\",\"potentialAction\":[{\"@type\":\"ReadAction\",\"target\":[\"https:\/\/hobstop.ee\/lv\/produkts\/guasa-krasa-lb-education-60ml\/\"]}]},{\"@type\":\"BreadcrumbList\",\"@id\":\"https:\/\/hobstop.ee\/lv\/produkts\/guasa-krasa-lb-education-60ml\/#breadcrumb\",\"itemListElement\":[{\"@type\":\"ListItem\",\"position\":1,\"name\":\"Avaleht\",\"item\":\"https:\/\/www.hobstop.ee\/lv\/\"},{\"@type\":\"ListItem\",\"position\":2,\"name\":\"Veikals\",\"item\":\"https:\/\/www.hobstop.ee\/lv\/veikals\/\"},{\"@type\":\"ListItem\",\"position\":3,\"name\":\"Gua\u0161a kr\u0101sa L&#038;B Education 60ml\"}]},{\"@type\":\"WebSite\",\"@id\":\"https:\/\/hobstop.ee\/lv\/#website\",\"url\":\"https:\/\/hobstop.ee\/lv\/\",\"name\":\"Skizze\",\"description\":\"M\u0101kslas, hobiju un skolas preces\",\"publisher\":{\"@id\":\"https:\/\/hobstop.ee\/lv\/#organization\"},\"potentialAction\":[{\"@type\":\"SearchAction\",\"target\":{\"@type\":\"EntryPoint\",\"urlTemplate\":\"https:\/\/hobstop.ee\/lv\/?s={search_term_string}\"},\"query-input\":{\"@type\":\"PropertyValueSpecification\",\"valueRequired\":true,\"valueName\":\"search_term_string\"}}],\"inLanguage\":\"lv-LV\"},{\"@type\":\"Organization\",\"@id\":\"https:\/\/hobstop.ee\/lv\/#organization\",\"name\":\"Vunder AS\",\"url\":\"https:\/\/hobstop.ee\/lv\/\",\"logo\":{\"@type\":\"ImageObject\",\"inLanguage\":\"lv-LV\",\"@id\":\"https:\/\/hobstop.ee\/lv\/#\/schema\/logo\/image\/\",\"url\":\"https:\/\/hobstop.ee\/media\/vunder-logo.png\",\"contentUrl\":\"https:\/\/hobstop.ee\/media\/vunder-logo.png\",\"width\":127,\"height\":55,\"caption\":\"Vunder AS\"},\"image\":{\"@id\":\"https:\/\/hobstop.ee\/lv\/#\/schema\/logo\/image\/\"},\"sameAs\":[\"http:\/\/www.facebook.com\/VunderSkizze\"]}]}<\/script>\n<!-- \/ Yoast SEO plugin. -->","yoast_head_json":{"title":"Gua\u0161a kr\u0101sa L&B Education 60ml &#8211; Skizze","robots":{"index":"noindex","follow":"follow","max-snippet":"max-snippet:-1","max-image-preview":"max-image-preview:large","max-video-preview":"max-video-preview:-1"},"og_locale":"lv_LV","og_type":"article","og_title":"Gua\u0161a kr\u0101sa L&B Education 60ml &#8211; Skizze","og_description":"Lefranc&#038;Bourgeois Education gua\u0161as kr\u0101sas spilgtos to\u0146os viegli kl\u0101j\u0101s. Ide\u0101li piem\u0113rotas b\u0113rniem. Kr\u0101sa ar kr\u0113mveida konsistenci. Kr\u0101sas var viegli jaukt sav\u0101 starp\u0101. Darba instrumenti un virsmas var v\u0113l\u0101k \u0113rti un viegli not\u012br\u012bt ar ziepes saturo\u0161u t\u012br\u012b\u0161anas l\u012bdzekli. Piem\u0113rots da\u017e\u0101d\u0101m virsm\u0101m: pap\u012bram, kartonam, kokam, \u0161paktelei utt.","og_url":"https:\/\/hobstop.ee\/lv\/produkts\/guasa-krasa-lb-education-60ml\/","og_site_name":"Skizze","article_publisher":"http:\/\/www.facebook.com\/VunderSkizze","twitter_card":"summary_large_image","schema":{"@context":"https:\/\/schema.org","@graph":[{"@type":"WebPage","@id":"https:\/\/hobstop.ee\/lv\/produkts\/guasa-krasa-lb-education-60ml\/","url":"https:\/\/hobstop.ee\/lv\/produkts\/guasa-krasa-lb-education-60ml\/","name":"Gua\u0161a kr\u0101sa L&B Education 60ml &#8211; Skizze","isPartOf":{"@id":"https:\/\/hobstop.ee\/lv\/#website"},"datePublished":"2016-08-22T11:32:59+00:00","dateModified":"2016-08-22T11:32:59+00:00","breadcrumb":{"@id":"https:\/\/hobstop.ee\/lv\/produkts\/guasa-krasa-lb-education-60ml\/#breadcrumb"},"inLanguage":"lv-LV","potentialAction":[{"@type":"ReadAction","target":["https:\/\/hobstop.ee\/lv\/produkts\/guasa-krasa-lb-education-60ml\/"]}]},{"@type":"BreadcrumbList","@id":"https:\/\/hobstop.ee\/lv\/produkts\/guasa-krasa-lb-education-60ml\/#breadcrumb","itemListElement":[{"@type":"ListItem","position":1,"name":"Avaleht","item":"https:\/\/www.hobstop.ee\/lv\/"},{"@type":"ListItem","position":2,"name":"Veikals","item":"https:\/\/www.hobstop.ee\/lv\/veikals\/"},{"@type":"ListItem","position":3,"name":"Gua\u0161a kr\u0101sa L&#038;B Education 60ml"}]},{"@type":"WebSite","@id":"https:\/\/hobstop.ee\/lv\/#website","url":"https:\/\/hobstop.ee\/lv\/","name":"Skizze","description":"M\u0101kslas, hobiju un skolas preces","publisher":{"@id":"https:\/\/hobstop.ee\/lv\/#organization"},"potentialAction":[{"@type":"SearchAction","target":{"@type":"EntryPoint","urlTemplate":"https:\/\/hobstop.ee\/lv\/?s={search_term_string}"},"query-input":{"@type":"PropertyValueSpecification","valueRequired":true,"valueName":"search_term_string"}}],"inLanguage":"lv-LV"},{"@type":"Organization","@id":"https:\/\/hobstop.ee\/lv\/#organization","name":"Vunder AS","url":"https:\/\/hobstop.ee\/lv\/","logo":{"@type":"ImageObject","inLanguage":"lv-LV","@id":"https:\/\/hobstop.ee\/lv\/#\/schema\/logo\/image\/","url":"https:\/\/hobstop.ee\/media\/vunder-logo.png","contentUrl":"https:\/\/hobstop.ee\/media\/vunder-logo.png","width":127,"height":55,"caption":"Vunder AS"},"image":{"@id":"https:\/\/hobstop.ee\/lv\/#\/schema\/logo\/image\/"},"sameAs":["http:\/\/www.facebook.com\/VunderSkizze"]}]}},"_links":{"self":[{"href":"https:\/\/hobstop.ee\/lv\/wp-json\/wp\/v2\/product\/273104","targetHints":{"allow":["GET"]}}],"collection":[{"href":"https:\/\/hobstop.ee\/lv\/wp-json\/wp\/v2\/product"}],"about":[{"href":"https:\/\/hobstop.ee\/lv\/wp-json\/wp\/v2\/types\/product"}],"replies":[{"embeddable":true,"href":"https:\/\/hobstop.ee\/lv\/wp-json\/wp\/v2\/comments?post=273104"}],"wp:attachment":[{"href":"https:\/\/hobstop.ee\/lv\/wp-json\/wp\/v2\/media?parent=273104"}],"wp:term":[{"taxonomy":"product_cat","embeddable":true,"href":"https:\/\/hobstop.ee\/lv\/wp-json\/wp\/v2\/product_cat?post=273104"},{"taxonomy":"product_tag","embeddable":true,"href":"https:\/\/hobstop.ee\/lv\/wp-json\/wp\/v2\/product_tag?post=273104"}],"curies":[{"name":"wp","href":"https:\/\/api.w.org\/{rel}","templated":true}]}}