{"id":273274,"date":"2016-08-29T10:17:24","date_gmt":"2016-08-29T07:17:24","guid":{"rendered":"https:\/\/sharks.ee\/vunder_2019\/lv\/product\/3d-puzle-koka-mara-by-marabu-duo\/"},"modified":"2016-08-29T10:17:24","modified_gmt":"2016-08-29T07:17:24","slug":"3d-puzle-koka-mara-by-marabu-duo","status":"publish","type":"product","link":"https:\/\/hobstop.ee\/lv\/produkts\/3d-puzle-koka-mara-by-marabu-duo\/","title":{"rendered":"3D puzle koka mara by Marabu duo"},"content":{"rendered":"<p>\u013boti vienk\u0101r\u0161a 3D puzle no koka maziem b\u0113rniem, rado\u0161\u0101m izpausm\u0113m un kolekcion\u0113\u0161anai. T\u0101 sast\u0101v no da\u017e\u0101m koka da\u013c\u0101m un to var \u0113rti un vienk\u0101r\u0161i salikt kop\u0101. Piem\u0113rota dekor\u0113\u0161anai ar amatniec\u012bbas kr\u0101s\u0101m.<\/p>\n","protected":false},"excerpt":{"rendered":"<p>\u013boti vienk\u0101r\u0161a 3D puzle no koka maziem b\u0113rniem, rado\u0161\u0101m izpausm\u0113m un kolekcion\u0113\u0161anai. T\u0101 sast\u0101v no da\u017e\u0101m koka da\u013c\u0101m un to var \u0113rti un vienk\u0101r\u0161i salikt kop\u0101. Piem\u0113rota dekor\u0113\u0161anai ar amatniec\u012bbas kr\u0101s\u0101m.<\/p>\n","protected":false},"featured_media":0,"comment_status":"closed","ping_status":"closed","template":"","meta":{"_acf_changed":false,"ep_exclude_from_search":false},"product_cat":[20027,19835,20033],"product_tag":[],"class_list":{"0":"post-273274","1":"product","2":"type-product","3":"status-publish","5":"product_cat-attistosas-rotallietas","6":"product_cat-bernu-brivais-laiks","7":"product_cat-puzles","9":"first","10":"instock","11":"taxable","12":"shipping-taxable","13":"purchasable","14":"product-type-simple"},"acf":[],"yoast_head":"<!-- This site is optimized with the Yoast SEO plugin v24.1 - https:\/\/yoast.com\/wordpress\/plugins\/seo\/ -->\n<title>3D puzle koka mara by Marabu duo &#8211; Skizze<\/title>\n<meta name=\"robots\" content=\"noindex, follow, max-snippet:-1, max-image-preview:large, max-video-preview:-1\" \/>\n<meta property=\"og:locale\" content=\"lv_LV\" \/>\n<meta property=\"og:type\" content=\"article\" \/>\n<meta property=\"og:title\" content=\"3D puzle koka mara by Marabu duo &#8211; Skizze\" \/>\n<meta property=\"og:description\" content=\"\u013boti vienk\u0101r\u0161a 3D puzle no koka maziem b\u0113rniem, rado\u0161\u0101m izpausm\u0113m un kolekcion\u0113\u0161anai. T\u0101 sast\u0101v no da\u017e\u0101m koka da\u013c\u0101m un to var \u0113rti un vienk\u0101r\u0161i salikt kop\u0101. Piem\u0113rota dekor\u0113\u0161anai ar amatniec\u012bbas kr\u0101s\u0101m.\" \/>\n<meta property=\"og:url\" content=\"https:\/\/hobstop.ee\/lv\/produkts\/3d-puzle-koka-mara-by-marabu-duo\/\" \/>\n<meta property=\"og:site_name\" content=\"Skizze\" \/>\n<meta property=\"article:publisher\" content=\"http:\/\/www.facebook.com\/VunderSkizze\" \/>\n<meta name=\"twitter:card\" content=\"summary_large_image\" \/>\n<script type=\"application\/ld+json\" class=\"yoast-schema-graph\">{\"@context\":\"https:\/\/schema.org\",\"@graph\":[{\"@type\":\"WebPage\",\"@id\":\"https:\/\/hobstop.ee\/lv\/produkts\/3d-puzle-koka-mara-by-marabu-duo\/\",\"url\":\"https:\/\/hobstop.ee\/lv\/produkts\/3d-puzle-koka-mara-by-marabu-duo\/\",\"name\":\"3D puzle koka mara by Marabu duo &#8211; Skizze\",\"isPartOf\":{\"@id\":\"https:\/\/hobstop.ee\/lv\/#website\"},\"datePublished\":\"2016-08-29T07:17:24+00:00\",\"dateModified\":\"2016-08-29T07:17:24+00:00\",\"breadcrumb\":{\"@id\":\"https:\/\/hobstop.ee\/lv\/produkts\/3d-puzle-koka-mara-by-marabu-duo\/#breadcrumb\"},\"inLanguage\":\"lv-LV\",\"potentialAction\":[{\"@type\":\"ReadAction\",\"target\":[\"https:\/\/hobstop.ee\/lv\/produkts\/3d-puzle-koka-mara-by-marabu-duo\/\"]}]},{\"@type\":\"BreadcrumbList\",\"@id\":\"https:\/\/hobstop.ee\/lv\/produkts\/3d-puzle-koka-mara-by-marabu-duo\/#breadcrumb\",\"itemListElement\":[{\"@type\":\"ListItem\",\"position\":1,\"name\":\"Avaleht\",\"item\":\"https:\/\/www.hobstop.ee\/lv\/\"},{\"@type\":\"ListItem\",\"position\":2,\"name\":\"Veikals\",\"item\":\"https:\/\/www.hobstop.ee\/lv\/veikals\/\"},{\"@type\":\"ListItem\",\"position\":3,\"name\":\"3D puzle koka mara by Marabu duo\"}]},{\"@type\":\"WebSite\",\"@id\":\"https:\/\/hobstop.ee\/lv\/#website\",\"url\":\"https:\/\/hobstop.ee\/lv\/\",\"name\":\"Skizze\",\"description\":\"M\u0101kslas, hobiju un skolas preces\",\"publisher\":{\"@id\":\"https:\/\/hobstop.ee\/lv\/#organization\"},\"potentialAction\":[{\"@type\":\"SearchAction\",\"target\":{\"@type\":\"EntryPoint\",\"urlTemplate\":\"https:\/\/hobstop.ee\/lv\/?s={search_term_string}\"},\"query-input\":{\"@type\":\"PropertyValueSpecification\",\"valueRequired\":true,\"valueName\":\"search_term_string\"}}],\"inLanguage\":\"lv-LV\"},{\"@type\":\"Organization\",\"@id\":\"https:\/\/hobstop.ee\/lv\/#organization\",\"name\":\"Vunder AS\",\"url\":\"https:\/\/hobstop.ee\/lv\/\",\"logo\":{\"@type\":\"ImageObject\",\"inLanguage\":\"lv-LV\",\"@id\":\"https:\/\/hobstop.ee\/lv\/#\/schema\/logo\/image\/\",\"url\":\"https:\/\/hobstop.ee\/media\/vunder-logo.png\",\"contentUrl\":\"https:\/\/hobstop.ee\/media\/vunder-logo.png\",\"width\":127,\"height\":55,\"caption\":\"Vunder AS\"},\"image\":{\"@id\":\"https:\/\/hobstop.ee\/lv\/#\/schema\/logo\/image\/\"},\"sameAs\":[\"http:\/\/www.facebook.com\/VunderSkizze\"]}]}<\/script>\n<!-- \/ Yoast SEO plugin. -->","yoast_head_json":{"title":"3D puzle koka mara by Marabu duo &#8211; Skizze","robots":{"index":"noindex","follow":"follow","max-snippet":"max-snippet:-1","max-image-preview":"max-image-preview:large","max-video-preview":"max-video-preview:-1"},"og_locale":"lv_LV","og_type":"article","og_title":"3D puzle koka mara by Marabu duo &#8211; Skizze","og_description":"\u013boti vienk\u0101r\u0161a 3D puzle no koka maziem b\u0113rniem, rado\u0161\u0101m izpausm\u0113m un kolekcion\u0113\u0161anai. T\u0101 sast\u0101v no da\u017e\u0101m koka da\u013c\u0101m un to var \u0113rti un vienk\u0101r\u0161i salikt kop\u0101. Piem\u0113rota dekor\u0113\u0161anai ar amatniec\u012bbas kr\u0101s\u0101m.","og_url":"https:\/\/hobstop.ee\/lv\/produkts\/3d-puzle-koka-mara-by-marabu-duo\/","og_site_name":"Skizze","article_publisher":"http:\/\/www.facebook.com\/VunderSkizze","twitter_card":"summary_large_image","schema":{"@context":"https:\/\/schema.org","@graph":[{"@type":"WebPage","@id":"https:\/\/hobstop.ee\/lv\/produkts\/3d-puzle-koka-mara-by-marabu-duo\/","url":"https:\/\/hobstop.ee\/lv\/produkts\/3d-puzle-koka-mara-by-marabu-duo\/","name":"3D puzle koka mara by Marabu duo &#8211; Skizze","isPartOf":{"@id":"https:\/\/hobstop.ee\/lv\/#website"},"datePublished":"2016-08-29T07:17:24+00:00","dateModified":"2016-08-29T07:17:24+00:00","breadcrumb":{"@id":"https:\/\/hobstop.ee\/lv\/produkts\/3d-puzle-koka-mara-by-marabu-duo\/#breadcrumb"},"inLanguage":"lv-LV","potentialAction":[{"@type":"ReadAction","target":["https:\/\/hobstop.ee\/lv\/produkts\/3d-puzle-koka-mara-by-marabu-duo\/"]}]},{"@type":"BreadcrumbList","@id":"https:\/\/hobstop.ee\/lv\/produkts\/3d-puzle-koka-mara-by-marabu-duo\/#breadcrumb","itemListElement":[{"@type":"ListItem","position":1,"name":"Avaleht","item":"https:\/\/www.hobstop.ee\/lv\/"},{"@type":"ListItem","position":2,"name":"Veikals","item":"https:\/\/www.hobstop.ee\/lv\/veikals\/"},{"@type":"ListItem","position":3,"name":"3D puzle koka mara by Marabu duo"}]},{"@type":"WebSite","@id":"https:\/\/hobstop.ee\/lv\/#website","url":"https:\/\/hobstop.ee\/lv\/","name":"Skizze","description":"M\u0101kslas, hobiju un skolas preces","publisher":{"@id":"https:\/\/hobstop.ee\/lv\/#organization"},"potentialAction":[{"@type":"SearchAction","target":{"@type":"EntryPoint","urlTemplate":"https:\/\/hobstop.ee\/lv\/?s={search_term_string}"},"query-input":{"@type":"PropertyValueSpecification","valueRequired":true,"valueName":"search_term_string"}}],"inLanguage":"lv-LV"},{"@type":"Organization","@id":"https:\/\/hobstop.ee\/lv\/#organization","name":"Vunder AS","url":"https:\/\/hobstop.ee\/lv\/","logo":{"@type":"ImageObject","inLanguage":"lv-LV","@id":"https:\/\/hobstop.ee\/lv\/#\/schema\/logo\/image\/","url":"https:\/\/hobstop.ee\/media\/vunder-logo.png","contentUrl":"https:\/\/hobstop.ee\/media\/vunder-logo.png","width":127,"height":55,"caption":"Vunder AS"},"image":{"@id":"https:\/\/hobstop.ee\/lv\/#\/schema\/logo\/image\/"},"sameAs":["http:\/\/www.facebook.com\/VunderSkizze"]}]}},"_links":{"self":[{"href":"https:\/\/hobstop.ee\/lv\/wp-json\/wp\/v2\/product\/273274","targetHints":{"allow":["GET"]}}],"collection":[{"href":"https:\/\/hobstop.ee\/lv\/wp-json\/wp\/v2\/product"}],"about":[{"href":"https:\/\/hobstop.ee\/lv\/wp-json\/wp\/v2\/types\/product"}],"replies":[{"embeddable":true,"href":"https:\/\/hobstop.ee\/lv\/wp-json\/wp\/v2\/comments?post=273274"}],"wp:attachment":[{"href":"https:\/\/hobstop.ee\/lv\/wp-json\/wp\/v2\/media?parent=273274"}],"wp:term":[{"taxonomy":"product_cat","embeddable":true,"href":"https:\/\/hobstop.ee\/lv\/wp-json\/wp\/v2\/product_cat?post=273274"},{"taxonomy":"product_tag","embeddable":true,"href":"https:\/\/hobstop.ee\/lv\/wp-json\/wp\/v2\/product_tag?post=273274"}],"curies":[{"name":"wp","href":"https:\/\/api.w.org\/{rel}","templated":true}]}}