{"id":274834,"date":"2016-10-19T10:14:01","date_gmt":"2016-10-19T07:14:01","guid":{"rendered":"https:\/\/sharks.ee\/vunder_2019\/lv\/product\/rokdarbu-cements-rayher-micisanai\/"},"modified":"2016-10-19T10:14:01","modified_gmt":"2016-10-19T07:14:01","slug":"rokdarbu-cements-rayher-micisanai","status":"publish","type":"product","link":"https:\/\/hobstop.ee\/lv\/produkts\/rokdarbu-cements-rayher-micisanai\/","title":{"rendered":"Rokdarbu cements Rayher m\u012bc\u012b\u0161anai"},"content":{"rendered":"<p>\u012apa\u0161ais rokdarbu cements veido\u0161anai paver piln\u012bgi jaunas iesp\u0113jas rado\u0161\u0101m izpausm\u0113m &#8211; tas ir gatavs lieto\u0161anai un vienk\u0101r\u0161i sajaucams ar \u016bdeni. Viegli padodas veido\u0161anai un formas pie\u0161\u0137ir\u0161anai. Daudzu rado\u0161o dizaina elementu rad\u012b\u0161anai vair\u0101k nav nepiecie\u0161ams izmantot lie\u0161anas formas. P\u0113c saciet\u0113\u0161anas, \u0161is cements k\u013c\u016bst ciets k\u0101 akmens un \u016bdensiztur\u012bgs &#8211; bez cepe\u0161kr\u0101sns.<\/p>\n","protected":false},"excerpt":{"rendered":"<p>\u012apa\u0161ais rokdarbu cements veido\u0161anai paver piln\u012bgi jaunas iesp\u0113jas rado\u0161\u0101m izpausm\u0113m &#8211; tas ir gatavs lieto\u0161anai un vienk\u0101r\u0161i sajaucams ar \u016bdeni. Viegli padodas veido\u0161anai un formas pie\u0161\u0137ir\u0161anai. Daudzu rado\u0161o dizaina elementu rad\u012b\u0161anai vair\u0101k nav nepiecie\u0161ams izmantot lie\u0161anas formas. P\u0113c saciet\u0113\u0161anas, \u0161is cements k\u013c\u016bst ciets k\u0101 akmens un \u016bdensiztur\u012bgs &#8211; bez cepe\u0161kr\u0101sns.<\/p>\n","protected":false},"featured_media":275026,"comment_status":"closed","ping_status":"closed","template":"","meta":{"_acf_changed":false,"ep_exclude_from_search":false},"product_cat":[20089,17918,20086],"product_tag":[],"class_list":{"0":"post-274834","1":"product","2":"type-product","3":"status-publish","4":"has-post-thumbnail","6":"product_cat-cements-radosiem-darbiem","7":"product_cat-preces-hobijiem","8":"product_cat-veidosanas-masas-un-piederumi-2","10":"first","11":"outofstock","12":"taxable","13":"shipping-taxable","14":"purchasable","15":"product-type-simple"},"acf":[],"yoast_head":"<!-- This site is optimized with the Yoast SEO plugin v24.1 - https:\/\/yoast.com\/wordpress\/plugins\/seo\/ -->\n<title>Rokdarbu cements Rayher m\u012bc\u012b\u0161anai &#8211; Skizze<\/title>\n<meta name=\"robots\" content=\"noindex, follow, max-snippet:-1, max-image-preview:large, max-video-preview:-1\" \/>\n<meta property=\"og:locale\" content=\"lv_LV\" \/>\n<meta property=\"og:type\" content=\"article\" \/>\n<meta property=\"og:title\" content=\"Rokdarbu cements Rayher m\u012bc\u012b\u0161anai &#8211; Skizze\" \/>\n<meta property=\"og:description\" content=\"\u012apa\u0161ais rokdarbu cements veido\u0161anai paver piln\u012bgi jaunas iesp\u0113jas rado\u0161\u0101m izpausm\u0113m &#8211; tas ir gatavs lieto\u0161anai un vienk\u0101r\u0161i sajaucams ar \u016bdeni. Viegli padodas veido\u0161anai un formas pie\u0161\u0137ir\u0161anai. Daudzu rado\u0161o dizaina elementu rad\u012b\u0161anai vair\u0101k nav nepiecie\u0161ams izmantot lie\u0161anas formas. P\u0113c saciet\u0113\u0161anas, \u0161is cements k\u013c\u016bst ciets k\u0101 akmens un \u016bdensiztur\u012bgs &#8211; bez cepe\u0161kr\u0101sns.\" \/>\n<meta property=\"og:url\" content=\"https:\/\/hobstop.ee\/lv\/produkts\/rokdarbu-cements-rayher-micisanai\/\" \/>\n<meta property=\"og:site_name\" content=\"Skizze\" \/>\n<meta property=\"article:publisher\" content=\"http:\/\/www.facebook.com\/VunderSkizze\" \/>\n<meta property=\"og:image\" content=\"https:\/\/hobstop.ee\/media\/4396.jpg\" \/>\n\t<meta property=\"og:image:width\" content=\"1024\" \/>\n\t<meta property=\"og:image:height\" content=\"768\" \/>\n\t<meta property=\"og:image:type\" content=\"image\/jpeg\" \/>\n<meta name=\"twitter:card\" content=\"summary_large_image\" \/>\n<script type=\"application\/ld+json\" class=\"yoast-schema-graph\">{\"@context\":\"https:\/\/schema.org\",\"@graph\":[{\"@type\":\"WebPage\",\"@id\":\"https:\/\/hobstop.ee\/lv\/produkts\/rokdarbu-cements-rayher-micisanai\/\",\"url\":\"https:\/\/hobstop.ee\/lv\/produkts\/rokdarbu-cements-rayher-micisanai\/\",\"name\":\"Rokdarbu cements Rayher m\u012bc\u012b\u0161anai &#8211; Skizze\",\"isPartOf\":{\"@id\":\"https:\/\/www.hobstop.ee\/lv\/#website\"},\"primaryImageOfPage\":{\"@id\":\"https:\/\/hobstop.ee\/lv\/produkts\/rokdarbu-cements-rayher-micisanai\/#primaryimage\"},\"image\":{\"@id\":\"https:\/\/hobstop.ee\/lv\/produkts\/rokdarbu-cements-rayher-micisanai\/#primaryimage\"},\"thumbnailUrl\":\"https:\/\/hobstop.ee\/media\/4396.jpg\",\"datePublished\":\"2016-10-19T07:14:01+00:00\",\"dateModified\":\"2016-10-19T07:14:01+00:00\",\"breadcrumb\":{\"@id\":\"https:\/\/hobstop.ee\/lv\/produkts\/rokdarbu-cements-rayher-micisanai\/#breadcrumb\"},\"inLanguage\":\"lv-LV\",\"potentialAction\":[{\"@type\":\"ReadAction\",\"target\":[\"https:\/\/hobstop.ee\/lv\/produkts\/rokdarbu-cements-rayher-micisanai\/\"]}]},{\"@type\":\"ImageObject\",\"inLanguage\":\"lv-LV\",\"@id\":\"https:\/\/hobstop.ee\/lv\/produkts\/rokdarbu-cements-rayher-micisanai\/#primaryimage\",\"url\":\"https:\/\/hobstop.ee\/media\/4396.jpg\",\"contentUrl\":\"https:\/\/hobstop.ee\/media\/4396.jpg\",\"width\":1024,\"height\":768},{\"@type\":\"BreadcrumbList\",\"@id\":\"https:\/\/hobstop.ee\/lv\/produkts\/rokdarbu-cements-rayher-micisanai\/#breadcrumb\",\"itemListElement\":[{\"@type\":\"ListItem\",\"position\":1,\"name\":\"Avaleht\",\"item\":\"https:\/\/www.hobstop.ee\/lv\/\"},{\"@type\":\"ListItem\",\"position\":2,\"name\":\"Veikals\",\"item\":\"https:\/\/www.hobstop.ee\/lv\/veikals\/\"},{\"@type\":\"ListItem\",\"position\":3,\"name\":\"Rokdarbu cements Rayher m\u012bc\u012b\u0161anai\"}]},{\"@type\":\"WebSite\",\"@id\":\"https:\/\/www.hobstop.ee\/lv\/#website\",\"url\":\"https:\/\/www.hobstop.ee\/lv\/\",\"name\":\"Skizze\",\"description\":\"M\u0101kslas, hobiju un skolas preces\",\"publisher\":{\"@id\":\"https:\/\/www.hobstop.ee\/lv\/#organization\"},\"potentialAction\":[{\"@type\":\"SearchAction\",\"target\":{\"@type\":\"EntryPoint\",\"urlTemplate\":\"https:\/\/www.hobstop.ee\/lv\/?s={search_term_string}\"},\"query-input\":{\"@type\":\"PropertyValueSpecification\",\"valueRequired\":true,\"valueName\":\"search_term_string\"}}],\"inLanguage\":\"lv-LV\"},{\"@type\":\"Organization\",\"@id\":\"https:\/\/www.hobstop.ee\/lv\/#organization\",\"name\":\"Vunder AS\",\"url\":\"https:\/\/www.hobstop.ee\/lv\/\",\"logo\":{\"@type\":\"ImageObject\",\"inLanguage\":\"lv-LV\",\"@id\":\"https:\/\/www.hobstop.ee\/lv\/#\/schema\/logo\/image\/\",\"url\":\"https:\/\/hobstop.ee\/media\/vunder-logo.png\",\"contentUrl\":\"https:\/\/hobstop.ee\/media\/vunder-logo.png\",\"width\":127,\"height\":55,\"caption\":\"Vunder AS\"},\"image\":{\"@id\":\"https:\/\/www.hobstop.ee\/lv\/#\/schema\/logo\/image\/\"},\"sameAs\":[\"http:\/\/www.facebook.com\/VunderSkizze\"]}]}<\/script>\n<!-- \/ Yoast SEO plugin. -->","yoast_head_json":{"title":"Rokdarbu cements Rayher m\u012bc\u012b\u0161anai &#8211; Skizze","robots":{"index":"noindex","follow":"follow","max-snippet":"max-snippet:-1","max-image-preview":"max-image-preview:large","max-video-preview":"max-video-preview:-1"},"og_locale":"lv_LV","og_type":"article","og_title":"Rokdarbu cements Rayher m\u012bc\u012b\u0161anai &#8211; Skizze","og_description":"\u012apa\u0161ais rokdarbu cements veido\u0161anai paver piln\u012bgi jaunas iesp\u0113jas rado\u0161\u0101m izpausm\u0113m &#8211; tas ir gatavs lieto\u0161anai un vienk\u0101r\u0161i sajaucams ar \u016bdeni. Viegli padodas veido\u0161anai un formas pie\u0161\u0137ir\u0161anai. Daudzu rado\u0161o dizaina elementu rad\u012b\u0161anai vair\u0101k nav nepiecie\u0161ams izmantot lie\u0161anas formas. P\u0113c saciet\u0113\u0161anas, \u0161is cements k\u013c\u016bst ciets k\u0101 akmens un \u016bdensiztur\u012bgs &#8211; bez cepe\u0161kr\u0101sns.","og_url":"https:\/\/hobstop.ee\/lv\/produkts\/rokdarbu-cements-rayher-micisanai\/","og_site_name":"Skizze","article_publisher":"http:\/\/www.facebook.com\/VunderSkizze","og_image":[{"width":1024,"height":768,"url":"https:\/\/hobstop.ee\/media\/4396.jpg","type":"image\/jpeg"}],"twitter_card":"summary_large_image","schema":{"@context":"https:\/\/schema.org","@graph":[{"@type":"WebPage","@id":"https:\/\/hobstop.ee\/lv\/produkts\/rokdarbu-cements-rayher-micisanai\/","url":"https:\/\/hobstop.ee\/lv\/produkts\/rokdarbu-cements-rayher-micisanai\/","name":"Rokdarbu cements Rayher m\u012bc\u012b\u0161anai &#8211; Skizze","isPartOf":{"@id":"https:\/\/www.hobstop.ee\/lv\/#website"},"primaryImageOfPage":{"@id":"https:\/\/hobstop.ee\/lv\/produkts\/rokdarbu-cements-rayher-micisanai\/#primaryimage"},"image":{"@id":"https:\/\/hobstop.ee\/lv\/produkts\/rokdarbu-cements-rayher-micisanai\/#primaryimage"},"thumbnailUrl":"https:\/\/hobstop.ee\/media\/4396.jpg","datePublished":"2016-10-19T07:14:01+00:00","dateModified":"2016-10-19T07:14:01+00:00","breadcrumb":{"@id":"https:\/\/hobstop.ee\/lv\/produkts\/rokdarbu-cements-rayher-micisanai\/#breadcrumb"},"inLanguage":"lv-LV","potentialAction":[{"@type":"ReadAction","target":["https:\/\/hobstop.ee\/lv\/produkts\/rokdarbu-cements-rayher-micisanai\/"]}]},{"@type":"ImageObject","inLanguage":"lv-LV","@id":"https:\/\/hobstop.ee\/lv\/produkts\/rokdarbu-cements-rayher-micisanai\/#primaryimage","url":"https:\/\/hobstop.ee\/media\/4396.jpg","contentUrl":"https:\/\/hobstop.ee\/media\/4396.jpg","width":1024,"height":768},{"@type":"BreadcrumbList","@id":"https:\/\/hobstop.ee\/lv\/produkts\/rokdarbu-cements-rayher-micisanai\/#breadcrumb","itemListElement":[{"@type":"ListItem","position":1,"name":"Avaleht","item":"https:\/\/www.hobstop.ee\/lv\/"},{"@type":"ListItem","position":2,"name":"Veikals","item":"https:\/\/www.hobstop.ee\/lv\/veikals\/"},{"@type":"ListItem","position":3,"name":"Rokdarbu cements Rayher m\u012bc\u012b\u0161anai"}]},{"@type":"WebSite","@id":"https:\/\/www.hobstop.ee\/lv\/#website","url":"https:\/\/www.hobstop.ee\/lv\/","name":"Skizze","description":"M\u0101kslas, hobiju un skolas preces","publisher":{"@id":"https:\/\/www.hobstop.ee\/lv\/#organization"},"potentialAction":[{"@type":"SearchAction","target":{"@type":"EntryPoint","urlTemplate":"https:\/\/www.hobstop.ee\/lv\/?s={search_term_string}"},"query-input":{"@type":"PropertyValueSpecification","valueRequired":true,"valueName":"search_term_string"}}],"inLanguage":"lv-LV"},{"@type":"Organization","@id":"https:\/\/www.hobstop.ee\/lv\/#organization","name":"Vunder AS","url":"https:\/\/www.hobstop.ee\/lv\/","logo":{"@type":"ImageObject","inLanguage":"lv-LV","@id":"https:\/\/www.hobstop.ee\/lv\/#\/schema\/logo\/image\/","url":"https:\/\/hobstop.ee\/media\/vunder-logo.png","contentUrl":"https:\/\/hobstop.ee\/media\/vunder-logo.png","width":127,"height":55,"caption":"Vunder AS"},"image":{"@id":"https:\/\/www.hobstop.ee\/lv\/#\/schema\/logo\/image\/"},"sameAs":["http:\/\/www.facebook.com\/VunderSkizze"]}]}},"_links":{"self":[{"href":"https:\/\/hobstop.ee\/lv\/wp-json\/wp\/v2\/product\/274834","targetHints":{"allow":["GET"]}}],"collection":[{"href":"https:\/\/hobstop.ee\/lv\/wp-json\/wp\/v2\/product"}],"about":[{"href":"https:\/\/hobstop.ee\/lv\/wp-json\/wp\/v2\/types\/product"}],"replies":[{"embeddable":true,"href":"https:\/\/hobstop.ee\/lv\/wp-json\/wp\/v2\/comments?post=274834"}],"wp:featuredmedia":[{"embeddable":true,"href":"https:\/\/hobstop.ee\/lv\/wp-json\/wp\/v2\/media\/275026"}],"wp:attachment":[{"href":"https:\/\/hobstop.ee\/lv\/wp-json\/wp\/v2\/media?parent=274834"}],"wp:term":[{"taxonomy":"product_cat","embeddable":true,"href":"https:\/\/hobstop.ee\/lv\/wp-json\/wp\/v2\/product_cat?post=274834"},{"taxonomy":"product_tag","embeddable":true,"href":"https:\/\/hobstop.ee\/lv\/wp-json\/wp\/v2\/product_tag?post=274834"}],"curies":[{"name":"wp","href":"https:\/\/api.w.org\/{rel}","templated":true}]}}