{"id":274846,"date":"2016-10-19T10:14:04","date_gmt":"2016-10-19T07:14:04","guid":{"rendered":"https:\/\/sharks.ee\/vunder_2019\/lv\/product\/kedites-aizdare-rayher-12x7x2mm\/"},"modified":"2016-10-19T10:14:04","modified_gmt":"2016-10-19T07:14:04","slug":"kedites-aizdare-rayher-12x7x2mm","status":"publish","type":"product","link":"https:\/\/hobstop.ee\/lv\/produkts\/kedites-aizdare-rayher-12x7x2mm\/","title":{"rendered":"\u0136\u0113d\u012btes aizdare Rayher 12x7x2mm"},"content":{"rendered":"<p>Izteikti gar\u0161, ov\u0101las formas gredzens ir \u012bpa\u0161i rad\u012bts rotaslietu lie\u0161anas cementa veidn\u0113m. Gredzens ir veidots no alum\u012bnija un ir pietiekami gar\u0161, lai uz t\u0101 var\u0113tu uzlikt ar\u012b plat\u0101kas kulonu lent\u012btes &#8211; tie lieliski der\u0113s un ar\u012b izskat\u012bsies. 2mm plato alum\u012bnija gredzenu ar mat\u0113tu apdari var lieliski izmantot, veidojot  rotas no cementa.<\/p>\n","protected":false},"excerpt":{"rendered":"<p>Izteikti gar\u0161, ov\u0101las formas gredzens ir \u012bpa\u0161i rad\u012bts rotaslietu lie\u0161anas cementa veidn\u0113m. Gredzens ir veidots no alum\u012bnija un ir pietiekami gar\u0161, lai uz t\u0101 var\u0113tu uzlikt ar\u012b plat\u0101kas kulonu lent\u012btes &#8211; tie lieliski der\u0113s un ar\u012b izskat\u012bsies. 2mm plato alum\u012bnija gredzenu ar mat\u0113tu apdari var lieliski izmantot, veidojot rotas no cementa.<\/p>\n","protected":false},"featured_media":275038,"comment_status":"closed","ping_status":"closed","template":"","meta":{"_acf_changed":false,"ep_exclude_from_search":false},"product_cat":[17918,18276,19659],"product_tag":[],"class_list":{"0":"post-274846","1":"product","2":"type-product","3":"status-publish","4":"has-post-thumbnail","6":"product_cat-preces-hobijiem","7":"product_cat-rotaslietu-piederumi","8":"product_cat-rotu-izgatavosana","10":"first","11":"outofstock","12":"taxable","13":"shipping-taxable","14":"purchasable","15":"product-type-simple"},"acf":[],"yoast_head":"<!-- This site is optimized with the Yoast SEO plugin v24.1 - https:\/\/yoast.com\/wordpress\/plugins\/seo\/ -->\n<title>\u0136\u0113d\u012btes aizdare Rayher 12x7x2mm &#8211; Skizze<\/title>\n<meta name=\"robots\" content=\"noindex, follow, max-snippet:-1, max-image-preview:large, max-video-preview:-1\" \/>\n<meta property=\"og:locale\" content=\"lv_LV\" \/>\n<meta property=\"og:type\" content=\"article\" \/>\n<meta property=\"og:title\" content=\"\u0136\u0113d\u012btes aizdare Rayher 12x7x2mm &#8211; Skizze\" \/>\n<meta property=\"og:description\" content=\"Izteikti gar\u0161, ov\u0101las formas gredzens ir \u012bpa\u0161i rad\u012bts rotaslietu lie\u0161anas cementa veidn\u0113m. Gredzens ir veidots no alum\u012bnija un ir pietiekami gar\u0161, lai uz t\u0101 var\u0113tu uzlikt ar\u012b plat\u0101kas kulonu lent\u012btes &#8211; tie lieliski der\u0113s un ar\u012b izskat\u012bsies. 2mm plato alum\u012bnija gredzenu ar mat\u0113tu apdari var lieliski izmantot, veidojot rotas no cementa.\" \/>\n<meta property=\"og:url\" content=\"https:\/\/hobstop.ee\/lv\/produkts\/kedites-aizdare-rayher-12x7x2mm\/\" \/>\n<meta property=\"og:site_name\" content=\"Skizze\" \/>\n<meta property=\"article:publisher\" content=\"http:\/\/www.facebook.com\/VunderSkizze\" \/>\n<meta property=\"og:image\" content=\"https:\/\/hobstop.ee\/media\/4399.jpg\" \/>\n\t<meta property=\"og:image:width\" content=\"1024\" \/>\n\t<meta property=\"og:image:height\" content=\"768\" \/>\n\t<meta property=\"og:image:type\" content=\"image\/jpeg\" \/>\n<meta name=\"twitter:card\" content=\"summary_large_image\" \/>\n<script type=\"application\/ld+json\" class=\"yoast-schema-graph\">{\"@context\":\"https:\/\/schema.org\",\"@graph\":[{\"@type\":\"WebPage\",\"@id\":\"https:\/\/hobstop.ee\/lv\/produkts\/kedites-aizdare-rayher-12x7x2mm\/\",\"url\":\"https:\/\/hobstop.ee\/lv\/produkts\/kedites-aizdare-rayher-12x7x2mm\/\",\"name\":\"\u0136\u0113d\u012btes aizdare Rayher 12x7x2mm &#8211; Skizze\",\"isPartOf\":{\"@id\":\"https:\/\/hobstop.ee\/lv\/#website\"},\"primaryImageOfPage\":{\"@id\":\"https:\/\/hobstop.ee\/lv\/produkts\/kedites-aizdare-rayher-12x7x2mm\/#primaryimage\"},\"image\":{\"@id\":\"https:\/\/hobstop.ee\/lv\/produkts\/kedites-aizdare-rayher-12x7x2mm\/#primaryimage\"},\"thumbnailUrl\":\"https:\/\/hobstop.ee\/media\/4399.jpg\",\"datePublished\":\"2016-10-19T07:14:04+00:00\",\"dateModified\":\"2016-10-19T07:14:04+00:00\",\"breadcrumb\":{\"@id\":\"https:\/\/hobstop.ee\/lv\/produkts\/kedites-aizdare-rayher-12x7x2mm\/#breadcrumb\"},\"inLanguage\":\"lv-LV\",\"potentialAction\":[{\"@type\":\"ReadAction\",\"target\":[\"https:\/\/hobstop.ee\/lv\/produkts\/kedites-aizdare-rayher-12x7x2mm\/\"]}]},{\"@type\":\"ImageObject\",\"inLanguage\":\"lv-LV\",\"@id\":\"https:\/\/hobstop.ee\/lv\/produkts\/kedites-aizdare-rayher-12x7x2mm\/#primaryimage\",\"url\":\"https:\/\/hobstop.ee\/media\/4399.jpg\",\"contentUrl\":\"https:\/\/hobstop.ee\/media\/4399.jpg\",\"width\":1024,\"height\":768},{\"@type\":\"BreadcrumbList\",\"@id\":\"https:\/\/hobstop.ee\/lv\/produkts\/kedites-aizdare-rayher-12x7x2mm\/#breadcrumb\",\"itemListElement\":[{\"@type\":\"ListItem\",\"position\":1,\"name\":\"Avaleht\",\"item\":\"https:\/\/www.hobstop.ee\/lv\/\"},{\"@type\":\"ListItem\",\"position\":2,\"name\":\"Veikals\",\"item\":\"https:\/\/www.hobstop.ee\/lv\/veikals\/\"},{\"@type\":\"ListItem\",\"position\":3,\"name\":\"\u0136\u0113d\u012btes aizdare Rayher 12x7x2mm\"}]},{\"@type\":\"WebSite\",\"@id\":\"https:\/\/hobstop.ee\/lv\/#website\",\"url\":\"https:\/\/hobstop.ee\/lv\/\",\"name\":\"Skizze\",\"description\":\"M\u0101kslas, hobiju un skolas preces\",\"publisher\":{\"@id\":\"https:\/\/hobstop.ee\/lv\/#organization\"},\"potentialAction\":[{\"@type\":\"SearchAction\",\"target\":{\"@type\":\"EntryPoint\",\"urlTemplate\":\"https:\/\/hobstop.ee\/lv\/?s={search_term_string}\"},\"query-input\":{\"@type\":\"PropertyValueSpecification\",\"valueRequired\":true,\"valueName\":\"search_term_string\"}}],\"inLanguage\":\"lv-LV\"},{\"@type\":\"Organization\",\"@id\":\"https:\/\/hobstop.ee\/lv\/#organization\",\"name\":\"Vunder AS\",\"url\":\"https:\/\/hobstop.ee\/lv\/\",\"logo\":{\"@type\":\"ImageObject\",\"inLanguage\":\"lv-LV\",\"@id\":\"https:\/\/hobstop.ee\/lv\/#\/schema\/logo\/image\/\",\"url\":\"https:\/\/hobstop.ee\/media\/vunder-logo.png\",\"contentUrl\":\"https:\/\/hobstop.ee\/media\/vunder-logo.png\",\"width\":127,\"height\":55,\"caption\":\"Vunder AS\"},\"image\":{\"@id\":\"https:\/\/hobstop.ee\/lv\/#\/schema\/logo\/image\/\"},\"sameAs\":[\"http:\/\/www.facebook.com\/VunderSkizze\"]}]}<\/script>\n<!-- \/ Yoast SEO plugin. -->","yoast_head_json":{"title":"\u0136\u0113d\u012btes aizdare Rayher 12x7x2mm &#8211; Skizze","robots":{"index":"noindex","follow":"follow","max-snippet":"max-snippet:-1","max-image-preview":"max-image-preview:large","max-video-preview":"max-video-preview:-1"},"og_locale":"lv_LV","og_type":"article","og_title":"\u0136\u0113d\u012btes aizdare Rayher 12x7x2mm &#8211; Skizze","og_description":"Izteikti gar\u0161, ov\u0101las formas gredzens ir \u012bpa\u0161i rad\u012bts rotaslietu lie\u0161anas cementa veidn\u0113m. Gredzens ir veidots no alum\u012bnija un ir pietiekami gar\u0161, lai uz t\u0101 var\u0113tu uzlikt ar\u012b plat\u0101kas kulonu lent\u012btes &#8211; tie lieliski der\u0113s un ar\u012b izskat\u012bsies. 2mm plato alum\u012bnija gredzenu ar mat\u0113tu apdari var lieliski izmantot, veidojot rotas no cementa.","og_url":"https:\/\/hobstop.ee\/lv\/produkts\/kedites-aizdare-rayher-12x7x2mm\/","og_site_name":"Skizze","article_publisher":"http:\/\/www.facebook.com\/VunderSkizze","og_image":[{"width":1024,"height":768,"url":"https:\/\/hobstop.ee\/media\/4399.jpg","type":"image\/jpeg"}],"twitter_card":"summary_large_image","schema":{"@context":"https:\/\/schema.org","@graph":[{"@type":"WebPage","@id":"https:\/\/hobstop.ee\/lv\/produkts\/kedites-aizdare-rayher-12x7x2mm\/","url":"https:\/\/hobstop.ee\/lv\/produkts\/kedites-aizdare-rayher-12x7x2mm\/","name":"\u0136\u0113d\u012btes aizdare Rayher 12x7x2mm &#8211; Skizze","isPartOf":{"@id":"https:\/\/hobstop.ee\/lv\/#website"},"primaryImageOfPage":{"@id":"https:\/\/hobstop.ee\/lv\/produkts\/kedites-aizdare-rayher-12x7x2mm\/#primaryimage"},"image":{"@id":"https:\/\/hobstop.ee\/lv\/produkts\/kedites-aizdare-rayher-12x7x2mm\/#primaryimage"},"thumbnailUrl":"https:\/\/hobstop.ee\/media\/4399.jpg","datePublished":"2016-10-19T07:14:04+00:00","dateModified":"2016-10-19T07:14:04+00:00","breadcrumb":{"@id":"https:\/\/hobstop.ee\/lv\/produkts\/kedites-aizdare-rayher-12x7x2mm\/#breadcrumb"},"inLanguage":"lv-LV","potentialAction":[{"@type":"ReadAction","target":["https:\/\/hobstop.ee\/lv\/produkts\/kedites-aizdare-rayher-12x7x2mm\/"]}]},{"@type":"ImageObject","inLanguage":"lv-LV","@id":"https:\/\/hobstop.ee\/lv\/produkts\/kedites-aizdare-rayher-12x7x2mm\/#primaryimage","url":"https:\/\/hobstop.ee\/media\/4399.jpg","contentUrl":"https:\/\/hobstop.ee\/media\/4399.jpg","width":1024,"height":768},{"@type":"BreadcrumbList","@id":"https:\/\/hobstop.ee\/lv\/produkts\/kedites-aizdare-rayher-12x7x2mm\/#breadcrumb","itemListElement":[{"@type":"ListItem","position":1,"name":"Avaleht","item":"https:\/\/www.hobstop.ee\/lv\/"},{"@type":"ListItem","position":2,"name":"Veikals","item":"https:\/\/www.hobstop.ee\/lv\/veikals\/"},{"@type":"ListItem","position":3,"name":"\u0136\u0113d\u012btes aizdare Rayher 12x7x2mm"}]},{"@type":"WebSite","@id":"https:\/\/hobstop.ee\/lv\/#website","url":"https:\/\/hobstop.ee\/lv\/","name":"Skizze","description":"M\u0101kslas, hobiju un skolas preces","publisher":{"@id":"https:\/\/hobstop.ee\/lv\/#organization"},"potentialAction":[{"@type":"SearchAction","target":{"@type":"EntryPoint","urlTemplate":"https:\/\/hobstop.ee\/lv\/?s={search_term_string}"},"query-input":{"@type":"PropertyValueSpecification","valueRequired":true,"valueName":"search_term_string"}}],"inLanguage":"lv-LV"},{"@type":"Organization","@id":"https:\/\/hobstop.ee\/lv\/#organization","name":"Vunder AS","url":"https:\/\/hobstop.ee\/lv\/","logo":{"@type":"ImageObject","inLanguage":"lv-LV","@id":"https:\/\/hobstop.ee\/lv\/#\/schema\/logo\/image\/","url":"https:\/\/hobstop.ee\/media\/vunder-logo.png","contentUrl":"https:\/\/hobstop.ee\/media\/vunder-logo.png","width":127,"height":55,"caption":"Vunder AS"},"image":{"@id":"https:\/\/hobstop.ee\/lv\/#\/schema\/logo\/image\/"},"sameAs":["http:\/\/www.facebook.com\/VunderSkizze"]}]}},"_links":{"self":[{"href":"https:\/\/hobstop.ee\/lv\/wp-json\/wp\/v2\/product\/274846","targetHints":{"allow":["GET"]}}],"collection":[{"href":"https:\/\/hobstop.ee\/lv\/wp-json\/wp\/v2\/product"}],"about":[{"href":"https:\/\/hobstop.ee\/lv\/wp-json\/wp\/v2\/types\/product"}],"replies":[{"embeddable":true,"href":"https:\/\/hobstop.ee\/lv\/wp-json\/wp\/v2\/comments?post=274846"}],"wp:featuredmedia":[{"embeddable":true,"href":"https:\/\/hobstop.ee\/lv\/wp-json\/wp\/v2\/media\/275038"}],"wp:attachment":[{"href":"https:\/\/hobstop.ee\/lv\/wp-json\/wp\/v2\/media?parent=274846"}],"wp:term":[{"taxonomy":"product_cat","embeddable":true,"href":"https:\/\/hobstop.ee\/lv\/wp-json\/wp\/v2\/product_cat?post=274846"},{"taxonomy":"product_tag","embeddable":true,"href":"https:\/\/hobstop.ee\/lv\/wp-json\/wp\/v2\/product_tag?post=274846"}],"curies":[{"name":"wp","href":"https:\/\/api.w.org\/{rel}","templated":true}]}}