{"id":274854,"date":"2016-10-19T10:14:07","date_gmt":"2016-10-19T07:14:07","guid":{"rendered":"https:\/\/sharks.ee\/vunder_2019\/lv\/product\/zimogu-komplekts-aladine-baby-box\/"},"modified":"2016-10-19T10:14:07","modified_gmt":"2016-10-19T07:14:07","slug":"zimogu-komplekts-aladine-baby-box","status":"publish","type":"product","link":"https:\/\/hobstop.ee\/lv\/produkts\/zimogu-komplekts-aladine-baby-box\/","title":{"rendered":"Z\u012bmogu komplekts Aladine Baby Box"},"content":{"rendered":"<p>Z\u012bmogu komplekts maziem b\u0113rniem (s\u0101kot no 18 m\u0113ne\u0161u vecuma). Z\u012bmogiem ar b\u0113rniem paz\u012bstamiem mot\u012bviem ir ergonomisks rokturis, kas iev\u0113rojami atvieglo z\u012bmoga tur\u0113\u0161anu rok\u0101 un mot\u012bva veido\u0161anu. Komplekt\u0101 ietilpst liels tintes spilventi\u0146\u0161 ar \u016bden\u012b nomazg\u0101jamu tinti un vaska kr\u012bti\u0146i. Z\u012bmogi piem\u0113roti da\u017e\u0101diem darbiem ar pap\u012bru.<\/p>\n","protected":false},"excerpt":{"rendered":"<p>Z\u012bmogu komplekts maziem b\u0113rniem (s\u0101kot no 18 m\u0113ne\u0161u vecuma). Z\u012bmogiem ar b\u0113rniem paz\u012bstamiem mot\u012bviem ir ergonomisks rokturis, kas iev\u0113rojami atvieglo z\u012bmoga tur\u0113\u0161anu rok\u0101 un mot\u012bva veido\u0161anu. Komplekt\u0101 ietilpst liels tintes spilventi\u0146\u0161 ar \u016bden\u012b nomazg\u0101jamu tinti un vaska kr\u012bti\u0146i. Z\u012bmogi piem\u0113roti da\u017e\u0101diem darbiem ar pap\u012bru.<\/p>\n","protected":false},"featured_media":275046,"comment_status":"closed","ping_status":"closed","template":"","meta":{"_acf_changed":false,"ep_exclude_from_search":false},"product_cat":[19838,17918,19840],"product_tag":[],"class_list":{"0":"post-274854","1":"product","2":"type-product","3":"status-publish","4":"has-post-thumbnail","6":"product_cat-papirmaksla","7":"product_cat-preces-hobijiem","8":"product_cat-zimogi-un-spilventini","10":"first","11":"outofstock","12":"taxable","13":"shipping-taxable","14":"purchasable","15":"product-type-simple"},"acf":[],"yoast_head":"<!-- This site is optimized with the Yoast SEO plugin v24.1 - https:\/\/yoast.com\/wordpress\/plugins\/seo\/ -->\n<title>Z\u012bmogu komplekts Aladine Baby Box &#8211; Skizze<\/title>\n<meta name=\"robots\" content=\"noindex, follow, max-snippet:-1, max-image-preview:large, max-video-preview:-1\" \/>\n<meta property=\"og:locale\" content=\"lv_LV\" \/>\n<meta property=\"og:type\" content=\"article\" \/>\n<meta property=\"og:title\" content=\"Z\u012bmogu komplekts Aladine Baby Box &#8211; Skizze\" \/>\n<meta property=\"og:description\" content=\"Z\u012bmogu komplekts maziem b\u0113rniem (s\u0101kot no 18 m\u0113ne\u0161u vecuma). Z\u012bmogiem ar b\u0113rniem paz\u012bstamiem mot\u012bviem ir ergonomisks rokturis, kas iev\u0113rojami atvieglo z\u012bmoga tur\u0113\u0161anu rok\u0101 un mot\u012bva veido\u0161anu. Komplekt\u0101 ietilpst liels tintes spilventi\u0146\u0161 ar \u016bden\u012b nomazg\u0101jamu tinti un vaska kr\u012bti\u0146i. Z\u012bmogi piem\u0113roti da\u017e\u0101diem darbiem ar pap\u012bru.\" \/>\n<meta property=\"og:url\" content=\"https:\/\/hobstop.ee\/lv\/produkts\/zimogu-komplekts-aladine-baby-box\/\" \/>\n<meta property=\"og:site_name\" content=\"Skizze\" \/>\n<meta property=\"article:publisher\" content=\"http:\/\/www.facebook.com\/VunderSkizze\" \/>\n<meta property=\"og:image\" content=\"https:\/\/www.hobstop.ee\/media\/4416.jpg\" \/>\n\t<meta property=\"og:image:width\" content=\"1024\" \/>\n\t<meta property=\"og:image:height\" content=\"768\" \/>\n\t<meta property=\"og:image:type\" content=\"image\/jpeg\" \/>\n<meta name=\"twitter:card\" content=\"summary_large_image\" \/>\n<script type=\"application\/ld+json\" class=\"yoast-schema-graph\">{\"@context\":\"https:\/\/schema.org\",\"@graph\":[{\"@type\":\"WebPage\",\"@id\":\"https:\/\/hobstop.ee\/lv\/produkts\/zimogu-komplekts-aladine-baby-box\/\",\"url\":\"https:\/\/hobstop.ee\/lv\/produkts\/zimogu-komplekts-aladine-baby-box\/\",\"name\":\"Z\u012bmogu komplekts Aladine Baby Box &#8211; Skizze\",\"isPartOf\":{\"@id\":\"https:\/\/hobstop.ee\/lv\/#website\"},\"primaryImageOfPage\":{\"@id\":\"https:\/\/hobstop.ee\/lv\/produkts\/zimogu-komplekts-aladine-baby-box\/#primaryimage\"},\"image\":{\"@id\":\"https:\/\/hobstop.ee\/lv\/produkts\/zimogu-komplekts-aladine-baby-box\/#primaryimage\"},\"thumbnailUrl\":\"https:\/\/hobstop.ee\/media\/4416.jpg\",\"datePublished\":\"2016-10-19T07:14:07+00:00\",\"dateModified\":\"2016-10-19T07:14:07+00:00\",\"breadcrumb\":{\"@id\":\"https:\/\/hobstop.ee\/lv\/produkts\/zimogu-komplekts-aladine-baby-box\/#breadcrumb\"},\"inLanguage\":\"lv-LV\",\"potentialAction\":[{\"@type\":\"ReadAction\",\"target\":[\"https:\/\/hobstop.ee\/lv\/produkts\/zimogu-komplekts-aladine-baby-box\/\"]}]},{\"@type\":\"ImageObject\",\"inLanguage\":\"lv-LV\",\"@id\":\"https:\/\/hobstop.ee\/lv\/produkts\/zimogu-komplekts-aladine-baby-box\/#primaryimage\",\"url\":\"https:\/\/hobstop.ee\/media\/4416.jpg\",\"contentUrl\":\"https:\/\/hobstop.ee\/media\/4416.jpg\",\"width\":1024,\"height\":768},{\"@type\":\"BreadcrumbList\",\"@id\":\"https:\/\/hobstop.ee\/lv\/produkts\/zimogu-komplekts-aladine-baby-box\/#breadcrumb\",\"itemListElement\":[{\"@type\":\"ListItem\",\"position\":1,\"name\":\"Avaleht\",\"item\":\"https:\/\/www.hobstop.ee\/lv\/\"},{\"@type\":\"ListItem\",\"position\":2,\"name\":\"Veikals\",\"item\":\"https:\/\/www.hobstop.ee\/lv\/veikals\/\"},{\"@type\":\"ListItem\",\"position\":3,\"name\":\"Z\u012bmogu komplekts Aladine Baby Box\"}]},{\"@type\":\"WebSite\",\"@id\":\"https:\/\/hobstop.ee\/lv\/#website\",\"url\":\"https:\/\/hobstop.ee\/lv\/\",\"name\":\"Skizze\",\"description\":\"M\u0101kslas, hobiju un skolas preces\",\"publisher\":{\"@id\":\"https:\/\/hobstop.ee\/lv\/#organization\"},\"potentialAction\":[{\"@type\":\"SearchAction\",\"target\":{\"@type\":\"EntryPoint\",\"urlTemplate\":\"https:\/\/hobstop.ee\/lv\/?s={search_term_string}\"},\"query-input\":{\"@type\":\"PropertyValueSpecification\",\"valueRequired\":true,\"valueName\":\"search_term_string\"}}],\"inLanguage\":\"lv-LV\"},{\"@type\":\"Organization\",\"@id\":\"https:\/\/hobstop.ee\/lv\/#organization\",\"name\":\"Vunder AS\",\"url\":\"https:\/\/hobstop.ee\/lv\/\",\"logo\":{\"@type\":\"ImageObject\",\"inLanguage\":\"lv-LV\",\"@id\":\"https:\/\/hobstop.ee\/lv\/#\/schema\/logo\/image\/\",\"url\":\"https:\/\/hobstop.ee\/media\/vunder-logo.png\",\"contentUrl\":\"https:\/\/hobstop.ee\/media\/vunder-logo.png\",\"width\":127,\"height\":55,\"caption\":\"Vunder AS\"},\"image\":{\"@id\":\"https:\/\/hobstop.ee\/lv\/#\/schema\/logo\/image\/\"},\"sameAs\":[\"http:\/\/www.facebook.com\/VunderSkizze\"]}]}<\/script>\n<!-- \/ Yoast SEO plugin. -->","yoast_head_json":{"title":"Z\u012bmogu komplekts Aladine Baby Box &#8211; Skizze","robots":{"index":"noindex","follow":"follow","max-snippet":"max-snippet:-1","max-image-preview":"max-image-preview:large","max-video-preview":"max-video-preview:-1"},"og_locale":"lv_LV","og_type":"article","og_title":"Z\u012bmogu komplekts Aladine Baby Box &#8211; Skizze","og_description":"Z\u012bmogu komplekts maziem b\u0113rniem (s\u0101kot no 18 m\u0113ne\u0161u vecuma). Z\u012bmogiem ar b\u0113rniem paz\u012bstamiem mot\u012bviem ir ergonomisks rokturis, kas iev\u0113rojami atvieglo z\u012bmoga tur\u0113\u0161anu rok\u0101 un mot\u012bva veido\u0161anu. Komplekt\u0101 ietilpst liels tintes spilventi\u0146\u0161 ar \u016bden\u012b nomazg\u0101jamu tinti un vaska kr\u012bti\u0146i. Z\u012bmogi piem\u0113roti da\u017e\u0101diem darbiem ar pap\u012bru.","og_url":"https:\/\/hobstop.ee\/lv\/produkts\/zimogu-komplekts-aladine-baby-box\/","og_site_name":"Skizze","article_publisher":"http:\/\/www.facebook.com\/VunderSkizze","og_image":[{"width":1024,"height":768,"url":"https:\/\/www.hobstop.ee\/media\/4416.jpg","type":"image\/jpeg"}],"twitter_card":"summary_large_image","schema":{"@context":"https:\/\/schema.org","@graph":[{"@type":"WebPage","@id":"https:\/\/hobstop.ee\/lv\/produkts\/zimogu-komplekts-aladine-baby-box\/","url":"https:\/\/hobstop.ee\/lv\/produkts\/zimogu-komplekts-aladine-baby-box\/","name":"Z\u012bmogu komplekts Aladine Baby Box &#8211; Skizze","isPartOf":{"@id":"https:\/\/hobstop.ee\/lv\/#website"},"primaryImageOfPage":{"@id":"https:\/\/hobstop.ee\/lv\/produkts\/zimogu-komplekts-aladine-baby-box\/#primaryimage"},"image":{"@id":"https:\/\/hobstop.ee\/lv\/produkts\/zimogu-komplekts-aladine-baby-box\/#primaryimage"},"thumbnailUrl":"https:\/\/hobstop.ee\/media\/4416.jpg","datePublished":"2016-10-19T07:14:07+00:00","dateModified":"2016-10-19T07:14:07+00:00","breadcrumb":{"@id":"https:\/\/hobstop.ee\/lv\/produkts\/zimogu-komplekts-aladine-baby-box\/#breadcrumb"},"inLanguage":"lv-LV","potentialAction":[{"@type":"ReadAction","target":["https:\/\/hobstop.ee\/lv\/produkts\/zimogu-komplekts-aladine-baby-box\/"]}]},{"@type":"ImageObject","inLanguage":"lv-LV","@id":"https:\/\/hobstop.ee\/lv\/produkts\/zimogu-komplekts-aladine-baby-box\/#primaryimage","url":"https:\/\/hobstop.ee\/media\/4416.jpg","contentUrl":"https:\/\/hobstop.ee\/media\/4416.jpg","width":1024,"height":768},{"@type":"BreadcrumbList","@id":"https:\/\/hobstop.ee\/lv\/produkts\/zimogu-komplekts-aladine-baby-box\/#breadcrumb","itemListElement":[{"@type":"ListItem","position":1,"name":"Avaleht","item":"https:\/\/www.hobstop.ee\/lv\/"},{"@type":"ListItem","position":2,"name":"Veikals","item":"https:\/\/www.hobstop.ee\/lv\/veikals\/"},{"@type":"ListItem","position":3,"name":"Z\u012bmogu komplekts Aladine Baby Box"}]},{"@type":"WebSite","@id":"https:\/\/hobstop.ee\/lv\/#website","url":"https:\/\/hobstop.ee\/lv\/","name":"Skizze","description":"M\u0101kslas, hobiju un skolas preces","publisher":{"@id":"https:\/\/hobstop.ee\/lv\/#organization"},"potentialAction":[{"@type":"SearchAction","target":{"@type":"EntryPoint","urlTemplate":"https:\/\/hobstop.ee\/lv\/?s={search_term_string}"},"query-input":{"@type":"PropertyValueSpecification","valueRequired":true,"valueName":"search_term_string"}}],"inLanguage":"lv-LV"},{"@type":"Organization","@id":"https:\/\/hobstop.ee\/lv\/#organization","name":"Vunder AS","url":"https:\/\/hobstop.ee\/lv\/","logo":{"@type":"ImageObject","inLanguage":"lv-LV","@id":"https:\/\/hobstop.ee\/lv\/#\/schema\/logo\/image\/","url":"https:\/\/hobstop.ee\/media\/vunder-logo.png","contentUrl":"https:\/\/hobstop.ee\/media\/vunder-logo.png","width":127,"height":55,"caption":"Vunder AS"},"image":{"@id":"https:\/\/hobstop.ee\/lv\/#\/schema\/logo\/image\/"},"sameAs":["http:\/\/www.facebook.com\/VunderSkizze"]}]}},"_links":{"self":[{"href":"https:\/\/hobstop.ee\/lv\/wp-json\/wp\/v2\/product\/274854","targetHints":{"allow":["GET"]}}],"collection":[{"href":"https:\/\/hobstop.ee\/lv\/wp-json\/wp\/v2\/product"}],"about":[{"href":"https:\/\/hobstop.ee\/lv\/wp-json\/wp\/v2\/types\/product"}],"replies":[{"embeddable":true,"href":"https:\/\/hobstop.ee\/lv\/wp-json\/wp\/v2\/comments?post=274854"}],"wp:featuredmedia":[{"embeddable":true,"href":"https:\/\/hobstop.ee\/lv\/wp-json\/wp\/v2\/media\/275046"}],"wp:attachment":[{"href":"https:\/\/hobstop.ee\/lv\/wp-json\/wp\/v2\/media?parent=274854"}],"wp:term":[{"taxonomy":"product_cat","embeddable":true,"href":"https:\/\/hobstop.ee\/lv\/wp-json\/wp\/v2\/product_cat?post=274854"},{"taxonomy":"product_tag","embeddable":true,"href":"https:\/\/hobstop.ee\/lv\/wp-json\/wp\/v2\/product_tag?post=274854"}],"curies":[{"name":"wp","href":"https:\/\/api.w.org\/{rel}","templated":true}]}}