{"id":275408,"date":"2016-10-25T11:27:29","date_gmt":"2016-10-25T08:27:29","guid":{"rendered":"https:\/\/sharks.ee\/vunder_2019\/lv\/product\/rotalu-auto-automoblox-original-c9-sportscar\/"},"modified":"2016-10-25T11:27:29","modified_gmt":"2016-10-25T08:27:29","slug":"rotalu-auto-automoblox-original-c9-sportscar","status":"publish","type":"product","link":"https:\/\/hobstop.ee\/lv\/produkts\/rotalu-auto-automoblox-original-c9-sportscar\/","title":{"rendered":"Rota\u013cu auto Automoblox Original C9 sportscar"},"content":{"rendered":"<p>Gludas formas un  ener\u0123ija \u2013 t\u0101 ir Automoblox C9 agres\u012bv\u0101 nost\u0101ja. Diski ar pieciem spie\u0137iem un zema profila riepas dzelten\u0101 kr\u0101s\u0101 padara to par \u012bstu sporta auti\u0146u. B\u0113rna izt\u0113le nosaka visu \u2013 C9 main\u0101m\u0101s da\u013cas \u0101tri padar\u012bs jebkuru citu Automoblox auto par stil\u012bgu un \u0101tru ma\u0161\u012bnu.<br \/>\nSast\u0101vda\u013cas: virsb\u016bve (3 deta\u013cas), savieno\u0161anas elementi (2 gab.), diski (4 gab.), riepas (4 gab.), Brembo bremzes (4 gab.), jumts, Automoblox cilv\u0113ci\u0146\u0161<br \/>\nIzm\u0113ri: 16.6&#215;11.4&#215;6.8cm<\/p>\n<p>Automoblox Original ir \u012bsteni n\u0101kotnes retro stila automobi\u013ci, ar kuriem ir \u0113rti un interesanti sp\u0113l\u0113ties. Original mode\u013ciem ir unik\u0101la da\u013cu savieno\u0161anas sist\u0113ma, kas \u013cauj sav\u0101 starp\u0101 savienot da\u017e\u0101das Original auto da\u013cas, t\u0101d\u0113j\u0101di izveidojot piln\u012bgi jaunu modeli. Automa\u0161\u012bnu virsb\u016bves ir izgatavots no koka. Mini un Originals virsb\u016bvju da\u013cas sav\u0101 starp\u0101 nav savienojamas.<br \/>\nPiem\u0113rots b\u0113rniem vecum\u0101: 3+, satur s\u012bkas deta\u013cas.<\/p>\n","protected":false},"excerpt":{"rendered":"<p>Gludas formas un ener\u0123ija \u2013 t\u0101 ir Automoblox C9 agres\u012bv\u0101 nost\u0101ja. Diski ar pieciem spie\u0137iem un zema profila riepas dzelten\u0101 kr\u0101s\u0101 padara to par \u012bstu sporta auti\u0146u. B\u0113rna izt\u0113le nosaka visu \u2013 C9 main\u0101m\u0101s da\u013cas \u0101tri padar\u012bs jebkuru citu Automoblox auto par stil\u012bgu un \u0101tru ma\u0161\u012bnu. Sast\u0101vda\u013cas: virsb\u016bve (3 deta\u013cas), savieno\u0161anas elementi (2 gab.), diski (4 gab.), riepas (4 gab.), Brembo bremzes (4 gab.), jumts, Automoblox cilv\u0113ci\u0146\u0161 Izm\u0113ri: 16.6&#215;11.4&#215;6.8cm Automoblox Original ir \u012bsteni n\u0101kotnes retro stila automobi\u013ci, ar kuriem ir \u0113rti un interesanti sp\u0113l\u0113ties. Original mode\u013ciem ir unik\u0101la da\u013cu savieno\u0161anas sist\u0113ma, kas \u013cauj sav\u0101 starp\u0101 savienot da\u017e\u0101das Original auto da\u013cas, t\u0101d\u0113j\u0101di izveidojot piln\u012bgi jaunu modeli. Automa\u0161\u012bnu virsb\u016bves ir izgatavots no koka. Mini un Originals virsb\u016bvju da\u013cas sav\u0101 starp\u0101 nav savienojamas. Piem\u0113rots b\u0113rniem vecum\u0101: 3+, satur s\u012bkas deta\u013cas.<\/p>\n","protected":false},"featured_media":275512,"comment_status":"closed","ping_status":"closed","template":"","meta":{"_acf_changed":false,"ep_exclude_from_search":false},"product_cat":[20027,19835,20030],"product_tag":[],"class_list":{"0":"post-275408","1":"product","2":"type-product","3":"status-publish","4":"has-post-thumbnail","6":"product_cat-attistosas-rotallietas","7":"product_cat-bernu-brivais-laiks","8":"product_cat-rotalu-auto","10":"first","11":"instock","12":"taxable","13":"shipping-taxable","14":"product-type-simple"},"acf":[],"yoast_head":"<!-- This site is optimized with the Yoast SEO plugin v24.1 - https:\/\/yoast.com\/wordpress\/plugins\/seo\/ -->\n<title>Rota\u013cu auto Automoblox Original C9 sportscar &#8211; Skizze<\/title>\n<meta name=\"robots\" content=\"noindex, follow, max-snippet:-1, max-image-preview:large, max-video-preview:-1\" \/>\n<meta property=\"og:locale\" content=\"lv_LV\" \/>\n<meta property=\"og:type\" content=\"article\" \/>\n<meta property=\"og:title\" content=\"Rota\u013cu auto Automoblox Original C9 sportscar &#8211; Skizze\" \/>\n<meta property=\"og:description\" content=\"Gludas formas un ener\u0123ija \u2013 t\u0101 ir Automoblox C9 agres\u012bv\u0101 nost\u0101ja. Diski ar pieciem spie\u0137iem un zema profila riepas dzelten\u0101 kr\u0101s\u0101 padara to par \u012bstu sporta auti\u0146u. B\u0113rna izt\u0113le nosaka visu \u2013 C9 main\u0101m\u0101s da\u013cas \u0101tri padar\u012bs jebkuru citu Automoblox auto par stil\u012bgu un \u0101tru ma\u0161\u012bnu. Sast\u0101vda\u013cas: virsb\u016bve (3 deta\u013cas), savieno\u0161anas elementi (2 gab.), diski (4 gab.), riepas (4 gab.), Brembo bremzes (4 gab.), jumts, Automoblox cilv\u0113ci\u0146\u0161 Izm\u0113ri: 16.6&#215;11.4&#215;6.8cm Automoblox Original ir \u012bsteni n\u0101kotnes retro stila automobi\u013ci, ar kuriem ir \u0113rti un interesanti sp\u0113l\u0113ties. Original mode\u013ciem ir unik\u0101la da\u013cu savieno\u0161anas sist\u0113ma, kas \u013cauj sav\u0101 starp\u0101 savienot da\u017e\u0101das Original auto da\u013cas, t\u0101d\u0113j\u0101di izveidojot piln\u012bgi jaunu modeli. Automa\u0161\u012bnu virsb\u016bves ir izgatavots no koka. Mini un Originals virsb\u016bvju da\u013cas sav\u0101 starp\u0101 nav savienojamas. Piem\u0113rots b\u0113rniem vecum\u0101: 3+, satur s\u012bkas deta\u013cas.\" \/>\n<meta property=\"og:url\" content=\"https:\/\/hobstop.ee\/lv\/produkts\/rotalu-auto-automoblox-original-c9-sportscar\/\" \/>\n<meta property=\"og:site_name\" content=\"Skizze\" \/>\n<meta property=\"article:publisher\" content=\"http:\/\/www.facebook.com\/VunderSkizze\" \/>\n<meta property=\"og:image\" content=\"https:\/\/hobstop.ee\/media\/4406.jpg\" \/>\n\t<meta property=\"og:image:width\" content=\"1024\" \/>\n\t<meta property=\"og:image:height\" content=\"768\" \/>\n\t<meta property=\"og:image:type\" content=\"image\/jpeg\" \/>\n<meta name=\"twitter:card\" content=\"summary_large_image\" \/>\n<meta name=\"twitter:label1\" content=\"Est. reading time\" \/>\n\t<meta name=\"twitter:data1\" content=\"1 min\u016b\u0161u\" \/>\n<script type=\"application\/ld+json\" class=\"yoast-schema-graph\">{\"@context\":\"https:\/\/schema.org\",\"@graph\":[{\"@type\":\"WebPage\",\"@id\":\"https:\/\/hobstop.ee\/lv\/produkts\/rotalu-auto-automoblox-original-c9-sportscar\/\",\"url\":\"https:\/\/hobstop.ee\/lv\/produkts\/rotalu-auto-automoblox-original-c9-sportscar\/\",\"name\":\"Rota\u013cu auto Automoblox Original C9 sportscar &#8211; Skizze\",\"isPartOf\":{\"@id\":\"https:\/\/hobstop.ee\/lv\/#website\"},\"primaryImageOfPage\":{\"@id\":\"https:\/\/hobstop.ee\/lv\/produkts\/rotalu-auto-automoblox-original-c9-sportscar\/#primaryimage\"},\"image\":{\"@id\":\"https:\/\/hobstop.ee\/lv\/produkts\/rotalu-auto-automoblox-original-c9-sportscar\/#primaryimage\"},\"thumbnailUrl\":\"https:\/\/hobstop.ee\/media\/4406.jpg\",\"datePublished\":\"2016-10-25T08:27:29+00:00\",\"dateModified\":\"2016-10-25T08:27:29+00:00\",\"breadcrumb\":{\"@id\":\"https:\/\/hobstop.ee\/lv\/produkts\/rotalu-auto-automoblox-original-c9-sportscar\/#breadcrumb\"},\"inLanguage\":\"lv-LV\",\"potentialAction\":[{\"@type\":\"ReadAction\",\"target\":[\"https:\/\/hobstop.ee\/lv\/produkts\/rotalu-auto-automoblox-original-c9-sportscar\/\"]}]},{\"@type\":\"ImageObject\",\"inLanguage\":\"lv-LV\",\"@id\":\"https:\/\/hobstop.ee\/lv\/produkts\/rotalu-auto-automoblox-original-c9-sportscar\/#primaryimage\",\"url\":\"https:\/\/hobstop.ee\/media\/4406.jpg\",\"contentUrl\":\"https:\/\/hobstop.ee\/media\/4406.jpg\",\"width\":1024,\"height\":768},{\"@type\":\"BreadcrumbList\",\"@id\":\"https:\/\/hobstop.ee\/lv\/produkts\/rotalu-auto-automoblox-original-c9-sportscar\/#breadcrumb\",\"itemListElement\":[{\"@type\":\"ListItem\",\"position\":1,\"name\":\"Avaleht\",\"item\":\"https:\/\/hobstop.ee\/lv\/\"},{\"@type\":\"ListItem\",\"position\":2,\"name\":\"Veikals\",\"item\":\"https:\/\/hobstop.ee\/lv\/veikals\/\"},{\"@type\":\"ListItem\",\"position\":3,\"name\":\"Rota\u013cu auto Automoblox Original C9 sportscar\"}]},{\"@type\":\"WebSite\",\"@id\":\"https:\/\/hobstop.ee\/lv\/#website\",\"url\":\"https:\/\/hobstop.ee\/lv\/\",\"name\":\"Skizze\",\"description\":\"M\u0101kslas, hobiju un skolas preces\",\"publisher\":{\"@id\":\"https:\/\/hobstop.ee\/lv\/#organization\"},\"potentialAction\":[{\"@type\":\"SearchAction\",\"target\":{\"@type\":\"EntryPoint\",\"urlTemplate\":\"https:\/\/hobstop.ee\/lv\/?s={search_term_string}\"},\"query-input\":{\"@type\":\"PropertyValueSpecification\",\"valueRequired\":true,\"valueName\":\"search_term_string\"}}],\"inLanguage\":\"lv-LV\"},{\"@type\":\"Organization\",\"@id\":\"https:\/\/hobstop.ee\/lv\/#organization\",\"name\":\"Vunder AS\",\"url\":\"https:\/\/hobstop.ee\/lv\/\",\"logo\":{\"@type\":\"ImageObject\",\"inLanguage\":\"lv-LV\",\"@id\":\"https:\/\/hobstop.ee\/lv\/#\/schema\/logo\/image\/\",\"url\":\"https:\/\/hobstop.ee\/media\/vunder-logo.png\",\"contentUrl\":\"https:\/\/hobstop.ee\/media\/vunder-logo.png\",\"width\":127,\"height\":55,\"caption\":\"Vunder AS\"},\"image\":{\"@id\":\"https:\/\/hobstop.ee\/lv\/#\/schema\/logo\/image\/\"},\"sameAs\":[\"http:\/\/www.facebook.com\/VunderSkizze\"]}]}<\/script>\n<!-- \/ Yoast SEO plugin. -->","yoast_head_json":{"title":"Rota\u013cu auto Automoblox Original C9 sportscar &#8211; Skizze","robots":{"index":"noindex","follow":"follow","max-snippet":"max-snippet:-1","max-image-preview":"max-image-preview:large","max-video-preview":"max-video-preview:-1"},"og_locale":"lv_LV","og_type":"article","og_title":"Rota\u013cu auto Automoblox Original C9 sportscar &#8211; Skizze","og_description":"Gludas formas un ener\u0123ija \u2013 t\u0101 ir Automoblox C9 agres\u012bv\u0101 nost\u0101ja. Diski ar pieciem spie\u0137iem un zema profila riepas dzelten\u0101 kr\u0101s\u0101 padara to par \u012bstu sporta auti\u0146u. B\u0113rna izt\u0113le nosaka visu \u2013 C9 main\u0101m\u0101s da\u013cas \u0101tri padar\u012bs jebkuru citu Automoblox auto par stil\u012bgu un \u0101tru ma\u0161\u012bnu. Sast\u0101vda\u013cas: virsb\u016bve (3 deta\u013cas), savieno\u0161anas elementi (2 gab.), diski (4 gab.), riepas (4 gab.), Brembo bremzes (4 gab.), jumts, Automoblox cilv\u0113ci\u0146\u0161 Izm\u0113ri: 16.6&#215;11.4&#215;6.8cm Automoblox Original ir \u012bsteni n\u0101kotnes retro stila automobi\u013ci, ar kuriem ir \u0113rti un interesanti sp\u0113l\u0113ties. Original mode\u013ciem ir unik\u0101la da\u013cu savieno\u0161anas sist\u0113ma, kas \u013cauj sav\u0101 starp\u0101 savienot da\u017e\u0101das Original auto da\u013cas, t\u0101d\u0113j\u0101di izveidojot piln\u012bgi jaunu modeli. Automa\u0161\u012bnu virsb\u016bves ir izgatavots no koka. Mini un Originals virsb\u016bvju da\u013cas sav\u0101 starp\u0101 nav savienojamas. Piem\u0113rots b\u0113rniem vecum\u0101: 3+, satur s\u012bkas deta\u013cas.","og_url":"https:\/\/hobstop.ee\/lv\/produkts\/rotalu-auto-automoblox-original-c9-sportscar\/","og_site_name":"Skizze","article_publisher":"http:\/\/www.facebook.com\/VunderSkizze","og_image":[{"width":1024,"height":768,"url":"https:\/\/hobstop.ee\/media\/4406.jpg","type":"image\/jpeg"}],"twitter_card":"summary_large_image","twitter_misc":{"Est. reading time":"1 min\u016b\u0161u"},"schema":{"@context":"https:\/\/schema.org","@graph":[{"@type":"WebPage","@id":"https:\/\/hobstop.ee\/lv\/produkts\/rotalu-auto-automoblox-original-c9-sportscar\/","url":"https:\/\/hobstop.ee\/lv\/produkts\/rotalu-auto-automoblox-original-c9-sportscar\/","name":"Rota\u013cu auto Automoblox Original C9 sportscar &#8211; Skizze","isPartOf":{"@id":"https:\/\/hobstop.ee\/lv\/#website"},"primaryImageOfPage":{"@id":"https:\/\/hobstop.ee\/lv\/produkts\/rotalu-auto-automoblox-original-c9-sportscar\/#primaryimage"},"image":{"@id":"https:\/\/hobstop.ee\/lv\/produkts\/rotalu-auto-automoblox-original-c9-sportscar\/#primaryimage"},"thumbnailUrl":"https:\/\/hobstop.ee\/media\/4406.jpg","datePublished":"2016-10-25T08:27:29+00:00","dateModified":"2016-10-25T08:27:29+00:00","breadcrumb":{"@id":"https:\/\/hobstop.ee\/lv\/produkts\/rotalu-auto-automoblox-original-c9-sportscar\/#breadcrumb"},"inLanguage":"lv-LV","potentialAction":[{"@type":"ReadAction","target":["https:\/\/hobstop.ee\/lv\/produkts\/rotalu-auto-automoblox-original-c9-sportscar\/"]}]},{"@type":"ImageObject","inLanguage":"lv-LV","@id":"https:\/\/hobstop.ee\/lv\/produkts\/rotalu-auto-automoblox-original-c9-sportscar\/#primaryimage","url":"https:\/\/hobstop.ee\/media\/4406.jpg","contentUrl":"https:\/\/hobstop.ee\/media\/4406.jpg","width":1024,"height":768},{"@type":"BreadcrumbList","@id":"https:\/\/hobstop.ee\/lv\/produkts\/rotalu-auto-automoblox-original-c9-sportscar\/#breadcrumb","itemListElement":[{"@type":"ListItem","position":1,"name":"Avaleht","item":"https:\/\/hobstop.ee\/lv\/"},{"@type":"ListItem","position":2,"name":"Veikals","item":"https:\/\/hobstop.ee\/lv\/veikals\/"},{"@type":"ListItem","position":3,"name":"Rota\u013cu auto Automoblox Original C9 sportscar"}]},{"@type":"WebSite","@id":"https:\/\/hobstop.ee\/lv\/#website","url":"https:\/\/hobstop.ee\/lv\/","name":"Skizze","description":"M\u0101kslas, hobiju un skolas preces","publisher":{"@id":"https:\/\/hobstop.ee\/lv\/#organization"},"potentialAction":[{"@type":"SearchAction","target":{"@type":"EntryPoint","urlTemplate":"https:\/\/hobstop.ee\/lv\/?s={search_term_string}"},"query-input":{"@type":"PropertyValueSpecification","valueRequired":true,"valueName":"search_term_string"}}],"inLanguage":"lv-LV"},{"@type":"Organization","@id":"https:\/\/hobstop.ee\/lv\/#organization","name":"Vunder AS","url":"https:\/\/hobstop.ee\/lv\/","logo":{"@type":"ImageObject","inLanguage":"lv-LV","@id":"https:\/\/hobstop.ee\/lv\/#\/schema\/logo\/image\/","url":"https:\/\/hobstop.ee\/media\/vunder-logo.png","contentUrl":"https:\/\/hobstop.ee\/media\/vunder-logo.png","width":127,"height":55,"caption":"Vunder AS"},"image":{"@id":"https:\/\/hobstop.ee\/lv\/#\/schema\/logo\/image\/"},"sameAs":["http:\/\/www.facebook.com\/VunderSkizze"]}]}},"_links":{"self":[{"href":"https:\/\/hobstop.ee\/lv\/wp-json\/wp\/v2\/product\/275408","targetHints":{"allow":["GET"]}}],"collection":[{"href":"https:\/\/hobstop.ee\/lv\/wp-json\/wp\/v2\/product"}],"about":[{"href":"https:\/\/hobstop.ee\/lv\/wp-json\/wp\/v2\/types\/product"}],"replies":[{"embeddable":true,"href":"https:\/\/hobstop.ee\/lv\/wp-json\/wp\/v2\/comments?post=275408"}],"wp:featuredmedia":[{"embeddable":true,"href":"https:\/\/hobstop.ee\/lv\/wp-json\/wp\/v2\/media\/275512"}],"wp:attachment":[{"href":"https:\/\/hobstop.ee\/lv\/wp-json\/wp\/v2\/media?parent=275408"}],"wp:term":[{"taxonomy":"product_cat","embeddable":true,"href":"https:\/\/hobstop.ee\/lv\/wp-json\/wp\/v2\/product_cat?post=275408"},{"taxonomy":"product_tag","embeddable":true,"href":"https:\/\/hobstop.ee\/lv\/wp-json\/wp\/v2\/product_tag?post=275408"}],"curies":[{"name":"wp","href":"https:\/\/api.w.org\/{rel}","templated":true}]}}