{"id":275432,"date":"2016-10-25T11:27:38","date_gmt":"2016-10-25T08:27:38","guid":{"rendered":"https:\/\/sharks.ee\/vunder_2019\/lv\/product\/rotalu-auto-automoblox-original-x9-suv\/"},"modified":"2016-10-25T11:27:38","modified_gmt":"2016-10-25T08:27:38","slug":"rotalu-auto-automoblox-original-x9-suv","status":"publish","type":"product","link":"https:\/\/hobstop.ee\/lv\/produkts\/rotalu-auto-automoblox-original-x9-suv\/","title":{"rendered":"Rota\u013cu auto Automoblox Original X9 SUV"},"content":{"rendered":"<p>Lieliska stila un praktisk\u0101 pielietojuma kombin\u0101cija &#8211; Automoblox X9 rakstur\u012bgs bezce\u013cu \u0161iks un izteiksm\u012bgs disku dizains. Mas\u012bvs aizsargre\u017e\u0123is auto priek\u0161pus\u0113 un aizmugur\u0113 nodro\u0161ina korpusa aizsardz\u012bbu. Jumta bag\u0101\u017enieka sliedes, papildriepa un k\u0101p\u0161\u013ci padara X9 par ide\u0101lu transportl\u012bdzekli ce\u013co\u0161anai gan kalnu apvid\u016b, gan ar\u012b pa gleznainiem iedomu laukiem. Apdare: Acura joniz\u0113t\u0101 met\u0101lisk\u0101 bronzas kr\u0101sa.<br \/>\nSast\u0101vda\u013cas: virsb\u016bve (3 deta\u013cas), savieno\u0161anas elementi (2 gab.), diski (5 gab.), riepas (5 gab.), jumts, Automoblox cilv\u0113ci\u0146\u0161<br \/>\nIzm\u0113ri: 18.2&#215;11.4x9cm<\/p>\n<p>Automoblox Original ir \u012bsteni n\u0101kotnes retro stila automobi\u013ci, ar kuriem ir \u0113rti un interesanti sp\u0113l\u0113ties. Original mode\u013ciem ir unik\u0101la da\u013cu savieno\u0161anas sist\u0113ma, kas \u013cauj sav\u0101 starp\u0101 savienot da\u017e\u0101das Original auto da\u013cas, t\u0101d\u0113j\u0101di izveidojot piln\u012bgi jaunu modeli. Automa\u0161\u012bnu virsb\u016bves ir izgatavots no koka. Mini un Originals virsb\u016bvju da\u013cas sav\u0101 starp\u0101 nav savienojamas.<br \/>\nPiem\u0113rots b\u0113rniem vecum\u0101: 3+, satur s\u012bkas deta\u013cas.<\/p>\n","protected":false},"excerpt":{"rendered":"<p>Lieliska stila un praktisk\u0101 pielietojuma kombin\u0101cija &#8211; Automoblox X9 rakstur\u012bgs bezce\u013cu \u0161iks un izteiksm\u012bgs disku dizains. Mas\u012bvs aizsargre\u017e\u0123is auto priek\u0161pus\u0113 un aizmugur\u0113 nodro\u0161ina korpusa aizsardz\u012bbu. Jumta bag\u0101\u017enieka sliedes, papildriepa un k\u0101p\u0161\u013ci padara X9 par ide\u0101lu transportl\u012bdzekli ce\u013co\u0161anai gan kalnu apvid\u016b, gan ar\u012b pa gleznainiem iedomu laukiem. Apdare: Acura joniz\u0113t\u0101 met\u0101lisk\u0101 bronzas kr\u0101sa. Sast\u0101vda\u013cas: virsb\u016bve (3 deta\u013cas), savieno\u0161anas elementi (2 gab.), diski (5 gab.), riepas (5 gab.), jumts, Automoblox cilv\u0113ci\u0146\u0161 Izm\u0113ri: 18.2&#215;11.4x9cm Automoblox Original ir \u012bsteni n\u0101kotnes retro stila automobi\u013ci, ar kuriem ir \u0113rti un interesanti sp\u0113l\u0113ties. Original mode\u013ciem ir unik\u0101la da\u013cu savieno\u0161anas sist\u0113ma, kas \u013cauj sav\u0101 starp\u0101 savienot da\u017e\u0101das Original auto da\u013cas, t\u0101d\u0113j\u0101di izveidojot piln\u012bgi jaunu modeli. Automa\u0161\u012bnu virsb\u016bves ir izgatavots no koka. Mini un Originals virsb\u016bvju da\u013cas sav\u0101 starp\u0101 nav savienojamas. Piem\u0113rots b\u0113rniem vecum\u0101: 3+, satur s\u012bkas deta\u013cas.<\/p>\n","protected":false},"featured_media":275536,"comment_status":"closed","ping_status":"closed","template":"","meta":{"_acf_changed":false,"ep_exclude_from_search":false},"product_cat":[20027,19835,20030],"product_tag":[],"class_list":{"0":"post-275432","1":"product","2":"type-product","3":"status-publish","4":"has-post-thumbnail","6":"product_cat-attistosas-rotallietas","7":"product_cat-bernu-brivais-laiks","8":"product_cat-rotalu-auto","10":"first","11":"instock","12":"taxable","13":"shipping-taxable","14":"purchasable","15":"product-type-simple"},"acf":[],"yoast_head":"<!-- This site is optimized with the Yoast SEO plugin v24.1 - https:\/\/yoast.com\/wordpress\/plugins\/seo\/ -->\n<title>Rota\u013cu auto Automoblox Original X9 SUV &#8211; Skizze<\/title>\n<meta name=\"robots\" content=\"noindex, follow, max-snippet:-1, max-image-preview:large, max-video-preview:-1\" \/>\n<meta property=\"og:locale\" content=\"lv_LV\" \/>\n<meta property=\"og:type\" content=\"article\" \/>\n<meta property=\"og:title\" content=\"Rota\u013cu auto Automoblox Original X9 SUV &#8211; Skizze\" \/>\n<meta property=\"og:description\" content=\"Lieliska stila un praktisk\u0101 pielietojuma kombin\u0101cija &#8211; Automoblox X9 rakstur\u012bgs bezce\u013cu \u0161iks un izteiksm\u012bgs disku dizains. Mas\u012bvs aizsargre\u017e\u0123is auto priek\u0161pus\u0113 un aizmugur\u0113 nodro\u0161ina korpusa aizsardz\u012bbu. Jumta bag\u0101\u017enieka sliedes, papildriepa un k\u0101p\u0161\u013ci padara X9 par ide\u0101lu transportl\u012bdzekli ce\u013co\u0161anai gan kalnu apvid\u016b, gan ar\u012b pa gleznainiem iedomu laukiem. Apdare: Acura joniz\u0113t\u0101 met\u0101lisk\u0101 bronzas kr\u0101sa. Sast\u0101vda\u013cas: virsb\u016bve (3 deta\u013cas), savieno\u0161anas elementi (2 gab.), diski (5 gab.), riepas (5 gab.), jumts, Automoblox cilv\u0113ci\u0146\u0161 Izm\u0113ri: 18.2&#215;11.4x9cm Automoblox Original ir \u012bsteni n\u0101kotnes retro stila automobi\u013ci, ar kuriem ir \u0113rti un interesanti sp\u0113l\u0113ties. Original mode\u013ciem ir unik\u0101la da\u013cu savieno\u0161anas sist\u0113ma, kas \u013cauj sav\u0101 starp\u0101 savienot da\u017e\u0101das Original auto da\u013cas, t\u0101d\u0113j\u0101di izveidojot piln\u012bgi jaunu modeli. Automa\u0161\u012bnu virsb\u016bves ir izgatavots no koka. Mini un Originals virsb\u016bvju da\u013cas sav\u0101 starp\u0101 nav savienojamas. Piem\u0113rots b\u0113rniem vecum\u0101: 3+, satur s\u012bkas deta\u013cas.\" \/>\n<meta property=\"og:url\" content=\"https:\/\/hobstop.ee\/lv\/produkts\/rotalu-auto-automoblox-original-x9-suv\/\" \/>\n<meta property=\"og:site_name\" content=\"Skizze\" \/>\n<meta property=\"article:publisher\" content=\"http:\/\/www.facebook.com\/VunderSkizze\" \/>\n<meta property=\"og:image\" content=\"https:\/\/hobstop.ee\/media\/4412.jpg\" \/>\n\t<meta property=\"og:image:width\" content=\"1024\" \/>\n\t<meta property=\"og:image:height\" content=\"768\" \/>\n\t<meta property=\"og:image:type\" content=\"image\/jpeg\" \/>\n<meta name=\"twitter:card\" content=\"summary_large_image\" \/>\n<meta name=\"twitter:label1\" content=\"Est. reading time\" \/>\n\t<meta name=\"twitter:data1\" content=\"1 min\u016b\u0161u\" \/>\n<script type=\"application\/ld+json\" class=\"yoast-schema-graph\">{\"@context\":\"https:\/\/schema.org\",\"@graph\":[{\"@type\":\"WebPage\",\"@id\":\"https:\/\/hobstop.ee\/lv\/produkts\/rotalu-auto-automoblox-original-x9-suv\/\",\"url\":\"https:\/\/hobstop.ee\/lv\/produkts\/rotalu-auto-automoblox-original-x9-suv\/\",\"name\":\"Rota\u013cu auto Automoblox Original X9 SUV &#8211; Skizze\",\"isPartOf\":{\"@id\":\"https:\/\/hobstop.ee\/lv\/#website\"},\"primaryImageOfPage\":{\"@id\":\"https:\/\/hobstop.ee\/lv\/produkts\/rotalu-auto-automoblox-original-x9-suv\/#primaryimage\"},\"image\":{\"@id\":\"https:\/\/hobstop.ee\/lv\/produkts\/rotalu-auto-automoblox-original-x9-suv\/#primaryimage\"},\"thumbnailUrl\":\"https:\/\/hobstop.ee\/media\/4412.jpg\",\"datePublished\":\"2016-10-25T08:27:38+00:00\",\"dateModified\":\"2016-10-25T08:27:38+00:00\",\"breadcrumb\":{\"@id\":\"https:\/\/hobstop.ee\/lv\/produkts\/rotalu-auto-automoblox-original-x9-suv\/#breadcrumb\"},\"inLanguage\":\"lv-LV\",\"potentialAction\":[{\"@type\":\"ReadAction\",\"target\":[\"https:\/\/hobstop.ee\/lv\/produkts\/rotalu-auto-automoblox-original-x9-suv\/\"]}]},{\"@type\":\"ImageObject\",\"inLanguage\":\"lv-LV\",\"@id\":\"https:\/\/hobstop.ee\/lv\/produkts\/rotalu-auto-automoblox-original-x9-suv\/#primaryimage\",\"url\":\"https:\/\/hobstop.ee\/media\/4412.jpg\",\"contentUrl\":\"https:\/\/hobstop.ee\/media\/4412.jpg\",\"width\":1024,\"height\":768},{\"@type\":\"BreadcrumbList\",\"@id\":\"https:\/\/hobstop.ee\/lv\/produkts\/rotalu-auto-automoblox-original-x9-suv\/#breadcrumb\",\"itemListElement\":[{\"@type\":\"ListItem\",\"position\":1,\"name\":\"Avaleht\",\"item\":\"https:\/\/hobstop.ee\/lv\/\"},{\"@type\":\"ListItem\",\"position\":2,\"name\":\"Veikals\",\"item\":\"https:\/\/hobstop.ee\/lv\/veikals\/\"},{\"@type\":\"ListItem\",\"position\":3,\"name\":\"Rota\u013cu auto Automoblox Original X9 SUV\"}]},{\"@type\":\"WebSite\",\"@id\":\"https:\/\/hobstop.ee\/lv\/#website\",\"url\":\"https:\/\/hobstop.ee\/lv\/\",\"name\":\"Skizze\",\"description\":\"M\u0101kslas, hobiju un skolas preces\",\"publisher\":{\"@id\":\"https:\/\/hobstop.ee\/lv\/#organization\"},\"potentialAction\":[{\"@type\":\"SearchAction\",\"target\":{\"@type\":\"EntryPoint\",\"urlTemplate\":\"https:\/\/hobstop.ee\/lv\/?s={search_term_string}\"},\"query-input\":{\"@type\":\"PropertyValueSpecification\",\"valueRequired\":true,\"valueName\":\"search_term_string\"}}],\"inLanguage\":\"lv-LV\"},{\"@type\":\"Organization\",\"@id\":\"https:\/\/hobstop.ee\/lv\/#organization\",\"name\":\"Vunder AS\",\"url\":\"https:\/\/hobstop.ee\/lv\/\",\"logo\":{\"@type\":\"ImageObject\",\"inLanguage\":\"lv-LV\",\"@id\":\"https:\/\/hobstop.ee\/lv\/#\/schema\/logo\/image\/\",\"url\":\"https:\/\/hobstop.ee\/media\/vunder-logo.png\",\"contentUrl\":\"https:\/\/hobstop.ee\/media\/vunder-logo.png\",\"width\":127,\"height\":55,\"caption\":\"Vunder AS\"},\"image\":{\"@id\":\"https:\/\/hobstop.ee\/lv\/#\/schema\/logo\/image\/\"},\"sameAs\":[\"http:\/\/www.facebook.com\/VunderSkizze\"]}]}<\/script>\n<!-- \/ Yoast SEO plugin. -->","yoast_head_json":{"title":"Rota\u013cu auto Automoblox Original X9 SUV &#8211; Skizze","robots":{"index":"noindex","follow":"follow","max-snippet":"max-snippet:-1","max-image-preview":"max-image-preview:large","max-video-preview":"max-video-preview:-1"},"og_locale":"lv_LV","og_type":"article","og_title":"Rota\u013cu auto Automoblox Original X9 SUV &#8211; Skizze","og_description":"Lieliska stila un praktisk\u0101 pielietojuma kombin\u0101cija &#8211; Automoblox X9 rakstur\u012bgs bezce\u013cu \u0161iks un izteiksm\u012bgs disku dizains. Mas\u012bvs aizsargre\u017e\u0123is auto priek\u0161pus\u0113 un aizmugur\u0113 nodro\u0161ina korpusa aizsardz\u012bbu. Jumta bag\u0101\u017enieka sliedes, papildriepa un k\u0101p\u0161\u013ci padara X9 par ide\u0101lu transportl\u012bdzekli ce\u013co\u0161anai gan kalnu apvid\u016b, gan ar\u012b pa gleznainiem iedomu laukiem. Apdare: Acura joniz\u0113t\u0101 met\u0101lisk\u0101 bronzas kr\u0101sa. Sast\u0101vda\u013cas: virsb\u016bve (3 deta\u013cas), savieno\u0161anas elementi (2 gab.), diski (5 gab.), riepas (5 gab.), jumts, Automoblox cilv\u0113ci\u0146\u0161 Izm\u0113ri: 18.2&#215;11.4x9cm Automoblox Original ir \u012bsteni n\u0101kotnes retro stila automobi\u013ci, ar kuriem ir \u0113rti un interesanti sp\u0113l\u0113ties. Original mode\u013ciem ir unik\u0101la da\u013cu savieno\u0161anas sist\u0113ma, kas \u013cauj sav\u0101 starp\u0101 savienot da\u017e\u0101das Original auto da\u013cas, t\u0101d\u0113j\u0101di izveidojot piln\u012bgi jaunu modeli. Automa\u0161\u012bnu virsb\u016bves ir izgatavots no koka. Mini un Originals virsb\u016bvju da\u013cas sav\u0101 starp\u0101 nav savienojamas. Piem\u0113rots b\u0113rniem vecum\u0101: 3+, satur s\u012bkas deta\u013cas.","og_url":"https:\/\/hobstop.ee\/lv\/produkts\/rotalu-auto-automoblox-original-x9-suv\/","og_site_name":"Skizze","article_publisher":"http:\/\/www.facebook.com\/VunderSkizze","og_image":[{"width":1024,"height":768,"url":"https:\/\/hobstop.ee\/media\/4412.jpg","type":"image\/jpeg"}],"twitter_card":"summary_large_image","twitter_misc":{"Est. reading time":"1 min\u016b\u0161u"},"schema":{"@context":"https:\/\/schema.org","@graph":[{"@type":"WebPage","@id":"https:\/\/hobstop.ee\/lv\/produkts\/rotalu-auto-automoblox-original-x9-suv\/","url":"https:\/\/hobstop.ee\/lv\/produkts\/rotalu-auto-automoblox-original-x9-suv\/","name":"Rota\u013cu auto Automoblox Original X9 SUV &#8211; Skizze","isPartOf":{"@id":"https:\/\/hobstop.ee\/lv\/#website"},"primaryImageOfPage":{"@id":"https:\/\/hobstop.ee\/lv\/produkts\/rotalu-auto-automoblox-original-x9-suv\/#primaryimage"},"image":{"@id":"https:\/\/hobstop.ee\/lv\/produkts\/rotalu-auto-automoblox-original-x9-suv\/#primaryimage"},"thumbnailUrl":"https:\/\/hobstop.ee\/media\/4412.jpg","datePublished":"2016-10-25T08:27:38+00:00","dateModified":"2016-10-25T08:27:38+00:00","breadcrumb":{"@id":"https:\/\/hobstop.ee\/lv\/produkts\/rotalu-auto-automoblox-original-x9-suv\/#breadcrumb"},"inLanguage":"lv-LV","potentialAction":[{"@type":"ReadAction","target":["https:\/\/hobstop.ee\/lv\/produkts\/rotalu-auto-automoblox-original-x9-suv\/"]}]},{"@type":"ImageObject","inLanguage":"lv-LV","@id":"https:\/\/hobstop.ee\/lv\/produkts\/rotalu-auto-automoblox-original-x9-suv\/#primaryimage","url":"https:\/\/hobstop.ee\/media\/4412.jpg","contentUrl":"https:\/\/hobstop.ee\/media\/4412.jpg","width":1024,"height":768},{"@type":"BreadcrumbList","@id":"https:\/\/hobstop.ee\/lv\/produkts\/rotalu-auto-automoblox-original-x9-suv\/#breadcrumb","itemListElement":[{"@type":"ListItem","position":1,"name":"Avaleht","item":"https:\/\/hobstop.ee\/lv\/"},{"@type":"ListItem","position":2,"name":"Veikals","item":"https:\/\/hobstop.ee\/lv\/veikals\/"},{"@type":"ListItem","position":3,"name":"Rota\u013cu auto Automoblox Original X9 SUV"}]},{"@type":"WebSite","@id":"https:\/\/hobstop.ee\/lv\/#website","url":"https:\/\/hobstop.ee\/lv\/","name":"Skizze","description":"M\u0101kslas, hobiju un skolas preces","publisher":{"@id":"https:\/\/hobstop.ee\/lv\/#organization"},"potentialAction":[{"@type":"SearchAction","target":{"@type":"EntryPoint","urlTemplate":"https:\/\/hobstop.ee\/lv\/?s={search_term_string}"},"query-input":{"@type":"PropertyValueSpecification","valueRequired":true,"valueName":"search_term_string"}}],"inLanguage":"lv-LV"},{"@type":"Organization","@id":"https:\/\/hobstop.ee\/lv\/#organization","name":"Vunder AS","url":"https:\/\/hobstop.ee\/lv\/","logo":{"@type":"ImageObject","inLanguage":"lv-LV","@id":"https:\/\/hobstop.ee\/lv\/#\/schema\/logo\/image\/","url":"https:\/\/hobstop.ee\/media\/vunder-logo.png","contentUrl":"https:\/\/hobstop.ee\/media\/vunder-logo.png","width":127,"height":55,"caption":"Vunder AS"},"image":{"@id":"https:\/\/hobstop.ee\/lv\/#\/schema\/logo\/image\/"},"sameAs":["http:\/\/www.facebook.com\/VunderSkizze"]}]}},"_links":{"self":[{"href":"https:\/\/hobstop.ee\/lv\/wp-json\/wp\/v2\/product\/275432","targetHints":{"allow":["GET"]}}],"collection":[{"href":"https:\/\/hobstop.ee\/lv\/wp-json\/wp\/v2\/product"}],"about":[{"href":"https:\/\/hobstop.ee\/lv\/wp-json\/wp\/v2\/types\/product"}],"replies":[{"embeddable":true,"href":"https:\/\/hobstop.ee\/lv\/wp-json\/wp\/v2\/comments?post=275432"}],"wp:featuredmedia":[{"embeddable":true,"href":"https:\/\/hobstop.ee\/lv\/wp-json\/wp\/v2\/media\/275536"}],"wp:attachment":[{"href":"https:\/\/hobstop.ee\/lv\/wp-json\/wp\/v2\/media?parent=275432"}],"wp:term":[{"taxonomy":"product_cat","embeddable":true,"href":"https:\/\/hobstop.ee\/lv\/wp-json\/wp\/v2\/product_cat?post=275432"},{"taxonomy":"product_tag","embeddable":true,"href":"https:\/\/hobstop.ee\/lv\/wp-json\/wp\/v2\/product_tag?post=275432"}],"curies":[{"name":"wp","href":"https:\/\/api.w.org\/{rel}","templated":true}]}}