{"id":275440,"date":"2016-10-25T11:27:41","date_gmt":"2016-10-25T08:27:41","guid":{"rendered":"https:\/\/sharks.ee\/vunder_2019\/lv\/product\/rotalu-auto-automoblox-original-s9-police\/"},"modified":"2016-10-25T11:27:41","modified_gmt":"2016-10-25T08:27:41","slug":"rotalu-auto-automoblox-original-s9-police","status":"publish","type":"product","link":"https:\/\/hobstop.ee\/lv\/produkts\/rotalu-auto-automoblox-original-s9-police\/","title":{"rendered":"Rota\u013cu auto Automoblox Original S9 police"},"content":{"rendered":"<p>Automoblox S9 sedanam ar apdari tum\u0161i zil\u0101 kr\u0101s\u0101 ir \u012bstas policijas automa\u0161\u012bnas apr\u012bkojums. \u0160o \u012bpa\u0161o izseko\u0161anas modeli raksturo priek\u0161\u0113jie un aizmugur\u0113jie bloki, kas p\u0101rkl\u0101ti ar augstv\u0113rt\u012bgu sat\u012bna kr\u0101su, mirdzo\u0161as sign\u0101lugunis, \u012bpa\u0161\u0101 dizain\u0101 rad\u012bti diski un m\u0101kslinieciski noform\u0113ta policijas z\u012bme.<br \/>\nSast\u0101vda\u013cas: virsb\u016bve (3 deta\u013cas), savieno\u0161anas elementi (2 gab.), diski (4 gab.), riepas (4 gab.), jumts, Automoblox cilv\u0113ci\u0146\u0161<br \/>\nIzm\u0113ri: 20.4x12x7.8cm<\/p>\n<p>Automoblox Original ir \u012bsteni n\u0101kotnes retro stila automobi\u013ci, ar kuriem ir \u0113rti un interesanti sp\u0113l\u0113ties. Original mode\u013ciem ir unik\u0101la da\u013cu savieno\u0161anas sist\u0113ma, kas \u013cauj sav\u0101 starp\u0101 savienot da\u017e\u0101das Original auto da\u013cas, t\u0101d\u0113j\u0101di izveidojot piln\u012bgi jaunu modeli. Automa\u0161\u012bnu virsb\u016bves ir izgatavots no koka. Mini un Originals virsb\u016bvju da\u013cas sav\u0101 starp\u0101 nav savienojamas.<br \/>\nPiem\u0113rots b\u0113rniem vecum\u0101: 3+, satur s\u012bkas deta\u013cas.<\/p>\n","protected":false},"excerpt":{"rendered":"<p>Automoblox S9 sedanam ar apdari tum\u0161i zil\u0101 kr\u0101s\u0101 ir \u012bstas policijas automa\u0161\u012bnas apr\u012bkojums. \u0160o \u012bpa\u0161o izseko\u0161anas modeli raksturo priek\u0161\u0113jie un aizmugur\u0113jie bloki, kas p\u0101rkl\u0101ti ar augstv\u0113rt\u012bgu sat\u012bna kr\u0101su, mirdzo\u0161as sign\u0101lugunis, \u012bpa\u0161\u0101 dizain\u0101 rad\u012bti diski un m\u0101kslinieciski noform\u0113ta policijas z\u012bme. Sast\u0101vda\u013cas: virsb\u016bve (3 deta\u013cas), savieno\u0161anas elementi (2 gab.), diski (4 gab.), riepas (4 gab.), jumts, Automoblox cilv\u0113ci\u0146\u0161 Izm\u0113ri: 20.4x12x7.8cm Automoblox Original ir \u012bsteni n\u0101kotnes retro stila automobi\u013ci, ar kuriem ir \u0113rti un interesanti sp\u0113l\u0113ties. Original mode\u013ciem ir unik\u0101la da\u013cu savieno\u0161anas sist\u0113ma, kas \u013cauj sav\u0101 starp\u0101 savienot da\u017e\u0101das Original auto da\u013cas, t\u0101d\u0113j\u0101di izveidojot piln\u012bgi jaunu modeli. Automa\u0161\u012bnu virsb\u016bves ir izgatavots no koka. Mini un Originals virsb\u016bvju da\u013cas sav\u0101 starp\u0101 nav savienojamas. Piem\u0113rots b\u0113rniem vecum\u0101: 3+, satur s\u012bkas deta\u013cas.<\/p>\n","protected":false},"featured_media":275544,"comment_status":"closed","ping_status":"closed","template":"","meta":{"_acf_changed":false,"ep_exclude_from_search":false},"product_cat":[20027,19835,20030],"product_tag":[],"class_list":{"0":"post-275440","1":"product","2":"type-product","3":"status-publish","4":"has-post-thumbnail","6":"product_cat-attistosas-rotallietas","7":"product_cat-bernu-brivais-laiks","8":"product_cat-rotalu-auto","10":"first","11":"outofstock","12":"taxable","13":"shipping-taxable","14":"purchasable","15":"product-type-simple"},"acf":[],"yoast_head":"<!-- This site is optimized with the Yoast SEO plugin v24.1 - https:\/\/yoast.com\/wordpress\/plugins\/seo\/ -->\n<title>Rota\u013cu auto Automoblox Original S9 police &#8211; Skizze<\/title>\n<meta name=\"robots\" content=\"noindex, follow, max-snippet:-1, max-image-preview:large, max-video-preview:-1\" \/>\n<meta property=\"og:locale\" content=\"lv_LV\" \/>\n<meta property=\"og:type\" content=\"article\" \/>\n<meta property=\"og:title\" content=\"Rota\u013cu auto Automoblox Original S9 police &#8211; Skizze\" \/>\n<meta property=\"og:description\" content=\"Automoblox S9 sedanam ar apdari tum\u0161i zil\u0101 kr\u0101s\u0101 ir \u012bstas policijas automa\u0161\u012bnas apr\u012bkojums. \u0160o \u012bpa\u0161o izseko\u0161anas modeli raksturo priek\u0161\u0113jie un aizmugur\u0113jie bloki, kas p\u0101rkl\u0101ti ar augstv\u0113rt\u012bgu sat\u012bna kr\u0101su, mirdzo\u0161as sign\u0101lugunis, \u012bpa\u0161\u0101 dizain\u0101 rad\u012bti diski un m\u0101kslinieciski noform\u0113ta policijas z\u012bme. Sast\u0101vda\u013cas: virsb\u016bve (3 deta\u013cas), savieno\u0161anas elementi (2 gab.), diski (4 gab.), riepas (4 gab.), jumts, Automoblox cilv\u0113ci\u0146\u0161 Izm\u0113ri: 20.4x12x7.8cm Automoblox Original ir \u012bsteni n\u0101kotnes retro stila automobi\u013ci, ar kuriem ir \u0113rti un interesanti sp\u0113l\u0113ties. Original mode\u013ciem ir unik\u0101la da\u013cu savieno\u0161anas sist\u0113ma, kas \u013cauj sav\u0101 starp\u0101 savienot da\u017e\u0101das Original auto da\u013cas, t\u0101d\u0113j\u0101di izveidojot piln\u012bgi jaunu modeli. Automa\u0161\u012bnu virsb\u016bves ir izgatavots no koka. Mini un Originals virsb\u016bvju da\u013cas sav\u0101 starp\u0101 nav savienojamas. Piem\u0113rots b\u0113rniem vecum\u0101: 3+, satur s\u012bkas deta\u013cas.\" \/>\n<meta property=\"og:url\" content=\"https:\/\/hobstop.ee\/lv\/produkts\/rotalu-auto-automoblox-original-s9-police\/\" \/>\n<meta property=\"og:site_name\" content=\"Skizze\" \/>\n<meta property=\"article:publisher\" content=\"http:\/\/www.facebook.com\/VunderSkizze\" \/>\n<meta property=\"og:image\" content=\"https:\/\/www.hobstop.ee\/media\/4414.jpg\" \/>\n\t<meta property=\"og:image:width\" content=\"1024\" \/>\n\t<meta property=\"og:image:height\" content=\"768\" \/>\n\t<meta property=\"og:image:type\" content=\"image\/jpeg\" \/>\n<meta name=\"twitter:card\" content=\"summary_large_image\" \/>\n<meta name=\"twitter:label1\" content=\"Est. reading time\" \/>\n\t<meta name=\"twitter:data1\" content=\"1 min\u016b\u0161u\" \/>\n<script type=\"application\/ld+json\" class=\"yoast-schema-graph\">{\"@context\":\"https:\/\/schema.org\",\"@graph\":[{\"@type\":\"WebPage\",\"@id\":\"https:\/\/hobstop.ee\/lv\/produkts\/rotalu-auto-automoblox-original-s9-police\/\",\"url\":\"https:\/\/hobstop.ee\/lv\/produkts\/rotalu-auto-automoblox-original-s9-police\/\",\"name\":\"Rota\u013cu auto Automoblox Original S9 police &#8211; Skizze\",\"isPartOf\":{\"@id\":\"https:\/\/hobstop.ee\/lv\/#website\"},\"primaryImageOfPage\":{\"@id\":\"https:\/\/hobstop.ee\/lv\/produkts\/rotalu-auto-automoblox-original-s9-police\/#primaryimage\"},\"image\":{\"@id\":\"https:\/\/hobstop.ee\/lv\/produkts\/rotalu-auto-automoblox-original-s9-police\/#primaryimage\"},\"thumbnailUrl\":\"https:\/\/hobstop.ee\/media\/4414.jpg\",\"datePublished\":\"2016-10-25T08:27:41+00:00\",\"dateModified\":\"2016-10-25T08:27:41+00:00\",\"breadcrumb\":{\"@id\":\"https:\/\/hobstop.ee\/lv\/produkts\/rotalu-auto-automoblox-original-s9-police\/#breadcrumb\"},\"inLanguage\":\"lv-LV\",\"potentialAction\":[{\"@type\":\"ReadAction\",\"target\":[\"https:\/\/hobstop.ee\/lv\/produkts\/rotalu-auto-automoblox-original-s9-police\/\"]}]},{\"@type\":\"ImageObject\",\"inLanguage\":\"lv-LV\",\"@id\":\"https:\/\/hobstop.ee\/lv\/produkts\/rotalu-auto-automoblox-original-s9-police\/#primaryimage\",\"url\":\"https:\/\/hobstop.ee\/media\/4414.jpg\",\"contentUrl\":\"https:\/\/hobstop.ee\/media\/4414.jpg\",\"width\":1024,\"height\":768},{\"@type\":\"BreadcrumbList\",\"@id\":\"https:\/\/hobstop.ee\/lv\/produkts\/rotalu-auto-automoblox-original-s9-police\/#breadcrumb\",\"itemListElement\":[{\"@type\":\"ListItem\",\"position\":1,\"name\":\"Avaleht\",\"item\":\"https:\/\/www.hobstop.ee\/lv\/\"},{\"@type\":\"ListItem\",\"position\":2,\"name\":\"Veikals\",\"item\":\"https:\/\/www.hobstop.ee\/lv\/veikals\/\"},{\"@type\":\"ListItem\",\"position\":3,\"name\":\"Rota\u013cu auto Automoblox Original S9 police\"}]},{\"@type\":\"WebSite\",\"@id\":\"https:\/\/hobstop.ee\/lv\/#website\",\"url\":\"https:\/\/hobstop.ee\/lv\/\",\"name\":\"Skizze\",\"description\":\"M\u0101kslas, hobiju un skolas preces\",\"publisher\":{\"@id\":\"https:\/\/hobstop.ee\/lv\/#organization\"},\"potentialAction\":[{\"@type\":\"SearchAction\",\"target\":{\"@type\":\"EntryPoint\",\"urlTemplate\":\"https:\/\/hobstop.ee\/lv\/?s={search_term_string}\"},\"query-input\":{\"@type\":\"PropertyValueSpecification\",\"valueRequired\":true,\"valueName\":\"search_term_string\"}}],\"inLanguage\":\"lv-LV\"},{\"@type\":\"Organization\",\"@id\":\"https:\/\/hobstop.ee\/lv\/#organization\",\"name\":\"Vunder AS\",\"url\":\"https:\/\/hobstop.ee\/lv\/\",\"logo\":{\"@type\":\"ImageObject\",\"inLanguage\":\"lv-LV\",\"@id\":\"https:\/\/hobstop.ee\/lv\/#\/schema\/logo\/image\/\",\"url\":\"https:\/\/hobstop.ee\/media\/vunder-logo.png\",\"contentUrl\":\"https:\/\/hobstop.ee\/media\/vunder-logo.png\",\"width\":127,\"height\":55,\"caption\":\"Vunder AS\"},\"image\":{\"@id\":\"https:\/\/hobstop.ee\/lv\/#\/schema\/logo\/image\/\"},\"sameAs\":[\"http:\/\/www.facebook.com\/VunderSkizze\"]}]}<\/script>\n<!-- \/ Yoast SEO plugin. -->","yoast_head_json":{"title":"Rota\u013cu auto Automoblox Original S9 police &#8211; Skizze","robots":{"index":"noindex","follow":"follow","max-snippet":"max-snippet:-1","max-image-preview":"max-image-preview:large","max-video-preview":"max-video-preview:-1"},"og_locale":"lv_LV","og_type":"article","og_title":"Rota\u013cu auto Automoblox Original S9 police &#8211; Skizze","og_description":"Automoblox S9 sedanam ar apdari tum\u0161i zil\u0101 kr\u0101s\u0101 ir \u012bstas policijas automa\u0161\u012bnas apr\u012bkojums. \u0160o \u012bpa\u0161o izseko\u0161anas modeli raksturo priek\u0161\u0113jie un aizmugur\u0113jie bloki, kas p\u0101rkl\u0101ti ar augstv\u0113rt\u012bgu sat\u012bna kr\u0101su, mirdzo\u0161as sign\u0101lugunis, \u012bpa\u0161\u0101 dizain\u0101 rad\u012bti diski un m\u0101kslinieciski noform\u0113ta policijas z\u012bme. Sast\u0101vda\u013cas: virsb\u016bve (3 deta\u013cas), savieno\u0161anas elementi (2 gab.), diski (4 gab.), riepas (4 gab.), jumts, Automoblox cilv\u0113ci\u0146\u0161 Izm\u0113ri: 20.4x12x7.8cm Automoblox Original ir \u012bsteni n\u0101kotnes retro stila automobi\u013ci, ar kuriem ir \u0113rti un interesanti sp\u0113l\u0113ties. Original mode\u013ciem ir unik\u0101la da\u013cu savieno\u0161anas sist\u0113ma, kas \u013cauj sav\u0101 starp\u0101 savienot da\u017e\u0101das Original auto da\u013cas, t\u0101d\u0113j\u0101di izveidojot piln\u012bgi jaunu modeli. Automa\u0161\u012bnu virsb\u016bves ir izgatavots no koka. Mini un Originals virsb\u016bvju da\u013cas sav\u0101 starp\u0101 nav savienojamas. Piem\u0113rots b\u0113rniem vecum\u0101: 3+, satur s\u012bkas deta\u013cas.","og_url":"https:\/\/hobstop.ee\/lv\/produkts\/rotalu-auto-automoblox-original-s9-police\/","og_site_name":"Skizze","article_publisher":"http:\/\/www.facebook.com\/VunderSkizze","og_image":[{"width":1024,"height":768,"url":"https:\/\/www.hobstop.ee\/media\/4414.jpg","type":"image\/jpeg"}],"twitter_card":"summary_large_image","twitter_misc":{"Est. reading time":"1 min\u016b\u0161u"},"schema":{"@context":"https:\/\/schema.org","@graph":[{"@type":"WebPage","@id":"https:\/\/hobstop.ee\/lv\/produkts\/rotalu-auto-automoblox-original-s9-police\/","url":"https:\/\/hobstop.ee\/lv\/produkts\/rotalu-auto-automoblox-original-s9-police\/","name":"Rota\u013cu auto Automoblox Original S9 police &#8211; Skizze","isPartOf":{"@id":"https:\/\/hobstop.ee\/lv\/#website"},"primaryImageOfPage":{"@id":"https:\/\/hobstop.ee\/lv\/produkts\/rotalu-auto-automoblox-original-s9-police\/#primaryimage"},"image":{"@id":"https:\/\/hobstop.ee\/lv\/produkts\/rotalu-auto-automoblox-original-s9-police\/#primaryimage"},"thumbnailUrl":"https:\/\/hobstop.ee\/media\/4414.jpg","datePublished":"2016-10-25T08:27:41+00:00","dateModified":"2016-10-25T08:27:41+00:00","breadcrumb":{"@id":"https:\/\/hobstop.ee\/lv\/produkts\/rotalu-auto-automoblox-original-s9-police\/#breadcrumb"},"inLanguage":"lv-LV","potentialAction":[{"@type":"ReadAction","target":["https:\/\/hobstop.ee\/lv\/produkts\/rotalu-auto-automoblox-original-s9-police\/"]}]},{"@type":"ImageObject","inLanguage":"lv-LV","@id":"https:\/\/hobstop.ee\/lv\/produkts\/rotalu-auto-automoblox-original-s9-police\/#primaryimage","url":"https:\/\/hobstop.ee\/media\/4414.jpg","contentUrl":"https:\/\/hobstop.ee\/media\/4414.jpg","width":1024,"height":768},{"@type":"BreadcrumbList","@id":"https:\/\/hobstop.ee\/lv\/produkts\/rotalu-auto-automoblox-original-s9-police\/#breadcrumb","itemListElement":[{"@type":"ListItem","position":1,"name":"Avaleht","item":"https:\/\/www.hobstop.ee\/lv\/"},{"@type":"ListItem","position":2,"name":"Veikals","item":"https:\/\/www.hobstop.ee\/lv\/veikals\/"},{"@type":"ListItem","position":3,"name":"Rota\u013cu auto Automoblox Original S9 police"}]},{"@type":"WebSite","@id":"https:\/\/hobstop.ee\/lv\/#website","url":"https:\/\/hobstop.ee\/lv\/","name":"Skizze","description":"M\u0101kslas, hobiju un skolas preces","publisher":{"@id":"https:\/\/hobstop.ee\/lv\/#organization"},"potentialAction":[{"@type":"SearchAction","target":{"@type":"EntryPoint","urlTemplate":"https:\/\/hobstop.ee\/lv\/?s={search_term_string}"},"query-input":{"@type":"PropertyValueSpecification","valueRequired":true,"valueName":"search_term_string"}}],"inLanguage":"lv-LV"},{"@type":"Organization","@id":"https:\/\/hobstop.ee\/lv\/#organization","name":"Vunder AS","url":"https:\/\/hobstop.ee\/lv\/","logo":{"@type":"ImageObject","inLanguage":"lv-LV","@id":"https:\/\/hobstop.ee\/lv\/#\/schema\/logo\/image\/","url":"https:\/\/hobstop.ee\/media\/vunder-logo.png","contentUrl":"https:\/\/hobstop.ee\/media\/vunder-logo.png","width":127,"height":55,"caption":"Vunder AS"},"image":{"@id":"https:\/\/hobstop.ee\/lv\/#\/schema\/logo\/image\/"},"sameAs":["http:\/\/www.facebook.com\/VunderSkizze"]}]}},"_links":{"self":[{"href":"https:\/\/hobstop.ee\/lv\/wp-json\/wp\/v2\/product\/275440","targetHints":{"allow":["GET"]}}],"collection":[{"href":"https:\/\/hobstop.ee\/lv\/wp-json\/wp\/v2\/product"}],"about":[{"href":"https:\/\/hobstop.ee\/lv\/wp-json\/wp\/v2\/types\/product"}],"replies":[{"embeddable":true,"href":"https:\/\/hobstop.ee\/lv\/wp-json\/wp\/v2\/comments?post=275440"}],"wp:featuredmedia":[{"embeddable":true,"href":"https:\/\/hobstop.ee\/lv\/wp-json\/wp\/v2\/media\/275544"}],"wp:attachment":[{"href":"https:\/\/hobstop.ee\/lv\/wp-json\/wp\/v2\/media?parent=275440"}],"wp:term":[{"taxonomy":"product_cat","embeddable":true,"href":"https:\/\/hobstop.ee\/lv\/wp-json\/wp\/v2\/product_cat?post=275440"},{"taxonomy":"product_tag","embeddable":true,"href":"https:\/\/hobstop.ee\/lv\/wp-json\/wp\/v2\/product_tag?post=275440"}],"curies":[{"name":"wp","href":"https:\/\/api.w.org\/{rel}","templated":true}]}}