{"id":275893,"date":"2016-11-01T11:01:49","date_gmt":"2016-11-01T09:01:49","guid":{"rendered":"https:\/\/sharks.ee\/vunder_2019\/lv\/product\/grafita-pulveris-sennelier\/"},"modified":"2016-11-01T11:01:49","modified_gmt":"2016-11-01T09:01:49","slug":"grafita-pulveris-sennelier","status":"publish","type":"product","link":"https:\/\/hobstop.ee\/lv\/produkts\/grafita-pulveris-sennelier\/","title":{"rendered":"Graf\u012bta p\u016blveris Sennelier"},"content":{"rendered":"<p>Dab\u012bgs, t\u012brs, pulverveida graf\u012bts \u2013 krist\u0101lisk\u0101 oglek\u013ca forma. \u0160\u012b miner\u0101lviela ir pieejama smalku granulu veid\u0101. Kr\u0101su vari\u0101cija \u2013  no izteikti meln\u0101s l\u012bdz pel\u0113kai. Izmanto galvenok\u0101rt graf\u012bta z\u012bmu\u013cu ra\u017eo\u0161an\u0101. T\u0101pat tiek pla\u0161i izmantots r\u016bpniecisko kr\u0101su, piem\u0113ram, antikorozijas un karstumiztur\u012bgu kr\u0101su ra\u017eo\u0161an\u0101. Tam piem\u012bt labas elektr\u012bbas vad\u012b\u0161anas \u012bpa\u0161\u012bbas. \u0145emot v\u0113r\u0101 t\u0101 zemo bl\u012bvumu, graf\u012bts ir lielisks naftas absorbents. Pulverveida graf\u012bts var izmantot, lai ieg\u016btu tinti uz \u016bdens b\u0101zes.<\/p>\n","protected":false},"excerpt":{"rendered":"<p>Dab\u012bgs, t\u012brs, pulverveida graf\u012bts \u2013 krist\u0101lisk\u0101 oglek\u013ca forma. \u0160\u012b miner\u0101lviela ir pieejama smalku granulu veid\u0101. Kr\u0101su vari\u0101cija \u2013 no izteikti meln\u0101s l\u012bdz pel\u0113kai. Izmanto galvenok\u0101rt graf\u012bta z\u012bmu\u013cu ra\u017eo\u0161an\u0101. T\u0101pat tiek pla\u0161i izmantots r\u016bpniecisko kr\u0101su, piem\u0113ram, antikorozijas un karstumiztur\u012bgu kr\u0101su ra\u017eo\u0161an\u0101. Tam piem\u012bt labas elektr\u012bbas vad\u012b\u0161anas \u012bpa\u0161\u012bbas. \u0145emot v\u0113r\u0101 t\u0101 zemo bl\u012bvumu, graf\u012bts ir lielisks naftas absorbents. Pulverveida graf\u012bts var izmantot, lai ieg\u016btu tinti uz \u016bdens b\u0101zes.<\/p>\n","protected":false},"featured_media":275949,"comment_status":"closed","ping_status":"closed","template":"","meta":{"_acf_changed":false,"ep_exclude_from_search":false},"product_cat":[18754,16123,18931],"product_tag":[],"class_list":{"0":"post-275893","1":"product","2":"type-product","3":"status-publish","4":"has-post-thumbnail","6":"product_cat-dazadi-26","7":"product_cat-makslas-piederumi-2","8":"product_cat-zimesanas-piederumi-3","10":"first","11":"outofstock","12":"taxable","13":"shipping-taxable","14":"purchasable","15":"product-type-simple"},"acf":[],"yoast_head":"<!-- This site is optimized with the Yoast SEO plugin v24.1 - https:\/\/yoast.com\/wordpress\/plugins\/seo\/ -->\n<title>Graf\u012bta p\u016blveris Sennelier &#8211; Skizze<\/title>\n<meta name=\"robots\" content=\"noindex, follow, max-snippet:-1, max-image-preview:large, max-video-preview:-1\" \/>\n<meta property=\"og:locale\" content=\"lv_LV\" \/>\n<meta property=\"og:type\" content=\"article\" \/>\n<meta property=\"og:title\" content=\"Graf\u012bta p\u016blveris Sennelier &#8211; Skizze\" \/>\n<meta property=\"og:description\" content=\"Dab\u012bgs, t\u012brs, pulverveida graf\u012bts \u2013 krist\u0101lisk\u0101 oglek\u013ca forma. \u0160\u012b miner\u0101lviela ir pieejama smalku granulu veid\u0101. Kr\u0101su vari\u0101cija \u2013 no izteikti meln\u0101s l\u012bdz pel\u0113kai. Izmanto galvenok\u0101rt graf\u012bta z\u012bmu\u013cu ra\u017eo\u0161an\u0101. T\u0101pat tiek pla\u0161i izmantots r\u016bpniecisko kr\u0101su, piem\u0113ram, antikorozijas un karstumiztur\u012bgu kr\u0101su ra\u017eo\u0161an\u0101. Tam piem\u012bt labas elektr\u012bbas vad\u012b\u0161anas \u012bpa\u0161\u012bbas. \u0145emot v\u0113r\u0101 t\u0101 zemo bl\u012bvumu, graf\u012bts ir lielisks naftas absorbents. Pulverveida graf\u012bts var izmantot, lai ieg\u016btu tinti uz \u016bdens b\u0101zes.\" \/>\n<meta property=\"og:url\" content=\"https:\/\/hobstop.ee\/lv\/produkts\/grafita-pulveris-sennelier\/\" \/>\n<meta property=\"og:site_name\" content=\"Skizze\" \/>\n<meta property=\"article:publisher\" content=\"http:\/\/www.facebook.com\/VunderSkizze\" \/>\n<meta property=\"og:image\" content=\"https:\/\/www.hobstop.ee\/media\/4420.jpg\" \/>\n\t<meta property=\"og:image:width\" content=\"1024\" \/>\n\t<meta property=\"og:image:height\" content=\"768\" \/>\n\t<meta property=\"og:image:type\" content=\"image\/jpeg\" \/>\n<meta name=\"twitter:card\" content=\"summary_large_image\" \/>\n<script type=\"application\/ld+json\" class=\"yoast-schema-graph\">{\"@context\":\"https:\/\/schema.org\",\"@graph\":[{\"@type\":\"WebPage\",\"@id\":\"https:\/\/hobstop.ee\/lv\/produkts\/grafita-pulveris-sennelier\/\",\"url\":\"https:\/\/hobstop.ee\/lv\/produkts\/grafita-pulveris-sennelier\/\",\"name\":\"Graf\u012bta p\u016blveris Sennelier &#8211; Skizze\",\"isPartOf\":{\"@id\":\"https:\/\/hobstop.ee\/lv\/#website\"},\"primaryImageOfPage\":{\"@id\":\"https:\/\/hobstop.ee\/lv\/produkts\/grafita-pulveris-sennelier\/#primaryimage\"},\"image\":{\"@id\":\"https:\/\/hobstop.ee\/lv\/produkts\/grafita-pulveris-sennelier\/#primaryimage\"},\"thumbnailUrl\":\"https:\/\/hobstop.ee\/media\/4420.jpg\",\"datePublished\":\"2016-11-01T09:01:49+00:00\",\"dateModified\":\"2016-11-01T09:01:49+00:00\",\"breadcrumb\":{\"@id\":\"https:\/\/hobstop.ee\/lv\/produkts\/grafita-pulveris-sennelier\/#breadcrumb\"},\"inLanguage\":\"lv-LV\",\"potentialAction\":[{\"@type\":\"ReadAction\",\"target\":[\"https:\/\/hobstop.ee\/lv\/produkts\/grafita-pulveris-sennelier\/\"]}]},{\"@type\":\"ImageObject\",\"inLanguage\":\"lv-LV\",\"@id\":\"https:\/\/hobstop.ee\/lv\/produkts\/grafita-pulveris-sennelier\/#primaryimage\",\"url\":\"https:\/\/hobstop.ee\/media\/4420.jpg\",\"contentUrl\":\"https:\/\/hobstop.ee\/media\/4420.jpg\",\"width\":1024,\"height\":768},{\"@type\":\"BreadcrumbList\",\"@id\":\"https:\/\/hobstop.ee\/lv\/produkts\/grafita-pulveris-sennelier\/#breadcrumb\",\"itemListElement\":[{\"@type\":\"ListItem\",\"position\":1,\"name\":\"Avaleht\",\"item\":\"https:\/\/www.hobstop.ee\/lv\/\"},{\"@type\":\"ListItem\",\"position\":2,\"name\":\"Veikals\",\"item\":\"https:\/\/www.hobstop.ee\/lv\/veikals\/\"},{\"@type\":\"ListItem\",\"position\":3,\"name\":\"Graf\u012bta p\u016blveris Sennelier\"}]},{\"@type\":\"WebSite\",\"@id\":\"https:\/\/hobstop.ee\/lv\/#website\",\"url\":\"https:\/\/hobstop.ee\/lv\/\",\"name\":\"Skizze\",\"description\":\"M\u0101kslas, hobiju un skolas preces\",\"publisher\":{\"@id\":\"https:\/\/hobstop.ee\/lv\/#organization\"},\"potentialAction\":[{\"@type\":\"SearchAction\",\"target\":{\"@type\":\"EntryPoint\",\"urlTemplate\":\"https:\/\/hobstop.ee\/lv\/?s={search_term_string}\"},\"query-input\":{\"@type\":\"PropertyValueSpecification\",\"valueRequired\":true,\"valueName\":\"search_term_string\"}}],\"inLanguage\":\"lv-LV\"},{\"@type\":\"Organization\",\"@id\":\"https:\/\/hobstop.ee\/lv\/#organization\",\"name\":\"Vunder AS\",\"url\":\"https:\/\/hobstop.ee\/lv\/\",\"logo\":{\"@type\":\"ImageObject\",\"inLanguage\":\"lv-LV\",\"@id\":\"https:\/\/hobstop.ee\/lv\/#\/schema\/logo\/image\/\",\"url\":\"https:\/\/hobstop.ee\/media\/vunder-logo.png\",\"contentUrl\":\"https:\/\/hobstop.ee\/media\/vunder-logo.png\",\"width\":127,\"height\":55,\"caption\":\"Vunder AS\"},\"image\":{\"@id\":\"https:\/\/hobstop.ee\/lv\/#\/schema\/logo\/image\/\"},\"sameAs\":[\"http:\/\/www.facebook.com\/VunderSkizze\"]}]}<\/script>\n<!-- \/ Yoast SEO plugin. -->","yoast_head_json":{"title":"Graf\u012bta p\u016blveris Sennelier &#8211; Skizze","robots":{"index":"noindex","follow":"follow","max-snippet":"max-snippet:-1","max-image-preview":"max-image-preview:large","max-video-preview":"max-video-preview:-1"},"og_locale":"lv_LV","og_type":"article","og_title":"Graf\u012bta p\u016blveris Sennelier &#8211; Skizze","og_description":"Dab\u012bgs, t\u012brs, pulverveida graf\u012bts \u2013 krist\u0101lisk\u0101 oglek\u013ca forma. \u0160\u012b miner\u0101lviela ir pieejama smalku granulu veid\u0101. Kr\u0101su vari\u0101cija \u2013 no izteikti meln\u0101s l\u012bdz pel\u0113kai. Izmanto galvenok\u0101rt graf\u012bta z\u012bmu\u013cu ra\u017eo\u0161an\u0101. T\u0101pat tiek pla\u0161i izmantots r\u016bpniecisko kr\u0101su, piem\u0113ram, antikorozijas un karstumiztur\u012bgu kr\u0101su ra\u017eo\u0161an\u0101. Tam piem\u012bt labas elektr\u012bbas vad\u012b\u0161anas \u012bpa\u0161\u012bbas. \u0145emot v\u0113r\u0101 t\u0101 zemo bl\u012bvumu, graf\u012bts ir lielisks naftas absorbents. Pulverveida graf\u012bts var izmantot, lai ieg\u016btu tinti uz \u016bdens b\u0101zes.","og_url":"https:\/\/hobstop.ee\/lv\/produkts\/grafita-pulveris-sennelier\/","og_site_name":"Skizze","article_publisher":"http:\/\/www.facebook.com\/VunderSkizze","og_image":[{"width":1024,"height":768,"url":"https:\/\/www.hobstop.ee\/media\/4420.jpg","type":"image\/jpeg"}],"twitter_card":"summary_large_image","schema":{"@context":"https:\/\/schema.org","@graph":[{"@type":"WebPage","@id":"https:\/\/hobstop.ee\/lv\/produkts\/grafita-pulveris-sennelier\/","url":"https:\/\/hobstop.ee\/lv\/produkts\/grafita-pulveris-sennelier\/","name":"Graf\u012bta p\u016blveris Sennelier &#8211; Skizze","isPartOf":{"@id":"https:\/\/hobstop.ee\/lv\/#website"},"primaryImageOfPage":{"@id":"https:\/\/hobstop.ee\/lv\/produkts\/grafita-pulveris-sennelier\/#primaryimage"},"image":{"@id":"https:\/\/hobstop.ee\/lv\/produkts\/grafita-pulveris-sennelier\/#primaryimage"},"thumbnailUrl":"https:\/\/hobstop.ee\/media\/4420.jpg","datePublished":"2016-11-01T09:01:49+00:00","dateModified":"2016-11-01T09:01:49+00:00","breadcrumb":{"@id":"https:\/\/hobstop.ee\/lv\/produkts\/grafita-pulveris-sennelier\/#breadcrumb"},"inLanguage":"lv-LV","potentialAction":[{"@type":"ReadAction","target":["https:\/\/hobstop.ee\/lv\/produkts\/grafita-pulveris-sennelier\/"]}]},{"@type":"ImageObject","inLanguage":"lv-LV","@id":"https:\/\/hobstop.ee\/lv\/produkts\/grafita-pulveris-sennelier\/#primaryimage","url":"https:\/\/hobstop.ee\/media\/4420.jpg","contentUrl":"https:\/\/hobstop.ee\/media\/4420.jpg","width":1024,"height":768},{"@type":"BreadcrumbList","@id":"https:\/\/hobstop.ee\/lv\/produkts\/grafita-pulveris-sennelier\/#breadcrumb","itemListElement":[{"@type":"ListItem","position":1,"name":"Avaleht","item":"https:\/\/www.hobstop.ee\/lv\/"},{"@type":"ListItem","position":2,"name":"Veikals","item":"https:\/\/www.hobstop.ee\/lv\/veikals\/"},{"@type":"ListItem","position":3,"name":"Graf\u012bta p\u016blveris Sennelier"}]},{"@type":"WebSite","@id":"https:\/\/hobstop.ee\/lv\/#website","url":"https:\/\/hobstop.ee\/lv\/","name":"Skizze","description":"M\u0101kslas, hobiju un skolas preces","publisher":{"@id":"https:\/\/hobstop.ee\/lv\/#organization"},"potentialAction":[{"@type":"SearchAction","target":{"@type":"EntryPoint","urlTemplate":"https:\/\/hobstop.ee\/lv\/?s={search_term_string}"},"query-input":{"@type":"PropertyValueSpecification","valueRequired":true,"valueName":"search_term_string"}}],"inLanguage":"lv-LV"},{"@type":"Organization","@id":"https:\/\/hobstop.ee\/lv\/#organization","name":"Vunder AS","url":"https:\/\/hobstop.ee\/lv\/","logo":{"@type":"ImageObject","inLanguage":"lv-LV","@id":"https:\/\/hobstop.ee\/lv\/#\/schema\/logo\/image\/","url":"https:\/\/hobstop.ee\/media\/vunder-logo.png","contentUrl":"https:\/\/hobstop.ee\/media\/vunder-logo.png","width":127,"height":55,"caption":"Vunder AS"},"image":{"@id":"https:\/\/hobstop.ee\/lv\/#\/schema\/logo\/image\/"},"sameAs":["http:\/\/www.facebook.com\/VunderSkizze"]}]}},"_links":{"self":[{"href":"https:\/\/hobstop.ee\/lv\/wp-json\/wp\/v2\/product\/275893","targetHints":{"allow":["GET"]}}],"collection":[{"href":"https:\/\/hobstop.ee\/lv\/wp-json\/wp\/v2\/product"}],"about":[{"href":"https:\/\/hobstop.ee\/lv\/wp-json\/wp\/v2\/types\/product"}],"replies":[{"embeddable":true,"href":"https:\/\/hobstop.ee\/lv\/wp-json\/wp\/v2\/comments?post=275893"}],"wp:featuredmedia":[{"embeddable":true,"href":"https:\/\/hobstop.ee\/lv\/wp-json\/wp\/v2\/media\/275949"}],"wp:attachment":[{"href":"https:\/\/hobstop.ee\/lv\/wp-json\/wp\/v2\/media?parent=275893"}],"wp:term":[{"taxonomy":"product_cat","embeddable":true,"href":"https:\/\/hobstop.ee\/lv\/wp-json\/wp\/v2\/product_cat?post=275893"},{"taxonomy":"product_tag","embeddable":true,"href":"https:\/\/hobstop.ee\/lv\/wp-json\/wp\/v2\/product_tag?post=275893"}],"curies":[{"name":"wp","href":"https:\/\/api.w.org\/{rel}","templated":true}]}}