{"id":275901,"date":"2016-11-01T11:01:52","date_gmt":"2016-11-01T09:01:52","guid":{"rendered":"https:\/\/sharks.ee\/vunder_2019\/lv\/product\/lampa-daylight-xl-led\/"},"modified":"2016-11-01T11:01:52","modified_gmt":"2016-11-01T09:01:52","slug":"lampa-daylight-xl-led","status":"publish","type":"product","link":"https:\/\/hobstop.ee\/lv\/produkts\/lampa-daylight-xl-led\/","title":{"rendered":"Lampa Daylight XL LED"},"content":{"rendered":"<p>Ide\u0101ls risin\u0101jums, ja Jums ir nepiecie\u0161ams maksim\u0101ls gaismas avots. T\u0101 ir profesion\u0101la lieljaudas darbstacijas lampa, kas izgaismo pla\u0161u lauku uz galda, darba vietas, z\u012bm\u0113\u0161anas d\u0113\u013ca vai liel\u0101m glezn\u0101m. To var viegli regul\u0113t vertik\u0101li, horizont\u0101li un gareniski jebkur\u0101 v\u0113lamaj\u0101 st\u0101vokl\u012b. Ar \u0161o lielisko gaismas avotu j\u016bs var\u0113siet daudz lab\u0101k redz\u0113t s\u012bk\u0101s deta\u013cas, kontrastus un \u012bst\u0101s kr\u0101sas. Zemai gaismas elementa uzkar\u0161ana, pilna spektra dienas gaisma ar 6000 \u00b0 K uzlabo kontrastu, samazina atsp\u012bdumu un ir lab\u0101kais apgaismojums, kas lieliski par\u0101da visu kr\u0101su to\u0146us. Regul\u0113jums gaismas stara stiprums.<\/p>\n","protected":false},"excerpt":{"rendered":"<p>Ide\u0101ls risin\u0101jums, ja Jums ir nepiecie\u0161ams maksim\u0101ls gaismas avots. T\u0101 ir profesion\u0101la lieljaudas darbstacijas lampa, kas izgaismo pla\u0161u lauku uz galda, darba vietas, z\u012bm\u0113\u0161anas d\u0113\u013ca vai liel\u0101m glezn\u0101m. To var viegli regul\u0113t vertik\u0101li, horizont\u0101li un gareniski jebkur\u0101 v\u0113lamaj\u0101 st\u0101vokl\u012b. Ar \u0161o lielisko gaismas avotu j\u016bs var\u0113siet daudz lab\u0101k redz\u0113t s\u012bk\u0101s deta\u013cas, kontrastus un \u012bst\u0101s kr\u0101sas. Zemai gaismas elementa uzkar\u0161ana, pilna spektra dienas gaisma ar 6000 \u00b0 K uzlabo kontrastu, samazina atsp\u012bdumu un ir lab\u0101kais apgaismojums, kas lieliski par\u0101da visu kr\u0101su to\u0146us. Regul\u0113jums gaismas stara stiprums.<\/p>\n","protected":false},"featured_media":0,"comment_status":"closed","ping_status":"closed","template":"","meta":{"_acf_changed":false,"ep_exclude_from_search":false},"product_cat":[18532,18798],"product_tag":[],"class_list":{"0":"post-275901","1":"product","2":"type-product","3":"status-publish","5":"product_cat-galda-lampas-2","6":"product_cat-lampas-3","8":"first","9":"instock","10":"taxable","11":"shipping-taxable","12":"purchasable","13":"product-type-simple"},"acf":[],"yoast_head":"<!-- This site is optimized with the Yoast SEO plugin v24.1 - https:\/\/yoast.com\/wordpress\/plugins\/seo\/ -->\n<title>Lampa Daylight XL LED &#8211; Skizze<\/title>\n<meta name=\"robots\" content=\"noindex, follow, max-snippet:-1, max-image-preview:large, max-video-preview:-1\" \/>\n<meta property=\"og:locale\" content=\"lv_LV\" \/>\n<meta property=\"og:type\" content=\"article\" \/>\n<meta property=\"og:title\" content=\"Lampa Daylight XL LED &#8211; Skizze\" \/>\n<meta property=\"og:description\" content=\"Ide\u0101ls risin\u0101jums, ja Jums ir nepiecie\u0161ams maksim\u0101ls gaismas avots. T\u0101 ir profesion\u0101la lieljaudas darbstacijas lampa, kas izgaismo pla\u0161u lauku uz galda, darba vietas, z\u012bm\u0113\u0161anas d\u0113\u013ca vai liel\u0101m glezn\u0101m. To var viegli regul\u0113t vertik\u0101li, horizont\u0101li un gareniski jebkur\u0101 v\u0113lamaj\u0101 st\u0101vokl\u012b. Ar \u0161o lielisko gaismas avotu j\u016bs var\u0113siet daudz lab\u0101k redz\u0113t s\u012bk\u0101s deta\u013cas, kontrastus un \u012bst\u0101s kr\u0101sas. Zemai gaismas elementa uzkar\u0161ana, pilna spektra dienas gaisma ar 6000 \u00b0 K uzlabo kontrastu, samazina atsp\u012bdumu un ir lab\u0101kais apgaismojums, kas lieliski par\u0101da visu kr\u0101su to\u0146us. Regul\u0113jums gaismas stara stiprums.\" \/>\n<meta property=\"og:url\" content=\"https:\/\/hobstop.ee\/lv\/produkts\/lampa-daylight-xl-led\/\" \/>\n<meta property=\"og:site_name\" content=\"Skizze\" \/>\n<meta property=\"article:publisher\" content=\"http:\/\/www.facebook.com\/VunderSkizze\" \/>\n<meta name=\"twitter:card\" content=\"summary_large_image\" \/>\n<meta name=\"twitter:label1\" content=\"Est. reading time\" \/>\n\t<meta name=\"twitter:data1\" content=\"1 min\u016b\u0161u\" \/>\n<script type=\"application\/ld+json\" class=\"yoast-schema-graph\">{\"@context\":\"https:\/\/schema.org\",\"@graph\":[{\"@type\":\"WebPage\",\"@id\":\"https:\/\/hobstop.ee\/lv\/produkts\/lampa-daylight-xl-led\/\",\"url\":\"https:\/\/hobstop.ee\/lv\/produkts\/lampa-daylight-xl-led\/\",\"name\":\"Lampa Daylight XL LED &#8211; Skizze\",\"isPartOf\":{\"@id\":\"https:\/\/hobstop.ee\/lv\/#website\"},\"datePublished\":\"2016-11-01T09:01:52+00:00\",\"dateModified\":\"2016-11-01T09:01:52+00:00\",\"breadcrumb\":{\"@id\":\"https:\/\/hobstop.ee\/lv\/produkts\/lampa-daylight-xl-led\/#breadcrumb\"},\"inLanguage\":\"lv-LV\",\"potentialAction\":[{\"@type\":\"ReadAction\",\"target\":[\"https:\/\/hobstop.ee\/lv\/produkts\/lampa-daylight-xl-led\/\"]}]},{\"@type\":\"BreadcrumbList\",\"@id\":\"https:\/\/hobstop.ee\/lv\/produkts\/lampa-daylight-xl-led\/#breadcrumb\",\"itemListElement\":[{\"@type\":\"ListItem\",\"position\":1,\"name\":\"Avaleht\",\"item\":\"https:\/\/www.hobstop.ee\/lv\/\"},{\"@type\":\"ListItem\",\"position\":2,\"name\":\"Veikals\",\"item\":\"https:\/\/www.hobstop.ee\/lv\/veikals\/\"},{\"@type\":\"ListItem\",\"position\":3,\"name\":\"Lampa Daylight XL LED\"}]},{\"@type\":\"WebSite\",\"@id\":\"https:\/\/hobstop.ee\/lv\/#website\",\"url\":\"https:\/\/hobstop.ee\/lv\/\",\"name\":\"Skizze\",\"description\":\"M\u0101kslas, hobiju un skolas preces\",\"publisher\":{\"@id\":\"https:\/\/hobstop.ee\/lv\/#organization\"},\"potentialAction\":[{\"@type\":\"SearchAction\",\"target\":{\"@type\":\"EntryPoint\",\"urlTemplate\":\"https:\/\/hobstop.ee\/lv\/?s={search_term_string}\"},\"query-input\":{\"@type\":\"PropertyValueSpecification\",\"valueRequired\":true,\"valueName\":\"search_term_string\"}}],\"inLanguage\":\"lv-LV\"},{\"@type\":\"Organization\",\"@id\":\"https:\/\/hobstop.ee\/lv\/#organization\",\"name\":\"Vunder AS\",\"url\":\"https:\/\/hobstop.ee\/lv\/\",\"logo\":{\"@type\":\"ImageObject\",\"inLanguage\":\"lv-LV\",\"@id\":\"https:\/\/hobstop.ee\/lv\/#\/schema\/logo\/image\/\",\"url\":\"https:\/\/hobstop.ee\/media\/vunder-logo.png\",\"contentUrl\":\"https:\/\/hobstop.ee\/media\/vunder-logo.png\",\"width\":127,\"height\":55,\"caption\":\"Vunder AS\"},\"image\":{\"@id\":\"https:\/\/hobstop.ee\/lv\/#\/schema\/logo\/image\/\"},\"sameAs\":[\"http:\/\/www.facebook.com\/VunderSkizze\"]}]}<\/script>\n<!-- \/ Yoast SEO plugin. -->","yoast_head_json":{"title":"Lampa Daylight XL LED &#8211; Skizze","robots":{"index":"noindex","follow":"follow","max-snippet":"max-snippet:-1","max-image-preview":"max-image-preview:large","max-video-preview":"max-video-preview:-1"},"og_locale":"lv_LV","og_type":"article","og_title":"Lampa Daylight XL LED &#8211; Skizze","og_description":"Ide\u0101ls risin\u0101jums, ja Jums ir nepiecie\u0161ams maksim\u0101ls gaismas avots. T\u0101 ir profesion\u0101la lieljaudas darbstacijas lampa, kas izgaismo pla\u0161u lauku uz galda, darba vietas, z\u012bm\u0113\u0161anas d\u0113\u013ca vai liel\u0101m glezn\u0101m. To var viegli regul\u0113t vertik\u0101li, horizont\u0101li un gareniski jebkur\u0101 v\u0113lamaj\u0101 st\u0101vokl\u012b. Ar \u0161o lielisko gaismas avotu j\u016bs var\u0113siet daudz lab\u0101k redz\u0113t s\u012bk\u0101s deta\u013cas, kontrastus un \u012bst\u0101s kr\u0101sas. Zemai gaismas elementa uzkar\u0161ana, pilna spektra dienas gaisma ar 6000 \u00b0 K uzlabo kontrastu, samazina atsp\u012bdumu un ir lab\u0101kais apgaismojums, kas lieliski par\u0101da visu kr\u0101su to\u0146us. Regul\u0113jums gaismas stara stiprums.","og_url":"https:\/\/hobstop.ee\/lv\/produkts\/lampa-daylight-xl-led\/","og_site_name":"Skizze","article_publisher":"http:\/\/www.facebook.com\/VunderSkizze","twitter_card":"summary_large_image","twitter_misc":{"Est. reading time":"1 min\u016b\u0161u"},"schema":{"@context":"https:\/\/schema.org","@graph":[{"@type":"WebPage","@id":"https:\/\/hobstop.ee\/lv\/produkts\/lampa-daylight-xl-led\/","url":"https:\/\/hobstop.ee\/lv\/produkts\/lampa-daylight-xl-led\/","name":"Lampa Daylight XL LED &#8211; Skizze","isPartOf":{"@id":"https:\/\/hobstop.ee\/lv\/#website"},"datePublished":"2016-11-01T09:01:52+00:00","dateModified":"2016-11-01T09:01:52+00:00","breadcrumb":{"@id":"https:\/\/hobstop.ee\/lv\/produkts\/lampa-daylight-xl-led\/#breadcrumb"},"inLanguage":"lv-LV","potentialAction":[{"@type":"ReadAction","target":["https:\/\/hobstop.ee\/lv\/produkts\/lampa-daylight-xl-led\/"]}]},{"@type":"BreadcrumbList","@id":"https:\/\/hobstop.ee\/lv\/produkts\/lampa-daylight-xl-led\/#breadcrumb","itemListElement":[{"@type":"ListItem","position":1,"name":"Avaleht","item":"https:\/\/www.hobstop.ee\/lv\/"},{"@type":"ListItem","position":2,"name":"Veikals","item":"https:\/\/www.hobstop.ee\/lv\/veikals\/"},{"@type":"ListItem","position":3,"name":"Lampa Daylight XL LED"}]},{"@type":"WebSite","@id":"https:\/\/hobstop.ee\/lv\/#website","url":"https:\/\/hobstop.ee\/lv\/","name":"Skizze","description":"M\u0101kslas, hobiju un skolas preces","publisher":{"@id":"https:\/\/hobstop.ee\/lv\/#organization"},"potentialAction":[{"@type":"SearchAction","target":{"@type":"EntryPoint","urlTemplate":"https:\/\/hobstop.ee\/lv\/?s={search_term_string}"},"query-input":{"@type":"PropertyValueSpecification","valueRequired":true,"valueName":"search_term_string"}}],"inLanguage":"lv-LV"},{"@type":"Organization","@id":"https:\/\/hobstop.ee\/lv\/#organization","name":"Vunder AS","url":"https:\/\/hobstop.ee\/lv\/","logo":{"@type":"ImageObject","inLanguage":"lv-LV","@id":"https:\/\/hobstop.ee\/lv\/#\/schema\/logo\/image\/","url":"https:\/\/hobstop.ee\/media\/vunder-logo.png","contentUrl":"https:\/\/hobstop.ee\/media\/vunder-logo.png","width":127,"height":55,"caption":"Vunder AS"},"image":{"@id":"https:\/\/hobstop.ee\/lv\/#\/schema\/logo\/image\/"},"sameAs":["http:\/\/www.facebook.com\/VunderSkizze"]}]}},"_links":{"self":[{"href":"https:\/\/hobstop.ee\/lv\/wp-json\/wp\/v2\/product\/275901","targetHints":{"allow":["GET"]}}],"collection":[{"href":"https:\/\/hobstop.ee\/lv\/wp-json\/wp\/v2\/product"}],"about":[{"href":"https:\/\/hobstop.ee\/lv\/wp-json\/wp\/v2\/types\/product"}],"replies":[{"embeddable":true,"href":"https:\/\/hobstop.ee\/lv\/wp-json\/wp\/v2\/comments?post=275901"}],"wp:attachment":[{"href":"https:\/\/hobstop.ee\/lv\/wp-json\/wp\/v2\/media?parent=275901"}],"wp:term":[{"taxonomy":"product_cat","embeddable":true,"href":"https:\/\/hobstop.ee\/lv\/wp-json\/wp\/v2\/product_cat?post=275901"},{"taxonomy":"product_tag","embeddable":true,"href":"https:\/\/hobstop.ee\/lv\/wp-json\/wp\/v2\/product_tag?post=275901"}],"curies":[{"name":"wp","href":"https:\/\/api.w.org\/{rel}","templated":true}]}}