{"id":275909,"date":"2016-11-01T11:01:54","date_gmt":"2016-11-01T09:01:54","guid":{"rendered":"https:\/\/sharks.ee\/vunder_2019\/lv\/product\/gridas-lampa-daylight-vogue\/"},"modified":"2016-11-01T11:01:54","modified_gmt":"2016-11-01T09:01:54","slug":"gridas-lampa-daylight-vogue","status":"publish","type":"product","link":"https:\/\/hobstop.ee\/lv\/produkts\/gridas-lampa-daylight-vogue\/","title":{"rendered":"Gr\u012bdas lampa Daylight Vogue"},"content":{"rendered":"<p>Vogue st\u0101vlampa ar skaistu, mat\u0113ta hroma apdari un stil\u012bgu kr\u0113mkr\u0101sas sat\u012bna kupolu. T\u0101 ir ide\u0101la darba vai las\u012b\u0161anas lampa, kas apr\u012bkota ar sp\u0113c\u012bgu spilgtu 20W Daylight spuldzi (tradicion\u0101l\u0101s 170W spuldzes ekvivalents). Elast\u012bgais k\u0101ts gaismas staru virz\u012bt tur, kur tas visvair\u0101k nepiecie\u0161ams.<\/p>\n","protected":false},"excerpt":{"rendered":"<p>Vogue st\u0101vlampa ar skaistu, mat\u0113ta hroma apdari un stil\u012bgu kr\u0113mkr\u0101sas sat\u012bna kupolu. T\u0101 ir ide\u0101la darba vai las\u012b\u0161anas lampa, kas apr\u012bkota ar sp\u0113c\u012bgu spilgtu 20W Daylight spuldzi (tradicion\u0101l\u0101s 170W spuldzes ekvivalents). Elast\u012bgais k\u0101ts gaismas staru virz\u012bt tur, kur tas visvair\u0101k nepiecie\u0161ams.<\/p>\n","protected":false},"featured_media":275965,"comment_status":"closed","ping_status":"closed","template":"","meta":{"_acf_changed":false,"ep_exclude_from_search":false},"product_cat":[18798,19051],"product_tag":[],"class_list":{"0":"post-275909","1":"product","2":"type-product","3":"status-publish","4":"has-post-thumbnail","6":"product_cat-lampas-3","7":"product_cat-stavlampas-2","9":"first","10":"instock","11":"taxable","12":"shipping-taxable","13":"product-type-simple"},"acf":[],"yoast_head":"<!-- This site is optimized with the Yoast SEO plugin v24.1 - https:\/\/yoast.com\/wordpress\/plugins\/seo\/ -->\n<title>Gr\u012bdas lampa Daylight Vogue &#8211; Skizze<\/title>\n<meta name=\"robots\" content=\"noindex, follow, max-snippet:-1, max-image-preview:large, max-video-preview:-1\" \/>\n<meta property=\"og:locale\" content=\"lv_LV\" \/>\n<meta property=\"og:type\" content=\"article\" \/>\n<meta property=\"og:title\" content=\"Gr\u012bdas lampa Daylight Vogue &#8211; Skizze\" \/>\n<meta property=\"og:description\" content=\"Vogue st\u0101vlampa ar skaistu, mat\u0113ta hroma apdari un stil\u012bgu kr\u0113mkr\u0101sas sat\u012bna kupolu. T\u0101 ir ide\u0101la darba vai las\u012b\u0161anas lampa, kas apr\u012bkota ar sp\u0113c\u012bgu spilgtu 20W Daylight spuldzi (tradicion\u0101l\u0101s 170W spuldzes ekvivalents). Elast\u012bgais k\u0101ts gaismas staru virz\u012bt tur, kur tas visvair\u0101k nepiecie\u0161ams.\" \/>\n<meta property=\"og:url\" content=\"https:\/\/hobstop.ee\/lv\/produkts\/gridas-lampa-daylight-vogue\/\" \/>\n<meta property=\"og:site_name\" content=\"Skizze\" \/>\n<meta property=\"article:publisher\" content=\"http:\/\/www.facebook.com\/VunderSkizze\" \/>\n<meta property=\"og:image\" content=\"https:\/\/hobstop.ee\/media\/4424.jpg\" \/>\n\t<meta property=\"og:image:width\" content=\"1024\" \/>\n\t<meta property=\"og:image:height\" content=\"768\" \/>\n\t<meta property=\"og:image:type\" content=\"image\/jpeg\" \/>\n<meta name=\"twitter:card\" content=\"summary_large_image\" \/>\n<script type=\"application\/ld+json\" class=\"yoast-schema-graph\">{\"@context\":\"https:\/\/schema.org\",\"@graph\":[{\"@type\":\"WebPage\",\"@id\":\"https:\/\/hobstop.ee\/lv\/produkts\/gridas-lampa-daylight-vogue\/\",\"url\":\"https:\/\/hobstop.ee\/lv\/produkts\/gridas-lampa-daylight-vogue\/\",\"name\":\"Gr\u012bdas lampa Daylight Vogue &#8211; Skizze\",\"isPartOf\":{\"@id\":\"https:\/\/hobstop.ee\/lv\/#website\"},\"primaryImageOfPage\":{\"@id\":\"https:\/\/hobstop.ee\/lv\/produkts\/gridas-lampa-daylight-vogue\/#primaryimage\"},\"image\":{\"@id\":\"https:\/\/hobstop.ee\/lv\/produkts\/gridas-lampa-daylight-vogue\/#primaryimage\"},\"thumbnailUrl\":\"https:\/\/hobstop.ee\/media\/4424.jpg\",\"datePublished\":\"2016-11-01T09:01:54+00:00\",\"dateModified\":\"2016-11-01T09:01:54+00:00\",\"breadcrumb\":{\"@id\":\"https:\/\/hobstop.ee\/lv\/produkts\/gridas-lampa-daylight-vogue\/#breadcrumb\"},\"inLanguage\":\"lv-LV\",\"potentialAction\":[{\"@type\":\"ReadAction\",\"target\":[\"https:\/\/hobstop.ee\/lv\/produkts\/gridas-lampa-daylight-vogue\/\"]}]},{\"@type\":\"ImageObject\",\"inLanguage\":\"lv-LV\",\"@id\":\"https:\/\/hobstop.ee\/lv\/produkts\/gridas-lampa-daylight-vogue\/#primaryimage\",\"url\":\"https:\/\/hobstop.ee\/media\/4424.jpg\",\"contentUrl\":\"https:\/\/hobstop.ee\/media\/4424.jpg\",\"width\":1024,\"height\":768},{\"@type\":\"BreadcrumbList\",\"@id\":\"https:\/\/hobstop.ee\/lv\/produkts\/gridas-lampa-daylight-vogue\/#breadcrumb\",\"itemListElement\":[{\"@type\":\"ListItem\",\"position\":1,\"name\":\"Avaleht\",\"item\":\"https:\/\/hobstop.ee\/lv\/\"},{\"@type\":\"ListItem\",\"position\":2,\"name\":\"Veikals\",\"item\":\"https:\/\/hobstop.ee\/lv\/veikals\/\"},{\"@type\":\"ListItem\",\"position\":3,\"name\":\"Gr\u012bdas lampa Daylight Vogue\"}]},{\"@type\":\"WebSite\",\"@id\":\"https:\/\/hobstop.ee\/lv\/#website\",\"url\":\"https:\/\/hobstop.ee\/lv\/\",\"name\":\"Skizze\",\"description\":\"M\u0101kslas, hobiju un skolas preces\",\"publisher\":{\"@id\":\"https:\/\/hobstop.ee\/lv\/#organization\"},\"potentialAction\":[{\"@type\":\"SearchAction\",\"target\":{\"@type\":\"EntryPoint\",\"urlTemplate\":\"https:\/\/hobstop.ee\/lv\/?s={search_term_string}\"},\"query-input\":{\"@type\":\"PropertyValueSpecification\",\"valueRequired\":true,\"valueName\":\"search_term_string\"}}],\"inLanguage\":\"lv-LV\"},{\"@type\":\"Organization\",\"@id\":\"https:\/\/hobstop.ee\/lv\/#organization\",\"name\":\"Vunder AS\",\"url\":\"https:\/\/hobstop.ee\/lv\/\",\"logo\":{\"@type\":\"ImageObject\",\"inLanguage\":\"lv-LV\",\"@id\":\"https:\/\/hobstop.ee\/lv\/#\/schema\/logo\/image\/\",\"url\":\"https:\/\/hobstop.ee\/media\/vunder-logo.png\",\"contentUrl\":\"https:\/\/hobstop.ee\/media\/vunder-logo.png\",\"width\":127,\"height\":55,\"caption\":\"Vunder AS\"},\"image\":{\"@id\":\"https:\/\/hobstop.ee\/lv\/#\/schema\/logo\/image\/\"},\"sameAs\":[\"http:\/\/www.facebook.com\/VunderSkizze\"]}]}<\/script>\n<!-- \/ Yoast SEO plugin. -->","yoast_head_json":{"title":"Gr\u012bdas lampa Daylight Vogue &#8211; Skizze","robots":{"index":"noindex","follow":"follow","max-snippet":"max-snippet:-1","max-image-preview":"max-image-preview:large","max-video-preview":"max-video-preview:-1"},"og_locale":"lv_LV","og_type":"article","og_title":"Gr\u012bdas lampa Daylight Vogue &#8211; Skizze","og_description":"Vogue st\u0101vlampa ar skaistu, mat\u0113ta hroma apdari un stil\u012bgu kr\u0113mkr\u0101sas sat\u012bna kupolu. T\u0101 ir ide\u0101la darba vai las\u012b\u0161anas lampa, kas apr\u012bkota ar sp\u0113c\u012bgu spilgtu 20W Daylight spuldzi (tradicion\u0101l\u0101s 170W spuldzes ekvivalents). Elast\u012bgais k\u0101ts gaismas staru virz\u012bt tur, kur tas visvair\u0101k nepiecie\u0161ams.","og_url":"https:\/\/hobstop.ee\/lv\/produkts\/gridas-lampa-daylight-vogue\/","og_site_name":"Skizze","article_publisher":"http:\/\/www.facebook.com\/VunderSkizze","og_image":[{"width":1024,"height":768,"url":"https:\/\/hobstop.ee\/media\/4424.jpg","type":"image\/jpeg"}],"twitter_card":"summary_large_image","schema":{"@context":"https:\/\/schema.org","@graph":[{"@type":"WebPage","@id":"https:\/\/hobstop.ee\/lv\/produkts\/gridas-lampa-daylight-vogue\/","url":"https:\/\/hobstop.ee\/lv\/produkts\/gridas-lampa-daylight-vogue\/","name":"Gr\u012bdas lampa Daylight Vogue &#8211; Skizze","isPartOf":{"@id":"https:\/\/hobstop.ee\/lv\/#website"},"primaryImageOfPage":{"@id":"https:\/\/hobstop.ee\/lv\/produkts\/gridas-lampa-daylight-vogue\/#primaryimage"},"image":{"@id":"https:\/\/hobstop.ee\/lv\/produkts\/gridas-lampa-daylight-vogue\/#primaryimage"},"thumbnailUrl":"https:\/\/hobstop.ee\/media\/4424.jpg","datePublished":"2016-11-01T09:01:54+00:00","dateModified":"2016-11-01T09:01:54+00:00","breadcrumb":{"@id":"https:\/\/hobstop.ee\/lv\/produkts\/gridas-lampa-daylight-vogue\/#breadcrumb"},"inLanguage":"lv-LV","potentialAction":[{"@type":"ReadAction","target":["https:\/\/hobstop.ee\/lv\/produkts\/gridas-lampa-daylight-vogue\/"]}]},{"@type":"ImageObject","inLanguage":"lv-LV","@id":"https:\/\/hobstop.ee\/lv\/produkts\/gridas-lampa-daylight-vogue\/#primaryimage","url":"https:\/\/hobstop.ee\/media\/4424.jpg","contentUrl":"https:\/\/hobstop.ee\/media\/4424.jpg","width":1024,"height":768},{"@type":"BreadcrumbList","@id":"https:\/\/hobstop.ee\/lv\/produkts\/gridas-lampa-daylight-vogue\/#breadcrumb","itemListElement":[{"@type":"ListItem","position":1,"name":"Avaleht","item":"https:\/\/hobstop.ee\/lv\/"},{"@type":"ListItem","position":2,"name":"Veikals","item":"https:\/\/hobstop.ee\/lv\/veikals\/"},{"@type":"ListItem","position":3,"name":"Gr\u012bdas lampa Daylight Vogue"}]},{"@type":"WebSite","@id":"https:\/\/hobstop.ee\/lv\/#website","url":"https:\/\/hobstop.ee\/lv\/","name":"Skizze","description":"M\u0101kslas, hobiju un skolas preces","publisher":{"@id":"https:\/\/hobstop.ee\/lv\/#organization"},"potentialAction":[{"@type":"SearchAction","target":{"@type":"EntryPoint","urlTemplate":"https:\/\/hobstop.ee\/lv\/?s={search_term_string}"},"query-input":{"@type":"PropertyValueSpecification","valueRequired":true,"valueName":"search_term_string"}}],"inLanguage":"lv-LV"},{"@type":"Organization","@id":"https:\/\/hobstop.ee\/lv\/#organization","name":"Vunder AS","url":"https:\/\/hobstop.ee\/lv\/","logo":{"@type":"ImageObject","inLanguage":"lv-LV","@id":"https:\/\/hobstop.ee\/lv\/#\/schema\/logo\/image\/","url":"https:\/\/hobstop.ee\/media\/vunder-logo.png","contentUrl":"https:\/\/hobstop.ee\/media\/vunder-logo.png","width":127,"height":55,"caption":"Vunder AS"},"image":{"@id":"https:\/\/hobstop.ee\/lv\/#\/schema\/logo\/image\/"},"sameAs":["http:\/\/www.facebook.com\/VunderSkizze"]}]}},"_links":{"self":[{"href":"https:\/\/hobstop.ee\/lv\/wp-json\/wp\/v2\/product\/275909","targetHints":{"allow":["GET"]}}],"collection":[{"href":"https:\/\/hobstop.ee\/lv\/wp-json\/wp\/v2\/product"}],"about":[{"href":"https:\/\/hobstop.ee\/lv\/wp-json\/wp\/v2\/types\/product"}],"replies":[{"embeddable":true,"href":"https:\/\/hobstop.ee\/lv\/wp-json\/wp\/v2\/comments?post=275909"}],"wp:featuredmedia":[{"embeddable":true,"href":"https:\/\/hobstop.ee\/lv\/wp-json\/wp\/v2\/media\/275965"}],"wp:attachment":[{"href":"https:\/\/hobstop.ee\/lv\/wp-json\/wp\/v2\/media?parent=275909"}],"wp:term":[{"taxonomy":"product_cat","embeddable":true,"href":"https:\/\/hobstop.ee\/lv\/wp-json\/wp\/v2\/product_cat?post=275909"},{"taxonomy":"product_tag","embeddable":true,"href":"https:\/\/hobstop.ee\/lv\/wp-json\/wp\/v2\/product_tag?post=275909"}],"curies":[{"name":"wp","href":"https:\/\/api.w.org\/{rel}","templated":true}]}}