{"id":275913,"date":"2016-11-01T11:01:56","date_gmt":"2016-11-01T09:01:56","guid":{"rendered":"https:\/\/sharks.ee\/vunder_2019\/lv\/product\/lampa-daylight-smart-d20-led\/"},"modified":"2016-11-01T11:01:56","modified_gmt":"2016-11-01T09:01:56","slug":"lampa-daylight-smart-d20-led","status":"publish","type":"product","link":"https:\/\/hobstop.ee\/lv\/produkts\/lampa-daylight-smart-d20-led\/","title":{"rendered":"Lampa Daylight Smart D20 LED"},"content":{"rendered":"<p>\u0160\u012b lampa var main\u012bt kr\u0101sas temperat\u016bru no maigi balt\u0101s l\u012bdz dienasgaismai, lai t\u0101 atbilstu j\u016bsu v\u0113lm\u0113m visas dienas garum\u0101. Lampai ir 5 gaismas spilgtuma regul\u0113\u0161anas pak\u0101pes. T\u0101 ir viegla un \u0113rti p\u0101rn\u0113s\u0101jama, to var ide\u0101li izmantot gan stund\u0101s, gan ar\u012b ce\u013cojot. Pagrie\u017eamais kupols \u013cauj gaismas staru virz\u012bt tur, kur tas ir nepiecie\u0161ams visvair\u0101k.<\/p>\n","protected":false},"excerpt":{"rendered":"<p>\u0160\u012b lampa var main\u012bt kr\u0101sas temperat\u016bru no maigi balt\u0101s l\u012bdz dienasgaismai, lai t\u0101 atbilstu j\u016bsu v\u0113lm\u0113m visas dienas garum\u0101. Lampai ir 5 gaismas spilgtuma regul\u0113\u0161anas pak\u0101pes. T\u0101 ir viegla un \u0113rti p\u0101rn\u0113s\u0101jama, to var ide\u0101li izmantot gan stund\u0101s, gan ar\u012b ce\u013cojot. Pagrie\u017eamais kupols \u013cauj gaismas staru virz\u012bt tur, kur tas ir nepiecie\u0161ams visvair\u0101k.<\/p>\n","protected":false},"featured_media":0,"comment_status":"closed","ping_status":"closed","template":"","meta":{"_acf_changed":false,"ep_exclude_from_search":false},"product_cat":[18532,18798],"product_tag":[],"class_list":{"0":"post-275913","1":"product","2":"type-product","3":"status-publish","5":"product_cat-galda-lampas-2","6":"product_cat-lampas-3","8":"first","9":"instock","10":"taxable","11":"shipping-taxable","12":"purchasable","13":"product-type-simple"},"acf":[],"yoast_head":"<!-- This site is optimized with the Yoast SEO plugin v24.1 - https:\/\/yoast.com\/wordpress\/plugins\/seo\/ -->\n<title>Lampa Daylight Smart D20 LED &#8211; Skizze<\/title>\n<meta name=\"robots\" content=\"noindex, follow, max-snippet:-1, max-image-preview:large, max-video-preview:-1\" \/>\n<meta property=\"og:locale\" content=\"lv_LV\" \/>\n<meta property=\"og:type\" content=\"article\" \/>\n<meta property=\"og:title\" content=\"Lampa Daylight Smart D20 LED &#8211; Skizze\" \/>\n<meta property=\"og:description\" content=\"\u0160\u012b lampa var main\u012bt kr\u0101sas temperat\u016bru no maigi balt\u0101s l\u012bdz dienasgaismai, lai t\u0101 atbilstu j\u016bsu v\u0113lm\u0113m visas dienas garum\u0101. Lampai ir 5 gaismas spilgtuma regul\u0113\u0161anas pak\u0101pes. T\u0101 ir viegla un \u0113rti p\u0101rn\u0113s\u0101jama, to var ide\u0101li izmantot gan stund\u0101s, gan ar\u012b ce\u013cojot. Pagrie\u017eamais kupols \u013cauj gaismas staru virz\u012bt tur, kur tas ir nepiecie\u0161ams visvair\u0101k.\" \/>\n<meta property=\"og:url\" content=\"https:\/\/hobstop.ee\/lv\/produkts\/lampa-daylight-smart-d20-led\/\" \/>\n<meta property=\"og:site_name\" content=\"Skizze\" \/>\n<meta property=\"article:publisher\" content=\"http:\/\/www.facebook.com\/VunderSkizze\" \/>\n<meta name=\"twitter:card\" content=\"summary_large_image\" \/>\n<script type=\"application\/ld+json\" class=\"yoast-schema-graph\">{\"@context\":\"https:\/\/schema.org\",\"@graph\":[{\"@type\":\"WebPage\",\"@id\":\"https:\/\/hobstop.ee\/lv\/produkts\/lampa-daylight-smart-d20-led\/\",\"url\":\"https:\/\/hobstop.ee\/lv\/produkts\/lampa-daylight-smart-d20-led\/\",\"name\":\"Lampa Daylight Smart D20 LED &#8211; Skizze\",\"isPartOf\":{\"@id\":\"https:\/\/www.hobstop.ee\/lv\/#website\"},\"datePublished\":\"2016-11-01T09:01:56+00:00\",\"dateModified\":\"2016-11-01T09:01:56+00:00\",\"breadcrumb\":{\"@id\":\"https:\/\/hobstop.ee\/lv\/produkts\/lampa-daylight-smart-d20-led\/#breadcrumb\"},\"inLanguage\":\"lv-LV\",\"potentialAction\":[{\"@type\":\"ReadAction\",\"target\":[\"https:\/\/hobstop.ee\/lv\/produkts\/lampa-daylight-smart-d20-led\/\"]}]},{\"@type\":\"BreadcrumbList\",\"@id\":\"https:\/\/hobstop.ee\/lv\/produkts\/lampa-daylight-smart-d20-led\/#breadcrumb\",\"itemListElement\":[{\"@type\":\"ListItem\",\"position\":1,\"name\":\"Avaleht\",\"item\":\"https:\/\/www.hobstop.ee\/lv\/\"},{\"@type\":\"ListItem\",\"position\":2,\"name\":\"Veikals\",\"item\":\"https:\/\/www.hobstop.ee\/lv\/veikals\/\"},{\"@type\":\"ListItem\",\"position\":3,\"name\":\"Lampa Daylight Smart D20 LED\"}]},{\"@type\":\"WebSite\",\"@id\":\"https:\/\/www.hobstop.ee\/lv\/#website\",\"url\":\"https:\/\/www.hobstop.ee\/lv\/\",\"name\":\"Skizze\",\"description\":\"M\u0101kslas, hobiju un skolas preces\",\"publisher\":{\"@id\":\"https:\/\/www.hobstop.ee\/lv\/#organization\"},\"potentialAction\":[{\"@type\":\"SearchAction\",\"target\":{\"@type\":\"EntryPoint\",\"urlTemplate\":\"https:\/\/www.hobstop.ee\/lv\/?s={search_term_string}\"},\"query-input\":{\"@type\":\"PropertyValueSpecification\",\"valueRequired\":true,\"valueName\":\"search_term_string\"}}],\"inLanguage\":\"lv-LV\"},{\"@type\":\"Organization\",\"@id\":\"https:\/\/www.hobstop.ee\/lv\/#organization\",\"name\":\"Vunder AS\",\"url\":\"https:\/\/www.hobstop.ee\/lv\/\",\"logo\":{\"@type\":\"ImageObject\",\"inLanguage\":\"lv-LV\",\"@id\":\"https:\/\/www.hobstop.ee\/lv\/#\/schema\/logo\/image\/\",\"url\":\"https:\/\/hobstop.ee\/media\/vunder-logo.png\",\"contentUrl\":\"https:\/\/hobstop.ee\/media\/vunder-logo.png\",\"width\":127,\"height\":55,\"caption\":\"Vunder AS\"},\"image\":{\"@id\":\"https:\/\/www.hobstop.ee\/lv\/#\/schema\/logo\/image\/\"},\"sameAs\":[\"http:\/\/www.facebook.com\/VunderSkizze\"]}]}<\/script>\n<!-- \/ Yoast SEO plugin. -->","yoast_head_json":{"title":"Lampa Daylight Smart D20 LED &#8211; Skizze","robots":{"index":"noindex","follow":"follow","max-snippet":"max-snippet:-1","max-image-preview":"max-image-preview:large","max-video-preview":"max-video-preview:-1"},"og_locale":"lv_LV","og_type":"article","og_title":"Lampa Daylight Smart D20 LED &#8211; Skizze","og_description":"\u0160\u012b lampa var main\u012bt kr\u0101sas temperat\u016bru no maigi balt\u0101s l\u012bdz dienasgaismai, lai t\u0101 atbilstu j\u016bsu v\u0113lm\u0113m visas dienas garum\u0101. Lampai ir 5 gaismas spilgtuma regul\u0113\u0161anas pak\u0101pes. T\u0101 ir viegla un \u0113rti p\u0101rn\u0113s\u0101jama, to var ide\u0101li izmantot gan stund\u0101s, gan ar\u012b ce\u013cojot. Pagrie\u017eamais kupols \u013cauj gaismas staru virz\u012bt tur, kur tas ir nepiecie\u0161ams visvair\u0101k.","og_url":"https:\/\/hobstop.ee\/lv\/produkts\/lampa-daylight-smart-d20-led\/","og_site_name":"Skizze","article_publisher":"http:\/\/www.facebook.com\/VunderSkizze","twitter_card":"summary_large_image","schema":{"@context":"https:\/\/schema.org","@graph":[{"@type":"WebPage","@id":"https:\/\/hobstop.ee\/lv\/produkts\/lampa-daylight-smart-d20-led\/","url":"https:\/\/hobstop.ee\/lv\/produkts\/lampa-daylight-smart-d20-led\/","name":"Lampa Daylight Smart D20 LED &#8211; Skizze","isPartOf":{"@id":"https:\/\/www.hobstop.ee\/lv\/#website"},"datePublished":"2016-11-01T09:01:56+00:00","dateModified":"2016-11-01T09:01:56+00:00","breadcrumb":{"@id":"https:\/\/hobstop.ee\/lv\/produkts\/lampa-daylight-smart-d20-led\/#breadcrumb"},"inLanguage":"lv-LV","potentialAction":[{"@type":"ReadAction","target":["https:\/\/hobstop.ee\/lv\/produkts\/lampa-daylight-smart-d20-led\/"]}]},{"@type":"BreadcrumbList","@id":"https:\/\/hobstop.ee\/lv\/produkts\/lampa-daylight-smart-d20-led\/#breadcrumb","itemListElement":[{"@type":"ListItem","position":1,"name":"Avaleht","item":"https:\/\/www.hobstop.ee\/lv\/"},{"@type":"ListItem","position":2,"name":"Veikals","item":"https:\/\/www.hobstop.ee\/lv\/veikals\/"},{"@type":"ListItem","position":3,"name":"Lampa Daylight Smart D20 LED"}]},{"@type":"WebSite","@id":"https:\/\/www.hobstop.ee\/lv\/#website","url":"https:\/\/www.hobstop.ee\/lv\/","name":"Skizze","description":"M\u0101kslas, hobiju un skolas preces","publisher":{"@id":"https:\/\/www.hobstop.ee\/lv\/#organization"},"potentialAction":[{"@type":"SearchAction","target":{"@type":"EntryPoint","urlTemplate":"https:\/\/www.hobstop.ee\/lv\/?s={search_term_string}"},"query-input":{"@type":"PropertyValueSpecification","valueRequired":true,"valueName":"search_term_string"}}],"inLanguage":"lv-LV"},{"@type":"Organization","@id":"https:\/\/www.hobstop.ee\/lv\/#organization","name":"Vunder AS","url":"https:\/\/www.hobstop.ee\/lv\/","logo":{"@type":"ImageObject","inLanguage":"lv-LV","@id":"https:\/\/www.hobstop.ee\/lv\/#\/schema\/logo\/image\/","url":"https:\/\/hobstop.ee\/media\/vunder-logo.png","contentUrl":"https:\/\/hobstop.ee\/media\/vunder-logo.png","width":127,"height":55,"caption":"Vunder AS"},"image":{"@id":"https:\/\/www.hobstop.ee\/lv\/#\/schema\/logo\/image\/"},"sameAs":["http:\/\/www.facebook.com\/VunderSkizze"]}]}},"_links":{"self":[{"href":"https:\/\/hobstop.ee\/lv\/wp-json\/wp\/v2\/product\/275913","targetHints":{"allow":["GET"]}}],"collection":[{"href":"https:\/\/hobstop.ee\/lv\/wp-json\/wp\/v2\/product"}],"about":[{"href":"https:\/\/hobstop.ee\/lv\/wp-json\/wp\/v2\/types\/product"}],"replies":[{"embeddable":true,"href":"https:\/\/hobstop.ee\/lv\/wp-json\/wp\/v2\/comments?post=275913"}],"wp:attachment":[{"href":"https:\/\/hobstop.ee\/lv\/wp-json\/wp\/v2\/media?parent=275913"}],"wp:term":[{"taxonomy":"product_cat","embeddable":true,"href":"https:\/\/hobstop.ee\/lv\/wp-json\/wp\/v2\/product_cat?post=275913"},{"taxonomy":"product_tag","embeddable":true,"href":"https:\/\/hobstop.ee\/lv\/wp-json\/wp\/v2\/product_tag?post=275913"}],"curies":[{"name":"wp","href":"https:\/\/api.w.org\/{rel}","templated":true}]}}