{"id":275917,"date":"2016-11-01T11:01:58","date_gmt":"2016-11-01T09:01:58","guid":{"rendered":"https:\/\/sharks.ee\/vunder_2019\/lv\/product\/lampa-sujmasinai-daylight-led\/"},"modified":"2016-11-01T11:01:58","modified_gmt":"2016-11-01T09:01:58","slug":"lampa-sujmasinai-daylight-led","status":"publish","type":"product","link":"https:\/\/hobstop.ee\/lv\/produkts\/lampa-sujmasinai-daylight-led\/","title":{"rendered":"Lampa \u0161ujma\u0161\u012bnai Daylight LED"},"content":{"rendered":"<p>\u0160\u012b neliel\u0101 lampa ir ide\u0101li piem\u0113rota izmanto\u0161anai uz \u0161ujma\u0161\u012bnas, t\u0101 k\u0101 gaismas staru var virz\u012bt tie\u0161i tur, kur tas ir nepiecie\u0161ams visvair\u0101k. To var viegli uzst\u0101d\u012bt ar pa\u0161l\u012bm\u0113jo\u0161o uzl\u012bmju pal\u012bdz\u012bbu un p\u0113c darba no\u0146emt no pamatnes. Dienasgaismas LED diodes nodro\u0161ina augstu kontrastu un prec\u012bzu kr\u0101su saska\u0146o\u0161anu, padarot darba veik\u0161anu \u0113rt\u0101ku un viegl\u0101ku, jo deta\u013cas ir lab\u0101k p\u0101rskat\u0101mas. LED spuldz\u012btes nav nepiecie\u0161ams aizst\u0101t, un t\u0101s pat\u0113r\u0113 \u013coti maz ener\u0123ijas. Str\u0101d\u0101 ar AC adapteris.<\/p>\n","protected":false},"excerpt":{"rendered":"<p>\u0160\u012b neliel\u0101 lampa ir ide\u0101li piem\u0113rota izmanto\u0161anai uz \u0161ujma\u0161\u012bnas, t\u0101 k\u0101 gaismas staru var virz\u012bt tie\u0161i tur, kur tas ir nepiecie\u0161ams visvair\u0101k. To var viegli uzst\u0101d\u012bt ar pa\u0161l\u012bm\u0113jo\u0161o uzl\u012bmju pal\u012bdz\u012bbu un p\u0113c darba no\u0146emt no pamatnes. Dienasgaismas LED diodes nodro\u0161ina augstu kontrastu un prec\u012bzu kr\u0101su saska\u0146o\u0161anu, padarot darba veik\u0161anu \u0113rt\u0101ku un viegl\u0101ku, jo deta\u013cas ir lab\u0101k p\u0101rskat\u0101mas. LED spuldz\u012btes nav nepiecie\u0161ams aizst\u0101t, un t\u0101s pat\u0113r\u0113 \u013coti maz ener\u0123ijas. Str\u0101d\u0101 ar AC adapteris.<\/p>\n","protected":false},"featured_media":275973,"comment_status":"closed","ping_status":"closed","template":"","meta":{"_acf_changed":false,"ep_exclude_from_search":false},"product_cat":[20057,18798],"product_tag":[],"class_list":{"0":"post-275917","1":"product","2":"type-product","3":"status-publish","4":"has-post-thumbnail","6":"product_cat-dazadi-40","7":"product_cat-lampas-3","9":"first","10":"instock","11":"taxable","12":"shipping-taxable","13":"purchasable","14":"product-type-simple"},"acf":[],"yoast_head":"<!-- This site is optimized with the Yoast SEO plugin v24.1 - https:\/\/yoast.com\/wordpress\/plugins\/seo\/ -->\n<title>Lampa \u0161ujma\u0161\u012bnai Daylight LED &#8211; Skizze<\/title>\n<meta name=\"robots\" content=\"noindex, follow, max-snippet:-1, max-image-preview:large, max-video-preview:-1\" \/>\n<meta property=\"og:locale\" content=\"lv_LV\" \/>\n<meta property=\"og:type\" content=\"article\" \/>\n<meta property=\"og:title\" content=\"Lampa \u0161ujma\u0161\u012bnai Daylight LED &#8211; Skizze\" \/>\n<meta property=\"og:description\" content=\"\u0160\u012b neliel\u0101 lampa ir ide\u0101li piem\u0113rota izmanto\u0161anai uz \u0161ujma\u0161\u012bnas, t\u0101 k\u0101 gaismas staru var virz\u012bt tie\u0161i tur, kur tas ir nepiecie\u0161ams visvair\u0101k. To var viegli uzst\u0101d\u012bt ar pa\u0161l\u012bm\u0113jo\u0161o uzl\u012bmju pal\u012bdz\u012bbu un p\u0113c darba no\u0146emt no pamatnes. Dienasgaismas LED diodes nodro\u0161ina augstu kontrastu un prec\u012bzu kr\u0101su saska\u0146o\u0161anu, padarot darba veik\u0161anu \u0113rt\u0101ku un viegl\u0101ku, jo deta\u013cas ir lab\u0101k p\u0101rskat\u0101mas. LED spuldz\u012btes nav nepiecie\u0161ams aizst\u0101t, un t\u0101s pat\u0113r\u0113 \u013coti maz ener\u0123ijas. Str\u0101d\u0101 ar AC adapteris.\" \/>\n<meta property=\"og:url\" content=\"https:\/\/hobstop.ee\/lv\/produkts\/lampa-sujmasinai-daylight-led\/\" \/>\n<meta property=\"og:site_name\" content=\"Skizze\" \/>\n<meta property=\"article:publisher\" content=\"http:\/\/www.facebook.com\/VunderSkizze\" \/>\n<meta property=\"og:image\" content=\"https:\/\/www.hobstop.ee\/media\/4426.jpg\" \/>\n\t<meta property=\"og:image:width\" content=\"1024\" \/>\n\t<meta property=\"og:image:height\" content=\"768\" \/>\n\t<meta property=\"og:image:type\" content=\"image\/jpeg\" \/>\n<meta name=\"twitter:card\" content=\"summary_large_image\" \/>\n<meta name=\"twitter:label1\" content=\"Est. reading time\" \/>\n\t<meta name=\"twitter:data1\" content=\"1 min\u016b\u0161u\" \/>\n<script type=\"application\/ld+json\" class=\"yoast-schema-graph\">{\"@context\":\"https:\/\/schema.org\",\"@graph\":[{\"@type\":\"WebPage\",\"@id\":\"https:\/\/hobstop.ee\/lv\/produkts\/lampa-sujmasinai-daylight-led\/\",\"url\":\"https:\/\/hobstop.ee\/lv\/produkts\/lampa-sujmasinai-daylight-led\/\",\"name\":\"Lampa \u0161ujma\u0161\u012bnai Daylight LED &#8211; Skizze\",\"isPartOf\":{\"@id\":\"https:\/\/hobstop.ee\/lv\/#website\"},\"primaryImageOfPage\":{\"@id\":\"https:\/\/hobstop.ee\/lv\/produkts\/lampa-sujmasinai-daylight-led\/#primaryimage\"},\"image\":{\"@id\":\"https:\/\/hobstop.ee\/lv\/produkts\/lampa-sujmasinai-daylight-led\/#primaryimage\"},\"thumbnailUrl\":\"https:\/\/hobstop.ee\/media\/4426.jpg\",\"datePublished\":\"2016-11-01T09:01:58+00:00\",\"dateModified\":\"2016-11-01T09:01:58+00:00\",\"breadcrumb\":{\"@id\":\"https:\/\/hobstop.ee\/lv\/produkts\/lampa-sujmasinai-daylight-led\/#breadcrumb\"},\"inLanguage\":\"lv-LV\",\"potentialAction\":[{\"@type\":\"ReadAction\",\"target\":[\"https:\/\/hobstop.ee\/lv\/produkts\/lampa-sujmasinai-daylight-led\/\"]}]},{\"@type\":\"ImageObject\",\"inLanguage\":\"lv-LV\",\"@id\":\"https:\/\/hobstop.ee\/lv\/produkts\/lampa-sujmasinai-daylight-led\/#primaryimage\",\"url\":\"https:\/\/hobstop.ee\/media\/4426.jpg\",\"contentUrl\":\"https:\/\/hobstop.ee\/media\/4426.jpg\",\"width\":1024,\"height\":768},{\"@type\":\"BreadcrumbList\",\"@id\":\"https:\/\/hobstop.ee\/lv\/produkts\/lampa-sujmasinai-daylight-led\/#breadcrumb\",\"itemListElement\":[{\"@type\":\"ListItem\",\"position\":1,\"name\":\"Avaleht\",\"item\":\"https:\/\/www.hobstop.ee\/lv\/\"},{\"@type\":\"ListItem\",\"position\":2,\"name\":\"Veikals\",\"item\":\"https:\/\/www.hobstop.ee\/lv\/veikals\/\"},{\"@type\":\"ListItem\",\"position\":3,\"name\":\"Lampa \u0161ujma\u0161\u012bnai Daylight LED\"}]},{\"@type\":\"WebSite\",\"@id\":\"https:\/\/hobstop.ee\/lv\/#website\",\"url\":\"https:\/\/hobstop.ee\/lv\/\",\"name\":\"Skizze\",\"description\":\"M\u0101kslas, hobiju un skolas preces\",\"publisher\":{\"@id\":\"https:\/\/hobstop.ee\/lv\/#organization\"},\"potentialAction\":[{\"@type\":\"SearchAction\",\"target\":{\"@type\":\"EntryPoint\",\"urlTemplate\":\"https:\/\/hobstop.ee\/lv\/?s={search_term_string}\"},\"query-input\":{\"@type\":\"PropertyValueSpecification\",\"valueRequired\":true,\"valueName\":\"search_term_string\"}}],\"inLanguage\":\"lv-LV\"},{\"@type\":\"Organization\",\"@id\":\"https:\/\/hobstop.ee\/lv\/#organization\",\"name\":\"Vunder AS\",\"url\":\"https:\/\/hobstop.ee\/lv\/\",\"logo\":{\"@type\":\"ImageObject\",\"inLanguage\":\"lv-LV\",\"@id\":\"https:\/\/hobstop.ee\/lv\/#\/schema\/logo\/image\/\",\"url\":\"https:\/\/hobstop.ee\/media\/vunder-logo.png\",\"contentUrl\":\"https:\/\/hobstop.ee\/media\/vunder-logo.png\",\"width\":127,\"height\":55,\"caption\":\"Vunder AS\"},\"image\":{\"@id\":\"https:\/\/hobstop.ee\/lv\/#\/schema\/logo\/image\/\"},\"sameAs\":[\"http:\/\/www.facebook.com\/VunderSkizze\"]}]}<\/script>\n<!-- \/ Yoast SEO plugin. -->","yoast_head_json":{"title":"Lampa \u0161ujma\u0161\u012bnai Daylight LED &#8211; Skizze","robots":{"index":"noindex","follow":"follow","max-snippet":"max-snippet:-1","max-image-preview":"max-image-preview:large","max-video-preview":"max-video-preview:-1"},"og_locale":"lv_LV","og_type":"article","og_title":"Lampa \u0161ujma\u0161\u012bnai Daylight LED &#8211; Skizze","og_description":"\u0160\u012b neliel\u0101 lampa ir ide\u0101li piem\u0113rota izmanto\u0161anai uz \u0161ujma\u0161\u012bnas, t\u0101 k\u0101 gaismas staru var virz\u012bt tie\u0161i tur, kur tas ir nepiecie\u0161ams visvair\u0101k. To var viegli uzst\u0101d\u012bt ar pa\u0161l\u012bm\u0113jo\u0161o uzl\u012bmju pal\u012bdz\u012bbu un p\u0113c darba no\u0146emt no pamatnes. Dienasgaismas LED diodes nodro\u0161ina augstu kontrastu un prec\u012bzu kr\u0101su saska\u0146o\u0161anu, padarot darba veik\u0161anu \u0113rt\u0101ku un viegl\u0101ku, jo deta\u013cas ir lab\u0101k p\u0101rskat\u0101mas. LED spuldz\u012btes nav nepiecie\u0161ams aizst\u0101t, un t\u0101s pat\u0113r\u0113 \u013coti maz ener\u0123ijas. Str\u0101d\u0101 ar AC adapteris.","og_url":"https:\/\/hobstop.ee\/lv\/produkts\/lampa-sujmasinai-daylight-led\/","og_site_name":"Skizze","article_publisher":"http:\/\/www.facebook.com\/VunderSkizze","og_image":[{"width":1024,"height":768,"url":"https:\/\/www.hobstop.ee\/media\/4426.jpg","type":"image\/jpeg"}],"twitter_card":"summary_large_image","twitter_misc":{"Est. reading time":"1 min\u016b\u0161u"},"schema":{"@context":"https:\/\/schema.org","@graph":[{"@type":"WebPage","@id":"https:\/\/hobstop.ee\/lv\/produkts\/lampa-sujmasinai-daylight-led\/","url":"https:\/\/hobstop.ee\/lv\/produkts\/lampa-sujmasinai-daylight-led\/","name":"Lampa \u0161ujma\u0161\u012bnai Daylight LED &#8211; Skizze","isPartOf":{"@id":"https:\/\/hobstop.ee\/lv\/#website"},"primaryImageOfPage":{"@id":"https:\/\/hobstop.ee\/lv\/produkts\/lampa-sujmasinai-daylight-led\/#primaryimage"},"image":{"@id":"https:\/\/hobstop.ee\/lv\/produkts\/lampa-sujmasinai-daylight-led\/#primaryimage"},"thumbnailUrl":"https:\/\/hobstop.ee\/media\/4426.jpg","datePublished":"2016-11-01T09:01:58+00:00","dateModified":"2016-11-01T09:01:58+00:00","breadcrumb":{"@id":"https:\/\/hobstop.ee\/lv\/produkts\/lampa-sujmasinai-daylight-led\/#breadcrumb"},"inLanguage":"lv-LV","potentialAction":[{"@type":"ReadAction","target":["https:\/\/hobstop.ee\/lv\/produkts\/lampa-sujmasinai-daylight-led\/"]}]},{"@type":"ImageObject","inLanguage":"lv-LV","@id":"https:\/\/hobstop.ee\/lv\/produkts\/lampa-sujmasinai-daylight-led\/#primaryimage","url":"https:\/\/hobstop.ee\/media\/4426.jpg","contentUrl":"https:\/\/hobstop.ee\/media\/4426.jpg","width":1024,"height":768},{"@type":"BreadcrumbList","@id":"https:\/\/hobstop.ee\/lv\/produkts\/lampa-sujmasinai-daylight-led\/#breadcrumb","itemListElement":[{"@type":"ListItem","position":1,"name":"Avaleht","item":"https:\/\/www.hobstop.ee\/lv\/"},{"@type":"ListItem","position":2,"name":"Veikals","item":"https:\/\/www.hobstop.ee\/lv\/veikals\/"},{"@type":"ListItem","position":3,"name":"Lampa \u0161ujma\u0161\u012bnai Daylight LED"}]},{"@type":"WebSite","@id":"https:\/\/hobstop.ee\/lv\/#website","url":"https:\/\/hobstop.ee\/lv\/","name":"Skizze","description":"M\u0101kslas, hobiju un skolas preces","publisher":{"@id":"https:\/\/hobstop.ee\/lv\/#organization"},"potentialAction":[{"@type":"SearchAction","target":{"@type":"EntryPoint","urlTemplate":"https:\/\/hobstop.ee\/lv\/?s={search_term_string}"},"query-input":{"@type":"PropertyValueSpecification","valueRequired":true,"valueName":"search_term_string"}}],"inLanguage":"lv-LV"},{"@type":"Organization","@id":"https:\/\/hobstop.ee\/lv\/#organization","name":"Vunder AS","url":"https:\/\/hobstop.ee\/lv\/","logo":{"@type":"ImageObject","inLanguage":"lv-LV","@id":"https:\/\/hobstop.ee\/lv\/#\/schema\/logo\/image\/","url":"https:\/\/hobstop.ee\/media\/vunder-logo.png","contentUrl":"https:\/\/hobstop.ee\/media\/vunder-logo.png","width":127,"height":55,"caption":"Vunder AS"},"image":{"@id":"https:\/\/hobstop.ee\/lv\/#\/schema\/logo\/image\/"},"sameAs":["http:\/\/www.facebook.com\/VunderSkizze"]}]}},"_links":{"self":[{"href":"https:\/\/hobstop.ee\/lv\/wp-json\/wp\/v2\/product\/275917","targetHints":{"allow":["GET"]}}],"collection":[{"href":"https:\/\/hobstop.ee\/lv\/wp-json\/wp\/v2\/product"}],"about":[{"href":"https:\/\/hobstop.ee\/lv\/wp-json\/wp\/v2\/types\/product"}],"replies":[{"embeddable":true,"href":"https:\/\/hobstop.ee\/lv\/wp-json\/wp\/v2\/comments?post=275917"}],"wp:featuredmedia":[{"embeddable":true,"href":"https:\/\/hobstop.ee\/lv\/wp-json\/wp\/v2\/media\/275973"}],"wp:attachment":[{"href":"https:\/\/hobstop.ee\/lv\/wp-json\/wp\/v2\/media?parent=275917"}],"wp:term":[{"taxonomy":"product_cat","embeddable":true,"href":"https:\/\/hobstop.ee\/lv\/wp-json\/wp\/v2\/product_cat?post=275917"},{"taxonomy":"product_tag","embeddable":true,"href":"https:\/\/hobstop.ee\/lv\/wp-json\/wp\/v2\/product_tag?post=275917"}],"curies":[{"name":"wp","href":"https:\/\/api.w.org\/{rel}","templated":true}]}}