{"id":277043,"date":"2016-11-24T14:34:19","date_gmt":"2016-11-24T12:34:19","guid":{"rendered":"https:\/\/sharks.ee\/vunder_2019\/lv\/product\/washi-limlentes-griezamais-mt-nano\/"},"modified":"2016-11-24T14:34:19","modified_gmt":"2016-11-24T12:34:19","slug":"washi-limlentes-griezamais-mt-nano","status":"publish","type":"product","link":"https:\/\/hobstop.ee\/lv\/produkts\/washi-limlentes-griezamais-mt-nano\/","title":{"rendered":"Washi l\u012bmlentes grie\u017eamais mt nano"},"content":{"rendered":"<p>Multifunkcion\u0101ls l\u012bmlentes griez\u0113js rada v\u0113l liel\u0101ku mt Wash l\u012bmlentes izmanto\u0161anas prieku! Br\u012bvi virziet mt l\u012bmlentes griez\u0113ju zem l\u012bmlentes un nofiks\u0113jiet to grie\u0161anas viet\u0101. Mt l\u012bmlentes griez\u0113js ir \u013coti \u0113rts, ja v\u0113laties izmantot Washi l\u012bmlenti v\u0101rdu eti\u0137et\u0113m un uzl\u012bm\u0113m, un to var izmantot ar\u012b k\u0101 l\u012bmlentes pamatni.<\/p>\n","protected":false},"excerpt":{"rendered":"<p>Multifunkcion\u0101ls l\u012bmlentes griez\u0113js rada v\u0113l liel\u0101ku mt Wash l\u012bmlentes izmanto\u0161anas prieku! Br\u012bvi virziet mt l\u012bmlentes griez\u0113ju zem l\u012bmlentes un nofiks\u0113jiet to grie\u0161anas viet\u0101. Mt l\u012bmlentes griez\u0113js ir \u013coti \u0113rts, ja v\u0113laties izmantot Washi l\u012bmlenti v\u0101rdu eti\u0137et\u0113m un uzl\u012bm\u0113m, un to var izmantot ar\u012b k\u0101 l\u012bmlentes pamatni.<\/p>\n","protected":false},"featured_media":277107,"comment_status":"closed","ping_status":"closed","template":"","meta":{"_acf_changed":false,"ep_exclude_from_search":false},"product_cat":[17968,17918,18598],"product_tag":[],"class_list":{"0":"post-277043","1":"product","2":"type-product","3":"status-publish","4":"has-post-thumbnail","6":"product_cat-citi-piederumi","7":"product_cat-preces-hobijiem","8":"product_cat-washi-limlentes","10":"first","11":"instock","12":"taxable","13":"shipping-taxable","14":"purchasable","15":"product-type-simple"},"acf":[],"yoast_head":"<!-- This site is optimized with the Yoast SEO plugin v24.1 - https:\/\/yoast.com\/wordpress\/plugins\/seo\/ -->\n<title>Washi l\u012bmlentes grie\u017eamais mt nano &#8211; Skizze<\/title>\n<meta name=\"robots\" content=\"noindex, follow, max-snippet:-1, max-image-preview:large, max-video-preview:-1\" \/>\n<meta property=\"og:locale\" content=\"lv_LV\" \/>\n<meta property=\"og:type\" content=\"article\" \/>\n<meta property=\"og:title\" content=\"Washi l\u012bmlentes grie\u017eamais mt nano &#8211; Skizze\" \/>\n<meta property=\"og:description\" content=\"Multifunkcion\u0101ls l\u012bmlentes griez\u0113js rada v\u0113l liel\u0101ku mt Wash l\u012bmlentes izmanto\u0161anas prieku! Br\u012bvi virziet mt l\u012bmlentes griez\u0113ju zem l\u012bmlentes un nofiks\u0113jiet to grie\u0161anas viet\u0101. Mt l\u012bmlentes griez\u0113js ir \u013coti \u0113rts, ja v\u0113laties izmantot Washi l\u012bmlenti v\u0101rdu eti\u0137et\u0113m un uzl\u012bm\u0113m, un to var izmantot ar\u012b k\u0101 l\u012bmlentes pamatni.\" \/>\n<meta property=\"og:url\" content=\"https:\/\/hobstop.ee\/lv\/produkts\/washi-limlentes-griezamais-mt-nano\/\" \/>\n<meta property=\"og:site_name\" content=\"Skizze\" \/>\n<meta property=\"article:publisher\" content=\"http:\/\/www.facebook.com\/VunderSkizze\" \/>\n<meta property=\"og:image\" content=\"https:\/\/hobstop.ee\/media\/4434.jpg\" \/>\n\t<meta property=\"og:image:width\" content=\"1024\" \/>\n\t<meta property=\"og:image:height\" content=\"768\" \/>\n\t<meta property=\"og:image:type\" content=\"image\/jpeg\" \/>\n<meta name=\"twitter:card\" content=\"summary_large_image\" \/>\n<script type=\"application\/ld+json\" class=\"yoast-schema-graph\">{\"@context\":\"https:\/\/schema.org\",\"@graph\":[{\"@type\":\"WebPage\",\"@id\":\"https:\/\/hobstop.ee\/lv\/produkts\/washi-limlentes-griezamais-mt-nano\/\",\"url\":\"https:\/\/hobstop.ee\/lv\/produkts\/washi-limlentes-griezamais-mt-nano\/\",\"name\":\"Washi l\u012bmlentes grie\u017eamais mt nano &#8211; Skizze\",\"isPartOf\":{\"@id\":\"https:\/\/hobstop.ee\/lv\/#website\"},\"primaryImageOfPage\":{\"@id\":\"https:\/\/hobstop.ee\/lv\/produkts\/washi-limlentes-griezamais-mt-nano\/#primaryimage\"},\"image\":{\"@id\":\"https:\/\/hobstop.ee\/lv\/produkts\/washi-limlentes-griezamais-mt-nano\/#primaryimage\"},\"thumbnailUrl\":\"https:\/\/hobstop.ee\/media\/4434.jpg\",\"datePublished\":\"2016-11-24T12:34:19+00:00\",\"dateModified\":\"2016-11-24T12:34:19+00:00\",\"breadcrumb\":{\"@id\":\"https:\/\/hobstop.ee\/lv\/produkts\/washi-limlentes-griezamais-mt-nano\/#breadcrumb\"},\"inLanguage\":\"lv-LV\",\"potentialAction\":[{\"@type\":\"ReadAction\",\"target\":[\"https:\/\/hobstop.ee\/lv\/produkts\/washi-limlentes-griezamais-mt-nano\/\"]}]},{\"@type\":\"ImageObject\",\"inLanguage\":\"lv-LV\",\"@id\":\"https:\/\/hobstop.ee\/lv\/produkts\/washi-limlentes-griezamais-mt-nano\/#primaryimage\",\"url\":\"https:\/\/hobstop.ee\/media\/4434.jpg\",\"contentUrl\":\"https:\/\/hobstop.ee\/media\/4434.jpg\",\"width\":1024,\"height\":768},{\"@type\":\"BreadcrumbList\",\"@id\":\"https:\/\/hobstop.ee\/lv\/produkts\/washi-limlentes-griezamais-mt-nano\/#breadcrumb\",\"itemListElement\":[{\"@type\":\"ListItem\",\"position\":1,\"name\":\"Avaleht\",\"item\":\"https:\/\/www.hobstop.ee\/lv\/\"},{\"@type\":\"ListItem\",\"position\":2,\"name\":\"Veikals\",\"item\":\"https:\/\/www.hobstop.ee\/lv\/veikals\/\"},{\"@type\":\"ListItem\",\"position\":3,\"name\":\"Washi l\u012bmlentes grie\u017eamais mt nano\"}]},{\"@type\":\"WebSite\",\"@id\":\"https:\/\/hobstop.ee\/lv\/#website\",\"url\":\"https:\/\/hobstop.ee\/lv\/\",\"name\":\"Skizze\",\"description\":\"M\u0101kslas, hobiju un skolas preces\",\"publisher\":{\"@id\":\"https:\/\/hobstop.ee\/lv\/#organization\"},\"potentialAction\":[{\"@type\":\"SearchAction\",\"target\":{\"@type\":\"EntryPoint\",\"urlTemplate\":\"https:\/\/hobstop.ee\/lv\/?s={search_term_string}\"},\"query-input\":{\"@type\":\"PropertyValueSpecification\",\"valueRequired\":true,\"valueName\":\"search_term_string\"}}],\"inLanguage\":\"lv-LV\"},{\"@type\":\"Organization\",\"@id\":\"https:\/\/hobstop.ee\/lv\/#organization\",\"name\":\"Vunder AS\",\"url\":\"https:\/\/hobstop.ee\/lv\/\",\"logo\":{\"@type\":\"ImageObject\",\"inLanguage\":\"lv-LV\",\"@id\":\"https:\/\/hobstop.ee\/lv\/#\/schema\/logo\/image\/\",\"url\":\"https:\/\/hobstop.ee\/media\/vunder-logo.png\",\"contentUrl\":\"https:\/\/hobstop.ee\/media\/vunder-logo.png\",\"width\":127,\"height\":55,\"caption\":\"Vunder AS\"},\"image\":{\"@id\":\"https:\/\/hobstop.ee\/lv\/#\/schema\/logo\/image\/\"},\"sameAs\":[\"http:\/\/www.facebook.com\/VunderSkizze\"]}]}<\/script>\n<!-- \/ Yoast SEO plugin. -->","yoast_head_json":{"title":"Washi l\u012bmlentes grie\u017eamais mt nano &#8211; Skizze","robots":{"index":"noindex","follow":"follow","max-snippet":"max-snippet:-1","max-image-preview":"max-image-preview:large","max-video-preview":"max-video-preview:-1"},"og_locale":"lv_LV","og_type":"article","og_title":"Washi l\u012bmlentes grie\u017eamais mt nano &#8211; Skizze","og_description":"Multifunkcion\u0101ls l\u012bmlentes griez\u0113js rada v\u0113l liel\u0101ku mt Wash l\u012bmlentes izmanto\u0161anas prieku! Br\u012bvi virziet mt l\u012bmlentes griez\u0113ju zem l\u012bmlentes un nofiks\u0113jiet to grie\u0161anas viet\u0101. Mt l\u012bmlentes griez\u0113js ir \u013coti \u0113rts, ja v\u0113laties izmantot Washi l\u012bmlenti v\u0101rdu eti\u0137et\u0113m un uzl\u012bm\u0113m, un to var izmantot ar\u012b k\u0101 l\u012bmlentes pamatni.","og_url":"https:\/\/hobstop.ee\/lv\/produkts\/washi-limlentes-griezamais-mt-nano\/","og_site_name":"Skizze","article_publisher":"http:\/\/www.facebook.com\/VunderSkizze","og_image":[{"width":1024,"height":768,"url":"https:\/\/hobstop.ee\/media\/4434.jpg","type":"image\/jpeg"}],"twitter_card":"summary_large_image","schema":{"@context":"https:\/\/schema.org","@graph":[{"@type":"WebPage","@id":"https:\/\/hobstop.ee\/lv\/produkts\/washi-limlentes-griezamais-mt-nano\/","url":"https:\/\/hobstop.ee\/lv\/produkts\/washi-limlentes-griezamais-mt-nano\/","name":"Washi l\u012bmlentes grie\u017eamais mt nano &#8211; Skizze","isPartOf":{"@id":"https:\/\/hobstop.ee\/lv\/#website"},"primaryImageOfPage":{"@id":"https:\/\/hobstop.ee\/lv\/produkts\/washi-limlentes-griezamais-mt-nano\/#primaryimage"},"image":{"@id":"https:\/\/hobstop.ee\/lv\/produkts\/washi-limlentes-griezamais-mt-nano\/#primaryimage"},"thumbnailUrl":"https:\/\/hobstop.ee\/media\/4434.jpg","datePublished":"2016-11-24T12:34:19+00:00","dateModified":"2016-11-24T12:34:19+00:00","breadcrumb":{"@id":"https:\/\/hobstop.ee\/lv\/produkts\/washi-limlentes-griezamais-mt-nano\/#breadcrumb"},"inLanguage":"lv-LV","potentialAction":[{"@type":"ReadAction","target":["https:\/\/hobstop.ee\/lv\/produkts\/washi-limlentes-griezamais-mt-nano\/"]}]},{"@type":"ImageObject","inLanguage":"lv-LV","@id":"https:\/\/hobstop.ee\/lv\/produkts\/washi-limlentes-griezamais-mt-nano\/#primaryimage","url":"https:\/\/hobstop.ee\/media\/4434.jpg","contentUrl":"https:\/\/hobstop.ee\/media\/4434.jpg","width":1024,"height":768},{"@type":"BreadcrumbList","@id":"https:\/\/hobstop.ee\/lv\/produkts\/washi-limlentes-griezamais-mt-nano\/#breadcrumb","itemListElement":[{"@type":"ListItem","position":1,"name":"Avaleht","item":"https:\/\/www.hobstop.ee\/lv\/"},{"@type":"ListItem","position":2,"name":"Veikals","item":"https:\/\/www.hobstop.ee\/lv\/veikals\/"},{"@type":"ListItem","position":3,"name":"Washi l\u012bmlentes grie\u017eamais mt nano"}]},{"@type":"WebSite","@id":"https:\/\/hobstop.ee\/lv\/#website","url":"https:\/\/hobstop.ee\/lv\/","name":"Skizze","description":"M\u0101kslas, hobiju un skolas preces","publisher":{"@id":"https:\/\/hobstop.ee\/lv\/#organization"},"potentialAction":[{"@type":"SearchAction","target":{"@type":"EntryPoint","urlTemplate":"https:\/\/hobstop.ee\/lv\/?s={search_term_string}"},"query-input":{"@type":"PropertyValueSpecification","valueRequired":true,"valueName":"search_term_string"}}],"inLanguage":"lv-LV"},{"@type":"Organization","@id":"https:\/\/hobstop.ee\/lv\/#organization","name":"Vunder AS","url":"https:\/\/hobstop.ee\/lv\/","logo":{"@type":"ImageObject","inLanguage":"lv-LV","@id":"https:\/\/hobstop.ee\/lv\/#\/schema\/logo\/image\/","url":"https:\/\/hobstop.ee\/media\/vunder-logo.png","contentUrl":"https:\/\/hobstop.ee\/media\/vunder-logo.png","width":127,"height":55,"caption":"Vunder AS"},"image":{"@id":"https:\/\/hobstop.ee\/lv\/#\/schema\/logo\/image\/"},"sameAs":["http:\/\/www.facebook.com\/VunderSkizze"]}]}},"_links":{"self":[{"href":"https:\/\/hobstop.ee\/lv\/wp-json\/wp\/v2\/product\/277043","targetHints":{"allow":["GET"]}}],"collection":[{"href":"https:\/\/hobstop.ee\/lv\/wp-json\/wp\/v2\/product"}],"about":[{"href":"https:\/\/hobstop.ee\/lv\/wp-json\/wp\/v2\/types\/product"}],"replies":[{"embeddable":true,"href":"https:\/\/hobstop.ee\/lv\/wp-json\/wp\/v2\/comments?post=277043"}],"wp:featuredmedia":[{"embeddable":true,"href":"https:\/\/hobstop.ee\/lv\/wp-json\/wp\/v2\/media\/277107"}],"wp:attachment":[{"href":"https:\/\/hobstop.ee\/lv\/wp-json\/wp\/v2\/media?parent=277043"}],"wp:term":[{"taxonomy":"product_cat","embeddable":true,"href":"https:\/\/hobstop.ee\/lv\/wp-json\/wp\/v2\/product_cat?post=277043"},{"taxonomy":"product_tag","embeddable":true,"href":"https:\/\/hobstop.ee\/lv\/wp-json\/wp\/v2\/product_tag?post=277043"}],"curies":[{"name":"wp","href":"https:\/\/api.w.org\/{rel}","templated":true}]}}